{"id":17583,"date":"2021-10-01T14:31:27","date_gmt":"2021-10-01T12:31:27","guid":{"rendered":"https:\/\/fsf.si\/2022\/?page_id=17583"},"modified":"2022-11-18T22:07:23","modified_gmt":"2022-11-18T21:07:23","slug":"festivalska-druzenja","status":"publish","type":"page","link":"https:\/\/fsf.si\/2022\/festivalska-druzenja\/","title":{"rendered":"Festivalska dru\u017eenja"},"content":{"rendered":"<div class=\"edgtf-row-grid-section-wrapper \"  ><div class=\"edgtf-row-grid-section\"><div class=\"vc_row wpb_row vc_row-fluid wpb_animate_when_almost_visible wpb_fadeInRightBig fadeInRightBig vc_custom_1633089431419 vc_row-o-content-middle vc_row-flex\" ><div class=\"wpb_animate_when_almost_visible wpb_rollIn rollIn wpb_column vc_column_container vc_col-sm-12\"><div class=\"vc_column-inner vc_custom_1633016066484\"><div class=\"wpb_wrapper\"><div class=\"vc_row wpb_row vc_inner vc_row-fluid\" ><div class=\"wpb_column vc_column_container vc_col-sm-3\"><div class=\"vc_column-inner\"><div class=\"wpb_wrapper\">\n\t<div class=\"wpb_text_column wpb_content_element \" >\n\t\t<div class=\"wpb_wrapper\">\n\t\t\t<p><span style=\"font-size: 12pt; color: #000000;\"><strong><span style=\"font-family: 'courier new', courier, monospace;\">SREDA 26\/10 ob 22.00<\/span><\/strong><\/span><\/p>\n\n\t\t<\/div>\n\t<\/div>\n<div class=\"edgtf-single-image-holder    edgtf-image-behavior-custom-link edgtf-image-align-left\">\n    <div class=\"edgtf-si-inner\" >\n                                    <img width=\"1900\" height=\"1080\" src=\"https:\/\/fsf.si\/2022\/wp-content\/uploads\/2022\/09\/DJ_Roncel.jpg\" class=\"attachment-full size-full\" alt=\"\" loading=\"lazy\" \/>\t                                            <\/a>\n            <\/div>\n<\/div>\n\t<div class=\"wpb_text_column wpb_content_element \" >\n\t\t<div class=\"wpb_wrapper\">\n\t\t\t<p style=\"text-align: left;\"><strong>Brane Ron\u010del\/DJ<\/strong><\/p>\n<p style=\"text-align: left;\">Brane Ron\u010del je TV in radijski voditelj, umetni\u0161ki vodja festivalov jazza doma in v tujini, producent, DJ, slikar, scenograf, grafi\u010dni oblikovalec in fotograf. Vsebina njegovega nastopa v vlogi DJ-ja bo prepletanje razli\u010dnih glasbenih \u017eanrov z obilico plesnih ritmov: funk, r&#8217;n&#8217;b, soul, reggae, latino, glasba Afrike, Brazilije, Kube &#8230; Sre\u010dali se bomo torej z vsebinami, ki smo jih v zadnjih desetletjih spremljali v njegovih radijskih, TV ali koncertnih komuniciranjih.<\/p>\n<p>&nbsp;<\/p>\n<p>&nbsp;<\/p>\n<p>&nbsp;<\/p>\n<p>Izbor koncertov <strong>Brane Ron\u010del<\/strong><\/p>\n<p>Produkcija festivalskih dru\u017eenj<strong> BR\/FSF<\/strong><\/p>\n<p>Pokrovitelj <strong>Okolje Piran<\/strong><\/p>\n\n\t\t<\/div>\n\t<\/div>\n<\/div><\/div><\/div><div class=\"wpb_column vc_column_container vc_col-sm-3\"><div class=\"vc_column-inner\"><div class=\"wpb_wrapper\">\n\t<div class=\"wpb_text_column wpb_content_element \" >\n\t\t<div class=\"wpb_wrapper\">\n\t\t\t<p><span style=\"font-family: 'courier new', courier, monospace; font-size: 12pt;\"><strong>\u010cETRTEK 27\/10 ob 22.30<\/strong><\/span><\/p>\n\n\t\t<\/div>\n\t<\/div>\n<div class=\"edgtf-single-image-holder    edgtf-image-behavior-custom-link edgtf-image-align-left\">\n    <div class=\"edgtf-si-inner\" >\n                                    <img width=\"308\" height=\"175\" src=\"https:\/\/fsf.si\/2022\/wp-content\/uploads\/2022\/09\/leo.png\" class=\"attachment-full size-full\" alt=\"\" loading=\"lazy\" srcset=\"https:\/\/fsf.si\/2022\/wp-content\/uploads\/2022\/09\/leo.png 308w, https:\/\/fsf.si\/2022\/wp-content\/uploads\/2022\/09\/leo-300x170.png 300w\" sizes=\"(max-width: 308px) 100vw, 308px\" \/>\t                                            <\/a>\n            <\/div>\n<\/div>\n\t<div class=\"wpb_text_column wpb_content_element \" >\n\t\t<div class=\"wpb_wrapper\">\n\t\t\t<p style=\"text-align: left;\"><strong>Leonart<\/strong><br \/>\n\/pop\/rock\/funk\/dance\/<\/p>\n<p style=\"text-align: left;\">Sebastijan Lukovnjak, vokal, kitara<br \/>\nAndrej Knehtl, kitara, vokal<br \/>\nMartin Po\u010dkar, bas kitara<br \/>\nMarko Brvar, bobni<br \/>\nBla\u017e Korez, konge, tolkala<\/p>\n<p style=\"text-align: left;\"><strong>posebna gosta<\/strong><br \/>\nGrega Kozar, saksofon<br \/>\nToma\u017e Gaj\u0161t, trobenta, krilovka<\/p>\n<p style=\"text-align: left;\">Leonart je organizem svoje vrste. Andrej Knehtl, Sebastijan Lukovnjak, Marko Brvar in Martin Po\u010dkar so leta 2014 zdru\u017eili mo\u010di, da bi ustvarili kreativni prese\u017eek, ki se je pred \u0161estimi leti udejanjil na prvem CD-ju in jih ponesel Visoko v nebo. Z albumom Vrh sveta so svoji glasbi, ki je preplet ve\u010d \u017eanrov, dodali novo dimenzijo, nedavni izid iz\u0161tekanega albuma pa je akusti\u010dni vrhunec \u0161tajerskih mojstrov polnokrvnega pop rocka.<\/p>\n\n\t\t<\/div>\n\t<\/div>\n<\/div><\/div><\/div><div class=\"wpb_column vc_column_container vc_col-sm-3\"><div class=\"vc_column-inner\"><div class=\"wpb_wrapper\">\n\t<div class=\"wpb_text_column wpb_content_element \" >\n\t\t<div class=\"wpb_wrapper\">\n\t\t\t<p><span style=\"font-family: 'courier new', courier, monospace; font-size: 12pt;\"><strong>PETEK 28\/10 ob 22.30<\/strong><\/span><\/p>\n\n\t\t<\/div>\n\t<\/div>\n<div class=\"edgtf-single-image-holder    edgtf-image-behavior-custom-link edgtf-image-align-left\">\n    <div class=\"edgtf-si-inner\" >\n                                    <img width=\"308\" height=\"175\" src=\"https:\/\/fsf.si\/2022\/wp-content\/uploads\/2022\/09\/ana.png\" class=\"attachment-full size-full\" alt=\"\" loading=\"lazy\" srcset=\"https:\/\/fsf.si\/2022\/wp-content\/uploads\/2022\/09\/ana.png 308w, https:\/\/fsf.si\/2022\/wp-content\/uploads\/2022\/09\/ana-300x170.png 300w\" sizes=\"(max-width: 308px) 100vw, 308px\" \/>\t                                            <\/a>\n            <\/div>\n<\/div>\n\t<div class=\"wpb_text_column wpb_content_element \" >\n\t\t<div class=\"wpb_wrapper\">\n\t\t\t<p style=\"text-align: left;\"><strong>Ana Pupedan<\/strong><br \/>\n\/primorsko-lucidni rock\/<\/p>\n<p style=\"text-align: left;\">Simon Avsec, vokal, violina, mandolina<br \/>\nBo\u0161tjan Po\u017ear, kitara<br \/>\nPeter \u017dnidar\u0161i\u010d, bas<br \/>\nMarko Doles, bobni<\/p>\n<p style=\"text-align: left;\">Glasbo skupine Ana Pupedan bi lahko ozna\u010dili kot fuzijo razli\u010dnih glasbenih vplivov, ki \u0161e najbolj domujejo v rokerski sferi. Njihovi glasbi dodajo poseben \u010dar besedila, katerih osnovna zna\u010dilnost je luciden pogled na \u017eivljenje in dru\u017ebeno dogajanje. Besedila so velikokrat za\u010dinjena s pristnim piv\u0161kim nare\u010djem, kar poudarja pripadnost in vpetost v lokalno okolje.<\/p>\n\n\t\t<\/div>\n\t<\/div>\n<\/div><\/div><\/div><div class=\"wpb_column vc_column_container vc_col-sm-3\"><div class=\"vc_column-inner\"><div class=\"wpb_wrapper\">\n\t<div class=\"wpb_text_column wpb_content_element \" >\n\t\t<div class=\"wpb_wrapper\">\n\t\t\t<p><span style=\"font-size: 12pt;\"><strong><span style=\"font-family: 'courier new', courier, monospace;\">SOBOTA 29\/10 ob 22.30<\/span><\/strong><\/span><\/p>\n\n\t\t<\/div>\n\t<\/div>\n<div class=\"edgtf-single-image-holder    edgtf-image-behavior-custom-link edgtf-image-align-left\">\n    <div class=\"edgtf-si-inner\" >\n                                    <img width=\"308\" height=\"175\" src=\"https:\/\/fsf.si\/2022\/wp-content\/uploads\/2022\/09\/cam.png\" class=\"attachment-full size-full\" alt=\"\" loading=\"lazy\" srcset=\"https:\/\/fsf.si\/2022\/wp-content\/uploads\/2022\/09\/cam.png 308w, https:\/\/fsf.si\/2022\/wp-content\/uploads\/2022\/09\/cam-300x170.png 300w\" sizes=\"(max-width: 308px) 100vw, 308px\" \/>\t                                            <\/a>\n            <\/div>\n<\/div>\n\t<div class=\"wpb_text_column wpb_content_element \" >\n\t\t<div class=\"wpb_wrapper\">\n\t\t\t<p style=\"text-align: left;\"><strong>Camilla George (Nigerija\/London)<\/strong><br \/>\n\/Afrika\/funk\/jazz\/rap\/<\/p>\n<p>Camilla George, alt, saksofon<br \/>\nSarah Tandy, klaviature, klavir<br \/>\nConor Chapman, bas<br \/>\nDexter Hercules, bobni<\/p>\n<p style=\"text-align: left;\">Camilla George, rojena v Eketu v Nigeriji, se je \u017ee od malih nog zanimala za glasbo, zlasti za zlitje afri\u0161ke in zahodne glasbe. Ko je bila stara 11 let, je za\u010dela igrati saksofon in pozneje \u0161tudirala pri \u0161tevilnih velikanih jazza. Camillina ljubezen do zlivanja afri\u0161ke in zahodne glasbe je pripeljala do edinstvenega sloga, zahvaljujo\u010d kateremu je stalnica na novi londonski jazz sceni. Njena glasba je hipnoti\u010dna me\u0161anica afrofuturizma, hip hopa in jazza.<\/p>\n\n\t\t<\/div>\n\t<\/div>\n<\/div><\/div><\/div><\/div><\/div><\/div><\/div><\/div><\/div><\/div>\n","protected":false},"excerpt":{"rendered":"SREDA 26\/10 ob 22.00 Brane Ron\u010del\/DJ Brane Ron\u010del je TV in radijski voditelj, umetni\u0161ki vodja festivalov jazza [...]","protected":false},"author":1,"featured_media":0,"parent":0,"menu_order":0,"comment_status":"closed","ping_status":"closed","template":"","meta":[],"yoast_head":"<!-- This site is optimized with the Yoast SEO plugin v19.7.1 - https:\/\/yoast.com\/wordpress\/plugins\/seo\/ -->\n<title>Festivalska dru\u017eenja - FSF<\/title>\n<meta name=\"robots\" content=\"index, follow, max-snippet:-1, max-image-preview:large, max-video-preview:-1\" \/>\n<link rel=\"canonical\" href=\"https:\/\/fsf.si\/2022\/festivalska-druzenja\/\" \/>\n<meta property=\"og:locale\" content=\"sl_SI\" \/>\n<meta property=\"og:type\" content=\"article\" \/>\n<meta property=\"og:title\" content=\"Festivalska dru\u017eenja - FSF\" \/>\n<meta property=\"og:url\" content=\"https:\/\/fsf.si\/2022\/festivalska-druzenja\/\" \/>\n<meta property=\"og:site_name\" content=\"FSF\" \/>\n<meta property=\"article:modified_time\" content=\"2022-11-18T21:07:23+00:00\" \/>\n<meta name=\"twitter:card\" content=\"summary_large_image\" \/>\n<meta name=\"twitter:label1\" content=\"Est. reading time\" \/>\n\t<meta name=\"twitter:data1\" content=\"3 minute\" \/>\n<script type=\"application\/ld+json\" class=\"yoast-schema-graph\">{\"@context\":\"https:\/\/schema.org\",\"@graph\":[{\"@type\":\"WebPage\",\"@id\":\"https:\/\/fsf.si\/2022\/festivalska-druzenja\/\",\"url\":\"https:\/\/fsf.si\/2022\/festivalska-druzenja\/\",\"name\":\"Festivalska dru\u017eenja - FSF\",\"isPartOf\":{\"@id\":\"https:\/\/fsf.si\/2022\/#website\"},\"datePublished\":\"2021-10-01T12:31:27+00:00\",\"dateModified\":\"2022-11-18T21:07:23+00:00\",\"breadcrumb\":{\"@id\":\"https:\/\/fsf.si\/2022\/festivalska-druzenja\/#breadcrumb\"},\"inLanguage\":\"sl-SI\",\"potentialAction\":[{\"@type\":\"ReadAction\",\"target\":[\"https:\/\/fsf.si\/2022\/festivalska-druzenja\/\"]}]},{\"@type\":\"BreadcrumbList\",\"@id\":\"https:\/\/fsf.si\/2022\/festivalska-druzenja\/#breadcrumb\",\"itemListElement\":[{\"@type\":\"ListItem\",\"position\":1,\"name\":\"Home\",\"item\":\"https:\/\/fsf.si\/2022\/\"},{\"@type\":\"ListItem\",\"position\":2,\"name\":\"Festivalska dru\u017eenja\"}]},{\"@type\":\"WebSite\",\"@id\":\"https:\/\/fsf.si\/2022\/#website\",\"url\":\"https:\/\/fsf.si\/2022\/\",\"name\":\"FSF\",\"description\":\"Festival Slovenskega Filma\",\"publisher\":{\"@id\":\"https:\/\/fsf.si\/2022\/#organization\"},\"potentialAction\":[{\"@type\":\"SearchAction\",\"target\":{\"@type\":\"EntryPoint\",\"urlTemplate\":\"https:\/\/fsf.si\/2022\/?s={search_term_string}\"},\"query-input\":\"required name=search_term_string\"}],\"inLanguage\":\"sl-SI\"},{\"@type\":\"Organization\",\"@id\":\"https:\/\/fsf.si\/2022\/#organization\",\"name\":\"Festival Slovenskega Filma\",\"url\":\"https:\/\/fsf.si\/2022\/\",\"sameAs\":[],\"logo\":{\"@type\":\"ImageObject\",\"inLanguage\":\"sl-SI\",\"@id\":\"https:\/\/fsf.si\/2022\/#\/schema\/logo\/image\/\",\"url\":\"https:\/\/fsf.si\/2022\/wp-content\/uploads\/2019\/06\/Slider-FSF.png\",\"contentUrl\":\"https:\/\/fsf.si\/2022\/wp-content\/uploads\/2019\/06\/Slider-FSF.png\",\"width\":4800,\"height\":1600,\"caption\":\"Festival Slovenskega Filma\"},\"image\":{\"@id\":\"https:\/\/fsf.si\/2022\/#\/schema\/logo\/image\/\"}}]}<\/script>\n<!-- \/ Yoast SEO plugin. -->","yoast_head_json":{"title":"Festivalska dru\u017eenja - FSF","robots":{"index":"index","follow":"follow","max-snippet":"max-snippet:-1","max-image-preview":"max-image-preview:large","max-video-preview":"max-video-preview:-1"},"canonical":"https:\/\/fsf.si\/2022\/festivalska-druzenja\/","og_locale":"sl_SI","og_type":"article","og_title":"Festivalska dru\u017eenja - FSF","og_url":"https:\/\/fsf.si\/2022\/festivalska-druzenja\/","og_site_name":"FSF","article_modified_time":"2022-11-18T21:07:23+00:00","twitter_card":"summary_large_image","twitter_misc":{"Est. reading time":"3 minute"},"schema":{"@context":"https:\/\/schema.org","@graph":[{"@type":"WebPage","@id":"https:\/\/fsf.si\/2022\/festivalska-druzenja\/","url":"https:\/\/fsf.si\/2022\/festivalska-druzenja\/","name":"Festivalska dru\u017eenja - FSF","isPartOf":{"@id":"https:\/\/fsf.si\/2022\/#website"},"datePublished":"2021-10-01T12:31:27+00:00","dateModified":"2022-11-18T21:07:23+00:00","breadcrumb":{"@id":"https:\/\/fsf.si\/2022\/festivalska-druzenja\/#breadcrumb"},"inLanguage":"sl-SI","potentialAction":[{"@type":"ReadAction","target":["https:\/\/fsf.si\/2022\/festivalska-druzenja\/"]}]},{"@type":"BreadcrumbList","@id":"https:\/\/fsf.si\/2022\/festivalska-druzenja\/#breadcrumb","itemListElement":[{"@type":"ListItem","position":1,"name":"Home","item":"https:\/\/fsf.si\/2022\/"},{"@type":"ListItem","position":2,"name":"Festivalska dru\u017eenja"}]},{"@type":"WebSite","@id":"https:\/\/fsf.si\/2022\/#website","url":"https:\/\/fsf.si\/2022\/","name":"FSF","description":"Festival Slovenskega Filma","publisher":{"@id":"https:\/\/fsf.si\/2022\/#organization"},"potentialAction":[{"@type":"SearchAction","target":{"@type":"EntryPoint","urlTemplate":"https:\/\/fsf.si\/2022\/?s={search_term_string}"},"query-input":"required name=search_term_string"}],"inLanguage":"sl-SI"},{"@type":"Organization","@id":"https:\/\/fsf.si\/2022\/#organization","name":"Festival Slovenskega Filma","url":"https:\/\/fsf.si\/2022\/","sameAs":[],"logo":{"@type":"ImageObject","inLanguage":"sl-SI","@id":"https:\/\/fsf.si\/2022\/#\/schema\/logo\/image\/","url":"https:\/\/fsf.si\/2022\/wp-content\/uploads\/2019\/06\/Slider-FSF.png","contentUrl":"https:\/\/fsf.si\/2022\/wp-content\/uploads\/2019\/06\/Slider-FSF.png","width":4800,"height":1600,"caption":"Festival Slovenskega Filma"},"image":{"@id":"https:\/\/fsf.si\/2022\/#\/schema\/logo\/image\/"}}]}},"_links":{"self":[{"href":"https:\/\/fsf.si\/2022\/wp-json\/wp\/v2\/pages\/17583"}],"collection":[{"href":"https:\/\/fsf.si\/2022\/wp-json\/wp\/v2\/pages"}],"about":[{"href":"https:\/\/fsf.si\/2022\/wp-json\/wp\/v2\/types\/page"}],"author":[{"embeddable":true,"href":"https:\/\/fsf.si\/2022\/wp-json\/wp\/v2\/users\/1"}],"replies":[{"embeddable":true,"href":"https:\/\/fsf.si\/2022\/wp-json\/wp\/v2\/comments?post=17583"}],"version-history":[{"count":49,"href":"https:\/\/fsf.si\/2022\/wp-json\/wp\/v2\/pages\/17583\/revisions"}],"predecessor-version":[{"id":23204,"href":"https:\/\/fsf.si\/2022\/wp-json\/wp\/v2\/pages\/17583\/revisions\/23204"}],"wp:attachment":[{"href":"https:\/\/fsf.si\/2022\/wp-json\/wp\/v2\/media?parent=17583"}],"curies":[{"name":"wp","href":"https:\/\/api.w.org\/{rel}","templated":true}]}}