{"id":18509,"date":"2021-10-06T20:28:33","date_gmt":"2021-10-06T18:28:33","guid":{"rendered":"https:\/\/fsf.si\/2022\/?page_id=18509"},"modified":"2022-10-17T16:11:38","modified_gmt":"2022-10-17T14:11:38","slug":"social-events","status":"publish","type":"page","link":"https:\/\/fsf.si\/2022\/en\/social-events\/","title":{"rendered":"Social Events"},"content":{"rendered":"<div class=\"edgtf-row-grid-section-wrapper \"  ><div class=\"edgtf-row-grid-section\"><div class=\"vc_row wpb_row vc_row-fluid wpb_animate_when_almost_visible wpb_fadeInRightBig fadeInRightBig vc_custom_1633089431419 vc_row-o-content-middle vc_row-flex\" ><div class=\"wpb_animate_when_almost_visible wpb_rollIn rollIn wpb_column vc_column_container vc_col-sm-12\"><div class=\"vc_column-inner vc_custom_1633016066484\"><div class=\"wpb_wrapper\"><div class=\"vc_row wpb_row vc_inner vc_row-fluid\" ><div class=\"wpb_column vc_column_container vc_col-sm-3\"><div class=\"vc_column-inner\"><div class=\"wpb_wrapper\">\n\t<div class=\"wpb_text_column wpb_content_element \" >\n\t\t<div class=\"wpb_wrapper\">\n\t\t\t<p><span style=\"font-size: 12pt; color: #000000;\"><strong><span style=\"font-family: 'courier new', courier, monospace;\">WEDNESDAY 26\/10 at 22.00<\/span><\/strong><\/span><\/p>\n\n\t\t<\/div>\n\t<\/div>\n<div class=\"edgtf-single-image-holder    edgtf-image-behavior-custom-link edgtf-image-align-left\">\n    <div class=\"edgtf-si-inner\" >\n                                    <img width=\"1900\" height=\"1080\" src=\"https:\/\/fsf.si\/2022\/wp-content\/uploads\/2022\/09\/DJ_Roncel.jpg\" class=\"attachment-full size-full\" alt=\"\" loading=\"lazy\" \/>\t                                            <\/a>\n            <\/div>\n<\/div>\n\t<div class=\"wpb_text_column wpb_content_element \" >\n\t\t<div class=\"wpb_wrapper\">\n\t\t\t<p style=\"text-align: justify;\"><strong>Brane Ron\u010del\/DJ<\/strong><\/p>\n<p style=\"text-align: justify;\">Brane Ron\u010del is a TV and radio host, artistic director of jazz festivals in Slovenia and internationally, producer, DJ, painter, set designer, graphic designer and photographer. In his appearance as a DJ, he promises to merge assorted music genres and top them off with a wealth of dance beats: funk, r&amp;b, soul, reggae, latino, African, Brazilian, Cuban rhythms\u2026 Expect a night of the kind of music Ron\u010del has delivered across decades of his radio, TV, and concert sessions.<\/p>\n\n\t\t<\/div>\n\t<\/div>\n<\/div><\/div><\/div><div class=\"wpb_column vc_column_container vc_col-sm-3\"><div class=\"vc_column-inner\"><div class=\"wpb_wrapper\">\n\t<div class=\"wpb_text_column wpb_content_element \" >\n\t\t<div class=\"wpb_wrapper\">\n\t\t\t<p><span style=\"font-family: 'courier new', courier, monospace; font-size: 12pt;\"><strong>THURSDAY 27\/10 at 22.30<\/strong><\/span><\/p>\n\n\t\t<\/div>\n\t<\/div>\n<div class=\"edgtf-single-image-holder    edgtf-image-behavior-custom-link edgtf-image-align-left\">\n    <div class=\"edgtf-si-inner\" >\n                                    <img width=\"308\" height=\"175\" src=\"https:\/\/fsf.si\/2022\/wp-content\/uploads\/2022\/09\/leo.png\" class=\"attachment-full size-full\" alt=\"\" loading=\"lazy\" srcset=\"https:\/\/fsf.si\/2022\/wp-content\/uploads\/2022\/09\/leo.png 308w, https:\/\/fsf.si\/2022\/wp-content\/uploads\/2022\/09\/leo-300x170.png 300w\" sizes=\"(max-width: 308px) 100vw, 308px\" \/>\t                                            <\/a>\n            <\/div>\n<\/div>\n\t<div class=\"wpb_text_column wpb_content_element \" >\n\t\t<div class=\"wpb_wrapper\">\n\t\t\t<p><strong>Leonart<\/strong><br \/>\n\/pop\/rock\/funk\/dance\/<\/p>\n<p>Sebastijan Lukovnjak, vocals, guitar<br \/>\nAndrej Knehtl, guitar, vocals<br \/>\nMartin Po\u010dkar, bass guitar, vocals<br \/>\nMarko Brvar, drums<br \/>\nBla\u017e Korez, congas, percussions<\/p>\n<p><strong>special guests<br \/>\n<\/strong>GREGA KOZAR saxophone<br \/>\nTOMA\u017d GAJ\u0160T trumpet, flugelhorn<\/p>\n<p style=\"text-align: justify;\">Leonart is a one-of-a-kind organism. Andrej Knehtl, Sebastijan Lukovnjak, Marko Brvar and Martin Po\u010dkar came together in 2014 to deliver a creative tour de force. Six years ago, this manifested itself in their debut album, taking them High Up in the Sky (\u2018Visoko v nebo\u2019). With Top of the World (\u2018Vrh sveta\u2019), the band added a new dimension to their mix of genres, while their recently released unplugged album marks the acoustic highlight of these masters of full-blooded pop rock.<\/p>\n\n\t\t<\/div>\n\t<\/div>\n<\/div><\/div><\/div><div class=\"wpb_column vc_column_container vc_col-sm-3\"><div class=\"vc_column-inner\"><div class=\"wpb_wrapper\">\n\t<div class=\"wpb_text_column wpb_content_element \" >\n\t\t<div class=\"wpb_wrapper\">\n\t\t\t<p><span style=\"font-family: 'courier new', courier, monospace; font-size: 12pt;\"><strong>FRIDAY 28\/10 at 22.30<\/strong><\/span><\/p>\n\n\t\t<\/div>\n\t<\/div>\n<div class=\"edgtf-single-image-holder    edgtf-image-behavior-custom-link edgtf-image-align-left\">\n    <div class=\"edgtf-si-inner\" >\n                                    <img width=\"308\" height=\"175\" src=\"https:\/\/fsf.si\/2022\/wp-content\/uploads\/2022\/09\/ana.png\" class=\"attachment-full size-full\" alt=\"\" loading=\"lazy\" srcset=\"https:\/\/fsf.si\/2022\/wp-content\/uploads\/2022\/09\/ana.png 308w, https:\/\/fsf.si\/2022\/wp-content\/uploads\/2022\/09\/ana-300x170.png 300w\" sizes=\"(max-width: 308px) 100vw, 308px\" \/>\t                                            <\/a>\n            <\/div>\n<\/div>\n\t<div class=\"wpb_text_column wpb_content_element \" >\n\t\t<div class=\"wpb_wrapper\">\n\t\t\t<p><strong>Ana Pupedan<\/strong><br \/>\n\/local perceptive rock<\/p>\n<p>Simon Avsec, vocals, violine, mandolin<br \/>\nBo\u0161tjan Po\u017ear, guitar<br \/>\nPeter \u017dnidar\u0161i\u010d, bass<br \/>\nMarko Doles, drums<\/p>\n<p style=\"text-align: justify;\">The music of Ana Pupedan could be defined as a fusion of various influences mostly native to rock. What makes their music truly special is the lyrics, in which the band demonstrate a perceptive take on life and society. Often delivering the words in an authentic local accent, they highlight their commitment to and place in the local community.<\/p>\n\n\t\t<\/div>\n\t<\/div>\n<\/div><\/div><\/div><div class=\"wpb_column vc_column_container vc_col-sm-3\"><div class=\"vc_column-inner\"><div class=\"wpb_wrapper\">\n\t<div class=\"wpb_text_column wpb_content_element \" >\n\t\t<div class=\"wpb_wrapper\">\n\t\t\t<p><span style=\"font-size: 12pt;\"><strong><span style=\"font-family: 'courier new', courier, monospace;\">SATURDAY 29\/10 at 22.30<\/span><\/strong><\/span><\/p>\n\n\t\t<\/div>\n\t<\/div>\n<div class=\"edgtf-single-image-holder    edgtf-image-behavior-custom-link edgtf-image-align-left\">\n    <div class=\"edgtf-si-inner\" >\n                                    <img width=\"308\" height=\"175\" src=\"https:\/\/fsf.si\/2022\/wp-content\/uploads\/2022\/09\/cam.png\" class=\"attachment-full size-full\" alt=\"\" loading=\"lazy\" srcset=\"https:\/\/fsf.si\/2022\/wp-content\/uploads\/2022\/09\/cam.png 308w, https:\/\/fsf.si\/2022\/wp-content\/uploads\/2022\/09\/cam-300x170.png 300w\" sizes=\"(max-width: 308px) 100vw, 308px\" \/>\t                                            <\/a>\n            <\/div>\n<\/div>\n\t<div class=\"wpb_text_column wpb_content_element \" >\n\t\t<div class=\"wpb_wrapper\">\n\t\t\t<p><strong>Camilla George (Nigerija\/London)<\/strong><br \/>\n\/Afrika\/funk\/jazz\/rap\/<\/p>\n<p>CAMILLA GEORGE, saxophone<br \/>\nARTIE ZAITZ, guitar<br \/>\nSARAH TANDY, keyboard, piano<br \/>\nDANIEL CASIMIR, bass<br \/>\nROD YOUNGS, drums<\/p>\n<p style=\"text-align: justify;\">Camilla George has shown an interest in music, especially fusing African and Western music, ever since she was little. Born in Eket, Nigeria, she started playing saxophone at the age of 11, before studying with many masters of jazz. Thanks to her a unique style born out of her love for fusing African and Western sounds, she has been a firm fixture of the new London jazz scene. Her music is a hypnotic blend of Afrofuturism, hip hop, and jazz.<\/p>\n\n\t\t<\/div>\n\t<\/div>\n<\/div><\/div><\/div><\/div><\/div><\/div><\/div><\/div><\/div><\/div>\n","protected":false},"excerpt":{"rendered":"WEDNESDAY 26\/10 at 22.00 Brane Ron\u010del\/DJ Brane Ron\u010del is a TV and radio host, artistic director of [...]","protected":false},"author":1,"featured_media":0,"parent":0,"menu_order":0,"comment_status":"closed","ping_status":"closed","template":"","meta":[],"yoast_head":"<!-- This site is optimized with the Yoast SEO plugin v19.7.1 - https:\/\/yoast.com\/wordpress\/plugins\/seo\/ -->\n<title>Social Events - FSF<\/title>\n<meta name=\"robots\" content=\"index, follow, max-snippet:-1, max-image-preview:large, max-video-preview:-1\" \/>\n<link rel=\"canonical\" href=\"https:\/\/fsf.si\/2022\/social-events\/\" \/>\n<meta property=\"og:locale\" content=\"sl_SI\" \/>\n<meta property=\"og:type\" content=\"article\" \/>\n<meta property=\"og:title\" content=\"Social Events - FSF\" \/>\n<meta property=\"og:url\" content=\"https:\/\/fsf.si\/2022\/en\/social-events\/\" \/>\n<meta property=\"og:site_name\" content=\"FSF\" \/>\n<meta property=\"article:modified_time\" content=\"2022-10-17T14:11:38+00:00\" \/>\n<meta name=\"twitter:card\" content=\"summary_large_image\" \/>\n<meta name=\"twitter:label1\" content=\"Est. reading time\" \/>\n\t<meta name=\"twitter:data1\" content=\"1 minuta\" \/>\n<script type=\"application\/ld+json\" class=\"yoast-schema-graph\">{\"@context\":\"https:\/\/schema.org\",\"@graph\":[{\"@type\":\"WebPage\",\"@id\":\"https:\/\/fsf.si\/2022\/en\/social-events\/\",\"url\":\"https:\/\/fsf.si\/2022\/en\/social-events\/\",\"name\":\"Social Events - FSF\",\"isPartOf\":{\"@id\":\"https:\/\/fsf.si\/2022\/#website\"},\"datePublished\":\"2021-10-06T18:28:33+00:00\",\"dateModified\":\"2022-10-17T14:11:38+00:00\",\"breadcrumb\":{\"@id\":\"https:\/\/fsf.si\/2022\/en\/social-events\/#breadcrumb\"},\"inLanguage\":\"sl-SI\",\"potentialAction\":[{\"@type\":\"ReadAction\",\"target\":[\"https:\/\/fsf.si\/2022\/en\/social-events\/\"]}]},{\"@type\":\"BreadcrumbList\",\"@id\":\"https:\/\/fsf.si\/2022\/en\/social-events\/#breadcrumb\",\"itemListElement\":[{\"@type\":\"ListItem\",\"position\":1,\"name\":\"Home\",\"item\":\"https:\/\/fsf.si\/2022\/\"},{\"@type\":\"ListItem\",\"position\":2,\"name\":\"Social Events\"}]},{\"@type\":\"WebSite\",\"@id\":\"https:\/\/fsf.si\/2022\/#website\",\"url\":\"https:\/\/fsf.si\/2022\/\",\"name\":\"FSF\",\"description\":\"Festival Slovenskega Filma\",\"publisher\":{\"@id\":\"https:\/\/fsf.si\/2022\/#organization\"},\"potentialAction\":[{\"@type\":\"SearchAction\",\"target\":{\"@type\":\"EntryPoint\",\"urlTemplate\":\"https:\/\/fsf.si\/2022\/?s={search_term_string}\"},\"query-input\":\"required name=search_term_string\"}],\"inLanguage\":\"sl-SI\"},{\"@type\":\"Organization\",\"@id\":\"https:\/\/fsf.si\/2022\/#organization\",\"name\":\"Festival Slovenskega Filma\",\"url\":\"https:\/\/fsf.si\/2022\/\",\"sameAs\":[],\"logo\":{\"@type\":\"ImageObject\",\"inLanguage\":\"sl-SI\",\"@id\":\"https:\/\/fsf.si\/2022\/#\/schema\/logo\/image\/\",\"url\":\"https:\/\/fsf.si\/2022\/wp-content\/uploads\/2019\/06\/Slider-FSF.png\",\"contentUrl\":\"https:\/\/fsf.si\/2022\/wp-content\/uploads\/2019\/06\/Slider-FSF.png\",\"width\":4800,\"height\":1600,\"caption\":\"Festival Slovenskega Filma\"},\"image\":{\"@id\":\"https:\/\/fsf.si\/2022\/#\/schema\/logo\/image\/\"}}]}<\/script>\n<!-- \/ Yoast SEO plugin. -->","yoast_head_json":{"title":"Social Events - FSF","robots":{"index":"index","follow":"follow","max-snippet":"max-snippet:-1","max-image-preview":"max-image-preview:large","max-video-preview":"max-video-preview:-1"},"canonical":"https:\/\/fsf.si\/2022\/social-events\/","og_locale":"sl_SI","og_type":"article","og_title":"Social Events - FSF","og_url":"https:\/\/fsf.si\/2022\/en\/social-events\/","og_site_name":"FSF","article_modified_time":"2022-10-17T14:11:38+00:00","twitter_card":"summary_large_image","twitter_misc":{"Est. reading time":"1 minuta"},"schema":{"@context":"https:\/\/schema.org","@graph":[{"@type":"WebPage","@id":"https:\/\/fsf.si\/2022\/en\/social-events\/","url":"https:\/\/fsf.si\/2022\/en\/social-events\/","name":"Social Events - FSF","isPartOf":{"@id":"https:\/\/fsf.si\/2022\/#website"},"datePublished":"2021-10-06T18:28:33+00:00","dateModified":"2022-10-17T14:11:38+00:00","breadcrumb":{"@id":"https:\/\/fsf.si\/2022\/en\/social-events\/#breadcrumb"},"inLanguage":"sl-SI","potentialAction":[{"@type":"ReadAction","target":["https:\/\/fsf.si\/2022\/en\/social-events\/"]}]},{"@type":"BreadcrumbList","@id":"https:\/\/fsf.si\/2022\/en\/social-events\/#breadcrumb","itemListElement":[{"@type":"ListItem","position":1,"name":"Home","item":"https:\/\/fsf.si\/2022\/"},{"@type":"ListItem","position":2,"name":"Social Events"}]},{"@type":"WebSite","@id":"https:\/\/fsf.si\/2022\/#website","url":"https:\/\/fsf.si\/2022\/","name":"FSF","description":"Festival Slovenskega Filma","publisher":{"@id":"https:\/\/fsf.si\/2022\/#organization"},"potentialAction":[{"@type":"SearchAction","target":{"@type":"EntryPoint","urlTemplate":"https:\/\/fsf.si\/2022\/?s={search_term_string}"},"query-input":"required name=search_term_string"}],"inLanguage":"sl-SI"},{"@type":"Organization","@id":"https:\/\/fsf.si\/2022\/#organization","name":"Festival Slovenskega Filma","url":"https:\/\/fsf.si\/2022\/","sameAs":[],"logo":{"@type":"ImageObject","inLanguage":"sl-SI","@id":"https:\/\/fsf.si\/2022\/#\/schema\/logo\/image\/","url":"https:\/\/fsf.si\/2022\/wp-content\/uploads\/2019\/06\/Slider-FSF.png","contentUrl":"https:\/\/fsf.si\/2022\/wp-content\/uploads\/2019\/06\/Slider-FSF.png","width":4800,"height":1600,"caption":"Festival Slovenskega Filma"},"image":{"@id":"https:\/\/fsf.si\/2022\/#\/schema\/logo\/image\/"}}]}},"_links":{"self":[{"href":"https:\/\/fsf.si\/2022\/wp-json\/wp\/v2\/pages\/18509"}],"collection":[{"href":"https:\/\/fsf.si\/2022\/wp-json\/wp\/v2\/pages"}],"about":[{"href":"https:\/\/fsf.si\/2022\/wp-json\/wp\/v2\/types\/page"}],"author":[{"embeddable":true,"href":"https:\/\/fsf.si\/2022\/wp-json\/wp\/v2\/users\/1"}],"replies":[{"embeddable":true,"href":"https:\/\/fsf.si\/2022\/wp-json\/wp\/v2\/comments?post=18509"}],"version-history":[{"count":4,"href":"https:\/\/fsf.si\/2022\/wp-json\/wp\/v2\/pages\/18509\/revisions"}],"predecessor-version":[{"id":22788,"href":"https:\/\/fsf.si\/2022\/wp-json\/wp\/v2\/pages\/18509\/revisions\/22788"}],"wp:attachment":[{"href":"https:\/\/fsf.si\/2022\/wp-json\/wp\/v2\/media?parent=18509"}],"curies":[{"name":"wp","href":"https:\/\/api.w.org\/{rel}","templated":true}]}}