{"id":3920,"date":"2019-06-05T11:51:06","date_gmt":"2019-06-05T10:51:06","guid":{"rendered":"http:\/\/www.fsf.si\/2019\/?page_id=3920"},"modified":"2022-11-03T09:33:43","modified_gmt":"2022-11-03T08:33:43","slug":"awards","status":"publish","type":"page","link":"https:\/\/fsf.si\/2022\/en\/awards\/","title":{"rendered":"Awards"},"content":{"rendered":"<div class=\"vc_row wpb_row vc_row-fluid wpb_animate_when_almost_visible wpb_lightSpeedIn lightSpeedIn vc_custom_1633336772343 vc_row-has-fill edgtf-content-aligment-left\" ><div class=\"wpb_column vc_column_container vc_col-sm-12 vc_col-has-fill\"><div class=\"vc_column-inner vc_custom_1559733019901\"><div class=\"wpb_wrapper\">\n\t<div class=\"wpb_text_column wpb_content_element \" >\n\t\t<div class=\"wpb_wrapper\">\n\t\t\t<p><strong>Vesna Award for Best Feature Film<\/strong><\/p>\n<p><strong>Orchestra<br \/>\n<\/strong>Directed by: Matev\u017e Luzar<strong><br \/>\n<\/strong>Production: Gustav Film<\/p>\n<p>Jury statement: More than just the film\u2019s title, \u201corchestra\u201d is a metaphor. It takes a conductor for the characters to work in harmony, while their lives are entirely unorchestrated. In other words: privately, they are more or less out of tune. In bringing the narrative into and out of harmony, all the film\u2019s artistic, technical and production segments are very much in tune. Under its conductor\u2019s confident direction, <em>Orchestra<\/em> plays some serious music about the little man, echoing our own lives.<\/p>\n<p>&nbsp;<\/p>\n<p><strong>Vesna Award for Best Director<\/strong><\/p>\n<p><strong>Sara Kern<br \/>\n<\/strong>for<strong> Moja Vesna<\/strong><\/p>\n<p>Jury statement: The director creates a deepfelt contrast between the younger sister, too young to shoulder the burden of responsibility, and the older sister, a notably romantic, tragic character shrinking this responsibility, with their dysfunctional father lost somewhere alongside them. Becoming one with the camerawork, actors, and sound, a highly intimate perspective meets a realistic perspective to form an almost symbolic subjective experience.<\/p>\n<p>&nbsp;<\/p>\n<p><strong>Vesna Award for Best Screenplay\u00a0<\/strong><\/p>\n<p><strong>Matev\u017e Luzar<br \/>\n<\/strong>for<strong> Orchestra<\/strong><\/p>\n<p>Jury statement: The screenplay for <em>Orchestra<\/em> combines a set of characters, or the entire cast, into a harmonious whole, while providing an analysis of the Slovenian and Austrian mindsets, from a micro level to the broader level of society, and across generations. Unpretentiously, casually and with warmth, it zooms in life\u2019s fleeting episodes, exposing them in all their humour, absurdity, and personal predicaments.<\/p>\n<p>&nbsp;<\/p>\n<p><strong>Vesna Award for Best Actress in a Leading Role<\/strong><\/p>\n<p><strong>Loti Kova\u010di\u010d <\/strong>for the role of Moja<br \/>\nin<strong> Moja Vesna<\/strong><\/p>\n<p>Jury statement: Amid the lack of notable female characters in this year\u2019s line-up, we were impressed by the presence, mysteriousness, consistent performance and camera appeal of the young Loti Kova\u010di\u010d. One can feel her inner pain and struggle to face the tragedy of her mother\u2019s passing battling with goodness, concern for her family, and her will to live.<\/p>\n<p>&nbsp;<\/p>\n<p><strong>Vesna Award for Best Actor in a Leading Role<\/strong><\/p>\n<p><strong>Petja Labovi\u0107 <\/strong>for the role of Anton<strong><br \/>\n<\/strong>in<strong> Riders<\/strong><\/p>\n<p>Jury statement: The character of Anton tries to communicate with the world through anger and violence. With a remarkably mature performance, Petja Labovi\u0107 displays the young man\u2019s disappointment with life \u2013 in the face of all the trials it had thrown at him before he had the chance to truly experience it \u2013 while showing the ability to empathise and face his fate. He arouses sympathy without being sentimental; he is funny without turning into a parody. Petja Labovi\u0107\u2019s acting is vigorous, mature, and committed.<\/p>\n<p>&nbsp;<\/p>\n<p><strong>Vesna Award for Best Actress in a Supporting Role<\/strong><\/p>\n<p><strong>Alenka Kraigher <\/strong>for the role of Jana<strong><br \/>\n<\/strong>in<strong> The Space Among Us<\/strong><\/p>\n<p>Jury statement: In her role of the affected bourgeois intruder, Alenka Kraigher as Jana first comes across as terribly annoying. Gradually, one realises that under this veneer is a sensitive woman with all the universal flaws.<\/p>\n<p>&nbsp;<\/p>\n<p><strong>Vesna Award for Best Actor in a Supporting Role<\/strong><\/p>\n<p><strong>Jonas \u017dnidar\u0161i\u010d <\/strong>for the role of Chief Inspector<strong><br \/>\n<\/strong>in<strong> Grandpa Goes South<\/strong><\/p>\n<p>Jury statement: In this vibrant film full of interesting characters, we were particularly intrigued by the Chief Inspector, who delivers quite a bravura performance, managing despite his limited on-screen time to inject character into his role.<\/p>\n<p>&nbsp;<\/p>\n<p><strong>Vesna Award for Best Cinematography<\/strong><\/p>\n<p><strong>Simon Tan\u0161ek<br \/>\n<\/strong>for<strong> Orchestra<\/strong><\/p>\n<p>Jury statement: In this film, cinematography reaches extraordinary professional and aesthetic levels, carefully building its visual identity through black and white images, detailed compositions, precise lighting, and playing by moving action to parallel screens. Subdued yet powerful, it creates a unique voice of an auteur.<\/p>\n<p>&nbsp;<\/p>\n<p><strong>Vesna Award for Best Original Music<\/strong><\/p>\n<p><strong>Gregor Strni\u0161a<br \/>\n<\/strong>for<strong> Wracked Piano<\/strong><\/p>\n<p>Jury statement: Music in <em>Wracked Piano<\/em> is itself wracked but, like the film, humorous, immersing the audience in the piano and the stories enveloping it. While the author remains silent, his music speaks volumes.<\/p>\n<p>&nbsp;<\/p>\n<p><strong>Vesna Award for Best Editing<\/strong><\/p>\n<p><strong>Andrej Nagode, Matic Drakuli\u0107<br \/>\n<\/strong>for<strong> Riders<\/strong><\/p>\n<p>Jury statement: Surprising switches and tests filer into one\u2019s experience of the characters and on-screen action. Highly sensitive, the editing is playful but precise, creating a rhythm that emerges as a key factor in taking the narrative to the next level and adding to the cinematic experience.<\/p>\n<p>&nbsp;<\/p>\n<p><strong>Vesna Award for Best Production Design<\/strong><\/p>\n<p><strong>Robert \u010cernel\u010d<br \/>\n<\/strong>for<strong> The Birdbreeder<\/strong><\/p>\n<p>Jury statement: The production design creates a clean visual identity. Along with the film as a whole, space deftly alternates between dreams, memories, and reality. The production design is characterised by minute objects telling their stories. Using minimal means, the author confidently builds a strong visual identity for this very special film.<\/p>\n<p>&nbsp;<\/p>\n<p><strong>Vesna Award for Best Costume Design<\/strong><\/p>\n<p><strong>Monika Lorber<br \/>\n<\/strong>for<strong> The Happiest Man in the World<\/strong><\/p>\n<p>Jury statement: The costume design adds to the realism, taking the role of one of the key elements of the film\u2019s visual identity. Providing clues about the character\u2019s personal histories, the costumes and their designer express nuances reaching from irony to sympathy.<\/p>\n<p>&nbsp;<\/p>\n<p><strong>Vesna Award for Best Make-up<\/strong><\/p>\n<p><strong>Mojca Gorogranc Petrushevska<br \/>\n<\/strong>for<strong> The Happiest Man in the World<\/strong><\/p>\n<p>Jury statement: The make-up in this film is unobtrusive yet ever-present. In harmony with their personalities and emotional states, it lives the lives of its characters.<\/p>\n<p>&nbsp;<\/p>\n<p><strong>Vesna Award for Best Sound<\/strong><\/p>\n<p><strong>Samo Jurca<br \/>\n<\/strong>for<strong> Riders<\/strong><\/p>\n<p>Jury statement: Designed with a great deal of feeling, sound is one of the characters of this film. Conspicuous and expressive, it makes one of the director\u2019s pivotal tools in alternating between environments, mental states, memories, visions, and time frames.<\/p>\n<p><strong>\u00a0<\/strong><\/p>\n<p><strong>Vesna Award for Best Minority Co-production <\/strong><\/p>\n<p><strong>The Happiest Man in the World<\/strong><br \/>\nDirected by: Teona Strugar Mitevska<br \/>\nSlovenian co-producer: Danijel Ho\u010devar (Vertigo)<\/p>\n<p>Jury statement: The film\u2019s dramaturgy and direction complement each other as the narrative builds towards catharsis. Bravely examining vernacular raw feelings and fears, the film confronts the present with the past. The well-established filmmaker pushes herself and the audience to passionately explore the film\u2019s form and subject matter, keeping ever precise and sensitive.<\/p>\n<p>&nbsp;<\/p>\n<p><strong>Vesna Award for Best Documentary<\/strong><\/p>\n<p><strong>Competition<br \/>\n<\/strong>Directed by: Miha Mohori\u010d <strong><br \/>\n<\/strong>Production: Sagar Kolektiv<\/p>\n<p>Jury statement: The camera becomes part of the community, celebrating, tirelessly training and partying with it, engaging to the point where it can\u2019t help but sprint alongside its protagonists. With its straightforward approach, it enables the viewer to become a member of the first Roma volunteer fire department, providing them with a window to a world they have little chance of experiencing, if they know about it at all. A film with the potential to become a small hit.<\/p>\n<p>&nbsp;<\/p>\n<p><strong>Vesna Award for Best Short Fiction Film<\/strong><\/p>\n<p><strong>That&#8217;s How the Summer Ended<\/strong><br \/>\nDirected by: Matja\u017e Ivani\u0161in<br \/>\nProduction: Staragara<\/p>\n<p>Jury statement: Using minimal means, this subtle insight into human relationships creates an emotional impression that beckons into a spectrum of perceptions. The film\u2019s faces are exotic landscapes one never grows tired of, the acting is minimalistic, and the message elusive yet precise. The time lost and opportunities missed wander around somewhere between worn-out shoes on the ground and loops in the sky. Autumn is coming.<\/p>\n<p>&nbsp;<\/p>\n<p><strong>Vesna Award for Best Animated Film<\/strong><\/p>\n<p><strong>The Legend of Goldhorn<\/strong><br \/>\nDirected by: Lea Vu\u010dko<br \/>\nProduction: Octopics<\/p>\n<p>Jury statement: A result of masterful handiwork, this intense reinterpretation of a folk tale builds a fantasy world that combines love, beauty, and a sinister play of dark forces, while bringing to life in a modern fashion the old ideals of expressionist movements. Using a carefully crafted visual approach, the author seeks a way to offer an experience of the parallel world one can glimpse through the cracks created by an unusual colour palette, expressive, hand-drawn features, and powerful interventions in editing. (Very metal.)<\/p>\n<p>&nbsp;<\/p>\n<p><strong>Vesna Award for Best Experimental Film<\/strong><\/p>\n<p><strong>www.s-n-d.si<\/strong><br \/>\nDirected by: Sara Bezov\u0161ek<br \/>\nProducer: Sara Bezov\u0161ek<\/p>\n<p>Jury statement: A monumental, Hieronymus Bosch-style homage to the end of the world that aptly translates the zeitgeist phenomenon of doomscrolling into the language of cinema. Thoughtfully accumulating images of the Internet\u2019s trivial daily life, it puts together a poignant portrait of the collective unconscious, painting a premonition of things to come.<\/p>\n<p>&nbsp;<\/p>\n<p><strong>Vesna Award for Best Student Film<\/strong><\/p>\n<p><strong>Pentola<br \/>\n<\/strong>Directed by: Leo \u010cernic<strong><br \/>\n<\/strong>Production: CSC \u2013 Scuola Nazionale di Cinema<\/p>\n<p>Jury statement: A freeing, inspiring experience, both in terms of using the means which animation has to offer, and intimately for the protagonist, who can only become a superhero once he takes off his mask. The filmmaker faces life\u2019s key questions in a humorous way, proposing solutions through intelligent, imaginative direction to create a small story with big ideas.<\/p>\n<p>&nbsp;<\/p>\n<p><strong>Vesna Award for Special Achievement<\/strong><\/p>\n<p><strong>Disappearing \/ Verschwinden<br \/>\n<\/strong>Directed by: Andrina Mra\u010dnikar<\/p>\n<p>Jury statement: The weighty historical issue of the status of the Slovenian minority in Austrian Carinthia is addressed by delicately weaving personal traumas and memories with historical facts and recent political events, using a deepfelt, honest approach to the subject matter in direction to add to the overall quality of the film.<\/p>\n<p>&nbsp;<\/p>\n<p><strong>Vesna Award for Special Achievement<\/strong><\/p>\n<p><strong>x1-Eschaton<\/strong><br \/>\nDirected by: Ju\u0161 Premrov<\/p>\n<p>Jury statement: An experimental film that looks for answers to big questions in a dance of colours, shapes, and the slightest details. A hypnotic, delightful work by Ju\u0161 Premrov, a \u201cone-man band\u201d auteur who continues his journey in his experimental feature, <em>Atlas<\/em>.<\/p>\n<p>&nbsp;<\/p>\n<p><strong>Vesna Audience Award <\/strong><\/p>\n<p><strong>Riders<\/strong><br \/>\nDirected by: Dominik Mencej<br \/>\nProduction: Staragara<\/p>\n<p>Average score: 4.52<\/p>\n<p><strong>\u00a0<\/strong><\/p>\n<p><strong>OTHER AWARDS<\/strong><\/p>\n<p><strong>The Association of Slovenian Film Critics Award for best Slovenian feature film in the Official Competition<\/strong><\/p>\n<p><strong>Wracked Piano<br \/>\n<\/strong>Directed by: Miha Vipotnik<\/p>\n<p>Jury statement: Radio becomes a film. Not a fiction, documentary, or animated film; it becomes all of the above. This is a work put together in an experimental way to form a unique composition with poetic interventions. It is a work innovative in layering fact and fiction, in entangling and untangling the myriad of narrative threads that nonchalantly employ various media forms to manifest. A modern, curious, complex, and accomplished work that explores and expands the medium of cinema \u2013 in terms of the visual identity, structure, and content. An outburst of creativity. A vortex of mystery. A melody of memories. Wracked Piano.<\/p>\n<p><strong>\u00a0<\/strong><\/p>\n<p><strong>Slovenian Art Cinema Association Award<\/strong><\/p>\n<p><strong>Moja Vesna<\/strong><br \/>\nDirected by: Sara Kern<\/p>\n<p>Jury statement: Just like every winter is followed by summer, death invariably generates new life, but not every death is natural, and not every birth is desired. With delicate sensitivity and a deep understanding of a young person, the director guides the lead actress through the difficult role of a child coping with too heavy a burden better than those obligated to help her shoulder it. While exquisite cinematography and camerawork add to the uneasiness of the situation, hope ultimately remains that a new summer is coming.<\/p>\n<p>&nbsp;<\/p>\n<p><strong>IRIDIUM Award for best feature debut<\/strong><\/p>\n<p><strong>Riders<\/strong><br \/>\nDirected by: Dominik Mencej<\/p>\n\n\t\t<\/div>\n\t<\/div>\n<\/div><\/div><\/div><\/div>\n","protected":false},"excerpt":{"rendered":"Vesna Award for Best Feature Film Orchestra Directed by: Matev\u017e Luzar Production: Gustav Film Jury statement: More [...]","protected":false},"author":1,"featured_media":0,"parent":0,"menu_order":0,"comment_status":"closed","ping_status":"closed","template":"","meta":[],"yoast_head":"<!-- This site is optimized with the Yoast SEO plugin v19.7.1 - https:\/\/yoast.com\/wordpress\/plugins\/seo\/ -->\n<title>Awards - FSF<\/title>\n<meta name=\"robots\" content=\"index, follow, max-snippet:-1, max-image-preview:large, max-video-preview:-1\" \/>\n<link rel=\"canonical\" href=\"https:\/\/fsf.si\/2022\/awards\/\" \/>\n<meta property=\"og:locale\" content=\"sl_SI\" \/>\n<meta property=\"og:type\" content=\"article\" \/>\n<meta property=\"og:title\" content=\"Awards - FSF\" \/>\n<meta property=\"og:url\" content=\"https:\/\/fsf.si\/2022\/en\/awards\/\" \/>\n<meta property=\"og:site_name\" content=\"FSF\" \/>\n<meta property=\"article:modified_time\" content=\"2022-11-03T08:33:43+00:00\" \/>\n<meta name=\"twitter:card\" content=\"summary_large_image\" \/>\n<meta name=\"twitter:label1\" content=\"Est. reading time\" \/>\n\t<meta name=\"twitter:data1\" content=\"9 minut\" \/>\n<script type=\"application\/ld+json\" class=\"yoast-schema-graph\">{\"@context\":\"https:\/\/schema.org\",\"@graph\":[{\"@type\":\"WebPage\",\"@id\":\"https:\/\/fsf.si\/2022\/en\/awards\/\",\"url\":\"https:\/\/fsf.si\/2022\/en\/awards\/\",\"name\":\"Awards - FSF\",\"isPartOf\":{\"@id\":\"https:\/\/fsf.si\/2022\/#website\"},\"datePublished\":\"2019-06-05T10:51:06+00:00\",\"dateModified\":\"2022-11-03T08:33:43+00:00\",\"breadcrumb\":{\"@id\":\"https:\/\/fsf.si\/2022\/en\/awards\/#breadcrumb\"},\"inLanguage\":\"sl-SI\",\"potentialAction\":[{\"@type\":\"ReadAction\",\"target\":[\"https:\/\/fsf.si\/2022\/en\/awards\/\"]}]},{\"@type\":\"BreadcrumbList\",\"@id\":\"https:\/\/fsf.si\/2022\/en\/awards\/#breadcrumb\",\"itemListElement\":[{\"@type\":\"ListItem\",\"position\":1,\"name\":\"Home\",\"item\":\"https:\/\/fsf.si\/2022\/\"},{\"@type\":\"ListItem\",\"position\":2,\"name\":\"Awards\"}]},{\"@type\":\"WebSite\",\"@id\":\"https:\/\/fsf.si\/2022\/#website\",\"url\":\"https:\/\/fsf.si\/2022\/\",\"name\":\"FSF\",\"description\":\"Festival Slovenskega Filma\",\"publisher\":{\"@id\":\"https:\/\/fsf.si\/2022\/#organization\"},\"potentialAction\":[{\"@type\":\"SearchAction\",\"target\":{\"@type\":\"EntryPoint\",\"urlTemplate\":\"https:\/\/fsf.si\/2022\/?s={search_term_string}\"},\"query-input\":\"required name=search_term_string\"}],\"inLanguage\":\"sl-SI\"},{\"@type\":\"Organization\",\"@id\":\"https:\/\/fsf.si\/2022\/#organization\",\"name\":\"Festival Slovenskega Filma\",\"url\":\"https:\/\/fsf.si\/2022\/\",\"sameAs\":[],\"logo\":{\"@type\":\"ImageObject\",\"inLanguage\":\"sl-SI\",\"@id\":\"https:\/\/fsf.si\/2022\/#\/schema\/logo\/image\/\",\"url\":\"https:\/\/fsf.si\/2022\/wp-content\/uploads\/2019\/06\/Slider-FSF.png\",\"contentUrl\":\"https:\/\/fsf.si\/2022\/wp-content\/uploads\/2019\/06\/Slider-FSF.png\",\"width\":4800,\"height\":1600,\"caption\":\"Festival Slovenskega Filma\"},\"image\":{\"@id\":\"https:\/\/fsf.si\/2022\/#\/schema\/logo\/image\/\"}}]}<\/script>\n<!-- \/ Yoast SEO plugin. -->","yoast_head_json":{"title":"Awards - FSF","robots":{"index":"index","follow":"follow","max-snippet":"max-snippet:-1","max-image-preview":"max-image-preview:large","max-video-preview":"max-video-preview:-1"},"canonical":"https:\/\/fsf.si\/2022\/awards\/","og_locale":"sl_SI","og_type":"article","og_title":"Awards - FSF","og_url":"https:\/\/fsf.si\/2022\/en\/awards\/","og_site_name":"FSF","article_modified_time":"2022-11-03T08:33:43+00:00","twitter_card":"summary_large_image","twitter_misc":{"Est. reading time":"9 minut"},"schema":{"@context":"https:\/\/schema.org","@graph":[{"@type":"WebPage","@id":"https:\/\/fsf.si\/2022\/en\/awards\/","url":"https:\/\/fsf.si\/2022\/en\/awards\/","name":"Awards - FSF","isPartOf":{"@id":"https:\/\/fsf.si\/2022\/#website"},"datePublished":"2019-06-05T10:51:06+00:00","dateModified":"2022-11-03T08:33:43+00:00","breadcrumb":{"@id":"https:\/\/fsf.si\/2022\/en\/awards\/#breadcrumb"},"inLanguage":"sl-SI","potentialAction":[{"@type":"ReadAction","target":["https:\/\/fsf.si\/2022\/en\/awards\/"]}]},{"@type":"BreadcrumbList","@id":"https:\/\/fsf.si\/2022\/en\/awards\/#breadcrumb","itemListElement":[{"@type":"ListItem","position":1,"name":"Home","item":"https:\/\/fsf.si\/2022\/"},{"@type":"ListItem","position":2,"name":"Awards"}]},{"@type":"WebSite","@id":"https:\/\/fsf.si\/2022\/#website","url":"https:\/\/fsf.si\/2022\/","name":"FSF","description":"Festival Slovenskega Filma","publisher":{"@id":"https:\/\/fsf.si\/2022\/#organization"},"potentialAction":[{"@type":"SearchAction","target":{"@type":"EntryPoint","urlTemplate":"https:\/\/fsf.si\/2022\/?s={search_term_string}"},"query-input":"required name=search_term_string"}],"inLanguage":"sl-SI"},{"@type":"Organization","@id":"https:\/\/fsf.si\/2022\/#organization","name":"Festival Slovenskega Filma","url":"https:\/\/fsf.si\/2022\/","sameAs":[],"logo":{"@type":"ImageObject","inLanguage":"sl-SI","@id":"https:\/\/fsf.si\/2022\/#\/schema\/logo\/image\/","url":"https:\/\/fsf.si\/2022\/wp-content\/uploads\/2019\/06\/Slider-FSF.png","contentUrl":"https:\/\/fsf.si\/2022\/wp-content\/uploads\/2019\/06\/Slider-FSF.png","width":4800,"height":1600,"caption":"Festival Slovenskega Filma"},"image":{"@id":"https:\/\/fsf.si\/2022\/#\/schema\/logo\/image\/"}}]}},"_links":{"self":[{"href":"https:\/\/fsf.si\/2022\/wp-json\/wp\/v2\/pages\/3920"}],"collection":[{"href":"https:\/\/fsf.si\/2022\/wp-json\/wp\/v2\/pages"}],"about":[{"href":"https:\/\/fsf.si\/2022\/wp-json\/wp\/v2\/types\/page"}],"author":[{"embeddable":true,"href":"https:\/\/fsf.si\/2022\/wp-json\/wp\/v2\/users\/1"}],"replies":[{"embeddable":true,"href":"https:\/\/fsf.si\/2022\/wp-json\/wp\/v2\/comments?post=3920"}],"version-history":[{"count":45,"href":"https:\/\/fsf.si\/2022\/wp-json\/wp\/v2\/pages\/3920\/revisions"}],"predecessor-version":[{"id":23193,"href":"https:\/\/fsf.si\/2022\/wp-json\/wp\/v2\/pages\/3920\/revisions\/23193"}],"wp:attachment":[{"href":"https:\/\/fsf.si\/2022\/wp-json\/wp\/v2\/media?parent=3920"}],"curies":[{"name":"wp","href":"https:\/\/api.w.org\/{rel}","templated":true}]}}