{"id":4127,"date":"2019-06-07T16:45:28","date_gmt":"2019-06-07T16:45:28","guid":{"rendered":"http:\/\/www.fsf.si\/2019\/?page_id=4127"},"modified":"2022-10-30T22:25:10","modified_gmt":"2022-10-30T21:25:10","slug":"sporocila-za-medije","status":"publish","type":"page","link":"https:\/\/fsf.si\/2022\/sporocila-za-medije\/","title":{"rendered":"Sporo\u010dila za medije"},"content":{"rendered":"<div class=\"vc_row wpb_row vc_row-fluid\" ><div class=\"wpb_column vc_column_container vc_col-sm-12\"><div class=\"vc_column-inner\"><div class=\"wpb_wrapper\"><div class=\"vc_row wpb_row vc_inner vc_row-fluid jury-team-item vc_custom_1559922898698\" ><div class=\"wpb_column vc_column_container vc_col-sm-12\"><div class=\"vc_column-inner\"><div class=\"wpb_wrapper\"><div class=\"edgtf-iwt clearfix  edgtf-iwt-icon-left edgtf-iwt-icon-medium\">\n\t<div class=\"edgtf-iwt-icon\">\n\t\t\t\t\t<a itemprop=\"url\" href=\"https:\/\/fsf.si\/2022\/wp-content\/uploads\/2022\/10\/Podeljene-so-nagrade-25FSF-1.docx\" target=\"_self\">\n\t\t\t\t\t\t\t\t\t    <span class=\"edgtf-icon-shortcode edgtf-normal   edgtf-icon-medium\"  >\n                    <i class=\"edgtf-icon-font-awesome fa fa-file-pdf edgtf-icon-element\" style=\"\" ><\/i>            <\/span>\n\t\t\t\t\t\t\t\t<\/a>\n\t\t\t<\/div>\n\t<div class=\"edgtf-iwt-content\" >\n\t\t\t\t\t<h5 class=\"edgtf-iwt-title\" >\n\t\t\t\t\t\t\t\t\t<a itemprop=\"url\" href=\"https:\/\/fsf.si\/2022\/wp-content\/uploads\/2022\/10\/Podeljene-so-nagrade-25FSF-1.docx\" target=\"_self\">\n\t\t\t\t\t\t\t\t<span class=\"edgtf-iwt-title-text\">V Portoro\u017eu slavil film Orkester Matev\u017ea Luzarja<\/span>\n\t\t\t\t\t\t\t\t\t<\/a>\n\t\t\t\t\t\t\t<\/h5>\n\t\t\t\t\t\t\t<p class=\"edgtf-iwt-text\" >(0,041MB)<\/p>\n\t\t\t<\/div>\n<\/div><\/div><\/div><\/div><\/div><div class=\"vc_row wpb_row vc_inner vc_row-fluid jury-team-item vc_custom_1559922898698\" ><div class=\"wpb_column vc_column_container vc_col-sm-12\"><div class=\"vc_column-inner\"><div class=\"wpb_wrapper\"><div class=\"edgtf-iwt clearfix  edgtf-iwt-icon-left edgtf-iwt-icon-medium\">\n\t<div class=\"edgtf-iwt-icon\">\n\t\t\t\t\t<a itemprop=\"url\" href=\"https:\/\/fsf.si\/2022\/wp-content\/uploads\/2022\/10\/Utemljitve-nagrad-25FSF.docx\" target=\"_self\">\n\t\t\t\t\t\t\t\t\t    <span class=\"edgtf-icon-shortcode edgtf-normal   edgtf-icon-medium\"  >\n                    <i class=\"edgtf-icon-font-awesome fa fa-file-pdf edgtf-icon-element\" style=\"\" ><\/i>            <\/span>\n\t\t\t\t\t\t\t\t<\/a>\n\t\t\t<\/div>\n\t<div class=\"edgtf-iwt-content\" >\n\t\t\t\t\t<h5 class=\"edgtf-iwt-title\" >\n\t\t\t\t\t\t\t\t\t<a itemprop=\"url\" href=\"https:\/\/fsf.si\/2022\/wp-content\/uploads\/2022\/10\/Utemljitve-nagrad-25FSF.docx\" target=\"_self\">\n\t\t\t\t\t\t\t\t<span class=\"edgtf-iwt-title-text\">Utemeljitev nagrad 25. FSF<\/span>\n\t\t\t\t\t\t\t\t\t<\/a>\n\t\t\t\t\t\t\t<\/h5>\n\t\t\t\t\t\t\t<p class=\"edgtf-iwt-text\" >(0,040MB)<\/p>\n\t\t\t<\/div>\n<\/div><\/div><\/div><\/div><\/div><div class=\"vc_row wpb_row vc_inner vc_row-fluid jury-team-item vc_custom_1559922898698\" ><div class=\"wpb_column vc_column_container vc_col-sm-12\"><div class=\"vc_column-inner\"><div class=\"wpb_wrapper\"><div class=\"edgtf-iwt clearfix  edgtf-iwt-icon-left edgtf-iwt-icon-medium\">\n\t<div class=\"edgtf-iwt-icon\">\n\t\t\t\t\t<a itemprop=\"url\" href=\"https:\/\/fsf.si\/2022\/wp-content\/uploads\/2022\/10\/Sporocilo_za_medije_odprtje-25.-FSF-Portoroz.docx\" target=\"_self\">\n\t\t\t\t\t\t\t\t\t    <span class=\"edgtf-icon-shortcode edgtf-normal   edgtf-icon-medium\"  >\n                    <i class=\"edgtf-icon-font-awesome fa fa-file-pdf edgtf-icon-element\" style=\"\" ><\/i>            <\/span>\n\t\t\t\t\t\t\t\t<\/a>\n\t\t\t<\/div>\n\t<div class=\"edgtf-iwt-content\" >\n\t\t\t\t\t<h5 class=\"edgtf-iwt-title\" >\n\t\t\t\t\t\t\t\t\t<a itemprop=\"url\" href=\"https:\/\/fsf.si\/2022\/wp-content\/uploads\/2022\/10\/Sporocilo_za_medije_odprtje-25.-FSF-Portoroz.docx\" target=\"_self\">\n\t\t\t\t\t\t\t\t<span class=\"edgtf-iwt-title-text\">25. FSF Portoro\u017e sve\u010dano odprla kinote\u010dna projekcija restavrirane kopije \u010c\u00e1pove Vesne<\/span>\n\t\t\t\t\t\t\t\t\t<\/a>\n\t\t\t\t\t\t\t<\/h5>\n\t\t\t\t\t\t\t<p class=\"edgtf-iwt-text\" >(0,33MB)<\/p>\n\t\t\t<\/div>\n<\/div><\/div><\/div><\/div><\/div><div class=\"vc_row wpb_row vc_inner vc_row-fluid jury-team-item vc_custom_1559922898698\" ><div class=\"wpb_column vc_column_container vc_col-sm-12\"><div class=\"vc_column-inner\"><div class=\"wpb_wrapper\"><div class=\"edgtf-iwt clearfix  edgtf-iwt-icon-left edgtf-iwt-icon-medium\">\n\t<div class=\"edgtf-iwt-icon\">\n\t\t\t\t\t<a itemprop=\"url\" href=\"https:\/\/fsf.si\/2022\/wp-content\/uploads\/2022\/09\/25.-FSF-sporoc\u030cilo-medijem_Prejemnica-Badjurove-nagrade-je-Milena-Zupanc\u030cic\u030c.docx\" target=\"_self\">\n\t\t\t\t\t\t\t\t\t    <span class=\"edgtf-icon-shortcode edgtf-normal   edgtf-icon-medium\"  >\n                    <i class=\"edgtf-icon-font-awesome fa fa-file-pdf edgtf-icon-element\" style=\"\" ><\/i>            <\/span>\n\t\t\t\t\t\t\t\t<\/a>\n\t\t\t<\/div>\n\t<div class=\"edgtf-iwt-content\" >\n\t\t\t\t\t<h5 class=\"edgtf-iwt-title\" >\n\t\t\t\t\t\t\t\t\t<a itemprop=\"url\" href=\"https:\/\/fsf.si\/2022\/wp-content\/uploads\/2022\/09\/25.-FSF-sporoc\u030cilo-medijem_Prejemnica-Badjurove-nagrade-je-Milena-Zupanc\u030cic\u030c.docx\" target=\"_self\">\n\t\t\t\t\t\t\t\t<span class=\"edgtf-iwt-title-text\">Prejemnica Badjurove nagrade 2022 je Milena Zupan\u010di\u010d<\/span>\n\t\t\t\t\t\t\t\t\t<\/a>\n\t\t\t\t\t\t\t<\/h5>\n\t\t\t\t\t\t\t<p class=\"edgtf-iwt-text\" >(0,039MB)<\/p>\n\t\t\t<\/div>\n<\/div><\/div><\/div><\/div><\/div><div class=\"vc_row wpb_row vc_inner vc_row-fluid jury-team-item vc_custom_1559922898698\" ><div class=\"wpb_column vc_column_container vc_col-sm-12\"><div class=\"vc_column-inner\"><div class=\"wpb_wrapper\"><div class=\"edgtf-iwt clearfix  edgtf-iwt-icon-left edgtf-iwt-icon-medium\">\n\t<div class=\"edgtf-iwt-icon\">\n\t\t\t\t\t<a itemprop=\"url\" href=\"https:\/\/fsf.si\/2022\/wp-content\/uploads\/2022\/09\/Utemeljitev-Badjurove-nagrade-2022.docx\" target=\"_self\">\n\t\t\t\t\t\t\t\t\t    <span class=\"edgtf-icon-shortcode edgtf-normal   edgtf-icon-medium\"  >\n                    <i class=\"edgtf-icon-font-awesome fa fa-file-pdf edgtf-icon-element\" style=\"\" ><\/i>            <\/span>\n\t\t\t\t\t\t\t\t<\/a>\n\t\t\t<\/div>\n\t<div class=\"edgtf-iwt-content\" >\n\t\t\t\t\t<h5 class=\"edgtf-iwt-title\" >\n\t\t\t\t\t\t\t\t\t<a itemprop=\"url\" href=\"https:\/\/fsf.si\/2022\/wp-content\/uploads\/2022\/09\/Utemeljitev-Badjurove-nagrade-2022.docx\" target=\"_self\">\n\t\t\t\t\t\t\t\t<span class=\"edgtf-iwt-title-text\">Utemeljitev Badjurove nagrade 2022<\/span>\n\t\t\t\t\t\t\t\t\t<\/a>\n\t\t\t\t\t\t\t<\/h5>\n\t\t\t\t\t\t\t<p class=\"edgtf-iwt-text\" >(0,041MB)<\/p>\n\t\t\t<\/div>\n<\/div><\/div><\/div><\/div><\/div><div class=\"vc_row wpb_row vc_inner vc_row-fluid jury-team-item vc_custom_1559922898698\" ><div class=\"wpb_column vc_column_container vc_col-sm-12\"><div class=\"vc_column-inner\"><div class=\"wpb_wrapper\"><div class=\"edgtf-iwt clearfix  edgtf-iwt-icon-left edgtf-iwt-icon-medium\">\n\t<div class=\"edgtf-iwt-icon\">\n\t\t\t\t\t<a itemprop=\"url\" href=\"https:\/\/fsf.si\/2022\/wp-content\/uploads\/2022\/10\/Gradivo-za-novinarje.pdf\" target=\"_self\">\n\t\t\t\t\t\t\t\t\t    <span class=\"edgtf-icon-shortcode edgtf-normal   edgtf-icon-medium\"  >\n                    <i class=\"edgtf-icon-font-awesome fa fa-file-pdf edgtf-icon-element\" style=\"\" ><\/i>            <\/span>\n\t\t\t\t\t\t\t\t<\/a>\n\t\t\t<\/div>\n\t<div class=\"edgtf-iwt-content\" >\n\t\t\t\t\t<h5 class=\"edgtf-iwt-title\" >\n\t\t\t\t\t\t\t\t\t<a itemprop=\"url\" href=\"https:\/\/fsf.si\/2022\/wp-content\/uploads\/2022\/10\/Gradivo-za-novinarje.pdf\" target=\"_self\">\n\t\t\t\t\t\t\t\t<span class=\"edgtf-iwt-title-text\">Gradivo za novinarje<\/span>\n\t\t\t\t\t\t\t\t\t<\/a>\n\t\t\t\t\t\t\t<\/h5>\n\t\t\t\t\t\t\t<p class=\"edgtf-iwt-text\" >(0,385MB)<\/p>\n\t\t\t<\/div>\n<\/div><\/div><\/div><\/div><\/div><div class=\"vc_row wpb_row vc_inner vc_row-fluid jury-team-item vc_custom_1559922898698\" ><div class=\"wpb_column vc_column_container vc_col-sm-12\"><div class=\"vc_column-inner\"><div class=\"wpb_wrapper\"><div class=\"edgtf-iwt clearfix  edgtf-iwt-icon-left edgtf-iwt-icon-medium\">\n\t<div class=\"edgtf-iwt-icon\">\n\t\t\t\t\t<a itemprop=\"url\" href=\"https:\/\/fsf.si\/2022\/wp-content\/uploads\/2022\/10\/25FSF-sporocilo-za-javnost_porocilo-z-novinarske-konference.pdf\" target=\"_self\">\n\t\t\t\t\t\t\t\t\t    <span class=\"edgtf-icon-shortcode edgtf-normal   edgtf-icon-medium\"  >\n                    <i class=\"edgtf-icon-font-awesome fa fa-file-pdf edgtf-icon-element\" style=\"\" ><\/i>            <\/span>\n\t\t\t\t\t\t\t\t<\/a>\n\t\t\t<\/div>\n\t<div class=\"edgtf-iwt-content\" >\n\t\t\t\t\t<h5 class=\"edgtf-iwt-title\" >\n\t\t\t\t\t\t\t\t\t<a itemprop=\"url\" href=\"https:\/\/fsf.si\/2022\/wp-content\/uploads\/2022\/10\/25FSF-sporocilo-za-javnost_porocilo-z-novinarske-konference.pdf\" target=\"_self\">\n\t\t\t\t\t\t\t\t<span class=\"edgtf-iwt-title-text\">Sporo\u010dilo za medije z novinarske konference<\/span>\n\t\t\t\t\t\t\t\t\t<\/a>\n\t\t\t\t\t\t\t<\/h5>\n\t\t\t\t\t\t\t<p class=\"edgtf-iwt-text\" >(0,181MB)<\/p>\n\t\t\t<\/div>\n<\/div><\/div><\/div><\/div><\/div><\/div><\/div><\/div><\/div>\n","protected":false},"excerpt":{"rendered":"V Portoro\u017eu slavil film Orkester Matev\u017ea Luzarja (0,041MB) Utemeljitev nagrad 25. FSF (0,040MB) 25. FSF Portoro\u017e sve\u010dano [...]","protected":false},"author":1,"featured_media":0,"parent":0,"menu_order":0,"comment_status":"closed","ping_status":"closed","template":"","meta":[],"yoast_head":"<!-- This site is optimized with the Yoast SEO plugin v19.7.1 - https:\/\/yoast.com\/wordpress\/plugins\/seo\/ -->\n<title>Sporo\u010dila za medije - FSF<\/title>\n<meta name=\"robots\" content=\"index, follow, max-snippet:-1, max-image-preview:large, max-video-preview:-1\" \/>\n<link rel=\"canonical\" href=\"https:\/\/fsf.si\/2022\/sporocila-za-medije\/\" \/>\n<meta property=\"og:locale\" content=\"sl_SI\" \/>\n<meta property=\"og:type\" content=\"article\" \/>\n<meta property=\"og:title\" content=\"Sporo\u010dila za medije - FSF\" \/>\n<meta property=\"og:url\" content=\"https:\/\/fsf.si\/2022\/sporocila-za-medije\/\" \/>\n<meta property=\"og:site_name\" content=\"FSF\" \/>\n<meta property=\"article:modified_time\" content=\"2022-10-30T21:25:10+00:00\" \/>\n<meta name=\"twitter:card\" content=\"summary_large_image\" \/>\n<meta name=\"twitter:label1\" content=\"Est. reading time\" \/>\n\t<meta name=\"twitter:data1\" content=\"1 minuta\" \/>\n<script type=\"application\/ld+json\" class=\"yoast-schema-graph\">{\"@context\":\"https:\/\/schema.org\",\"@graph\":[{\"@type\":\"WebPage\",\"@id\":\"https:\/\/fsf.si\/2022\/sporocila-za-medije\/\",\"url\":\"https:\/\/fsf.si\/2022\/sporocila-za-medije\/\",\"name\":\"Sporo\u010dila za medije - FSF\",\"isPartOf\":{\"@id\":\"https:\/\/fsf.si\/2022\/#website\"},\"datePublished\":\"2019-06-07T16:45:28+00:00\",\"dateModified\":\"2022-10-30T21:25:10+00:00\",\"breadcrumb\":{\"@id\":\"https:\/\/fsf.si\/2022\/sporocila-za-medije\/#breadcrumb\"},\"inLanguage\":\"sl-SI\",\"potentialAction\":[{\"@type\":\"ReadAction\",\"target\":[\"https:\/\/fsf.si\/2022\/sporocila-za-medije\/\"]}]},{\"@type\":\"BreadcrumbList\",\"@id\":\"https:\/\/fsf.si\/2022\/sporocila-za-medije\/#breadcrumb\",\"itemListElement\":[{\"@type\":\"ListItem\",\"position\":1,\"name\":\"Home\",\"item\":\"https:\/\/fsf.si\/2022\/\"},{\"@type\":\"ListItem\",\"position\":2,\"name\":\"Sporo\u010dila za medije\"}]},{\"@type\":\"WebSite\",\"@id\":\"https:\/\/fsf.si\/2022\/#website\",\"url\":\"https:\/\/fsf.si\/2022\/\",\"name\":\"FSF\",\"description\":\"Festival Slovenskega Filma\",\"publisher\":{\"@id\":\"https:\/\/fsf.si\/2022\/#organization\"},\"potentialAction\":[{\"@type\":\"SearchAction\",\"target\":{\"@type\":\"EntryPoint\",\"urlTemplate\":\"https:\/\/fsf.si\/2022\/?s={search_term_string}\"},\"query-input\":\"required name=search_term_string\"}],\"inLanguage\":\"sl-SI\"},{\"@type\":\"Organization\",\"@id\":\"https:\/\/fsf.si\/2022\/#organization\",\"name\":\"Festival Slovenskega Filma\",\"url\":\"https:\/\/fsf.si\/2022\/\",\"sameAs\":[],\"logo\":{\"@type\":\"ImageObject\",\"inLanguage\":\"sl-SI\",\"@id\":\"https:\/\/fsf.si\/2022\/#\/schema\/logo\/image\/\",\"url\":\"https:\/\/fsf.si\/2022\/wp-content\/uploads\/2019\/06\/Slider-FSF.png\",\"contentUrl\":\"https:\/\/fsf.si\/2022\/wp-content\/uploads\/2019\/06\/Slider-FSF.png\",\"width\":4800,\"height\":1600,\"caption\":\"Festival Slovenskega Filma\"},\"image\":{\"@id\":\"https:\/\/fsf.si\/2022\/#\/schema\/logo\/image\/\"}}]}<\/script>\n<!-- \/ Yoast SEO plugin. -->","yoast_head_json":{"title":"Sporo\u010dila za medije - FSF","robots":{"index":"index","follow":"follow","max-snippet":"max-snippet:-1","max-image-preview":"max-image-preview:large","max-video-preview":"max-video-preview:-1"},"canonical":"https:\/\/fsf.si\/2022\/sporocila-za-medije\/","og_locale":"sl_SI","og_type":"article","og_title":"Sporo\u010dila za medije - FSF","og_url":"https:\/\/fsf.si\/2022\/sporocila-za-medije\/","og_site_name":"FSF","article_modified_time":"2022-10-30T21:25:10+00:00","twitter_card":"summary_large_image","twitter_misc":{"Est. reading time":"1 minuta"},"schema":{"@context":"https:\/\/schema.org","@graph":[{"@type":"WebPage","@id":"https:\/\/fsf.si\/2022\/sporocila-za-medije\/","url":"https:\/\/fsf.si\/2022\/sporocila-za-medije\/","name":"Sporo\u010dila za medije - FSF","isPartOf":{"@id":"https:\/\/fsf.si\/2022\/#website"},"datePublished":"2019-06-07T16:45:28+00:00","dateModified":"2022-10-30T21:25:10+00:00","breadcrumb":{"@id":"https:\/\/fsf.si\/2022\/sporocila-za-medije\/#breadcrumb"},"inLanguage":"sl-SI","potentialAction":[{"@type":"ReadAction","target":["https:\/\/fsf.si\/2022\/sporocila-za-medije\/"]}]},{"@type":"BreadcrumbList","@id":"https:\/\/fsf.si\/2022\/sporocila-za-medije\/#breadcrumb","itemListElement":[{"@type":"ListItem","position":1,"name":"Home","item":"https:\/\/fsf.si\/2022\/"},{"@type":"ListItem","position":2,"name":"Sporo\u010dila za medije"}]},{"@type":"WebSite","@id":"https:\/\/fsf.si\/2022\/#website","url":"https:\/\/fsf.si\/2022\/","name":"FSF","description":"Festival Slovenskega Filma","publisher":{"@id":"https:\/\/fsf.si\/2022\/#organization"},"potentialAction":[{"@type":"SearchAction","target":{"@type":"EntryPoint","urlTemplate":"https:\/\/fsf.si\/2022\/?s={search_term_string}"},"query-input":"required name=search_term_string"}],"inLanguage":"sl-SI"},{"@type":"Organization","@id":"https:\/\/fsf.si\/2022\/#organization","name":"Festival Slovenskega Filma","url":"https:\/\/fsf.si\/2022\/","sameAs":[],"logo":{"@type":"ImageObject","inLanguage":"sl-SI","@id":"https:\/\/fsf.si\/2022\/#\/schema\/logo\/image\/","url":"https:\/\/fsf.si\/2022\/wp-content\/uploads\/2019\/06\/Slider-FSF.png","contentUrl":"https:\/\/fsf.si\/2022\/wp-content\/uploads\/2019\/06\/Slider-FSF.png","width":4800,"height":1600,"caption":"Festival Slovenskega Filma"},"image":{"@id":"https:\/\/fsf.si\/2022\/#\/schema\/logo\/image\/"}}]}},"_links":{"self":[{"href":"https:\/\/fsf.si\/2022\/wp-json\/wp\/v2\/pages\/4127"}],"collection":[{"href":"https:\/\/fsf.si\/2022\/wp-json\/wp\/v2\/pages"}],"about":[{"href":"https:\/\/fsf.si\/2022\/wp-json\/wp\/v2\/types\/page"}],"author":[{"embeddable":true,"href":"https:\/\/fsf.si\/2022\/wp-json\/wp\/v2\/users\/1"}],"replies":[{"embeddable":true,"href":"https:\/\/fsf.si\/2022\/wp-json\/wp\/v2\/comments?post=4127"}],"version-history":[{"count":45,"href":"https:\/\/fsf.si\/2022\/wp-json\/wp\/v2\/pages\/4127\/revisions"}],"predecessor-version":[{"id":23176,"href":"https:\/\/fsf.si\/2022\/wp-json\/wp\/v2\/pages\/4127\/revisions\/23176"}],"wp:attachment":[{"href":"https:\/\/fsf.si\/2022\/wp-json\/wp\/v2\/media?parent=4127"}],"curies":[{"name":"wp","href":"https:\/\/api.w.org\/{rel}","templated":true}]}}