{"id":4201,"date":"2019-06-07T16:48:14","date_gmt":"2019-06-07T16:48:14","guid":{"rendered":"http:\/\/www.fsf.si\/2019\/?page_id=4201"},"modified":"2022-09-16T10:00:20","modified_gmt":"2022-09-16T08:00:20","slug":"badjurova-nagrada-za-zivljenjsko-delo","status":"publish","type":"page","link":"https:\/\/fsf.si\/2022\/badjurova-nagrada-za-zivljenjsko-delo\/","title":{"rendered":"Badjurova nagrada za \u017eivljenjsko delo"},"content":{"rendered":"<div class=\"vc_row wpb_row vc_row-fluid jury-team-item wpb_animate_when_almost_visible wpb_fadeInRightBig fadeInRightBig\" ><div class=\"wpb_column vc_column_container vc_col-sm-12\"><div class=\"vc_column-inner\"><div class=\"wpb_wrapper\">\n\t<div class=\"wpb_text_column wpb_content_element \" >\n\t\t<div class=\"wpb_wrapper\">\n\t\t\t<p style=\"text-align: justify;\">Badjurovo nagrado za leto 2022 prejme <strong>Milena Zupan\u010di\u010d, filmska in gledali\u0161ka igralka<\/strong>.<\/p>\n<p style=\"text-align: justify;\">Milena Zupan\u010di\u010d je ena najbolj prepoznavnih osebnosti sodobnega slovenskega filmskega in televizijskega prostora in ena od zvezd nekdanje skupne dr\u017eave, jugoslovanskega gledali\u0161\u010da in filma. Rojena je bila 18. decembra 1946 na Jesenicah. V osnovno \u0161olo je hodila na\u00a0Bohinjski Beli. Kasneje, kot najstnica, je obiskovala\u00a0gimnazijo\u00a0na\u00a0Jesenicah\u00a0in \u017ee takrat je vedela, da \u017eeli postati igralka. Leta 1965 se je vpisala na igralski oddelek AIU (prof. V. Juvan) v Ljubljani, kjer je absolvirala leta 1969 z vlogo Claire v diplomski predstavi <em>Slu\u017ekinji<\/em> Jeana Geneta. Od leta 1969 je bila \u010dlanica Mestnega gledali\u0161\u010da ljubljanskega, od leta 1979 SNG Drame Ljubljana, v letih od 1985 do 1987 je bila zaposlena v Slovenskem mladinskem gledali\u0161\u010du, v letih 1987 in 1988 svobodna umetnica, od leta 1989 do upokojitve pa je bila ponovno \u010dlanica SNG Drame Ljubljana. Obenem je gostovala v domala vseh slovenskih poklicnih gledali\u0161\u010dih, v gledali\u0161kih hi\u0161ah na ozemlju nekdanje Jugoslavije, kakor tudi pri neodvisnih produkcijah.<\/p>\n\n\t\t<\/div>\n\t<\/div>\n<div class=\"vc_row wpb_row vc_inner vc_row-fluid\" ><div class=\"wpb_column vc_column_container vc_col-sm-8\"><div class=\"vc_column-inner\"><div class=\"wpb_wrapper\">\n\t<div class=\"wpb_text_column wpb_content_element \" >\n\t\t<div class=\"wpb_wrapper\">\n\t\t\t<p style=\"text-align: justify;\">\u010ceprav je njen gledali\u0161ki opus impozanten, je v igralskem svetu debitirala s filmsko vlogo, in sicer z vlogo \u0161tudentke v filmu <em>Oxygen<\/em> (1970) re\u017eiserja Matja\u017ea Klop\u010di\u010da. V kolektivno zavest Slovencev se je vpisala z vlogama Prese\u010dnikove Mete v <em>Cvetju v jeseni<\/em> (1973) in \u017da\u0161lerce v <em>Vdovstvu Karoline \u017da\u0161ler<\/em> (1976), obakrat v re\u017eiji Matja\u017ea Klop\u010di\u010da. Vendar bi bilo krivi\u010dno, \u010de bi omenjali zgolj najbolj prepoznavne igralske stvaritve Milene Zupan\u010di\u010d. V ve\u010d kot petih desetletjih nastopov na filmskem platnu in televizijskem zaslonu je ustvarila ve\u010d kot 80 vlog, sodelovala je z najve\u010djimi avtorskimi imeni z obmo\u010dja nekdanje Jugoslavije. V svojih igralskih stvaritvah je prestopala meje ustaljene filmske igre. Kot je v imenu Dru\u0161tva slovenskih avdiovizualnih igralcev, ki je nagrajenko predlagalo, zapisal Brane Zavr\u0161an: \u00bbKompleksna osebnost Milene Zupan\u010di\u010d se vedno kristalizira v mnogoteri pojavnosti vrhunske igralke v razponu vlog, ki segajo od \u203aideala \u010distega, v ljubezenskem prebujenju zgorelega dekleta\u2039, preko socialno zavr\u017eene uporne \u017eenske, spet dru\u017ebeno kriti\u010dne, eksperimentalno novovalovske, pa prepri\u010dljive zgodovinske junakinje, komedijsko dovr\u0161ene stvaritve, od satire do romanti\u010dne komedije, spet tragi\u010dnih \u017eensk z vsem \u010dutenjem usode, pa vse do senzualnih, \u010dutnih in fatalnih \u017eensk. Skozi vsa ta dela se ka\u017ee dovr\u0161ena tenko\u010dutna igra, ki upodablja polno domi\u0161ljene in do\u017eivete vloge. Sposobna je ustvarjati v najrazli\u010dnej\u0161ih slogih in \u017eanrih. Vedno uprizarja \u017eensko v njeni ve\u010dplastnosti, do protislovnosti, v okviru naravnosti in prepri\u010dljivosti ekspresije, a z vsem zavedanjem svojega poslanstva to virtuozno podredi sporo\u010dilnosti celotnega filma. Njena igra ni obstala v varnem zavetju preizku\u0161ene metode, temve\u010d jo nenehno nadgrajuje skupaj s celotnim razvojem sodobne filmske umetnosti.\u00ab<\/p>\n<p style=\"text-align: justify;\">Za svoje igralsko udejstvovanje na filmu in televiziji je osvojila na desetine nagrad: srebrno in dve zlati areni na puljskem festivalu (1973, 1976, 1977), ve\u010d nagrad Carice Teodore na filmskih sre\u010danjih v Ni\u0161u (1973, 1976, 1977, 1985), dvakratni naziv igralke leta na Festivalih slovenskega filma (1976, 1985), nagrado SEE Actress za prispevek k slovenskemu in jugoslovanskemu filmu na Filmskem festivalu jugovzhodne Evrope (Berlin, Pariz 2019), \u010dastno nagrado Aleksandra Lifke za izjemen prispevek k evropski kinematografiji na Festivalu evropskega filma (Pali\u0107, 2019) in seveda nagrado bert za \u017eivljenjsko delo na podro\u010dju filmske igre. Poleg filmskih nagrad je Milena Zupan\u010di\u010d tudi prejemnica Bor\u0161tnikovega prstana (1999), Pre\u0161ernove nagrade za trajen prispevek k razvoju slovenske kulture (1993) in zlatega reda za zasluge za ustvarjalni opus na podro\u010dju slovenske gledali\u0161ke in filmske umetnosti ter zavzeto delovanje za kulturo solidarnosti, ki ji ga je leta 2016 podelil predsednik Republike Slovenije Borut Pahor.<\/p>\n\n\t\t<\/div>\n\t<\/div>\n<\/div><\/div><\/div><div class=\"wpb_column vc_column_container vc_col-sm-4\"><div class=\"vc_column-inner\"><div class=\"wpb_wrapper\"><div class=\"vc_empty_space\"   style=\"height: 32px\"><span class=\"vc_empty_space_inner\"><\/span><\/div>\n\t<div  class=\"wpb_single_image wpb_content_element vc_align_left\">\n\t\t\n\t\t<figure class=\"wpb_wrapper vc_figure\">\n\t\t\t<div class=\"vc_single_image-wrapper   vc_box_border_grey\"><img width=\"2329\" height=\"3500\" src=\"https:\/\/fsf.si\/2022\/wp-content\/uploads\/2022\/09\/milena_zupancic_1.jpg\" class=\"vc_single_image-img attachment-full\" alt=\"\" loading=\"lazy\" \/><\/div>\n\t\t<\/figure>\n\t<\/div>\n<\/div><\/div><\/div><\/div>\n\t<div class=\"wpb_text_column wpb_content_element \" >\n\t\t<div class=\"wpb_wrapper\">\n\t\t\t<p style=\"text-align: justify;\">Milena Zupan\u010di\u010d s svojim delom, ki sega tudi onkraj filmskega in gledali\u0161kega ustvarjanja, mo\u010dno ozna\u010duje slovenski kulturni in dru\u017ebeni prostor, zato je podelitev Badjurove nagrade za \u017eivljenjsko delo gospe Mileni Zupan\u010di\u010d prilo\u017enost, s katero izkazujemo svoje spo\u0161tovanje do igralkine ve\u010d kot pol stoletja dolge ustvarjalne poti. Milena Zupan\u010di\u010d nas s svojo neusahljivo ustvarjalnostjo vedno znova preseneti in prepri\u010da, da \u0161e zdale\u010d ni rekla zadnje besede.<\/p>\n<p style=\"text-align: justify;\">Boris Petkovi\u010d,<\/p>\n<p style=\"text-align: justify;\">predsednik komisije za Badjurovo nagrado 2022<\/p>\n<p style=\"text-align: justify;\">\u010clani in \u010dlanice komisije za nagrado Metoda Badjure v letu 2022: Jelka Stergel, Polona Juh, Viva Videnovi\u0107, Du\u0161an Milavec in Boris Petkovi\u010d, predsednik.<\/p>\n\n\t\t<\/div>\n\t<\/div>\n<\/div><\/div><\/div><\/div>\n","protected":false},"excerpt":{"rendered":"Badjurovo nagrado za leto 2022 prejme Milena Zupan\u010di\u010d, filmska in gledali\u0161ka igralka. Milena Zupan\u010di\u010d je ena najbolj [...]","protected":false},"author":1,"featured_media":0,"parent":0,"menu_order":0,"comment_status":"closed","ping_status":"closed","template":"","meta":[],"yoast_head":"<!-- This site is optimized with the Yoast SEO plugin v19.7.1 - https:\/\/yoast.com\/wordpress\/plugins\/seo\/ -->\n<title>Badjurova nagrada za \u017eivljenjsko delo - FSF<\/title>\n<meta name=\"robots\" content=\"index, follow, max-snippet:-1, max-image-preview:large, max-video-preview:-1\" \/>\n<link rel=\"canonical\" href=\"https:\/\/fsf.si\/2022\/badjurova-nagrada-za-zivljenjsko-delo\/\" \/>\n<meta property=\"og:locale\" content=\"sl_SI\" \/>\n<meta property=\"og:type\" content=\"article\" \/>\n<meta property=\"og:title\" content=\"Badjurova nagrada za \u017eivljenjsko delo - FSF\" \/>\n<meta property=\"og:url\" content=\"https:\/\/fsf.si\/2022\/badjurova-nagrada-za-zivljenjsko-delo\/\" \/>\n<meta property=\"og:site_name\" content=\"FSF\" \/>\n<meta property=\"article:modified_time\" content=\"2022-09-16T08:00:20+00:00\" \/>\n<meta name=\"twitter:card\" content=\"summary_large_image\" \/>\n<meta name=\"twitter:label1\" content=\"Est. reading time\" \/>\n\t<meta name=\"twitter:data1\" content=\"4 minute\" \/>\n<script type=\"application\/ld+json\" class=\"yoast-schema-graph\">{\"@context\":\"https:\/\/schema.org\",\"@graph\":[{\"@type\":\"WebPage\",\"@id\":\"https:\/\/fsf.si\/2022\/badjurova-nagrada-za-zivljenjsko-delo\/\",\"url\":\"https:\/\/fsf.si\/2022\/badjurova-nagrada-za-zivljenjsko-delo\/\",\"name\":\"Badjurova nagrada za \u017eivljenjsko delo - FSF\",\"isPartOf\":{\"@id\":\"https:\/\/fsf.si\/2022\/#website\"},\"datePublished\":\"2019-06-07T16:48:14+00:00\",\"dateModified\":\"2022-09-16T08:00:20+00:00\",\"breadcrumb\":{\"@id\":\"https:\/\/fsf.si\/2022\/badjurova-nagrada-za-zivljenjsko-delo\/#breadcrumb\"},\"inLanguage\":\"sl-SI\",\"potentialAction\":[{\"@type\":\"ReadAction\",\"target\":[\"https:\/\/fsf.si\/2022\/badjurova-nagrada-za-zivljenjsko-delo\/\"]}]},{\"@type\":\"BreadcrumbList\",\"@id\":\"https:\/\/fsf.si\/2022\/badjurova-nagrada-za-zivljenjsko-delo\/#breadcrumb\",\"itemListElement\":[{\"@type\":\"ListItem\",\"position\":1,\"name\":\"Home\",\"item\":\"https:\/\/fsf.si\/2022\/\"},{\"@type\":\"ListItem\",\"position\":2,\"name\":\"Badjurova nagrada za \u017eivljenjsko delo\"}]},{\"@type\":\"WebSite\",\"@id\":\"https:\/\/fsf.si\/2022\/#website\",\"url\":\"https:\/\/fsf.si\/2022\/\",\"name\":\"FSF\",\"description\":\"Festival Slovenskega Filma\",\"publisher\":{\"@id\":\"https:\/\/fsf.si\/2022\/#organization\"},\"potentialAction\":[{\"@type\":\"SearchAction\",\"target\":{\"@type\":\"EntryPoint\",\"urlTemplate\":\"https:\/\/fsf.si\/2022\/?s={search_term_string}\"},\"query-input\":\"required name=search_term_string\"}],\"inLanguage\":\"sl-SI\"},{\"@type\":\"Organization\",\"@id\":\"https:\/\/fsf.si\/2022\/#organization\",\"name\":\"Festival Slovenskega Filma\",\"url\":\"https:\/\/fsf.si\/2022\/\",\"sameAs\":[],\"logo\":{\"@type\":\"ImageObject\",\"inLanguage\":\"sl-SI\",\"@id\":\"https:\/\/fsf.si\/2022\/#\/schema\/logo\/image\/\",\"url\":\"https:\/\/fsf.si\/2022\/wp-content\/uploads\/2019\/06\/Slider-FSF.png\",\"contentUrl\":\"https:\/\/fsf.si\/2022\/wp-content\/uploads\/2019\/06\/Slider-FSF.png\",\"width\":4800,\"height\":1600,\"caption\":\"Festival Slovenskega Filma\"},\"image\":{\"@id\":\"https:\/\/fsf.si\/2022\/#\/schema\/logo\/image\/\"}}]}<\/script>\n<!-- \/ Yoast SEO plugin. -->","yoast_head_json":{"title":"Badjurova nagrada za \u017eivljenjsko delo - FSF","robots":{"index":"index","follow":"follow","max-snippet":"max-snippet:-1","max-image-preview":"max-image-preview:large","max-video-preview":"max-video-preview:-1"},"canonical":"https:\/\/fsf.si\/2022\/badjurova-nagrada-za-zivljenjsko-delo\/","og_locale":"sl_SI","og_type":"article","og_title":"Badjurova nagrada za \u017eivljenjsko delo - FSF","og_url":"https:\/\/fsf.si\/2022\/badjurova-nagrada-za-zivljenjsko-delo\/","og_site_name":"FSF","article_modified_time":"2022-09-16T08:00:20+00:00","twitter_card":"summary_large_image","twitter_misc":{"Est. reading time":"4 minute"},"schema":{"@context":"https:\/\/schema.org","@graph":[{"@type":"WebPage","@id":"https:\/\/fsf.si\/2022\/badjurova-nagrada-za-zivljenjsko-delo\/","url":"https:\/\/fsf.si\/2022\/badjurova-nagrada-za-zivljenjsko-delo\/","name":"Badjurova nagrada za \u017eivljenjsko delo - FSF","isPartOf":{"@id":"https:\/\/fsf.si\/2022\/#website"},"datePublished":"2019-06-07T16:48:14+00:00","dateModified":"2022-09-16T08:00:20+00:00","breadcrumb":{"@id":"https:\/\/fsf.si\/2022\/badjurova-nagrada-za-zivljenjsko-delo\/#breadcrumb"},"inLanguage":"sl-SI","potentialAction":[{"@type":"ReadAction","target":["https:\/\/fsf.si\/2022\/badjurova-nagrada-za-zivljenjsko-delo\/"]}]},{"@type":"BreadcrumbList","@id":"https:\/\/fsf.si\/2022\/badjurova-nagrada-za-zivljenjsko-delo\/#breadcrumb","itemListElement":[{"@type":"ListItem","position":1,"name":"Home","item":"https:\/\/fsf.si\/2022\/"},{"@type":"ListItem","position":2,"name":"Badjurova nagrada za \u017eivljenjsko delo"}]},{"@type":"WebSite","@id":"https:\/\/fsf.si\/2022\/#website","url":"https:\/\/fsf.si\/2022\/","name":"FSF","description":"Festival Slovenskega Filma","publisher":{"@id":"https:\/\/fsf.si\/2022\/#organization"},"potentialAction":[{"@type":"SearchAction","target":{"@type":"EntryPoint","urlTemplate":"https:\/\/fsf.si\/2022\/?s={search_term_string}"},"query-input":"required name=search_term_string"}],"inLanguage":"sl-SI"},{"@type":"Organization","@id":"https:\/\/fsf.si\/2022\/#organization","name":"Festival Slovenskega Filma","url":"https:\/\/fsf.si\/2022\/","sameAs":[],"logo":{"@type":"ImageObject","inLanguage":"sl-SI","@id":"https:\/\/fsf.si\/2022\/#\/schema\/logo\/image\/","url":"https:\/\/fsf.si\/2022\/wp-content\/uploads\/2019\/06\/Slider-FSF.png","contentUrl":"https:\/\/fsf.si\/2022\/wp-content\/uploads\/2019\/06\/Slider-FSF.png","width":4800,"height":1600,"caption":"Festival Slovenskega Filma"},"image":{"@id":"https:\/\/fsf.si\/2022\/#\/schema\/logo\/image\/"}}]}},"_links":{"self":[{"href":"https:\/\/fsf.si\/2022\/wp-json\/wp\/v2\/pages\/4201"}],"collection":[{"href":"https:\/\/fsf.si\/2022\/wp-json\/wp\/v2\/pages"}],"about":[{"href":"https:\/\/fsf.si\/2022\/wp-json\/wp\/v2\/types\/page"}],"author":[{"embeddable":true,"href":"https:\/\/fsf.si\/2022\/wp-json\/wp\/v2\/users\/1"}],"replies":[{"embeddable":true,"href":"https:\/\/fsf.si\/2022\/wp-json\/wp\/v2\/comments?post=4201"}],"version-history":[{"count":49,"href":"https:\/\/fsf.si\/2022\/wp-json\/wp\/v2\/pages\/4201\/revisions"}],"predecessor-version":[{"id":21017,"href":"https:\/\/fsf.si\/2022\/wp-json\/wp\/v2\/pages\/4201\/revisions\/21017"}],"wp:attachment":[{"href":"https:\/\/fsf.si\/2022\/wp-json\/wp\/v2\/media?parent=4201"}],"curies":[{"name":"wp","href":"https:\/\/api.w.org\/{rel}","templated":true}]}}