{"id":4645,"date":"2019-06-07T16:56:28","date_gmt":"2019-06-07T16:56:28","guid":{"rendered":"http:\/\/www.fsf.si\/2019\/?page_id=4645"},"modified":"2022-10-30T22:02:31","modified_gmt":"2022-10-30T21:02:31","slug":"nagrade","status":"publish","type":"page","link":"https:\/\/fsf.si\/2022\/nagrade\/","title":{"rendered":"Nagrade"},"content":{"rendered":"<div class=\"vc_row wpb_row vc_row-fluid wpb_animate_when_almost_visible wpb_lightSpeedIn lightSpeedIn vc_custom_1633336772343 vc_row-has-fill edgtf-content-aligment-left\" ><div class=\"wpb_column vc_column_container vc_col-sm-12 vc_col-has-fill\"><div class=\"vc_column-inner vc_custom_1559733019901\"><div class=\"wpb_wrapper\">\n\t<div class=\"wpb_text_column wpb_content_element \" >\n\t\t<div class=\"wpb_wrapper\">\n\t\t\t<p><strong>Vesna za najbolj\u0161i celove\u010derni film<\/strong><\/p>\n<p><strong>Orkester<br \/>\n<\/strong>Re\u017eija: Matev\u017e Luzar<strong><br \/>\n<\/strong>Produkcija: Gustav Film<\/p>\n<p>Utemeljitev: <em>Orkester<\/em> ni samo naslov filma, je tudi prispodoba. Filmski liki delujejo usklajeno samo pod dirigentovim vodstvom, medtem ko so njihova \u017eivljenja povsem neorkestrirana. Povedano z drugimi besedami \u2013 v svojih \u017eivljenjih so bolj ali manj razgla\u0161eni. V tem ugla\u0161evanju in razgla\u0161evanju filmske zgodbe so vsi umetni\u0161ki, tehni\u010dni in produkcijski segmenti filma \u0161e kako ugla\u0161eni. Pod suvereno dirigentsko pali\u010dico nam <em>Orkester<\/em> zaigra resno glasbo o malih ljudeh, v kateri se lahko zasli\u0161imo tudi sami.<\/p>\n<p>&nbsp;<\/p>\n<p><strong>Vesna za najbolj\u0161o re\u017eijo<\/strong><\/p>\n<p><strong>Sara Kern<br \/>\n<\/strong>za film<strong> Moja Vesna<\/strong><\/p>\n<p>Utemeljitev: Re\u017eiserka ustvarja do\u017eiveto nasprotje med mlado sestro, ki prezgodaj prevzema breme odgovornosti, in starej\u0161o sestro, ki te odgovornosti ne sprejema in je izrazito romanti\u010den, tragi\u010den lik, nekje ob njiju pa se izgublja disfunkcionalni o\u010de. Izrazito intimisti\u010den pristop, zlit v eno s kamero, igralci in zvokom, se preko realisti\u010dnega pristopa odpira v skoraj simbolno subjektivno do\u017eivetje.<\/p>\n<p>&nbsp;<\/p>\n<p><strong>Vesna za najbolj\u0161i scenarij<\/strong><\/p>\n<p><strong>Matev\u017e Luzar<br \/>\n<\/strong>za film<strong> Orkester<\/strong><\/p>\n<p>Utemeljitev: Scenarij <em>Orkestra<\/em> prina\u0161a harmoni\u010dno celoto skupine likov oziroma celotnega igralskega ansambla. Ponuja analizo mentalitete Slovencev in na\u0161ih avstrijskih sosedov, od mikronivoja do \u0161ir\u0161e dru\u017ebene ravni in skozi razli\u010dne generacije. S toplino, preprosto in naravno, se zazre v mimobe\u017ene \u017eivljenjske epizode in jih razgalja v vsej njihovi komi\u010dnosti, absurdnosti in osebnih stiskah.<\/p>\n<p>&nbsp;<\/p>\n<p><strong>Vesna za najbolj\u0161o glavno \u017eensko vlogo<\/strong><\/p>\n<p><strong>Loti Kova\u010di\u010d <\/strong>za vlogo Moje<br \/>\nv filmu<strong> Moja Vesna<\/strong><\/p>\n<p>Utemeljitev: Med pogre\u0161anjem izrazitih dramskih \u017eenskih likov v leto\u0161nji filmski beri nas je s svojo prezenco, skrivnostnostjo, igralsko doslednostjo in fotogeni\u010dnostjo o\u010darala mlada Loti Kova\u010di\u010d. \u010cutimo, kako se bole\u010dina in te\u017eko soo\u010danje s tragedijo mamine smrti v njej borita s plemenitostjo, skrbjo za dru\u017eino in voljo do \u017eivljenja.<\/p>\n<p>&nbsp;<\/p>\n<p><strong>Vesna za najbolj\u0161o glavno mo\u0161ko vlogo<\/strong><\/p>\n<p><strong>Petja Labovi\u0107 <\/strong>za vlogo Antona<strong><br \/>\n<\/strong>v filmu<strong> Jezdeca<\/strong><\/p>\n<p>Utemeljitev: Lik Antona posku\u0161a komunicirati s svetom skozi jezo in nasilje. Pri tem Petja Labovi\u0107 s presenetljivo zrelim nastopom izkazuje razo\u010daranje mladeni\u010da nad \u017eivljenjem, ki ga je preizkusilo, \u010deprav ga sam \u0161e ni v polnosti izkusil. Obenem izkazuje sposobnost empatije in soo\u010denja z usodo. V nas vzbuja so\u010dutje, a se izogne patetiki, je duhovit, a ne karikiran. Petja Labovi\u0107 je vlogo odigral energi\u010dno, zrelo in predano.<\/p>\n<p>&nbsp;<\/p>\n<p><strong>Vesna za najbolj\u0161o stransko \u017eensko vlogo<\/strong><\/p>\n<p><strong>Alenka Kraigher <\/strong>za vlogo Jane<strong><br \/>\n<\/strong>v filmu<strong> Vesolje med nami<\/strong><\/p>\n<p>Utemeljitev: Alenka Kraigher kot Jana nam gre v vlogi afektirane malome\u0161\u010danske vsiljivke na za\u010detku filma stra\u0161no na \u017eivce. Postopoma spoznamo, da pod to masko \u017eivi ob\u010dutljiva \u017eenska z vsemi slabostmi slehernika.<\/p>\n<p>&nbsp;<\/p>\n<p><strong>Vesna za najbolj\u0161o stransko mo\u0161ko vlogo<\/strong><\/p>\n<p><strong>Jonas \u017dnidar\u0161i\u010d <\/strong>za vlogo vodje kriminalistov<strong><br \/>\n<\/strong>v filmu<strong> Dedek gre na jug<\/strong><\/p>\n<p>Utemeljitev: V tem pisanem filmu, polnem zanimivih likov, nas je \u0161e posebej prepri\u010dal policijski in\u0161pektor, ki uspe kljub omejenemu \u010dasu svojemu liku dati karakter, pri tem pa mu uspe mala bravura.<\/p>\n<p>&nbsp;<\/p>\n<p><strong>Vesna za najbolj\u0161o fotografijo <\/strong><\/p>\n<p><strong>Simon Tan\u0161ek<br \/>\n<\/strong>za film<strong> Orkester<\/strong><\/p>\n<p>Utemeljitev: Filmska fotografija v filmu dosega zavidljiv profesionalni in estetski nivo. Natan\u010dno gradi vizualno identiteto filma s \u010drno-belo fotografijo, izostrenimi kompozicijami, natan\u010dno osvetlitvijo, igranjem s premiki dogajanja na vzporedne ekrane. Zadr\u017eano, a ob\u010duteno uspe ustvariti povsem samosvoj avtorski izraz.<\/p>\n<p>&nbsp;<\/p>\n<p><strong>Vesna za najbolj\u0161o izvirno glasbo<\/strong><\/p>\n<p><strong>Gregor Strni\u0161a<br \/>\n<\/strong>za film<strong> Po\u0161vedrani klavir<\/strong><\/p>\n<p>Utemeljitev: Glasba v filmu <em>Po\u0161vedrani klavir<\/em> je tudi sama po\u0161vedrana, vendar duhovita, kot je duhovit film sam. Preko nje se potopimo v klavir in zgodbe, ki ga ovijajo. Ko avtor v filmu mol\u010di, njegova glasba \u0161e kako pripoveduje.<\/p>\n<p>&nbsp;<\/p>\n<p><strong>Vesna za najbolj\u0161o monta\u017eo<\/strong><\/p>\n<p><strong>Andrej Nagode, Matic Drakuli\u0107<br \/>\n<\/strong>za film<strong> Jezdeca<\/strong><\/p>\n<p>Utemeljitev: Presenetljivi preskoki in preizkusi prehajajo v samo ob\u010dutenje junakov in dogajanja. Monta\u017ea je tenko\u010dutna \u2013 poigrava se in hkrati ohranja natan\u010dnost ter vzpostavi ritem, ki klju\u010dno nadgradi zgodbo in sooblikuje filmsko do\u017eivetje.<\/p>\n<p>&nbsp;<\/p>\n<p>&nbsp;<\/p>\n<p><strong>Vesna za najbolj\u0161o scenografijo<\/strong><\/p>\n<p><strong>Robert \u010cernel\u010d<br \/>\n<\/strong>za film <strong>Pti\u010dar<\/strong><\/p>\n<p>Utemeljitev: Scenografija oblikuje iz\u010di\u0161\u010deno likovnost. Prostor in celoten film se spretno sprehajata med sanjami, spomini in stvarnostjo. Scenografijo odlikujejo podobe drobnih predmetov, ki nam pripovedujejo svoje zgodbe. Z minimalnimi sredstvi avtor suvereno sestavi mo\u010dno vizualnost tega zelo posebnega filma.<\/p>\n<p>&nbsp;<\/p>\n<p><strong>Vesna za najbolj\u0161o kostumografijo<\/strong><\/p>\n<p><strong>Monika Lorber<br \/>\n<\/strong>za film <strong>Najsre\u010dnej\u0161i \u010dlovek na svetu<\/strong><\/p>\n<p>Utemeljitev: Kostumografija nadgrajuje realizem in prevzame vlogo enega klju\u010dnih elementov vizualne podobe filma. V kostumih slutimo osebne zgodbe likov, preko njih avtorica izra\u017ea nianse, od ironije do so\u010dutja.<\/p>\n<p>&nbsp;<\/p>\n<p><strong>Vesna za najbolj\u0161o masko<\/strong><\/p>\n<p><strong>Mojca Gorogranc Petrushevska<br \/>\n<\/strong>za film <strong>Najsre\u010dnej\u0161i \u010dlovek na svetu<\/strong><\/p>\n<p>Utemeljitev: Maska v tem filmu je neopazna, a ves \u010das pristotna. V sozvo\u010dju z naravo karakterjev in njihovimi \u010dustvenimi stanji \u017eivi \u017eivljenje svojih likov.<\/p>\n<p>&nbsp;<\/p>\n<p><strong>Vesna za najbolj\u0161i zvok<\/strong><\/p>\n<p><strong>Samo Jurca<br \/>\n<\/strong>za film <strong>Jezdeca<\/strong><\/p>\n<p>Utemeljitev: Zvok je eden od likov filma. Oblikovan je z velikim ob\u010dutkom. Izrazit in ekspresiven predstavlja pri prehajanju med razli\u010dnimi okolji, stanji zvesti, spomini, vizijami in preskoki v \u010dasu eno glavnih re\u017eijskih sredstev.<\/p>\n<p><strong>\u00a0<\/strong><\/p>\n<p><strong>Vesna za najbolj\u0161o manj\u0161insko koprodukcijo<\/strong><\/p>\n<p><strong>Najsre\u010dnej\u0161i \u010dlovek na svetu<\/strong><br \/>\nRe\u017eija: Teona Strugar Mitevska<br \/>\nSlovenski koproducent: Danijel Ho\u010devar (Vertigo)<\/p>\n<p>Utemeljitev: Dramaturgija in re\u017eija filma se dopolnjujeta na poti do vrhunca katarze. Film pogumno raziskuje surova ljudska \u010dustva in strahove ter prina\u0161a soo\u010denje preteklosti in sedanjosti. Formirana avtorica sebe in gledalce vr\u017ee v strastno raziskovanje filmske forme in teme, pri \u010demer je ves \u010das natan\u010dna in senzibilna.<\/p>\n<p>&nbsp;<\/p>\n<p><strong>Vesna za najbolj\u0161i dokumentarni film<\/strong><\/p>\n<p><strong>Tekm\u00fcvanje<br \/>\n<\/strong>Re\u017eija: Miha Mohori\u010d <strong><br \/>\n<\/strong>Produkcija: Sagar Kolektiv<\/p>\n<p>Utemeljitev: Filmska kamera postane del skupnosti, s katero praznuje, neumorno vadi, se zabava in si v\u010dasih ne more pomagati, da ne bi kar \u0161printala v\u0161tric s svojimi protagonisti. Z neposrednostjo film gledalcu omogo\u010di, da postane \u010dlan prvega romskega prostovoljnega gasilskega dru\u0161tva in mu ponudi vstopnico v svet, ki ga obi\u010dajno ne more izkusiti in za katerega morda niti ne ve, da obstaja. Film, ki ima potencial, da postane mali hit.<\/p>\n<p>&nbsp;<\/p>\n<p><strong>Vesna za najbolj\u0161i kratki igrani film<\/strong><\/p>\n<p><strong>Tako se je kon\u010dalo poletje<\/strong><br \/>\nRe\u017eija: Matja\u017e Ivani\u0161in<br \/>\nProdukcija: Staragara<\/p>\n<p>Utemeljitev: Prefinjen vpogled v \u010dlove\u0161ke odnose z minimalnimi sredstvi dose\u017ee \u010dustven vtis, ki vabi v spekter razli\u010dnih razumevanj. Obrazi v filmu so eksoti\u010dni pejsa\u017ei, ki se jih ne naveli\u010damo, igra je minimalisti\u010dna, sporo\u010dilnost je neulovljiva, a hkrati precizna. Med po\u0161vedranimi \u010devlji na tleh in lupingi na nebu tavajo izgubljeni \u010das in zamujene prilo\u017enosti. Jesen prihaja.<\/p>\n<p>&nbsp;<\/p>\n<p><strong>Vesna za najbolj\u0161i animirani film <\/strong><\/p>\n<p><strong>Legenda o Zlatorogu<\/strong><br \/>\nRe\u017eija: Lea Vu\u010dko<br \/>\nProdukcija: Octopics<\/p>\n<p>Utemeljitev: Intenzivna reinterpretacija ljudske pripovedke z mojstrskim ro\u010dnim delom zgradi fantazijski svet, v katerem se prepletajo ljubezen, lepota in zlove\u0161\u010da igra tema\u010dnih sil, obenem pa na sodoben na\u010din o\u017eivi stare ideale ekspresionisti\u010dnih gibanj. Skozi skrbno izdelan vizualni pristop avtorica i\u0161\u010de na\u010din za do\u017eivetje vzporednega sveta, ki ga lahko ugledamo skozi razpoke, ki jih ustvarjajo neobi\u010dajna barvna paleta, ekspresivne, na roko narisane poteze in siloviti monta\u017eni prebliski. (Zelo metal.)<\/p>\n<p>&nbsp;<\/p>\n<p><strong>Vesna za najbolj\u0161i eksperimentalni film<\/strong><\/p>\n<p><strong>www.s-n-d.si<\/strong><br \/>\nRe\u017eija: Sara Bezov\u0161ek<br \/>\nProducentka: Sara Bezov\u0161ek<\/p>\n<p>Utemeljitev: Monumentalen <em>hommage<\/em> koncu sveta v maniri Hieronymusa Boscha, ki <em>zeitgeistovski<\/em> fenomen \u00bbdoomscrollanja\u00ab posre\u010deno pretvori v filmski jezik. S premi\u0161ljeno akumulacijo podob banalnega internetnega vsakdana sestavi pretresljiv portret kolektivnega nezavednega in naslika slutnjo stvari, ki prihajajo.<\/p>\n<p>&nbsp;<\/p>\n<p><strong>Vesna za najbolj\u0161i \u0161tudijski film <\/strong><\/p>\n<p><strong>Pentola<br \/>\n<\/strong>Re\u017eija: Leo \u010cernic<strong><br \/>\n<\/strong>Produkcija: CSC \u2013 Scuola Nazionale di Cinema<\/p>\n<p>Utemeljitev: Osvobajujo\u010da in navdihujo\u010da izku\u0161nja, tako na ravni uporabe zmo\u017enosti, ki jih ponuja animirani film, kakor na intimni ravni na\u0161ega protagonista, ki postane superjunak \u0161ele potem, ko sname masko. Avtor filma se s klju\u010dnimi \u017eivljenjskimi vpra\u0161anji soo\u010di na duhovit na\u010din, re\u0161itve pa predlaga skozi inteligentno in imaginativno re\u017eijo, s katero ustvari malo zgodbo z velikimi idejami.<\/p>\n<p>&nbsp;<\/p>\n<p><strong>Vesna za posebne dose\u017eke<\/strong><\/p>\n<p><strong>Izginjanje \/ Verschwinden<br \/>\n<\/strong>Re\u017eija: Andrina Mra\u010dnikar<\/p>\n<p>Utemeljitev: Pomembna zgodovinska tema polo\u017eaja slovenske manj\u0161ine na avstrijskem Koro\u0161kem je pri\u010darana skozi prefinjeno tkanje osebnih travm in spominov, zgodovinskih dejstev in aktualnih politi\u010dnih dogajanj, z globoko do\u017eivetim in iskrenim pristopom k temi v re\u017eiji in kakovosti celotnega filma.<\/p>\n<p><strong>\u00a0<\/strong><\/p>\n<p><strong>Vesna za posebne dose\u017eke<\/strong><\/p>\n<p><strong>x1-Eschaton<\/strong><br \/>\nRe\u017eija: Ju\u0161 Premrov<\/p>\n<p>Utemeljitev: Eksperimentalni film, ki v plesu barv, oblik in najmanj\u0161ih detajlov i\u0161\u010de odgovore na velika vpra\u0161anja. Hipnoti\u010dno, o\u010darljivo delo Ju\u0161a Premrova, avtorskega \u00bbone-man banda\u00ab, ki svoje popotovanje nadaljuje tudi v eksperimentalnem celove\u010dercu <em>Atlas<\/em>.<\/p>\n<p>&nbsp;<\/p>\n<p>&nbsp;<\/p>\n<p><strong>Vesna za najbolj\u0161i film po izboru ob\u010dinstva<\/strong><\/p>\n<p><strong>Jezdeca<\/strong><br \/>\nRe\u017eija: Dominik Mencej<br \/>\nProdukcija: Staragara<\/p>\n<p>Povpre\u010dna ocena: 4,52<\/p>\n<p><strong>\u00a0<\/strong><\/p>\n<p><strong>DRUGE NAGRADE<\/strong><\/p>\n<p><strong>Nagrada Dru\u0161tva slovenskih filmskih publicistov in publicistk za najbolj\u0161i slovenski celove\u010derni film v tekmovalnem programu<\/strong><\/p>\n<p><strong>Po\u0161vedrani klavir<br \/>\n<\/strong>Re\u017eija: Miha Vipotnik<\/p>\n<p>Utemeljitev: Radio postane film. Ne igrani, ne dokumentarni, ne animirani film \u2013 ampak vse to. V eksperimentalni maniri zlo\u017een v povsem samosvojo kompozicijo z vmesnimi poeti\u010dnimi prebliski. Inovativen v plastenju fikcije in fakcije, v zapletanju in razpletanju mnogoterih zgodbenih niti, ki se non\u0161alantno usedajo v razli\u010dne medijske forme. Sodobno, radovedno, kompleksno in dovr\u0161eno delo, ki raziskuje in raz\u0161irja filmski medij \u2013 vizualno, strukturno in vsebinsko. Izbruh ustvarjalnosti. Vorteks skrivnosti. Melodija spominov. Po\u0161vedrani klavir.<\/p>\n<p>&nbsp;<\/p>\n<p><strong>Nagrada Art kino mre\u017ee Slovenije<\/strong><\/p>\n<p><strong>Moja Vesna<\/strong><br \/>\nRe\u017eija: Sara Kern<\/p>\n<p>Utemeljitev: Kot za vsako zimo pride poletje, tudi smrt poraja novo \u017eivljenje, a ni vsaka smrt naravna in ni vsako rojstvo za\u017eeleno. Re\u017eiserka s pretanjenim \u010dutom in globokim razumevanjem mlade osebe vodi glavno igralko skozi zahtevno vlogo otroka, ki preveliko breme prevzema bolje od tistih, ki bi ji z bremenom bili dol\u017eni pomagati. Odli\u010dna fotografija in kamera \u0161e poudarjata tesnobno situacijo, a na koncu vendarle ostane upanje za novo poletje.<\/p>\n<p>&nbsp;<\/p>\n<p>Nagrada IRIDIUM za najbolj\u0161i celove\u010derni prvenec<\/p>\n<p><strong>Jezdeca<\/strong><br \/>\nRe\u017eija: Dominik Mencej<\/p>\n\n\t\t<\/div>\n\t<\/div>\n<\/div><\/div><\/div><\/div>\n","protected":false},"excerpt":{"rendered":"Vesna za najbolj\u0161i celove\u010derni film Orkester Re\u017eija: Matev\u017e Luzar Produkcija: Gustav Film Utemeljitev: Orkester ni samo naslov [...]","protected":false},"author":1,"featured_media":0,"parent":0,"menu_order":0,"comment_status":"closed","ping_status":"closed","template":"","meta":[],"yoast_head":"<!-- This site is optimized with the Yoast SEO plugin v19.7.1 - https:\/\/yoast.com\/wordpress\/plugins\/seo\/ -->\n<title>Nagrade - FSF<\/title>\n<meta name=\"robots\" content=\"index, follow, max-snippet:-1, max-image-preview:large, max-video-preview:-1\" \/>\n<link rel=\"canonical\" href=\"https:\/\/fsf.si\/2022\/nagrade\/\" \/>\n<meta property=\"og:locale\" content=\"sl_SI\" \/>\n<meta property=\"og:type\" content=\"article\" \/>\n<meta property=\"og:title\" content=\"Nagrade - FSF\" \/>\n<meta property=\"og:url\" content=\"https:\/\/fsf.si\/2022\/nagrade\/\" \/>\n<meta property=\"og:site_name\" content=\"FSF\" \/>\n<meta property=\"article:modified_time\" content=\"2022-10-30T21:02:31+00:00\" \/>\n<meta name=\"twitter:card\" content=\"summary_large_image\" \/>\n<meta name=\"twitter:label1\" content=\"Est. reading time\" \/>\n\t<meta name=\"twitter:data1\" content=\"2 minuti\" \/>\n<script type=\"application\/ld+json\" class=\"yoast-schema-graph\">{\"@context\":\"https:\/\/schema.org\",\"@graph\":[{\"@type\":\"WebPage\",\"@id\":\"https:\/\/fsf.si\/2022\/nagrade\/\",\"url\":\"https:\/\/fsf.si\/2022\/nagrade\/\",\"name\":\"Nagrade - FSF\",\"isPartOf\":{\"@id\":\"https:\/\/fsf.si\/2022\/#website\"},\"datePublished\":\"2019-06-07T16:56:28+00:00\",\"dateModified\":\"2022-10-30T21:02:31+00:00\",\"breadcrumb\":{\"@id\":\"https:\/\/fsf.si\/2022\/nagrade\/#breadcrumb\"},\"inLanguage\":\"sl-SI\",\"potentialAction\":[{\"@type\":\"ReadAction\",\"target\":[\"https:\/\/fsf.si\/2022\/nagrade\/\"]}]},{\"@type\":\"BreadcrumbList\",\"@id\":\"https:\/\/fsf.si\/2022\/nagrade\/#breadcrumb\",\"itemListElement\":[{\"@type\":\"ListItem\",\"position\":1,\"name\":\"Home\",\"item\":\"https:\/\/fsf.si\/2022\/\"},{\"@type\":\"ListItem\",\"position\":2,\"name\":\"Nagrade\"}]},{\"@type\":\"WebSite\",\"@id\":\"https:\/\/fsf.si\/2022\/#website\",\"url\":\"https:\/\/fsf.si\/2022\/\",\"name\":\"FSF\",\"description\":\"Festival Slovenskega Filma\",\"publisher\":{\"@id\":\"https:\/\/fsf.si\/2022\/#organization\"},\"potentialAction\":[{\"@type\":\"SearchAction\",\"target\":{\"@type\":\"EntryPoint\",\"urlTemplate\":\"https:\/\/fsf.si\/2022\/?s={search_term_string}\"},\"query-input\":\"required name=search_term_string\"}],\"inLanguage\":\"sl-SI\"},{\"@type\":\"Organization\",\"@id\":\"https:\/\/fsf.si\/2022\/#organization\",\"name\":\"Festival Slovenskega Filma\",\"url\":\"https:\/\/fsf.si\/2022\/\",\"sameAs\":[],\"logo\":{\"@type\":\"ImageObject\",\"inLanguage\":\"sl-SI\",\"@id\":\"https:\/\/fsf.si\/2022\/#\/schema\/logo\/image\/\",\"url\":\"https:\/\/fsf.si\/2022\/wp-content\/uploads\/2019\/06\/Slider-FSF.png\",\"contentUrl\":\"https:\/\/fsf.si\/2022\/wp-content\/uploads\/2019\/06\/Slider-FSF.png\",\"width\":4800,\"height\":1600,\"caption\":\"Festival Slovenskega Filma\"},\"image\":{\"@id\":\"https:\/\/fsf.si\/2022\/#\/schema\/logo\/image\/\"}}]}<\/script>\n<!-- \/ Yoast SEO plugin. -->","yoast_head_json":{"title":"Nagrade - FSF","robots":{"index":"index","follow":"follow","max-snippet":"max-snippet:-1","max-image-preview":"max-image-preview:large","max-video-preview":"max-video-preview:-1"},"canonical":"https:\/\/fsf.si\/2022\/nagrade\/","og_locale":"sl_SI","og_type":"article","og_title":"Nagrade - FSF","og_url":"https:\/\/fsf.si\/2022\/nagrade\/","og_site_name":"FSF","article_modified_time":"2022-10-30T21:02:31+00:00","twitter_card":"summary_large_image","twitter_misc":{"Est. reading time":"2 minuti"},"schema":{"@context":"https:\/\/schema.org","@graph":[{"@type":"WebPage","@id":"https:\/\/fsf.si\/2022\/nagrade\/","url":"https:\/\/fsf.si\/2022\/nagrade\/","name":"Nagrade - FSF","isPartOf":{"@id":"https:\/\/fsf.si\/2022\/#website"},"datePublished":"2019-06-07T16:56:28+00:00","dateModified":"2022-10-30T21:02:31+00:00","breadcrumb":{"@id":"https:\/\/fsf.si\/2022\/nagrade\/#breadcrumb"},"inLanguage":"sl-SI","potentialAction":[{"@type":"ReadAction","target":["https:\/\/fsf.si\/2022\/nagrade\/"]}]},{"@type":"BreadcrumbList","@id":"https:\/\/fsf.si\/2022\/nagrade\/#breadcrumb","itemListElement":[{"@type":"ListItem","position":1,"name":"Home","item":"https:\/\/fsf.si\/2022\/"},{"@type":"ListItem","position":2,"name":"Nagrade"}]},{"@type":"WebSite","@id":"https:\/\/fsf.si\/2022\/#website","url":"https:\/\/fsf.si\/2022\/","name":"FSF","description":"Festival Slovenskega Filma","publisher":{"@id":"https:\/\/fsf.si\/2022\/#organization"},"potentialAction":[{"@type":"SearchAction","target":{"@type":"EntryPoint","urlTemplate":"https:\/\/fsf.si\/2022\/?s={search_term_string}"},"query-input":"required name=search_term_string"}],"inLanguage":"sl-SI"},{"@type":"Organization","@id":"https:\/\/fsf.si\/2022\/#organization","name":"Festival Slovenskega Filma","url":"https:\/\/fsf.si\/2022\/","sameAs":[],"logo":{"@type":"ImageObject","inLanguage":"sl-SI","@id":"https:\/\/fsf.si\/2022\/#\/schema\/logo\/image\/","url":"https:\/\/fsf.si\/2022\/wp-content\/uploads\/2019\/06\/Slider-FSF.png","contentUrl":"https:\/\/fsf.si\/2022\/wp-content\/uploads\/2019\/06\/Slider-FSF.png","width":4800,"height":1600,"caption":"Festival Slovenskega Filma"},"image":{"@id":"https:\/\/fsf.si\/2022\/#\/schema\/logo\/image\/"}}]}},"_links":{"self":[{"href":"https:\/\/fsf.si\/2022\/wp-json\/wp\/v2\/pages\/4645"}],"collection":[{"href":"https:\/\/fsf.si\/2022\/wp-json\/wp\/v2\/pages"}],"about":[{"href":"https:\/\/fsf.si\/2022\/wp-json\/wp\/v2\/types\/page"}],"author":[{"embeddable":true,"href":"https:\/\/fsf.si\/2022\/wp-json\/wp\/v2\/users\/1"}],"replies":[{"embeddable":true,"href":"https:\/\/fsf.si\/2022\/wp-json\/wp\/v2\/comments?post=4645"}],"version-history":[{"count":51,"href":"https:\/\/fsf.si\/2022\/wp-json\/wp\/v2\/pages\/4645\/revisions"}],"predecessor-version":[{"id":23160,"href":"https:\/\/fsf.si\/2022\/wp-json\/wp\/v2\/pages\/4645\/revisions\/23160"}],"wp:attachment":[{"href":"https:\/\/fsf.si\/2022\/wp-json\/wp\/v2\/media?parent=4645"}],"curies":[{"name":"wp","href":"https:\/\/api.w.org\/{rel}","templated":true}]}}