{"id":4662,"date":"2019-06-07T17:13:23","date_gmt":"2019-06-07T17:13:23","guid":{"rendered":"http:\/\/www.fsf.si\/2019\/?page_id=4662"},"modified":"2022-09-28T13:21:27","modified_gmt":"2022-09-28T11:21:27","slug":"zirija","status":"publish","type":"page","link":"https:\/\/fsf.si\/2022\/zirija\/","title":{"rendered":"Strokovna \u017eirija"},"content":{"rendered":"<div class=\"vc_row wpb_row vc_row-fluid\" ><div class=\"wpb_column vc_column_container vc_col-sm-12\"><div class=\"vc_column-inner\"><div class=\"wpb_wrapper\"><div class=\"vc_empty_space\"   style=\"height: 32px\"><span class=\"vc_empty_space_inner\"><\/span><\/div><div id=\"ts-vcsc-textillate-7294674\" class=\"ts-textillate   \" data-loop=\"false\" data-delay=\"100\" data-in-effect=\"ts-composer-css-bounce\" data-in-sync=\"false\" data-in-shuffle=\"false\" data-in-reverse=\"false\"  style=\"color: #000000 !important; font-size: 36px; line-height: 36px; font-weight: inherit; text-align: left; margin-top: 0px; margin-bottom: 0px;\">Strokovno \u017eirijo za celove\u010derne filme sestavljajo:<\/div><div class=\"vc_row wpb_row vc_inner vc_row-fluid jury-team-item\" ><div class=\"wpb_column vc_column_container vc_col-sm-3\"><div class=\"vc_column-inner\"><div class=\"wpb_wrapper\">\n\t<div  class=\"wpb_single_image wpb_content_element vc_align_left\">\n\t\t\n\t\t<figure class=\"wpb_wrapper vc_figure\">\n\t\t\t<div class=\"vc_single_image-wrapper vc_box_circle  vc_box_border_grey\"><img width=\"500\" height=\"500\" src=\"https:\/\/fsf.si\/2022\/wp-content\/uploads\/2022\/09\/33.png\" class=\"vc_single_image-img attachment-full\" alt=\"\" loading=\"lazy\" srcset=\"https:\/\/fsf.si\/2022\/wp-content\/uploads\/2022\/09\/33.png 500w, https:\/\/fsf.si\/2022\/wp-content\/uploads\/2022\/09\/33-300x300.png 300w, https:\/\/fsf.si\/2022\/wp-content\/uploads\/2022\/09\/33-150x150.png 150w\" sizes=\"(max-width: 500px) 100vw, 500px\" \/><\/div>\n\t\t<\/figure>\n\t<\/div>\n<\/div><\/div><\/div><div class=\"wpb_column vc_column_container vc_col-sm-9\"><div class=\"vc_column-inner\"><div class=\"wpb_wrapper\">\n\t<div class=\"wpb_text_column wpb_content_element \" >\n\t\t<div class=\"wpb_wrapper\">\n\t\t\t<h1>Darko Sinko<\/h1>\n<h2>filmski re\u017eiser in scenarist<\/h2>\n<p style=\"text-align: justify;\">Darko Sinko je diplomiral iz filmske re\u017eije na AGRFT. Po akademiji je snemal dokumentarne (npr. Kriti\u010dna generacija, Hi\u0161ke) in igrane filme (kratki So\u0161olki, celove\u010derni Inventura), za katere je bil ve\u010dkrat nagrajen. Delal je tudi kot asistent re\u017eije, snemalec in monta\u017eer, produciral je ve\u010d dokumentarnih filmov. Ukvarja se tudi s pou\u010devanjem na podro\u010dju filmskega ustvarjanja in je profesor filma na umetni\u0161ki gimnaziji SV\u0160GUGL v Ljubljani. Ima status samostojnega kulturnega ustvarjalca.<\/p>\n\n\t\t<\/div>\n\t<\/div>\n<\/div><\/div><\/div><\/div><div class=\"vc_row wpb_row vc_inner vc_row-fluid jury-team-item\" ><div class=\"wpb_column vc_column_container vc_col-sm-3\"><div class=\"vc_column-inner\"><div class=\"wpb_wrapper\">\n\t<div  class=\"wpb_single_image wpb_content_element vc_align_left\">\n\t\t\n\t\t<figure class=\"wpb_wrapper vc_figure\">\n\t\t\t<div class=\"vc_single_image-wrapper vc_box_circle  vc_box_border_grey\"><img width=\"500\" height=\"500\" src=\"https:\/\/fsf.si\/2022\/wp-content\/uploads\/2022\/09\/mili.png\" class=\"vc_single_image-img attachment-large\" alt=\"\" loading=\"lazy\" srcset=\"https:\/\/fsf.si\/2022\/wp-content\/uploads\/2022\/09\/mili.png 500w, https:\/\/fsf.si\/2022\/wp-content\/uploads\/2022\/09\/mili-300x300.png 300w, https:\/\/fsf.si\/2022\/wp-content\/uploads\/2022\/09\/mili-150x150.png 150w\" sizes=\"(max-width: 500px) 100vw, 500px\" \/><\/div>\n\t\t<\/figure>\n\t<\/div>\n<\/div><\/div><\/div><div class=\"wpb_column vc_column_container vc_col-sm-9\"><div class=\"vc_column-inner\"><div class=\"wpb_wrapper\">\n\t<div class=\"wpb_text_column wpb_content_element \" >\n\t\t<div class=\"wpb_wrapper\">\n\t\t\t<h1>Milovoj Miki Ro\u0161<\/h1>\n<h2>igralec in pisatelj<\/h2>\n<p style=\"text-align: justify;\">Milovoj Miki Ro\u0161 (1959, Maribor skoraj vse svoje ustvarjalno \u017eivljenje deluje na osi Prekmurje\u2013Porabje. Najprej se je ob mami Jo\u017ei sre\u010dal z lutkami in gledali\u0161\u010dem, delo na nacionalni televiziji mu je odprlo svet gibljivih slik. Njegovi dokumentarni zapisi in mladinske nadaljevanke so se za\u010dele prepletati s filmom. Zgodile so se vlogice in tudi vloge: Voda v o\u010deh (J. Ba\u0161a), O\u010da (V. \u0160kafar) in Brat (Oroslan, M. Ivani\u0161in). Za slednjega je prejel vesno za najbolj\u0161o stransko mo\u0161ko vlogo. \u0160e zmeraj snuje in dela<\/p>\n\n\t\t<\/div>\n\t<\/div>\n<\/div><\/div><\/div><\/div><div class=\"vc_row wpb_row vc_inner vc_row-fluid jury-team-item\" ><div class=\"wpb_column vc_column_container vc_col-sm-3\"><div class=\"vc_column-inner\"><div class=\"wpb_wrapper\">\n\t<div  class=\"wpb_single_image wpb_content_element vc_align_left\">\n\t\t\n\t\t<figure class=\"wpb_wrapper vc_figure\">\n\t\t\t<div class=\"vc_single_image-wrapper vc_box_circle  vc_box_border_grey\"><img width=\"500\" height=\"500\" src=\"https:\/\/fsf.si\/2022\/wp-content\/uploads\/2022\/09\/22.png\" class=\"vc_single_image-img attachment-large\" alt=\"\" loading=\"lazy\" srcset=\"https:\/\/fsf.si\/2022\/wp-content\/uploads\/2022\/09\/22.png 500w, https:\/\/fsf.si\/2022\/wp-content\/uploads\/2022\/09\/22-300x300.png 300w, https:\/\/fsf.si\/2022\/wp-content\/uploads\/2022\/09\/22-150x150.png 150w\" sizes=\"(max-width: 500px) 100vw, 500px\" \/><\/div>\n\t\t<\/figure>\n\t<\/div>\n<\/div><\/div><\/div><div class=\"wpb_column vc_column_container vc_col-sm-9\"><div class=\"vc_column-inner\"><div class=\"wpb_wrapper\">\n\t<div class=\"wpb_text_column wpb_content_element \" >\n\t\t<div class=\"wpb_wrapper\">\n\t\t\t<h1>Ivana Kronja<\/h1>\n<h2>filmska teoreti\u010darka in kriti\u010darka<\/h2>\n<p style=\"text-align: justify;\">Dr. Ivana Kronja (1970) je kulturna, medijska in filmska teoreti\u010darka ter filmska kriti\u010darka. Magisterij in doktorat iz filmskih \u0161tudij je zaklju\u010dila na Fakulteti dramskih umetnosti v Beogradu. Je alumna programa Chevening, v okviru katerega je v Oxfordu opravila doktorsko raziskavo. Od leta 2003 pou\u010duje na Visoki \u0161oli za likovno in uporabno umetnost strokovnega \u0161tudija v Beogradu. Je avtorica \u0161tudij Smrtonosni sjaj: Masovna psihologija i estetika turbo-folka (2001), Estetika avangardnog i eksperimentalnog filma: Telo, rod i identitet (2020) ter desetine drugih \u010dlankov o kulturi, medijih in filmu, ki so bili objavljeni v Srbiji in mednarodnem prostoru. Je scenaristka in re\u017eiserka kratkih filmov Igra istine (1995) in Rat in the Kitchen (2004). Je \u010dlanica Srbske akademije dramskih umetnosti in znanosti (AFUN) ter zdru\u017eenja FIPRESCI, v Beogradu in \u0161ir\u0161i regiji je dejavna kot filmska kriti\u010darka. Bila je \u010dlanica kriti\u0161kih in mednarodnih \u017eirij razli\u010dnih festivalov (FAF, Infant, Cinema City, 25FPS Zagreb, Motovun, FEST, LIFFE).<\/p>\n\n\t\t<\/div>\n\t<\/div>\n<\/div><\/div><\/div><\/div><div class=\"vc_empty_space\"   style=\"height: 32px\"><span class=\"vc_empty_space_inner\"><\/span><\/div><div class=\"vc_empty_space\"   style=\"height: 32px\"><span class=\"vc_empty_space_inner\"><\/span><\/div><div id=\"ts-vcsc-textillate-8330125\" class=\"ts-textillate   \" data-loop=\"false\" data-delay=\"100\" data-in-effect=\"ts-composer-css-bounce\" data-in-sync=\"false\" data-in-shuffle=\"false\" data-in-reverse=\"false\"  style=\"color: #000000 !important; font-size: 31px; line-height: 31px; font-weight: inherit; text-align: left; margin-top: 0px; margin-bottom: 0px;\">Strokovno \u017eirijo za kratke igrane, dokumentarne, eksperimentalne, animirane in \u0161tudijske filme sestavljajo:<\/div><div class=\"vc_row wpb_row vc_inner vc_row-fluid jury-team-item\" ><div class=\"wpb_column vc_column_container vc_col-sm-3\"><div class=\"vc_column-inner\"><div class=\"wpb_wrapper\">\n\t<div  class=\"wpb_single_image wpb_content_element vc_align_left\">\n\t\t\n\t\t<figure class=\"wpb_wrapper vc_figure\">\n\t\t\t<div class=\"vc_single_image-wrapper vc_box_circle  vc_box_border_grey\"><img width=\"500\" height=\"500\" src=\"https:\/\/fsf.si\/2022\/wp-content\/uploads\/2022\/09\/menart.png\" class=\"vc_single_image-img attachment-large\" alt=\"\" loading=\"lazy\" srcset=\"https:\/\/fsf.si\/2022\/wp-content\/uploads\/2022\/09\/menart.png 500w, https:\/\/fsf.si\/2022\/wp-content\/uploads\/2022\/09\/menart-300x300.png 300w, https:\/\/fsf.si\/2022\/wp-content\/uploads\/2022\/09\/menart-150x150.png 150w\" sizes=\"(max-width: 500px) 100vw, 500px\" \/><\/div>\n\t\t<\/figure>\n\t<\/div>\n<\/div><\/div><\/div><div class=\"wpb_column vc_column_container vc_col-sm-9\"><div class=\"vc_column-inner\"><div class=\"wpb_wrapper\">\n\t<div class=\"wpb_text_column wpb_content_element \" >\n\t\t<div class=\"wpb_wrapper\">\n\t\t\t<h1>Ur\u0161a Menart<\/h1>\n<h2>scenaristka in re\u017eiserka<\/h2>\n<p style=\"text-align: justify;\">Ur\u0161a Menart je diplomirala iz filmske in televizijske re\u017eije na Akademiji za gledali\u0161\u010de, radio, film in televizijo v Ljubljani. Po re\u017eiji ve\u010d kratkih in dokumentarnih filmov je s svojim celove\u010dernim igranim prvencem Ne bom ve\u010d luzerka na 21. Festivalu slovenskega filma osvojila vesni za najbolj\u0161i celove\u010derni film in najbolj\u0161i scenarij. Kot soscenaristka je sodelovala pri filmu Polsestra (r. Damjan Kozole), ki je bil premierno prikazan v tekmovalnem programu festivala v Karlovih Varih. V letih 2019 in 2020 je bila predsednica Dru\u0161tva slovenskih re\u017eiserjev, od leta 2019 pa je tudi \u010dlanica Evropske filmske akademije.<\/p>\n\n\t\t<\/div>\n\t<\/div>\n<\/div><\/div><\/div><\/div><div class=\"vc_row wpb_row vc_inner vc_row-fluid jury-team-item\" ><div class=\"wpb_column vc_column_container vc_col-sm-3\"><div class=\"vc_column-inner\"><div class=\"wpb_wrapper\">\n\t<div  class=\"wpb_single_image wpb_content_element vc_align_left\">\n\t\t\n\t\t<figure class=\"wpb_wrapper vc_figure\">\n\t\t\t<div class=\"vc_single_image-wrapper vc_box_circle  vc_box_border_grey\"><img width=\"500\" height=\"500\" src=\"https:\/\/fsf.si\/2022\/wp-content\/uploads\/2022\/09\/sinko.png\" class=\"vc_single_image-img attachment-large\" alt=\"\" loading=\"lazy\" srcset=\"https:\/\/fsf.si\/2022\/wp-content\/uploads\/2022\/09\/sinko.png 500w, https:\/\/fsf.si\/2022\/wp-content\/uploads\/2022\/09\/sinko-300x300.png 300w, https:\/\/fsf.si\/2022\/wp-content\/uploads\/2022\/09\/sinko-150x150.png 150w\" sizes=\"(max-width: 500px) 100vw, 500px\" \/><\/div>\n\t\t<\/figure>\n\t<\/div>\n<\/div><\/div><\/div><div class=\"wpb_column vc_column_container vc_col-sm-9\"><div class=\"vc_column-inner\"><div class=\"wpb_wrapper\">\n\t<div class=\"wpb_text_column wpb_content_element \" >\n\t\t<div class=\"wpb_wrapper\">\n\t\t\t<h1>Matev\u017e Jerman<\/h1>\n<h2>filmski ustvarjalec in programski direktor festivala kratkega filma FeKK<\/h2>\n<p style=\"text-align: justify;\">Matev\u017e Jerman je re\u017eiser, programski direktor FeKK &#8211; Festivala kratkega filma v Ljubljani in filmski kurator. Pogosto ustvarja na podro\u010dju eksperimentalnega filma in videospota, njegova dela so bila ve\u010dkrat predvajana na mednarodnih festivalih in prejela ve\u010d nagrad, med drugim tudi vesno za najbolj\u0161i eksperimentalni film na FSF 2021. Od leta 2009 redno sodeluje s programskim oddelkom Slovenske kinoteke, kjer je trenutno aktiven kot kurator programov kratkih filmov ter kot raziskovalec posebnih avantgardnih zbirk v hrambi kinote\u010dnega arhiva. Kot selektor kratkih filmov redno sodeluje tudi s festivaloma Kino Otok &#8211; Isola Cinema in LIFFe.<\/p>\n\n\t\t<\/div>\n\t<\/div>\n<\/div><\/div><\/div><\/div><div class=\"vc_row wpb_row vc_inner vc_row-fluid jury-team-item\" ><div class=\"wpb_column vc_column_container vc_col-sm-3\"><div class=\"vc_column-inner\"><div class=\"wpb_wrapper\">\n\t<div  class=\"wpb_single_image wpb_content_element vc_align_left\">\n\t\t\n\t\t<figure class=\"wpb_wrapper vc_figure\">\n\t\t\t<div class=\"vc_single_image-wrapper vc_box_circle  vc_box_border_grey\"><img width=\"500\" height=\"500\" src=\"https:\/\/fsf.si\/2022\/wp-content\/uploads\/2022\/09\/11.png\" class=\"vc_single_image-img attachment-large\" alt=\"\" loading=\"lazy\" srcset=\"https:\/\/fsf.si\/2022\/wp-content\/uploads\/2022\/09\/11.png 500w, https:\/\/fsf.si\/2022\/wp-content\/uploads\/2022\/09\/11-300x300.png 300w, https:\/\/fsf.si\/2022\/wp-content\/uploads\/2022\/09\/11-150x150.png 150w\" sizes=\"(max-width: 500px) 100vw, 500px\" \/><\/div>\n\t\t<\/figure>\n\t<\/div>\n<\/div><\/div><\/div><div class=\"wpb_column vc_column_container vc_col-sm-9\"><div class=\"vc_column-inner\"><div class=\"wpb_wrapper\">\n\t<div class=\"wpb_text_column wpb_content_element \" >\n\t\t<div class=\"wpb_wrapper\">\n\t\t\t<h1>Milo\u0161 Tomi\u0107<\/h1>\n<h2>re\u017eiser in avtor animiranih filmov<\/h2>\n<p style=\"text-align: justify;\">Milo\u0161 Tomi\u0107 se \u017ee skoraj 30 let trudi biti filmski ustvarjalec. Za njim je ne\u0161teto poskusov v vlogi re\u017eiserja, snemalca, monta\u017eerja, celo igralca. Pred klasi\u010dnim filmom je pobegnil v stop animacijo, saj je upal, da bo tam na\u0161el ve\u010d sre\u010de in prepoznavnosti. Fasado smiselnega dela se trudi ohranjati s pou\u010devanjem: vodi slogovno zmedene, a kaoti\u010dno o\u010darljive potujo\u010de delavnice. Poleg sanjarjenja o filmskem ustvarjanju se predaja kola\u017eiranju papirja, zbiranju dragocenih odpadkov in igranju neznosne glasbe. Neko\u010d mu je v neki pivnici v Bratislavi nekdo pla\u010dal, da bi nehal igrati. In je. Nih\u010de mu \u0161e ni pla\u010dal dovolj, da bi nehal delati filme.<\/p>\n\n\t\t<\/div>\n\t<\/div>\n<\/div><\/div><\/div><\/div><div class=\"vc_empty_space\"   style=\"height: 32px\"><span class=\"vc_empty_space_inner\"><\/span><\/div><\/div><\/div><\/div><\/div><div class=\"vc_row wpb_row vc_row-fluid\" ><div class=\"wpb_column vc_column_container vc_col-sm-12\"><div class=\"vc_column-inner\"><div class=\"wpb_wrapper\">\n\t<div class=\"wpb_text_column wpb_content_element \" >\n\t\t<div class=\"wpb_wrapper\">\n\t\t\t<h5 style=\"text-align: justify;\">\u017dirija za nagrado Dru\u0161tva slovenskih filmskih publicistov<\/h5>\n<p style=\"text-align: justify;\"><strong>\u017diva Emer\u0161i\u010d<\/strong>\u00a0je dolgoletna novinarka, filmska kriti\u010darka in urednica RTV Slovenija. Bila je urednica in voditeljica radijske oddaje Gremo v kino, voditeljica in avtorica oddaj o kulturi in filmu (Umetni raj), urednica Kulturnega uredni\u0161tva, urednica Dokumentarnega programa in odgovorna urednica Kulturno-umetni\u0161kih programov na TVS, od 1999 do 2001 tudi programska direktorica Festivala slovenskega filma v Portoro\u017eu, dolgoletna \u010dlanica in od 1992 do 1996 tudi podpredsednica Fipresci, sodelovala je v \u0161tevilnih mednarodnih \u017eirijah. Od 2011 do 2013 je bila poro\u010devalka RTVS iz tujine. Je tudi avtorica dokumentarnih filmov, aktivna kot \u010dlanica komisij RTVS in SFC za javne razpise in pozive na AV podro\u010dju.<\/p>\n<p style=\"text-align: justify;\"><strong>Robert Kuret<\/strong>\u00a0je filmsko-literarni kritik in esejist. Pi\u0161e za Delo, Literaturo, Ekran, KINO!, Dialoge, Vrabca Anarhista \u2026. Na festivalu kratkega filma FeKK dela kot koselektor slovenskega in mednarodnega tekmovalnega programa, na delavnicah Ostrenje pogleda pa kot mentor pisanja filmskega eseja.<\/p>\n<p style=\"text-align: justify;\"><strong>Ana \u0160turm<\/strong> je diplomantka zgodovine in sociologije na Filozofski fakulteti v Ljubljani ter magistra filmskih in televizijskih \u0161tudijev na Akademiji za gledali\u0161\u010de, radio, film in televizijo. S filmsko kritiko in publicistiko se ukvarja od leta 2007. Udele\u017eila se je Talent Campusa za perspektivne mlade filmske kritike v Berlinu in Sarajevu. Od leta 2019 deluje kot predsednica Dru\u0161tva slovenskih filmskih kritikov, \u010dlana mednarodnega zdru\u017eenja Fipresci. Od leta 2014 soustvarja podkast FilmFlow, prvo spletno radijsko oddajo pri nas, ki je namenjena filmu in popularni kulturi. Ukvarja se tudi z organizacijo in selekcijo programov na filmskih festivalih. Od maja 2020 je glavna in odgovorna urednica revije Ekran.<\/p>\n<h5 style=\"text-align: justify;\">\u017dirija za nagrado Art kino mre\u017ee Slovenije<\/h5>\n<p style=\"text-align: justify;\"><strong>Lu\u010dka Berlot<\/strong> (1989) je po izobrazbi likovna pedagoginja in oblikovalka. Vrsto let je delovala kot samozaposlena v kulturi, dejavna je bila predvsem na podro\u010dju oblikovanja in filmske vzgoje. Aktivno je sodelovala z razli\u010dnimi dru\u0161tvi, festivali in kulturnimi ustanovami (Zavod VIZO, Otok, FO\u0160, Mestni kino Dom\u017eale, Kosovelov dom Se\u017eana \u2026). Trenutno je zaposlena v Kulturnem domu Franca Bernika Dom\u017eale.<\/p>\n<p style=\"text-align: justify;\"><strong>Gregor Jane\u017ei\u010d<\/strong> na podro\u010dju filmske kulture deluje \u017ee ve\u010d kot 10 let, sprva je kot samozaposleni v kulturi deloval v Kinu Vrhnika, sedaj pa je zaposlen kot koordinator prireditev in kurator filmskega programa v Kulturnem domu Cerknica, ki je del Notranjskega regijskega parka. Pri svojem delu skrbi za izvajanje programov filmske vzgoje ter skrbno kuriran redni program kina. Trudi se, da slovenski film dobi ustrezno mesto v programu in najde pot do gledalca v kinu. Aktivno sodeluje tudi v Art kino mre\u017ei Slovenije.<\/p>\n<p style=\"text-align: justify;\"><strong>Samo Seni\u010dar<\/strong> se ukvarja s filmom od leta 2010, ko je postal programski vodja Mestnega kina Metropol, prvega art kina v Sloveniji, hkrati skrbi tudi za filmsko vzgojo in koordinacijo festivalov, ki gostujejo v Celju. Bil je \u010dlan \u017eirij na festivalih v Karlovih Varih, Sarajevu, Mi\u0161kolcu in Portoro\u017eu, redno se udele\u017euje konferenc Europa Cinemas in izobra\u017eevanj Art kino mre\u017ee Slovenije. Leta 2017 in 2018 je bil programski vodja Festivala evropskega in mediteranskega filma v Piranu. Z leto\u0161njim letom v Kinu Union pri\u010denja novo poglavje celjskih mestnih kinematografov.<\/p>\n\n\t\t<\/div>\n\t<\/div>\n<\/div><\/div><\/div><\/div>\n","protected":false},"excerpt":{"rendered":"Strokovno \u017eirijo za celove\u010derne filme sestavljajo: Darko Sinko filmski re\u017eiser in scenarist Darko Sinko je diplomiral iz [...]","protected":false},"author":1,"featured_media":0,"parent":0,"menu_order":0,"comment_status":"closed","ping_status":"closed","template":"","meta":[],"yoast_head":"<!-- This site is optimized with the Yoast SEO plugin v19.7.1 - https:\/\/yoast.com\/wordpress\/plugins\/seo\/ -->\n<title>Strokovna \u017eirija - FSF<\/title>\n<meta name=\"robots\" content=\"index, follow, max-snippet:-1, max-image-preview:large, max-video-preview:-1\" \/>\n<link rel=\"canonical\" href=\"https:\/\/fsf.si\/2022\/zirija\/\" \/>\n<meta property=\"og:locale\" content=\"sl_SI\" \/>\n<meta property=\"og:type\" content=\"article\" \/>\n<meta property=\"og:title\" content=\"Strokovna \u017eirija - FSF\" \/>\n<meta property=\"og:url\" content=\"https:\/\/fsf.si\/2022\/zirija\/\" \/>\n<meta property=\"og:site_name\" content=\"FSF\" \/>\n<meta property=\"article:modified_time\" content=\"2022-09-28T11:21:27+00:00\" \/>\n<meta name=\"twitter:card\" content=\"summary_large_image\" \/>\n<meta name=\"twitter:label1\" content=\"Est. reading time\" \/>\n\t<meta name=\"twitter:data1\" content=\"7 minut\" \/>\n<script type=\"application\/ld+json\" class=\"yoast-schema-graph\">{\"@context\":\"https:\/\/schema.org\",\"@graph\":[{\"@type\":\"WebPage\",\"@id\":\"https:\/\/fsf.si\/2022\/zirija\/\",\"url\":\"https:\/\/fsf.si\/2022\/zirija\/\",\"name\":\"Strokovna \u017eirija - FSF\",\"isPartOf\":{\"@id\":\"https:\/\/fsf.si\/2022\/#website\"},\"datePublished\":\"2019-06-07T17:13:23+00:00\",\"dateModified\":\"2022-09-28T11:21:27+00:00\",\"breadcrumb\":{\"@id\":\"https:\/\/fsf.si\/2022\/zirija\/#breadcrumb\"},\"inLanguage\":\"sl-SI\",\"potentialAction\":[{\"@type\":\"ReadAction\",\"target\":[\"https:\/\/fsf.si\/2022\/zirija\/\"]}]},{\"@type\":\"BreadcrumbList\",\"@id\":\"https:\/\/fsf.si\/2022\/zirija\/#breadcrumb\",\"itemListElement\":[{\"@type\":\"ListItem\",\"position\":1,\"name\":\"Home\",\"item\":\"https:\/\/fsf.si\/2022\/\"},{\"@type\":\"ListItem\",\"position\":2,\"name\":\"Strokovna \u017eirija\"}]},{\"@type\":\"WebSite\",\"@id\":\"https:\/\/fsf.si\/2022\/#website\",\"url\":\"https:\/\/fsf.si\/2022\/\",\"name\":\"FSF\",\"description\":\"Festival Slovenskega Filma\",\"publisher\":{\"@id\":\"https:\/\/fsf.si\/2022\/#organization\"},\"potentialAction\":[{\"@type\":\"SearchAction\",\"target\":{\"@type\":\"EntryPoint\",\"urlTemplate\":\"https:\/\/fsf.si\/2022\/?s={search_term_string}\"},\"query-input\":\"required name=search_term_string\"}],\"inLanguage\":\"sl-SI\"},{\"@type\":\"Organization\",\"@id\":\"https:\/\/fsf.si\/2022\/#organization\",\"name\":\"Festival Slovenskega Filma\",\"url\":\"https:\/\/fsf.si\/2022\/\",\"sameAs\":[],\"logo\":{\"@type\":\"ImageObject\",\"inLanguage\":\"sl-SI\",\"@id\":\"https:\/\/fsf.si\/2022\/#\/schema\/logo\/image\/\",\"url\":\"https:\/\/fsf.si\/2022\/wp-content\/uploads\/2019\/06\/Slider-FSF.png\",\"contentUrl\":\"https:\/\/fsf.si\/2022\/wp-content\/uploads\/2019\/06\/Slider-FSF.png\",\"width\":4800,\"height\":1600,\"caption\":\"Festival Slovenskega Filma\"},\"image\":{\"@id\":\"https:\/\/fsf.si\/2022\/#\/schema\/logo\/image\/\"}}]}<\/script>\n<!-- \/ Yoast SEO plugin. -->","yoast_head_json":{"title":"Strokovna \u017eirija - FSF","robots":{"index":"index","follow":"follow","max-snippet":"max-snippet:-1","max-image-preview":"max-image-preview:large","max-video-preview":"max-video-preview:-1"},"canonical":"https:\/\/fsf.si\/2022\/zirija\/","og_locale":"sl_SI","og_type":"article","og_title":"Strokovna \u017eirija - FSF","og_url":"https:\/\/fsf.si\/2022\/zirija\/","og_site_name":"FSF","article_modified_time":"2022-09-28T11:21:27+00:00","twitter_card":"summary_large_image","twitter_misc":{"Est. reading time":"7 minut"},"schema":{"@context":"https:\/\/schema.org","@graph":[{"@type":"WebPage","@id":"https:\/\/fsf.si\/2022\/zirija\/","url":"https:\/\/fsf.si\/2022\/zirija\/","name":"Strokovna \u017eirija - FSF","isPartOf":{"@id":"https:\/\/fsf.si\/2022\/#website"},"datePublished":"2019-06-07T17:13:23+00:00","dateModified":"2022-09-28T11:21:27+00:00","breadcrumb":{"@id":"https:\/\/fsf.si\/2022\/zirija\/#breadcrumb"},"inLanguage":"sl-SI","potentialAction":[{"@type":"ReadAction","target":["https:\/\/fsf.si\/2022\/zirija\/"]}]},{"@type":"BreadcrumbList","@id":"https:\/\/fsf.si\/2022\/zirija\/#breadcrumb","itemListElement":[{"@type":"ListItem","position":1,"name":"Home","item":"https:\/\/fsf.si\/2022\/"},{"@type":"ListItem","position":2,"name":"Strokovna \u017eirija"}]},{"@type":"WebSite","@id":"https:\/\/fsf.si\/2022\/#website","url":"https:\/\/fsf.si\/2022\/","name":"FSF","description":"Festival Slovenskega Filma","publisher":{"@id":"https:\/\/fsf.si\/2022\/#organization"},"potentialAction":[{"@type":"SearchAction","target":{"@type":"EntryPoint","urlTemplate":"https:\/\/fsf.si\/2022\/?s={search_term_string}"},"query-input":"required name=search_term_string"}],"inLanguage":"sl-SI"},{"@type":"Organization","@id":"https:\/\/fsf.si\/2022\/#organization","name":"Festival Slovenskega Filma","url":"https:\/\/fsf.si\/2022\/","sameAs":[],"logo":{"@type":"ImageObject","inLanguage":"sl-SI","@id":"https:\/\/fsf.si\/2022\/#\/schema\/logo\/image\/","url":"https:\/\/fsf.si\/2022\/wp-content\/uploads\/2019\/06\/Slider-FSF.png","contentUrl":"https:\/\/fsf.si\/2022\/wp-content\/uploads\/2019\/06\/Slider-FSF.png","width":4800,"height":1600,"caption":"Festival Slovenskega Filma"},"image":{"@id":"https:\/\/fsf.si\/2022\/#\/schema\/logo\/image\/"}}]}},"_links":{"self":[{"href":"https:\/\/fsf.si\/2022\/wp-json\/wp\/v2\/pages\/4662"}],"collection":[{"href":"https:\/\/fsf.si\/2022\/wp-json\/wp\/v2\/pages"}],"about":[{"href":"https:\/\/fsf.si\/2022\/wp-json\/wp\/v2\/types\/page"}],"author":[{"embeddable":true,"href":"https:\/\/fsf.si\/2022\/wp-json\/wp\/v2\/users\/1"}],"replies":[{"embeddable":true,"href":"https:\/\/fsf.si\/2022\/wp-json\/wp\/v2\/comments?post=4662"}],"version-history":[{"count":74,"href":"https:\/\/fsf.si\/2022\/wp-json\/wp\/v2\/pages\/4662\/revisions"}],"predecessor-version":[{"id":21635,"href":"https:\/\/fsf.si\/2022\/wp-json\/wp\/v2\/pages\/4662\/revisions\/21635"}],"wp:attachment":[{"href":"https:\/\/fsf.si\/2022\/wp-json\/wp\/v2\/media?parent=4662"}],"curies":[{"name":"wp","href":"https:\/\/api.w.org\/{rel}","templated":true}]}}