{"id":4746,"date":"2019-06-17T12:16:03","date_gmt":"2019-06-17T12:16:03","guid":{"rendered":"http:\/\/www.fsf.si\/2019\/?page_id=4746"},"modified":"2022-10-09T11:44:47","modified_gmt":"2022-10-09T09:44:47","slug":"strokovni-program","status":"publish","type":"page","link":"https:\/\/fsf.si\/2022\/strokovni-program\/","title":{"rendered":"Strokovni program"},"content":{"rendered":"<div class=\"vc_row wpb_row vc_row-fluid\" ><div class=\"wpb_column vc_column_container vc_col-sm-12\"><div class=\"vc_column-inner\"><div class=\"wpb_wrapper\">\n\t<div class=\"wpb_text_column wpb_content_element \" >\n\t\t<div class=\"wpb_wrapper\">\n\t\t\t<p style=\"text-align: justify;\">\t\t<div class=\"wcs-timetable__wrapper\">\n\t\t\t<div class=\"wcs-vue\" id=\"wcs-app-3\"><\/div>\n\t\t<\/div>\n\n\t\t<\/div>\n\t<\/div>\n<\/div><\/div><\/div><\/div><div class=\"vc_row wpb_row vc_row-fluid jury-team-item\" ><div class=\"wpb_column vc_column_container vc_col-sm-12\"><div class=\"vc_column-inner\"><div class=\"wpb_wrapper\">\n\t<div class=\"wpb_text_column wpb_content_element \" >\n\t\t<div class=\"wpb_wrapper\">\n\t\t\t<p style=\"text-align: justify;\"><strong>DSR + SFC<\/strong><\/p>\n<p style=\"text-align: justify;\">Podcast Filmarija nastaja pod okriljem Dru\u0161tva slovenskih re\u017eiserjev in re\u017eiserk od decembra 2020. Tudi letos bo spremljal dogajanje na 25. Festivalu slovenskega filma Portoro\u017e in o tem poro\u010dal v posebni pofestivalski oddaji. Podcast o raznolikih temah, povezanih s filmsko umetnostjo, ki izhaja ob sredah kot \u0161tirinajstdnevnik in nastaja s finan\u010dno podporo Slovenskega filmskega centra, javne agencije, lahko poslu\u0161ate na povezavi <a href=\"http:\/\/www.dsr.si\/category\/si\/podcast\">www.dsr.si\/category\/si\/podcast<\/a>.<\/p>\n\n\t\t<\/div>\n\t<\/div>\n<\/div><\/div><\/div><\/div>\n","protected":false},"excerpt":{"rendered":"Letos mineva 50 let od smrti Franti\u0161ka \u010c\u00e1pa (1913\u20131972), filmskega ustvarjalca \u010de\u0161kih korenin, ki je v za\u010detku [...]","protected":false},"author":1,"featured_media":0,"parent":0,"menu_order":0,"comment_status":"closed","ping_status":"closed","template":"","meta":[],"yoast_head":"<!-- This site is optimized with the Yoast SEO plugin v19.7.1 - https:\/\/yoast.com\/wordpress\/plugins\/seo\/ -->\n<title>Strokovni program - FSF<\/title>\n<meta name=\"robots\" content=\"index, follow, max-snippet:-1, max-image-preview:large, max-video-preview:-1\" \/>\n<link rel=\"canonical\" href=\"https:\/\/fsf.si\/2022\/strokovni-program\/\" \/>\n<meta property=\"og:locale\" content=\"sl_SI\" \/>\n<meta property=\"og:type\" content=\"article\" \/>\n<meta property=\"og:title\" content=\"Strokovni program - FSF\" \/>\n<meta property=\"og:url\" content=\"https:\/\/fsf.si\/2022\/strokovni-program\/\" \/>\n<meta property=\"og:site_name\" content=\"FSF\" \/>\n<meta property=\"article:modified_time\" content=\"2022-10-09T09:44:47+00:00\" \/>\n<meta name=\"twitter:card\" content=\"summary_large_image\" \/>\n<meta name=\"twitter:label1\" content=\"Est. reading time\" \/>\n\t<meta name=\"twitter:data1\" content=\"1 minuta\" \/>\n<script type=\"application\/ld+json\" class=\"yoast-schema-graph\">{\"@context\":\"https:\/\/schema.org\",\"@graph\":[{\"@type\":\"WebPage\",\"@id\":\"https:\/\/fsf.si\/2022\/strokovni-program\/\",\"url\":\"https:\/\/fsf.si\/2022\/strokovni-program\/\",\"name\":\"Strokovni program - FSF\",\"isPartOf\":{\"@id\":\"https:\/\/fsf.si\/2022\/#website\"},\"datePublished\":\"2019-06-17T12:16:03+00:00\",\"dateModified\":\"2022-10-09T09:44:47+00:00\",\"breadcrumb\":{\"@id\":\"https:\/\/fsf.si\/2022\/strokovni-program\/#breadcrumb\"},\"inLanguage\":\"sl-SI\",\"potentialAction\":[{\"@type\":\"ReadAction\",\"target\":[\"https:\/\/fsf.si\/2022\/strokovni-program\/\"]}]},{\"@type\":\"BreadcrumbList\",\"@id\":\"https:\/\/fsf.si\/2022\/strokovni-program\/#breadcrumb\",\"itemListElement\":[{\"@type\":\"ListItem\",\"position\":1,\"name\":\"Home\",\"item\":\"https:\/\/fsf.si\/2022\/\"},{\"@type\":\"ListItem\",\"position\":2,\"name\":\"Strokovni program\"}]},{\"@type\":\"WebSite\",\"@id\":\"https:\/\/fsf.si\/2022\/#website\",\"url\":\"https:\/\/fsf.si\/2022\/\",\"name\":\"FSF\",\"description\":\"Festival Slovenskega Filma\",\"publisher\":{\"@id\":\"https:\/\/fsf.si\/2022\/#organization\"},\"potentialAction\":[{\"@type\":\"SearchAction\",\"target\":{\"@type\":\"EntryPoint\",\"urlTemplate\":\"https:\/\/fsf.si\/2022\/?s={search_term_string}\"},\"query-input\":\"required name=search_term_string\"}],\"inLanguage\":\"sl-SI\"},{\"@type\":\"Organization\",\"@id\":\"https:\/\/fsf.si\/2022\/#organization\",\"name\":\"Festival Slovenskega Filma\",\"url\":\"https:\/\/fsf.si\/2022\/\",\"sameAs\":[],\"logo\":{\"@type\":\"ImageObject\",\"inLanguage\":\"sl-SI\",\"@id\":\"https:\/\/fsf.si\/2022\/#\/schema\/logo\/image\/\",\"url\":\"https:\/\/fsf.si\/2022\/wp-content\/uploads\/2019\/06\/Slider-FSF.png\",\"contentUrl\":\"https:\/\/fsf.si\/2022\/wp-content\/uploads\/2019\/06\/Slider-FSF.png\",\"width\":4800,\"height\":1600,\"caption\":\"Festival Slovenskega Filma\"},\"image\":{\"@id\":\"https:\/\/fsf.si\/2022\/#\/schema\/logo\/image\/\"}}]}<\/script>\n<!-- \/ Yoast SEO plugin. -->","yoast_head_json":{"title":"Strokovni program - FSF","robots":{"index":"index","follow":"follow","max-snippet":"max-snippet:-1","max-image-preview":"max-image-preview:large","max-video-preview":"max-video-preview:-1"},"canonical":"https:\/\/fsf.si\/2022\/strokovni-program\/","og_locale":"sl_SI","og_type":"article","og_title":"Strokovni program - FSF","og_url":"https:\/\/fsf.si\/2022\/strokovni-program\/","og_site_name":"FSF","article_modified_time":"2022-10-09T09:44:47+00:00","twitter_card":"summary_large_image","twitter_misc":{"Est. reading time":"1 minuta"},"schema":{"@context":"https:\/\/schema.org","@graph":[{"@type":"WebPage","@id":"https:\/\/fsf.si\/2022\/strokovni-program\/","url":"https:\/\/fsf.si\/2022\/strokovni-program\/","name":"Strokovni program - FSF","isPartOf":{"@id":"https:\/\/fsf.si\/2022\/#website"},"datePublished":"2019-06-17T12:16:03+00:00","dateModified":"2022-10-09T09:44:47+00:00","breadcrumb":{"@id":"https:\/\/fsf.si\/2022\/strokovni-program\/#breadcrumb"},"inLanguage":"sl-SI","potentialAction":[{"@type":"ReadAction","target":["https:\/\/fsf.si\/2022\/strokovni-program\/"]}]},{"@type":"BreadcrumbList","@id":"https:\/\/fsf.si\/2022\/strokovni-program\/#breadcrumb","itemListElement":[{"@type":"ListItem","position":1,"name":"Home","item":"https:\/\/fsf.si\/2022\/"},{"@type":"ListItem","position":2,"name":"Strokovni program"}]},{"@type":"WebSite","@id":"https:\/\/fsf.si\/2022\/#website","url":"https:\/\/fsf.si\/2022\/","name":"FSF","description":"Festival Slovenskega Filma","publisher":{"@id":"https:\/\/fsf.si\/2022\/#organization"},"potentialAction":[{"@type":"SearchAction","target":{"@type":"EntryPoint","urlTemplate":"https:\/\/fsf.si\/2022\/?s={search_term_string}"},"query-input":"required name=search_term_string"}],"inLanguage":"sl-SI"},{"@type":"Organization","@id":"https:\/\/fsf.si\/2022\/#organization","name":"Festival Slovenskega Filma","url":"https:\/\/fsf.si\/2022\/","sameAs":[],"logo":{"@type":"ImageObject","inLanguage":"sl-SI","@id":"https:\/\/fsf.si\/2022\/#\/schema\/logo\/image\/","url":"https:\/\/fsf.si\/2022\/wp-content\/uploads\/2019\/06\/Slider-FSF.png","contentUrl":"https:\/\/fsf.si\/2022\/wp-content\/uploads\/2019\/06\/Slider-FSF.png","width":4800,"height":1600,"caption":"Festival Slovenskega Filma"},"image":{"@id":"https:\/\/fsf.si\/2022\/#\/schema\/logo\/image\/"}}]}},"_links":{"self":[{"href":"https:\/\/fsf.si\/2022\/wp-json\/wp\/v2\/pages\/4746"}],"collection":[{"href":"https:\/\/fsf.si\/2022\/wp-json\/wp\/v2\/pages"}],"about":[{"href":"https:\/\/fsf.si\/2022\/wp-json\/wp\/v2\/types\/page"}],"author":[{"embeddable":true,"href":"https:\/\/fsf.si\/2022\/wp-json\/wp\/v2\/users\/1"}],"replies":[{"embeddable":true,"href":"https:\/\/fsf.si\/2022\/wp-json\/wp\/v2\/comments?post=4746"}],"version-history":[{"count":44,"href":"https:\/\/fsf.si\/2022\/wp-json\/wp\/v2\/pages\/4746\/revisions"}],"predecessor-version":[{"id":22223,"href":"https:\/\/fsf.si\/2022\/wp-json\/wp\/v2\/pages\/4746\/revisions\/22223"}],"wp:attachment":[{"href":"https:\/\/fsf.si\/2022\/wp-json\/wp\/v2\/media?parent=4746"}],"curies":[{"name":"wp","href":"https:\/\/api.w.org\/{rel}","templated":true}]}}