{"id":6268,"date":"2019-07-08T17:19:40","date_gmt":"2019-07-08T12:19:40","guid":{"rendered":"http:\/\/www.fsf.si\/2019\/?page_id=6268"},"modified":"2022-08-09T18:55:42","modified_gmt":"2022-08-09T16:55:42","slug":"prostovoljstvo","status":"publish","type":"page","link":"https:\/\/fsf.si\/2022\/prostovoljstvo\/","title":{"rendered":"Prostovoljstvo"},"content":{"rendered":"<div class=\"vc_row wpb_row vc_row-fluid\" ><div class=\"wpb_column vc_column_container vc_col-sm-12\"><div class=\"vc_column-inner\"><div class=\"wpb_wrapper\">\n\t<div class=\"wpb_text_column wpb_content_element \" >\n\t\t<div class=\"wpb_wrapper\">\n\t\t\t<p><strong>Pridru\u017ei se ekipi 25. FSF Portoro\u017e<\/strong><\/p>\n<p>Festival slovenskega filma je osrednji slovenski filmski dogodek, ki predstavi najnovej\u0161o doma\u010do filmsko produkcijo. V leto\u0161njem letu bo potekal med 25. in 30. oktobrom v Portoro\u017eu. Prisr\u010dno vabljeni, da se nam pridru\u017eite!<\/p>\n<p>Prostovoljci ste nepogre\u0161ljivi \u010dlani festivalske ekipe, klju\u010dni za uspe\u0161no izvedbo \u0161tevilnih aktivnosti na festivalski info to\u010dki, pri izdajanju akreditacij, vodenju filmskih ekip, usmerjanju gledalcev ter izvedbi strokovnih in dru\u017eabnih dogodkov. \u010ce ste ljubitelj filmov, \u010de vam ni te\u017eko z nasme\u0161kom in dobro voljo re\u0161evati zadreg obiskovalcev in \u010dlanov filmskih ekip, \u010de ste zanesljivi in fleksibilni, govorite angle\u0161ko ali italijansko, \u010de ste na voljo ve\u010dji del trajanja festivala in ste starej\u0161i\u00a0od 18 let,\u00a0izpolnjujete pomembne kriterije za prijavo.<\/p>\n\n\t\t<\/div>\n\t<\/div>\n<\/div><\/div><\/div><\/div><div class=\"vc_row wpb_row vc_row-fluid vc_custom_1600087043339\" ><div class=\"wpb_column vc_column_container vc_col-sm-8\"><div class=\"vc_column-inner\"><div class=\"wpb_wrapper\">\n\t<div class=\"wpb_text_column wpb_content_element \" >\n\t\t<div class=\"wpb_wrapper\">\n\t\t\t<p><strong>Nudimo vam:<\/strong><\/p>\n<ul>\n<li>delo in dru\u017eenje z uveljavljenimi slovenskimi filmskimi ustvarjalci,<\/li>\n<li>brezpla\u010dne vstopnice za festivalske projekcije,<\/li>\n<li>opravljanje \u0161tudentske prakse,<\/li>\n<li>izku\u0161nje in reference za grajenje kariernih ciljev,<\/li>\n<li>nova poznanstva in mo\u017enosti sodelovanj tudi v prihodnje,<\/li>\n<li>preno\u010di\u0161\u010de in prehrano (zajtrk in kosilo),<\/li>\n<li>opremo, ki jo boste potrebovali pri delu,<\/li>\n<li>prevoz iz Ljubljane do Portoro\u017ea in nazaj.<\/li>\n<\/ul>\n<p><strong>Prijavite se lahko:<\/strong><\/p>\n<ul>\n<li>starej\u0161i\u00a0od 18 let,<\/li>\n<li>vsi, ki ste v \u010dasu festivala pripravljeni delati brezpla\u010dno.<\/li>\n<\/ul>\n<p>Prijavite se lahko preko spodnjega obrazca.<\/p>\n<p>Veselimo se sre\u010danja z vami!<\/p>\n\n\t\t<\/div>\n\t<\/div>\n<\/div><\/div><\/div><div class=\"wpb_column vc_column_container vc_col-sm-4\"><div class=\"vc_column-inner\"><div class=\"wpb_wrapper\">\n\t<div  class=\"wpb_single_image wpb_content_element vc_align_center\">\n\t\t\n\t\t<figure class=\"wpb_wrapper vc_figure\">\n\t\t\t<a class=\"\" data-lightbox=\"lightbox[rel-6268-3530370201]\" href=\"https:\/\/fsf.si\/2022\/wp-content\/uploads\/2022\/08\/prostovoljci.jpg\" target=\"_self\" class=\"vc_single_image-wrapper   vc_box_border_grey\"><img width=\"623\" height=\"408\" src=\"https:\/\/fsf.si\/2022\/wp-content\/uploads\/2022\/08\/prostovoljci.jpg\" class=\"vc_single_image-img attachment-full\" alt=\"\" loading=\"lazy\" \/><\/a>\n\t\t<\/figure>\n\t<\/div>\n<\/div><\/div><\/div><\/div><div class=\"vc_row wpb_row vc_row-fluid\" ><div class=\"wpb_column vc_column_container vc_col-sm-12\"><div class=\"vc_column-inner\"><div class=\"wpb_wrapper\">\n\t<div class=\"wpb_text_column wpb_content_element \" >\n\t\t<div class=\"wpb_wrapper\">\n\t\t\t<div id=\"vfb-form-1\" class=\"visual-form-builder-container\"><form id=\"prostovoljci-1\" class=\"visual-form-builder vfb-form-1 \" method=\"post\" enctype=\"multipart\/form-data\">\n\t  \t<input type=\"hidden\" name=\"form_id\" value=\"1\" \/><fieldset class=\"vfb-fieldset vfb-fieldset-1 prijava-na-dogodek \" id=\"item-vfb-1\"><div class=\"vfb-legend\"><h3>Prijava na dogodek<\/h3><\/div><ul class=\"vfb-section vfb-section-1\"><li class=\"vfb-item vfb-item-text   vfb-left-half\" id=\"item-vfb-5\"><label for=\"vfb-5\" class=\"vfb-desc\">Ime in priimek  <span class=\"vfb-required-asterisk\">*<\/span><\/label><input type=\"text\" name=\"vfb-5\" id=\"vfb-5\" value=\"\" class=\"vfb-text  vfb-medium  required  \" \/><\/li><li class=\"vfb-item vfb-item-text   vfb-right-half\" id=\"item-vfb-6\"><label for=\"vfb-6\" class=\"vfb-desc\">Datum rojstva:  <span class=\"vfb-required-asterisk\">*<\/span><\/label><input type=\"text\" name=\"vfb-6\" id=\"vfb-6\" value=\"\" class=\"vfb-text  vfb-medium  required  \" \/><\/li><li class=\"vfb-item vfb-item-text   vfb-left-half\" id=\"item-vfb-7\"><label for=\"vfb-7\" class=\"vfb-desc\">Telefonska \u0161tevilka  <span class=\"vfb-required-asterisk\">*<\/span><\/label><input type=\"text\" name=\"vfb-7\" id=\"vfb-7\" value=\"\" class=\"vfb-text  vfb-medium  required  \" \/><\/li><li class=\"vfb-item vfb-item-text   vfb-right-half\" id=\"item-vfb-8\"><label for=\"vfb-8\" class=\"vfb-desc\">Email  <span class=\"vfb-required-asterisk\">*<\/span><\/label><input type=\"text\" name=\"vfb-8\" id=\"vfb-8\" value=\"\" class=\"vfb-text  vfb-medium  required  \" \/><\/li><li class=\"vfb-item vfb-item-text   vfb-left-half\" id=\"item-vfb-9\"><label for=\"vfb-9\" class=\"vfb-desc\">Ali imate izku\u0161nje pri delu na dogodkih? <\/label><input type=\"text\" name=\"vfb-9\" id=\"vfb-9\" value=\"\" class=\"vfb-text  vfb-medium   \" \/><\/li><li class=\"vfb-item vfb-item-text   vfb-right-half\" id=\"item-vfb-10\"><label for=\"vfb-10\" class=\"vfb-desc\">Ali imate posebna znanja ali spretnosti? Katera? <\/label><input type=\"text\" name=\"vfb-10\" id=\"vfb-10\" value=\"\" class=\"vfb-text  vfb-medium   \" \/><\/li><\/ul>&nbsp;<\/fieldset><fieldset class=\"vfb-fieldset vfb-fieldset-2 verifikacija \" id=\"item-vfb-2\" style=\"display:block\"><div class=\"vfb-legend\"><h3>Verifikacija<\/h3><\/div><ul class=\"vfb-section vfb-section-2\"><li class=\"vfb-item vfb-item-secret\"  style=\"display:block\"><label for=\"vfb-3\" class=\"vfb-desc\">Prosim vpi\u0161ite poljubno dvomestno \u0161tevilo <span class=\"vfb-required-asterisk\">*<\/span><\/label><input type=\"hidden\" name=\"_vfb-secret\" value=\"vfb-3\" \/><span class=\"vfb-span\"><input type=\"text\" name=\"vfb-3\" id=\"vfb-3\" value=\"\" class=\"vfb-text  vfb-medium  required {digits:true,maxlength:2,minlength:2} \" style=\"display:block\" \/><label>Primer: 12<\/label><\/span><li style=\"display:none;\"><label>This box is for spam protection - &lt;strong&gt;please leave it blank&lt;\/strong&gt;:<\/label><div><input name=\"vfb-spam\" \/><\/div><\/li>\n\t\t\t<li class=\"vfb-item vfb-item-submit\" id=\"item-vfb-4\">\n\t\t\t\t<input type=\"submit\" name=\"vfb-submit\" id=\"vfb-4\" value=\"PO\u0160LJI\" class=\"vfb-submit \" \/>\n\t\t\t\t<\/li><\/ul>\n\t\t\t<\/fieldset><input type=\"hidden\" name=\"_wp_http_referer\" value=\"\/2022\/wp-json\/wp\/v2\/pages\/6268\" \/><\/form><\/div> <!-- .visual-form-builder-container -->\n\n\t\t<\/div>\n\t<\/div>\n<\/div><\/div><\/div><\/div>\n","protected":false},"excerpt":{"rendered":"Pridru\u017ei se ekipi 25. FSF Portoro\u017e Festival slovenskega filma je osrednji slovenski filmski dogodek, ki predstavi najnovej\u0161o [...]","protected":false},"author":1,"featured_media":0,"parent":0,"menu_order":0,"comment_status":"closed","ping_status":"closed","template":"","meta":[],"yoast_head":"<!-- This site is optimized with the Yoast SEO plugin v19.7.1 - https:\/\/yoast.com\/wordpress\/plugins\/seo\/ -->\n<title>Pridru\u017ei se ekipi 25. FSF<\/title>\n<meta name=\"description\" content=\"Prostovoljci ste nepogre\u0161ljivi \u010dlani festivalske ekipe, klju\u010dni za uspe\u0161no izvedbo \u0161tevilnih aktivnosti na festivalski info to\u010dki, pri izdajanju akreditacij, vodenju filmskih ekip, usmerjanju gledalcev ter izvedbi strokovnih in dru\u017eabnih dogodkov.\" \/>\n<meta name=\"robots\" content=\"index, follow, max-snippet:-1, max-image-preview:large, max-video-preview:-1\" \/>\n<link rel=\"canonical\" href=\"https:\/\/fsf.si\/2022\/prostovoljstvo\/\" \/>\n<meta property=\"og:locale\" content=\"sl_SI\" \/>\n<meta property=\"og:type\" content=\"article\" \/>\n<meta property=\"og:title\" content=\"Pridru\u017ei se ekipi 25. FSF\" \/>\n<meta property=\"og:description\" content=\"Prostovoljci ste nepogre\u0161ljivi \u010dlani festivalske ekipe, klju\u010dni za uspe\u0161no izvedbo \u0161tevilnih aktivnosti na festivalski info to\u010dki, pri izdajanju akreditacij, vodenju filmskih ekip, usmerjanju gledalcev ter izvedbi strokovnih in dru\u017eabnih dogodkov.\" \/>\n<meta property=\"og:url\" content=\"https:\/\/fsf.si\/2022\/prostovoljstvo\/\" \/>\n<meta property=\"og:site_name\" content=\"FSF\" \/>\n<meta property=\"article:modified_time\" content=\"2022-08-09T16:55:42+00:00\" \/>\n<meta property=\"og:image\" content=\"https:\/\/fsf.si\/2022\/wp-content\/uploads\/2022\/08\/prostovoljci-1.jpg\" \/>\n\t<meta property=\"og:image:width\" content=\"623\" \/>\n\t<meta property=\"og:image:height\" content=\"408\" \/>\n\t<meta property=\"og:image:type\" content=\"image\/jpeg\" \/>\n<meta name=\"twitter:card\" content=\"summary_large_image\" \/>\n<meta name=\"twitter:label1\" content=\"Est. reading time\" \/>\n\t<meta name=\"twitter:data1\" content=\"2 minuti\" \/>\n<script type=\"application\/ld+json\" class=\"yoast-schema-graph\">{\"@context\":\"https:\/\/schema.org\",\"@graph\":[{\"@type\":\"WebPage\",\"@id\":\"https:\/\/fsf.si\/2022\/prostovoljstvo\/\",\"url\":\"https:\/\/fsf.si\/2022\/prostovoljstvo\/\",\"name\":\"Pridru\u017ei se ekipi 25. FSF\",\"isPartOf\":{\"@id\":\"https:\/\/fsf.si\/2022\/#website\"},\"datePublished\":\"2019-07-08T12:19:40+00:00\",\"dateModified\":\"2022-08-09T16:55:42+00:00\",\"description\":\"Prostovoljci ste nepogre\u0161ljivi \u010dlani festivalske ekipe, klju\u010dni za uspe\u0161no izvedbo \u0161tevilnih aktivnosti na festivalski info to\u010dki, pri izdajanju akreditacij, vodenju filmskih ekip, usmerjanju gledalcev ter izvedbi strokovnih in dru\u017eabnih dogodkov.\",\"breadcrumb\":{\"@id\":\"https:\/\/fsf.si\/2022\/prostovoljstvo\/#breadcrumb\"},\"inLanguage\":\"sl-SI\",\"potentialAction\":[{\"@type\":\"ReadAction\",\"target\":[\"https:\/\/fsf.si\/2022\/prostovoljstvo\/\"]}]},{\"@type\":\"BreadcrumbList\",\"@id\":\"https:\/\/fsf.si\/2022\/prostovoljstvo\/#breadcrumb\",\"itemListElement\":[{\"@type\":\"ListItem\",\"position\":1,\"name\":\"Home\",\"item\":\"https:\/\/fsf.si\/2022\/\"},{\"@type\":\"ListItem\",\"position\":2,\"name\":\"Prostovoljstvo\"}]},{\"@type\":\"WebSite\",\"@id\":\"https:\/\/fsf.si\/2022\/#website\",\"url\":\"https:\/\/fsf.si\/2022\/\",\"name\":\"FSF\",\"description\":\"Festival Slovenskega Filma\",\"publisher\":{\"@id\":\"https:\/\/fsf.si\/2022\/#organization\"},\"potentialAction\":[{\"@type\":\"SearchAction\",\"target\":{\"@type\":\"EntryPoint\",\"urlTemplate\":\"https:\/\/fsf.si\/2022\/?s={search_term_string}\"},\"query-input\":\"required name=search_term_string\"}],\"inLanguage\":\"sl-SI\"},{\"@type\":\"Organization\",\"@id\":\"https:\/\/fsf.si\/2022\/#organization\",\"name\":\"Festival Slovenskega Filma\",\"url\":\"https:\/\/fsf.si\/2022\/\",\"sameAs\":[],\"logo\":{\"@type\":\"ImageObject\",\"inLanguage\":\"sl-SI\",\"@id\":\"https:\/\/fsf.si\/2022\/#\/schema\/logo\/image\/\",\"url\":\"https:\/\/fsf.si\/2022\/wp-content\/uploads\/2019\/06\/Slider-FSF.png\",\"contentUrl\":\"https:\/\/fsf.si\/2022\/wp-content\/uploads\/2019\/06\/Slider-FSF.png\",\"width\":4800,\"height\":1600,\"caption\":\"Festival Slovenskega Filma\"},\"image\":{\"@id\":\"https:\/\/fsf.si\/2022\/#\/schema\/logo\/image\/\"}}]}<\/script>\n<!-- \/ Yoast SEO plugin. -->","yoast_head_json":{"title":"Pridru\u017ei se ekipi 25. FSF","description":"Prostovoljci ste nepogre\u0161ljivi \u010dlani festivalske ekipe, klju\u010dni za uspe\u0161no izvedbo \u0161tevilnih aktivnosti na festivalski info to\u010dki, pri izdajanju akreditacij, vodenju filmskih ekip, usmerjanju gledalcev ter izvedbi strokovnih in dru\u017eabnih dogodkov.","robots":{"index":"index","follow":"follow","max-snippet":"max-snippet:-1","max-image-preview":"max-image-preview:large","max-video-preview":"max-video-preview:-1"},"canonical":"https:\/\/fsf.si\/2022\/prostovoljstvo\/","og_locale":"sl_SI","og_type":"article","og_title":"Pridru\u017ei se ekipi 25. FSF","og_description":"Prostovoljci ste nepogre\u0161ljivi \u010dlani festivalske ekipe, klju\u010dni za uspe\u0161no izvedbo \u0161tevilnih aktivnosti na festivalski info to\u010dki, pri izdajanju akreditacij, vodenju filmskih ekip, usmerjanju gledalcev ter izvedbi strokovnih in dru\u017eabnih dogodkov.","og_url":"https:\/\/fsf.si\/2022\/prostovoljstvo\/","og_site_name":"FSF","article_modified_time":"2022-08-09T16:55:42+00:00","og_image":[{"width":623,"height":408,"url":"https:\/\/fsf.si\/2022\/wp-content\/uploads\/2022\/08\/prostovoljci-1.jpg","type":"image\/jpeg"}],"twitter_card":"summary_large_image","twitter_misc":{"Est. reading time":"2 minuti"},"schema":{"@context":"https:\/\/schema.org","@graph":[{"@type":"WebPage","@id":"https:\/\/fsf.si\/2022\/prostovoljstvo\/","url":"https:\/\/fsf.si\/2022\/prostovoljstvo\/","name":"Pridru\u017ei se ekipi 25. FSF","isPartOf":{"@id":"https:\/\/fsf.si\/2022\/#website"},"datePublished":"2019-07-08T12:19:40+00:00","dateModified":"2022-08-09T16:55:42+00:00","description":"Prostovoljci ste nepogre\u0161ljivi \u010dlani festivalske ekipe, klju\u010dni za uspe\u0161no izvedbo \u0161tevilnih aktivnosti na festivalski info to\u010dki, pri izdajanju akreditacij, vodenju filmskih ekip, usmerjanju gledalcev ter izvedbi strokovnih in dru\u017eabnih dogodkov.","breadcrumb":{"@id":"https:\/\/fsf.si\/2022\/prostovoljstvo\/#breadcrumb"},"inLanguage":"sl-SI","potentialAction":[{"@type":"ReadAction","target":["https:\/\/fsf.si\/2022\/prostovoljstvo\/"]}]},{"@type":"BreadcrumbList","@id":"https:\/\/fsf.si\/2022\/prostovoljstvo\/#breadcrumb","itemListElement":[{"@type":"ListItem","position":1,"name":"Home","item":"https:\/\/fsf.si\/2022\/"},{"@type":"ListItem","position":2,"name":"Prostovoljstvo"}]},{"@type":"WebSite","@id":"https:\/\/fsf.si\/2022\/#website","url":"https:\/\/fsf.si\/2022\/","name":"FSF","description":"Festival Slovenskega Filma","publisher":{"@id":"https:\/\/fsf.si\/2022\/#organization"},"potentialAction":[{"@type":"SearchAction","target":{"@type":"EntryPoint","urlTemplate":"https:\/\/fsf.si\/2022\/?s={search_term_string}"},"query-input":"required name=search_term_string"}],"inLanguage":"sl-SI"},{"@type":"Organization","@id":"https:\/\/fsf.si\/2022\/#organization","name":"Festival Slovenskega Filma","url":"https:\/\/fsf.si\/2022\/","sameAs":[],"logo":{"@type":"ImageObject","inLanguage":"sl-SI","@id":"https:\/\/fsf.si\/2022\/#\/schema\/logo\/image\/","url":"https:\/\/fsf.si\/2022\/wp-content\/uploads\/2019\/06\/Slider-FSF.png","contentUrl":"https:\/\/fsf.si\/2022\/wp-content\/uploads\/2019\/06\/Slider-FSF.png","width":4800,"height":1600,"caption":"Festival Slovenskega Filma"},"image":{"@id":"https:\/\/fsf.si\/2022\/#\/schema\/logo\/image\/"}}]}},"_links":{"self":[{"href":"https:\/\/fsf.si\/2022\/wp-json\/wp\/v2\/pages\/6268"}],"collection":[{"href":"https:\/\/fsf.si\/2022\/wp-json\/wp\/v2\/pages"}],"about":[{"href":"https:\/\/fsf.si\/2022\/wp-json\/wp\/v2\/types\/page"}],"author":[{"embeddable":true,"href":"https:\/\/fsf.si\/2022\/wp-json\/wp\/v2\/users\/1"}],"replies":[{"embeddable":true,"href":"https:\/\/fsf.si\/2022\/wp-json\/wp\/v2\/comments?post=6268"}],"version-history":[{"count":24,"href":"https:\/\/fsf.si\/2022\/wp-json\/wp\/v2\/pages\/6268\/revisions"}],"predecessor-version":[{"id":20103,"href":"https:\/\/fsf.si\/2022\/wp-json\/wp\/v2\/pages\/6268\/revisions\/20103"}],"wp:attachment":[{"href":"https:\/\/fsf.si\/2022\/wp-json\/wp\/v2\/media?parent=6268"}],"curies":[{"name":"wp","href":"https:\/\/api.w.org\/{rel}","templated":true}]}}