{"id":8025,"date":"2019-08-25T18:23:20","date_gmt":"2019-08-25T13:23:20","guid":{"rendered":"http:\/\/www.fsf.si\/2019\/?page_id=8025"},"modified":"2022-09-28T13:22:34","modified_gmt":"2022-09-28T11:22:34","slug":"jury","status":"publish","type":"page","link":"https:\/\/fsf.si\/2022\/en\/jury\/","title":{"rendered":"Jury"},"content":{"rendered":"<div class=\"vc_row wpb_row vc_row-fluid\" ><div class=\"wpb_column vc_column_container vc_col-sm-12\"><div class=\"vc_column-inner\"><div class=\"wpb_wrapper\"><div class=\"vc_empty_space\"   style=\"height: 32px\"><span class=\"vc_empty_space_inner\"><\/span><\/div><div id=\"ts-vcsc-textillate-8769770\" class=\"ts-textillate   \" data-loop=\"false\" data-delay=\"100\" data-in-effect=\"ts-composer-css-bounce\" data-in-sync=\"false\" data-in-shuffle=\"false\" data-in-reverse=\"false\"  style=\"color: #000000 !important; font-size: 36px; line-height: 36px; font-weight: inherit; text-align: left; margin-top: 0px; margin-bottom: 0px;\">Jury for feature films:<\/div><div class=\"vc_row wpb_row vc_inner vc_row-fluid jury-team-item\" ><div class=\"wpb_column vc_column_container vc_col-sm-3\"><div class=\"vc_column-inner\"><div class=\"wpb_wrapper\">\n\t<div  class=\"wpb_single_image wpb_content_element vc_align_left\">\n\t\t\n\t\t<figure class=\"wpb_wrapper vc_figure\">\n\t\t\t<div class=\"vc_single_image-wrapper vc_box_circle  vc_box_border_grey\"><img width=\"500\" height=\"500\" src=\"https:\/\/fsf.si\/2022\/wp-content\/uploads\/2022\/09\/33.png\" class=\"vc_single_image-img attachment-full\" alt=\"\" loading=\"lazy\" srcset=\"https:\/\/fsf.si\/2022\/wp-content\/uploads\/2022\/09\/33.png 500w, https:\/\/fsf.si\/2022\/wp-content\/uploads\/2022\/09\/33-300x300.png 300w, https:\/\/fsf.si\/2022\/wp-content\/uploads\/2022\/09\/33-150x150.png 150w\" sizes=\"(max-width: 500px) 100vw, 500px\" \/><\/div>\n\t\t<\/figure>\n\t<\/div>\n<\/div><\/div><\/div><div class=\"wpb_column vc_column_container vc_col-sm-9\"><div class=\"vc_column-inner\"><div class=\"wpb_wrapper\">\n\t<div class=\"wpb_text_column wpb_content_element \" >\n\t\t<div class=\"wpb_wrapper\">\n\t\t\t<h1>Darko Sinko<\/h1>\n<h2>film director and screenwriter<\/h2>\n<p style=\"text-align: justify;\">Darko Sinko is a freelance filmmaker with a degree in Film Directing from the Ljubljana Academy of Theatre, Radio, Film and Television. In addition to making several award-winning documentaries (e.g., Critical Generation, Little Houses) and fiction films (short film Schoolmates, feature film Inventory), he has worked as an assistant director, cinematographer, and editor, and produced a number of documentary films. He also engages in teaching the art of filmmaking, working as a professor of film at the Secondary Preschool Education, Grammar School and Performing Arts School Ljubljana.<\/p>\n\n\t\t<\/div>\n\t<\/div>\n<\/div><\/div><\/div><\/div><div class=\"vc_row wpb_row vc_inner vc_row-fluid jury-team-item\" ><div class=\"wpb_column vc_column_container vc_col-sm-3\"><div class=\"vc_column-inner\"><div class=\"wpb_wrapper\">\n\t<div  class=\"wpb_single_image wpb_content_element vc_align_left\">\n\t\t\n\t\t<figure class=\"wpb_wrapper vc_figure\">\n\t\t\t<div class=\"vc_single_image-wrapper vc_box_circle  vc_box_border_grey\"><img width=\"500\" height=\"500\" src=\"https:\/\/fsf.si\/2022\/wp-content\/uploads\/2022\/09\/mili.png\" class=\"vc_single_image-img attachment-large\" alt=\"\" loading=\"lazy\" srcset=\"https:\/\/fsf.si\/2022\/wp-content\/uploads\/2022\/09\/mili.png 500w, https:\/\/fsf.si\/2022\/wp-content\/uploads\/2022\/09\/mili-300x300.png 300w, https:\/\/fsf.si\/2022\/wp-content\/uploads\/2022\/09\/mili-150x150.png 150w\" sizes=\"(max-width: 500px) 100vw, 500px\" \/><\/div>\n\t\t<\/figure>\n\t<\/div>\n<\/div><\/div><\/div><div class=\"wpb_column vc_column_container vc_col-sm-9\"><div class=\"vc_column-inner\"><div class=\"wpb_wrapper\">\n\t<div class=\"wpb_text_column wpb_content_element \" >\n\t\t<div class=\"wpb_wrapper\">\n\t\t\t<h1>Milovoj Miki Ro\u0161<\/h1>\n<h2>actor and writer<\/h2>\n<p style=\"text-align: justify;\">Milivoj Miki Ro\u0161 (1959, Maribor) has spent nearly his entire creative career between Prekmurje, Slovenia, and Porabje, a region in western Hungary that is home to a Slovenian minority. His first contact with puppets and theatre was thanks to his mother Jo\u017ei, before working for the National TV introduced him to motion pictures. Documentary essays and youth series gradually led to films. Acting roles followed, small or otherwise: <em>Eyes Full of Water<\/em> (J. Ba\u0161a), <em>Dad<\/em> (V. \u0160kafar), and <em>Brother<\/em> (<em>Oroslan<\/em>, M. Ivani\u0161in). The latter has also won him a Vesna Award for best actor in a supporting role. He still keeps himself creative and busy.<\/p>\n\n\t\t<\/div>\n\t<\/div>\n<\/div><\/div><\/div><\/div><div class=\"vc_row wpb_row vc_inner vc_row-fluid jury-team-item\" ><div class=\"wpb_column vc_column_container vc_col-sm-3\"><div class=\"vc_column-inner\"><div class=\"wpb_wrapper\">\n\t<div  class=\"wpb_single_image wpb_content_element vc_align_left\">\n\t\t\n\t\t<figure class=\"wpb_wrapper vc_figure\">\n\t\t\t<div class=\"vc_single_image-wrapper vc_box_circle  vc_box_border_grey\"><img width=\"500\" height=\"500\" src=\"https:\/\/fsf.si\/2022\/wp-content\/uploads\/2022\/09\/22.png\" class=\"vc_single_image-img attachment-large\" alt=\"\" loading=\"lazy\" srcset=\"https:\/\/fsf.si\/2022\/wp-content\/uploads\/2022\/09\/22.png 500w, https:\/\/fsf.si\/2022\/wp-content\/uploads\/2022\/09\/22-300x300.png 300w, https:\/\/fsf.si\/2022\/wp-content\/uploads\/2022\/09\/22-150x150.png 150w\" sizes=\"(max-width: 500px) 100vw, 500px\" \/><\/div>\n\t\t<\/figure>\n\t<\/div>\n<\/div><\/div><\/div><div class=\"wpb_column vc_column_container vc_col-sm-9\"><div class=\"vc_column-inner\"><div class=\"wpb_wrapper\">\n\t<div class=\"wpb_text_column wpb_content_element \" >\n\t\t<div class=\"wpb_wrapper\">\n\t\t\t<h1>Ivana Kronja<\/h1>\n<h2>film theorist and critic<\/h2>\n<p style=\"text-align: justify;\">Ivana Kronja, PhD, (1970) is a culture, media and film theorist, and film critic. She obtained a master\u2019s degree and a PhD in film studies from the Faculty of Dramatic Arts, Belgrade. A Chevening Programme alumna for her PhD research in Oxford, UK. Since 2003 she has taught at the College of Fine and Applied Arts in Belgrade. The author of studies Smrtonosni sjaj: Masovna psihologija i estetika turbo-folka (2001), Estetika avangardnog i eksperimentalnog filma: Telo, rod i identitet (2020) and dozens of other papers focusing on culture, media, and film, published in Serbia and internationally. She wrote and directed short films Igra istine (1995) and Rat in the Kitchen (2004). A member of the Serbian Academy of Cinema and Science (AFUN), FIPRESCI, and an active film critic in Belgrade and the region. She was a critics jury and international jury member at different festivals (FAF, Infant, Cinema City, 25FPS Zagreb, Motovun, FEST, LIFFE).<\/p>\n\n\t\t<\/div>\n\t<\/div>\n<\/div><\/div><\/div><\/div><div class=\"vc_empty_space\"   style=\"height: 32px\"><span class=\"vc_empty_space_inner\"><\/span><\/div><div class=\"vc_empty_space\"   style=\"height: 32px\"><span class=\"vc_empty_space_inner\"><\/span><\/div><div id=\"ts-vcsc-textillate-7117760\" class=\"ts-textillate   \" data-loop=\"false\" data-delay=\"100\" data-in-effect=\"ts-composer-css-bounce\" data-in-sync=\"false\" data-in-shuffle=\"false\" data-in-reverse=\"false\"  style=\"color: #000000 !important; font-size: 31px; line-height: 31px; font-weight: inherit; text-align: left; margin-top: 0px; margin-bottom: 0px;\">Jury for short fiction, documentary, experimental, animated, and student films<\/div><div class=\"vc_row wpb_row vc_inner vc_row-fluid jury-team-item\" ><div class=\"wpb_column vc_column_container vc_col-sm-3\"><div class=\"vc_column-inner\"><div class=\"wpb_wrapper\">\n\t<div  class=\"wpb_single_image wpb_content_element vc_align_left\">\n\t\t\n\t\t<figure class=\"wpb_wrapper vc_figure\">\n\t\t\t<div class=\"vc_single_image-wrapper vc_box_circle  vc_box_border_grey\"><img width=\"500\" height=\"500\" src=\"https:\/\/fsf.si\/2022\/wp-content\/uploads\/2022\/09\/menart.png\" class=\"vc_single_image-img attachment-large\" alt=\"\" loading=\"lazy\" srcset=\"https:\/\/fsf.si\/2022\/wp-content\/uploads\/2022\/09\/menart.png 500w, https:\/\/fsf.si\/2022\/wp-content\/uploads\/2022\/09\/menart-300x300.png 300w, https:\/\/fsf.si\/2022\/wp-content\/uploads\/2022\/09\/menart-150x150.png 150w\" sizes=\"(max-width: 500px) 100vw, 500px\" \/><\/div>\n\t\t<\/figure>\n\t<\/div>\n<\/div><\/div><\/div><div class=\"wpb_column vc_column_container vc_col-sm-9\"><div class=\"vc_column-inner\"><div class=\"wpb_wrapper\">\n\t<div class=\"wpb_text_column wpb_content_element \" >\n\t\t<div class=\"wpb_wrapper\">\n\t\t\t<h1>Ur\u0161a Menart<\/h1>\n<h2>director and screenwriter<\/h2>\n<p style=\"text-align: justify;\">Ur\u0161a Menart is a film and TV director with a degree from the Ljubljana Academy of Theatre, Radio, Film and Television. After directing several short and documentary films, her fiction feature debut My Last Year as a Loser won the Vesna Awards for best Feature Film and Best Screenplay at the 21st Festival of Slovenian Film. As a so-screenwriter, she worked on Damjan Kozole\u2019s Half-Sister, which premiered in the Official Competition at Karlovy Vary. In 2019 and 2020, Menart was the President of the Directors Guild of Slovenia. Since 2019, she has been a member of the European Film Academy.<\/p>\n\n\t\t<\/div>\n\t<\/div>\n<\/div><\/div><\/div><\/div><div class=\"vc_row wpb_row vc_inner vc_row-fluid jury-team-item\" ><div class=\"wpb_column vc_column_container vc_col-sm-3\"><div class=\"vc_column-inner\"><div class=\"wpb_wrapper\">\n\t<div  class=\"wpb_single_image wpb_content_element vc_align_left\">\n\t\t\n\t\t<figure class=\"wpb_wrapper vc_figure\">\n\t\t\t<div class=\"vc_single_image-wrapper vc_box_circle  vc_box_border_grey\"><img width=\"500\" height=\"500\" src=\"https:\/\/fsf.si\/2022\/wp-content\/uploads\/2022\/09\/sinko.png\" class=\"vc_single_image-img attachment-large\" alt=\"\" loading=\"lazy\" srcset=\"https:\/\/fsf.si\/2022\/wp-content\/uploads\/2022\/09\/sinko.png 500w, https:\/\/fsf.si\/2022\/wp-content\/uploads\/2022\/09\/sinko-300x300.png 300w, https:\/\/fsf.si\/2022\/wp-content\/uploads\/2022\/09\/sinko-150x150.png 150w\" sizes=\"(max-width: 500px) 100vw, 500px\" \/><\/div>\n\t\t<\/figure>\n\t<\/div>\n<\/div><\/div><\/div><div class=\"wpb_column vc_column_container vc_col-sm-9\"><div class=\"vc_column-inner\"><div class=\"wpb_wrapper\">\n\t<div class=\"wpb_text_column wpb_content_element \" >\n\t\t<div class=\"wpb_wrapper\">\n\t\t\t<h1>Matev\u017e Jerman<\/h1>\n<h2>filmmaker and Artistic Director of FeKK short film festival<\/h2>\n<p style=\"text-align: justify;\">Matev\u017e Jerman is a film director, film curator, and the Artistic Director of the Ljubljana short film festival FeKK. His preferred domains as a filmmaker include experimental cinema and music video. His works have been shown at international festivals and have received multiple awards including the Vesna Award for best experimental film at FSF 2021. Since 2009, Jerman has also worked for the Programme Department of the Slovenian Cinematheque, where he currently curates short film programmes and explores special avant-garde collections kept by the Cinematheque\u2019s archive. As a programmer for short films, he also collaborates with the Kino Otok \u2013 Isola Cinema festival and LIFFe.<\/p>\n\n\t\t<\/div>\n\t<\/div>\n<\/div><\/div><\/div><\/div><div class=\"vc_row wpb_row vc_inner vc_row-fluid jury-team-item\" ><div class=\"wpb_column vc_column_container vc_col-sm-3\"><div class=\"vc_column-inner\"><div class=\"wpb_wrapper\">\n\t<div  class=\"wpb_single_image wpb_content_element vc_align_left\">\n\t\t\n\t\t<figure class=\"wpb_wrapper vc_figure\">\n\t\t\t<div class=\"vc_single_image-wrapper vc_box_circle  vc_box_border_grey\"><img width=\"500\" height=\"500\" src=\"https:\/\/fsf.si\/2022\/wp-content\/uploads\/2022\/09\/11.png\" class=\"vc_single_image-img attachment-large\" alt=\"\" loading=\"lazy\" srcset=\"https:\/\/fsf.si\/2022\/wp-content\/uploads\/2022\/09\/11.png 500w, https:\/\/fsf.si\/2022\/wp-content\/uploads\/2022\/09\/11-300x300.png 300w, https:\/\/fsf.si\/2022\/wp-content\/uploads\/2022\/09\/11-150x150.png 150w\" sizes=\"(max-width: 500px) 100vw, 500px\" \/><\/div>\n\t\t<\/figure>\n\t<\/div>\n<\/div><\/div><\/div><div class=\"wpb_column vc_column_container vc_col-sm-9\"><div class=\"vc_column-inner\"><div class=\"wpb_wrapper\">\n\t<div class=\"wpb_text_column wpb_content_element \" >\n\t\t<div class=\"wpb_wrapper\">\n\t\t\t<h1>Milo\u0161 Tomi\u0107<\/h1>\n<h2>director and animation filmmaker<\/h2>\n<p style=\"text-align: justify;\">Milo\u0161 Tomi\u0107 has been trying to be a filmmaker for nearly 30 years.<br \/>\nHe made countless efforts in directing, recording, editing, even acting. Running away from classical films, he hid into stop-motion animation where he hoped to find luck and recognition.<br \/>\nHe tries to keep a facade of meaningful work by teaching: running traveling workshops in mish-mash style but with chaotic charm. Beside fantasies about filmmaking, he practices paper collaging, precious thrash collecting and playing unbearable music. Once, in a pub in Bratislava, someone paid him to stop playing. And he did. However, nobody has yet paid him enough to stop making films.<\/p>\n\n\t\t<\/div>\n\t<\/div>\n<\/div><\/div><\/div><\/div><div class=\"vc_empty_space\"   style=\"height: 32px\"><span class=\"vc_empty_space_inner\"><\/span><\/div><\/div><\/div><\/div><\/div><div class=\"vc_row wpb_row vc_row-fluid\" ><div class=\"wpb_column vc_column_container vc_col-sm-12\"><div class=\"vc_column-inner\"><div class=\"wpb_wrapper\">\n\t<div class=\"wpb_text_column wpb_content_element \" >\n\t\t<div class=\"wpb_wrapper\">\n\t\t\t<h5 style=\"text-align: justify;\">Jury for the Association of Slovenian Film Critics Award<\/h5>\n<p style=\"text-align: justify;\"><strong>\u017diva Emer\u0161i\u010d<\/strong>\u00a0is a long-time journalist, film critic and programme editor at the public broadcaster RTV Slovenia, where she was the editor and host of a radio programme on cinema, the host and author of programmes on culture and cinema, the editor of the Culture Desk, the editor of the Documentary Programmes Department, and the managing editor of the National TV\u2019s Culture and Arts Programmes Department. Between 1999 and 2001, she was the Artistic Director of the Festival of Slovenian Film. She is a long-time member of Fipresci, where she served as the Vice President from 1992 to 1996, and has served on numerous international festival juries. From 2011 to 2013 she was a correspondent for RTV Slovenia. She is also a documentary filmmaker, and member of selection committees for RTVS and the Slovenian Film Centre&#8217;s public calls for audio-visual works.<\/p>\n<p style=\"text-align: justify;\"><strong>Robert Kuret<\/strong>\u00a0is a literary and film critic and essayist, contributing to Delo, Literatura, Ekran, KINO!, Dialogi, Vrabec Anarhist\u2026 He is one of the programmers of the Slovenian and international competition programme at the FeKK short film festival, and a tutor for film essay writing at Sharpening the Gaze workshops.<\/p>\n<p style=\"text-align: justify;\"><strong>Ana \u0160turm<\/strong> has a BA in History and Sociology from the Faculty of Arts, Ljubljana, and a MA in Film and Television Studies from the Academy of Theatre, Radio, Film, and Television, Ljubljana. She has worked as a film critic and writer on film since 2007. Alumna of the Berlinale and Sarajevo Talent Campus for emerging film critics. President of the Association of Slovenian Film Critics, a member of Fipresci, since 2019. One of the makers behind FilmFlow, Slovenia\u2019s first podcast on cinema and popular culture, since 2014. \u0160turm also works as a programme producer and curator at film festivals. Since May 2020, she has been the editor-in-chief of Ekran Magazine.<\/p>\n<h5 style=\"text-align: justify;\">Jury for the Slovenian Art Cinema Association Award<\/h5>\n<p style=\"text-align: justify;\"><strong>Lu\u010dka Berlot<\/strong> (1989) graduated in art education and design before starting a freelance career, working mainly across design and film education and collaborating with various associations, festivals and cultural institutions (Zavod VIZO, Otok, FO\u0160, Mestni kino Dom\u017eale, Kosovelov dom Se\u017eana\u2026). She currently works at the France Bernik Cultural Centre in Dom\u017eale.<\/p>\n<p style=\"text-align: justify;\"><strong>Gregor Jane\u017ei\u010d<\/strong> has worked across the field of film culture for more than 10 years, starting as a freelance collaborator of Kino Vrhnika, now as an Events Coordinator and Film Programme Curator at the Cerknica Cultural Centre, which is part of the Notranjska Regional Park. His job involves running film education programmes and carefully curating the cinema\u2019s regular programme. In his work, he aims to give Slovenian cinema the place in the programme and the recognition it deserves. Jane\u017ei\u010d is also an active member of the Slovenian Art Cinema Association.<\/p>\n<p style=\"text-align: justify;\"><strong>Samo Seni\u010dar<\/strong> has worked across the field of film culture for more than 10 years, starting as a freelance collaborator of Kino Vrhnika, now as an Events Coordinator and Film Programme Curator at the Cerknica Cultural Centre, which is part of the Notranjska Regional Park. His job involves running film education programmes and carefully curating the cinema\u2019s regular programme. In his work, he aims to give Slovenian cinema the place in the programme and the recognition it deserves. Jane\u017ei\u010d is also an active member of the Slovenian Art Cinema Association.<\/p>\n\n\t\t<\/div>\n\t<\/div>\n<\/div><\/div><\/div><\/div>\n","protected":false},"excerpt":{"rendered":"Jury for feature films: Darko Sinko film director and screenwriter Darko Sinko is a freelance filmmaker with [...]","protected":false},"author":3,"featured_media":0,"parent":0,"menu_order":0,"comment_status":"closed","ping_status":"closed","template":"","meta":[],"yoast_head":"<!-- This site is optimized with the Yoast SEO plugin v19.7.1 - https:\/\/yoast.com\/wordpress\/plugins\/seo\/ -->\n<title>Jury - FSF<\/title>\n<meta name=\"robots\" content=\"index, follow, max-snippet:-1, max-image-preview:large, max-video-preview:-1\" \/>\n<link rel=\"canonical\" href=\"https:\/\/fsf.si\/2022\/jury\/\" \/>\n<meta property=\"og:locale\" content=\"sl_SI\" \/>\n<meta property=\"og:type\" content=\"article\" \/>\n<meta property=\"og:title\" content=\"Jury - FSF\" \/>\n<meta property=\"og:url\" content=\"https:\/\/fsf.si\/2022\/en\/jury\/\" \/>\n<meta property=\"og:site_name\" content=\"FSF\" \/>\n<meta property=\"article:modified_time\" content=\"2022-09-28T11:22:34+00:00\" \/>\n<meta name=\"twitter:card\" content=\"summary_large_image\" \/>\n<meta name=\"twitter:label1\" content=\"Est. reading time\" \/>\n\t<meta name=\"twitter:data1\" content=\"7 minut\" \/>\n<script type=\"application\/ld+json\" class=\"yoast-schema-graph\">{\"@context\":\"https:\/\/schema.org\",\"@graph\":[{\"@type\":\"WebPage\",\"@id\":\"https:\/\/fsf.si\/2022\/en\/jury\/\",\"url\":\"https:\/\/fsf.si\/2022\/en\/jury\/\",\"name\":\"Jury - FSF\",\"isPartOf\":{\"@id\":\"https:\/\/fsf.si\/2022\/#website\"},\"datePublished\":\"2019-08-25T13:23:20+00:00\",\"dateModified\":\"2022-09-28T11:22:34+00:00\",\"breadcrumb\":{\"@id\":\"https:\/\/fsf.si\/2022\/en\/jury\/#breadcrumb\"},\"inLanguage\":\"sl-SI\",\"potentialAction\":[{\"@type\":\"ReadAction\",\"target\":[\"https:\/\/fsf.si\/2022\/en\/jury\/\"]}]},{\"@type\":\"BreadcrumbList\",\"@id\":\"https:\/\/fsf.si\/2022\/en\/jury\/#breadcrumb\",\"itemListElement\":[{\"@type\":\"ListItem\",\"position\":1,\"name\":\"Home\",\"item\":\"https:\/\/fsf.si\/2022\/\"},{\"@type\":\"ListItem\",\"position\":2,\"name\":\"Jury\"}]},{\"@type\":\"WebSite\",\"@id\":\"https:\/\/fsf.si\/2022\/#website\",\"url\":\"https:\/\/fsf.si\/2022\/\",\"name\":\"FSF\",\"description\":\"Festival Slovenskega Filma\",\"publisher\":{\"@id\":\"https:\/\/fsf.si\/2022\/#organization\"},\"potentialAction\":[{\"@type\":\"SearchAction\",\"target\":{\"@type\":\"EntryPoint\",\"urlTemplate\":\"https:\/\/fsf.si\/2022\/?s={search_term_string}\"},\"query-input\":\"required name=search_term_string\"}],\"inLanguage\":\"sl-SI\"},{\"@type\":\"Organization\",\"@id\":\"https:\/\/fsf.si\/2022\/#organization\",\"name\":\"Festival Slovenskega Filma\",\"url\":\"https:\/\/fsf.si\/2022\/\",\"sameAs\":[],\"logo\":{\"@type\":\"ImageObject\",\"inLanguage\":\"sl-SI\",\"@id\":\"https:\/\/fsf.si\/2022\/#\/schema\/logo\/image\/\",\"url\":\"https:\/\/fsf.si\/2022\/wp-content\/uploads\/2019\/06\/Slider-FSF.png\",\"contentUrl\":\"https:\/\/fsf.si\/2022\/wp-content\/uploads\/2019\/06\/Slider-FSF.png\",\"width\":4800,\"height\":1600,\"caption\":\"Festival Slovenskega Filma\"},\"image\":{\"@id\":\"https:\/\/fsf.si\/2022\/#\/schema\/logo\/image\/\"}}]}<\/script>\n<!-- \/ Yoast SEO plugin. -->","yoast_head_json":{"title":"Jury - FSF","robots":{"index":"index","follow":"follow","max-snippet":"max-snippet:-1","max-image-preview":"max-image-preview:large","max-video-preview":"max-video-preview:-1"},"canonical":"https:\/\/fsf.si\/2022\/jury\/","og_locale":"sl_SI","og_type":"article","og_title":"Jury - FSF","og_url":"https:\/\/fsf.si\/2022\/en\/jury\/","og_site_name":"FSF","article_modified_time":"2022-09-28T11:22:34+00:00","twitter_card":"summary_large_image","twitter_misc":{"Est. reading time":"7 minut"},"schema":{"@context":"https:\/\/schema.org","@graph":[{"@type":"WebPage","@id":"https:\/\/fsf.si\/2022\/en\/jury\/","url":"https:\/\/fsf.si\/2022\/en\/jury\/","name":"Jury - FSF","isPartOf":{"@id":"https:\/\/fsf.si\/2022\/#website"},"datePublished":"2019-08-25T13:23:20+00:00","dateModified":"2022-09-28T11:22:34+00:00","breadcrumb":{"@id":"https:\/\/fsf.si\/2022\/en\/jury\/#breadcrumb"},"inLanguage":"sl-SI","potentialAction":[{"@type":"ReadAction","target":["https:\/\/fsf.si\/2022\/en\/jury\/"]}]},{"@type":"BreadcrumbList","@id":"https:\/\/fsf.si\/2022\/en\/jury\/#breadcrumb","itemListElement":[{"@type":"ListItem","position":1,"name":"Home","item":"https:\/\/fsf.si\/2022\/"},{"@type":"ListItem","position":2,"name":"Jury"}]},{"@type":"WebSite","@id":"https:\/\/fsf.si\/2022\/#website","url":"https:\/\/fsf.si\/2022\/","name":"FSF","description":"Festival Slovenskega Filma","publisher":{"@id":"https:\/\/fsf.si\/2022\/#organization"},"potentialAction":[{"@type":"SearchAction","target":{"@type":"EntryPoint","urlTemplate":"https:\/\/fsf.si\/2022\/?s={search_term_string}"},"query-input":"required name=search_term_string"}],"inLanguage":"sl-SI"},{"@type":"Organization","@id":"https:\/\/fsf.si\/2022\/#organization","name":"Festival Slovenskega Filma","url":"https:\/\/fsf.si\/2022\/","sameAs":[],"logo":{"@type":"ImageObject","inLanguage":"sl-SI","@id":"https:\/\/fsf.si\/2022\/#\/schema\/logo\/image\/","url":"https:\/\/fsf.si\/2022\/wp-content\/uploads\/2019\/06\/Slider-FSF.png","contentUrl":"https:\/\/fsf.si\/2022\/wp-content\/uploads\/2019\/06\/Slider-FSF.png","width":4800,"height":1600,"caption":"Festival Slovenskega Filma"},"image":{"@id":"https:\/\/fsf.si\/2022\/#\/schema\/logo\/image\/"}}]}},"_links":{"self":[{"href":"https:\/\/fsf.si\/2022\/wp-json\/wp\/v2\/pages\/8025"}],"collection":[{"href":"https:\/\/fsf.si\/2022\/wp-json\/wp\/v2\/pages"}],"about":[{"href":"https:\/\/fsf.si\/2022\/wp-json\/wp\/v2\/types\/page"}],"author":[{"embeddable":true,"href":"https:\/\/fsf.si\/2022\/wp-json\/wp\/v2\/users\/3"}],"replies":[{"embeddable":true,"href":"https:\/\/fsf.si\/2022\/wp-json\/wp\/v2\/comments?post=8025"}],"version-history":[{"count":15,"href":"https:\/\/fsf.si\/2022\/wp-json\/wp\/v2\/pages\/8025\/revisions"}],"predecessor-version":[{"id":21636,"href":"https:\/\/fsf.si\/2022\/wp-json\/wp\/v2\/pages\/8025\/revisions\/21636"}],"wp:attachment":[{"href":"https:\/\/fsf.si\/2022\/wp-json\/wp\/v2\/media?parent=8025"}],"curies":[{"name":"wp","href":"https:\/\/api.w.org\/{rel}","templated":true}]}}