{"id":95,"date":"2018-04-17T07:39:30","date_gmt":"2018-04-17T07:39:30","guid":{"rendered":"http:\/\/cinerama.edge-themes.com\/?page_id=95"},"modified":"2022-10-26T14:27:43","modified_gmt":"2022-10-26T12:27:43","slug":"movie-studio","status":"publish","type":"page","link":"https:\/\/fsf.si\/2022\/en\/movie-studio\/","title":{"rendered":"Festival of Slovenian Film 2022"},"content":{"rendered":"<div class=\"vc_row wpb_row vc_row-fluid vc_custom_1559914417214 vc_row-has-fill\" style=\"background-color:#1d1d1b\"><div class=\"wpb_column vc_column_container vc_col-sm-12\"><div class=\"vc_column-inner vc_custom_1559499880567\"><div class=\"wpb_wrapper\"><div class=\"wpb_revslider_element wpb_content_element\">\n\t\t\t<!-- START ANG REVOLUTION SLIDER 6.2.23 --><p class=\"rs-p-wp-fix\"><\/p>\n\t\t\t<rs-module-wrap id=\"rev_slider_7_1_wrapper\" data-source=\"gallery\" style=\"background:transparent;padding:0;margin:0px auto;margin-top:0;margin-bottom:0;max-width:;\">\n\t\t\t\t<rs-module id=\"rev_slider_7_1\" style=\"\" data-version=\"6.2.23\">\n\t\t\t\t\t<rs-slides>\n\t\t\t\t\t\t<rs-slide data-key=\"rs-7\" data-title=\"Slide\" data-anim=\"ei:d;eo:d;s:600;r:0;t:fade;sl:d;\">\n\t\t\t\t\t\t\t<img src=\"\/\/fsf.si\/2022\/wp-content\/uploads\/2022\/08\/FSFSI-2400x800-EN.jpg\" title=\"FSFSI-2400&#215;800-EN\" width=\"2400\" height=\"800\" class=\"rev-slidebg\" data-no-retina>\n<!---->\t\t\t\t\t\t<\/rs-slide>\n\t\t\t\t\t<\/rs-slides>\n\t\t\t\t<\/rs-module>\n\t\t\t\t<script type=\"text\/javascript\">\n\t\t\t\t\tsetREVStartSize({c: 'rev_slider_7_1',rl:[1240,1240,1240,480],el:[400,400,400,720],gw:[1200,1200,1200,1200],gh:[400,400,400,550],type:'standard',justify:'',layout:'fullwidth',mh:\"0\"});\n\t\t\t\t\tvar\trevapi7,\n\t\t\t\t\t\ttpj;\n\t\t\t\t\tfunction revinit_revslider71() {\n\t\t\t\t\tjQuery(function() {\n\t\t\t\t\t\ttpj = jQuery;\n\t\t\t\t\t\trevapi7 = tpj(\"#rev_slider_7_1\");\n\t\t\t\t\t\tif(revapi7==undefined || revapi7.revolution == undefined){\n\t\t\t\t\t\t\trevslider_showDoubleJqueryError(\"rev_slider_7_1\");\n\t\t\t\t\t\t}else{\n\t\t\t\t\t\t\trevapi7.revolution({\n\t\t\t\t\t\t\t\tvisibilityLevels:\"1240,1240,1240,480\",\n\t\t\t\t\t\t\t\tgridwidth:\"1200,1200,1200,1200\",\n\t\t\t\t\t\t\t\tgridheight:\"400,400,400,550\",\n\t\t\t\t\t\t\t\tautoHeight:true,\n\t\t\t\t\t\t\t\tspinner:\"spinner0\",\n\t\t\t\t\t\t\t\tperspective:600,\n\t\t\t\t\t\t\t\tperspectiveType:\"local\",\n\t\t\t\t\t\t\t\teditorheight:\"400,768,960,720\",\n\t\t\t\t\t\t\t\tresponsiveLevels:\"1240,1240,1240,480\",\n\t\t\t\t\t\t\t\tprogressBar:{disableProgressBar:true},\n\t\t\t\t\t\t\t\tnavigation: {\n\t\t\t\t\t\t\t\t\tonHoverStop:false\n\t\t\t\t\t\t\t\t},\n\t\t\t\t\t\t\t\tfallbacks: {\n\t\t\t\t\t\t\t\t\tallowHTML5AutoPlayOnAndroid:true\n\t\t\t\t\t\t\t\t},\n\t\t\t\t\t\t\t});\n\t\t\t\t\t\t}\n\t\t\t\t\t\t\n\t\t\t\t\t});\n\t\t\t\t\t} \/\/ End of RevInitScript\n\t\t\t\tvar once_revslider71 = false;\n\t\t\t\tif (document.readyState === \"loading\") {document.addEventListener('readystatechange',function() { if((document.readyState === \"interactive\" || document.readyState === \"complete\") && !once_revslider71 ) { once_revslider71 = true; revinit_revslider71();}});} else {once_revslider71 = true; revinit_revslider71();}\n\t\t\t\t<\/script>\n\t\t\t<\/rs-module-wrap>\n\t\t\t<!-- END REVOLUTION SLIDER -->\n<\/div><\/div><\/div><\/div><\/div><div class=\"edgtf-row-grid-section-wrapper \"  style=\"background-color:#1d1d1b\"><div class=\"edgtf-row-grid-section\"><div class=\"vc_row wpb_row vc_row-fluid vc_custom_1658834532739\" ><div class=\"wpb_column vc_column_container vc_col-sm-12\"><div class=\"vc_column-inner\"><div class=\"wpb_wrapper\"><div class=\"vc_row wpb_row vc_inner vc_row-fluid\" ><div class=\"wpb_column vc_column_container vc_col-sm-4\"><div class=\"vc_column-inner\"><div class=\"wpb_wrapper\"><div class=\"edgtf-single-image-holder    edgtf-image-behavior-custom-link edgtf-image-align-left\">\n    <div class=\"edgtf-si-inner\" >\n        \t            <a itemprop=\"url\" href=\"https:\/\/fsf.si\/2022\/en\/films\/\" target=\"_self\">\n                                    <img width=\"600\" height=\"400\" src=\"https:\/\/fsf.si\/2022\/wp-content\/uploads\/2021\/10\/FSF_filmi_En.jpg\" class=\"attachment-full size-full\" alt=\"\" loading=\"lazy\" srcset=\"https:\/\/fsf.si\/2022\/wp-content\/uploads\/2021\/10\/FSF_filmi_En.jpg 600w, https:\/\/fsf.si\/2022\/wp-content\/uploads\/2021\/10\/FSF_filmi_En-300x200.jpg 300w\" sizes=\"(max-width: 600px) 100vw, 600px\" \/>\t                                            <\/a>\n            <\/div>\n<\/div><\/div><\/div><\/div><div class=\"wpb_column vc_column_container vc_col-sm-4\"><div class=\"vc_column-inner\"><div class=\"wpb_wrapper\"><div class=\"edgtf-single-image-holder    edgtf-image-behavior-custom-link edgtf-image-align-left\">\n    <div class=\"edgtf-si-inner\" >\n        \t            <a itemprop=\"url\" href=\"https:\/\/fsf.si\/2022\/en\/schedule\/\" target=\"_self\">\n                                    <img width=\"600\" height=\"400\" src=\"https:\/\/fsf.si\/2022\/wp-content\/uploads\/2022\/10\/FSF_urnik_en-1.jpg\" class=\"attachment-full size-full\" alt=\"\" loading=\"lazy\" \/>\t                                            <\/a>\n            <\/div>\n<\/div><\/div><\/div><\/div><div class=\"wpb_column vc_column_container vc_col-sm-4\"><div class=\"vc_column-inner\"><div class=\"wpb_wrapper\"><div class=\"edgtf-single-image-holder    edgtf-image-behavior-custom-link edgtf-image-align-left\">\n    <div class=\"edgtf-si-inner\" >\n        \t            <a itemprop=\"url\" href=\"https:\/\/fsf.si\/2022\/en\/industry-programme\/\" target=\"_blank\">\n                                    <img width=\"600\" height=\"400\" src=\"https:\/\/fsf.si\/2022\/wp-content\/uploads\/2022\/10\/FSF_Strokovni_program_EN.jpg\" class=\"attachment-full size-full\" alt=\"\" loading=\"lazy\" \/>\t                                            <\/a>\n            <\/div>\n<\/div><\/div><\/div><\/div><\/div><div class=\"vc_empty_space\"   style=\"height: 15px\"><span class=\"vc_empty_space_inner\"><\/span><\/div><div class=\"vc_row wpb_row vc_inner vc_row-fluid\" ><div class=\"wpb_column vc_column_container vc_col-sm-4\"><div class=\"vc_column-inner\"><div class=\"wpb_wrapper\"><div class=\"edgtf-single-image-holder    edgtf-image-behavior-custom-link edgtf-image-align-left\">\n    <div class=\"edgtf-si-inner\" >\n        \t            <a itemprop=\"url\" href=\"https:\/\/fsf.si\/2022\/en\/accreditation\/\" target=\"_self\">\n                                    <img width=\"600\" height=\"400\" src=\"https:\/\/fsf.si\/2022\/wp-content\/uploads\/2022\/10\/ACCREDITATION.png\" class=\"attachment-full size-full\" alt=\"\" loading=\"lazy\" srcset=\"https:\/\/fsf.si\/2022\/wp-content\/uploads\/2022\/10\/ACCREDITATION.png 600w, https:\/\/fsf.si\/2022\/wp-content\/uploads\/2022\/10\/ACCREDITATION-300x200.png 300w\" sizes=\"(max-width: 600px) 100vw, 600px\" \/>\t                                            <\/a>\n            <\/div>\n<\/div><\/div><\/div><\/div><div class=\"wpb_column vc_column_container vc_col-sm-4\"><div class=\"vc_column-inner\"><div class=\"wpb_wrapper\"><div class=\"edgtf-single-image-holder    edgtf-image-behavior-custom-link edgtf-image-align-left\">\n    <div class=\"edgtf-si-inner\" >\n        \t            <a itemprop=\"url\" href=\"https:\/\/fsf.si\/2022\/en\/festival-nights\/\" target=\"_self\">\n                                    <img width=\"600\" height=\"400\" src=\"https:\/\/fsf.si\/2022\/wp-content\/uploads\/2022\/10\/FN.png\" class=\"attachment-full size-full\" alt=\"\" loading=\"lazy\" srcset=\"https:\/\/fsf.si\/2022\/wp-content\/uploads\/2022\/10\/FN.png 600w, https:\/\/fsf.si\/2022\/wp-content\/uploads\/2022\/10\/FN-300x200.png 300w\" sizes=\"(max-width: 600px) 100vw, 600px\" \/>\t                                            <\/a>\n            <\/div>\n<\/div><\/div><\/div><\/div><div class=\"wpb_column vc_column_container vc_col-sm-4\"><div class=\"vc_column-inner\"><div class=\"wpb_wrapper\"><div class=\"edgtf-single-image-holder    edgtf-image-behavior-custom-link edgtf-image-align-left\">\n    <div class=\"edgtf-si-inner\" >\n        \t            <a itemprop=\"url\" href=\"https:\/\/www.flickr.com\/photos\/festivalslovenskegafilma\/albums\" target=\"_blank\">\n                                    <img width=\"600\" height=\"400\" src=\"https:\/\/fsf.si\/2022\/wp-content\/uploads\/2020\/10\/GALLERY.png\" class=\"attachment-full size-full\" alt=\"\" loading=\"lazy\" \/>\t                                            <\/a>\n            <\/div>\n<\/div><\/div><\/div><\/div><\/div><\/div><\/div><\/div><\/div><\/div><\/div><div class=\"edgtf-row-grid-section-wrapper edgtf-content-aligment-left\"  ><div class=\"edgtf-row-grid-section\"><div class=\"vc_row wpb_row vc_row-fluid vc_custom_1590666780264 vc_row-has-fill\" ><div class=\"wpb_column vc_column_container vc_col-sm-12\"><div class=\"vc_column-inner\"><div class=\"wpb_wrapper\"><div id=\"ts-vcsc-textillate-3550910\" class=\"ts-textillate   \" data-loop=\"false\" data-delay=\"100\" data-in-effect=\"ts-composer-css-bounce\" data-in-sync=\"false\" data-in-shuffle=\"false\" data-in-reverse=\"false\"  style=\"color: #000000 !important; font-size: 36px; line-height: 36px; font-weight: inherit; text-align: center; margin-top: 0px; margin-bottom: 0px;\">IN THE HEADLINES<\/div><div class=\"vc_empty_space\"   style=\"height: 58px\"><span class=\"vc_empty_space_inner\"><\/span><\/div><div class=\"edgtf-blog-list-holder edgtf-bl-standard edgtf-bl-three-columns edgtf-normal-space  edgtf-bl-has-image edgtf-bl-pag-no-pagination\"  data-type=standard data-number-of-posts=3 data-number-of-columns=3 data-space-between-items=normal data-category=news data-orderby=date data-order=DESC data-image-size=full data-title-tag=h4 data-excerpt-length=17 data-post-info-section=yes data-post-info-image=yes data-post-info-author=yes data-post-info-date=yes data-post-info-category=no data-post-info-comments=no data-post-info-like=no data-post-info-share=no data-post-read-more=no data-pagination-type=no-pagination data-max-num-pages=14 data-next-page=2>\n\t<div class=\"edgtf-bl-wrapper edgtf-outer-space\">\n\t\t<ul class=\"edgtf-blog-list\">\n\t\t\t<li class=\"edgtf-bl-item edgtf-item-space clearfix\">\n\t<div class=\"edgtf-bli-inner\">\n\t\t\n\t<div class=\"edgtf-post-image\">\n\t\t            <a itemprop=\"url\" href=\"https:\/\/fsf.si\/2022\/fsf-portoroz-letos-med-3-in-8-oktobrom\/\" title=\"26. FSF Portoro\u017e bo potekal med 3. in 8. oktobrom\">\n\t\t\t\t\t<img width=\"1200\" height=\"800\" src=\"https:\/\/fsf.si\/2022\/wp-content\/uploads\/2023\/03\/52457779691_c2cbaeceef_o.jpg\" class=\"attachment-full size-full wp-post-image\" alt=\"\" loading=\"lazy\" \/>\t\t\t\t\t\t\t\t\t<\/a>\n\t\t\t\t\t<\/div>\n        <div class=\"edgtf-bli-content\">\n                            <div class=\"edgtf-bli-info\">\n\t                <div itemprop=\"dateCreated\" class=\"edgtf-post-info-date entry-date published updated\">\n\t\t\t<a itemprop=\"url\" href=\"https:\/\/fsf.si\/2022\/2023\/03\/\">\n\t\t\t\t\t\t24\/03\/2023\t\t<\/a>\n\t\t<meta itemprop=\"interactionCount\" content=\"UserComments: 0\"\/>\n<\/div><div class=\"edgtf-post-info-author\">\n    <span class=\"edgtf-post-info-author-text\">\n        by    <\/span>\n    <a itemprop=\"author\" class=\"edgtf-post-info-author-link\" href=\"https:\/\/fsf.si\/2022\/author\/ula\/\">\n        Ula    <\/a>\n<\/div>                <\/div>\n            \t\n\t        \n<h4 itemprop=\"name\" class=\"entry-title edgtf-post-title\" >\n            <a itemprop=\"url\" href=\"https:\/\/fsf.si\/2022\/fsf-portoroz-letos-med-3-in-8-oktobrom\/\" title=\"26. FSF Portoro\u017e bo potekal med 3. in 8. oktobrom\">\n            26. FSF Portoro\u017e bo potekal med 3. in 8. oktobrom            <\/a>\n    <\/h4>\t\n\t        <div class=\"edgtf-bli-excerpt\">\n\t\t        \t\t<div class=\"edgtf-post-excerpt-holder\">\n\t\t\t<p itemprop=\"description\" class=\"edgtf-post-excerpt\">\n\t\t\t\t\r\n\r\nZ veseljem sporo\u010damo, da se bo 26. edicija Festivala slovenskega filma Portoro\u017e odvijala med 3. in 8.\t\t\t<\/p>\n\t\t<\/div>\n\t\t        <\/div>\n        <\/div>\n\t<\/div>\n<\/li><li class=\"edgtf-bl-item edgtf-item-space clearfix\">\n\t<div class=\"edgtf-bli-inner\">\n\t\t\n\t<div class=\"edgtf-post-image\">\n\t\t            <a itemprop=\"url\" href=\"https:\/\/fsf.si\/2022\/vesno-za-najboljsi-film-odnesel-orkester\/\" title=\"Vesno za najbolj\u0161i film odnesel Orkester\">\n\t\t\t\t\t<img width=\"2000\" height=\"1333\" src=\"https:\/\/fsf.si\/2022\/wp-content\/uploads\/2022\/10\/Matevz-Luzar_Petra-Vidmar_Simon-Tansek.jpg\" class=\"attachment-full size-full wp-post-image\" alt=\"\" loading=\"lazy\" \/>\t\t\t\t\t\t\t\t\t<\/a>\n\t\t\t\t\t<\/div>\n        <div class=\"edgtf-bli-content\">\n                            <div class=\"edgtf-bli-info\">\n\t                <div itemprop=\"dateCreated\" class=\"edgtf-post-info-date entry-date published updated\">\n\t\t\t<a itemprop=\"url\" href=\"https:\/\/fsf.si\/2022\/2022\/10\/\">\n\t\t\t\t\t\t30\/10\/2022\t\t<\/a>\n\t\t<meta itemprop=\"interactionCount\" content=\"UserComments: 0\"\/>\n<\/div><div class=\"edgtf-post-info-author\">\n    <span class=\"edgtf-post-info-author-text\">\n        by    <\/span>\n    <a itemprop=\"author\" class=\"edgtf-post-info-author-link\" href=\"https:\/\/fsf.si\/2022\/author\/ula\/\">\n        Ula    <\/a>\n<\/div>                <\/div>\n            \t\n\t        \n<h4 itemprop=\"name\" class=\"entry-title edgtf-post-title\" >\n            <a itemprop=\"url\" href=\"https:\/\/fsf.si\/2022\/vesno-za-najboljsi-film-odnesel-orkester\/\" title=\"Vesno za najbolj\u0161i film odnesel Orkester\">\n            Vesno za najbolj\u0161i film odnesel Orkester            <\/a>\n    <\/h4>\t\n\t        <div class=\"edgtf-bli-excerpt\">\n\t\t        \t\t<div class=\"edgtf-post-excerpt-holder\">\n\t\t\t<p itemprop=\"description\" class=\"edgtf-post-excerpt\">\n\t\t\t\tV nedeljo zve\u010der smo podelili nagrade 25. FSF Portoro\u017e. Posnetek zaklju\u010dne prireditve si boste lahko kmalu ogledali\t\t\t<\/p>\n\t\t<\/div>\n\t\t        <\/div>\n        <\/div>\n\t<\/div>\n<\/li><li class=\"edgtf-bl-item edgtf-item-space clearfix\">\n\t<div class=\"edgtf-bli-inner\">\n\t\t\n\t<div class=\"edgtf-post-image\">\n\t\t            <a itemprop=\"url\" href=\"https:\/\/fsf.si\/2022\/poklon-frantisku-capu\/\" title=\"Poklon Franti\u0161ku \u010capu\">\n\t\t\t\t\t<img width=\"1500\" height=\"1000\" src=\"https:\/\/fsf.si\/2022\/wp-content\/uploads\/2022\/10\/RIM0228.jpg\" class=\"attachment-full size-full wp-post-image\" alt=\"\" loading=\"lazy\" \/>\t\t\t\t\t\t\t\t\t<\/a>\n\t\t\t\t\t<\/div>\n        <div class=\"edgtf-bli-content\">\n                            <div class=\"edgtf-bli-info\">\n\t                <div itemprop=\"dateCreated\" class=\"edgtf-post-info-date entry-date published updated\">\n\t\t\t<a itemprop=\"url\" href=\"https:\/\/fsf.si\/2022\/2022\/10\/\">\n\t\t\t\t\t\t30\/10\/2022\t\t<\/a>\n\t\t<meta itemprop=\"interactionCount\" content=\"UserComments: 0\"\/>\n<\/div><div class=\"edgtf-post-info-author\">\n    <span class=\"edgtf-post-info-author-text\">\n        by    <\/span>\n    <a itemprop=\"author\" class=\"edgtf-post-info-author-link\" href=\"https:\/\/fsf.si\/2022\/author\/ula\/\">\n        Ula    <\/a>\n<\/div>                <\/div>\n            \t\n\t        \n<h4 itemprop=\"name\" class=\"entry-title edgtf-post-title\" >\n            <a itemprop=\"url\" href=\"https:\/\/fsf.si\/2022\/poklon-frantisku-capu\/\" title=\"Poklon Franti\u0161ku \u010capu\">\n            Poklon Franti\u0161ku \u010capu            <\/a>\n    <\/h4>\t\n\t        <div class=\"edgtf-bli-excerpt\">\n\t\t        \t\t<div class=\"edgtf-post-excerpt-holder\">\n\t\t\t<p itemprop=\"description\" class=\"edgtf-post-excerpt\">\n\t\t\t\tDanes so se slovenski filmarji s pietetno gesto polaganja venca na \u010capov grob poklonili velikanu slovenskega filma\t\t\t<\/p>\n\t\t<\/div>\n\t\t        <\/div>\n        <\/div>\n\t<\/div>\n<\/li>\t\t<\/ul>\n\t<\/div>\n\t<\/div><a itemprop=\"url\" href=\"https:\/\/fsf.si\/2022\/en\/news\/\" target=\"_self\"  class=\"edgtf-btn edgtf-btn-medium edgtf-btn-solid edgtf-btn- edgtf-btn-icon \"  >\n    <span class=\"edgtf-btn-text\">Read all news<\/span>\n    <i class=\"edgtf-icon-font-awesome fa fa-newspaper \" ><\/i><\/a><\/div><\/div><\/div><\/div><\/div><\/div>\n","protected":false},"excerpt":{"rendered":"Danes so se slovenski filmarji s pietetno gesto polaganja venca na \u010capov grob poklonili velikanu slovenskega filma [...]","protected":false},"author":1,"featured_media":0,"parent":0,"menu_order":0,"comment_status":"closed","ping_status":"closed","template":"full-width.php","meta":[],"yoast_head":"<!-- This site is optimized with the Yoast SEO plugin v19.7.1 - https:\/\/yoast.com\/wordpress\/plugins\/seo\/ -->\n<title>Festival of Slovenian Film 2022 - FSF<\/title>\n<meta name=\"robots\" content=\"index, follow, max-snippet:-1, max-image-preview:large, max-video-preview:-1\" \/>\n<link rel=\"canonical\" href=\"https:\/\/fsf.si\/2022\/\" \/>\n<meta property=\"og:locale\" content=\"sl_SI\" \/>\n<meta property=\"og:type\" content=\"article\" \/>\n<meta property=\"og:title\" content=\"Festival of Slovenian Film 2022 - FSF\" \/>\n<meta property=\"og:url\" content=\"https:\/\/fsf.si\/2022\/en\/\" \/>\n<meta property=\"og:site_name\" content=\"FSF\" \/>\n<meta property=\"article:modified_time\" content=\"2022-10-26T12:27:43+00:00\" \/>\n<meta property=\"og:image\" content=\"https:\/\/fsf.si\/2022\/wp-content\/uploads\/2021\/06\/Generik-A.jpg\" \/>\n\t<meta property=\"og:image:width\" content=\"773\" \/>\n\t<meta property=\"og:image:height\" content=\"400\" \/>\n\t<meta property=\"og:image:type\" content=\"image\/jpeg\" \/>\n<meta name=\"twitter:card\" content=\"summary_large_image\" \/>\n<meta name=\"twitter:label1\" content=\"Est. reading time\" \/>\n\t<meta name=\"twitter:data1\" content=\"1 minuta\" \/>\n<script type=\"application\/ld+json\" class=\"yoast-schema-graph\">{\"@context\":\"https:\/\/schema.org\",\"@graph\":[{\"@type\":\"WebPage\",\"@id\":\"https:\/\/fsf.si\/2022\/en\/\",\"url\":\"https:\/\/fsf.si\/2022\/en\/\",\"name\":\"Festival of Slovenian Film 2022 - FSF\",\"isPartOf\":{\"@id\":\"https:\/\/fsf.si\/2022\/#website\"},\"datePublished\":\"2018-04-17T07:39:30+00:00\",\"dateModified\":\"2022-10-26T12:27:43+00:00\",\"breadcrumb\":{\"@id\":\"https:\/\/fsf.si\/2022\/en\/#breadcrumb\"},\"inLanguage\":\"sl-SI\",\"potentialAction\":[{\"@type\":\"ReadAction\",\"target\":[\"https:\/\/fsf.si\/2022\/en\/\"]}]},{\"@type\":\"BreadcrumbList\",\"@id\":\"https:\/\/fsf.si\/2022\/en\/#breadcrumb\",\"itemListElement\":[{\"@type\":\"ListItem\",\"position\":1,\"name\":\"Home\",\"item\":\"https:\/\/fsf.si\/2022\/\"},{\"@type\":\"ListItem\",\"position\":2,\"name\":\"Festival of Slovenian Film 2022\"}]},{\"@type\":\"WebSite\",\"@id\":\"https:\/\/fsf.si\/2022\/#website\",\"url\":\"https:\/\/fsf.si\/2022\/\",\"name\":\"FSF\",\"description\":\"Festival Slovenskega Filma\",\"publisher\":{\"@id\":\"https:\/\/fsf.si\/2022\/#organization\"},\"potentialAction\":[{\"@type\":\"SearchAction\",\"target\":{\"@type\":\"EntryPoint\",\"urlTemplate\":\"https:\/\/fsf.si\/2022\/?s={search_term_string}\"},\"query-input\":\"required name=search_term_string\"}],\"inLanguage\":\"sl-SI\"},{\"@type\":\"Organization\",\"@id\":\"https:\/\/fsf.si\/2022\/#organization\",\"name\":\"Festival Slovenskega Filma\",\"url\":\"https:\/\/fsf.si\/2022\/\",\"sameAs\":[],\"logo\":{\"@type\":\"ImageObject\",\"inLanguage\":\"sl-SI\",\"@id\":\"https:\/\/fsf.si\/2022\/#\/schema\/logo\/image\/\",\"url\":\"https:\/\/fsf.si\/2022\/wp-content\/uploads\/2019\/06\/Slider-FSF.png\",\"contentUrl\":\"https:\/\/fsf.si\/2022\/wp-content\/uploads\/2019\/06\/Slider-FSF.png\",\"width\":4800,\"height\":1600,\"caption\":\"Festival Slovenskega Filma\"},\"image\":{\"@id\":\"https:\/\/fsf.si\/2022\/#\/schema\/logo\/image\/\"}}]}<\/script>\n<!-- \/ Yoast SEO plugin. -->","yoast_head_json":{"title":"Festival of Slovenian Film 2022 - FSF","robots":{"index":"index","follow":"follow","max-snippet":"max-snippet:-1","max-image-preview":"max-image-preview:large","max-video-preview":"max-video-preview:-1"},"canonical":"https:\/\/fsf.si\/2022\/","og_locale":"sl_SI","og_type":"article","og_title":"Festival of Slovenian Film 2022 - FSF","og_url":"https:\/\/fsf.si\/2022\/en\/","og_site_name":"FSF","article_modified_time":"2022-10-26T12:27:43+00:00","og_image":[{"width":773,"height":400,"url":"https:\/\/fsf.si\/2022\/wp-content\/uploads\/2021\/06\/Generik-A.jpg","type":"image\/jpeg"}],"twitter_card":"summary_large_image","twitter_misc":{"Est. reading time":"1 minuta"},"schema":{"@context":"https:\/\/schema.org","@graph":[{"@type":"WebPage","@id":"https:\/\/fsf.si\/2022\/en\/","url":"https:\/\/fsf.si\/2022\/en\/","name":"Festival of Slovenian Film 2022 - FSF","isPartOf":{"@id":"https:\/\/fsf.si\/2022\/#website"},"datePublished":"2018-04-17T07:39:30+00:00","dateModified":"2022-10-26T12:27:43+00:00","breadcrumb":{"@id":"https:\/\/fsf.si\/2022\/en\/#breadcrumb"},"inLanguage":"sl-SI","potentialAction":[{"@type":"ReadAction","target":["https:\/\/fsf.si\/2022\/en\/"]}]},{"@type":"BreadcrumbList","@id":"https:\/\/fsf.si\/2022\/en\/#breadcrumb","itemListElement":[{"@type":"ListItem","position":1,"name":"Home","item":"https:\/\/fsf.si\/2022\/"},{"@type":"ListItem","position":2,"name":"Festival of Slovenian Film 2022"}]},{"@type":"WebSite","@id":"https:\/\/fsf.si\/2022\/#website","url":"https:\/\/fsf.si\/2022\/","name":"FSF","description":"Festival Slovenskega Filma","publisher":{"@id":"https:\/\/fsf.si\/2022\/#organization"},"potentialAction":[{"@type":"SearchAction","target":{"@type":"EntryPoint","urlTemplate":"https:\/\/fsf.si\/2022\/?s={search_term_string}"},"query-input":"required name=search_term_string"}],"inLanguage":"sl-SI"},{"@type":"Organization","@id":"https:\/\/fsf.si\/2022\/#organization","name":"Festival Slovenskega Filma","url":"https:\/\/fsf.si\/2022\/","sameAs":[],"logo":{"@type":"ImageObject","inLanguage":"sl-SI","@id":"https:\/\/fsf.si\/2022\/#\/schema\/logo\/image\/","url":"https:\/\/fsf.si\/2022\/wp-content\/uploads\/2019\/06\/Slider-FSF.png","contentUrl":"https:\/\/fsf.si\/2022\/wp-content\/uploads\/2019\/06\/Slider-FSF.png","width":4800,"height":1600,"caption":"Festival Slovenskega Filma"},"image":{"@id":"https:\/\/fsf.si\/2022\/#\/schema\/logo\/image\/"}}]}},"_links":{"self":[{"href":"https:\/\/fsf.si\/2022\/wp-json\/wp\/v2\/pages\/95"}],"collection":[{"href":"https:\/\/fsf.si\/2022\/wp-json\/wp\/v2\/pages"}],"about":[{"href":"https:\/\/fsf.si\/2022\/wp-json\/wp\/v2\/types\/page"}],"author":[{"embeddable":true,"href":"https:\/\/fsf.si\/2022\/wp-json\/wp\/v2\/users\/1"}],"replies":[{"embeddable":true,"href":"https:\/\/fsf.si\/2022\/wp-json\/wp\/v2\/comments?post=95"}],"version-history":[{"count":127,"href":"https:\/\/fsf.si\/2022\/wp-json\/wp\/v2\/pages\/95\/revisions"}],"predecessor-version":[{"id":12069,"href":"https:\/\/fsf.si\/2022\/wp-json\/wp\/v2\/pages\/95\/revisions\/12069"}],"wp:attachment":[{"href":"https:\/\/fsf.si\/2022\/wp-json\/wp\/v2\/media?parent=95"}],"curies":[{"name":"wp","href":"https:\/\/api.w.org\/{rel}","templated":true}]}}