{"id":17583,"date":"2021-10-01T14:31:27","date_gmt":"2021-10-01T12:31:27","guid":{"rendered":"https:\/\/fsf.si\/2023\/?page_id=17583"},"modified":"2023-09-24T17:11:53","modified_gmt":"2023-09-24T15:11:53","slug":"festivalska-druzenja","status":"publish","type":"page","link":"https:\/\/fsf.si\/2023\/festivalska-druzenja\/","title":{"rendered":"Festivalska dru\u017eenja"},"content":{"rendered":"<div class=\"edgtf-row-grid-section-wrapper \"  ><div class=\"edgtf-row-grid-section\"><div class=\"vc_row wpb_row vc_row-fluid wpb_animate_when_almost_visible wpb_fadeInRightBig fadeInRightBig vc_custom_1633089431419 vc_row-o-content-middle vc_row-flex\" ><div class=\"wpb_animate_when_almost_visible wpb_rollIn rollIn wpb_column vc_column_container vc_col-sm-12\"><div class=\"vc_column-inner vc_custom_1633016066484\"><div class=\"wpb_wrapper\"><div class=\"vc_row wpb_row vc_inner vc_row-fluid jury-team-item vc_custom_1695568310298\" ><div class=\"wpb_column vc_column_container vc_col-sm-12\"><div class=\"vc_column-inner\"><div class=\"wpb_wrapper\">\n\t<div class=\"wpb_text_column wpb_content_element  ju\" >\n\t\t<div class=\"wpb_wrapper\">\n\t\t\t<p><span lang=\"SL\">Od srede, 4. oktobra, do sobote, 7. oktobra, vas po<\/span>\u00a0kon\u010danih filmskih projekcijah\u00a0<span lang=\"SL\">vabimo na \u0161tiri<\/span>\u00a0DJ-ve\u010der<span lang=\"SL\">e, ki\u00a0<\/span>bodo potekali med 22. in 2. uro\u00a0<span lang=\"SL\">v Monfortu.\u00a0<\/span>Vstop\u00a0<span lang=\"SL\">je prost.<\/span><span lang=\"SL\">\u00a0<\/span><\/p>\n\n\t\t<\/div>\n\t<\/div>\n<\/div><\/div><\/div><\/div><div class=\"vc_row wpb_row vc_inner vc_row-fluid\" ><div class=\"wpb_column vc_column_container vc_col-sm-3\"><div class=\"vc_column-inner\"><div class=\"wpb_wrapper\">\n\t<div class=\"wpb_text_column wpb_content_element \" >\n\t\t<div class=\"wpb_wrapper\">\n\t\t\t<p><span style=\"font-family: 'courier new', courier, monospace; font-size: 12pt;\"><strong>SREDA 4.10.2023 ob 22.00<\/strong><\/span><\/p>\n\n\t\t<\/div>\n\t<\/div>\n<div class=\"edgtf-single-image-holder    edgtf-image-behavior-custom-link edgtf-image-align-left\">\n    <div class=\"edgtf-si-inner\" >\n                                    <img width=\"4921\" height=\"3281\" src=\"https:\/\/fsf.si\/2023\/wp-content\/uploads\/2023\/09\/rekordman.jpg\" class=\"attachment-full size-full\" alt=\"\" loading=\"lazy\" \/>\t                                            <\/a>\n            <\/div>\n<\/div>\n\t<div class=\"wpb_text_column wpb_content_element \" >\n\t\t<div class=\"wpb_wrapper\">\n\t\t\t<p style=\"text-align: left;\"><b>DJ Rekordman<\/b><\/p>\n<p style=\"text-align: left;\">Rekordman, umetni\u0161ko ime vsestranskega Jureta Rehermana, nam \u017ee samo po sebi razkriva njegovo veliko strast \u2013 zbiranje vinilnih plo\u0161\u010d! Jure se \u017eanrsko pri glasbi ne opredeljuje rad. Predvsem ima rad dobro glasbo vseh \u017eanrov in koti\u010dkov sveta. Tokrat pa lahko pri\u010dakujete ve\u010der, obarvan v duhu jugoslovanskega funka, jazza ter elektronske glasbe, ki je orala ledinov svetovni klubski sceni od 80-ih vse do danes.<\/p>\n\n\t\t<\/div>\n\t<\/div>\n<\/div><\/div><\/div><div class=\"wpb_column vc_column_container vc_col-sm-3\"><div class=\"vc_column-inner\"><div class=\"wpb_wrapper\">\n\t<div class=\"wpb_text_column wpb_content_element \" >\n\t\t<div class=\"wpb_wrapper\">\n\t\t\t<p><span style=\"font-family: 'courier new', courier, monospace; font-size: 12pt;\"><strong>\u010cETRTEK 5.10.23 ob 22.00<\/strong><\/span><\/p>\n\n\t\t<\/div>\n\t<\/div>\n<div class=\"edgtf-single-image-holder    edgtf-image-behavior-custom-link edgtf-image-align-left\">\n    <div class=\"edgtf-si-inner\" >\n                                    <img width=\"283\" height=\"188\" src=\"https:\/\/fsf.si\/2023\/wp-content\/uploads\/2023\/09\/dj.png\" class=\"attachment-full size-full\" alt=\"\" loading=\"lazy\" \/>\t                                            <\/a>\n            <\/div>\n<\/div>\n\t<div class=\"wpb_text_column wpb_content_element \" >\n\t\t<div class=\"wpb_wrapper\">\n\t\t\t<p style=\"text-align: left;\"><b>The Soundtrack \u2013 August Braatz<\/b><\/p>\n<p style=\"text-align: left;\">Pustite se zapeljati ve\u010deru, v katerem se bo \u010darobnost filmske glasbe gladko prepletala z energijo funka, disca, rock\u2018n\u2019rolla in glasbenih presene\u010denj. Pripravite se na zibanje v ritmih, ki so zaznamovali nas\u030ce najljubs\u030ce filmske trenutke.<\/p>\n\n\t\t<\/div>\n\t<\/div>\n<\/div><\/div><\/div><div class=\"wpb_column vc_column_container vc_col-sm-3\"><div class=\"vc_column-inner\"><div class=\"wpb_wrapper\">\n\t<div class=\"wpb_text_column wpb_content_element \" >\n\t\t<div class=\"wpb_wrapper\">\n\t\t\t<p><span style=\"font-size: 12pt; color: #000000;\"><strong><span style=\"font-family: 'courier new', courier, monospace;\">PETEK 6.10.23 ob 22.00<\/span><\/strong><\/span><\/p>\n\n\t\t<\/div>\n\t<\/div>\n<div class=\"edgtf-single-image-holder    edgtf-image-behavior-custom-link edgtf-image-align-left\">\n    <div class=\"edgtf-si-inner\" >\n                                    <img width=\"283\" height=\"188\" src=\"https:\/\/fsf.si\/2023\/wp-content\/uploads\/2023\/09\/borka.png\" class=\"attachment-full size-full\" alt=\"\" loading=\"lazy\" \/>\t                                            <\/a>\n            <\/div>\n<\/div>\n\t<div class=\"wpb_text_column wpb_content_element \" >\n\t\t<div class=\"wpb_wrapper\">\n\t\t\t<p style=\"text-align: left;\"><strong>DJ Borka<\/strong><\/p>\n<p style=\"text-align: left;\">Borja Mo\u010dnik, did\u017eej, glasbeni kritik, vodja radijskih oddaj, glasbeni producent, opremljevalec in organizator dogodkov ter poznavalec raznih muzik, je nedvomno ena osrednjih oseb sodobne slovenske urbane glasbe in klubske kulture. Je did\u017eej z ve\u010d kot dvajsetletnim sta\u017eem, \u010dlan ekipe (organizacije serije dogodkov in izdaj remiksanih jugo klasik) Tetkine radosti in \u010dlan skupine Jimmy Barka Experience.<\/p>\n\n\t\t<\/div>\n\t<\/div>\n<\/div><\/div><\/div><div class=\"wpb_column vc_column_container vc_col-sm-3\"><div class=\"vc_column-inner\"><div class=\"wpb_wrapper\">\n\t<div class=\"wpb_text_column wpb_content_element \" >\n\t\t<div class=\"wpb_wrapper\">\n\t\t\t<p><span style=\"font-size: 12pt;\"><strong><span style=\"font-family: 'courier new', courier, monospace;\">SOBOTA 7.10.23 ob 22.00<\/span><\/strong><\/span><\/p>\n\n\t\t<\/div>\n\t<\/div>\n<div class=\"edgtf-single-image-holder    edgtf-image-behavior-custom-link edgtf-image-align-left\">\n    <div class=\"edgtf-si-inner\" >\n                                    <img width=\"5156\" height=\"3437\" src=\"https:\/\/fsf.si\/2023\/wp-content\/uploads\/2023\/09\/Recycleman.jpg\" class=\"attachment-full size-full\" alt=\"\" loading=\"lazy\" \/>\t                                            <\/a>\n            <\/div>\n<\/div>\n\t<div class=\"wpb_text_column wpb_content_element \" >\n\t\t<div class=\"wpb_wrapper\">\n\t\t\t<p><strong>Dalaj Egol aka Recycleman<\/strong><\/p>\n<p style=\"text-align: left;\">Vro\u010dico sobotne no\u010di nam bo v funky eklekti\u010dnem stilu razgibal Dalaj Eegol a.k.a.Recycleman, ki bo mediteranski lokaciji primerno oblikoval zvo\u010dno in plesnozasnovo sobotnega ve\u010dera. Glasbenik, producent, DJ in hip hop performer zbogato vsestransko artisti\u010dno kariero nam tako \u017ee drugi\u010d na FSF prina\u0161a svojo raznoliko, predvsem plesno paleto glasbenih stilov, iz dalnjih 50-ih, 60-ih,70-ih, pa tudi futuristi\u010dno zastavljena house in disko motivirana presene\u010denja. Vro\u010de bo.<\/p>\n\n\t\t<\/div>\n\t<\/div>\n<\/div><\/div><\/div><\/div><\/div><\/div><\/div><\/div><\/div><\/div>\n","protected":false},"excerpt":{"rendered":"Od srede, 4. oktobra, do sobote, 7. oktobra, vas po\u00a0kon\u010danih filmskih projekcijah\u00a0vabimo na \u0161tiri\u00a0DJ-ve\u010dere, ki\u00a0bodo potekali med [...]","protected":false},"author":1,"featured_media":0,"parent":0,"menu_order":0,"comment_status":"closed","ping_status":"closed","template":"","meta":[],"acf":[],"yoast_head":"<!-- This site is optimized with the Yoast SEO plugin v19.7.1 - https:\/\/yoast.com\/wordpress\/plugins\/seo\/ -->\n<title>Festivalska dru\u017eenja - FSF<\/title>\n<meta name=\"robots\" content=\"index, follow, max-snippet:-1, max-image-preview:large, max-video-preview:-1\" \/>\n<link rel=\"canonical\" href=\"https:\/\/fsf.si\/2023\/festivalska-druzenja\/\" \/>\n<meta property=\"og:locale\" content=\"sl_SI\" \/>\n<meta property=\"og:type\" content=\"article\" \/>\n<meta property=\"og:title\" content=\"Festivalska dru\u017eenja - FSF\" \/>\n<meta property=\"og:url\" content=\"https:\/\/fsf.si\/2023\/festivalska-druzenja\/\" \/>\n<meta property=\"og:site_name\" content=\"FSF\" \/>\n<meta property=\"article:modified_time\" content=\"2023-09-24T15:11:53+00:00\" \/>\n<meta name=\"twitter:card\" content=\"summary_large_image\" \/>\n<meta name=\"twitter:label1\" content=\"Est. reading time\" \/>\n\t<meta name=\"twitter:data1\" content=\"2 minuti\" \/>\n<script type=\"application\/ld+json\" class=\"yoast-schema-graph\">{\"@context\":\"https:\/\/schema.org\",\"@graph\":[{\"@type\":\"WebPage\",\"@id\":\"https:\/\/fsf.si\/2023\/festivalska-druzenja\/\",\"url\":\"https:\/\/fsf.si\/2023\/festivalska-druzenja\/\",\"name\":\"Festivalska dru\u017eenja - FSF\",\"isPartOf\":{\"@id\":\"https:\/\/fsf.si\/2023\/#website\"},\"datePublished\":\"2021-10-01T12:31:27+00:00\",\"dateModified\":\"2023-09-24T15:11:53+00:00\",\"breadcrumb\":{\"@id\":\"https:\/\/fsf.si\/2023\/festivalska-druzenja\/#breadcrumb\"},\"inLanguage\":\"sl-SI\",\"potentialAction\":[{\"@type\":\"ReadAction\",\"target\":[\"https:\/\/fsf.si\/2023\/festivalska-druzenja\/\"]}]},{\"@type\":\"BreadcrumbList\",\"@id\":\"https:\/\/fsf.si\/2023\/festivalska-druzenja\/#breadcrumb\",\"itemListElement\":[{\"@type\":\"ListItem\",\"position\":1,\"name\":\"Home\",\"item\":\"https:\/\/fsf.si\/2023\/\"},{\"@type\":\"ListItem\",\"position\":2,\"name\":\"Festivalska dru\u017eenja\"}]},{\"@type\":\"WebSite\",\"@id\":\"https:\/\/fsf.si\/2023\/#website\",\"url\":\"https:\/\/fsf.si\/2023\/\",\"name\":\"FSF\",\"description\":\"Festival Slovenskega Filma\",\"publisher\":{\"@id\":\"https:\/\/fsf.si\/2023\/#organization\"},\"potentialAction\":[{\"@type\":\"SearchAction\",\"target\":{\"@type\":\"EntryPoint\",\"urlTemplate\":\"https:\/\/fsf.si\/2023\/?s={search_term_string}\"},\"query-input\":\"required name=search_term_string\"}],\"inLanguage\":\"sl-SI\"},{\"@type\":\"Organization\",\"@id\":\"https:\/\/fsf.si\/2023\/#organization\",\"name\":\"Festival Slovenskega Filma\",\"url\":\"https:\/\/fsf.si\/2023\/\",\"sameAs\":[],\"logo\":{\"@type\":\"ImageObject\",\"inLanguage\":\"sl-SI\",\"@id\":\"https:\/\/fsf.si\/2023\/#\/schema\/logo\/image\/\",\"url\":\"https:\/\/fsf.si\/2023\/wp-content\/uploads\/2019\/06\/Slider-FSF.png\",\"contentUrl\":\"https:\/\/fsf.si\/2023\/wp-content\/uploads\/2019\/06\/Slider-FSF.png\",\"width\":4800,\"height\":1600,\"caption\":\"Festival Slovenskega Filma\"},\"image\":{\"@id\":\"https:\/\/fsf.si\/2023\/#\/schema\/logo\/image\/\"}}]}<\/script>\n<!-- \/ Yoast SEO plugin. -->","yoast_head_json":{"title":"Festivalska dru\u017eenja - FSF","robots":{"index":"index","follow":"follow","max-snippet":"max-snippet:-1","max-image-preview":"max-image-preview:large","max-video-preview":"max-video-preview:-1"},"canonical":"https:\/\/fsf.si\/2023\/festivalska-druzenja\/","og_locale":"sl_SI","og_type":"article","og_title":"Festivalska dru\u017eenja - FSF","og_url":"https:\/\/fsf.si\/2023\/festivalska-druzenja\/","og_site_name":"FSF","article_modified_time":"2023-09-24T15:11:53+00:00","twitter_card":"summary_large_image","twitter_misc":{"Est. reading time":"2 minuti"},"schema":{"@context":"https:\/\/schema.org","@graph":[{"@type":"WebPage","@id":"https:\/\/fsf.si\/2023\/festivalska-druzenja\/","url":"https:\/\/fsf.si\/2023\/festivalska-druzenja\/","name":"Festivalska dru\u017eenja - FSF","isPartOf":{"@id":"https:\/\/fsf.si\/2023\/#website"},"datePublished":"2021-10-01T12:31:27+00:00","dateModified":"2023-09-24T15:11:53+00:00","breadcrumb":{"@id":"https:\/\/fsf.si\/2023\/festivalska-druzenja\/#breadcrumb"},"inLanguage":"sl-SI","potentialAction":[{"@type":"ReadAction","target":["https:\/\/fsf.si\/2023\/festivalska-druzenja\/"]}]},{"@type":"BreadcrumbList","@id":"https:\/\/fsf.si\/2023\/festivalska-druzenja\/#breadcrumb","itemListElement":[{"@type":"ListItem","position":1,"name":"Home","item":"https:\/\/fsf.si\/2023\/"},{"@type":"ListItem","position":2,"name":"Festivalska dru\u017eenja"}]},{"@type":"WebSite","@id":"https:\/\/fsf.si\/2023\/#website","url":"https:\/\/fsf.si\/2023\/","name":"FSF","description":"Festival Slovenskega Filma","publisher":{"@id":"https:\/\/fsf.si\/2023\/#organization"},"potentialAction":[{"@type":"SearchAction","target":{"@type":"EntryPoint","urlTemplate":"https:\/\/fsf.si\/2023\/?s={search_term_string}"},"query-input":"required name=search_term_string"}],"inLanguage":"sl-SI"},{"@type":"Organization","@id":"https:\/\/fsf.si\/2023\/#organization","name":"Festival Slovenskega Filma","url":"https:\/\/fsf.si\/2023\/","sameAs":[],"logo":{"@type":"ImageObject","inLanguage":"sl-SI","@id":"https:\/\/fsf.si\/2023\/#\/schema\/logo\/image\/","url":"https:\/\/fsf.si\/2023\/wp-content\/uploads\/2019\/06\/Slider-FSF.png","contentUrl":"https:\/\/fsf.si\/2023\/wp-content\/uploads\/2019\/06\/Slider-FSF.png","width":4800,"height":1600,"caption":"Festival Slovenskega Filma"},"image":{"@id":"https:\/\/fsf.si\/2023\/#\/schema\/logo\/image\/"}}]}},"_links":{"self":[{"href":"https:\/\/fsf.si\/2023\/wp-json\/wp\/v2\/pages\/17583"}],"collection":[{"href":"https:\/\/fsf.si\/2023\/wp-json\/wp\/v2\/pages"}],"about":[{"href":"https:\/\/fsf.si\/2023\/wp-json\/wp\/v2\/types\/page"}],"author":[{"embeddable":true,"href":"https:\/\/fsf.si\/2023\/wp-json\/wp\/v2\/users\/1"}],"replies":[{"embeddable":true,"href":"https:\/\/fsf.si\/2023\/wp-json\/wp\/v2\/comments?post=17583"}],"version-history":[{"count":68,"href":"https:\/\/fsf.si\/2023\/wp-json\/wp\/v2\/pages\/17583\/revisions"}],"predecessor-version":[{"id":25301,"href":"https:\/\/fsf.si\/2023\/wp-json\/wp\/v2\/pages\/17583\/revisions\/25301"}],"wp:attachment":[{"href":"https:\/\/fsf.si\/2023\/wp-json\/wp\/v2\/media?parent=17583"}],"curies":[{"name":"wp","href":"https:\/\/api.w.org\/{rel}","templated":true}]}}