{"id":18599,"date":"2021-10-08T11:14:20","date_gmt":"2021-10-08T09:14:20","guid":{"rendered":"https:\/\/fsf.si\/2023\/?page_id=18599"},"modified":"2021-10-08T11:14:40","modified_gmt":"2021-10-08T09:14:40","slug":"connections-with-slovenia","status":"publish","type":"page","link":"https:\/\/fsf.si\/2023\/connections-with-slovenia\/","title":{"rendered":""},"content":{"rendered":"<h2><strong>CONNECTIONS WITH SLOVENIA<\/strong><\/h2>\n<p>Dear filmmakers and friends of cinema, it gives me great pleasure and honour, as a \u201cfriend of Slovenian cinema\u201d, to be the guest of honour at the 24th Festival of Slovenian Film Portoro\u017e.<\/p>\n<p>Serbian cinema is connected with Slovenia in many wonderful ways. And vice-versa. In Serbia, we say \u201cNiko nije prorok u svom selu\u201d, or \u201cNobody is a prophet in their own land\u201d. So when the great director, my friend \u017divojin Pavlovi\u0107 was repeatedly prevented from making films in Serbia for political reasons, he sought and found work in Slovenia. On the other hand, my dear Slovenian friend Karpo Godina started his professional career as a camera operator and director in Serbia, where he became part of the \u2018Black Wave\u2019. For reasons still incomprehensible to me, this resulted in a ban on screening his film <em>Nedostaje mi Sonja Henie<\/em>, or <em>I Miss Sonja Henie<\/em>, made during FEST 1971 in Belgrade, which went on for decades. Such were the times&#8230;<\/p>\n<p>I\u2019ve received my first lifetime achievement award in Slovenia rather than in Serbia. It was in 2007 at the exciting festival of film and wine in Ljutomer, the birthplace of Slovenian cinema that was home to Dr Karol Grossmann, the pioneer of Slovenian cinema the festival is named after. This is how I discovered the beautiful region of Prlekija, which I\u2019ve since visited almost every year. The good spirt of the Belgrade Black Wave, Branko Vu\u010di\u0107evi\u0107, wrote the script titled \u2018Umetni raj\u2019, or \u2018Artificial Paradise\u2019, about Karol Grossmann spending time with Fritz Lang in Ljutomer, where Lang was on his military service back in Austria-Hungary, and Karpo turned the script into a beautiful film. We all drank the same\u2014white wine from Sipon grapes from Prlekija.<\/p>\n<p>In the 70s, the doyen of Slovenian film criticism, Jo\u017ee Dolmark, did his military service in Belgrade. We would hang out in the cinematheque, sharing our views on all the U.S. and French films we had seen. It was a time of struggles for fair treatment of genre films, which at the time were frowned upon by the established local film critics with a background in East European socially engaged cinema and its values. After Dolmark returned to Slovenia, he collaborated with Zdenko Vrdlovec, a fellow traveller of ours, in turning our excitement for the humorous films by Franti\u0161ek \u010cap, an underrated filmmaker in Yugoslavia at the time, into one of the first books dedicated to a Yugoslavian filmmaker. This unity in the struggle for universal values of all, not just \u201cart\u201d films, could also be seen from our writing in Ekran, a Slovenian film magazine that still exists today.<\/p>\n<p>Finally, many Serbian actors have played the leading roles in some of the key Slovenian films, and worked with the best Slovenian directors \u2013 Ljubi\u0161a Samard\u017ei\u0107 with Bo\u0161tjan Hladnik, Sonja Savi\u0107 with Jan Cvitkovi\u010d, etc. Appearing in the leading roles in <em>Sedmina<\/em> (<em>Funeral Feast<\/em>) by Matja\u017e Klop\u010di\u010d are Milena Dravi\u0107, Sne\u017eana Nik\u0161i\u0107, and formerly Zagreb-based, now American Serb, Rade \u0160erbed\u017eija. Needless to say, it was also the other way around. Miha Baloh and \u0160pela Rozin, two of the most beautiful Yugoslav film stars, made frequent appearances in Serbian films.<\/p>\n<p>It seems as if we\u2019ve liked each other.<\/p>\n<p><strong>Slobodan \u0160ijan<\/strong><\/p>\n","protected":false},"excerpt":{"rendered":"<p>CONNECTIONS WITH SLOVENIA Dear filmmakers and friends of cinema, it gives me great pleasure and honour, as [&hellip;]<\/p>\n","protected":false},"author":1,"featured_media":0,"parent":0,"menu_order":0,"comment_status":"closed","ping_status":"closed","template":"","meta":[],"acf":[],"yoast_head":"<!-- This site is optimized with the Yoast SEO plugin v19.7.1 - https:\/\/yoast.com\/wordpress\/plugins\/seo\/ -->\n<title>- FSF<\/title>\n<meta name=\"robots\" content=\"index, follow, max-snippet:-1, max-image-preview:large, max-video-preview:-1\" \/>\n<link rel=\"canonical\" href=\"https:\/\/fsf.si\/2023\/connections-with-slovenia\/\" \/>\n<meta property=\"og:locale\" content=\"sl_SI\" \/>\n<meta property=\"og:type\" content=\"article\" \/>\n<meta property=\"og:title\" content=\"- FSF\" \/>\n<meta property=\"og:description\" content=\"CONNECTIONS WITH SLOVENIA Dear filmmakers and friends of cinema, it gives me great pleasure and honour, as [&hellip;]\" \/>\n<meta property=\"og:url\" content=\"https:\/\/fsf.si\/2023\/connections-with-slovenia\/\" \/>\n<meta property=\"og:site_name\" content=\"FSF\" \/>\n<meta property=\"article:modified_time\" content=\"2021-10-08T09:14:40+00:00\" \/>\n<meta name=\"twitter:card\" content=\"summary_large_image\" \/>\n<meta name=\"twitter:label1\" content=\"Est. reading time\" \/>\n\t<meta name=\"twitter:data1\" content=\"3 minute\" \/>\n<script type=\"application\/ld+json\" class=\"yoast-schema-graph\">{\"@context\":\"https:\/\/schema.org\",\"@graph\":[{\"@type\":\"WebPage\",\"@id\":\"https:\/\/fsf.si\/2023\/connections-with-slovenia\/\",\"url\":\"https:\/\/fsf.si\/2023\/connections-with-slovenia\/\",\"name\":\"- FSF\",\"isPartOf\":{\"@id\":\"https:\/\/fsf.si\/2023\/#website\"},\"datePublished\":\"2021-10-08T09:14:20+00:00\",\"dateModified\":\"2021-10-08T09:14:40+00:00\",\"breadcrumb\":{\"@id\":\"https:\/\/fsf.si\/2023\/connections-with-slovenia\/#breadcrumb\"},\"inLanguage\":\"sl-SI\",\"potentialAction\":[{\"@type\":\"ReadAction\",\"target\":[\"https:\/\/fsf.si\/2023\/connections-with-slovenia\/\"]}]},{\"@type\":\"BreadcrumbList\",\"@id\":\"https:\/\/fsf.si\/2023\/connections-with-slovenia\/#breadcrumb\",\"itemListElement\":[{\"@type\":\"ListItem\",\"position\":1,\"name\":\"Home\",\"item\":\"https:\/\/fsf.si\/2023\/\"},{\"@type\":\"ListItem\",\"position\":2,\"name\":\"\"}]},{\"@type\":\"WebSite\",\"@id\":\"https:\/\/fsf.si\/2023\/#website\",\"url\":\"https:\/\/fsf.si\/2023\/\",\"name\":\"FSF\",\"description\":\"Festival Slovenskega Filma\",\"publisher\":{\"@id\":\"https:\/\/fsf.si\/2023\/#organization\"},\"potentialAction\":[{\"@type\":\"SearchAction\",\"target\":{\"@type\":\"EntryPoint\",\"urlTemplate\":\"https:\/\/fsf.si\/2023\/?s={search_term_string}\"},\"query-input\":\"required name=search_term_string\"}],\"inLanguage\":\"sl-SI\"},{\"@type\":\"Organization\",\"@id\":\"https:\/\/fsf.si\/2023\/#organization\",\"name\":\"Festival Slovenskega Filma\",\"url\":\"https:\/\/fsf.si\/2023\/\",\"sameAs\":[],\"logo\":{\"@type\":\"ImageObject\",\"inLanguage\":\"sl-SI\",\"@id\":\"https:\/\/fsf.si\/2023\/#\/schema\/logo\/image\/\",\"url\":\"https:\/\/fsf.si\/2023\/wp-content\/uploads\/2019\/06\/Slider-FSF.png\",\"contentUrl\":\"https:\/\/fsf.si\/2023\/wp-content\/uploads\/2019\/06\/Slider-FSF.png\",\"width\":4800,\"height\":1600,\"caption\":\"Festival Slovenskega Filma\"},\"image\":{\"@id\":\"https:\/\/fsf.si\/2023\/#\/schema\/logo\/image\/\"}}]}<\/script>\n<!-- \/ Yoast SEO plugin. -->","yoast_head_json":{"title":"- FSF","robots":{"index":"index","follow":"follow","max-snippet":"max-snippet:-1","max-image-preview":"max-image-preview:large","max-video-preview":"max-video-preview:-1"},"canonical":"https:\/\/fsf.si\/2023\/connections-with-slovenia\/","og_locale":"sl_SI","og_type":"article","og_title":"- FSF","og_description":"CONNECTIONS WITH SLOVENIA Dear filmmakers and friends of cinema, it gives me great pleasure and honour, as [&hellip;]","og_url":"https:\/\/fsf.si\/2023\/connections-with-slovenia\/","og_site_name":"FSF","article_modified_time":"2021-10-08T09:14:40+00:00","twitter_card":"summary_large_image","twitter_misc":{"Est. reading time":"3 minute"},"schema":{"@context":"https:\/\/schema.org","@graph":[{"@type":"WebPage","@id":"https:\/\/fsf.si\/2023\/connections-with-slovenia\/","url":"https:\/\/fsf.si\/2023\/connections-with-slovenia\/","name":"- FSF","isPartOf":{"@id":"https:\/\/fsf.si\/2023\/#website"},"datePublished":"2021-10-08T09:14:20+00:00","dateModified":"2021-10-08T09:14:40+00:00","breadcrumb":{"@id":"https:\/\/fsf.si\/2023\/connections-with-slovenia\/#breadcrumb"},"inLanguage":"sl-SI","potentialAction":[{"@type":"ReadAction","target":["https:\/\/fsf.si\/2023\/connections-with-slovenia\/"]}]},{"@type":"BreadcrumbList","@id":"https:\/\/fsf.si\/2023\/connections-with-slovenia\/#breadcrumb","itemListElement":[{"@type":"ListItem","position":1,"name":"Home","item":"https:\/\/fsf.si\/2023\/"},{"@type":"ListItem","position":2,"name":""}]},{"@type":"WebSite","@id":"https:\/\/fsf.si\/2023\/#website","url":"https:\/\/fsf.si\/2023\/","name":"FSF","description":"Festival Slovenskega Filma","publisher":{"@id":"https:\/\/fsf.si\/2023\/#organization"},"potentialAction":[{"@type":"SearchAction","target":{"@type":"EntryPoint","urlTemplate":"https:\/\/fsf.si\/2023\/?s={search_term_string}"},"query-input":"required name=search_term_string"}],"inLanguage":"sl-SI"},{"@type":"Organization","@id":"https:\/\/fsf.si\/2023\/#organization","name":"Festival Slovenskega Filma","url":"https:\/\/fsf.si\/2023\/","sameAs":[],"logo":{"@type":"ImageObject","inLanguage":"sl-SI","@id":"https:\/\/fsf.si\/2023\/#\/schema\/logo\/image\/","url":"https:\/\/fsf.si\/2023\/wp-content\/uploads\/2019\/06\/Slider-FSF.png","contentUrl":"https:\/\/fsf.si\/2023\/wp-content\/uploads\/2019\/06\/Slider-FSF.png","width":4800,"height":1600,"caption":"Festival Slovenskega Filma"},"image":{"@id":"https:\/\/fsf.si\/2023\/#\/schema\/logo\/image\/"}}]}},"_links":{"self":[{"href":"https:\/\/fsf.si\/2023\/wp-json\/wp\/v2\/pages\/18599"}],"collection":[{"href":"https:\/\/fsf.si\/2023\/wp-json\/wp\/v2\/pages"}],"about":[{"href":"https:\/\/fsf.si\/2023\/wp-json\/wp\/v2\/types\/page"}],"author":[{"embeddable":true,"href":"https:\/\/fsf.si\/2023\/wp-json\/wp\/v2\/users\/1"}],"replies":[{"embeddable":true,"href":"https:\/\/fsf.si\/2023\/wp-json\/wp\/v2\/comments?post=18599"}],"version-history":[{"count":2,"href":"https:\/\/fsf.si\/2023\/wp-json\/wp\/v2\/pages\/18599\/revisions"}],"predecessor-version":[{"id":18601,"href":"https:\/\/fsf.si\/2023\/wp-json\/wp\/v2\/pages\/18599\/revisions\/18601"}],"wp:attachment":[{"href":"https:\/\/fsf.si\/2023\/wp-json\/wp\/v2\/media?parent=18599"}],"curies":[{"name":"wp","href":"https:\/\/api.w.org\/{rel}","templated":true}]}}