{"id":23080,"date":"2022-10-28T10:24:18","date_gmt":"2022-10-28T08:24:18","guid":{"rendered":"https:\/\/fsf.si\/2023\/?page_id=23080"},"modified":"2023-10-10T10:54:13","modified_gmt":"2023-10-10T08:54:13","slug":"nagrada-obcinstva","status":"publish","type":"page","link":"https:\/\/fsf.si\/2023\/nagrada-obcinstva\/","title":{"rendered":"Nagrada ob\u010dinstva"},"content":{"rendered":"<div class=\"vc_row wpb_row vc_row-fluid jury-team-item\" ><div class=\"wpb_column vc_column_container vc_col-sm-12\"><div class=\"vc_column-inner\"><div class=\"wpb_wrapper\">\n\t<div class=\"wpb_text_column wpb_content_element \" >\n\t\t<div class=\"wpb_wrapper\">\n\t\t\t<p>Poleg nagrad, ki jih na festivalu podelijo strokovne \u017eirije, eno podelite tudi gledalci, in sicer vesno za najbolj\u0161i film po izboru ob\u010dinstva. Glasujete lahko za vse slovenske celove\u010derne filme v Tekmovalnem programu, in sicer z glasovnicami, ki jih prejmete ob vhodu v dvorano. Na glasovnici so navedene ocene od 1 do 5, pri \u010demer je 5 najvi\u0161ja ocena, gledalci pa glasujete tako, da jasno ozna\u010dite izbrano oceno. Glasovnica, iz katere va\u0161a ocena ni jasno razvidna, ni veljavna!<\/p>\n<p>Glasovnico po kon\u010dani projekciji oddate v glasovalno skrinjico, ki jo pregleda tri\u010dlanska komisija v sestavi Ula Ukmar, \u0160pela Barli\u010d in Tia Lon\u010dar. Po izlo\u010ditvi neveljavnih glasovnic komisija pre\u0161teje \u0161tevilo oddanih glasovnic za posamezen film in izra\u010duna povpre\u010dno oceno. Za podelitev nagrade ob\u010dinstva mora oddati veljavne glasovnice vsaj 50 gledalcev za posamezen film. Nagrado ob\u010dinstva za najbolj\u0161i film dobi producent, katerega film je dosegel najvi\u0161jo povpre\u010dno oceno, izra\u010dunano na dve decimalki.<\/p>\n<p>&nbsp;<\/p>\n<p><strong>Povpre\u010dne ocene in vrstni red filmov:<\/strong>:<\/p>\n<p>&nbsp;<\/p>\n<div class=\"su-list\" style=\"margin-left:0px\"><\/p>\n<ul>\n<li><img src=\"https:\/\/fsf.si\/2023\/wp-content\/uploads\/2023\/09\/VES.png\" alt=\"\" \/> <em>Duhovnica <\/em>(Maja Prettner): 4,82<\/li>\n<li><img src=\"https:\/\/fsf.si\/2023\/wp-content\/uploads\/2023\/09\/VES.png\" alt=\"\" \/> <em>Pero <\/em>(Damjan Kozole): 4,77<\/li>\n<li><img src=\"https:\/\/fsf.si\/2023\/wp-content\/uploads\/2023\/09\/VES.png\" alt=\"\" \/> <em>Telo <\/em>(Petra Seli\u0161kar): 4,63<\/li>\n<li><img src=\"https:\/\/fsf.si\/2023\/wp-content\/uploads\/2023\/09\/VES.png\" alt=\"\" \/> <em>Poslednji heroj<\/em> (\u017diga Virc): 4,58<\/li>\n<li><img src=\"https:\/\/fsf.si\/2023\/wp-content\/uploads\/2023\/09\/VES.png\" alt=\"\" \/> <em>\u0160terkijada <\/em>(Igor \u0160terk): 4,31<\/li>\n<li><img src=\"https:\/\/fsf.si\/2023\/wp-content\/uploads\/2023\/09\/VES.png\" alt=\"\" \/> <em>Vzornik <\/em>(Nejc Gazvoda): 4,17<\/li>\n<li><img src=\"https:\/\/fsf.si\/2023\/wp-content\/uploads\/2023\/09\/VES.png\" alt=\"\" \/> <em>Opazovanje <\/em>(Janez Burger): 4,10<\/li>\n<li><img src=\"https:\/\/fsf.si\/2023\/wp-content\/uploads\/2023\/09\/VES.png\" alt=\"\" \/> <em>Zbudi me <\/em>(Marko \u0160anti\u0107): 3,90<\/li>\n<li><img src=\"https:\/\/fsf.si\/2023\/wp-content\/uploads\/2023\/09\/VES.png\" alt=\"\" \/> <em>Mo\u017e brez krivde <\/em>(Ivan Gergolet): 3,79<\/li>\n<li><img src=\"https:\/\/fsf.si\/2023\/wp-content\/uploads\/2023\/09\/VES.png\" alt=\"\" \/> <em>Gajin svet 2 <\/em>(Peter Bratu\u0161a): 3,48<\/li>\n<\/ul>\n<p><\/div>\n<p>Filmi <em>Skozi moje o\u010di <\/em>(Igor Vrta\u010dnik)<em> LGBT_SLO_1984 <\/em>(Boris Petkovi\u0107), <em>Dva koraka od Baltika do Jadrana<\/em> (Jan Mozeti\u010d) in <em>Ne misli, da bo kdaj mimo<\/em> (Toma\u017e Grom) niso prejeli dovolj glasovnic za izra\u010dun povpre\u010dne ocene.<\/p>\n\n\t\t<\/div>\n\t<\/div>\n<\/div><\/div><\/div><\/div>\n","protected":false},"excerpt":{"rendered":"Poleg nagrad, ki jih na festivalu podelijo strokovne \u017eirije, eno podelite tudi gledalci, in sicer vesno za [...]","protected":false},"author":1,"featured_media":0,"parent":0,"menu_order":0,"comment_status":"closed","ping_status":"closed","template":"","meta":[],"acf":[],"yoast_head":"<!-- This site is optimized with the Yoast SEO plugin v19.7.1 - https:\/\/yoast.com\/wordpress\/plugins\/seo\/ -->\n<title>Nagrada ob\u010dinstva - FSF<\/title>\n<meta name=\"robots\" content=\"index, follow, max-snippet:-1, max-image-preview:large, max-video-preview:-1\" \/>\n<link rel=\"canonical\" href=\"https:\/\/fsf.si\/2023\/nagrada-obcinstva\/\" \/>\n<meta property=\"og:locale\" content=\"sl_SI\" \/>\n<meta property=\"og:type\" content=\"article\" \/>\n<meta property=\"og:title\" content=\"Nagrada ob\u010dinstva - FSF\" \/>\n<meta property=\"og:url\" content=\"https:\/\/fsf.si\/2023\/nagrada-obcinstva\/\" \/>\n<meta property=\"og:site_name\" content=\"FSF\" \/>\n<meta property=\"article:modified_time\" content=\"2023-10-10T08:54:13+00:00\" \/>\n<meta name=\"twitter:card\" content=\"summary_large_image\" \/>\n<meta name=\"twitter:label1\" content=\"Est. reading time\" \/>\n\t<meta name=\"twitter:data1\" content=\"2 minuti\" \/>\n<script type=\"application\/ld+json\" class=\"yoast-schema-graph\">{\"@context\":\"https:\/\/schema.org\",\"@graph\":[{\"@type\":\"WebPage\",\"@id\":\"https:\/\/fsf.si\/2023\/nagrada-obcinstva\/\",\"url\":\"https:\/\/fsf.si\/2023\/nagrada-obcinstva\/\",\"name\":\"Nagrada ob\u010dinstva - FSF\",\"isPartOf\":{\"@id\":\"https:\/\/fsf.si\/2023\/#website\"},\"datePublished\":\"2022-10-28T08:24:18+00:00\",\"dateModified\":\"2023-10-10T08:54:13+00:00\",\"breadcrumb\":{\"@id\":\"https:\/\/fsf.si\/2023\/nagrada-obcinstva\/#breadcrumb\"},\"inLanguage\":\"sl-SI\",\"potentialAction\":[{\"@type\":\"ReadAction\",\"target\":[\"https:\/\/fsf.si\/2023\/nagrada-obcinstva\/\"]}]},{\"@type\":\"BreadcrumbList\",\"@id\":\"https:\/\/fsf.si\/2023\/nagrada-obcinstva\/#breadcrumb\",\"itemListElement\":[{\"@type\":\"ListItem\",\"position\":1,\"name\":\"Home\",\"item\":\"https:\/\/fsf.si\/2023\/\"},{\"@type\":\"ListItem\",\"position\":2,\"name\":\"Nagrada ob\u010dinstva\"}]},{\"@type\":\"WebSite\",\"@id\":\"https:\/\/fsf.si\/2023\/#website\",\"url\":\"https:\/\/fsf.si\/2023\/\",\"name\":\"FSF\",\"description\":\"Festival Slovenskega Filma\",\"publisher\":{\"@id\":\"https:\/\/fsf.si\/2023\/#organization\"},\"potentialAction\":[{\"@type\":\"SearchAction\",\"target\":{\"@type\":\"EntryPoint\",\"urlTemplate\":\"https:\/\/fsf.si\/2023\/?s={search_term_string}\"},\"query-input\":\"required name=search_term_string\"}],\"inLanguage\":\"sl-SI\"},{\"@type\":\"Organization\",\"@id\":\"https:\/\/fsf.si\/2023\/#organization\",\"name\":\"Festival Slovenskega Filma\",\"url\":\"https:\/\/fsf.si\/2023\/\",\"sameAs\":[],\"logo\":{\"@type\":\"ImageObject\",\"inLanguage\":\"sl-SI\",\"@id\":\"https:\/\/fsf.si\/2023\/#\/schema\/logo\/image\/\",\"url\":\"https:\/\/fsf.si\/2023\/wp-content\/uploads\/2019\/06\/Slider-FSF.png\",\"contentUrl\":\"https:\/\/fsf.si\/2023\/wp-content\/uploads\/2019\/06\/Slider-FSF.png\",\"width\":4800,\"height\":1600,\"caption\":\"Festival Slovenskega Filma\"},\"image\":{\"@id\":\"https:\/\/fsf.si\/2023\/#\/schema\/logo\/image\/\"}}]}<\/script>\n<!-- \/ Yoast SEO plugin. -->","yoast_head_json":{"title":"Nagrada ob\u010dinstva - FSF","robots":{"index":"index","follow":"follow","max-snippet":"max-snippet:-1","max-image-preview":"max-image-preview:large","max-video-preview":"max-video-preview:-1"},"canonical":"https:\/\/fsf.si\/2023\/nagrada-obcinstva\/","og_locale":"sl_SI","og_type":"article","og_title":"Nagrada ob\u010dinstva - FSF","og_url":"https:\/\/fsf.si\/2023\/nagrada-obcinstva\/","og_site_name":"FSF","article_modified_time":"2023-10-10T08:54:13+00:00","twitter_card":"summary_large_image","twitter_misc":{"Est. reading time":"2 minuti"},"schema":{"@context":"https:\/\/schema.org","@graph":[{"@type":"WebPage","@id":"https:\/\/fsf.si\/2023\/nagrada-obcinstva\/","url":"https:\/\/fsf.si\/2023\/nagrada-obcinstva\/","name":"Nagrada ob\u010dinstva - FSF","isPartOf":{"@id":"https:\/\/fsf.si\/2023\/#website"},"datePublished":"2022-10-28T08:24:18+00:00","dateModified":"2023-10-10T08:54:13+00:00","breadcrumb":{"@id":"https:\/\/fsf.si\/2023\/nagrada-obcinstva\/#breadcrumb"},"inLanguage":"sl-SI","potentialAction":[{"@type":"ReadAction","target":["https:\/\/fsf.si\/2023\/nagrada-obcinstva\/"]}]},{"@type":"BreadcrumbList","@id":"https:\/\/fsf.si\/2023\/nagrada-obcinstva\/#breadcrumb","itemListElement":[{"@type":"ListItem","position":1,"name":"Home","item":"https:\/\/fsf.si\/2023\/"},{"@type":"ListItem","position":2,"name":"Nagrada ob\u010dinstva"}]},{"@type":"WebSite","@id":"https:\/\/fsf.si\/2023\/#website","url":"https:\/\/fsf.si\/2023\/","name":"FSF","description":"Festival Slovenskega Filma","publisher":{"@id":"https:\/\/fsf.si\/2023\/#organization"},"potentialAction":[{"@type":"SearchAction","target":{"@type":"EntryPoint","urlTemplate":"https:\/\/fsf.si\/2023\/?s={search_term_string}"},"query-input":"required name=search_term_string"}],"inLanguage":"sl-SI"},{"@type":"Organization","@id":"https:\/\/fsf.si\/2023\/#organization","name":"Festival Slovenskega Filma","url":"https:\/\/fsf.si\/2023\/","sameAs":[],"logo":{"@type":"ImageObject","inLanguage":"sl-SI","@id":"https:\/\/fsf.si\/2023\/#\/schema\/logo\/image\/","url":"https:\/\/fsf.si\/2023\/wp-content\/uploads\/2019\/06\/Slider-FSF.png","contentUrl":"https:\/\/fsf.si\/2023\/wp-content\/uploads\/2019\/06\/Slider-FSF.png","width":4800,"height":1600,"caption":"Festival Slovenskega Filma"},"image":{"@id":"https:\/\/fsf.si\/2023\/#\/schema\/logo\/image\/"}}]}},"_links":{"self":[{"href":"https:\/\/fsf.si\/2023\/wp-json\/wp\/v2\/pages\/23080"}],"collection":[{"href":"https:\/\/fsf.si\/2023\/wp-json\/wp\/v2\/pages"}],"about":[{"href":"https:\/\/fsf.si\/2023\/wp-json\/wp\/v2\/types\/page"}],"author":[{"embeddable":true,"href":"https:\/\/fsf.si\/2023\/wp-json\/wp\/v2\/users\/1"}],"replies":[{"embeddable":true,"href":"https:\/\/fsf.si\/2023\/wp-json\/wp\/v2\/comments?post=23080"}],"version-history":[{"count":20,"href":"https:\/\/fsf.si\/2023\/wp-json\/wp\/v2\/pages\/23080\/revisions"}],"predecessor-version":[{"id":25831,"href":"https:\/\/fsf.si\/2023\/wp-json\/wp\/v2\/pages\/23080\/revisions\/25831"}],"wp:attachment":[{"href":"https:\/\/fsf.si\/2023\/wp-json\/wp\/v2\/media?parent=23080"}],"curies":[{"name":"wp","href":"https:\/\/api.w.org\/{rel}","templated":true}]}}