{"id":3920,"date":"2019-06-05T11:51:06","date_gmt":"2019-06-05T10:51:06","guid":{"rendered":"http:\/\/www.fsf.si\/2019\/?page_id=3920"},"modified":"2023-10-10T18:05:44","modified_gmt":"2023-10-10T16:05:44","slug":"awards","status":"publish","type":"page","link":"https:\/\/fsf.si\/2023\/en\/awards\/","title":{"rendered":"Awards"},"content":{"rendered":"<div class=\"vc_row wpb_row vc_row-fluid wpb_animate_when_almost_visible wpb_lightSpeedIn lightSpeedIn vc_custom_1633336772343 vc_row-has-fill edgtf-content-aligment-left\" ><div class=\"wpb_column vc_column_container vc_col-sm-12 vc_col-has-fill\"><div class=\"vc_column-inner vc_custom_1559733019901\"><div class=\"wpb_wrapper\">\n\t<div class=\"wpb_text_column wpb_content_element \" >\n\t\t<div class=\"wpb_wrapper\">\n\t\t\t<p><strong>VESNA AWARDS<\/strong><\/p>\n<p><strong>\u00a0<\/strong><\/p>\n<p>Vesna Award for Best Feature Film<br \/>\n<strong>Don&#8217;t Think It Will Ever Pass<\/strong><strong><br \/>\n<\/strong>Directed by: Toma\u017e Grom<br \/>\nProduction: \u0160pela Tro\u0161t (Zavod Sploh)<\/p>\n<p>Jury statement: <em>Don&#8217;t Think It Will Ever Pass<\/em> is an entirely unique and highly emotionally charged film that calls for an open-eyed audience. Experimental and enigmatic, and yet subtle, honest, and associatively open. With an ever-moving camera that seems to be able to find a new story wherever it steered. Constantly unfolding new spaces and finding poetry in the banality of everyday life. Cinema as a ritual, as a need that transforms pain into beauty.<\/p>\n<p>&nbsp;<\/p>\n<p>Vesna Award for Best Feature-length Fiction Film<br \/>\n<strong>Wake Me<\/strong><br \/>\nDirected by: Marko \u0160anti\u0107<br \/>\nProduction: Danijel Ho\u010devar, Zala Opara (Vertigo)<\/p>\n<p>Jury statement: <em>Wake Me<\/em> addresses a relevant topic from a telling angle: memory loss, to raise the issue of hatred, intolerance and nationalism, leaving no doubt as to its stance. All the elements of film language are effectively combined to create an evocative whole. A brave and, in this day and age, highly relevant work that speaks of violence without reproducing it through images.<\/p>\n<p>&nbsp;<\/p>\n<p>Vesna Award for Best Director<br \/>\n<strong>Ivan Gergolet<\/strong><br \/>\nfor <strong>The Man Without Guilt<\/strong><\/p>\n<p>Jury statement: In <em>The Man Without Guilt<\/em>, Ivan Gergolet digs deep into human nature and the moral issues pertaining to humans. He is concise in guiding the two leading actors, unfurling their complex inner lives through gestures, looks,and touches. At the same time, he manages to subtly raise other important issues from asbestos to class differences and the identity of the Slovenian community in Italy. In the manner of slow cinema, he takes his time to develop the plot while keeping us in suspense by remaining mysterious and ambiguous. The result is an ambivalent work that stays with us long after we have left the cinema.<\/p>\n<p>&nbsp;<\/p>\n<p>Vesna Award for Best Screenplay<br \/>\n<strong>Marko \u0160anti\u0107<\/strong>,<strong> Goran Vojnovi\u0107 <\/strong>and<strong> Sara Hribar <\/strong><br \/>\nfor<strong> Wake Me <\/strong><\/p>\n<p>Jury statement: The screenplay for <em>Wake Me<\/em> addresses an important and sensitive issue with clarity and responsibility while adding elements of wit to make it more human. The screenwriters pay attention to every character, developing them with precision and giving them space for complexity through unexpected situations. They render the hopelessness of the vicious circle of hatred as a clever circular structure where the end could be the (film) beginning.<\/p>\n<p>&nbsp;<\/p>\n<p>Vesna Award for Best Actress in a Leading Role<br \/>\n<strong>Diana Kolenc <\/strong>for the role of Lara<br \/>\nin<strong> Observing<\/strong><\/p>\n<p>Jury statement: Diana Kolenc as Lara in <em>Observing<\/em> gives an extraordinarily minimalistic performance, her expression internalised, discrete, simple and focused. With sparse reactions, she manages to convey a wide array of meanings. Even when she is not in the foreground, her body language has presence; one could say she has inhabited the film. Her interpretation is one with the style and genre.<\/p>\n<p>&nbsp;<\/p>\n<p>Vesna Award for Best Actor in a Leading Role<br \/>\n<strong>Jure Henigman <\/strong>for the role of Rok<br \/>\nin<strong> Wake Me<\/strong><\/p>\n<p>Jury statement: The character of Rok starts off as a tabula rasa, an empty vessel that Henigman gradually fills as he discovers his true identity. In the process, he portions out emotions in a nuanced way, organically shifting between contrasting states, from aggression to tenderness, from wit to tears, adding layers to his character through various relationships with perceived ease to gradually transform him.<\/p>\n<p>&nbsp;<\/p>\n<p>Vesna Award for Best Actress in a Supporting Role<br \/>\n<strong>Vesna Pernar\u010di\u010d <\/strong>for the role of \u0160pela<br \/>\nin<strong> Role Model<\/strong><\/p>\n<p>Jury statement: As the down-to-earth big sister \u0160pela, Vesna Pernar\u010di\u010d uses the short time available to her to realise her character in full (and to perfection). From the moment she appears, her charisma makes a strong impression. Her role piques the audience&#8217;s interest by expanding the story with some family background.<\/p>\n<p>&nbsp;<\/p>\n<p>Vesna Award for Best Actor in a Supporting Role<br \/>\n<strong>Jurij Dreven\u0161ek <\/strong>for the role of Damjan<br \/>\nin<strong> Wake Me<\/strong><\/p>\n<p>Jury statement: Jurij Dreven\u0161ek gives a full-blooded, precise performance as Damjan the antagonist, taking a clear position within the film and vitally adding to the context of the plot. He makes clever choices of the acting tools to endear the character to the audience, while making no excuses for him.<\/p>\n<p>&nbsp;<\/p>\n<p>Vesna Award for Best Cinematography<br \/>\n<strong>Marko Brdar <\/strong><br \/>\nfor<strong> Safe Place<\/strong><\/p>\n<p>Jury statement: In <em>Safe Place<\/em>, the cinematography becomes a vital element of dramaturgy, eliciting strong feelings through precise shots, pronounced compositions, the use of depth, shadows, darkness and colour, and the layering of images. Each shot is a considered work of art that takes the aesthetic of the film to a whole new level.<\/p>\n<p>&nbsp;<\/p>\n<p>Vesna Award for Best Original Music<br \/>\n<strong>Toma\u017e Grom<\/strong><br \/>\nfor <strong>Don&#8217;t Think It Will Ever Pass<\/strong><\/p>\n<p>Jury statement: With a repetitive, minimalist motif and thundering silences, music in the experimental film <em>Don&#8217;t Think It Will Ever Pass<\/em> is a poignant signal of the passing of time, evoking intense reactions and mixed feelings.<\/p>\n<p>&nbsp;<\/p>\n<p>Vesna Award for Best Editing<br \/>\n<strong>Sara Gjergek <\/strong><br \/>\nfor<strong> Woman of God<\/strong><\/p>\n<p>Jury statement: With her editing in <em>Woman of God<\/em>, Sara Gjergek builds a clearly structured, perceptive dramatic arc to take us into the life of the main protagonist. From the material, she manages to pick out all the key stages in her life to raise important family issues. This is a compact film with a host of information that unfurl in a playful rhythm to convey an intriguing, compassionate story.<\/p>\n<p>&nbsp;<\/p>\n<p>Vesna Award for Best Production Design<br \/>\n<strong>\u0160pela Jelov\u010dan <\/strong>and<strong> Vasja Kokelj <\/strong><br \/>\nfor<strong> Observing<\/strong><\/p>\n<p>Jury statement: The production design in <em>Observing<\/em> aesthetically adds to and supports the genre of the film. Elements such as carpet stains, piles of rubbish, old furniture, empty spaces, a mousetrap etc., tell and at the same time give context to a broader story of the outside world. Meanwhile, the effective cold colour palette creates a contrast with the red uniforms of the paramedics.<\/p>\n<p>&nbsp;<\/p>\n<p>&nbsp;<\/p>\n<p>Vesna Award for Best Costume Design<br \/>\n<strong>Katarina \u0160avs <\/strong><br \/>\nfor<strong> Role Model<\/strong><\/p>\n<p>Jury statement: The costume design in <em>Role Model<\/em> appears fresh and brave, boldly characterising without being afraid of clich\u00e9s but instead using them to its advantage. In the massive micro universe of a school, it manages to tell one individual from another and identify their character.<\/p>\n<p>&nbsp;<\/p>\n<p>Vesna Award for Best Make-up<br \/>\n<strong>Lija Ivan\u010di\u010d <\/strong><br \/>\nfor<strong> Wake Me<\/strong><\/p>\n<p>Jury statement: The make-up in <em>Wake Me<\/em> vitally adds to the identity of the film, effectively placing characters in the local setting and accentuating their personalities and backgrounds while cleverly avoiding typification.<\/p>\n<p>&nbsp;<\/p>\n<p>Vesna Award for Best Sound<br \/>\n<strong>Julij Zornik <\/strong>and<strong> Igor Popovski <\/strong><br \/>\nfor<strong> Observing<\/strong><\/p>\n<p>Jury statement: The sound in <em>Observing<\/em> often works as a trigger and, in the absence of music, becomes a vital director\u2019s tool. The expressive soundscape built out of numerous elements such as medical devices, sirens, telephones, children crying etc., creates an authentic atmosphere and a pervasive feeling of unease.<\/p>\n<p>&nbsp;<\/p>\n<p>Vesna Award for Best Minority Co-production<br \/>\n<strong>Safe Place<\/strong><br \/>\nDirected by: <strong>Juraj Leroti\u0107<\/strong><br \/>\nSlovenian co-producers: Vlado Bulaji\u0107 and Lija Poga\u010dnik (December)<\/p>\n<p>Jury statement: Masterful in all its expressive tools, Juraj Leroti\u0107\u2019s debut is not just a painfully personal, but also highly innovative, sensitive, and substantially considered work. Using an intimate experience, this precise study of human fragility exposes the (in)effectiveness of the system.<\/p>\n<p>&nbsp;<\/p>\n<p>Vesna Award for Best Documentary<br \/>\n<strong>Body <\/strong><br \/>\nDirected by: Petra Seli\u0161kar<br \/>\nProduction: Petra Seli\u0161kar (Petra Pan film)<\/p>\n<p>Jury statement: Scientists have proven that Nietzsche was right in saying, \u201cwhat doesn\u2019t kill me, makes me stronger\u201d. According to research, 70% of people who have faced difficult challenges or traumas see some form of positive psychological growth and development. Petra Seli\u0161kar\u2019s <em>Body<\/em> follows Ur\u0161ka\u2019s life and her decade-long struggle with \u2013 or, more precisely, against \u2013 her own body. Tracing her phases of autoimmune diseases, it shows her body through its fragility and beauty as a metaphor for human limitations. With microscopic shots and grandiose landscapes depicting a lake and an island, it allows for additional reflection on the place of humans in nature. <em>Body<\/em> is a feat of filmmaking in which the filmmaker consistently builds a portrait of a woman who manages to retain optimism and cheerfulness in the face of all her troubles. This is a must-see film. One which, in the words of Gilles Deleuze, tells you that \u201cillness is not an enemy\u201d. And not only that. It is a film that proves there is no duality between the spirit and the body.<\/p>\n<p>&nbsp;<\/p>\n<p>Vesna Award for Best Short Fiction Film<br \/>\n<strong>How I Learned to Hang Laundry<\/strong><br \/>\nDirected by: Barbara Zemlji\u010d<br \/>\nProduction: Klemen Dvornik (Filmservis)<\/p>\n<p>Jury statement: \u201cDo you know anything at all?\u201d \u201cNot much!\u201d This is a dialogue from the beginning of the film, indicative of its sparsely worded continuation. A film that tells more with condensed body language than it does with words. And yet in its small spaces, with only three characters (or rather two and a half), it carries a pulsating stream of feelings, hidden traumas, adolescent delusions, and disappointments. Why so? We never learn the causes. What we can see is that there is no happy ending for this protagonist. She leaves just like she has arrived, with a kerchief on her head. But this is just a front. She is no domesticated cat as he imagines her to be, and he is no safe haven as she has expected him to be. Old people would say: They didn\u2019t see eye to eye; and young people would say: Fuck! We feel bad about the depiction of this terrible, nowadays common, discrepancy between people and between the sexes. The film ends with her on a railway station, a symbol of change, arrivals and departures, and the Ana Karenina syndrome. Thanks to the director \u2013 and very likely to a well-considered script, the film flows smoothly, with excellent camerawork, a fine soundscape and sound mixing, and, not least, an outstanding performance from the female lead! Let us end with a question: what happened to the handful of spoons which the female protagonist took from the male protagonist\u2019s kitchen drawer as she left?<\/p>\n<p>&nbsp;<\/p>\n<p>Vesna Award for Best Animated Film<br \/>\n<strong>Little Women<\/strong><br \/>\nDirected by: Nika Jurman<br \/>\nProduction: Nika Jurman<\/p>\n<p>Jury statement: While the barbies of Hollywood are enjoying their luxurious lives, the little women of Slovenia fight to get into an art residency that will solve their fundamental life problems for a few months by giving them sustenance and a roof over their heads. <em>Little Women <\/em>is a film of contradictions. While plastic puppets deal with the problems of real people, the simple animation offers striking, sophisticated technical details.<\/p>\n<p>&nbsp;<\/p>\n<p>Vesna Award for Best Experimental Film<\/p>\n<p>The members of the jury chose not to present the award for best experimental film as none of the films in competition received a unanimous vote of support.<\/p>\n<p>&nbsp;<\/p>\n<p>Vesna Award for Best Student Film<br \/>\n<strong>Alenka<br \/>\n<\/strong>Directed by: Kristian Bernard Irgl<strong><br \/>\n<\/strong>Production: Jo\u017eica \u0160mid (UL AGRFT)<\/p>\n<p>Jury statement: Although merely a short student exercise, this film has all it takes. Extraordinary in ways more than one, it is a work that would make any seasoned professional with kilometres of film stock behind them proud. It contains all elements of a superior film: a good idea and a good script, camera, direction, but especially outstanding performance from all three protagonists. The director subtly plays with the audience\u2019s emotions, bringing the plot cleverly to a dramatic climax.<\/p>\n<p>&nbsp;<\/p>\n<p>Vesna Award for Special Achievement<br \/>\n<strong>Pero<\/strong><br \/>\nDirected by: Damjan Kozole<\/p>\n<p>Jury statement: <em>Pero<\/em> is a conceptual work that speaks of passing, respect, friendship and loyalty in and beyond the world of cinema, using five completely different approaches. Damjan Kozole brings together the fragments and testimonies left behind the late film and theatre actor, guiding us in self-reflection through his directing techniques. A painfully beautiful tribute to a great actor and a forthright goodbye from a friend.<\/p>\n<p>&nbsp;<\/p>\n<p>Vesna Award for Special Achievement<br \/>\n<strong>Soil<\/strong><br \/>\nDirected by: Alex Cvetkov<br \/>\nJury statement: The jury for short fiction, documentary, experimental, animated, and student films gives this special mention to draw attention to elements of quality cinema in the film <em>Soil<\/em>. The plight that sends a young couple towards a precarious fate of a migrant family, and the complications on the way, are conveyed skilfully in the manner of a genre film. What makes <em>Soil<\/em> stand out from among other migrant films is that it shows the roots of what drives people to leave their homes, rather than just their suffering. The protagonists\u2019 performance, especially from the female lead, and good camerawork contribute substantially to effective comprehension of their story.<\/p>\n<p>&nbsp;<\/p>\n<p>Vesna Audience Award<br \/>\n<strong>Woman of God<\/strong><br \/>\nDirected by: Maja Prettner<br \/>\nProduction: Bo\u0161tjan Virc, Nata\u0161a Vugrinec (Studio Virc)<br \/>\nAverage score: 4,82<\/p>\n<p>&nbsp;<\/p>\n<p><strong>\u00a0<\/strong><\/p>\n<p><strong>OTHER AWARDS<\/strong><\/p>\n<p>&nbsp;<\/p>\n<p>Slovenian Art Cinema Association Award<br \/>\n<strong>The Man Without Guilt<\/strong><br \/>\nDirected by: Ivan Gergolet<\/p>\n<p>Jury statement: From its first shot, <em>The Man Without Guilt<\/em> exposes the self-destruction of the Slovenian community outside the country&#8217;s borders, which, combined with environmental issues and the power and indifference of capital, results in an overall collective downfall. Although the film is set across the border to Italy, the issue could be applied to any such Slovenian community. The topics of disregard for one\u2019s language and culture, and subjugation to majority superbly unfold through the narrative and characters, supported by a highly subtle aesthetic and expressive shots. Remember: we breathe dust.<\/p>\n<p>&nbsp;<\/p>\n<p>The Association of Slovenian Film Critics Award for best Slovenian feature film in the Official Competition<br \/>\n<strong>Woman of God<\/strong><br \/>\nDirected by: Maja Prettner<\/p>\n<p>Jury statement: One of the film\u2019s strong points is its deft use of observational documentary techniques employed by the director to follow, for several years, the protagonist as she overcomes, with love and dedication, the problems of past and present, from childhood sexual abuse to the challenges of motherhood and professional injustices she suffers as a Protestant pastor. The film goes deep in showing how the pastor, Jana, bravely rebels against social expectations and Church dogmas, going against the current and gradually transforming into a heroine who stands up for herself.<\/p>\n<p>&nbsp;<\/p>\n<p>IRIDIUM Award for best feature debut<br \/>\n<strong>The Man Without Guilt<br \/>\n<\/strong>Directed by: Ivan Gergolet<\/p>\n\n\t\t<\/div>\n\t<\/div>\n<\/div><\/div><\/div><\/div>\n","protected":false},"excerpt":{"rendered":"VESNA AWARDS \u00a0 Vesna Award for Best Feature Film Don't Think It Will Ever Pass Directed by: [...]","protected":false},"author":1,"featured_media":0,"parent":0,"menu_order":0,"comment_status":"closed","ping_status":"closed","template":"","meta":[],"acf":[],"yoast_head":"<!-- This site is optimized with the Yoast SEO plugin v19.7.1 - https:\/\/yoast.com\/wordpress\/plugins\/seo\/ -->\n<title>Awards - FSF<\/title>\n<meta name=\"robots\" content=\"index, follow, max-snippet:-1, max-image-preview:large, max-video-preview:-1\" \/>\n<link rel=\"canonical\" href=\"https:\/\/fsf.si\/2023\/awards\/\" \/>\n<meta property=\"og:locale\" content=\"sl_SI\" \/>\n<meta property=\"og:type\" content=\"article\" \/>\n<meta property=\"og:title\" content=\"Awards - FSF\" \/>\n<meta property=\"og:url\" content=\"https:\/\/fsf.si\/2023\/en\/awards\/\" \/>\n<meta property=\"og:site_name\" content=\"FSF\" \/>\n<meta property=\"article:modified_time\" content=\"2023-10-10T16:05:44+00:00\" \/>\n<meta name=\"twitter:card\" content=\"summary_large_image\" \/>\n<meta name=\"twitter:label1\" content=\"Est. reading time\" \/>\n\t<meta name=\"twitter:data1\" content=\"2 minuti\" \/>\n<script type=\"application\/ld+json\" class=\"yoast-schema-graph\">{\"@context\":\"https:\/\/schema.org\",\"@graph\":[{\"@type\":\"WebPage\",\"@id\":\"https:\/\/fsf.si\/2023\/en\/awards\/\",\"url\":\"https:\/\/fsf.si\/2023\/en\/awards\/\",\"name\":\"Awards - FSF\",\"isPartOf\":{\"@id\":\"https:\/\/fsf.si\/2023\/#website\"},\"datePublished\":\"2019-06-05T10:51:06+00:00\",\"dateModified\":\"2023-10-10T16:05:44+00:00\",\"breadcrumb\":{\"@id\":\"https:\/\/fsf.si\/2023\/en\/awards\/#breadcrumb\"},\"inLanguage\":\"sl-SI\",\"potentialAction\":[{\"@type\":\"ReadAction\",\"target\":[\"https:\/\/fsf.si\/2023\/en\/awards\/\"]}]},{\"@type\":\"BreadcrumbList\",\"@id\":\"https:\/\/fsf.si\/2023\/en\/awards\/#breadcrumb\",\"itemListElement\":[{\"@type\":\"ListItem\",\"position\":1,\"name\":\"Home\",\"item\":\"https:\/\/fsf.si\/2023\/\"},{\"@type\":\"ListItem\",\"position\":2,\"name\":\"Awards\"}]},{\"@type\":\"WebSite\",\"@id\":\"https:\/\/fsf.si\/2023\/#website\",\"url\":\"https:\/\/fsf.si\/2023\/\",\"name\":\"FSF\",\"description\":\"Festival Slovenskega Filma\",\"publisher\":{\"@id\":\"https:\/\/fsf.si\/2023\/#organization\"},\"potentialAction\":[{\"@type\":\"SearchAction\",\"target\":{\"@type\":\"EntryPoint\",\"urlTemplate\":\"https:\/\/fsf.si\/2023\/?s={search_term_string}\"},\"query-input\":\"required name=search_term_string\"}],\"inLanguage\":\"sl-SI\"},{\"@type\":\"Organization\",\"@id\":\"https:\/\/fsf.si\/2023\/#organization\",\"name\":\"Festival Slovenskega Filma\",\"url\":\"https:\/\/fsf.si\/2023\/\",\"sameAs\":[],\"logo\":{\"@type\":\"ImageObject\",\"inLanguage\":\"sl-SI\",\"@id\":\"https:\/\/fsf.si\/2023\/#\/schema\/logo\/image\/\",\"url\":\"https:\/\/fsf.si\/2023\/wp-content\/uploads\/2019\/06\/Slider-FSF.png\",\"contentUrl\":\"https:\/\/fsf.si\/2023\/wp-content\/uploads\/2019\/06\/Slider-FSF.png\",\"width\":4800,\"height\":1600,\"caption\":\"Festival Slovenskega Filma\"},\"image\":{\"@id\":\"https:\/\/fsf.si\/2023\/#\/schema\/logo\/image\/\"}}]}<\/script>\n<!-- \/ Yoast SEO plugin. -->","yoast_head_json":{"title":"Awards - FSF","robots":{"index":"index","follow":"follow","max-snippet":"max-snippet:-1","max-image-preview":"max-image-preview:large","max-video-preview":"max-video-preview:-1"},"canonical":"https:\/\/fsf.si\/2023\/awards\/","og_locale":"sl_SI","og_type":"article","og_title":"Awards - FSF","og_url":"https:\/\/fsf.si\/2023\/en\/awards\/","og_site_name":"FSF","article_modified_time":"2023-10-10T16:05:44+00:00","twitter_card":"summary_large_image","twitter_misc":{"Est. reading time":"2 minuti"},"schema":{"@context":"https:\/\/schema.org","@graph":[{"@type":"WebPage","@id":"https:\/\/fsf.si\/2023\/en\/awards\/","url":"https:\/\/fsf.si\/2023\/en\/awards\/","name":"Awards - FSF","isPartOf":{"@id":"https:\/\/fsf.si\/2023\/#website"},"datePublished":"2019-06-05T10:51:06+00:00","dateModified":"2023-10-10T16:05:44+00:00","breadcrumb":{"@id":"https:\/\/fsf.si\/2023\/en\/awards\/#breadcrumb"},"inLanguage":"sl-SI","potentialAction":[{"@type":"ReadAction","target":["https:\/\/fsf.si\/2023\/en\/awards\/"]}]},{"@type":"BreadcrumbList","@id":"https:\/\/fsf.si\/2023\/en\/awards\/#breadcrumb","itemListElement":[{"@type":"ListItem","position":1,"name":"Home","item":"https:\/\/fsf.si\/2023\/"},{"@type":"ListItem","position":2,"name":"Awards"}]},{"@type":"WebSite","@id":"https:\/\/fsf.si\/2023\/#website","url":"https:\/\/fsf.si\/2023\/","name":"FSF","description":"Festival Slovenskega Filma","publisher":{"@id":"https:\/\/fsf.si\/2023\/#organization"},"potentialAction":[{"@type":"SearchAction","target":{"@type":"EntryPoint","urlTemplate":"https:\/\/fsf.si\/2023\/?s={search_term_string}"},"query-input":"required name=search_term_string"}],"inLanguage":"sl-SI"},{"@type":"Organization","@id":"https:\/\/fsf.si\/2023\/#organization","name":"Festival Slovenskega Filma","url":"https:\/\/fsf.si\/2023\/","sameAs":[],"logo":{"@type":"ImageObject","inLanguage":"sl-SI","@id":"https:\/\/fsf.si\/2023\/#\/schema\/logo\/image\/","url":"https:\/\/fsf.si\/2023\/wp-content\/uploads\/2019\/06\/Slider-FSF.png","contentUrl":"https:\/\/fsf.si\/2023\/wp-content\/uploads\/2019\/06\/Slider-FSF.png","width":4800,"height":1600,"caption":"Festival Slovenskega Filma"},"image":{"@id":"https:\/\/fsf.si\/2023\/#\/schema\/logo\/image\/"}}]}},"_links":{"self":[{"href":"https:\/\/fsf.si\/2023\/wp-json\/wp\/v2\/pages\/3920"}],"collection":[{"href":"https:\/\/fsf.si\/2023\/wp-json\/wp\/v2\/pages"}],"about":[{"href":"https:\/\/fsf.si\/2023\/wp-json\/wp\/v2\/types\/page"}],"author":[{"embeddable":true,"href":"https:\/\/fsf.si\/2023\/wp-json\/wp\/v2\/users\/1"}],"replies":[{"embeddable":true,"href":"https:\/\/fsf.si\/2023\/wp-json\/wp\/v2\/comments?post=3920"}],"version-history":[{"count":48,"href":"https:\/\/fsf.si\/2023\/wp-json\/wp\/v2\/pages\/3920\/revisions"}],"predecessor-version":[{"id":25833,"href":"https:\/\/fsf.si\/2023\/wp-json\/wp\/v2\/pages\/3920\/revisions\/25833"}],"wp:attachment":[{"href":"https:\/\/fsf.si\/2023\/wp-json\/wp\/v2\/media?parent=3920"}],"curies":[{"name":"wp","href":"https:\/\/api.w.org\/{rel}","templated":true}]}}