{"id":4069,"date":"2019-06-07T15:20:14","date_gmt":"2019-06-07T15:20:14","guid":{"rendered":"http:\/\/www.fsf.si\/2019\/?page_id=4069"},"modified":"2023-09-21T11:01:56","modified_gmt":"2023-09-21T09:01:56","slug":"venues","status":"publish","type":"page","link":"https:\/\/fsf.si\/2023\/en\/venues\/","title":{"rendered":"Venues"},"content":{"rendered":"<div data-vc-full-width=\"true\" data-vc-full-width-init=\"false\" class=\"vc_row wpb_row vc_row-fluid vc_custom_1559921069942 vc_row-has-fill\" ><div class=\"wpb_column vc_column_container vc_col-sm-12\"><div class=\"vc_column-inner\"><div class=\"wpb_wrapper\">\n\t<div class=\"wpb_text_column wpb_content_element \" >\n\t\t<div class=\"wpb_wrapper\">\n\t\t\t<h2>AVDITORIJ PORTORO\u017d<\/h2>\n<h5><a href=\"https:\/\/www.google.com\/maps\/place\/Avditorij+Portoro%C5%BE+%E2%80%93+Portorose\/@45.5146013,13.5936091,17z\/data=!4m12!1m6!3m5!1s0x477b652607a8b4d9:0x5c39fe7fafd30d98!2sAvditorij+Portoro%C5%BE+%E2%80%93+Portorose!8m2!3d45.5146013!4d13.5957978!3m4!1s0x477b652607a8b4d9:0x5c39fe7fafd30d98!8m2!3d45.5146013!4d13.5957978\">Sen\u010dna pot 8 A, Portoro\u017e<\/a><\/h5>\n<hr \/>\n<div class=\"opis\"><b>Main Hall<\/b><br \/>\n<b>Green Hall<\/b><br \/>\n<b>White Hall:<\/b><\/div>\n<div><\/div>\n<div class=\"opis\"><b>Entrance Lobby<\/b><\/div>\n<ul>\n<li class=\"opis\">Festival Info Point (reception and accreditations);<\/li>\n<li class=\"opis\">Box Office.<\/li>\n<\/ul>\n<hr \/>\n<p>&nbsp;<\/p>\n<h2>MONFORT EXHIBITION SPACE<\/h2>\n<h5><a href=\"https:\/\/www.google.com\/maps\/place\/Obala+8,+6320+Portoro%C5%BE+-+Portorose\/@45.5143552,13.5790522,17z\/data=!3m1!4b1!4m5!3m4!1s0x477b7ad51e656b39:0x4102da05eb612fc1!8m2!3d45.5143552!4d13.5812409\">Obala 8, Portoro\u017e\u00a0<\/a><\/h5>\n<hr \/>\n<div class=\"opis\"><b>Stone Hall<\/b><br \/>\n<b>Timber Hall<\/b><\/div>\n<hr \/>\n<p>&nbsp;<\/p>\n<h2>KINO KOMUNA (LJUBLJANA)<\/h2>\n<h5><a href=\"https:\/\/www.google.com\/maps\/place\/Kino+Komuna\/@46.0522872,14.5005173,17z\/data=!3m1!4b1!4m5!3m4!1s0x47652d61a2b00001:0xc10310bdf8a65a07!8m2!3d46.0522872!4d14.502706\">Cankarjeva 1, Ljubljana\u00a0<\/a><\/h5>\n\n\t\t<\/div>\n\t<\/div>\n<\/div><\/div><\/div><\/div><div class=\"vc_row-full-width vc_clearfix\"><\/div>\n","protected":false},"excerpt":{"rendered":"AVDITORIJ PORTORO\u017d Sen\u010dna pot 8 A, Portoro\u017e Main Hall Green Hall White Hall: Entrance Lobby Festival Info [...]","protected":false},"author":1,"featured_media":0,"parent":0,"menu_order":0,"comment_status":"closed","ping_status":"closed","template":"","meta":[],"acf":[],"yoast_head":"<!-- This site is optimized with the Yoast SEO plugin v19.7.1 - https:\/\/yoast.com\/wordpress\/plugins\/seo\/ -->\n<title>Venues - FSF<\/title>\n<meta name=\"robots\" content=\"index, follow, max-snippet:-1, max-image-preview:large, max-video-preview:-1\" \/>\n<link rel=\"canonical\" href=\"https:\/\/fsf.si\/2023\/venues\/\" \/>\n<meta property=\"og:locale\" content=\"sl_SI\" \/>\n<meta property=\"og:type\" content=\"article\" \/>\n<meta property=\"og:title\" content=\"Venues - FSF\" \/>\n<meta property=\"og:url\" content=\"https:\/\/fsf.si\/2023\/en\/venues\/\" \/>\n<meta property=\"og:site_name\" content=\"FSF\" \/>\n<meta property=\"article:modified_time\" content=\"2023-09-21T09:01:56+00:00\" \/>\n<meta name=\"twitter:card\" content=\"summary_large_image\" \/>\n<meta name=\"twitter:label1\" content=\"Est. reading time\" \/>\n\t<meta name=\"twitter:data1\" content=\"1 minuta\" \/>\n<script type=\"application\/ld+json\" class=\"yoast-schema-graph\">{\"@context\":\"https:\/\/schema.org\",\"@graph\":[{\"@type\":\"WebPage\",\"@id\":\"https:\/\/fsf.si\/2023\/en\/venues\/\",\"url\":\"https:\/\/fsf.si\/2023\/en\/venues\/\",\"name\":\"Venues - FSF\",\"isPartOf\":{\"@id\":\"https:\/\/fsf.si\/2023\/#website\"},\"datePublished\":\"2019-06-07T15:20:14+00:00\",\"dateModified\":\"2023-09-21T09:01:56+00:00\",\"breadcrumb\":{\"@id\":\"https:\/\/fsf.si\/2023\/en\/venues\/#breadcrumb\"},\"inLanguage\":\"sl-SI\",\"potentialAction\":[{\"@type\":\"ReadAction\",\"target\":[\"https:\/\/fsf.si\/2023\/en\/venues\/\"]}]},{\"@type\":\"BreadcrumbList\",\"@id\":\"https:\/\/fsf.si\/2023\/en\/venues\/#breadcrumb\",\"itemListElement\":[{\"@type\":\"ListItem\",\"position\":1,\"name\":\"Home\",\"item\":\"https:\/\/fsf.si\/2023\/\"},{\"@type\":\"ListItem\",\"position\":2,\"name\":\"Venues\"}]},{\"@type\":\"WebSite\",\"@id\":\"https:\/\/fsf.si\/2023\/#website\",\"url\":\"https:\/\/fsf.si\/2023\/\",\"name\":\"FSF\",\"description\":\"Festival Slovenskega Filma\",\"publisher\":{\"@id\":\"https:\/\/fsf.si\/2023\/#organization\"},\"potentialAction\":[{\"@type\":\"SearchAction\",\"target\":{\"@type\":\"EntryPoint\",\"urlTemplate\":\"https:\/\/fsf.si\/2023\/?s={search_term_string}\"},\"query-input\":\"required name=search_term_string\"}],\"inLanguage\":\"sl-SI\"},{\"@type\":\"Organization\",\"@id\":\"https:\/\/fsf.si\/2023\/#organization\",\"name\":\"Festival Slovenskega Filma\",\"url\":\"https:\/\/fsf.si\/2023\/\",\"sameAs\":[],\"logo\":{\"@type\":\"ImageObject\",\"inLanguage\":\"sl-SI\",\"@id\":\"https:\/\/fsf.si\/2023\/#\/schema\/logo\/image\/\",\"url\":\"https:\/\/fsf.si\/2023\/wp-content\/uploads\/2019\/06\/Slider-FSF.png\",\"contentUrl\":\"https:\/\/fsf.si\/2023\/wp-content\/uploads\/2019\/06\/Slider-FSF.png\",\"width\":4800,\"height\":1600,\"caption\":\"Festival Slovenskega Filma\"},\"image\":{\"@id\":\"https:\/\/fsf.si\/2023\/#\/schema\/logo\/image\/\"}}]}<\/script>\n<!-- \/ Yoast SEO plugin. -->","yoast_head_json":{"title":"Venues - FSF","robots":{"index":"index","follow":"follow","max-snippet":"max-snippet:-1","max-image-preview":"max-image-preview:large","max-video-preview":"max-video-preview:-1"},"canonical":"https:\/\/fsf.si\/2023\/venues\/","og_locale":"sl_SI","og_type":"article","og_title":"Venues - FSF","og_url":"https:\/\/fsf.si\/2023\/en\/venues\/","og_site_name":"FSF","article_modified_time":"2023-09-21T09:01:56+00:00","twitter_card":"summary_large_image","twitter_misc":{"Est. reading time":"1 minuta"},"schema":{"@context":"https:\/\/schema.org","@graph":[{"@type":"WebPage","@id":"https:\/\/fsf.si\/2023\/en\/venues\/","url":"https:\/\/fsf.si\/2023\/en\/venues\/","name":"Venues - FSF","isPartOf":{"@id":"https:\/\/fsf.si\/2023\/#website"},"datePublished":"2019-06-07T15:20:14+00:00","dateModified":"2023-09-21T09:01:56+00:00","breadcrumb":{"@id":"https:\/\/fsf.si\/2023\/en\/venues\/#breadcrumb"},"inLanguage":"sl-SI","potentialAction":[{"@type":"ReadAction","target":["https:\/\/fsf.si\/2023\/en\/venues\/"]}]},{"@type":"BreadcrumbList","@id":"https:\/\/fsf.si\/2023\/en\/venues\/#breadcrumb","itemListElement":[{"@type":"ListItem","position":1,"name":"Home","item":"https:\/\/fsf.si\/2023\/"},{"@type":"ListItem","position":2,"name":"Venues"}]},{"@type":"WebSite","@id":"https:\/\/fsf.si\/2023\/#website","url":"https:\/\/fsf.si\/2023\/","name":"FSF","description":"Festival Slovenskega Filma","publisher":{"@id":"https:\/\/fsf.si\/2023\/#organization"},"potentialAction":[{"@type":"SearchAction","target":{"@type":"EntryPoint","urlTemplate":"https:\/\/fsf.si\/2023\/?s={search_term_string}"},"query-input":"required name=search_term_string"}],"inLanguage":"sl-SI"},{"@type":"Organization","@id":"https:\/\/fsf.si\/2023\/#organization","name":"Festival Slovenskega Filma","url":"https:\/\/fsf.si\/2023\/","sameAs":[],"logo":{"@type":"ImageObject","inLanguage":"sl-SI","@id":"https:\/\/fsf.si\/2023\/#\/schema\/logo\/image\/","url":"https:\/\/fsf.si\/2023\/wp-content\/uploads\/2019\/06\/Slider-FSF.png","contentUrl":"https:\/\/fsf.si\/2023\/wp-content\/uploads\/2019\/06\/Slider-FSF.png","width":4800,"height":1600,"caption":"Festival Slovenskega Filma"},"image":{"@id":"https:\/\/fsf.si\/2023\/#\/schema\/logo\/image\/"}}]}},"_links":{"self":[{"href":"https:\/\/fsf.si\/2023\/wp-json\/wp\/v2\/pages\/4069"}],"collection":[{"href":"https:\/\/fsf.si\/2023\/wp-json\/wp\/v2\/pages"}],"about":[{"href":"https:\/\/fsf.si\/2023\/wp-json\/wp\/v2\/types\/page"}],"author":[{"embeddable":true,"href":"https:\/\/fsf.si\/2023\/wp-json\/wp\/v2\/users\/1"}],"replies":[{"embeddable":true,"href":"https:\/\/fsf.si\/2023\/wp-json\/wp\/v2\/comments?post=4069"}],"version-history":[{"count":11,"href":"https:\/\/fsf.si\/2023\/wp-json\/wp\/v2\/pages\/4069\/revisions"}],"predecessor-version":[{"id":25171,"href":"https:\/\/fsf.si\/2023\/wp-json\/wp\/v2\/pages\/4069\/revisions\/25171"}],"wp:attachment":[{"href":"https:\/\/fsf.si\/2023\/wp-json\/wp\/v2\/media?parent=4069"}],"curies":[{"name":"wp","href":"https:\/\/api.w.org\/{rel}","templated":true}]}}