{"id":4078,"date":"2019-06-07T15:29:53","date_gmt":"2019-06-07T15:29:53","guid":{"rendered":"http:\/\/www.fsf.si\/2019\/?page_id=4078"},"modified":"2023-10-08T10:08:25","modified_gmt":"2023-10-08T08:08:25","slug":"metod-badjura-lifetime-achievement-award","status":"publish","type":"page","link":"https:\/\/fsf.si\/2023\/en\/metod-badjura-lifetime-achievement-award\/","title":{"rendered":"Milka and Metod Badjura Lifetime Achievement Award"},"content":{"rendered":"<div class=\"vc_row wpb_row vc_row-fluid jury-team-item wpb_animate_when_almost_visible wpb_fadeInRightBig fadeInRightBig\" ><div class=\"wpb_column vc_column_container vc_col-sm-12\"><div class=\"vc_column-inner\"><div class=\"wpb_wrapper\">\n\t<div class=\"wpb_text_column wpb_content_element \" >\n\t\t<div class=\"wpb_wrapper\">\n\t\t\t<p style=\"text-align: justify;\"><strong>Rado Likon <\/strong><br \/>\n<strong>Recipient of the 2023 Milka and Metod Badjura Lifetime Achievement Award<\/strong><\/p>\n<p style=\"text-align: justify;\">Rado Likon, the first Slovenian graduate of the prestigious FAMU film school in Prague, is a director of photography whose immense talent and dedication have left a strong mark on the Slovenian cinema and TV landscapes. The Milka and Metod Badjura Award comes in recognition of his contribution to Slovenian cinema and Slovenian film heritage.<br \/>\nIn the late 1970s, Likon worked with a generation of filmmakers, including Rajko Grli\u0107, Lordan Zafranovi\u0107, Goran Paskaljevi\u0107, Goran Markovi\u0107 and Emir Kusturica, who radically transformed Yugoslav cinema. His academic background helped Likon become one of the highly skilled DoPs who steered a new course for Slovenian cinema.<\/p>\n\n\t\t<\/div>\n\t<\/div>\n<div class=\"vc_row wpb_row vc_inner vc_row-fluid\" ><div class=\"wpb_column vc_column_container vc_col-sm-8\"><div class=\"vc_column-inner\"><div class=\"wpb_wrapper\">\n\t<div class=\"wpb_text_column wpb_content_element \" >\n\t\t<div class=\"wpb_wrapper\">\n\t\t\t<p style=\"text-align: justify;\">Born in Ljubljana on 13 January 1949, Rado Likon joined the Slovenian professional filmmaking community just after obtaining his master\u2019s degree in cinematography from FAMU, Prague. His body of work falls into two periods of film history: shooting on film stock and contemporary digital filmmaking. As a DoP, Likon worked on more than 70 films \u2013 fiction features, shorts, documentaries and TV films, making his mark in legendary feature-length films such as <em>A Summer in a Sea Shell I and II, The Years of Decision, Displaced Person, and Christophoros<\/em>. Among his TV credits, the series <em>Primo\u017e Trubar<\/em> and <em>Julius Kugy<\/em> stand out for his ability to captivate the audience with his striking light atmosphere and to create an authentic feel of the Slovenian mountains. His versatility can also be admired in puppet films, especially the beloved series Zverinice iz Rezije. In recent years, his DoP and producer credits include the feature films Ita Rina, a Film Star <em>Who Declined an Invitation to Hollywood<\/em>, and Cankar. He was also the DoP on two 2022 feature-length releases, <em>Wracked Piano<\/em> and <strong>A World Beneath a Dark Lid.<\/strong><\/p>\n\n\t\t<\/div>\n\t<\/div>\n<\/div><\/div><\/div><div class=\"wpb_column vc_column_container vc_col-sm-4\"><div class=\"vc_column-inner\"><div class=\"wpb_wrapper\">\n\t<div  class=\"wpb_single_image wpb_content_element vc_align_left\">\n\t\t\n\t\t<figure class=\"wpb_wrapper vc_figure\">\n\t\t\t<div class=\"vc_single_image-wrapper   vc_box_border_grey\"><img width=\"4368\" height=\"2912\" src=\"https:\/\/fsf.si\/2023\/wp-content\/uploads\/2023\/08\/Rado-Likon_osebni-arhiv.jpg\" class=\"vc_single_image-img attachment-full\" alt=\"\" loading=\"lazy\" \/><\/div>\n\t\t<\/figure>\n\t<\/div>\n<\/div><\/div><\/div><\/div>\n\t<div class=\"wpb_text_column wpb_content_element \" >\n\t\t<div class=\"wpb_wrapper\">\n\t\t\t<p style=\"text-align: justify;\">Likon has received a number of awards, most notably the 1982 Goden Arena for cinematography for Displaced Person at the Pula festival, and the Slovene Association of Cinematographers\u2019 IRIS 2022 award for cinematography in a feature documentary for A World Beneath a Dark Lid.<br \/>\nHis discipline and creativity have been vital to complex shots that go from a play of light and shadow to dynamic shots in which the camera passes over the invisible axis, capturing the actors from various angles. Likon is also a master of making artistic shots of landscapes, traditions and faces of the people of Slovenia. Always in harmony with the narrative, regardless of the topic or filming technique, his cinematography has had an impact on cinema and TV audiences alike.<br \/>\nIn addition to his extraordinary achievements in cinema, Rado Likon is also a highly esteemed educator. After years of serving as a professor at the Ljubljana Academy of Theatre, Radio, Film, and Television, he now shares his knowledge and valuable experience in film and video technology at the University of Nova Gorica School of Arts. He is a member of the Slovene Association of Cinematographers (ZFS). His commitment to film heritage preservation shows in his passionate collaboration in the restoration and digitalisation of Slovenian films. This is his way of not only growing his understanding of, and connection with the art of filmmaking, but also making an important, nationally significant contribution to preserving Slovenia\u2019s extensive film heritage.<br \/>\nIt is with great pride and respect that we present the prestigious Milka and Metod Badjura Award to Rado Likon in recognition of his invaluable contribution to the Slovenian film landscape.<\/p>\n<p style=\"text-align: justify;\"><strong>The judges for the 2023 Milka and Metod Badjura Award<\/strong>: Lija Poga\u010dnik, \u0160pela \u010cade\u017e, Sonja Prosenc, Andrej Ko\u0161ak, Milena Zupan\u010di\u010d<\/p>\n\n\t\t<\/div>\n\t<\/div>\n<\/div><\/div><\/div><\/div><div class=\"vc_row wpb_row vc_row-fluid\" ><div class=\"wpb_column vc_column_container vc_col-sm-12\"><div class=\"vc_column-inner\"><div class=\"wpb_wrapper\"><div class=\"vc_row wpb_row vc_inner vc_row-fluid jury-team-item vc_custom_1559922898698\" ><div class=\"wpb_column vc_column_container vc_col-sm-12\"><div class=\"vc_column-inner\"><div class=\"wpb_wrapper\"><div class=\"edgtf-iwt clearfix  edgtf-iwt-icon-left edgtf-iwt-icon-medium\">\n\t<div class=\"edgtf-iwt-icon\">\n\t\t\t\t\t<a itemprop=\"url\" href=\"https:\/\/fsf.si\/2023\/wp-content\/uploads\/2023\/09\/ang_zivljenjepis.docx\" target=\"_self\">\n\t\t\t\t\t\t\t\t\t    <span class=\"edgtf-icon-shortcode edgtf-normal   edgtf-icon-medium\"  >\n                    <i class=\"edgtf-icon-font-awesome fa fa-file-pdf edgtf-icon-element\" style=\"\" ><\/i>            <\/span>\n\t\t\t\t\t\t\t\t<\/a>\n\t\t\t<\/div>\n\t<div class=\"edgtf-iwt-content\" >\n\t\t\t\t\t<h5 class=\"edgtf-iwt-title\" >\n\t\t\t\t\t\t\t\t\t<a itemprop=\"url\" href=\"https:\/\/fsf.si\/2023\/wp-content\/uploads\/2023\/09\/ang_zivljenjepis.docx\" target=\"_self\">\n\t\t\t\t\t\t\t\t<span class=\"edgtf-iwt-title-text\">Resume Rado Likon, director of photography, ZFS<\/span>\n\t\t\t\t\t\t\t\t\t<\/a>\n\t\t\t\t\t\t\t<\/h5>\n\t\t\t\t\t\t\t<p class=\"edgtf-iwt-text\" >(0,020MB)<\/p>\n\t\t\t<\/div>\n<\/div><\/div><\/div><\/div><\/div><\/div><\/div><\/div><\/div>\n","protected":false},"excerpt":{"rendered":"Rado Likon Recipient of the 2023 Milka and Metod Badjura Lifetime Achievement Award Rado Likon, the first [...]","protected":false},"author":1,"featured_media":0,"parent":0,"menu_order":0,"comment_status":"closed","ping_status":"closed","template":"","meta":[],"acf":[],"yoast_head":"<!-- This site is optimized with the Yoast SEO plugin v19.7.1 - https:\/\/yoast.com\/wordpress\/plugins\/seo\/ -->\n<title>Milka and Metod Badjura Lifetime Achievement Award - FSF<\/title>\n<meta name=\"robots\" content=\"index, follow, max-snippet:-1, max-image-preview:large, max-video-preview:-1\" \/>\n<link rel=\"canonical\" href=\"https:\/\/fsf.si\/2023\/metod-badjura-lifetime-achievement-award\/\" \/>\n<meta property=\"og:locale\" content=\"sl_SI\" \/>\n<meta property=\"og:type\" content=\"article\" \/>\n<meta property=\"og:title\" content=\"Milka and Metod Badjura Lifetime Achievement Award - FSF\" \/>\n<meta property=\"og:url\" content=\"https:\/\/fsf.si\/2023\/en\/metod-badjura-lifetime-achievement-award\/\" \/>\n<meta property=\"og:site_name\" content=\"FSF\" \/>\n<meta property=\"article:modified_time\" content=\"2023-10-08T08:08:25+00:00\" \/>\n<meta name=\"twitter:card\" content=\"summary_large_image\" \/>\n<meta name=\"twitter:label1\" content=\"Est. reading time\" \/>\n\t<meta name=\"twitter:data1\" content=\"4 minute\" \/>\n<script type=\"application\/ld+json\" class=\"yoast-schema-graph\">{\"@context\":\"https:\/\/schema.org\",\"@graph\":[{\"@type\":\"WebPage\",\"@id\":\"https:\/\/fsf.si\/2023\/en\/metod-badjura-lifetime-achievement-award\/\",\"url\":\"https:\/\/fsf.si\/2023\/en\/metod-badjura-lifetime-achievement-award\/\",\"name\":\"Milka and Metod Badjura Lifetime Achievement Award - FSF\",\"isPartOf\":{\"@id\":\"https:\/\/fsf.si\/2023\/#website\"},\"datePublished\":\"2019-06-07T15:29:53+00:00\",\"dateModified\":\"2023-10-08T08:08:25+00:00\",\"breadcrumb\":{\"@id\":\"https:\/\/fsf.si\/2023\/en\/metod-badjura-lifetime-achievement-award\/#breadcrumb\"},\"inLanguage\":\"sl-SI\",\"potentialAction\":[{\"@type\":\"ReadAction\",\"target\":[\"https:\/\/fsf.si\/2023\/en\/metod-badjura-lifetime-achievement-award\/\"]}]},{\"@type\":\"BreadcrumbList\",\"@id\":\"https:\/\/fsf.si\/2023\/en\/metod-badjura-lifetime-achievement-award\/#breadcrumb\",\"itemListElement\":[{\"@type\":\"ListItem\",\"position\":1,\"name\":\"Home\",\"item\":\"https:\/\/fsf.si\/2023\/\"},{\"@type\":\"ListItem\",\"position\":2,\"name\":\"Milka and Metod Badjura Lifetime Achievement Award\"}]},{\"@type\":\"WebSite\",\"@id\":\"https:\/\/fsf.si\/2023\/#website\",\"url\":\"https:\/\/fsf.si\/2023\/\",\"name\":\"FSF\",\"description\":\"Festival Slovenskega Filma\",\"publisher\":{\"@id\":\"https:\/\/fsf.si\/2023\/#organization\"},\"potentialAction\":[{\"@type\":\"SearchAction\",\"target\":{\"@type\":\"EntryPoint\",\"urlTemplate\":\"https:\/\/fsf.si\/2023\/?s={search_term_string}\"},\"query-input\":\"required name=search_term_string\"}],\"inLanguage\":\"sl-SI\"},{\"@type\":\"Organization\",\"@id\":\"https:\/\/fsf.si\/2023\/#organization\",\"name\":\"Festival Slovenskega Filma\",\"url\":\"https:\/\/fsf.si\/2023\/\",\"sameAs\":[],\"logo\":{\"@type\":\"ImageObject\",\"inLanguage\":\"sl-SI\",\"@id\":\"https:\/\/fsf.si\/2023\/#\/schema\/logo\/image\/\",\"url\":\"https:\/\/fsf.si\/2023\/wp-content\/uploads\/2019\/06\/Slider-FSF.png\",\"contentUrl\":\"https:\/\/fsf.si\/2023\/wp-content\/uploads\/2019\/06\/Slider-FSF.png\",\"width\":4800,\"height\":1600,\"caption\":\"Festival Slovenskega Filma\"},\"image\":{\"@id\":\"https:\/\/fsf.si\/2023\/#\/schema\/logo\/image\/\"}}]}<\/script>\n<!-- \/ Yoast SEO plugin. -->","yoast_head_json":{"title":"Milka and Metod Badjura Lifetime Achievement Award - FSF","robots":{"index":"index","follow":"follow","max-snippet":"max-snippet:-1","max-image-preview":"max-image-preview:large","max-video-preview":"max-video-preview:-1"},"canonical":"https:\/\/fsf.si\/2023\/metod-badjura-lifetime-achievement-award\/","og_locale":"sl_SI","og_type":"article","og_title":"Milka and Metod Badjura Lifetime Achievement Award - FSF","og_url":"https:\/\/fsf.si\/2023\/en\/metod-badjura-lifetime-achievement-award\/","og_site_name":"FSF","article_modified_time":"2023-10-08T08:08:25+00:00","twitter_card":"summary_large_image","twitter_misc":{"Est. reading time":"4 minute"},"schema":{"@context":"https:\/\/schema.org","@graph":[{"@type":"WebPage","@id":"https:\/\/fsf.si\/2023\/en\/metod-badjura-lifetime-achievement-award\/","url":"https:\/\/fsf.si\/2023\/en\/metod-badjura-lifetime-achievement-award\/","name":"Milka and Metod Badjura Lifetime Achievement Award - FSF","isPartOf":{"@id":"https:\/\/fsf.si\/2023\/#website"},"datePublished":"2019-06-07T15:29:53+00:00","dateModified":"2023-10-08T08:08:25+00:00","breadcrumb":{"@id":"https:\/\/fsf.si\/2023\/en\/metod-badjura-lifetime-achievement-award\/#breadcrumb"},"inLanguage":"sl-SI","potentialAction":[{"@type":"ReadAction","target":["https:\/\/fsf.si\/2023\/en\/metod-badjura-lifetime-achievement-award\/"]}]},{"@type":"BreadcrumbList","@id":"https:\/\/fsf.si\/2023\/en\/metod-badjura-lifetime-achievement-award\/#breadcrumb","itemListElement":[{"@type":"ListItem","position":1,"name":"Home","item":"https:\/\/fsf.si\/2023\/"},{"@type":"ListItem","position":2,"name":"Milka and Metod Badjura Lifetime Achievement Award"}]},{"@type":"WebSite","@id":"https:\/\/fsf.si\/2023\/#website","url":"https:\/\/fsf.si\/2023\/","name":"FSF","description":"Festival Slovenskega Filma","publisher":{"@id":"https:\/\/fsf.si\/2023\/#organization"},"potentialAction":[{"@type":"SearchAction","target":{"@type":"EntryPoint","urlTemplate":"https:\/\/fsf.si\/2023\/?s={search_term_string}"},"query-input":"required name=search_term_string"}],"inLanguage":"sl-SI"},{"@type":"Organization","@id":"https:\/\/fsf.si\/2023\/#organization","name":"Festival Slovenskega Filma","url":"https:\/\/fsf.si\/2023\/","sameAs":[],"logo":{"@type":"ImageObject","inLanguage":"sl-SI","@id":"https:\/\/fsf.si\/2023\/#\/schema\/logo\/image\/","url":"https:\/\/fsf.si\/2023\/wp-content\/uploads\/2019\/06\/Slider-FSF.png","contentUrl":"https:\/\/fsf.si\/2023\/wp-content\/uploads\/2019\/06\/Slider-FSF.png","width":4800,"height":1600,"caption":"Festival Slovenskega Filma"},"image":{"@id":"https:\/\/fsf.si\/2023\/#\/schema\/logo\/image\/"}}]}},"_links":{"self":[{"href":"https:\/\/fsf.si\/2023\/wp-json\/wp\/v2\/pages\/4078"}],"collection":[{"href":"https:\/\/fsf.si\/2023\/wp-json\/wp\/v2\/pages"}],"about":[{"href":"https:\/\/fsf.si\/2023\/wp-json\/wp\/v2\/types\/page"}],"author":[{"embeddable":true,"href":"https:\/\/fsf.si\/2023\/wp-json\/wp\/v2\/users\/1"}],"replies":[{"embeddable":true,"href":"https:\/\/fsf.si\/2023\/wp-json\/wp\/v2\/comments?post=4078"}],"version-history":[{"count":25,"href":"https:\/\/fsf.si\/2023\/wp-json\/wp\/v2\/pages\/4078\/revisions"}],"predecessor-version":[{"id":25805,"href":"https:\/\/fsf.si\/2023\/wp-json\/wp\/v2\/pages\/4078\/revisions\/25805"}],"wp:attachment":[{"href":"https:\/\/fsf.si\/2023\/wp-json\/wp\/v2\/media?parent=4078"}],"curies":[{"name":"wp","href":"https:\/\/api.w.org\/{rel}","templated":true}]}}