{"id":4201,"date":"2019-06-07T16:48:14","date_gmt":"2019-06-07T16:48:14","guid":{"rendered":"http:\/\/www.fsf.si\/2019\/?page_id=4201"},"modified":"2023-10-08T10:09:09","modified_gmt":"2023-10-08T08:09:09","slug":"nagrada-milke-in-metoda-badjure","status":"publish","type":"page","link":"https:\/\/fsf.si\/2023\/nagrada-milke-in-metoda-badjure\/","title":{"rendered":"Nagrada Milke in Metoda Badjure"},"content":{"rendered":"<div class=\"vc_row wpb_row vc_row-fluid jury-team-item wpb_animate_when_almost_visible wpb_fadeInRightBig fadeInRightBig\" ><div class=\"wpb_column vc_column_container vc_col-sm-12\"><div class=\"vc_column-inner\"><div class=\"wpb_wrapper\">\n\t<div class=\"wpb_text_column wpb_content_element \" >\n\t\t<div class=\"wpb_wrapper\">\n\t\t\t<p style=\"text-align: justify;\"><strong>Rado Likon <\/strong><br \/>\n<strong>Prejemnik nagrade Milke in Metoda Badjure za \u017eivljenjsko delo 2023<\/strong><\/p>\n<p style=\"text-align: justify;\">Direktor fotografije Rado Likon, prvi slovenski diplomant presti\u017ene pra\u0161ke filmske akademije FAMU, je s svojim neizmernim talentom in predanostjo zaznamoval slovensko kinematografijo in televizijski svet. Podelitev nagrade Milke in Metoda Badjure je priznanje za njegov prispevek k slovenskemu filmu in filmski dedi\u0161\u010dini.<br \/>\nV drugi polovici 70. let je skupaj z re\u017eisersko generacijo, ki je vklju\u010devala Rajka Grli\u0107a, Lordana Zafranovi\u0107a, Gorana Paskaljevi\u0107a, Gorana Markovi\u0107a in Emirja Kusturico, radikalno spremenil jugoslovanski film. S svojo izobrazbo se je Likon vpisal med izurjene direktorje fotografije, ki so popeljali slovenski film v novo smer.<\/p>\n\n\t\t<\/div>\n\t<\/div>\n<div class=\"vc_row wpb_row vc_inner vc_row-fluid\" ><div class=\"wpb_column vc_column_container vc_col-sm-8\"><div class=\"vc_column-inner\"><div class=\"wpb_wrapper\">\n\t<div class=\"wpb_text_column wpb_content_element \" >\n\t\t<div class=\"wpb_wrapper\">\n\t\t\t<p style=\"text-align: justify;\">Rado Likon, rojen 13. januarja 1949 v Ljubljani, se je po magisteriju iz filmske in televizijske kamere na pra\u0161ki FAMU takoj vklju\u010dil v profesionalno produkcijo slovenskega filma. Njegovo delo se razteza v dve \u010dasovni obdobji: klasi\u010dno filmsko snemanje na trak in sodobno digitalno produkcijo. V vlogi direktorja fotografije je sodeloval pri ve\u010d kot 70 filmih \u2013 celove\u010dercih, kratkih filmih, dokumentarcih ter televizijskih delih. V slovenskem celove\u010dernem filmu je pe\u010dat direktorja fotografije pustil v legendarnih filmih, kot so <em>Poletje v \u0161koljki I in II, Leta odlo\u010ditve, Razseljena oseba<\/em> in <em>Christophoros<\/em>. Med televizijskimi deli izstopata nadaljevanki <em>Primo\u017e Trubar<\/em> in <em>Julius Kugy<\/em>, v katerih je s svetlobno atmosfero o\u010daral gledalce ter ustvaril pristno vzdu\u0161je slovenskega visokogorja. Likon je svojo vsestranskost pokazal tudi na podro\u010dju lutkovnega filma, zlasti s priljubljenimi Zverinicami iz Rezije. V zadnjih letih se je kot direktor fotografije in producent izkazal pri celove\u010dernih filmih Ita Rina \u2013 filmska zvezda, ki je zavrnila Hollywood in Cankar, leta 2022 pa je imel dve premieri s celove\u010dernima filmoma <em>Po\u0161vedrani klavir<\/em> in <em>Temni pokrov sveta.<\/em><\/p>\n\n\t\t<\/div>\n\t<\/div>\n<\/div><\/div><\/div><div class=\"wpb_column vc_column_container vc_col-sm-4\"><div class=\"vc_column-inner\"><div class=\"wpb_wrapper\">\n\t<div  class=\"wpb_single_image wpb_content_element vc_align_left\">\n\t\t\n\t\t<figure class=\"wpb_wrapper vc_figure\">\n\t\t\t<div class=\"vc_single_image-wrapper   vc_box_border_grey\"><img width=\"4368\" height=\"2912\" src=\"https:\/\/fsf.si\/2023\/wp-content\/uploads\/2023\/08\/Rado-Likon_osebni-arhiv.jpg\" class=\"vc_single_image-img attachment-full\" alt=\"\" loading=\"lazy\" \/><\/div>\n\t\t<\/figure>\n\t<\/div>\n<\/div><\/div><\/div><\/div>\n\t<div class=\"wpb_text_column wpb_content_element \" >\n\t\t<div class=\"wpb_wrapper\">\n\t\t\t<p style=\"text-align: justify;\">Od pomembnej\u0161ih nagrad je leta 1982 na festivalu v Pulju prejel zlato areno za kamero pri filmu Razseljena oseba, letos pa je prejel pomembno stanovsko nagrado IRIS 2022 za fotografijo v celove\u010dernem dokumentarnem filmu Temni pokrov sveta.<br \/>\nNjegova discipliniranost in ustvarjalnost sta klju\u010dna pri zapletenih posnetkih, ki segajo od igre svetlobe in sence do dinami\u010dnih posnetkov, pri katerih kamera pre\u010dka snemalno os in ujame igralce z razli\u010dnih zornih kotov. Likon je mojster ustvarjanja umetni\u0161kih posnetkov, ki zajemajo pokrajine, obi\u010daje ter obraze slovenskih ljudi. Njegova filmska fotografija je vedno sovpadala s pripovedjo, ne glede na temo ali tehniko snemanja, njegov vpliv pa se je raz\u0161iril tako na kinematografsko kot televizijsko ob\u010dinstvo.<br \/>\nPoleg svojih izjemnih filmskih dose\u017ekov pa je Rado Likon tudi cenjen pedagog. Ve\u010d let je predaval na AGRFT, \u0161e vedno pa predaja svoje znanje in dragocene izku\u0161nje na podroc\u030cju filmske in video tehnike na Akademiji umetnosti Univerze v Novi Gorici (UNG-AU). Je \u010dlan Zdru\u017eenja filmskih snemalcev Slovenije (ZFS). Njegova zavezanost ohranjanju filmske dedi\u0161\u010dine se ka\u017ee v njegovem zavzetem sodelovanju pri restavriranju in digitalizaciji slovenskih filmov. S tem ne poglablja le svojega razumevanja in povezanosti s filmsko umetnostjo, temve\u010d predvsem pomembno prispeva k ohranjanju na\u0161e bogate filmske dedi\u0161\u010dine in ima zato izjemen nacionalni pomen.<br \/>\nZ velikim ponosom in spo\u0161tovanjem podeljujemo Radu Likonu presti\u017eno nagrado Milke in Metoda Badjure kot priznanje za njegov izjemni prispevek k slovenskemu filmskemu svetu.<\/p>\n<p><strong>\u010clani in \u010dlanice komisije za nagrado Milke in Metoda Badjure v letu 2023<\/strong>: Lija Poga\u010dnik, \u0160pela \u010cade\u017e, Sonja Prosenc, Andrej Ko\u0161ak, Milena Zupan\u010di\u010d<\/p>\n\n\t\t<\/div>\n\t<\/div>\n<\/div><\/div><\/div><\/div><div class=\"vc_row wpb_row vc_row-fluid\" ><div class=\"wpb_column vc_column_container vc_col-sm-12\"><div class=\"vc_column-inner\"><div class=\"wpb_wrapper\"><div class=\"vc_row wpb_row vc_inner vc_row-fluid jury-team-item vc_custom_1559922898698\" ><div class=\"wpb_column vc_column_container vc_col-sm-12\"><div class=\"vc_column-inner\"><div class=\"wpb_wrapper\"><div class=\"edgtf-iwt clearfix  edgtf-iwt-icon-left edgtf-iwt-icon-medium\">\n\t<div class=\"edgtf-iwt-icon\">\n\t\t\t\t\t<a itemprop=\"url\" href=\"https:\/\/fsf.si\/2023\/wp-content\/uploads\/2023\/09\/slo_zivljenjepis.docx\" target=\"_self\">\n\t\t\t\t\t\t\t\t\t    <span class=\"edgtf-icon-shortcode edgtf-normal   edgtf-icon-medium\"  >\n                    <i class=\"edgtf-icon-font-awesome fa fa-file-pdf edgtf-icon-element\" style=\"\" ><\/i>            <\/span>\n\t\t\t\t\t\t\t\t<\/a>\n\t\t\t<\/div>\n\t<div class=\"edgtf-iwt-content\" >\n\t\t\t\t\t<h5 class=\"edgtf-iwt-title\" >\n\t\t\t\t\t\t\t\t\t<a itemprop=\"url\" href=\"https:\/\/fsf.si\/2023\/wp-content\/uploads\/2023\/09\/slo_zivljenjepis.docx\" target=\"_self\">\n\t\t\t\t\t\t\t\t<span class=\"edgtf-iwt-title-text\">\u017divljenjepis Rado Likon, direktor fotografije<\/span>\n\t\t\t\t\t\t\t\t\t<\/a>\n\t\t\t\t\t\t\t<\/h5>\n\t\t\t\t\t\t\t<p class=\"edgtf-iwt-text\" >(0,020MB)<\/p>\n\t\t\t<\/div>\n<\/div><\/div><\/div><\/div><\/div><\/div><\/div><\/div><\/div>\n","protected":false},"excerpt":{"rendered":"Rado Likon Prejemnik nagrade Milke in Metoda Badjure za \u017eivljenjsko delo 2023 Direktor fotografije Rado Likon, prvi [...]","protected":false},"author":1,"featured_media":0,"parent":0,"menu_order":0,"comment_status":"closed","ping_status":"closed","template":"","meta":[],"acf":[],"yoast_head":"<!-- This site is optimized with the Yoast SEO plugin v19.7.1 - https:\/\/yoast.com\/wordpress\/plugins\/seo\/ -->\n<title>Nagrada Milke in Metoda Badjure - FSF<\/title>\n<meta name=\"robots\" content=\"index, follow, max-snippet:-1, max-image-preview:large, max-video-preview:-1\" \/>\n<link rel=\"canonical\" href=\"https:\/\/fsf.si\/2023\/nagrada-milke-in-metoda-badjure\/\" \/>\n<meta property=\"og:locale\" content=\"sl_SI\" \/>\n<meta property=\"og:type\" content=\"article\" \/>\n<meta property=\"og:title\" content=\"Nagrada Milke in Metoda Badjure - FSF\" \/>\n<meta property=\"og:url\" content=\"https:\/\/fsf.si\/2023\/nagrada-milke-in-metoda-badjure\/\" \/>\n<meta property=\"og:site_name\" content=\"FSF\" \/>\n<meta property=\"article:modified_time\" content=\"2023-10-08T08:09:09+00:00\" \/>\n<meta name=\"twitter:card\" content=\"summary_large_image\" \/>\n<meta name=\"twitter:label1\" content=\"Est. reading time\" \/>\n\t<meta name=\"twitter:data1\" content=\"4 minute\" \/>\n<script type=\"application\/ld+json\" class=\"yoast-schema-graph\">{\"@context\":\"https:\/\/schema.org\",\"@graph\":[{\"@type\":\"WebPage\",\"@id\":\"https:\/\/fsf.si\/2023\/nagrada-milke-in-metoda-badjure\/\",\"url\":\"https:\/\/fsf.si\/2023\/nagrada-milke-in-metoda-badjure\/\",\"name\":\"Nagrada Milke in Metoda Badjure - FSF\",\"isPartOf\":{\"@id\":\"https:\/\/fsf.si\/2023\/#website\"},\"datePublished\":\"2019-06-07T16:48:14+00:00\",\"dateModified\":\"2023-10-08T08:09:09+00:00\",\"breadcrumb\":{\"@id\":\"https:\/\/fsf.si\/2023\/nagrada-milke-in-metoda-badjure\/#breadcrumb\"},\"inLanguage\":\"sl-SI\",\"potentialAction\":[{\"@type\":\"ReadAction\",\"target\":[\"https:\/\/fsf.si\/2023\/nagrada-milke-in-metoda-badjure\/\"]}]},{\"@type\":\"BreadcrumbList\",\"@id\":\"https:\/\/fsf.si\/2023\/nagrada-milke-in-metoda-badjure\/#breadcrumb\",\"itemListElement\":[{\"@type\":\"ListItem\",\"position\":1,\"name\":\"Home\",\"item\":\"https:\/\/fsf.si\/2023\/\"},{\"@type\":\"ListItem\",\"position\":2,\"name\":\"Nagrada Milke in Metoda Badjure\"}]},{\"@type\":\"WebSite\",\"@id\":\"https:\/\/fsf.si\/2023\/#website\",\"url\":\"https:\/\/fsf.si\/2023\/\",\"name\":\"FSF\",\"description\":\"Festival Slovenskega Filma\",\"publisher\":{\"@id\":\"https:\/\/fsf.si\/2023\/#organization\"},\"potentialAction\":[{\"@type\":\"SearchAction\",\"target\":{\"@type\":\"EntryPoint\",\"urlTemplate\":\"https:\/\/fsf.si\/2023\/?s={search_term_string}\"},\"query-input\":\"required name=search_term_string\"}],\"inLanguage\":\"sl-SI\"},{\"@type\":\"Organization\",\"@id\":\"https:\/\/fsf.si\/2023\/#organization\",\"name\":\"Festival Slovenskega Filma\",\"url\":\"https:\/\/fsf.si\/2023\/\",\"sameAs\":[],\"logo\":{\"@type\":\"ImageObject\",\"inLanguage\":\"sl-SI\",\"@id\":\"https:\/\/fsf.si\/2023\/#\/schema\/logo\/image\/\",\"url\":\"https:\/\/fsf.si\/2023\/wp-content\/uploads\/2019\/06\/Slider-FSF.png\",\"contentUrl\":\"https:\/\/fsf.si\/2023\/wp-content\/uploads\/2019\/06\/Slider-FSF.png\",\"width\":4800,\"height\":1600,\"caption\":\"Festival Slovenskega Filma\"},\"image\":{\"@id\":\"https:\/\/fsf.si\/2023\/#\/schema\/logo\/image\/\"}}]}<\/script>\n<!-- \/ Yoast SEO plugin. -->","yoast_head_json":{"title":"Nagrada Milke in Metoda Badjure - FSF","robots":{"index":"index","follow":"follow","max-snippet":"max-snippet:-1","max-image-preview":"max-image-preview:large","max-video-preview":"max-video-preview:-1"},"canonical":"https:\/\/fsf.si\/2023\/nagrada-milke-in-metoda-badjure\/","og_locale":"sl_SI","og_type":"article","og_title":"Nagrada Milke in Metoda Badjure - FSF","og_url":"https:\/\/fsf.si\/2023\/nagrada-milke-in-metoda-badjure\/","og_site_name":"FSF","article_modified_time":"2023-10-08T08:09:09+00:00","twitter_card":"summary_large_image","twitter_misc":{"Est. reading time":"4 minute"},"schema":{"@context":"https:\/\/schema.org","@graph":[{"@type":"WebPage","@id":"https:\/\/fsf.si\/2023\/nagrada-milke-in-metoda-badjure\/","url":"https:\/\/fsf.si\/2023\/nagrada-milke-in-metoda-badjure\/","name":"Nagrada Milke in Metoda Badjure - FSF","isPartOf":{"@id":"https:\/\/fsf.si\/2023\/#website"},"datePublished":"2019-06-07T16:48:14+00:00","dateModified":"2023-10-08T08:09:09+00:00","breadcrumb":{"@id":"https:\/\/fsf.si\/2023\/nagrada-milke-in-metoda-badjure\/#breadcrumb"},"inLanguage":"sl-SI","potentialAction":[{"@type":"ReadAction","target":["https:\/\/fsf.si\/2023\/nagrada-milke-in-metoda-badjure\/"]}]},{"@type":"BreadcrumbList","@id":"https:\/\/fsf.si\/2023\/nagrada-milke-in-metoda-badjure\/#breadcrumb","itemListElement":[{"@type":"ListItem","position":1,"name":"Home","item":"https:\/\/fsf.si\/2023\/"},{"@type":"ListItem","position":2,"name":"Nagrada Milke in Metoda Badjure"}]},{"@type":"WebSite","@id":"https:\/\/fsf.si\/2023\/#website","url":"https:\/\/fsf.si\/2023\/","name":"FSF","description":"Festival Slovenskega Filma","publisher":{"@id":"https:\/\/fsf.si\/2023\/#organization"},"potentialAction":[{"@type":"SearchAction","target":{"@type":"EntryPoint","urlTemplate":"https:\/\/fsf.si\/2023\/?s={search_term_string}"},"query-input":"required name=search_term_string"}],"inLanguage":"sl-SI"},{"@type":"Organization","@id":"https:\/\/fsf.si\/2023\/#organization","name":"Festival Slovenskega Filma","url":"https:\/\/fsf.si\/2023\/","sameAs":[],"logo":{"@type":"ImageObject","inLanguage":"sl-SI","@id":"https:\/\/fsf.si\/2023\/#\/schema\/logo\/image\/","url":"https:\/\/fsf.si\/2023\/wp-content\/uploads\/2019\/06\/Slider-FSF.png","contentUrl":"https:\/\/fsf.si\/2023\/wp-content\/uploads\/2019\/06\/Slider-FSF.png","width":4800,"height":1600,"caption":"Festival Slovenskega Filma"},"image":{"@id":"https:\/\/fsf.si\/2023\/#\/schema\/logo\/image\/"}}]}},"_links":{"self":[{"href":"https:\/\/fsf.si\/2023\/wp-json\/wp\/v2\/pages\/4201"}],"collection":[{"href":"https:\/\/fsf.si\/2023\/wp-json\/wp\/v2\/pages"}],"about":[{"href":"https:\/\/fsf.si\/2023\/wp-json\/wp\/v2\/types\/page"}],"author":[{"embeddable":true,"href":"https:\/\/fsf.si\/2023\/wp-json\/wp\/v2\/users\/1"}],"replies":[{"embeddable":true,"href":"https:\/\/fsf.si\/2023\/wp-json\/wp\/v2\/comments?post=4201"}],"version-history":[{"count":71,"href":"https:\/\/fsf.si\/2023\/wp-json\/wp\/v2\/pages\/4201\/revisions"}],"predecessor-version":[{"id":25806,"href":"https:\/\/fsf.si\/2023\/wp-json\/wp\/v2\/pages\/4201\/revisions\/25806"}],"wp:attachment":[{"href":"https:\/\/fsf.si\/2023\/wp-json\/wp\/v2\/media?parent=4201"}],"curies":[{"name":"wp","href":"https:\/\/api.w.org\/{rel}","templated":true}]}}