{"id":4645,"date":"2019-06-07T16:56:28","date_gmt":"2019-06-07T16:56:28","guid":{"rendered":"http:\/\/www.fsf.si\/2019\/?page_id=4645"},"modified":"2023-10-08T22:10:16","modified_gmt":"2023-10-08T20:10:16","slug":"nagrade","status":"publish","type":"page","link":"https:\/\/fsf.si\/2023\/nagrade\/","title":{"rendered":"Nagrade"},"content":{"rendered":"<div class=\"vc_row wpb_row vc_row-fluid wpb_animate_when_almost_visible wpb_lightSpeedIn lightSpeedIn vc_custom_1633336772343 vc_row-has-fill edgtf-content-aligment-left\" ><div class=\"wpb_column vc_column_container vc_col-sm-12 vc_col-has-fill\"><div class=\"vc_column-inner vc_custom_1559733019901\"><div class=\"wpb_wrapper\">\n\t<div class=\"wpb_text_column wpb_content_element \" >\n\t\t<div class=\"wpb_wrapper\">\n\t\t\t<p><strong>NAGRADE VESNA<\/strong><\/p>\n<p><strong>\u00a0<\/strong><\/p>\n<p>Vesna za najbolj\u0161i celove\u010derni film<br \/>\n<strong>Ne misli, da bo kdaj mimo<br \/>\n<\/strong>Re\u017eija: Toma\u017e Grom<br \/>\nProdukcija: \u0160pela Tro\u0161t (Zavod Sploh)<\/p>\n<p>Utemeljitev: <em>Ne misli, da bo kdaj mimo<\/em> je povsem samosvoj film z mo\u010dnim emotivnim nabojem, ki zahteva prisotnega gledalca_ko. Eksperimentalen in enigmati\u010den, a hkrati subtilen, iskren in asociativno odprt. Kamera je ves \u010das v gibanju, kamorkoli bi zavila, se zdi, bi na\u0161la novo zgodbo. Nehnehno razpira nove prostore in v banalnosti vsakdana najde poezijo. Film kot ritual, kot nuja, ki bole\u010dino pretvarja v lepoto.<\/p>\n<p>&nbsp;<\/p>\n<p>Vesna za najbolj\u0161i celove\u010derni igrani film<br \/>\n<strong>Zbudi me<\/strong><br \/>\nRe\u017eija: Marko \u0160anti\u0107<br \/>\nProdukcija: Danijel Ho\u010devar, Zala Opara (Vertigo)<\/p>\n<p>Utemeljitev: <em>Zbudi me<\/em> v aktualno tematiko vstopa skozi pomenljivo perspektivo izgube spomina, skozi katero odpira prostor za premislek o sovra\u0161tvu, nestrpnosti in nacionalizmu, pri \u010demer do obravnavanih tem zavzame jasno stali\u0161\u010de. Vsi elementi filmskega jezika se med seboj u\u010dinkovito povezujejo in s tem ustvarijo sugestivno zaklju\u010deno celoto. Pogumen in za dana\u0161ji \u010das \u0161e kako relevanten film, ki o nasilju spregovori, ne da bi ga sam reproduciral v podobi.<\/p>\n<p>&nbsp;<\/p>\n<p>Vesna za najbolj\u0161o re\u017eijo<br \/>\n<strong>Ivan Gergolet<\/strong><br \/>\nza film<strong> Mo\u017e brez krivde<\/strong><\/p>\n<p>Utemeljitev: Ivan Gergolet v <em>Mo\u017eu brez krivde<\/em> koplje goboko po \u010dlovekovi naravi in moralnih vpra\u0161anjih, ki ga zadevajo. Koncizno vodi glavna igralca ter skozi geste, poglede in dotike razpira njuno zapleteno notranje \u017eivljenje. Hkrati uspe v filmu subtilno razpreti tudi druge pomembne teme, od problematike azbesta, prek zamejske identitete do razrednih razlik. V maniri po\u010dasnega filma si vzame \u010das za razvoj zgodbe, a nas s tem, ko ves \u010das ostaja skrivnosten in dvoumen, dr\u017ei v suspenzu. Na ta na\u010din ustvari ambivalentno delo, ki nas zaposluje \u0161e dolgo po odhodu iz kinodvorane.<\/p>\n<p>&nbsp;<\/p>\n<p>Vesna za najbolj\u0161i scenarij<br \/>\n<strong>Marko \u0160anti\u0107<\/strong>,<strong> Goran Vojnovi\u0107 <\/strong>in<strong> Sara Hribar <\/strong><br \/>\nza film<strong> Zbudi me<\/strong><\/p>\n<p>Utemeljitev: Scenarij za film <em>Zbudi me<\/em> pomembno in ob\u010dutljivo temo obravnava z jasne in odgovorne pozicije, a hkrati vanjo \u017eivljenjsko vklju\u010duje tudi elemente duhovitosti. Pozoren je na vsak lik znotraj zgodbe, ga precizno izpelje in mu skozi nepri\u010dakovane situacije ponudi prostor za ve\u010dplastnost. Avtorji brezizhodnost za\u010daranega kroga sovra\u0161tva spretno preslikajo v domi\u0161ljeno kro\u017eno strukturo, v katerem bi konec lahko spet bil za\u010detek (filma).<\/p>\n<p>&nbsp;<\/p>\n<p>Vesna za najbolj\u0161o glavno \u017eensko vlogo<br \/>\n<strong>Diana Kolenc <\/strong>za vlogo Lare<br \/>\nv filmu<strong> Opazovanje<\/strong><\/p>\n<p>Utemeljitev: Diana Kolenc kot Lara v filmu <em>Opazovanje<\/em> ustvari izrazito iz\u010di\u0161\u010deno vlogo. Njen izraz je ponotranjen, diskreten, preprost in fokusiran. Z minimalnimi reakcijami uspe prikazati \u0161irok diapazon pomenov. Tudi ko ni v prvem planu, je njena telesna govorica prezentna, lahko bi rekli, da s filmom biva. Njena interpretacija se popolnoma zlije s stilom in \u017eanrom.<\/p>\n<p>&nbsp;<\/p>\n<p>Vesna za najbolj\u0161o glavno mo\u0161ko vlogo<br \/>\n<strong>Jure Henigman <\/strong>za vlogo Roka<br \/>\nv filmu<strong> Zbudi me<\/strong><\/p>\n<p>Utemeljitev: Lik Roka je na za\u010detku filma tabula rasa, prazna posoda, ki jo Henigman postopoma, prek iskanja lastne identitete, polni z vsebino. Niansirano dozira emocije in organsko prehaja med kontrastnimi stanji, od agresije do mehkobe, od duhovitosti do joka. Skozi razli\u010dne odnose lahkotno plasti svoj lik in se postoma transformira.<\/p>\n<p>&nbsp;<\/p>\n<p>Vesna za najbolj\u0161o stransko \u017eensko vlogo<br \/>\n<strong>Vesna Pernar\u010di\u010d <\/strong>za vlogo \u0160pele<br \/>\nv filmu<strong> Vzornik<\/strong><\/p>\n<p>Utemeljitev: Vesna Pernar\u010di\u010d kot prizemljena starej\u0161a sestra \u0160pela uspe svoj lik v zelo kratkem \u010dasu realizirati v (po)polnosti. V trenutku, ko jo spoznamo, s svojo karizmati\u010dnostjo naredi mo\u010dan vtis. S svojim nastopom v film prinese ozadje dru\u017einske zgodbe in s tem pri gledalcu_ki vzbudi dodatno zanimanje.<\/p>\n<p>&nbsp;<\/p>\n<p>Vesna za najbolj\u0161o stransko mo\u0161ko vlogo<br \/>\n<strong>Jurij Dreven\u0161ek <\/strong>za vlogo Damjana<br \/>\nv filmu<strong> Zbudi me<\/strong><\/p>\n<p>Utemeljitev: Jurij Dreven\u0161ek antagonista Damjana odigra polnokrvno in detajlirano. Jasno se pozicionira znotraj filma in pomembno pripomore h kontekstu zgodbe. Pametno izbira igralska sredstva, s katerimi lik pribli\u017ea gledalcu, a zanj ne i\u0161\u010de opravi\u010dil.<\/p>\n<p>&nbsp;<\/p>\n<p>Vesna za najbolj\u0161o fotografijo<br \/>\n<strong>Marko Brdar <\/strong><br \/>\nza film<strong> Varen kraj<\/strong><\/p>\n<p>Utemeljitev: Filmska fotografija postane v filmu <em>Varen kraj<\/em> pomemben dramatur\u0161ki element. Skozi precizno kadriranje, poudarjene kompozicije, uporabo globine, senc, teme in barv ter skozi plastenje podob ustvarja mo\u010dne ob\u010dutke. Vsak kader je premi\u0161ljeno umetni\u0161ko delo, ki estetiko filma dvigne na povsem novo raven.<\/p>\n<p>&nbsp;<\/p>\n<p>Vesna za najbolj\u0161o izvirno glasbo<br \/>\n<strong>Toma\u017e Grom<\/strong><br \/>\nza film<strong> Ne misli, da bo kdaj mimo<\/strong><\/p>\n<p>Utemeljitev: Glasba v eksperimentalnem filmu <em>Ne misli, da bo kdaj mimo<\/em> s ponavljajo\u010dim se minimalisti\u010dnim motivom in bobne\u010dimi ti\u0161inami pretresljivo naznanja minevanje \u010dasa ter v\u00a0 gledalcu_ki spro\u017ea intenzivne odzive in me\u0161ana ob\u010dutja.<\/p>\n<p><strong>\u00a0<\/strong><\/p>\n<p>Vesna za najbolj\u0161o monta\u017eo<br \/>\n<strong>Sara Gjergek <\/strong><br \/>\nza film<strong> Duhovnica<\/strong><\/p>\n<p>Utemeljitev: Sara Gjergek nas z monta\u017eo v <em>Duhovnici<\/em> skozi jasno razdelan in pronicljiv dramatur\u0161i lok popelje v \u017eivljenje glavne protagonistke filma. Iz materiala uspe izlu\u0161\u010diti vse najbolj pomembne postaje njenega \u017eivljenja in odpreti pomembna dru\u017ebena vpra\u0161anja. Gre za kompakten film z mno\u017eico informacij, ki se skozi igriv ritem razpirajo v intrigantno in so\u010dutno zgodbo.<\/p>\n<p>&nbsp;<\/p>\n<p>Vesna za najbolj\u0161o scenografijo<br \/>\n<strong>\u0160pela Jelov\u010dan <\/strong>in<strong> Vasja Kokelj <\/strong><br \/>\nza film <strong>Opazovanje<\/strong><\/p>\n<p>Utemeljitev: Scenografija v\u00a0<em>Opazovanju<\/em>\u00a0estetsko dopolnjuje in podpira \u017eanr filma. Elementi, kot so made\u017ei na preprogi, kupi smeti, staro pohi\u0161tvo, prazni prostori, mi\u0161elovka ipd., pripovedujejo in hkrati kontekstualizrajo \u0161ir\u0161o zgodbo zunanjega sveta. U\u010dinkovito izbrana hladna barvna paleta pa ustvarja kontrast rde\u010dim uniformam re\u0161evalcev_k.<\/p>\n<p>&nbsp;<\/p>\n<p>&nbsp;<\/p>\n<p>Vesna za najbolj\u0161o kostumografijo<br \/>\n<strong>Katarina \u0160avs <\/strong><br \/>\nza film <strong>Vzornik<\/strong><\/p>\n<p>Utemeljitev: Kostumografija v filmu <em>Vzornik<\/em> deluje sve\u017ee in pogumno. Drzno karakterizirira, ne boji se kli\u0161ejev, ampak jih uporablja v svoj prid. V mno\u017eici \u0161olskega mikrokozmosa uspe razlo\u010diti vsakega pozameznika in indentificirati njegov zna\u010daj.<\/p>\n<p>&nbsp;<\/p>\n<p>Vesna za najbolj\u0161o masko<br \/>\n<strong>Lija Ivan\u010di\u010d <\/strong><br \/>\nza film <strong>Zbudi me<\/strong><\/p>\n<p>Utemeljitev: Maska v filmu <em>Zbudi me<\/em> pomembno sooblikuje celostno podobo filma. Like dobro umesti v lokalno okolje, poudari njihovo osebnost in ozadje ter pri tem ne podle\u017ee tipizaciji.<\/p>\n<p>&nbsp;<\/p>\n<p>Vesna za najbolj\u0161i zvok<br \/>\n<strong>Julij Zornik <\/strong>in<strong> Igor Popovski <\/strong><br \/>\nza film <strong>Opazovanje<\/strong><\/p>\n<p>Utemeljitev: Zvok v filmu <em>Opazovanje<\/em> pogosto deluje kot spro\u017eilec dogajanja. Ob odsotnosti glasbe postane pomembno re\u017eijsko sredstvo. Ekspresivna zvo\u010dna podoba, zgrajena iz \u0161tevilnih zvo\u010dnih elementov, kot so medicinske aparature, sirene, telefoni, otro\u0161ki jok ipd., ustvarja avtenti\u010dno atmosfero in vzbuja vseprisoten ob\u010dutek nelagodja.<\/p>\n<p>&nbsp;<\/p>\n<p>Vesna za najbolj\u0161o manj\u0161insko koprodukcijo<br \/>\n<strong>Varen kraj<\/strong><br \/>\nRe\u017eija: <strong>Juraj Leroti\u0107<\/strong><br \/>\nSlovenska koproducenta: Vlado Bulaji\u0107 in Lija Poga\u010dnik (December)<\/p>\n<p>Utemeljitev: V vseh izraznih sredstvih vrhunsko izpeljan filmski prvenec Juraja Leroti\u0107a ni zgolj skrajno oseben, ampak tudi inovativen, tenko\u010duten in idejno domi\u0161ljen. Precizna \u0161tudija \u010dlove\u0161ke krhkosti preko intimne izku\u0161nje razgalja (ne)delovanje sistema.<\/p>\n<p>&nbsp;<\/p>\n<p>Vesna za najbolj\u0161i dokumentarni film<br \/>\n<strong>Telo <\/strong><br \/>\nRe\u017eija: Petra Seli\u0161kar<br \/>\nProdukcija: Petra Seli\u0161kar (Petra Pan film)<\/p>\n<p>Utemeljitev: Znanstveniki so ugotovili, da je Nietzschejev rek \u00bbKar me ne ubije, me krepi\u00ab, pravzaprav to\u010den. Po vseh dostopnih raziskavah 70 % ljudi, ki so se v \u017eivljenju soo\u010dili s te\u017ekimi izzivi ali travmami, do\u017eivi neko obliko pozitivne psiholo\u0161ke rasti in razvoja. Film <em>Telo<\/em> Petre Seli\u0161kar spremlja Ur\u0161kino \u017eivljenje in njeno ve\u010ddesetletno borbo z lastnim telesom ali, bolje re\u010deno, proti njemu. Ko jo spremlja skozi faze avtoimunih bolezni, nam njeno telo predstavi skozi njegovo krhkost in lepoto hkrati kot metaforo \u010dlovekovih omejitev. Tako mikroskopski posnetki kot veli\u010dastni pejsa\u017ei z motivom otoka in jezera omogo\u010dajo dodatno razmi\u0161ljanje o mestu \u010dloveka v naravi. <em>Telo<\/em> je pravi filmski podvig, v katerem avtorica dosledno gradi portret \u017eenske, ki ob vseh dolgoletnih te\u017eavah ohranja optimizem in vedrost. To je film, ki ga morate videti. Film o tem, da \u00bbbolezen ni sovra\u017enica\u00ab, kot bi rekel Gilles Deleuze. Celo ve\u010d \u2013 to je film, ki dokazuje, da ne obstaja dualizem med duhom in telesom.<\/p>\n<p>&nbsp;<\/p>\n<p>Vesna za najbolj\u0161i kratki igrani film<br \/>\n<strong>Kako sem se nau\u010dila obe\u0161ati perilo<\/strong><br \/>\nRe\u017eija: Barbara Zemlji\u010d<br \/>\nProdukcija: Klemen Dvornik (Filmservis)<\/p>\n<p>Utemeljitev: \u00bbA ti sploh kej ve\u0161?\u00ab \u00bbBol mal!\u00ab To je dialog z za\u010detka filma in tudi kasneje v njem ni ni\u010d kaj dosti besed. Film, ki ka\u017ee ve\u010d z zgo\u0161\u010deno telesno govorico kot z govorom. In vendar v malih prostorih, s samo tremi nastopajo\u010dimi (bolje z dvema in pol) pulzira reka \u010dustev, skritih travm, mladostnih zmot in razo\u010daranj. Zakaj tako? Vzrokov ne vidimo. Vidimo le, da za junakinjo ni sre\u010dnega konca. Odide, kot je pri\u0161la, z naglavno ruto, zavozlano na zatilju. A to je le videz. Ona ni udoma\u010dena ma\u010dka, kot si predstavlja on, on ni njeno zato\u010di\u0161\u010de, kot je pri\u010dakovala ona. Stari bi rekli: nista se razumela, mladi bi rekli: fuck! Nam pa je hudo ob tem prikazu danes tako pogoste, stra\u0161ne nesinhronosti med ljudmi in med spoloma. Film se kon\u010da z njo na \u017eelezni\u0161ki postaji, simbolu sprememb, prihodov in odhodov, pa tudi sindroma Ane Karenine. Po re\u017eiserkini zaslugi je vse teko\u010de, verjetno domi\u0161ljeno \u017ee v scenariju, odli\u010dno posneto, z dobro zvo\u010dno kuliso in zvokovno obdelavo. Zlasti pa: izvrstno odigrana \u017eenska vloga! Za konec le vpra\u0161anje: kaj se je zgodilo s prgi\u0161\u010dem \u017elic, ki jih je junakinja ob svojem odhodu vzela iz kuhinjskega predala v junakovi kuhinji?<\/p>\n<p>&nbsp;<\/p>\n<p>Vesna za najbolj\u0161i animirani film<br \/>\n<strong>Borbike<\/strong><br \/>\nRe\u017eija: Nika Jurman<br \/>\nProdukcija: Nika Jurman<\/p>\n<p>Utemeljitev: Medtem ko hollywoodske barbike u\u017eivajo v mondenem \u017eivljenju, se slovenske borbike borijo za umetni\u0161ko rezidenco, ki jim bo za nekaj mesecev re\u0161ila eksistencialne probleme in omogo\u010dila hrano ter streho nad glavo. <em>Borbike<\/em> so film nasprotij. Plasti\u010dne lutke se ukvarjajo s problemi ljudi iz mesa in krvi, preprosta animacija pa preseneti s prefinjenimi tehni\u010dnimi detajli.<\/p>\n<p>&nbsp;<\/p>\n<p>Vesna za najbolj\u0161i eksperimentalni film<\/p>\n<p>\u010clani \u017eirije so se odlo\u010dili, da nagrade za eksperimentalni film ne podelijo, ker med tekmovalnimi filmi ni bilo tak\u0161nega, za katerega bi bili soglasni, da prejme nagrado.<\/p>\n<p>&nbsp;<\/p>\n<p>Vesna za najbolj\u0161i \u0161tudijski film<br \/>\n<strong>Alenka<br \/>\n<\/strong>Re\u017eija: Kristian Bernard Irgl<strong><br \/>\n<\/strong>Produkcija: Jo\u017eica \u0160mid (UL AGRFT)<\/p>\n<p>Utemeljitev: \u010ceprav je film le kratka \u0161tudijska vaja, ima vse, kar imajo veliki. Poln je prese\u017ekov, ki se jih ne bi sramovali niti profesionalci s kilometri posnetega filmskega traku za sabo. Ima vse elemente vrhunskega filma: dobro idejo in scenarij, kamero, re\u017eijo, predvsem pa vrhunsko igro vseh treh protagonistov. Re\u017eiser se prefinjeno igra s \u010dustvi gledalcev in zgodbo spretno pripelje do dramati\u010dnega vrhunca.<\/p>\n<p>&nbsp;<\/p>\n<p>Vesna za posebne dose\u017eke<br \/>\n<strong>Pero<\/strong><br \/>\nRe\u017eija: Damjan Kozole<\/p>\n<p>Utemeljitev: <em>Pero<\/em> je konceptualno filmsko delo, ki skozi pet popolnoma razli\u010dnih pristopov spregovori o minevanju, spo\u0161tovanju, prijateljstvu in zvestobi v svetu filma in onkraj. Damjan Kozole povezuje fragmente in pri\u010devanja, ki so ostali za pokojnim filmskim in gledali\u0161kim igralcem, ter nas hkrati samoreflektivno vodi skozi svoje re\u017eijske postopke. Bole\u010de lep poklon velikemu igralcu in odkrito slovo od prijatelja.<\/p>\n<p>&nbsp;<\/p>\n<p>Vesna za posebne dose\u017eke<br \/>\n<strong>Zemlja<\/strong><br \/>\nRe\u017eija: Alex Cvetkov<br \/>\nUtemeljitev: \u017dirija za\u00a0kratke igrane, dokumentarne, eksperimentalne, animirane in \u0161tudijske filme\u00a0s posebno omembo opozarja na kakovostne cineasti\u010dne prvine filma <em>Zemlja<\/em>. Stiska mladih zakoncev, zaradi katere se napotita na negotovo migrantsko pot, in zapleti, do katerih prihaja pri tem, so ve\u0161\u010de realizirani v maniri \u017eanrskega filma. Od drugih filmov z migrantsko tematiko se <em>Zemlja<\/em> razlikuje po tem, da prika\u017ee izvir \u017eivljenjske stiske, ki vodi ljudi od doma, in ne zgolj trpljenje migrantov na njihovi poti. K uspe\u0161nemu dojemanju zgodbe veliko pripomoreta igra protagonistov, zlasti \u017eenska vloga, in kakovostno snemalsko delo.<\/p>\n<p>&nbsp;<\/p>\n<p>Vesna za najbolj\u0161i film po izboru ob\u010dinstva<br \/>\n<strong>Duhovnica<\/strong><br \/>\nRe\u017eija: Maja Prettner<br \/>\nProdukcija: Bo\u0161tjan Virc, Nata\u0161a Vugrinec (Studio Virc)<br \/>\nPovpre\u010dna ocena: 4,82<\/p>\n<p>&nbsp;<\/p>\n<p><strong>\u00a0<\/strong><\/p>\n<p><strong>DRUGE NAGRADE<\/strong><\/p>\n<p>&nbsp;<\/p>\n<p>Nagrada Art kino mre\u017ee Slovenije<br \/>\n<strong>Mo\u017e brez krivde<\/strong><br \/>\nRe\u017eija: Ivan Gergolet<\/p>\n<p>Utemeljitev: Film <em>Mo\u017e brez krivde<\/em> \u017ee od prvega kadra eksponira samodestrukcijo slovenske manj\u0161ine v zamejstvu, kar, prepleteno z ekolo\u0161ko noto ter mo\u010djo in brezbri\u017enostjo kapitala, rezultira v vsesplo\u0161ni skupni pogubi.\u00a0\u010cetudi je dogajanje postavljeno v zamejstvo Italije, lahko problematiko preslikamo na katerokoli od na\u0161ih manj\u0161in. Temi neskrbi za lasten jezik in kulturo ter podjarmljenosti ve\u010dini sta dramatur\u0161ko izvrstno razpeti skozi naracijo in oblikovanje likov, kar je podprto z izjemno tenko\u010dutno estetiko in izpovednimi kadri. Pomnite: prah dihamo \u2013 dihamo prah.<\/p>\n<p>&nbsp;<\/p>\n<p>Nagrada Dru\u0161tva slovenskih filmskih publicistov in publicistk za najbolj\u0161i slovenski celove\u010derni film v tekmovalnem programu<br \/>\n<strong>Duhovnica<\/strong><br \/>\nRe\u017eija: Maja Prettner<\/p>\n<p>Utemeljitev: Film odlikuje spretna uporaba tehnik opazovalnega dokumentarca, s katerimi re\u017eiserka ve\u010d let spremlja junakinjo, ko polna ljubezni in predanosti premaguje te\u017eave iz preteklosti in sedanjosti, od spolne zlorabe v otro\u0161tvu do te\u017eav materinstva in poklicnih krivic, ki jih do\u017eivlja kot evangeli\u010danska duhovnica. Poglobljeno poka\u017ee, kako se duhovnica Jana pogumno upre dru\u017ebenim pri\u010dakovanjem in cerkvenim dogmam, gre proti toku in se postopoma prelevi v junakinjo, ki se postavi zase.<\/p>\n<p>&nbsp;<\/p>\n<p>Nagrada IRIDIUM za najbolj\u0161i celove\u010derni prvenec<br \/>\n<strong>Mo\u017e brez krivde<\/strong><br \/>\nRe\u017eija: Ivan Gergolet<\/p>\n\n\t\t<\/div>\n\t<\/div>\n<\/div><\/div><\/div><\/div>\n","protected":false},"excerpt":{"rendered":"NAGRADE VESNA \u00a0 Vesna za najbolj\u0161i celove\u010derni film Ne misli, da bo kdaj mimo Re\u017eija: Toma\u017e Grom [...]","protected":false},"author":1,"featured_media":0,"parent":0,"menu_order":0,"comment_status":"closed","ping_status":"closed","template":"","meta":[],"acf":[],"yoast_head":"<!-- This site is optimized with the Yoast SEO plugin v19.7.1 - https:\/\/yoast.com\/wordpress\/plugins\/seo\/ -->\n<title>Nagrade - FSF<\/title>\n<meta name=\"robots\" content=\"index, follow, max-snippet:-1, max-image-preview:large, max-video-preview:-1\" \/>\n<link rel=\"canonical\" href=\"https:\/\/fsf.si\/2023\/nagrade\/\" \/>\n<meta property=\"og:locale\" content=\"sl_SI\" \/>\n<meta property=\"og:type\" content=\"article\" \/>\n<meta property=\"og:title\" content=\"Nagrade - FSF\" \/>\n<meta property=\"og:url\" content=\"https:\/\/fsf.si\/2023\/nagrade\/\" \/>\n<meta property=\"og:site_name\" content=\"FSF\" \/>\n<meta property=\"article:modified_time\" content=\"2023-10-08T20:10:16+00:00\" \/>\n<meta name=\"twitter:card\" content=\"summary_large_image\" \/>\n<meta name=\"twitter:label1\" content=\"Est. reading time\" \/>\n\t<meta name=\"twitter:data1\" content=\"2 minuti\" \/>\n<script type=\"application\/ld+json\" class=\"yoast-schema-graph\">{\"@context\":\"https:\/\/schema.org\",\"@graph\":[{\"@type\":\"WebPage\",\"@id\":\"https:\/\/fsf.si\/2023\/nagrade\/\",\"url\":\"https:\/\/fsf.si\/2023\/nagrade\/\",\"name\":\"Nagrade - FSF\",\"isPartOf\":{\"@id\":\"https:\/\/fsf.si\/2023\/#website\"},\"datePublished\":\"2019-06-07T16:56:28+00:00\",\"dateModified\":\"2023-10-08T20:10:16+00:00\",\"breadcrumb\":{\"@id\":\"https:\/\/fsf.si\/2023\/nagrade\/#breadcrumb\"},\"inLanguage\":\"sl-SI\",\"potentialAction\":[{\"@type\":\"ReadAction\",\"target\":[\"https:\/\/fsf.si\/2023\/nagrade\/\"]}]},{\"@type\":\"BreadcrumbList\",\"@id\":\"https:\/\/fsf.si\/2023\/nagrade\/#breadcrumb\",\"itemListElement\":[{\"@type\":\"ListItem\",\"position\":1,\"name\":\"Home\",\"item\":\"https:\/\/fsf.si\/2023\/\"},{\"@type\":\"ListItem\",\"position\":2,\"name\":\"Nagrade\"}]},{\"@type\":\"WebSite\",\"@id\":\"https:\/\/fsf.si\/2023\/#website\",\"url\":\"https:\/\/fsf.si\/2023\/\",\"name\":\"FSF\",\"description\":\"Festival Slovenskega Filma\",\"publisher\":{\"@id\":\"https:\/\/fsf.si\/2023\/#organization\"},\"potentialAction\":[{\"@type\":\"SearchAction\",\"target\":{\"@type\":\"EntryPoint\",\"urlTemplate\":\"https:\/\/fsf.si\/2023\/?s={search_term_string}\"},\"query-input\":\"required name=search_term_string\"}],\"inLanguage\":\"sl-SI\"},{\"@type\":\"Organization\",\"@id\":\"https:\/\/fsf.si\/2023\/#organization\",\"name\":\"Festival Slovenskega Filma\",\"url\":\"https:\/\/fsf.si\/2023\/\",\"sameAs\":[],\"logo\":{\"@type\":\"ImageObject\",\"inLanguage\":\"sl-SI\",\"@id\":\"https:\/\/fsf.si\/2023\/#\/schema\/logo\/image\/\",\"url\":\"https:\/\/fsf.si\/2023\/wp-content\/uploads\/2019\/06\/Slider-FSF.png\",\"contentUrl\":\"https:\/\/fsf.si\/2023\/wp-content\/uploads\/2019\/06\/Slider-FSF.png\",\"width\":4800,\"height\":1600,\"caption\":\"Festival Slovenskega Filma\"},\"image\":{\"@id\":\"https:\/\/fsf.si\/2023\/#\/schema\/logo\/image\/\"}}]}<\/script>\n<!-- \/ Yoast SEO plugin. -->","yoast_head_json":{"title":"Nagrade - FSF","robots":{"index":"index","follow":"follow","max-snippet":"max-snippet:-1","max-image-preview":"max-image-preview:large","max-video-preview":"max-video-preview:-1"},"canonical":"https:\/\/fsf.si\/2023\/nagrade\/","og_locale":"sl_SI","og_type":"article","og_title":"Nagrade - FSF","og_url":"https:\/\/fsf.si\/2023\/nagrade\/","og_site_name":"FSF","article_modified_time":"2023-10-08T20:10:16+00:00","twitter_card":"summary_large_image","twitter_misc":{"Est. reading time":"2 minuti"},"schema":{"@context":"https:\/\/schema.org","@graph":[{"@type":"WebPage","@id":"https:\/\/fsf.si\/2023\/nagrade\/","url":"https:\/\/fsf.si\/2023\/nagrade\/","name":"Nagrade - FSF","isPartOf":{"@id":"https:\/\/fsf.si\/2023\/#website"},"datePublished":"2019-06-07T16:56:28+00:00","dateModified":"2023-10-08T20:10:16+00:00","breadcrumb":{"@id":"https:\/\/fsf.si\/2023\/nagrade\/#breadcrumb"},"inLanguage":"sl-SI","potentialAction":[{"@type":"ReadAction","target":["https:\/\/fsf.si\/2023\/nagrade\/"]}]},{"@type":"BreadcrumbList","@id":"https:\/\/fsf.si\/2023\/nagrade\/#breadcrumb","itemListElement":[{"@type":"ListItem","position":1,"name":"Home","item":"https:\/\/fsf.si\/2023\/"},{"@type":"ListItem","position":2,"name":"Nagrade"}]},{"@type":"WebSite","@id":"https:\/\/fsf.si\/2023\/#website","url":"https:\/\/fsf.si\/2023\/","name":"FSF","description":"Festival Slovenskega Filma","publisher":{"@id":"https:\/\/fsf.si\/2023\/#organization"},"potentialAction":[{"@type":"SearchAction","target":{"@type":"EntryPoint","urlTemplate":"https:\/\/fsf.si\/2023\/?s={search_term_string}"},"query-input":"required name=search_term_string"}],"inLanguage":"sl-SI"},{"@type":"Organization","@id":"https:\/\/fsf.si\/2023\/#organization","name":"Festival Slovenskega Filma","url":"https:\/\/fsf.si\/2023\/","sameAs":[],"logo":{"@type":"ImageObject","inLanguage":"sl-SI","@id":"https:\/\/fsf.si\/2023\/#\/schema\/logo\/image\/","url":"https:\/\/fsf.si\/2023\/wp-content\/uploads\/2019\/06\/Slider-FSF.png","contentUrl":"https:\/\/fsf.si\/2023\/wp-content\/uploads\/2019\/06\/Slider-FSF.png","width":4800,"height":1600,"caption":"Festival Slovenskega Filma"},"image":{"@id":"https:\/\/fsf.si\/2023\/#\/schema\/logo\/image\/"}}]}},"_links":{"self":[{"href":"https:\/\/fsf.si\/2023\/wp-json\/wp\/v2\/pages\/4645"}],"collection":[{"href":"https:\/\/fsf.si\/2023\/wp-json\/wp\/v2\/pages"}],"about":[{"href":"https:\/\/fsf.si\/2023\/wp-json\/wp\/v2\/types\/page"}],"author":[{"embeddable":true,"href":"https:\/\/fsf.si\/2023\/wp-json\/wp\/v2\/users\/1"}],"replies":[{"embeddable":true,"href":"https:\/\/fsf.si\/2023\/wp-json\/wp\/v2\/comments?post=4645"}],"version-history":[{"count":56,"href":"https:\/\/fsf.si\/2023\/wp-json\/wp\/v2\/pages\/4645\/revisions"}],"predecessor-version":[{"id":25822,"href":"https:\/\/fsf.si\/2023\/wp-json\/wp\/v2\/pages\/4645\/revisions\/25822"}],"wp:attachment":[{"href":"https:\/\/fsf.si\/2023\/wp-json\/wp\/v2\/media?parent=4645"}],"curies":[{"name":"wp","href":"https:\/\/api.w.org\/{rel}","templated":true}]}}