{"id":4649,"date":"2019-06-07T16:59:52","date_gmt":"2019-06-07T16:59:52","guid":{"rendered":"http:\/\/www.fsf.si\/2019\/?page_id=4649"},"modified":"2023-09-23T17:06:22","modified_gmt":"2023-09-23T15:06:22","slug":"vstopnice","status":"publish","type":"page","link":"https:\/\/fsf.si\/2023\/vstopnice\/","title":{"rendered":"Vstopnice"},"content":{"rendered":"<div class=\"vc_row wpb_row vc_row-fluid vc_custom_1633589321339\" ><div class=\"wpb_column vc_column_container vc_col-sm-12\"><div class=\"vc_column-inner vc_custom_1633589338527\"><div class=\"wpb_wrapper\"><div class=\"vc_empty_space\"   style=\"height: 32px\"><span class=\"vc_empty_space_inner\"><\/span><\/div><div class=\"vc_message_box vc_message_box-standard vc_message_box-rounded vc_color-success\" ><div class=\"vc_message_box-icon\"><i class=\"fas fa-info-circle\"><\/i><\/div><p><b>Vstopnice so \u017ee v prodaji. Spletna prodaja vstopnic:\u00a0<a href=\"https:\/\/avditorij.kupikarto.si\/\" target=\"_blank\" rel=\"noopener\" data-saferedirecturl=\"https:\/\/www.google.com\/url?q=https:\/\/avditorij.kupikarto.si\/&amp;source=gmail&amp;ust=1633675552292000&amp;usg=AFQjCNH1B8Mwx8ABoLFeAJHP4YCSj7V-Og\">https:\/\/avditorij.<wbr \/>kupikarto.si\/<\/a><\/b><\/p>\n<\/div>\n\t<div class=\"wpb_text_column wpb_content_element \" >\n\t\t<div class=\"wpb_wrapper\">\n\t\t\t<p>Dvorana Avditorija in razstavi\u0161\u010da Monfort se odpre uro pred prvo projekcijo in zapre po za\u010detku zadnje.<\/p>\n\n\t\t<\/div>\n\t<\/div>\n<\/div><\/div><\/div><\/div><div class=\"vc_row wpb_row vc_row-fluid\" ><div class=\"wpb_column vc_column_container vc_col-sm-12\"><div class=\"vc_column-inner\"><div class=\"wpb_wrapper\">\n\t<div class=\"wpb_text_column wpb_content_element \" >\n\t\t<div class=\"wpb_wrapper\">\n\t\t\t<p><b>Cena vstopnic:<\/b><\/p>\n<table id=\"vstopnice\" width=\"100%\" cellspacing=\"0\">\n<tbody>\n<tr>\n<td>REDNA VSTOPNICA<\/td>\n<td>5,00 EUR *<\/td>\n<\/tr>\n<tr>\n<td>OTROCI DO 14. LETA, DIJAKI, \u0160TUDENTJE, UPOKOJENCI,<br \/>\nBREZPOSELNI IN HENDIKEPIRANI NA INVALIDSKIH VOZI\u010cKIH<\/td>\n<td>4,00 EUR **<\/td>\n<\/tr>\n<tr>\n<td>PREBIVALCI OB\u010cINE PIRAN &#8211; FILMSKI EVRO<\/td>\n<td>1,00 EUR***<\/td>\n<\/tr>\n<\/tbody>\n<\/table>\n<p>&nbsp;<\/p>\n<div>\n<div id=\"z1\">*\u00a0\u00a0Velja za vse projekcije.<\/div>\n<div id=\"z2\">** Upokojenci uveljavljajo popust s kartico upokojenca ZPIZa , otroci z zdravstveno izkaznico, \u0161tudenti in dijaki s \u0161tudentsko oziroma dija\u0161ko izkaznico z nalepko za teko\u010de \u0161olsko leto ali indeksom. Brezposelni uveljavljajo popust z veljavnim potrdilom oz. odlo\u010dbo Zavoda RS za zaposlovanje, ki izkazuje status brezposelne osebe, in osebnim dokumentom. Spremljevalci hendikepiranih oseb imajo prost vstop.<\/div>\n<div id=\"z3\">***\u00a0\u00a0Prevzem brezpla\u010dnih vstopnic za vse projekcije je mo\u017een pri blagajni Avditorija s predlo\u017eitvijo osebnega dokumenta.<\/div>\n<\/div>\n<p>&nbsp;<\/p>\n<table id=\"vstopnice\" width=\"100%\" cellspacing=\"0\">\n<tbody>\n<tr>\n<td>3 + 1<\/td>\n<td>Z NAKUPOM TREH VSTOPNIC DOBI\u0160 \u010cETRTO ZASTONJ****<\/td>\n<\/tr>\n<\/tbody>\n<\/table>\n<div id=\"z1\">****\u00a0\u00a0Nakup vstopnic \u010cetrta zastonj je mo\u017een samo na blagajni Avditorija Portoro\u017e<\/div>\n<hr \/>\n<p>&nbsp;<\/p>\n<h2>Filmski evro<\/h2>\n<p>S filmskim evrom \u017eelimo \u0161tudentom filmskih smeri na ljubljanski AGRFT, Akademiji umetnosti Univerze v Novi Gorici in \u0161tudentom ljubljanske ALUO omogo\u010diti bivanje na festivalu. Da bi bili lahko na festivalu prisotni vse festivalske dni, smo uvedli simboli\u010dni prispevek 1 evra ob vsaki kupljeni ali prevzeti vstopnici. Filmski evro je \u017ee v\u0161tet v ceno vstopnice. Ob prevzemu vstopnic ga poravnajo tudi akreditirani gostje, ob\u010dani ob\u010dine Piran ter povabljenci na otvoritveno in zaklju\u010dno slovesnost. Pla\u010dila so opro\u0161\u010deni le akreditirani novinarji, ki so na festivalskih projekcijah prisotni po slu\u017ebeni dol\u017enosti. Edini festivalski projekciji, ki bosta opro\u0161\u010dene pla\u010dila filmskega evra za vse obiskovalce, sta projekciji Posebnega preglednega programa Karpopotnik in O ljudeh, ki so v kinu doma.<\/p>\n\n\t\t<\/div>\n\t<\/div>\n<\/div><\/div><\/div><\/div><div class=\"vc_row wpb_row vc_row-fluid vc_custom_1633589245311\" ><div class=\"wpb_column vc_column_container vc_col-sm-12\"><div class=\"vc_column-inner\"><div class=\"wpb_wrapper\"><div class=\"vc_empty_space\"   style=\"height: 32px\"><span class=\"vc_empty_space_inner\"><\/span><\/div><div class=\"vc_message_box vc_message_box-standard vc_message_box-rounded vc_color-success\" ><div class=\"vc_message_box-icon\"><i class=\"fas fa-info-circle\"><\/i><\/div><p><b>Vstopnice so \u017ee v prodaji. Spletna prodaja vstopnic:\u00a0<a href=\"https:\/\/avditorij.kupikarto.si\/\" target=\"_blank\" rel=\"noopener\" data-saferedirecturl=\"https:\/\/www.google.com\/url?q=https:\/\/avditorij.kupikarto.si\/&amp;source=gmail&amp;ust=1633675552292000&amp;usg=AFQjCNH1B8Mwx8ABoLFeAJHP4YCSj7V-Og\">https:\/\/avditorij.<wbr \/>kupikarto.si\/<\/a><\/b><\/p>\n<\/div><\/div><\/div><\/div><\/div>\n","protected":false},"excerpt":{"rendered":"Vstopnice so \u017ee v prodaji. Spletna prodaja vstopnic:\u00a0https:\/\/avditorij.kupikarto.si\/ Dvorana Avditorija in razstavi\u0161\u010da Monfort se odpre uro pred [...]","protected":false},"author":1,"featured_media":0,"parent":0,"menu_order":0,"comment_status":"closed","ping_status":"closed","template":"","meta":[],"acf":[],"yoast_head":"<!-- This site is optimized with the Yoast SEO plugin v19.7.1 - https:\/\/yoast.com\/wordpress\/plugins\/seo\/ -->\n<title>Vstopnice - FSF<\/title>\n<meta name=\"robots\" content=\"index, follow, max-snippet:-1, max-image-preview:large, max-video-preview:-1\" \/>\n<link rel=\"canonical\" href=\"https:\/\/fsf.si\/2023\/vstopnice\/\" \/>\n<meta property=\"og:locale\" content=\"sl_SI\" \/>\n<meta property=\"og:type\" content=\"article\" \/>\n<meta property=\"og:title\" content=\"Vstopnice - FSF\" \/>\n<meta property=\"og:url\" content=\"https:\/\/fsf.si\/2023\/vstopnice\/\" \/>\n<meta property=\"og:site_name\" content=\"FSF\" \/>\n<meta property=\"article:modified_time\" content=\"2023-09-23T15:06:22+00:00\" \/>\n<meta name=\"twitter:card\" content=\"summary_large_image\" \/>\n<meta name=\"twitter:label1\" content=\"Est. reading time\" \/>\n\t<meta name=\"twitter:data1\" content=\"2 minuti\" \/>\n<script type=\"application\/ld+json\" class=\"yoast-schema-graph\">{\"@context\":\"https:\/\/schema.org\",\"@graph\":[{\"@type\":\"WebPage\",\"@id\":\"https:\/\/fsf.si\/2023\/vstopnice\/\",\"url\":\"https:\/\/fsf.si\/2023\/vstopnice\/\",\"name\":\"Vstopnice - FSF\",\"isPartOf\":{\"@id\":\"https:\/\/fsf.si\/2023\/#website\"},\"datePublished\":\"2019-06-07T16:59:52+00:00\",\"dateModified\":\"2023-09-23T15:06:22+00:00\",\"breadcrumb\":{\"@id\":\"https:\/\/fsf.si\/2023\/vstopnice\/#breadcrumb\"},\"inLanguage\":\"sl-SI\",\"potentialAction\":[{\"@type\":\"ReadAction\",\"target\":[\"https:\/\/fsf.si\/2023\/vstopnice\/\"]}]},{\"@type\":\"BreadcrumbList\",\"@id\":\"https:\/\/fsf.si\/2023\/vstopnice\/#breadcrumb\",\"itemListElement\":[{\"@type\":\"ListItem\",\"position\":1,\"name\":\"Home\",\"item\":\"https:\/\/fsf.si\/2023\/\"},{\"@type\":\"ListItem\",\"position\":2,\"name\":\"Vstopnice\"}]},{\"@type\":\"WebSite\",\"@id\":\"https:\/\/fsf.si\/2023\/#website\",\"url\":\"https:\/\/fsf.si\/2023\/\",\"name\":\"FSF\",\"description\":\"Festival Slovenskega Filma\",\"publisher\":{\"@id\":\"https:\/\/fsf.si\/2023\/#organization\"},\"potentialAction\":[{\"@type\":\"SearchAction\",\"target\":{\"@type\":\"EntryPoint\",\"urlTemplate\":\"https:\/\/fsf.si\/2023\/?s={search_term_string}\"},\"query-input\":\"required name=search_term_string\"}],\"inLanguage\":\"sl-SI\"},{\"@type\":\"Organization\",\"@id\":\"https:\/\/fsf.si\/2023\/#organization\",\"name\":\"Festival Slovenskega Filma\",\"url\":\"https:\/\/fsf.si\/2023\/\",\"sameAs\":[],\"logo\":{\"@type\":\"ImageObject\",\"inLanguage\":\"sl-SI\",\"@id\":\"https:\/\/fsf.si\/2023\/#\/schema\/logo\/image\/\",\"url\":\"https:\/\/fsf.si\/2023\/wp-content\/uploads\/2019\/06\/Slider-FSF.png\",\"contentUrl\":\"https:\/\/fsf.si\/2023\/wp-content\/uploads\/2019\/06\/Slider-FSF.png\",\"width\":4800,\"height\":1600,\"caption\":\"Festival Slovenskega Filma\"},\"image\":{\"@id\":\"https:\/\/fsf.si\/2023\/#\/schema\/logo\/image\/\"}}]}<\/script>\n<!-- \/ Yoast SEO plugin. -->","yoast_head_json":{"title":"Vstopnice - FSF","robots":{"index":"index","follow":"follow","max-snippet":"max-snippet:-1","max-image-preview":"max-image-preview:large","max-video-preview":"max-video-preview:-1"},"canonical":"https:\/\/fsf.si\/2023\/vstopnice\/","og_locale":"sl_SI","og_type":"article","og_title":"Vstopnice - FSF","og_url":"https:\/\/fsf.si\/2023\/vstopnice\/","og_site_name":"FSF","article_modified_time":"2023-09-23T15:06:22+00:00","twitter_card":"summary_large_image","twitter_misc":{"Est. reading time":"2 minuti"},"schema":{"@context":"https:\/\/schema.org","@graph":[{"@type":"WebPage","@id":"https:\/\/fsf.si\/2023\/vstopnice\/","url":"https:\/\/fsf.si\/2023\/vstopnice\/","name":"Vstopnice - FSF","isPartOf":{"@id":"https:\/\/fsf.si\/2023\/#website"},"datePublished":"2019-06-07T16:59:52+00:00","dateModified":"2023-09-23T15:06:22+00:00","breadcrumb":{"@id":"https:\/\/fsf.si\/2023\/vstopnice\/#breadcrumb"},"inLanguage":"sl-SI","potentialAction":[{"@type":"ReadAction","target":["https:\/\/fsf.si\/2023\/vstopnice\/"]}]},{"@type":"BreadcrumbList","@id":"https:\/\/fsf.si\/2023\/vstopnice\/#breadcrumb","itemListElement":[{"@type":"ListItem","position":1,"name":"Home","item":"https:\/\/fsf.si\/2023\/"},{"@type":"ListItem","position":2,"name":"Vstopnice"}]},{"@type":"WebSite","@id":"https:\/\/fsf.si\/2023\/#website","url":"https:\/\/fsf.si\/2023\/","name":"FSF","description":"Festival Slovenskega Filma","publisher":{"@id":"https:\/\/fsf.si\/2023\/#organization"},"potentialAction":[{"@type":"SearchAction","target":{"@type":"EntryPoint","urlTemplate":"https:\/\/fsf.si\/2023\/?s={search_term_string}"},"query-input":"required name=search_term_string"}],"inLanguage":"sl-SI"},{"@type":"Organization","@id":"https:\/\/fsf.si\/2023\/#organization","name":"Festival Slovenskega Filma","url":"https:\/\/fsf.si\/2023\/","sameAs":[],"logo":{"@type":"ImageObject","inLanguage":"sl-SI","@id":"https:\/\/fsf.si\/2023\/#\/schema\/logo\/image\/","url":"https:\/\/fsf.si\/2023\/wp-content\/uploads\/2019\/06\/Slider-FSF.png","contentUrl":"https:\/\/fsf.si\/2023\/wp-content\/uploads\/2019\/06\/Slider-FSF.png","width":4800,"height":1600,"caption":"Festival Slovenskega Filma"},"image":{"@id":"https:\/\/fsf.si\/2023\/#\/schema\/logo\/image\/"}}]}},"_links":{"self":[{"href":"https:\/\/fsf.si\/2023\/wp-json\/wp\/v2\/pages\/4649"}],"collection":[{"href":"https:\/\/fsf.si\/2023\/wp-json\/wp\/v2\/pages"}],"about":[{"href":"https:\/\/fsf.si\/2023\/wp-json\/wp\/v2\/types\/page"}],"author":[{"embeddable":true,"href":"https:\/\/fsf.si\/2023\/wp-json\/wp\/v2\/users\/1"}],"replies":[{"embeddable":true,"href":"https:\/\/fsf.si\/2023\/wp-json\/wp\/v2\/comments?post=4649"}],"version-history":[{"count":47,"href":"https:\/\/fsf.si\/2023\/wp-json\/wp\/v2\/pages\/4649\/revisions"}],"predecessor-version":[{"id":25280,"href":"https:\/\/fsf.si\/2023\/wp-json\/wp\/v2\/pages\/4649\/revisions\/25280"}],"wp:attachment":[{"href":"https:\/\/fsf.si\/2023\/wp-json\/wp\/v2\/media?parent=4649"}],"curies":[{"name":"wp","href":"https:\/\/api.w.org\/{rel}","templated":true}]}}