{"id":4654,"date":"2019-06-07T17:03:14","date_gmt":"2019-06-07T17:03:14","guid":{"rendered":"http:\/\/www.fsf.si\/2019\/?page_id=4654"},"modified":"2023-05-24T19:42:26","modified_gmt":"2023-05-24T17:42:26","slug":"predstavitev","status":"publish","type":"page","link":"https:\/\/fsf.si\/2023\/predstavitev\/","title":{"rendered":"Predstavitev"},"content":{"rendered":"<div class=\"vc_row wpb_row vc_row-fluid jury-team-item wpb_animate_when_almost_visible wpb_fadeInLeft fadeInLeft\" ><div class=\"wpb_column vc_column_container vc_col-sm-12\"><div class=\"vc_column-inner\"><div class=\"wpb_wrapper\">\n\t<div class=\"wpb_text_column wpb_content_element \" >\n\t\t<div class=\"wpb_wrapper\">\n\t\t\t<p><strong> 26. Festival slovenskega filma Portoro\u017e \u2013 3. do 8. oktober 2023<\/strong><\/p>\n<p>Festival slovenskega filma Portoro\u017e je pregled nove slovenske avdiovizualne produkcije, ki se zaklju\u010di s podelitvijo nagrad za najvidnej\u0161e dose\u017eke in ustvarjalce. Festival je naslednik Tedna doma\u010dega filma v Celju, ustanovljenega v sedemdesetih letih 20. stoletja, ki se je po osamosvojitvi preimenoval v Slovenski filmski maraton in preselil v Portoro\u017e. \u017de naslednje leto je\u00a0 prevzel \u00a0naziv \u00a0Festival slovenskega filma, leta 2021 pa mu je bila dodana tudi geografska oznaka Portoro\u017e.<\/p>\n<p>Festival slovenskega filma Portoro\u017e je kulturni in strokovni dogodek, na katerem se sre\u010dujejo filmski ustvarjalci, strokovna javnost, poslovni partnerji in ljubitelji filma. Je vsakoletno sre\u010danje, kjer se v \u0161estih zaporednih dneh odvrti sve\u017ea produkcija igranih, dokumentarnih, animiranih, eksperimentalnih, celove\u010dernih, srednjemetra\u017enih in kratkih filmov. Po projekcijah se ob prisotnosti \u0161tevilnih filmskih ustvarjalcev zvrstijo novinarske konference in pogovori o filmih; pomemben poudarek pa ima tudi strokovni program festivala s tematskimi konferencami, filmskimi delavnicami ter koprodukcijskimi sre\u010danji in mednarodnim sodelovanjem. Na festival so povabljeni razli\u010dni gostje iz Slovenije in tujine, prav tako pa je poskrbljeno za sprostitev, saj je festival namenjen tudi neformalnemu dru\u017eenju, ki je pomemben vir pretoka informacij tako med filmskimi ustvarjalci kot tudi ostalo javnostjo.<\/p>\n<p>Festival se zaklju\u010di s slovesno podelitvijo nagrad vesna. Vesna simbolizira priljubljenost junakinje iz legendarnega istoimenskega filma, ki ga je leta 1955 re\u017eiral Franti\u0161ek \u010cap. \u010ce\u0161ki re\u017eiser danes predstavlja enega stebrov zgodovine slovenskega filma in je svetel primer evropske kulturne povezanosti in odprtosti slovenske filmske produkcije. Festival povezuje nove pristope mlade generacije avtorjev z izro\u010dilom velikih imen slovenske filmske zgodovine, ki pa je vedno bolj povezana z evropsko filmsko ustvarjalnostjo.<\/p>\n<p>Slovenski filmski center v sodelovanju s filmskimi strokovnimi dru\u0161tvi na festivalu vsako leto podeli nagrado za \u017eivljenjsko delo filmskega ustvarjalca. Do lanske edicije\u00a0 je ta najuglednej\u0161a slovenska strokovna nagrada nosila ime Badjurova nagrada (po znamenitem filmskem ustvarjalcu Metodu Badjuri). Z leto\u0161njim letom pa je bil sprejet predlog za raz\u0161iritev imena, tako da se bo poslej podeljevala Nagrada Milke in Metoda Badjure. S tem se poudarja premnogokrat spregledani doprinos Milke Badjura kot pionirke slovenske kinematografije in skupno ustvarjalno mo\u010d zakoncev Badjura, ki jo je odlikovala kreativnost, vztrajnost in strast do filma.<\/p>\n<p>Zato s podobno strastjo spet vabimo, da pridete oktobra v Portoro\u017e. Na \u017ee 26. Festival slovenskega filma Portoro\u017e. Na lokacijo, ki ima dokazano naklonjenost ve\u010dine slovenskih filmskih ustvarjalcev. Na lokacijo, kjer se je \u017ee ob prej\u0161njih edicijah pokazalo, da je tudi izven visoke sezone na morju lepo. Tako v umetni\u0161ko ustvarjalnem kot tudi vremenskem smislu..<\/p>\n<p style=\"text-align: justify;\"><em>Bojan Labovi\u0107, direktor festivala<\/em><br \/>\n<a href=\"http:\/\/www.fsf.si\">www.fsf.si<\/a><\/p>\n\n\t\t<\/div>\n\t<\/div>\n<\/div><\/div><\/div><\/div>\n","protected":false},"excerpt":{"rendered":"26. Festival slovenskega filma Portoro\u017e \u2013 3. do 8. oktober 2023 Festival slovenskega filma Portoro\u017e je pregled [...]","protected":false},"author":1,"featured_media":0,"parent":0,"menu_order":0,"comment_status":"closed","ping_status":"closed","template":"","meta":[],"acf":[],"yoast_head":"<!-- This site is optimized with the Yoast SEO plugin v19.7.1 - https:\/\/yoast.com\/wordpress\/plugins\/seo\/ -->\n<title>Predstavitev - FSF<\/title>\n<meta name=\"robots\" content=\"index, follow, max-snippet:-1, max-image-preview:large, max-video-preview:-1\" \/>\n<link rel=\"canonical\" href=\"https:\/\/fsf.si\/2023\/predstavitev\/\" \/>\n<meta property=\"og:locale\" content=\"sl_SI\" \/>\n<meta property=\"og:type\" content=\"article\" \/>\n<meta property=\"og:title\" content=\"Predstavitev - FSF\" \/>\n<meta property=\"og:url\" content=\"https:\/\/fsf.si\/2023\/predstavitev\/\" \/>\n<meta property=\"og:site_name\" content=\"FSF\" \/>\n<meta property=\"article:modified_time\" content=\"2023-05-24T17:42:26+00:00\" \/>\n<meta name=\"twitter:card\" content=\"summary_large_image\" \/>\n<meta name=\"twitter:label1\" content=\"Est. reading time\" \/>\n\t<meta name=\"twitter:data1\" content=\"2 minuti\" \/>\n<script type=\"application\/ld+json\" class=\"yoast-schema-graph\">{\"@context\":\"https:\/\/schema.org\",\"@graph\":[{\"@type\":\"WebPage\",\"@id\":\"https:\/\/fsf.si\/2023\/predstavitev\/\",\"url\":\"https:\/\/fsf.si\/2023\/predstavitev\/\",\"name\":\"Predstavitev - FSF\",\"isPartOf\":{\"@id\":\"https:\/\/fsf.si\/2023\/#website\"},\"datePublished\":\"2019-06-07T17:03:14+00:00\",\"dateModified\":\"2023-05-24T17:42:26+00:00\",\"breadcrumb\":{\"@id\":\"https:\/\/fsf.si\/2023\/predstavitev\/#breadcrumb\"},\"inLanguage\":\"sl-SI\",\"potentialAction\":[{\"@type\":\"ReadAction\",\"target\":[\"https:\/\/fsf.si\/2023\/predstavitev\/\"]}]},{\"@type\":\"BreadcrumbList\",\"@id\":\"https:\/\/fsf.si\/2023\/predstavitev\/#breadcrumb\",\"itemListElement\":[{\"@type\":\"ListItem\",\"position\":1,\"name\":\"Home\",\"item\":\"https:\/\/fsf.si\/2023\/\"},{\"@type\":\"ListItem\",\"position\":2,\"name\":\"Predstavitev\"}]},{\"@type\":\"WebSite\",\"@id\":\"https:\/\/fsf.si\/2023\/#website\",\"url\":\"https:\/\/fsf.si\/2023\/\",\"name\":\"FSF\",\"description\":\"Festival Slovenskega Filma\",\"publisher\":{\"@id\":\"https:\/\/fsf.si\/2023\/#organization\"},\"potentialAction\":[{\"@type\":\"SearchAction\",\"target\":{\"@type\":\"EntryPoint\",\"urlTemplate\":\"https:\/\/fsf.si\/2023\/?s={search_term_string}\"},\"query-input\":\"required name=search_term_string\"}],\"inLanguage\":\"sl-SI\"},{\"@type\":\"Organization\",\"@id\":\"https:\/\/fsf.si\/2023\/#organization\",\"name\":\"Festival Slovenskega Filma\",\"url\":\"https:\/\/fsf.si\/2023\/\",\"sameAs\":[],\"logo\":{\"@type\":\"ImageObject\",\"inLanguage\":\"sl-SI\",\"@id\":\"https:\/\/fsf.si\/2023\/#\/schema\/logo\/image\/\",\"url\":\"https:\/\/fsf.si\/2023\/wp-content\/uploads\/2019\/06\/Slider-FSF.png\",\"contentUrl\":\"https:\/\/fsf.si\/2023\/wp-content\/uploads\/2019\/06\/Slider-FSF.png\",\"width\":4800,\"height\":1600,\"caption\":\"Festival Slovenskega Filma\"},\"image\":{\"@id\":\"https:\/\/fsf.si\/2023\/#\/schema\/logo\/image\/\"}}]}<\/script>\n<!-- \/ Yoast SEO plugin. -->","yoast_head_json":{"title":"Predstavitev - FSF","robots":{"index":"index","follow":"follow","max-snippet":"max-snippet:-1","max-image-preview":"max-image-preview:large","max-video-preview":"max-video-preview:-1"},"canonical":"https:\/\/fsf.si\/2023\/predstavitev\/","og_locale":"sl_SI","og_type":"article","og_title":"Predstavitev - FSF","og_url":"https:\/\/fsf.si\/2023\/predstavitev\/","og_site_name":"FSF","article_modified_time":"2023-05-24T17:42:26+00:00","twitter_card":"summary_large_image","twitter_misc":{"Est. reading time":"2 minuti"},"schema":{"@context":"https:\/\/schema.org","@graph":[{"@type":"WebPage","@id":"https:\/\/fsf.si\/2023\/predstavitev\/","url":"https:\/\/fsf.si\/2023\/predstavitev\/","name":"Predstavitev - FSF","isPartOf":{"@id":"https:\/\/fsf.si\/2023\/#website"},"datePublished":"2019-06-07T17:03:14+00:00","dateModified":"2023-05-24T17:42:26+00:00","breadcrumb":{"@id":"https:\/\/fsf.si\/2023\/predstavitev\/#breadcrumb"},"inLanguage":"sl-SI","potentialAction":[{"@type":"ReadAction","target":["https:\/\/fsf.si\/2023\/predstavitev\/"]}]},{"@type":"BreadcrumbList","@id":"https:\/\/fsf.si\/2023\/predstavitev\/#breadcrumb","itemListElement":[{"@type":"ListItem","position":1,"name":"Home","item":"https:\/\/fsf.si\/2023\/"},{"@type":"ListItem","position":2,"name":"Predstavitev"}]},{"@type":"WebSite","@id":"https:\/\/fsf.si\/2023\/#website","url":"https:\/\/fsf.si\/2023\/","name":"FSF","description":"Festival Slovenskega Filma","publisher":{"@id":"https:\/\/fsf.si\/2023\/#organization"},"potentialAction":[{"@type":"SearchAction","target":{"@type":"EntryPoint","urlTemplate":"https:\/\/fsf.si\/2023\/?s={search_term_string}"},"query-input":"required name=search_term_string"}],"inLanguage":"sl-SI"},{"@type":"Organization","@id":"https:\/\/fsf.si\/2023\/#organization","name":"Festival Slovenskega Filma","url":"https:\/\/fsf.si\/2023\/","sameAs":[],"logo":{"@type":"ImageObject","inLanguage":"sl-SI","@id":"https:\/\/fsf.si\/2023\/#\/schema\/logo\/image\/","url":"https:\/\/fsf.si\/2023\/wp-content\/uploads\/2019\/06\/Slider-FSF.png","contentUrl":"https:\/\/fsf.si\/2023\/wp-content\/uploads\/2019\/06\/Slider-FSF.png","width":4800,"height":1600,"caption":"Festival Slovenskega Filma"},"image":{"@id":"https:\/\/fsf.si\/2023\/#\/schema\/logo\/image\/"}}]}},"_links":{"self":[{"href":"https:\/\/fsf.si\/2023\/wp-json\/wp\/v2\/pages\/4654"}],"collection":[{"href":"https:\/\/fsf.si\/2023\/wp-json\/wp\/v2\/pages"}],"about":[{"href":"https:\/\/fsf.si\/2023\/wp-json\/wp\/v2\/types\/page"}],"author":[{"embeddable":true,"href":"https:\/\/fsf.si\/2023\/wp-json\/wp\/v2\/users\/1"}],"replies":[{"embeddable":true,"href":"https:\/\/fsf.si\/2023\/wp-json\/wp\/v2\/comments?post=4654"}],"version-history":[{"count":31,"href":"https:\/\/fsf.si\/2023\/wp-json\/wp\/v2\/pages\/4654\/revisions"}],"predecessor-version":[{"id":23440,"href":"https:\/\/fsf.si\/2023\/wp-json\/wp\/v2\/pages\/4654\/revisions\/23440"}],"wp:attachment":[{"href":"https:\/\/fsf.si\/2023\/wp-json\/wp\/v2\/media?parent=4654"}],"curies":[{"name":"wp","href":"https:\/\/api.w.org\/{rel}","templated":true}]}}