{"id":6818,"date":"2019-07-26T21:22:48","date_gmt":"2019-07-26T16:22:48","guid":{"rendered":"http:\/\/www.fsf.si\/2019\/?page_id=6818"},"modified":"2023-10-06T12:31:11","modified_gmt":"2023-10-06T10:31:11","slug":"industry-programme","status":"publish","type":"page","link":"https:\/\/fsf.si\/2023\/en\/industry-programme\/","title":{"rendered":"Industry Programme"},"content":{"rendered":"<div class=\"vc_row wpb_row vc_row-fluid jury-team-item\" ><div class=\"wpb_column vc_column_container vc_col-sm-12\"><div class=\"vc_column-inner\"><div class=\"wpb_wrapper\">\n\t<div class=\"wpb_text_column wpb_content_element \" >\n\t\t<div class=\"wpb_wrapper\">\n\t\t\t<p><strong>INDUSTRY EVENTS<\/strong><\/p>\n<p>&nbsp;<\/p>\n<p><strong>WEDNESDAY<\/strong><strong>, 4. oktober<\/strong><\/p>\n<p><strong>\u00a0<\/strong><\/p>\n<p><strong>10.00, Zelena dvorana Green Hall<\/strong><\/p>\n<p><strong>\u00a0<\/strong><\/p>\n<p>&nbsp;<\/p>\n<p>Marta Andreu: EVERY FILM BEGINS WITH A LOSS AND ENDS WITH A REVELATION<\/p>\n<p>&nbsp;<\/p>\n<p>I like to believe a film is a filmmaker&#8217;s response to the world. \u00a0And we could all agree on one thing that would define our world today: it is rapidly changing. How to respond to this change? How to film it?\u00a0In French, there is an expression to designate the sunset and the sunrise. That moment in-between day and night. The saying goes, \u201cEntre chien et loup\u201d (\u201cbetween dog and wolf\u201d), and it refers to the doubt of the Sheppard, who cannot distinguish if the figure approaching in the distance is a dog or a wolf. Therefore, he doesn\u2019t know whether he needs to protect the herd or whether he can stay calm. So&#8230; the shepherd will have to sharpen his eyesight and look twice. This hour (\u201cbetween dog and wolf\u201d),\u00a0when things are not what they were anymore but are not what they will be, forces us to do something crucial for filmmaking: learn how to look to see better. The truth is that dealing with &#8220;what transforms&#8221;, in many senses, is what cinema has been doing since the beginning. Filmmaking itself could be understood as a continuous process of transformation and discovery. I will put it in other words: every film begins with a loss and ends with a revelation.<\/p>\n<p>&nbsp;<\/p>\n<p>In cooperation with RE-ACT and Torino Film Lab.<\/p>\n<p>&nbsp;<\/p>\n<p>The event will be held in English.<\/p>\n<p>&nbsp;<\/p>\n<p><strong>\u00a0<\/strong><\/p>\n<p><strong>12.00, Zelena dvorana Green Hall<\/strong><\/p>\n<p>&nbsp;<\/p>\n<p>PRESENTATION OF THE BOOK &#8216;Lighting Design for TV and Cinema&#8217;<\/p>\n<p>&nbsp;<\/p>\n<p>&nbsp;<\/p>\n<p>The book &#8216;Lighting Design for TV and Cinema&#8217; (Oblikovanje svjetla za televiziju i film) by Boris Popovi\u0107, a full professor at the Academy of Dramatic Art Zagreb, took eight years to write, and the knowledge it holds is largely universal and timeless, based not so much on technology, but on physics, art theory, psychology, art history, etc. The translator of the book, \u0160pela Per\u0161in, language editor Nata\u0161a Purkat, and director of photography Jure \u010cernec, ZFS, join us for the presentation of the Slovenian translation of the book to discuss the reasons for, purpose of, and vital need for such translations, and the dilemmas they faced while working on the book.<\/p>\n<p>&nbsp;<\/p>\n<p>&nbsp;<\/p>\n<p><strong>14.00, Main Hall<\/strong><\/p>\n<p><strong>\u00a0<\/strong><\/p>\n<p>101<sup>ST<\/sup> BIRTH ANNIVERSARY OF IVAN MARIN\u010cEK: Screening of the film <em>Ivan \u201c\u017dan\u201d<\/em> <em>Marin\u010dek <\/em>with a conversation about Marin\u010dek\u2019s life and work<\/p>\n<p>&nbsp;<\/p>\n<p>A documentary short about the recently deceased veteran director of photography Ivan \u201c\u017dan\u201d Marin\u010dek, a pioneer of Slovenian cinema. From the account, we learn about his first adolescent insights into the magic of moving images, and his professional beginnings in the nascent Slovenian cinema. Tracing the contours of his creative life, lavishly illustrated with excerpts from Marin\u010dek\u2019s key works, is the film critic and writer Marcel \u0160tefan\u010di\u010d, Jr. After the screening, Marin\u010dek\u2019s daughter Sonja Kodri\u010d, his long-term friend Borko Rade\u0161\u010dek, and the film&#8217;s director Radovan \u010cok share their thoughts and recollections.<\/p>\n<p>&nbsp;<\/p>\n<p>&nbsp;<\/p>\n<p><strong>16.00, Foyer<\/strong><\/p>\n<p>&nbsp;<\/p>\n<p>EXHIBITION OPENING TO MARK THE 101<sup>ST<\/sup> BIRTH ANNIVERSARY OF IVAN MARIN\u010cEK<\/p>\n<p>&nbsp;<\/p>\n<p>&nbsp;<\/p>\n<p>As a DoP, Ivan \u201c\u017dan\u201d Marin\u010dek was part of the community that laid the foundations for Slovenian cinema. He was the cinematographer for <em>On Our Own Land<\/em> (France \u0160tiglic, 1948), the first Slovenian feature-length sound fiction film, <em>Kekec<\/em> (Jo\u017ee Gale, 1951), and <em>Mountain of Fear<\/em> (Jo\u017ee Gale, 1963), the first Slovenian feature film shot on colour film stock. To mark the 101st anniversary of Marin\u010dek\u2019s birth, the Slovene Association of Cinematographers (ZFS), in collaboration with the Slovenian Cinematheque, puts on a photography exhibition with glimpses into the professional and private life of this legendary filmmaker.<\/p>\n<p><strong>\u00a0<\/strong><\/p>\n<p><strong>THURSDAY<\/strong><strong>, 5. oktober<\/strong><\/p>\n<p><strong>\u00a0<\/strong><\/p>\n<p><strong>09.00\u201313.00, Green Hall<\/strong><\/p>\n<p><strong>\u00a0<\/strong><\/p>\n<p>PRESENTATION OF THE STUDY STRATEGIC AV INDUSTRY DEVELOPMENT PLAN TO 2030<\/p>\n<p>&nbsp;<\/p>\n<p>09.00<\/p>\n<p>MEET &amp; GREET: The Slovenian Federation of Filmmakers&#8217; Guilds (ZDSFU) and AIPA<\/p>\n<p><strong>\u00a0<\/strong><\/p>\n<p>10.00<\/p>\n<p>PRESENTATION OF THE STUDY Strategic AV Industry Development Plan to 2030<\/p>\n<p>&nbsp;<\/p>\n<p>In collaboration with AIPA, an organisation for the collective enforcement and securing of the rights of the authors, performers, and producers of audiovisual works, ZDSFU organises a detailed presentation of &#8216;Strategic AV Industry Development Plan to 2030&#8217;, a study aiming to increase the role of the audiovisual industry in Slovenia&#8217;s economic and creative sectors and strengthen its position in the Slovenian cultural landscape. The event consists of:<\/p>\n<p>&nbsp;<\/p>\n<ol>\n<li>Presentation of general and political frameworks in the effort to step up the development of AV industry in Slovenia (Klemen Dvornik, ZDSFU Chair), and a detailed presentation of the study (\u017diga Urankar, Deloitte);<\/li>\n<li>Panel discussion about the study\u2019s key findings for implementation in Slovenia, with representatives of ZDSFU who helped conduct the study.<\/li>\n<\/ol>\n<p>&nbsp;<\/p>\n<p><strong>\u00a0<\/strong><\/p>\n<p><strong>16.30, Main Hall<\/strong><\/p>\n<p>&nbsp;<\/p>\n<p>CELEBRATING WITH KINODVOR AND SLOVENIAN CINEMATHEQUE: Screening of <em>Home Is Where the Light Is<\/em> with a conversation with key players from Slovenian cinemas<\/p>\n<p>&nbsp;<\/p>\n<p>In 2023, when the Kinodvor City Cinema marks three important anniversaries \u2013 the centenary of the cinema itself, the 20th anniversary of the art cinema and the 15th anniversary of Kinodvor Public Institution; and when the Slovenian Cinematheque celebrates the 60th anniversary of the opening of its hall, it is only fitting to talk about the people who make film screenings happen: projectionists. Through personal accounts of three projectionists, <em>Home Is Where the Light Is <\/em>discusses the past, present, and future of their profession. Following the screening, the filmmakers, featured professionals, and others to thank for our cinema experience discuss this vital craft in the world of cinema.<\/p>\n<p>&nbsp;<\/p>\n<p><strong>\u00a0<\/strong><\/p>\n<p><strong>17.00, Amphitheatre<\/strong><\/p>\n<p><em>\u00a0<\/em><\/p>\n<p>2<sup>ND<\/sup> FILM STUDENT NETWORKING EVENT<\/p>\n<p>&nbsp;<\/p>\n<p>&nbsp;<\/p>\n<p>For the second edition of the networking event for film students, the Academy of Fine Arts and Design, University of Ljubljana, joins the School of Arts, University of Nova Gorica, and the Academy of Theatre, Radio, Film, and Television, University of Ljubljana, in bringing their students together to meet and share their impressions of the filmmaking process. This year, the event is organised by the UNG School of Arts.<\/p>\n<p>&nbsp;<\/p>\n<p><strong>\u00a0<\/strong><\/p>\n<p>CONCERT BY ANBOT<\/p>\n<p>&nbsp;<\/p>\n<p>Led by the composer Aldo Kumar, Anbot is a group that brings together musicians of various musical skills and diverse professional missions, from professional musicians to a translator, judge, manager, visual artist, and film producer. Their repertoire includes songs from Balkan and Asian nations (Macedonia, Bulgaria, Romania), Italian film themes (Fellini \u2013 Amarcord), Irish and French folk motifs, old Latin hits, klezmer (music originating in the Jewish tradition that is found in eastern European countries), and many other songs that evoke nostalgia with their melodic impulses and paint the landscape of a time when live music still connected people with the warmth of its expressiveness.<\/p>\n<p>&nbsp;<\/p>\n<p><strong>FRIDAY<\/strong><strong>, 6. oktober<\/strong><\/p>\n<p>&nbsp;<\/p>\n<p><strong>9.00\u201313.30, Green Hall<\/strong><\/p>\n<p>&nbsp;<\/p>\n<p>FILM PROJECT PROMOTION AND DISTRIBUTION IN SLOVENIA<\/p>\n<p>&nbsp;<\/p>\n<p>In 2023, the Slovenian Film Centre is planning and implementing several activities aimed at encouraging the development of domestic promotion and distribution of Slovenian cinema. To this end, Slovenian producers and distributors are invited to join us for a workshop on film project promotion and distribution planning and implementation in line with contemporary trends of planning strategic audience-oriented marketing campaigns. Topics include the use of specific marketing tools, digital PR and marketing, social media engagement, and traditional media.<\/p>\n<p>&nbsp;<\/p>\n<p>Workshop participants can expect to learn about good practice examples, modern ways of engaging audiences, and changes in accessing the funds for film project promotion and distribution in Slovenia.<\/p>\n<p>&nbsp;<\/p>\n<p>&nbsp;<\/p>\n<p><strong>14.00, Green Hall<\/strong><\/p>\n<p>&nbsp;<\/p>\n<p>CONVERSATION ABOUT FILM MUSIC<\/p>\n<p>&nbsp;<\/p>\n<p>&nbsp;<\/p>\n<p>Music can play a key role in setting the atmosphere of a scene or the entire film. Aldo Kumar, a composer responsible for film scores in many Slovenian films, talks to two prominent musicians who also dedicate much of their time to creating music for cinema: Mitja Vrhovnik Smrekar and Drago Ivanu\u0161a. They discuss some of the key questions that usually surface when composing music for films, be it features, documentaries or shorts: where and how do the composer and the director find common ground, what are the key elements in composing the score, how does film music differ from concert music, and how does music affect the perception of the film?<\/p>\n<p>&nbsp;<\/p>\n<p><strong>15.00, Main Hall<\/strong><\/p>\n<p>&nbsp;<\/p>\n<p>KARPO GODINA TURNS 80: Screening of <em>Karpotrotter<\/em> with a conversation with the director and his subject<\/p>\n<p>&nbsp;<\/p>\n<p>Around 1970, Karpo Godina as a young filmmaker took his camera on a trip around Vojvodina to make an unusual \u201croad movie\u201d. Called <em>Imam jednu ku\u0107u<\/em>, only fragments of the film have survived to this day. Forty years on, another camera makes the same journey, putting together and imagining the travels of the young K. G. <em>Karpotrotter <\/em>is a meditation on cinema, art, and (cinema) memory, a screenwriter and director Matja\u017e Ivani\u0161in\u2019s homage to the filmmaker and passionate film innovator. We join Ivani\u0161in in honouring Godina with a screening of <em>Karpotrotter<\/em> to celebrate his 80th birthday. After the screening, Veronika Zakonj\u0161ek talks to the director Matja\u017e Ivani\u0161in and his subject Karpo Godina.<\/p>\n<p>&nbsp;<\/p>\n<p>&nbsp;<\/p>\n<p><strong>17.00, White Hall<\/strong><\/p>\n<p>&nbsp;<\/p>\n<p>DRAGOMIR ZUPANC: FRIEND OF SLOVENIAN CINEMA, screening and conversation<\/p>\n<p>&nbsp;<\/p>\n<p>&nbsp;<\/p>\n<p>Dragomir Zupanc was still a student when he formed a strong bond with Slovenian cinema. \u201cMy first cinematheque was in Belgrade, on Kosovska Street. The second and fateful one was in Ljubljana, on Miklo\u0161i\u010deva Street.\u201d Later, as an established film critic based in Belgrade, he worked with Ekran Magazine, gradually specialising in Slovenian topics. His first trip to a festival in Portoro\u017e was in 1976. Since 2008, he has been a regular at the Slovenian national film festival as a reporter or filmmaker. Since 2014, he has organised the Days of Slovenian Cinema at the Yugoslav Cinematheque. We talk to Dragomir Zupanc, the 2023 Friend of Slovenian Cinema, and his guests after the screening of his short TV films <em>Spyglass<\/em> and <em>The Ugly Ones<\/em>.<\/p>\n<p>&nbsp;<\/p>\n<p><strong>SATURDAY<\/strong><strong>, 7. oktober<\/strong><\/p>\n<p>&nbsp;<\/p>\n<p><strong>9.00, Green Hall<\/strong><\/p>\n<p>&nbsp;<\/p>\n<p>MOTOVILA&#8217;S MEDIA INFORMATION DAY<\/p>\n<p><em>\u00a0<\/em><\/p>\n<p>Motovila (CED Slovenia) organises a MEDIA information day on 2024 calls for proposals for all interested organisations from the audiovisual sector, to introduce the priorities of the Creative Europe MEDIA calls for proposals for 2024 in two of the four clusters: content and audience. The event focuses on the calls that generate the most interest. We will also highlight the process of green transition, which all applicants to MEDIA calls must address with concrete actions.<\/p>\n<p>&nbsp;<\/p>\n<p><em>MOTOVILA (www.motovila.si) is a non-governmental institute implementing information, advisory, training, networking and promotion activities to encourage transnational and cross-sectoral cooperation.<\/em><\/p>\n<p>&nbsp;<\/p>\n<p>&nbsp;<\/p>\n<p><strong>10.00, Green Hall<\/strong><\/p>\n<p>&nbsp;<\/p>\n<p>WORKSHOP PRESENTATION AND CLOSING SESSIONS<\/p>\n<p>&nbsp;<\/p>\n<p>The Directors Guild of Slovenia (DSR) invites you to a presentation and closing sessions of three workshops:<\/p>\n<p>&nbsp;<\/p>\n<p>\u2018Kratka scena\u2019, a short film script development workshop, is organised, as of 2023, in a creative partnership between DSR and the Society for short film promotion Kraken. An introduction of the workshop and its programme by the head of the workshop, Peter Cerov\u0161ek, is followed by project pitches by the participants of its 8th edition.<\/p>\n<p>&nbsp;<\/p>\n<p>\u2018Dokumentarnica\u2019, a documentary filmmaking lab, has been underway for the third year with directors Matja\u017e Ivani\u0161in, Rok Bi\u010dek, and Petra Seli\u0161kar. A presentation of the workshop by its tutors is followed by participants\u2019 presentations.<\/p>\n<p>&nbsp;<\/p>\n<p>\u2018Scenarnica\u2019, an intensive feature film script development workshop on how to turn an idea into the first version of the screenplay, has seen its eighth edition, this time with the screenwriter and director Sr\u0111an Kojlevi\u0107. A presentation of the workshop by its artistic head Matev\u017e Luzar is followed by project pitches by the participants, who will also read short excepts from their scripts.<\/p>\n<p>&nbsp;<\/p>\n<p>All three workshops are funded by the Slovenian Film Centre.<\/p>\n<p>&nbsp;<\/p>\n<p>&nbsp;<\/p>\n<p><strong>14.00, Amphitheatre<\/strong><\/p>\n<p>&nbsp;<\/p>\n<p>DSR LUNCH<\/p>\n<p>&nbsp;<\/p>\n<p>All film enthusiasts are welcome: professionals or professionals-to-be.<\/p>\n<p>The Saturday afternoon get-together is hosted by the Directors Guild of Slovenia (DSR) and the Slovenian Film Centre.<\/p>\n<p>&nbsp;<\/p>\n<p>KOSOBRIN AWARDS CEREMONY<\/p>\n<p>&nbsp;<\/p>\n<p>At the 9th Kosobrin Awards Ceremony, the Directors Guild of Slovenia presents its 2023<\/p>\n<p>Kosobrin Award for a priceless crew member.<\/p>\n<p>This year\u2019s winner is Joco \u017divec, Location Manager.<\/p>\n<p>The Kosobrin Awards Ceremony is part of \u2018Evenings of the Directors Guild of Slovenia\u2019, a<\/p>\n<p>programme funded by the Slovenian Film Centre.<\/p>\n<p>&nbsp;<\/p>\n<p>&nbsp;<\/p>\n<p>NEODVISNA \u0160AHOVSKA CONA<\/p>\n<p>&nbsp;<\/p>\n<p>Come join us for a game of chess, a royal game that requires no special gear. Just sit at one of<\/p>\n<p>the two tables equipped with a chessboard, and we guarantee you won\u2019t have to wait long for another sharp mind to join you.<\/p>\n<p>The tournament is organised by the Chess Division of the Directors Guild of Slovenia (DSR).<\/p>\n<p>&nbsp;<\/p>\n<p>&nbsp;<\/p>\n<p>\/<\/p>\n<p><strong>\u00a0<\/strong><\/p>\n<p><strong>15.00\u201317.00, White Hall<\/strong><\/p>\n<p>&nbsp;<\/p>\n<p>MOTOVILA&#8217;S POP-UP OFFICE &#8211; <strong>cancelled<\/strong><\/p>\n<p>&nbsp;<\/p>\n<p>Motovila opens a pop-up office for short informative meetings or individual consultations. Join us to find out more about EU opportunities for international cooperation in culture, cinema, and creative sectors. Together, we can see if your project is eligible for funding under the Creative Europe programme.<\/p>\n<p>&nbsp;<\/p>\n<p>&nbsp;<\/p>\n<p><strong>15.30, Main Hall<\/strong><\/p>\n<p>&nbsp;<\/p>\n<p>HOMAGE TO RADKO POLI\u010c: Screening of <em>Good Times, Bad Times<\/em> with conversation<\/p>\n<p>&nbsp;<\/p>\n<p>Nevio Marasovi\u0107&#8217;s <em>Good Times, Bad Times<\/em> is considered the last film featuring the late, legendary Slovenian actor Radko \u201cRac\u201d Poli\u010d. In the film, Poli\u010d appears in the leading role as a tired old man who sits in a restaurant, observing the guests who turn out to play out the key scenes from his life, forcing him to face the life decisions that turned him into the man he is now. The screening is followed by a conversation with the director and the producer.<\/p>\n<p>&nbsp;<\/p>\n<p>The conversation will be held in Croatian.<\/p>\n<p><strong>\u00a0<\/strong><\/p>\n<p><strong>SUNDAY<\/strong><strong>, 8. oktober<\/strong><\/p>\n<p>&nbsp;<\/p>\n<p><strong>11.00, Green Hall<\/strong><\/p>\n<p>&nbsp;<\/p>\n<p>SUSTAINABLE PRACTICES IN FILM INDUSTRY<\/p>\n<p>&nbsp;<\/p>\n<p>&nbsp;<\/p>\n<p>Reducing our carbon footprint is increasingly becoming our shared responsibility. Can the film industry contribute to change by implementing good practices? And is it even possible to start this process given the limited funding? The panel aims to encourage debate about sustainable practices in film production in Slovenia by introducing local and international examples of good practice in catering, waste management, set construction, and content writing.<\/p>\n<p>That said, is it enough to recycle and distribute reusable water bottles? Or does the greening of film production actually rely on things such as LED spotlights, battery-powered generators, and electric cars? And most importantly, do we have the means and the will to make sustainable film production a reality?<\/p>\n<p>&nbsp;<\/p>\n<p>The event will be held in English.<\/p>\n\n\t\t<\/div>\n\t<\/div>\n<\/div><\/div><\/div><\/div>\n","protected":false},"excerpt":{"rendered":"INDUSTRY EVENTS &nbsp; WEDNESDAY, 4. oktober \u00a0 10.00, Zelena dvorana Green Hall \u00a0 &nbsp; Marta Andreu: EVERY [...]","protected":false},"author":1,"featured_media":0,"parent":0,"menu_order":0,"comment_status":"closed","ping_status":"closed","template":"","meta":[],"acf":[],"yoast_head":"<!-- This site is optimized with the Yoast SEO plugin v19.7.1 - https:\/\/yoast.com\/wordpress\/plugins\/seo\/ -->\n<title>Industry Programme - FSF<\/title>\n<meta name=\"robots\" content=\"index, follow, max-snippet:-1, max-image-preview:large, max-video-preview:-1\" \/>\n<link rel=\"canonical\" href=\"https:\/\/fsf.si\/2023\/industry-programme\/\" \/>\n<meta property=\"og:locale\" content=\"sl_SI\" \/>\n<meta property=\"og:type\" content=\"article\" \/>\n<meta property=\"og:title\" content=\"Industry Programme - FSF\" \/>\n<meta property=\"og:url\" content=\"https:\/\/fsf.si\/2023\/en\/industry-programme\/\" \/>\n<meta property=\"og:site_name\" content=\"FSF\" \/>\n<meta property=\"article:modified_time\" content=\"2023-10-06T10:31:11+00:00\" \/>\n<meta name=\"twitter:card\" content=\"summary_large_image\" \/>\n<meta name=\"twitter:label1\" content=\"Est. reading time\" \/>\n\t<meta name=\"twitter:data1\" content=\"13 minut\" \/>\n<script type=\"application\/ld+json\" class=\"yoast-schema-graph\">{\"@context\":\"https:\/\/schema.org\",\"@graph\":[{\"@type\":\"WebPage\",\"@id\":\"https:\/\/fsf.si\/2023\/en\/industry-programme\/\",\"url\":\"https:\/\/fsf.si\/2023\/en\/industry-programme\/\",\"name\":\"Industry Programme - FSF\",\"isPartOf\":{\"@id\":\"https:\/\/fsf.si\/2023\/#website\"},\"datePublished\":\"2019-07-26T16:22:48+00:00\",\"dateModified\":\"2023-10-06T10:31:11+00:00\",\"breadcrumb\":{\"@id\":\"https:\/\/fsf.si\/2023\/en\/industry-programme\/#breadcrumb\"},\"inLanguage\":\"sl-SI\",\"potentialAction\":[{\"@type\":\"ReadAction\",\"target\":[\"https:\/\/fsf.si\/2023\/en\/industry-programme\/\"]}]},{\"@type\":\"BreadcrumbList\",\"@id\":\"https:\/\/fsf.si\/2023\/en\/industry-programme\/#breadcrumb\",\"itemListElement\":[{\"@type\":\"ListItem\",\"position\":1,\"name\":\"Home\",\"item\":\"https:\/\/fsf.si\/2023\/\"},{\"@type\":\"ListItem\",\"position\":2,\"name\":\"Industry Programme\"}]},{\"@type\":\"WebSite\",\"@id\":\"https:\/\/fsf.si\/2023\/#website\",\"url\":\"https:\/\/fsf.si\/2023\/\",\"name\":\"FSF\",\"description\":\"Festival Slovenskega Filma\",\"publisher\":{\"@id\":\"https:\/\/fsf.si\/2023\/#organization\"},\"potentialAction\":[{\"@type\":\"SearchAction\",\"target\":{\"@type\":\"EntryPoint\",\"urlTemplate\":\"https:\/\/fsf.si\/2023\/?s={search_term_string}\"},\"query-input\":\"required name=search_term_string\"}],\"inLanguage\":\"sl-SI\"},{\"@type\":\"Organization\",\"@id\":\"https:\/\/fsf.si\/2023\/#organization\",\"name\":\"Festival Slovenskega Filma\",\"url\":\"https:\/\/fsf.si\/2023\/\",\"sameAs\":[],\"logo\":{\"@type\":\"ImageObject\",\"inLanguage\":\"sl-SI\",\"@id\":\"https:\/\/fsf.si\/2023\/#\/schema\/logo\/image\/\",\"url\":\"https:\/\/fsf.si\/2023\/wp-content\/uploads\/2019\/06\/Slider-FSF.png\",\"contentUrl\":\"https:\/\/fsf.si\/2023\/wp-content\/uploads\/2019\/06\/Slider-FSF.png\",\"width\":4800,\"height\":1600,\"caption\":\"Festival Slovenskega Filma\"},\"image\":{\"@id\":\"https:\/\/fsf.si\/2023\/#\/schema\/logo\/image\/\"}}]}<\/script>\n<!-- \/ Yoast SEO plugin. -->","yoast_head_json":{"title":"Industry Programme - FSF","robots":{"index":"index","follow":"follow","max-snippet":"max-snippet:-1","max-image-preview":"max-image-preview:large","max-video-preview":"max-video-preview:-1"},"canonical":"https:\/\/fsf.si\/2023\/industry-programme\/","og_locale":"sl_SI","og_type":"article","og_title":"Industry Programme - FSF","og_url":"https:\/\/fsf.si\/2023\/en\/industry-programme\/","og_site_name":"FSF","article_modified_time":"2023-10-06T10:31:11+00:00","twitter_card":"summary_large_image","twitter_misc":{"Est. reading time":"13 minut"},"schema":{"@context":"https:\/\/schema.org","@graph":[{"@type":"WebPage","@id":"https:\/\/fsf.si\/2023\/en\/industry-programme\/","url":"https:\/\/fsf.si\/2023\/en\/industry-programme\/","name":"Industry Programme - FSF","isPartOf":{"@id":"https:\/\/fsf.si\/2023\/#website"},"datePublished":"2019-07-26T16:22:48+00:00","dateModified":"2023-10-06T10:31:11+00:00","breadcrumb":{"@id":"https:\/\/fsf.si\/2023\/en\/industry-programme\/#breadcrumb"},"inLanguage":"sl-SI","potentialAction":[{"@type":"ReadAction","target":["https:\/\/fsf.si\/2023\/en\/industry-programme\/"]}]},{"@type":"BreadcrumbList","@id":"https:\/\/fsf.si\/2023\/en\/industry-programme\/#breadcrumb","itemListElement":[{"@type":"ListItem","position":1,"name":"Home","item":"https:\/\/fsf.si\/2023\/"},{"@type":"ListItem","position":2,"name":"Industry Programme"}]},{"@type":"WebSite","@id":"https:\/\/fsf.si\/2023\/#website","url":"https:\/\/fsf.si\/2023\/","name":"FSF","description":"Festival Slovenskega Filma","publisher":{"@id":"https:\/\/fsf.si\/2023\/#organization"},"potentialAction":[{"@type":"SearchAction","target":{"@type":"EntryPoint","urlTemplate":"https:\/\/fsf.si\/2023\/?s={search_term_string}"},"query-input":"required name=search_term_string"}],"inLanguage":"sl-SI"},{"@type":"Organization","@id":"https:\/\/fsf.si\/2023\/#organization","name":"Festival Slovenskega Filma","url":"https:\/\/fsf.si\/2023\/","sameAs":[],"logo":{"@type":"ImageObject","inLanguage":"sl-SI","@id":"https:\/\/fsf.si\/2023\/#\/schema\/logo\/image\/","url":"https:\/\/fsf.si\/2023\/wp-content\/uploads\/2019\/06\/Slider-FSF.png","contentUrl":"https:\/\/fsf.si\/2023\/wp-content\/uploads\/2019\/06\/Slider-FSF.png","width":4800,"height":1600,"caption":"Festival Slovenskega Filma"},"image":{"@id":"https:\/\/fsf.si\/2023\/#\/schema\/logo\/image\/"}}]}},"_links":{"self":[{"href":"https:\/\/fsf.si\/2023\/wp-json\/wp\/v2\/pages\/6818"}],"collection":[{"href":"https:\/\/fsf.si\/2023\/wp-json\/wp\/v2\/pages"}],"about":[{"href":"https:\/\/fsf.si\/2023\/wp-json\/wp\/v2\/types\/page"}],"author":[{"embeddable":true,"href":"https:\/\/fsf.si\/2023\/wp-json\/wp\/v2\/users\/1"}],"replies":[{"embeddable":true,"href":"https:\/\/fsf.si\/2023\/wp-json\/wp\/v2\/comments?post=6818"}],"version-history":[{"count":29,"href":"https:\/\/fsf.si\/2023\/wp-json\/wp\/v2\/pages\/6818\/revisions"}],"predecessor-version":[{"id":25767,"href":"https:\/\/fsf.si\/2023\/wp-json\/wp\/v2\/pages\/6818\/revisions\/25767"}],"wp:attachment":[{"href":"https:\/\/fsf.si\/2023\/wp-json\/wp\/v2\/media?parent=6818"}],"curies":[{"name":"wp","href":"https:\/\/api.w.org\/{rel}","templated":true}]}}