{"id":8025,"date":"2019-08-25T18:23:20","date_gmt":"2019-08-25T13:23:20","guid":{"rendered":"http:\/\/www.fsf.si\/2019\/?page_id=8025"},"modified":"2023-09-19T22:15:03","modified_gmt":"2023-09-19T20:15:03","slug":"jury","status":"publish","type":"page","link":"https:\/\/fsf.si\/2023\/en\/jury\/","title":{"rendered":"Jury"},"content":{"rendered":"<div class=\"vc_row wpb_row vc_row-fluid\" ><div class=\"wpb_column vc_column_container vc_col-sm-12\"><div class=\"vc_column-inner\"><div class=\"wpb_wrapper\"><div class=\"vc_empty_space\"   style=\"height: 32px\"><span class=\"vc_empty_space_inner\"><\/span><\/div><div id=\"ts-vcsc-textillate-2544972\" class=\"ts-textillate   \" data-loop=\"false\" data-delay=\"100\" data-in-effect=\"ts-composer-css-bounce\" data-in-sync=\"false\" data-in-shuffle=\"false\" data-in-reverse=\"false\"  style=\"color: #000000 !important; font-size: 36px; line-height: 36px; font-weight: inherit; text-align: left; margin-top: 0px; margin-bottom: 0px;\">Jury for feature films<\/div><div class=\"vc_row wpb_row vc_inner vc_row-fluid jury-team-item\" ><div class=\"wpb_column vc_column_container vc_col-sm-3\"><div class=\"vc_column-inner\"><div class=\"wpb_wrapper\">\n\t<div  class=\"wpb_single_image wpb_content_element vc_align_left\">\n\t\t\n\t\t<figure class=\"wpb_wrapper vc_figure\">\n\t\t\t<div class=\"vc_single_image-wrapper vc_box_circle  vc_box_border_grey\"><img width=\"250\" height=\"250\" src=\"https:\/\/fsf.si\/2023\/wp-content\/uploads\/2023\/09\/1.jpg\" class=\"vc_single_image-img attachment-full\" alt=\"\" loading=\"lazy\" \/><\/div>\n\t\t<\/figure>\n\t<\/div>\n<\/div><\/div><\/div><div class=\"wpb_column vc_column_container vc_col-sm-9\"><div class=\"vc_column-inner\"><div class=\"wpb_wrapper\">\n\t<div class=\"wpb_text_column wpb_content_element \" >\n\t\t<div class=\"wpb_wrapper\">\n\t\t\t<h1>ANU\u0160A KODELJA<\/h1>\n<h2>theatre and film actress<\/h2>\n<p style=\"text-align: justify;\">Anu\u0161a Kodelja graduated in acting and joined the Slovene National Theatre Nova Gorica company in 2020. Meanwhile, she worked on her own projects, collaborating with both the independent scene and international productions. After two years of permanent employment, she decided to continue her career as a freelancer. Her first appearances on film came in graduate projects during her studies, while her first role in a feature was in Marko \u0160anti\u0107\u2019s Together. For her role in Bitch, A Derogatory Term for a Woman, she won the Vesna Award for best actress in a supporting role at the 2021 FSF in Portoro\u017e. To complement her acting jobs, Kodelja has participated in training programmes, most recently in the Sarajevo Talents programme in 2022 and the ReActing as a star programme in 2023.<\/p>\n\n\t\t<\/div>\n\t<\/div>\n<\/div><\/div><\/div><\/div><div class=\"vc_row wpb_row vc_inner vc_row-fluid jury-team-item\" ><div class=\"wpb_column vc_column_container vc_col-sm-3\"><div class=\"vc_column-inner\"><div class=\"wpb_wrapper\">\n\t<div  class=\"wpb_single_image wpb_content_element vc_align_left\">\n\t\t\n\t\t<figure class=\"wpb_wrapper vc_figure\">\n\t\t\t<div class=\"vc_single_image-wrapper vc_box_circle  vc_box_border_grey\"><img width=\"250\" height=\"250\" src=\"https:\/\/fsf.si\/2023\/wp-content\/uploads\/2023\/09\/MRACNIK.jpg\" class=\"vc_single_image-img attachment-full\" alt=\"\" loading=\"lazy\" \/><\/div>\n\t\t<\/figure>\n\t<\/div>\n<\/div><\/div><\/div><div class=\"wpb_column vc_column_container vc_col-sm-9\"><div class=\"vc_column-inner\"><div class=\"wpb_wrapper\">\n\t<div class=\"wpb_text_column wpb_content_element \" >\n\t\t<div class=\"wpb_wrapper\">\n\t\t\t<h1>ANDRINA MRA\u010cNIKAR<\/h1>\n<h2>director and screenwriter<\/h2>\n<p><strong>Andrina Mra\u010dnikar<\/strong> (1981) studied art history in Vienna, and film directing at AGRFT Ljubljana and Film Academy Vienna, where she graduated with honours in directing in the class of Michael Haneke and screenwriting and dramaturgy in the class of Walter Wippersberg. Her fiction feature debut <em>Ma Folie<\/em> (2015) was screened at many international festivals, winning a number of awards. After<em> Andri 1924\u20131944<\/em> and <em>With Death as the Only Certain Fate<\/em>, the documentary <em>Disappearing<\/em> (2022) completed her trilogy about the history and future of the Slovenian community in Carinthia. The film went on to win numerous awards, including the Vesna Award for special achievements at FSF Portoro\u017e. Andrina Mra\u010dnikar lives and works in Vienna.<\/p>\n\n\t\t<\/div>\n\t<\/div>\n<\/div><\/div><\/div><\/div><div class=\"vc_row wpb_row vc_inner vc_row-fluid jury-team-item\" ><div class=\"wpb_column vc_column_container vc_col-sm-3\"><div class=\"vc_column-inner\"><div class=\"wpb_wrapper\">\n\t<div  class=\"wpb_single_image wpb_content_element vc_align_left\">\n\t\t\n\t\t<figure class=\"wpb_wrapper vc_figure\">\n\t\t\t<div class=\"vc_single_image-wrapper vc_box_circle  vc_box_border_grey\"><img width=\"250\" height=\"250\" src=\"https:\/\/fsf.si\/2023\/wp-content\/uploads\/2023\/09\/sturm.jpg\" class=\"vc_single_image-img attachment-full\" alt=\"\" loading=\"lazy\" \/><\/div>\n\t\t<\/figure>\n\t<\/div>\n<\/div><\/div><\/div><div class=\"wpb_column vc_column_container vc_col-sm-9\"><div class=\"vc_column-inner\"><div class=\"wpb_wrapper\">\n\t<div class=\"wpb_text_column wpb_content_element \" >\n\t\t<div class=\"wpb_wrapper\">\n\t\t\t<h1>ANA \u0160TURM<\/h1>\n<h2>film critic and writer on film, editor-in-chief of Ekran Magazine<\/h2>\n<p style=\"text-align: justify;\">A historian and sociologist with a master&#8217;s degree in film and television studies and a special interest in the invisible affairs of everyday life. Film spectator, critic and curator. Berlinale and Sarajevo Talent Campus alumna. From 2023, she works as a mentor for the Talents Press programme at the Sarajevo Film Festival. As a member of the International Federation of Film Critics (FIPRESCI), she has participated in several international juries (Berlinale, Rotterdam, Karlovy Vary, Annecy). She currently works as the editor-in-chief of Ekran, a magazine for film and television, and is pursuing a PhD from the Ljubljana Film Academy (AGRFT).<\/p>\n\n\t\t<\/div>\n\t<\/div>\n<\/div><\/div><\/div><\/div><div class=\"vc_empty_space\"   style=\"height: 32px\"><span class=\"vc_empty_space_inner\"><\/span><\/div><div class=\"vc_empty_space\"   style=\"height: 32px\"><span class=\"vc_empty_space_inner\"><\/span><\/div><div id=\"ts-vcsc-textillate-5971198\" class=\"ts-textillate   \" data-loop=\"false\" data-delay=\"100\" data-in-effect=\"ts-composer-css-bounce\" data-in-sync=\"false\" data-in-shuffle=\"false\" data-in-reverse=\"false\"  style=\"color: #000000 !important; font-size: 31px; line-height: 31px; font-weight: inherit; text-align: left; margin-top: 0px; margin-bottom: 0px;\">Jury for short fiction, documentary, experimental, animated, and student films:<\/div><div class=\"vc_row wpb_row vc_inner vc_row-fluid jury-team-item\" ><div class=\"wpb_column vc_column_container vc_col-sm-3\"><div class=\"vc_column-inner\"><div class=\"wpb_wrapper\">\n\t<div  class=\"wpb_single_image wpb_content_element vc_align_left\">\n\t\t\n\t\t<figure class=\"wpb_wrapper vc_figure\">\n\t\t\t<div class=\"vc_single_image-wrapper vc_box_circle  vc_box_border_grey\"><img width=\"250\" height=\"250\" src=\"https:\/\/fsf.si\/2023\/wp-content\/uploads\/2023\/09\/kastelic.jpg\" class=\"vc_single_image-img attachment-full\" alt=\"\" loading=\"lazy\" \/><\/div>\n\t\t<\/figure>\n\t<\/div>\n<\/div><\/div><\/div><div class=\"wpb_column vc_column_container vc_col-sm-9\"><div class=\"vc_column-inner\"><div class=\"wpb_wrapper\">\n\t<div class=\"wpb_text_column wpb_content_element \" >\n\t\t<div class=\"wpb_wrapper\">\n\t\t\t<h1>DU\u0160AN KASTELIC<\/h1>\n<h2>animation filmmaker<\/h2>\n<p style=\"text-align: justify;\">Du\u0161an Kastelic (1964) has displayed an interest in drawing and storytelling from a very young age. As a high school student, he had his comics published in Yugoslav youth magazines; as a college student, he earned his livelihood as an illustrator. After a short stint as a graphic designer, he became a freelance comic artist and illustrator in 1992. At the turn of the millennium, he founded the Bugbrain animation studio, where he makes independent animation films and computer games with a team of collaborators. His films have been screened at over 300 festivals worldwide, winning more than 100 awards and distinctions, including two Vesna Awards for best animated film. In recent years, Kastelic has taught computer animation at the Nova Gorica School of Arts.<\/p>\n\n\t\t<\/div>\n\t<\/div>\n<\/div><\/div><\/div><\/div><div class=\"vc_row wpb_row vc_inner vc_row-fluid jury-team-item\" ><div class=\"wpb_column vc_column_container vc_col-sm-3\"><div class=\"vc_column-inner\"><div class=\"wpb_wrapper\">\n\t<div  class=\"wpb_single_image wpb_content_element vc_align_left\">\n\t\t\n\t\t<figure class=\"wpb_wrapper vc_figure\">\n\t\t\t<div class=\"vc_single_image-wrapper vc_box_circle  vc_box_border_grey\"><img width=\"250\" height=\"250\" src=\"https:\/\/fsf.si\/2023\/wp-content\/uploads\/2023\/09\/kriznar.jpg\" class=\"vc_single_image-img attachment-full\" alt=\"\" loading=\"lazy\" \/><\/div>\n\t\t<\/figure>\n\t<\/div>\n<\/div><\/div><\/div><div class=\"wpb_column vc_column_container vc_col-sm-9\"><div class=\"vc_column-inner\"><div class=\"wpb_wrapper\">\n\t<div class=\"wpb_text_column wpb_content_element \" >\n\t\t<div class=\"wpb_wrapper\">\n\t\t\t<h1>NA\u0160KO KRI\u017dNAR<\/h1>\n<h2>visual anthropologist and cineaste<\/h2>\n<p style=\"text-align: justify;\">Na\u0161ko Kri\u017enar (1943) had his first encounter with amateur filmmaking while studying ethnology and archaeology at the Ljubljana Faculty of Arts. In 1963, he joined the OHO Group, and collaborated with the art collective until 1970 as a director and cinematographer, one of the architects of the group\u2019s projects and happenings, and author of topographical poetry. Until his retirement in 2012, he had worked at the Research Centre of the Slovenian Academy of Sciences and Arts (ZRC SAZU) as the co-founder and head of the Audiovisual Laboratory. For his work in ethnology and ethnographic film, the Slovene Ethnological Society presented Kri\u017enar with the 2003 Murko Award. For his film The Whistle, Kri\u017enar won best short film awards at the 2001 FSF in Portoro\u017e, and the 2002 International Archaeology Film Festival Cinarchea in Kiel, Germany. In 2023, he received the Slovene Association of Cinematographers\u2019 IRIS Lifetime Achievement Award. Kri\u017enar is an honorary member of ZRC SAZU. He lives in Kranj.<\/p>\n\n\t\t<\/div>\n\t<\/div>\n<\/div><\/div><\/div><\/div><div class=\"vc_row wpb_row vc_inner vc_row-fluid jury-team-item\" ><div class=\"wpb_column vc_column_container vc_col-sm-3\"><div class=\"vc_column-inner\"><div class=\"wpb_wrapper\">\n\t<div  class=\"wpb_single_image wpb_content_element vc_align_left\">\n\t\t\n\t\t<figure class=\"wpb_wrapper vc_figure\">\n\t\t\t<div class=\"vc_single_image-wrapper vc_box_circle  vc_box_border_grey\"><img width=\"250\" height=\"250\" src=\"https:\/\/fsf.si\/2023\/wp-content\/uploads\/2023\/09\/sojat.jpg\" class=\"vc_single_image-img attachment-full\" alt=\"\" loading=\"lazy\" \/><\/div>\n\t\t<\/figure>\n\t<\/div>\n<\/div><\/div><\/div><div class=\"wpb_column vc_column_container vc_col-sm-9\"><div class=\"vc_column-inner\"><div class=\"wpb_wrapper\">\n\t<div class=\"wpb_text_column wpb_content_element \" >\n\t\t<div class=\"wpb_wrapper\">\n\t\t\t<h1>VLADIMIR \u0160OJAT<\/h1>\n<h2>film producer, editor, and video artist<\/h2>\n<p style=\"text-align: justify;\">Vladimir \u0160ojat is the founder of artterror (1989), an art association whose films and video works have been shown at MoMA PS1 The Kitchen (New York), Centre Georges Pompidou (Paris), Bauhaus (Dessau), ICA (San Francisco) etc., and at numerous film and video festivals. As part of his production company Frakcija, \u0160ojat has made dozens of documentary and experimental films. He is the initiator of the KINOAKTIV filmmaking workshop of the SAVA Slovenian Society in Belgrade, and a curator of the annual Days of Slovenian Cinema, an event that screens Slovenian short and experimental films, among other formats, in cities and towns across Serbia. \u0160ojat\u2019s other professional interests include film theory.<\/p>\n\n\t\t<\/div>\n\t<\/div>\n<\/div><\/div><\/div><\/div><div class=\"vc_empty_space\"   style=\"height: 32px\"><span class=\"vc_empty_space_inner\"><\/span><\/div><\/div><\/div><\/div><\/div><div class=\"vc_row wpb_row vc_row-fluid\" ><div class=\"wpb_column vc_column_container vc_col-sm-12\"><div class=\"vc_column-inner\"><div class=\"wpb_wrapper\">\n\t<div class=\"wpb_text_column wpb_content_element \" >\n\t\t<div class=\"wpb_wrapper\">\n\t\t\t<p><strong>AUDIENCE AWARD<\/strong><br \/>\nThe best feature film as selected by the audience is decided directly by viewers casting their votes. The procedure is described in detail in the Rules of the Festival of Slovenian Film. The award goes to the producer.<\/p>\n<p>&nbsp;<\/p>\n<p><strong>Iridium Award for Best Directorial Debut in Feature Film<\/strong><\/p>\n<p>The IRIDIUM award comprising postproduction services in the amount of EUR 5,000 goes to the director of the best debut feature film.<\/p>\n<p>&nbsp;<\/p>\n<p><strong>Association of Slovenian Film Critics Award<\/strong><\/p>\n<p>Jury for the Association of Slovenian Film Critics Award<\/p>\n<p><strong>Ivana Novak<\/strong><\/p>\n<p>Ivana Novak is a cultural studies graduate of the Ljubljana Faculty of Social Sciences who started her career as a freelance film critic, publishing her texts on cinema and popular culture in media outlets such as Delo, Ekran, Kinote\u010dnik, and KINO!, while collaborating with the Slovenian Cinematheque as a conference organiser and editor of film theory publications. Since 2014, Novak has worked for the Slovenian National Television as a film curator, and since 2023 also as the host of the Televizorka programme. She is a long-time member of the editorial team of, and a regular contributor to the Ekran Magazine. Novak\u2019s other interests include music production, composition, and piano.<\/p>\n<p><strong>Neva Mu\u017ei\u010d<\/strong><\/p>\n<p>Neva Mu\u017ei\u010d worked at the film education department of the Pionirski dom Centre for Youth Culture before transferring to Vesna Film. Throughout her professional career, she engaged in thorough study of the French New Wave and film history at the Cin\u00e9math\u00e8que Fran\u00e7aise in Paris. For several years, she was a contributor to the Ekran Magazine and the \u2018Gremo v kino\u2019 radio programme. She regularly attended film festivals in Venice, Locarno, Krakow, and Pula. At the Cankarjev dom Culture Centre, she organised the first international festival on nature and culture, and a showcase of musical and socially engaged films. For years, she was also a member of the Slovenian Cinematheque programme board, the Badjura Award selection committee, the film committee for the selection of Pre\u0161eren Awards, and a delegate to the Cultural Community of Slovenia and the Assembly of the Republic of Slovenia.<\/p>\n<p><strong>Melita Zajc<\/strong><\/p>\n<p>Melita Zajc is a writer on film, researcher and lecturer, a regular contributor to Ekran and KINO! magazines, and Modern Times Review, a leading European magazine on documentary film. She had previously worked as a journalist and editor of print, radio, and digital media outlets. Zajc has a PhD in social anthropology and philosophy of new media. Her research topics include visual art and alternative poetics of cinema, third cinema, decolonisation, Nigerian video films, as well as innovative business models. Since 2019, she has collaborated with the Conseil International du Cin\u00e9ma et de la T\u00e9l\u00e9vision CICT ICFT UNESCO. Zajc is a member of the FIPRESCI film critics association, and a regular contributor to \u2018Visible evidence\u2019, a global community for documentary practice research.<\/p>\n<p>&nbsp;<\/p>\n<p><strong>Slovenian Art Cinema Association Award<\/strong><\/p>\n<p>The award presented by AKMS, an association that brings together arthouse film exhibitors, supports the screening and promotion of the award-winning feature film in 28 cinemas across Slovenia. The jurors for the 2023 award are: Ne\u017ea Me\u017ean (Mestni kino Dom\u017eale), Erik Toth (Art kino Odeon Izola), and Uro\u0161 Zavodnik (Kino Slovenj Gradec \/ Kulturni dom Slovenj Gradec).<\/p>\n<p><strong>Ne\u017ea Me\u017ean<\/strong> has worked for the Dom\u017eale City Cinema since its very beginnings. As a big film enthusiast, she can enjoy an almost daily contact with all things cinema and Slovenian film production. It was thanks to high quality films she could watch in her hometown cinema than she has begun to develop her own critical lens, which she then honed at a film critics\u2019 workshop with Matic Majcen. Her job as a translator gives her a more technical insight into cinema through subtitling. Me\u017ean is also part of the team behind film talks at the Dom\u017eale City Cinema.<\/p>\n<p><strong>Erik Toth<\/strong> is a long-standing head of programme at Art Cinema Odeon in Izola, and a coordinator and organiser of cultural events for the Izola Centre for Culture, Sport, and Events. For years now, he has worked on promoting culture, especially cinema, among the audience in and around Izola. He has started three film education projects for kindergartens, primary schools, and students. It hardly needs saying, but he loves film.<\/p>\n<p><strong>Uro\u0161 Zavodnik<\/strong> is a freelance artist, director, screenwriter, and actor who has made a number of fiction and documentary films. He graduated in film art from AAU, Klagenfurt, and obtained a PhD from AAU and AGRFT, Ljubljana. He is a member of the Vajevec Brothers Actor Studio. Poet, photographer, former musician. Zavodnik teaches film and photography as an assistant professor for Visual Art \u2013 Film and Photography at the University of Maribor and the AMEU Dance Academy. He is a long-time collaborator of the Art Cinema Association of Slovenia, more precisely the Slovenj Gradec Cinema, in film education programmes for audiences of all ages.<\/p>\n\n\t\t<\/div>\n\t<\/div>\n<\/div><\/div><\/div><\/div>\n","protected":false},"excerpt":{"rendered":"Jury for feature films ANU\u0160A KODELJA theatre and film actress Anu\u0161a Kodelja graduated in acting and joined [...]","protected":false},"author":3,"featured_media":0,"parent":0,"menu_order":0,"comment_status":"closed","ping_status":"closed","template":"","meta":[],"acf":[],"yoast_head":"<!-- This site is optimized with the Yoast SEO plugin v19.7.1 - https:\/\/yoast.com\/wordpress\/plugins\/seo\/ -->\n<title>Jury - FSF<\/title>\n<meta name=\"robots\" content=\"index, follow, max-snippet:-1, max-image-preview:large, max-video-preview:-1\" \/>\n<link rel=\"canonical\" href=\"https:\/\/fsf.si\/2023\/jury\/\" \/>\n<meta property=\"og:locale\" content=\"sl_SI\" \/>\n<meta property=\"og:type\" content=\"article\" \/>\n<meta property=\"og:title\" content=\"Jury - FSF\" \/>\n<meta property=\"og:url\" content=\"https:\/\/fsf.si\/2023\/en\/jury\/\" \/>\n<meta property=\"og:site_name\" content=\"FSF\" \/>\n<meta property=\"article:modified_time\" content=\"2023-09-19T20:15:03+00:00\" \/>\n<meta name=\"twitter:card\" content=\"summary_large_image\" \/>\n<meta name=\"twitter:label1\" content=\"Est. reading time\" \/>\n\t<meta name=\"twitter:data1\" content=\"10 minut\" \/>\n<script type=\"application\/ld+json\" class=\"yoast-schema-graph\">{\"@context\":\"https:\/\/schema.org\",\"@graph\":[{\"@type\":\"WebPage\",\"@id\":\"https:\/\/fsf.si\/2023\/en\/jury\/\",\"url\":\"https:\/\/fsf.si\/2023\/en\/jury\/\",\"name\":\"Jury - FSF\",\"isPartOf\":{\"@id\":\"https:\/\/fsf.si\/2023\/#website\"},\"datePublished\":\"2019-08-25T13:23:20+00:00\",\"dateModified\":\"2023-09-19T20:15:03+00:00\",\"breadcrumb\":{\"@id\":\"https:\/\/fsf.si\/2023\/en\/jury\/#breadcrumb\"},\"inLanguage\":\"sl-SI\",\"potentialAction\":[{\"@type\":\"ReadAction\",\"target\":[\"https:\/\/fsf.si\/2023\/en\/jury\/\"]}]},{\"@type\":\"BreadcrumbList\",\"@id\":\"https:\/\/fsf.si\/2023\/en\/jury\/#breadcrumb\",\"itemListElement\":[{\"@type\":\"ListItem\",\"position\":1,\"name\":\"Home\",\"item\":\"https:\/\/fsf.si\/2023\/\"},{\"@type\":\"ListItem\",\"position\":2,\"name\":\"Jury\"}]},{\"@type\":\"WebSite\",\"@id\":\"https:\/\/fsf.si\/2023\/#website\",\"url\":\"https:\/\/fsf.si\/2023\/\",\"name\":\"FSF\",\"description\":\"Festival Slovenskega Filma\",\"publisher\":{\"@id\":\"https:\/\/fsf.si\/2023\/#organization\"},\"potentialAction\":[{\"@type\":\"SearchAction\",\"target\":{\"@type\":\"EntryPoint\",\"urlTemplate\":\"https:\/\/fsf.si\/2023\/?s={search_term_string}\"},\"query-input\":\"required name=search_term_string\"}],\"inLanguage\":\"sl-SI\"},{\"@type\":\"Organization\",\"@id\":\"https:\/\/fsf.si\/2023\/#organization\",\"name\":\"Festival Slovenskega Filma\",\"url\":\"https:\/\/fsf.si\/2023\/\",\"sameAs\":[],\"logo\":{\"@type\":\"ImageObject\",\"inLanguage\":\"sl-SI\",\"@id\":\"https:\/\/fsf.si\/2023\/#\/schema\/logo\/image\/\",\"url\":\"https:\/\/fsf.si\/2023\/wp-content\/uploads\/2019\/06\/Slider-FSF.png\",\"contentUrl\":\"https:\/\/fsf.si\/2023\/wp-content\/uploads\/2019\/06\/Slider-FSF.png\",\"width\":4800,\"height\":1600,\"caption\":\"Festival Slovenskega Filma\"},\"image\":{\"@id\":\"https:\/\/fsf.si\/2023\/#\/schema\/logo\/image\/\"}}]}<\/script>\n<!-- \/ Yoast SEO plugin. -->","yoast_head_json":{"title":"Jury - FSF","robots":{"index":"index","follow":"follow","max-snippet":"max-snippet:-1","max-image-preview":"max-image-preview:large","max-video-preview":"max-video-preview:-1"},"canonical":"https:\/\/fsf.si\/2023\/jury\/","og_locale":"sl_SI","og_type":"article","og_title":"Jury - FSF","og_url":"https:\/\/fsf.si\/2023\/en\/jury\/","og_site_name":"FSF","article_modified_time":"2023-09-19T20:15:03+00:00","twitter_card":"summary_large_image","twitter_misc":{"Est. reading time":"10 minut"},"schema":{"@context":"https:\/\/schema.org","@graph":[{"@type":"WebPage","@id":"https:\/\/fsf.si\/2023\/en\/jury\/","url":"https:\/\/fsf.si\/2023\/en\/jury\/","name":"Jury - FSF","isPartOf":{"@id":"https:\/\/fsf.si\/2023\/#website"},"datePublished":"2019-08-25T13:23:20+00:00","dateModified":"2023-09-19T20:15:03+00:00","breadcrumb":{"@id":"https:\/\/fsf.si\/2023\/en\/jury\/#breadcrumb"},"inLanguage":"sl-SI","potentialAction":[{"@type":"ReadAction","target":["https:\/\/fsf.si\/2023\/en\/jury\/"]}]},{"@type":"BreadcrumbList","@id":"https:\/\/fsf.si\/2023\/en\/jury\/#breadcrumb","itemListElement":[{"@type":"ListItem","position":1,"name":"Home","item":"https:\/\/fsf.si\/2023\/"},{"@type":"ListItem","position":2,"name":"Jury"}]},{"@type":"WebSite","@id":"https:\/\/fsf.si\/2023\/#website","url":"https:\/\/fsf.si\/2023\/","name":"FSF","description":"Festival Slovenskega Filma","publisher":{"@id":"https:\/\/fsf.si\/2023\/#organization"},"potentialAction":[{"@type":"SearchAction","target":{"@type":"EntryPoint","urlTemplate":"https:\/\/fsf.si\/2023\/?s={search_term_string}"},"query-input":"required name=search_term_string"}],"inLanguage":"sl-SI"},{"@type":"Organization","@id":"https:\/\/fsf.si\/2023\/#organization","name":"Festival Slovenskega Filma","url":"https:\/\/fsf.si\/2023\/","sameAs":[],"logo":{"@type":"ImageObject","inLanguage":"sl-SI","@id":"https:\/\/fsf.si\/2023\/#\/schema\/logo\/image\/","url":"https:\/\/fsf.si\/2023\/wp-content\/uploads\/2019\/06\/Slider-FSF.png","contentUrl":"https:\/\/fsf.si\/2023\/wp-content\/uploads\/2019\/06\/Slider-FSF.png","width":4800,"height":1600,"caption":"Festival Slovenskega Filma"},"image":{"@id":"https:\/\/fsf.si\/2023\/#\/schema\/logo\/image\/"}}]}},"_links":{"self":[{"href":"https:\/\/fsf.si\/2023\/wp-json\/wp\/v2\/pages\/8025"}],"collection":[{"href":"https:\/\/fsf.si\/2023\/wp-json\/wp\/v2\/pages"}],"about":[{"href":"https:\/\/fsf.si\/2023\/wp-json\/wp\/v2\/types\/page"}],"author":[{"embeddable":true,"href":"https:\/\/fsf.si\/2023\/wp-json\/wp\/v2\/users\/3"}],"replies":[{"embeddable":true,"href":"https:\/\/fsf.si\/2023\/wp-json\/wp\/v2\/comments?post=8025"}],"version-history":[{"count":18,"href":"https:\/\/fsf.si\/2023\/wp-json\/wp\/v2\/pages\/8025\/revisions"}],"predecessor-version":[{"id":25067,"href":"https:\/\/fsf.si\/2023\/wp-json\/wp\/v2\/pages\/8025\/revisions\/25067"}],"wp:attachment":[{"href":"https:\/\/fsf.si\/2023\/wp-json\/wp\/v2\/media?parent=8025"}],"curies":[{"name":"wp","href":"https:\/\/api.w.org\/{rel}","templated":true}]}}