{"id":23080,"date":"2022-10-28T10:24:18","date_gmt":"2022-10-28T08:24:18","guid":{"rendered":"https:\/\/fsf.si\/2024\/?page_id=23080"},"modified":"2024-11-04T14:58:14","modified_gmt":"2024-11-04T13:58:14","slug":"nagrada-obcinstva","status":"publish","type":"page","link":"https:\/\/fsf.si\/2024\/nagrada-obcinstva\/","title":{"rendered":"Nagrada ob\u010dinstva"},"content":{"rendered":"<div class=\"vc_row wpb_row vc_row-fluid jury-team-item\" ><div class=\"wpb_column vc_column_container vc_col-sm-12\"><div class=\"vc_column-inner\"><div class=\"wpb_wrapper\">\n\t<div class=\"wpb_text_column wpb_content_element \" >\n\t\t<div class=\"wpb_wrapper\">\n\t\t\t<p><strong>Prejemnik vesne za najbolj\u0161i film po izboru ob\u010dinstva je <em>Praslovan<\/em> s povpre\u010dno oceno 4,91.<\/strong><\/p>\n<p>Na FSF Portoro\u017e vsako leto podelimo tudi vesno za najbolj\u0161i slovenski celove\u010derni film po izboru ob\u010dinstva. O nagradi odlo\u010da ob\u010dinstvo, in sicer z glasovanjem na vseh lokacijah, kjer so predvajani filmi, ki tekmujejo za nagrado. Gledalci ob vstopu v dvorano prejmejo glasovnico, na kateri so navedene ocene od 1 do 5, pri \u010demer je 5 najvi\u0161ja ocena. Glasujejo tako, da jasno ozna\u010dijo izbrano oceno in po kon\u010dani projekciji glasovnico oddajo v glasovalno skrinjico ob izhodu iz dvorane. Glasovnica, iz katere volja ocenjevalca ni razvidna, ni veljavna.<\/p>\n<p>Tri\u010dlanska komisija, ki jo imenuje direktor festivala (na 27. FSF Portoro\u017e so jo sestavljali predsednica Kristina Ravnikar ter \u010dlana \u0160pela Barli\u010d in Janko \u010cretnik), glasovnice pre\u0161teje in za vsak film izra\u010duna povpre\u010dno oceno. Za podelitev nagrade ob\u010dinstva mora za posamezen film oddati veljavne glasovnice vsaj 50 gledalcev, zmaga pa tisti film, ki dobi najvi\u0161jo povpre\u010dno oceno, izra\u010dunano na dve decimalki. V primeru enakega izida prejmejo nagrado vsi enako ocenjeni filmi.<\/p>\n<p>Na 27. FSF Portoro\u017e so se za nagrado ob\u010dinstva potegovali slede\u010di filmi:<\/p>\n<p>&nbsp;<\/p>\n<p><strong>Tekmovalni program:<\/strong><\/p>\n<div class=\"su-list\" style=\"margin-left:0px\"><\/p>\n<ul>\n<li><img src=\"https:\/\/fsf.si\/2024\/wp-content\/uploads\/2024\/05\/VES-1.png\" alt=\"\" \/> 2 BRATA, 2 SESTRI \/ Miha \u010celar \/ 81&#8217;15&#8221; \/ 24. 10 ob 15.30, Magazin Grando<\/li>\n<li><img src=\"https:\/\/fsf.si\/2024\/wp-content\/uploads\/2024\/05\/VES-1.png\" alt=\"\" \/> ALI JE BILO KAJ AVANTGARDNEGA? \/ Matev\u017e Jerman \/ 98&#8217;05&#8221; \/ 25. 10. ob 16.15, Magazin Grando<\/li>\n<li><img src=\"https:\/\/fsf.si\/2024\/wp-content\/uploads\/2024\/05\/VES-1.png\" alt=\"\" \/> CENT&#8217;ANNI \/ Maja Doroteja Prelog \/ 87&#8217;01&#8221; \/ 22. 10 ob 19.00, Avditorij<\/li>\n<li><img src=\"https:\/\/fsf.si\/2024\/wp-content\/uploads\/2024\/05\/VES-1.png\" alt=\"\" \/> \u010cAO BELA\/ Jani Sever \/ 94&#8217;28&#8221; \/ 25. 10. ob 21.30, Avditorij<\/li>\n<li><img src=\"https:\/\/fsf.si\/2024\/wp-content\/uploads\/2024\/05\/VES-1.png\" alt=\"\" \/> IGRI\u0160\u010cA NE DAMO \/ Klemen Dvornik \/ 97&#8217;29&#8221; \/ 24. 10. ob 18.45, Avditorij<\/li>\n<li><img src=\"https:\/\/fsf.si\/2024\/wp-content\/uploads\/2024\/05\/VES-1.png\" alt=\"\" \/> KINO VOLTA \/ Martin Turk \/ 85&#8217;01&#8221; \/ 25. 10. ob 15.30, Aditorij<\/li>\n<li><img src=\"https:\/\/fsf.si\/2024\/wp-content\/uploads\/2024\/05\/VES-1.png\" alt=\"\" \/> NEKO\u010c V POSO\u010cJU \/ Ema Kugler \/ 89&#8217;45&#8221; \/ 24. 10. ob 16.15, Avditorij<\/li>\n<li><img src=\"https:\/\/fsf.si\/2024\/wp-content\/uploads\/2024\/05\/VES-1.png\" alt=\"\" \/> ODRE\u0160ITEV ZA ZA\u010cETNIKE \/ Sonja Prosenc \/ 122&#8217;16&#8221; \/ 23. 10 ob 19.00, Avditorij<\/li>\n<li><img src=\"https:\/\/fsf.si\/2024\/wp-content\/uploads\/2024\/05\/VES-1.png\" alt=\"\" \/> PRASLOVAN \/ Slobodan Maksimovi\u0107 \/ 112&#8217;20&#8221; \/ 25. 10. ob 18.45, Avditorij<\/li>\n<li><img src=\"https:\/\/fsf.si\/2024\/wp-content\/uploads\/2024\/05\/VES-1.png\" alt=\"\" \/> TARTINIJEV KLJU\u010c \/ Vinci Vogue An\u017elovar \/ 114&#8217;40&#8221; \/ 25. 10 ob 19.00, Magazin Grando<\/li>\n<li><img src=\"https:\/\/fsf.si\/2024\/wp-content\/uploads\/2024\/05\/VES-1.png\" alt=\"\" \/> TO JE ROP \/ Gregor Andol\u0161ek \/ 81&#8217;03&#8221; \/ 26. 10. ob 19.00, Avditorij<\/li>\n<li><img src=\"https:\/\/fsf.si\/2024\/wp-content\/uploads\/2024\/05\/VES-1.png\" alt=\"\" \/> V TI\u0160INI \u017dIVLJENJA \/ Nina Bla\u017ein \/ 87&#8217;23&#8221; \/ 26. 10 ob 16.45, Magazin Grando<\/li>\n<li><img src=\"https:\/\/fsf.si\/2024\/wp-content\/uploads\/2024\/05\/VES-1.png\" alt=\"\" \/> ZAJETI V IZVIRU \u2013 SLOVENSKI OTROCI LEBENSBORNA \/ Maja Weiss \/ 79&#8217;37&#8221; \/ 24. 10. ob 21.15, Avditorij<\/li>\n<\/ul>\n<p><\/div>\n<p>&nbsp;<\/p>\n<p><strong>Kon\u010dni vrstni red:<\/strong><\/p>\n\n\t\t<\/div>\n\t<\/div>\n<div class=\"vc_progress_bar wpb_content_element vc_custom_1730068316729  vc_progress-bar-color-bar_grey\" ><div class=\"vc_general vc_single_bar vc_progress-bar-color-bar_orange\"><small class=\"vc_label\">PRASLOVAN (povpre\u010dna ocena 4,91)<\/small><span class=\"vc_bar \" data-percentage-value=\"98\" data-value=\"98\"><\/span><\/div><div class=\"vc_general vc_single_bar vc_progress-bar-color-bar_orange\"><small class=\"vc_label\">ALI JE BILO KAJ AVANTGARDNEGA? (povpre\u010dna ocena 4,75)<\/small><span class=\"vc_bar \" data-percentage-value=\"94\" data-value=\"94\"><\/span><\/div><div class=\"vc_general vc_single_bar vc_progress-bar-color-bar_orange\"><small class=\"vc_label\">TARTINIJEV KLJU\u010c (povpre\u010dna ocena 4,62)<\/small><span class=\"vc_bar \" data-percentage-value=\"93\" data-value=\"93\"><\/span><\/div><div class=\"vc_general vc_single_bar vc_progress-bar-color-bar_orange\"><small class=\"vc_label\">ZAJETI V IZVIRU \u2013 SLOVENSKI OTROCI LEBENSBORNA (povpre\u010dna ocena 4,6)<\/small><span class=\"vc_bar \" data-percentage-value=\"92\" data-value=\"92\"><\/span><\/div><div class=\"vc_general vc_single_bar vc_progress-bar-color-bar_orange\"><small class=\"vc_label\">V TI\u0160INI \u017dIVLJENJA (povpre\u010dna ocena 4,55)<\/small><span class=\"vc_bar \" data-percentage-value=\"90\" data-value=\"90\"><\/span><\/div><div class=\"vc_general vc_single_bar vc_progress-bar-color-bar_orange\"><small class=\"vc_label\">TO JE ROP! (povpre\u010dna ocena 4,29)<\/small><span class=\"vc_bar \" data-percentage-value=\"86\" data-value=\"86\"><\/span><\/div><div class=\"vc_general vc_single_bar vc_progress-bar-color-bar_orange\"><small class=\"vc_label\">KINO VOLTA (povpre\u010dna ocena 4,23)<\/small><span class=\"vc_bar \" data-percentage-value=\"85\" data-value=\"85\"><\/span><\/div><div class=\"vc_general vc_single_bar vc_progress-bar-color-bar_orange\"><small class=\"vc_label\">CENT\u2019ANNI (povpre\u010dna ocena 4,12)<\/small><span class=\"vc_bar \" data-percentage-value=\"82\" data-value=\"82\"><\/span><\/div><div class=\"vc_general vc_single_bar vc_progress-bar-color-bar_orange\"><small class=\"vc_label\">IGRI\u0160\u010cA NE DAMO! (povpre\u010dna ocena 3,95)<\/small><span class=\"vc_bar \" data-percentage-value=\"78\" data-value=\"78\"><\/span><\/div><div class=\"vc_general vc_single_bar vc_progress-bar-color-bar_orange\"><small class=\"vc_label\">ODRE\u0160ITEV ZA ZA\u010cETNIKE (povpre\u010dna ocena 3,91)<\/small><span class=\"vc_bar \" data-percentage-value=\"78\" data-value=\"78\"><\/span><\/div><div class=\"vc_general vc_single_bar vc_progress-bar-color-bar_orange\"><small class=\"vc_label\">NEKO\u010c V POSO\u010cJU (povpre\u010dna ocena 3,85)<\/small><span class=\"vc_bar \" data-percentage-value=\"76\" data-value=\"76\"><\/span><\/div><div class=\"vc_general vc_single_bar vc_progress-bar-color-bar_orange\"><small class=\"vc_label\">\u010cAO BELA (povpre\u010dna ocena 3,56)<\/small><span class=\"vc_bar \" data-percentage-value=\"70\" data-value=\"70\"><\/span><\/div><\/div>\n\t<div class=\"wpb_text_column wpb_content_element  vc_custom_1729851888146\" >\n\t\t<div class=\"wpb_wrapper\">\n\t\t\t<p>Film <em>2 brata, 2 sestri<\/em> ni prejel dovolj glasovnic za izra\u010dun povpre\u010dne ocene.<\/p>\n\n\t\t<\/div>\n\t<\/div>\n<\/div><\/div><\/div><\/div>\n","protected":false},"excerpt":{"rendered":"Prejemnik vesne za najbolj\u0161i film po izboru ob\u010dinstva je Praslovan s povpre\u010dno oceno 4,91. Na FSF Portoro\u017e [...]","protected":false},"author":1,"featured_media":0,"parent":0,"menu_order":0,"comment_status":"closed","ping_status":"closed","template":"","meta":[],"acf":[],"yoast_head":"<!-- This site is optimized with the Yoast SEO plugin v19.7.1 - https:\/\/yoast.com\/wordpress\/plugins\/seo\/ -->\n<title>Nagrada ob\u010dinstva - FSF<\/title>\n<meta name=\"robots\" content=\"index, follow, max-snippet:-1, max-image-preview:large, max-video-preview:-1\" \/>\n<link rel=\"canonical\" href=\"https:\/\/fsf.si\/2024\/nagrada-obcinstva\/\" \/>\n<meta property=\"og:locale\" content=\"sl_SI\" \/>\n<meta property=\"og:type\" content=\"article\" \/>\n<meta property=\"og:title\" content=\"Nagrada ob\u010dinstva - FSF\" \/>\n<meta property=\"og:url\" content=\"https:\/\/fsf.si\/2024\/nagrada-obcinstva\/\" \/>\n<meta property=\"og:site_name\" content=\"FSF\" \/>\n<meta property=\"article:modified_time\" content=\"2024-11-04T13:58:14+00:00\" \/>\n<meta name=\"twitter:card\" content=\"summary_large_image\" \/>\n<meta name=\"twitter:label1\" content=\"Est. reading time\" \/>\n\t<meta name=\"twitter:data1\" content=\"3 minute\" \/>\n<script type=\"application\/ld+json\" class=\"yoast-schema-graph\">{\"@context\":\"https:\/\/schema.org\",\"@graph\":[{\"@type\":\"WebPage\",\"@id\":\"https:\/\/fsf.si\/2024\/nagrada-obcinstva\/\",\"url\":\"https:\/\/fsf.si\/2024\/nagrada-obcinstva\/\",\"name\":\"Nagrada ob\u010dinstva - FSF\",\"isPartOf\":{\"@id\":\"https:\/\/fsf.si\/2024\/#website\"},\"datePublished\":\"2022-10-28T08:24:18+00:00\",\"dateModified\":\"2024-11-04T13:58:14+00:00\",\"breadcrumb\":{\"@id\":\"https:\/\/fsf.si\/2024\/nagrada-obcinstva\/#breadcrumb\"},\"inLanguage\":\"sl-SI\",\"potentialAction\":[{\"@type\":\"ReadAction\",\"target\":[\"https:\/\/fsf.si\/2024\/nagrada-obcinstva\/\"]}]},{\"@type\":\"BreadcrumbList\",\"@id\":\"https:\/\/fsf.si\/2024\/nagrada-obcinstva\/#breadcrumb\",\"itemListElement\":[{\"@type\":\"ListItem\",\"position\":1,\"name\":\"Home\",\"item\":\"https:\/\/fsf.si\/2024\/\"},{\"@type\":\"ListItem\",\"position\":2,\"name\":\"Nagrada ob\u010dinstva\"}]},{\"@type\":\"WebSite\",\"@id\":\"https:\/\/fsf.si\/2024\/#website\",\"url\":\"https:\/\/fsf.si\/2024\/\",\"name\":\"FSF\",\"description\":\"Festival Slovenskega Filma\",\"publisher\":{\"@id\":\"https:\/\/fsf.si\/2024\/#organization\"},\"potentialAction\":[{\"@type\":\"SearchAction\",\"target\":{\"@type\":\"EntryPoint\",\"urlTemplate\":\"https:\/\/fsf.si\/2024\/?s={search_term_string}\"},\"query-input\":\"required name=search_term_string\"}],\"inLanguage\":\"sl-SI\"},{\"@type\":\"Organization\",\"@id\":\"https:\/\/fsf.si\/2024\/#organization\",\"name\":\"Festival Slovenskega Filma\",\"url\":\"https:\/\/fsf.si\/2024\/\",\"sameAs\":[],\"logo\":{\"@type\":\"ImageObject\",\"inLanguage\":\"sl-SI\",\"@id\":\"https:\/\/fsf.si\/2024\/#\/schema\/logo\/image\/\",\"url\":\"https:\/\/fsf.si\/2024\/wp-content\/uploads\/2019\/06\/Slider-FSF.png\",\"contentUrl\":\"https:\/\/fsf.si\/2024\/wp-content\/uploads\/2019\/06\/Slider-FSF.png\",\"width\":4800,\"height\":1600,\"caption\":\"Festival Slovenskega Filma\"},\"image\":{\"@id\":\"https:\/\/fsf.si\/2024\/#\/schema\/logo\/image\/\"}}]}<\/script>\n<!-- \/ Yoast SEO plugin. -->","yoast_head_json":{"title":"Nagrada ob\u010dinstva - FSF","robots":{"index":"index","follow":"follow","max-snippet":"max-snippet:-1","max-image-preview":"max-image-preview:large","max-video-preview":"max-video-preview:-1"},"canonical":"https:\/\/fsf.si\/2024\/nagrada-obcinstva\/","og_locale":"sl_SI","og_type":"article","og_title":"Nagrada ob\u010dinstva - FSF","og_url":"https:\/\/fsf.si\/2024\/nagrada-obcinstva\/","og_site_name":"FSF","article_modified_time":"2024-11-04T13:58:14+00:00","twitter_card":"summary_large_image","twitter_misc":{"Est. reading time":"3 minute"},"schema":{"@context":"https:\/\/schema.org","@graph":[{"@type":"WebPage","@id":"https:\/\/fsf.si\/2024\/nagrada-obcinstva\/","url":"https:\/\/fsf.si\/2024\/nagrada-obcinstva\/","name":"Nagrada ob\u010dinstva - FSF","isPartOf":{"@id":"https:\/\/fsf.si\/2024\/#website"},"datePublished":"2022-10-28T08:24:18+00:00","dateModified":"2024-11-04T13:58:14+00:00","breadcrumb":{"@id":"https:\/\/fsf.si\/2024\/nagrada-obcinstva\/#breadcrumb"},"inLanguage":"sl-SI","potentialAction":[{"@type":"ReadAction","target":["https:\/\/fsf.si\/2024\/nagrada-obcinstva\/"]}]},{"@type":"BreadcrumbList","@id":"https:\/\/fsf.si\/2024\/nagrada-obcinstva\/#breadcrumb","itemListElement":[{"@type":"ListItem","position":1,"name":"Home","item":"https:\/\/fsf.si\/2024\/"},{"@type":"ListItem","position":2,"name":"Nagrada ob\u010dinstva"}]},{"@type":"WebSite","@id":"https:\/\/fsf.si\/2024\/#website","url":"https:\/\/fsf.si\/2024\/","name":"FSF","description":"Festival Slovenskega Filma","publisher":{"@id":"https:\/\/fsf.si\/2024\/#organization"},"potentialAction":[{"@type":"SearchAction","target":{"@type":"EntryPoint","urlTemplate":"https:\/\/fsf.si\/2024\/?s={search_term_string}"},"query-input":"required name=search_term_string"}],"inLanguage":"sl-SI"},{"@type":"Organization","@id":"https:\/\/fsf.si\/2024\/#organization","name":"Festival Slovenskega Filma","url":"https:\/\/fsf.si\/2024\/","sameAs":[],"logo":{"@type":"ImageObject","inLanguage":"sl-SI","@id":"https:\/\/fsf.si\/2024\/#\/schema\/logo\/image\/","url":"https:\/\/fsf.si\/2024\/wp-content\/uploads\/2019\/06\/Slider-FSF.png","contentUrl":"https:\/\/fsf.si\/2024\/wp-content\/uploads\/2019\/06\/Slider-FSF.png","width":4800,"height":1600,"caption":"Festival Slovenskega Filma"},"image":{"@id":"https:\/\/fsf.si\/2024\/#\/schema\/logo\/image\/"}}]}},"_links":{"self":[{"href":"https:\/\/fsf.si\/2024\/wp-json\/wp\/v2\/pages\/23080"}],"collection":[{"href":"https:\/\/fsf.si\/2024\/wp-json\/wp\/v2\/pages"}],"about":[{"href":"https:\/\/fsf.si\/2024\/wp-json\/wp\/v2\/types\/page"}],"author":[{"embeddable":true,"href":"https:\/\/fsf.si\/2024\/wp-json\/wp\/v2\/users\/1"}],"replies":[{"embeddable":true,"href":"https:\/\/fsf.si\/2024\/wp-json\/wp\/v2\/comments?post=23080"}],"version-history":[{"count":42,"href":"https:\/\/fsf.si\/2024\/wp-json\/wp\/v2\/pages\/23080\/revisions"}],"predecessor-version":[{"id":29014,"href":"https:\/\/fsf.si\/2024\/wp-json\/wp\/v2\/pages\/23080\/revisions\/29014"}],"wp:attachment":[{"href":"https:\/\/fsf.si\/2024\/wp-json\/wp\/v2\/media?parent=23080"}],"curies":[{"name":"wp","href":"https:\/\/api.w.org\/{rel}","templated":true}]}}