{"id":28519,"date":"2024-10-14T20:17:08","date_gmt":"2024-10-14T18:17:08","guid":{"rendered":"https:\/\/fsf.si\/2024\/?page_id=28519"},"modified":"2024-10-14T20:19:59","modified_gmt":"2024-10-14T18:19:59","slug":"audience-award","status":"publish","type":"page","link":"https:\/\/fsf.si\/2024\/en\/audience-award\/","title":{"rendered":"Audience Award"},"content":{"rendered":"<div class=\"vc_row wpb_row vc_row-fluid jury-team-item\" ><div class=\"wpb_column vc_column_container vc_col-sm-12\"><div class=\"vc_column-inner\"><div class=\"wpb_wrapper\">\n\t<div class=\"wpb_text_column wpb_content_element \" >\n\t\t<div class=\"wpb_wrapper\">\n\t\t\t<p>Every year, FSF Portoro\u017e also gives out the Vesna Award for the best Slovenian feature film as chosen by the audience. The award is decided by the public by voting at all the venues where the films in competition are screened. Upon entering the auditorium, the audience receives a ballot paper with a score from 1 to 5, with 5 being the highest. They vote by clearly marking the rating they have chosen and, when the screening is over, by placing the ballot paper in the ballot box on their way out of the theatre. Any ballot paper which does not clearly indicate the voter\u2019s preference is invalid.<\/p>\n<p>A three-member jury appointed by the festival director (this year consisting of Kristina Ravnikar as the chairperson and members \u0160pela Barli\u010d and Janko \u010cretnik) counts the ballot papers and calculates an average score for each film. At least 50 valid ballots must be cast for a film to be eligible for the Audience Award, and the winning film is the one with the highest average score, calculated to two decimal places. In the event of a tie, all films with the same rating will receive the prize.<\/p>\n<p>The following films are in competition for the 27th FSF Audience Award:<\/p>\n<p>&nbsp;<\/p>\n<p><strong>Official Competition Programme<\/strong><\/p>\n<ul>\n<li>2 BRATA, 2 SESTRI (TWO BROTHERS, TWO SISTERS) \/ Miha \u010celar \/ 81&#8217;15&#8221; \/ 24 Oct at 15:30, Magazin Grando<\/li>\n<li>ALI JE BILO KAJ AVANTGARDNEGA? (ALPE-ADRIA UNDERGROUND) \/ Matev\u017e Jerman \/ 98&#8217;05&#8221; \/ 25 Oct at 16:15, Magazin Grando<\/li>\n<li>CENT&#8217;ANNI \/ Maja Doroteja Prelog \/ 87&#8217;01&#8221; \/ 22 Oct at 19:00, Avditorij<\/li>\n<li>\u010cAO BELA (CIAO BELA) \/ Jani Sever \/ 94&#8217;28&#8221; \/ 25 Oct at 21:30, Avditorij<\/li>\n<li>IGRI\u0160\u010cA NE DAMO (BLOCK 5) \/ Klemen Dvornik \/ 97&#8217;29&#8221; \/ 24 Oct at 18:45, Avditorij<\/li>\n<li>KINO VOLTA (THE VOLTA CINEMA) \/ Martin Turk \/ 85&#8217;01&#8221; \/ 25 Oct at 15:30, Aditorij<\/li>\n<li>NEKO\u010c V POSO\u010cJU (ONCE UPON A TIME IN SO\u010cA VALLEY) \/ Ema Kugler \/ 89&#8217;45&#8221; \/ 24 Oct at 16:15, Avditorij<\/li>\n<li>ODRE\u0160ITEV ZA ZA\u010cETNIKE (FAMILY THERAPY) \/ Sonja Prosenc \/ 122&#8217;16&#8221; \/ 23 Oct at 19:00, Avditorij<\/li>\n<li>PRASLOVAN \/ Slobodan Maksimovi\u0107 \/ 112&#8217;20&#8221; \/ 25 Oct at 18:45, Avditorij<\/li>\n<li>TARTINIJEV KLJU\u010c (TARTINI\u2019S KEY) \/ Vinci Vogue An\u017elovar \/ 114&#8217;40&#8221; \/ 25 Oct at 19:00, Magazin Grando<\/li>\n<li>TO JE ROP (THIS IS A ROBBERY) \/ Gregor Andol\u0161ek \/ 81&#8217;03&#8221; \/ 26 Oct at 19:00, Avditorij<\/li>\n<li>V TI\u0160INI \u017dIVLJENJA (THE SILENCE OF LIFE) \/ Nina Bla\u017ein \/ 87&#8217;23&#8221; \/ 26 Oct at 16:45, Magazin Grando<\/li>\n<li>ZAJETI V IZVIRU \u2013 SLOVENSKI OTROCI LEBENSBORNA (SNATCHED FROM THE SOURCE) \/ Maja Weiss \/ 79&#8217;37&#8221; \/ 24 Oct at 21:15, Avditorij<\/li>\n<\/ul>\n\n\t\t<\/div>\n\t<\/div>\n<\/div><\/div><\/div><\/div>\n","protected":false},"excerpt":{"rendered":"Every year, FSF Portoro\u017e also gives out the Vesna Award for the best Slovenian feature film as [...]","protected":false},"author":1,"featured_media":0,"parent":0,"menu_order":0,"comment_status":"closed","ping_status":"closed","template":"","meta":[],"acf":[],"yoast_head":"<!-- This site is optimized with the Yoast SEO plugin v19.7.1 - https:\/\/yoast.com\/wordpress\/plugins\/seo\/ -->\n<title>Audience Award - FSF<\/title>\n<meta name=\"robots\" content=\"index, follow, max-snippet:-1, max-image-preview:large, max-video-preview:-1\" \/>\n<link rel=\"canonical\" href=\"https:\/\/fsf.si\/2024\/audience-award\/\" \/>\n<meta property=\"og:locale\" content=\"sl_SI\" \/>\n<meta property=\"og:type\" content=\"article\" \/>\n<meta property=\"og:title\" content=\"Audience Award - FSF\" \/>\n<meta property=\"og:url\" content=\"https:\/\/fsf.si\/2024\/en\/audience-award\/\" \/>\n<meta property=\"og:site_name\" content=\"FSF\" \/>\n<meta property=\"article:modified_time\" content=\"2024-10-14T18:19:59+00:00\" \/>\n<meta name=\"twitter:card\" content=\"summary_large_image\" \/>\n<meta name=\"twitter:label1\" content=\"Est. reading time\" \/>\n\t<meta name=\"twitter:data1\" content=\"3 minute\" \/>\n<script type=\"application\/ld+json\" class=\"yoast-schema-graph\">{\"@context\":\"https:\/\/schema.org\",\"@graph\":[{\"@type\":\"WebPage\",\"@id\":\"https:\/\/fsf.si\/2024\/en\/audience-award\/\",\"url\":\"https:\/\/fsf.si\/2024\/en\/audience-award\/\",\"name\":\"Audience Award - FSF\",\"isPartOf\":{\"@id\":\"https:\/\/fsf.si\/2024\/#website\"},\"datePublished\":\"2024-10-14T18:17:08+00:00\",\"dateModified\":\"2024-10-14T18:19:59+00:00\",\"breadcrumb\":{\"@id\":\"https:\/\/fsf.si\/2024\/en\/audience-award\/#breadcrumb\"},\"inLanguage\":\"sl-SI\",\"potentialAction\":[{\"@type\":\"ReadAction\",\"target\":[\"https:\/\/fsf.si\/2024\/en\/audience-award\/\"]}]},{\"@type\":\"BreadcrumbList\",\"@id\":\"https:\/\/fsf.si\/2024\/en\/audience-award\/#breadcrumb\",\"itemListElement\":[{\"@type\":\"ListItem\",\"position\":1,\"name\":\"Home\",\"item\":\"https:\/\/fsf.si\/2024\/\"},{\"@type\":\"ListItem\",\"position\":2,\"name\":\"Audience Award\"}]},{\"@type\":\"WebSite\",\"@id\":\"https:\/\/fsf.si\/2024\/#website\",\"url\":\"https:\/\/fsf.si\/2024\/\",\"name\":\"FSF\",\"description\":\"Festival Slovenskega Filma\",\"publisher\":{\"@id\":\"https:\/\/fsf.si\/2024\/#organization\"},\"potentialAction\":[{\"@type\":\"SearchAction\",\"target\":{\"@type\":\"EntryPoint\",\"urlTemplate\":\"https:\/\/fsf.si\/2024\/?s={search_term_string}\"},\"query-input\":\"required name=search_term_string\"}],\"inLanguage\":\"sl-SI\"},{\"@type\":\"Organization\",\"@id\":\"https:\/\/fsf.si\/2024\/#organization\",\"name\":\"Festival Slovenskega Filma\",\"url\":\"https:\/\/fsf.si\/2024\/\",\"sameAs\":[],\"logo\":{\"@type\":\"ImageObject\",\"inLanguage\":\"sl-SI\",\"@id\":\"https:\/\/fsf.si\/2024\/#\/schema\/logo\/image\/\",\"url\":\"https:\/\/fsf.si\/2024\/wp-content\/uploads\/2019\/06\/Slider-FSF.png\",\"contentUrl\":\"https:\/\/fsf.si\/2024\/wp-content\/uploads\/2019\/06\/Slider-FSF.png\",\"width\":4800,\"height\":1600,\"caption\":\"Festival Slovenskega Filma\"},\"image\":{\"@id\":\"https:\/\/fsf.si\/2024\/#\/schema\/logo\/image\/\"}}]}<\/script>\n<!-- \/ Yoast SEO plugin. -->","yoast_head_json":{"title":"Audience Award - FSF","robots":{"index":"index","follow":"follow","max-snippet":"max-snippet:-1","max-image-preview":"max-image-preview:large","max-video-preview":"max-video-preview:-1"},"canonical":"https:\/\/fsf.si\/2024\/audience-award\/","og_locale":"sl_SI","og_type":"article","og_title":"Audience Award - FSF","og_url":"https:\/\/fsf.si\/2024\/en\/audience-award\/","og_site_name":"FSF","article_modified_time":"2024-10-14T18:19:59+00:00","twitter_card":"summary_large_image","twitter_misc":{"Est. reading time":"3 minute"},"schema":{"@context":"https:\/\/schema.org","@graph":[{"@type":"WebPage","@id":"https:\/\/fsf.si\/2024\/en\/audience-award\/","url":"https:\/\/fsf.si\/2024\/en\/audience-award\/","name":"Audience Award - FSF","isPartOf":{"@id":"https:\/\/fsf.si\/2024\/#website"},"datePublished":"2024-10-14T18:17:08+00:00","dateModified":"2024-10-14T18:19:59+00:00","breadcrumb":{"@id":"https:\/\/fsf.si\/2024\/en\/audience-award\/#breadcrumb"},"inLanguage":"sl-SI","potentialAction":[{"@type":"ReadAction","target":["https:\/\/fsf.si\/2024\/en\/audience-award\/"]}]},{"@type":"BreadcrumbList","@id":"https:\/\/fsf.si\/2024\/en\/audience-award\/#breadcrumb","itemListElement":[{"@type":"ListItem","position":1,"name":"Home","item":"https:\/\/fsf.si\/2024\/"},{"@type":"ListItem","position":2,"name":"Audience Award"}]},{"@type":"WebSite","@id":"https:\/\/fsf.si\/2024\/#website","url":"https:\/\/fsf.si\/2024\/","name":"FSF","description":"Festival Slovenskega Filma","publisher":{"@id":"https:\/\/fsf.si\/2024\/#organization"},"potentialAction":[{"@type":"SearchAction","target":{"@type":"EntryPoint","urlTemplate":"https:\/\/fsf.si\/2024\/?s={search_term_string}"},"query-input":"required name=search_term_string"}],"inLanguage":"sl-SI"},{"@type":"Organization","@id":"https:\/\/fsf.si\/2024\/#organization","name":"Festival Slovenskega Filma","url":"https:\/\/fsf.si\/2024\/","sameAs":[],"logo":{"@type":"ImageObject","inLanguage":"sl-SI","@id":"https:\/\/fsf.si\/2024\/#\/schema\/logo\/image\/","url":"https:\/\/fsf.si\/2024\/wp-content\/uploads\/2019\/06\/Slider-FSF.png","contentUrl":"https:\/\/fsf.si\/2024\/wp-content\/uploads\/2019\/06\/Slider-FSF.png","width":4800,"height":1600,"caption":"Festival Slovenskega Filma"},"image":{"@id":"https:\/\/fsf.si\/2024\/#\/schema\/logo\/image\/"}}]}},"_links":{"self":[{"href":"https:\/\/fsf.si\/2024\/wp-json\/wp\/v2\/pages\/28519"}],"collection":[{"href":"https:\/\/fsf.si\/2024\/wp-json\/wp\/v2\/pages"}],"about":[{"href":"https:\/\/fsf.si\/2024\/wp-json\/wp\/v2\/types\/page"}],"author":[{"embeddable":true,"href":"https:\/\/fsf.si\/2024\/wp-json\/wp\/v2\/users\/1"}],"replies":[{"embeddable":true,"href":"https:\/\/fsf.si\/2024\/wp-json\/wp\/v2\/comments?post=28519"}],"version-history":[{"count":4,"href":"https:\/\/fsf.si\/2024\/wp-json\/wp\/v2\/pages\/28519\/revisions"}],"predecessor-version":[{"id":28523,"href":"https:\/\/fsf.si\/2024\/wp-json\/wp\/v2\/pages\/28519\/revisions\/28523"}],"wp:attachment":[{"href":"https:\/\/fsf.si\/2024\/wp-json\/wp\/v2\/media?parent=28519"}],"curies":[{"name":"wp","href":"https:\/\/api.w.org\/{rel}","templated":true}]}}