{"id":4078,"date":"2019-06-07T15:29:53","date_gmt":"2019-06-07T15:29:53","guid":{"rendered":"http:\/\/www.fsf.si\/2019\/?page_id=4078"},"modified":"2024-09-17T15:28:43","modified_gmt":"2024-09-17T13:28:43","slug":"metod-badjura-lifetime-achievement-award","status":"publish","type":"page","link":"https:\/\/fsf.si\/2024\/en\/metod-badjura-lifetime-achievement-award\/","title":{"rendered":"Metod Badjura Lifetime Achievement Award"},"content":{"rendered":"<div class=\"vc_row wpb_row vc_row-fluid jury-team-item wpb_animate_when_almost_visible wpb_fadeInRightBig fadeInRightBig\" ><div class=\"wpb_column vc_column_container vc_col-sm-12\"><div class=\"vc_column-inner\"><div class=\"wpb_wrapper\">\n\t<div class=\"wpb_text_column wpb_content_element \" >\n\t\t<div class=\"wpb_wrapper\">\n\t\t\t<p><strong>Zvonka Makuc, Costume Designer <\/strong><br \/>\n<strong>Recipient of the 2024 Milka and Metod Badjura Lifetime Achievement Award<\/strong><\/p>\n<p>&nbsp;<\/p>\n<p>Zvonka Makuc has left her mark on Slovenian cinema as a costume designer. She has created something beautiful, unpretentious, and unobtrusive, but something that has nevertheless remained deeply etched in the memory of many generations. One could even say that her extraordinary work has been imprinted on our collective unconscious.<\/p>\n\n\t\t<\/div>\n\t<\/div>\n<div class=\"vc_empty_space\"   style=\"height: 10px\"><span class=\"vc_empty_space_inner\"><\/span><\/div><div class=\"vc_row wpb_row vc_inner vc_row-fluid vc_custom_1726565909014\" ><div class=\"wpb_column vc_column_container vc_col-sm-8\"><div class=\"vc_column-inner\"><div class=\"wpb_wrapper\">\n\t<div class=\"wpb_text_column wpb_content_element \" >\n\t\t<div class=\"wpb_wrapper\">\n\t\t\t<p>Makuc has created costume designs for numerous Slovenian and international feature films of various genres, many of which have won awards at film festivals. Zvonka&#8217;s first film, <em>Hang On, Doggy<\/em> (Sre\u010da na vrvici), is one of the most popular works of Slovenian cinema and has influenced generations. She was also the costume designer for <em>Guardian of the Frontier<\/em> (Varuh meje), the first Slovenian feature film by female director, Maja Weiss.<\/p>\n<p>Zvonka&#8217;s first encounter with fashion and fashion design came when she decided to enrol at the School of Design in Ljubljana, which at the time was known for its very liberal educational approach. Her teachers included Alenka Bartl, a legend in Slovenian costume design. Working with very modest means, students of Zvonka&#8217;s generation of fashion designers had to show a lot of imagination and ingenuity in their projects. This was a useful lesson for Zvonka Makuc later in her career, since film costume design has almost never received sufficient financial support, even in the best days of cinema. Zvonka took her first professional steps in the world of fashion journalism and consultancy, before moving on to become a costume designer for film, television, and theatre. She herself says that her knowledge of costume design grew through advice from more experienced colleagues, through observation and learning. Her work has been known for in-depth studies of entire projects and individual actors&#8217; roles, resulting in holistic costume designs that always place the costume in the carefully studied context of time and social circumstances of a particular film story. This is why her costume designs are complex, elaborate and meticulously thought-out down to the last detail.<\/p>\n\n\t\t<\/div>\n\t<\/div>\n<\/div><\/div><\/div><div class=\"wpb_column vc_column_container vc_col-sm-4\"><div class=\"vc_column-inner\"><div class=\"wpb_wrapper\">\n\t<div  class=\"wpb_single_image wpb_content_element vc_align_left\">\n\t\t\n\t\t<figure class=\"wpb_wrapper vc_figure\">\n\t\t\t<div class=\"vc_single_image-wrapper   vc_box_border_grey\"><img width=\"2207\" height=\"2923\" src=\"https:\/\/fsf.si\/2024\/wp-content\/uploads\/2024\/09\/Zvonka-Makuc_Foto-Gojmir-Les\u030cnjak.jpeg\" class=\"vc_single_image-img attachment-full\" alt=\"\" loading=\"lazy\" \/><\/div>\n\t\t<\/figure>\n\t<\/div>\n<\/div><\/div><\/div><\/div>\n\t<div class=\"wpb_text_column wpb_content_element \" >\n\t\t<div class=\"wpb_wrapper\">\n\t\t\t<p>Zvonka Makuc has also been renowned as a master of historical costume design. One of her most remarkable works is the costume design for <em>The Windhunter<\/em> (Veter v mre\u017ei), a film by Filip Robar &#8211; Dorin set during World War I, for which she was awarded the Metod Badjura Prize at the Week of Slovenian Film in Celje. She created a masterpiece for <em>Piran &#8211; Pirano,<\/em> a feature directed by Goran Vojnovi\u0107, by insightfully intertwining the World War II period with the present day. She is also credited with contributing to the most prestigious award in the world of cinema, the Academy Award, having designed costumes for Danis Tanovi\u0107&#8217;s <em>No Man&#8217;s Land<\/em>.<\/p>\n<p>As an outstanding costume designer, Zvonka Makuc is a great mentor and inspiration to many young creatives, not only costume designers but the entire film community. We admire her eye for detail, for nuance. We admire her respectful, yet creative and aesthetically sophisticated attitude towards film characters and their lives, their journeys through the film. We admire her joy for filmmaking, her ethical stance, her sense of the common good and her will.<br \/>\nZvonka Makuc has been an active member of the film community for almost five decades, and for her, filmmaking has never been a film industry, but always a place where a film community shows its love for cinema. In addition to her work on film, Makuc has created a series of costume designs for almost all theatres in Slovenia; she has collaborated with various directors and created costume designs for a large number of TV series, TV films, TV dramas, documentaries, short films, and educational programmes.<br \/>\nHer outstanding artistic contribution to Slovenian cinema, television, and theatre, as well as to Slovenian art in general, makes the decision to award the Milka and Method Badjura Lifetime Achievement Award for 2024 to Zvonka Makuc more than justified.<\/p>\n<p><strong>The judges for the 2024 Milka and Metod Badjura Award<\/strong>: Lija Poga\u010dnik, \u0160pela \u010cade\u017e, Sonja Prosenc, Andrej Ko\u0161ak, Milena Zupan\u010di\u010d<\/p>\n\n\t\t<\/div>\n\t<\/div>\n<div class=\"vc_empty_space\"   style=\"height: 35px\"><span class=\"vc_empty_space_inner\"><\/span><\/div><div class=\"vc_separator wpb_content_element vc_separator_align_center vc_sep_width_100 vc_sep_pos_align_center vc_sep_color_grey vc_custom_1726579476416 vc_separator-has-text\" ><span class=\"vc_sep_holder vc_sep_holder_l\"><span  class=\"vc_sep_line\"><\/span><\/span><h4>filmography (selection)<\/h4><span class=\"vc_sep_holder vc_sep_holder_r\"><span  class=\"vc_sep_line\"><\/span><\/span>\n<\/div><div class=\"vc_empty_space\"   style=\"height: 35px\"><span class=\"vc_empty_space_inner\"><\/span><\/div>\n\t<div class=\"wpb_text_column wpb_content_element \" >\n\t\t<div class=\"wpb_wrapper\">\n\t\t\t<p><span style=\"color: #dcb44a;\"><strong>feature films<\/strong><\/span><\/p>\n<p><strong>Sre\u010da na vrvici\/<\/strong><strong>Hang on, Doggy!,<\/strong> dir Jane Kav\u010di\u010d, Vesna film, Viba film, 1977<\/p>\n<p><strong>Maja in vesolj\u010dek\/<\/strong><strong>Maya and the Starboy, <\/strong>dir Jane Kav\u010di\u010d, Viba film, 1988<\/p>\n<p><strong>P.S.\/<\/strong><strong>P.S. &#8211; Post Scriptum<\/strong><strong> (omnibus)<\/strong><strong>, <\/strong>dir Marcel Buh, Bo\u0161tjan Hladnik, Andrej Stojan, Viba film, 1988<\/p>\n<p><strong>Veter v mre\u017ei\/<\/strong><strong>The Windhunter, <\/strong>dir Filip Robar-Dobrin, AS Filmske alternative, Viba film, 1989<\/p>\n<p><strong>Je\u010darji\/<\/strong><strong>The Jailers, <\/strong>dir Marjan Cigli\u010d, Studio 37, Viba film, 1990<\/p>\n<p><strong>Sr\u010dna dama\/<\/strong><strong>The Queen of Hearts, <\/strong>dir Boris Jurja\u0161evi\u010d, E-Motion film, Viba film, 1991<\/p>\n<p><strong>Radio.doc<\/strong><strong>, <\/strong>dir Miran Zupani\u010d, Arsmedia, 1995<\/p>\n<p><strong>Rabljeva freska\/<\/strong><strong>Executioner&#8217;s Fresco, <\/strong>dir Anton Toma\u0161i\u010d, Timaro Productions, 1995<\/p>\n<p><strong>Nepopisan list\/<\/strong><strong>What Now, Luka?<\/strong><strong>, <\/strong>dir Jane Kav\u010di\u010d, Arsmedia, 2000<\/p>\n<p><strong>Nikogar\u0161nja zemlja<\/strong><strong>\/No Man&#8217;s Land, <\/strong>dir Danis Tanovi\u0107, Man&#8217;s Films Productions, Studio Maj, Noe Productions, Casablanca, Judy Couniham Films, Fabrica, 2001<\/p>\n<p><strong>Varuh meje\/<\/strong><strong>Guardian of the Frontier<\/strong><strong>, <\/strong>dir Maja Weiss, Bela film, 2002<\/p>\n<p><strong>Piran &#8211; Pirano, <\/strong>dir Goran Vojnovi\u0107, Arsmedia, 2010<\/p>\n<p><strong>\u010cefurji raus!\/<\/strong><strong>Southern Scum Go Home!<\/strong><strong>, <\/strong>dir Goran Vojnovi\u0107, Arsmedia, 2013<\/p>\n<p><strong>Komedija solz\/<\/strong><strong>A Comedy of Tears<\/strong><strong>, <\/strong>dir Marko Sosi\u010d, Arsmedia, 2016<\/p>\n<p><strong>Irena, lahko no\u010d\/<\/strong><strong>Goodnight, Irene, <\/strong>dir Miha Mo\u017eina, Astral film, 2017<\/p>\n<p>&nbsp;<\/p>\n<p><span style=\"color: #dcb44a;\"><strong>television films<\/strong><\/span><\/p>\n<p><strong>Zrakoplov\/<\/strong><strong>The Flying Machine, <\/strong>dir Jure Pervanje, Multimedia, RTV Slovenija, Sfinga, Viba Film,1993<\/p>\n<p><strong>Striptih\/<\/strong><strong>Stryptych, <\/strong>dir Filip Robar Dorin, Filmal Pro, RTV Slovenija, 1995<\/p>\n<p><strong>Pet majskih dni\/<\/strong><strong>Five Days in May, <\/strong>dir Franci Slak, RTV Slovenija, 1997<\/p>\n<p><strong>\u017delim vse\/<\/strong><strong>I Want It All<\/strong><strong>, <\/strong>dir Brane Bitenc, RTV Slovenija, 2004<\/p>\n<p><strong>Trpljenje mladega Igorja\/<\/strong><strong>The Sorrows of Young Igor<\/strong><strong>, <\/strong>dir Brane Bitenc, RTV Slovenija, 2006<\/p>\n<p><strong>Kosilnica\/<\/strong><strong>Mower<\/strong><strong>, <\/strong>dir Brane Bitenc, RTV Slovenija, 2006<\/p>\n<p>&nbsp;<\/p>\n<p><span style=\"color: #dcb44a;\"><strong>docufiction films<\/strong><strong>\u00a0<\/strong><\/span><\/p>\n<p><strong>Val\u010dek za 4\/<\/strong><strong>A Waltz For 4<\/strong><strong>,<\/strong> dir Boris Pal\u010di\u010d, Casablanca, RTV Slovenija, 2005<\/p>\n<p><strong>Stanislav \u0160krabec, O\u010de slovenske fonetike\/Stanislav \u0160krabec, the Father of Slovenian Phonetics, <\/strong>dir Matja\u017e \u017dbontar, Vizualni laboratorij, 2005<\/p>\n<p><strong>\u00a0<\/strong><\/p>\n<p><span style=\"color: #dcb44a;\"><strong>documentary films<\/strong><strong>\u00a0<\/strong><\/span><\/p>\n<p><strong>Otrok Istre \u2013 Andrea Antico da Montana\/A Child of Istria \u2013 Andrea Antico da Montana<\/strong><strong>,<\/strong> dir Samo Milavec, RTV Slovenija, 2000<\/p>\n<p>&nbsp;<\/p>\n<p><span style=\"color: #dcb44a;\"><strong>short films<\/strong><\/span><\/p>\n<p><strong>Lutka\/The Doll<\/strong><strong>, <\/strong>dir Fran\u010dek Rudolf, FAS &#8211; Filmski autorski studio, 1969<\/p>\n<p><strong>Samota v dvoje \u2013 Ve\u010der\/Solitude for Two \u2013 Evening, <\/strong>dir Nata\u0161a Prosenc, Arsmedia, 2000<\/p>\n<p><strong>Izlet\/<\/strong><strong>The Excursion<\/strong><strong>, <\/strong>dir Martin Turk, UL AGRFT, 2002<\/p>\n<p><strong>Rezina \u017eivljenja\/<\/strong><strong>A Slice of Life<\/strong><strong>, <\/strong>dir Martin Turk, Arsmedia, 2006<\/p>\n<p><strong>Moj sin, seksualni manijak\/<\/strong><strong>My Son, a Sexual Maniac<\/strong><strong>, <\/strong>dir Goran Vojnovi\u0107, Arsmedia, 2006<\/p>\n<p><strong>\u00a0<\/strong><\/p>\n<p><span style=\"color: #dcb44a;\"><strong>TV series<\/strong><\/span><\/p>\n<p><strong>Dosjeji J.K., <\/strong>dir Anton Toma\u0161i\u010d, RTV Slovenija, Timaro, 1995\u20131996<\/p>\n<p><strong>Teater Paradi\u017enik<\/strong><strong>, <\/strong>dir Branko Djuri\u0107, RTV Slovenija, 1994\u20131997<\/p>\n<p><strong>TV Poper<\/strong><strong>, <\/strong>dir Samo Milavec, TV Koper\/Capodistria, 2001\u20132002<\/p>\n<p><strong>Na\u0161a mala klinika\/<\/strong> <strong>Our Little Clinic<\/strong><strong>, <\/strong>dir Branko Djuri\u0107, V. V. An\u017elovar, POP TV, 2004\u20132007<\/p>\n<p><strong>\u00a0<\/strong><\/p>\n<p><span style=\"color: #dcb44a;\"><strong>educational TV shows<\/strong><\/span><\/p>\n<p><strong>Periskop<\/strong>, dir Igor \u0160mit, RTV Slovenija, 1985\u20131991<\/p>\n<p><strong>Muzikajeto<\/strong>, dir Branko Bitenc, RTV Slovenija, 2016<\/p>\n\n\t\t<\/div>\n\t<\/div>\n<div class=\"vc_empty_space\"   style=\"height: 20px\"><span class=\"vc_empty_space_inner\"><\/span><\/div>\n\t<div class=\"wpb_text_column wpb_content_element \" >\n\t\t<div class=\"wpb_wrapper\">\n\t\t\t<p><strong>Previous Recipients of Milka and Metod Badjura Lifetime Achievement Award<\/strong><\/p>\n<p>2023 Rado Likon<\/p>\n<p>2022 Milena Zupan\u010di\u010d<\/p>\n<p>2021 Emilija Sokli\u010d<\/p>\n<p>2020 Konrad (Koni) Steinbacher<\/p>\n<p>2019 Andrej Zdravi\u010d<\/p>\n<p>2018 Tugo \u0160tiglic<\/p>\n<p>2017 Franci Zajc<\/p>\n<p>2016 Du\u0161an Milavec<\/p>\n<p>2015 Dunja Klemenc<\/p>\n<p>2014 Hanna Preuss<\/p>\n<p>2013 Karpo Godina<\/p>\n<p>2012 Alenka Bartl Prevor\u0161ek<\/p>\n<p>2011 Ljubo Struna<\/p>\n<p>2010 Filip Robar Dorin<\/p>\n<p>2009 Mako Sajko<\/p>\n<p>2008 Milan Ljubi\u0107<\/p>\n<p>2007 Mirjana Bor\u010di\u0107<\/p>\n<p>2006 Peter Zobec<\/p>\n<p>2005 Jo\u017ee Poga\u010dnik<\/p>\n<p>2004 Vojko Duleti\u010d<\/p>\n<p>2003 Rudi Vaupoti\u010d<\/p>\n<p>2002 Jo\u017ee Gale<\/p>\n<p>2001 Matja\u017e Klop\u010di\u010d<\/p>\n<p>2000 Jane Kav\u010di\u010d<\/p>\n<p>1999 Bo\u0161tjan Hladnik<\/p>\n<p>1998 Rudi Omota<\/p>\n<p>1997 Berta Megli\u010d<\/p>\n<p>1996 Jo\u017ee Babi\u010d<\/p>\n<p>1995 Ivan Marin\u0161ek in\/and Du\u0161an Povh<\/p>\n\n\t\t<\/div>\n\t<\/div>\n<\/div><\/div><\/div><\/div>\n","protected":false},"excerpt":{"rendered":"Zvonka Makuc, Costume Designer Recipient of the 2024 Milka and Metod Badjura Lifetime Achievement Award &nbsp; Zvonka [...]","protected":false},"author":1,"featured_media":0,"parent":0,"menu_order":0,"comment_status":"closed","ping_status":"closed","template":"","meta":[],"acf":[],"yoast_head":"<!-- This site is optimized with the Yoast SEO plugin v19.7.1 - https:\/\/yoast.com\/wordpress\/plugins\/seo\/ -->\n<title>Metod Badjura Lifetime Achievement Award - FSF<\/title>\n<meta name=\"robots\" content=\"index, follow, max-snippet:-1, max-image-preview:large, max-video-preview:-1\" \/>\n<link rel=\"canonical\" href=\"https:\/\/fsf.si\/2024\/metod-badjura-lifetime-achievement-award\/\" \/>\n<meta property=\"og:locale\" content=\"sl_SI\" \/>\n<meta property=\"og:type\" content=\"article\" \/>\n<meta property=\"og:title\" content=\"Metod Badjura Lifetime Achievement Award - FSF\" \/>\n<meta property=\"og:url\" content=\"https:\/\/fsf.si\/2024\/en\/metod-badjura-lifetime-achievement-award\/\" \/>\n<meta property=\"og:site_name\" content=\"FSF\" \/>\n<meta property=\"article:modified_time\" content=\"2024-09-17T13:28:43+00:00\" \/>\n<meta name=\"twitter:card\" content=\"summary_large_image\" \/>\n<meta name=\"twitter:label1\" content=\"Est. reading time\" \/>\n\t<meta name=\"twitter:data1\" content=\"7 minut\" \/>\n<script type=\"application\/ld+json\" class=\"yoast-schema-graph\">{\"@context\":\"https:\/\/schema.org\",\"@graph\":[{\"@type\":\"WebPage\",\"@id\":\"https:\/\/fsf.si\/2024\/en\/metod-badjura-lifetime-achievement-award\/\",\"url\":\"https:\/\/fsf.si\/2024\/en\/metod-badjura-lifetime-achievement-award\/\",\"name\":\"Metod Badjura Lifetime Achievement Award - FSF\",\"isPartOf\":{\"@id\":\"https:\/\/fsf.si\/2024\/#website\"},\"datePublished\":\"2019-06-07T15:29:53+00:00\",\"dateModified\":\"2024-09-17T13:28:43+00:00\",\"breadcrumb\":{\"@id\":\"https:\/\/fsf.si\/2024\/en\/metod-badjura-lifetime-achievement-award\/#breadcrumb\"},\"inLanguage\":\"sl-SI\",\"potentialAction\":[{\"@type\":\"ReadAction\",\"target\":[\"https:\/\/fsf.si\/2024\/en\/metod-badjura-lifetime-achievement-award\/\"]}]},{\"@type\":\"BreadcrumbList\",\"@id\":\"https:\/\/fsf.si\/2024\/en\/metod-badjura-lifetime-achievement-award\/#breadcrumb\",\"itemListElement\":[{\"@type\":\"ListItem\",\"position\":1,\"name\":\"Home\",\"item\":\"https:\/\/fsf.si\/2024\/\"},{\"@type\":\"ListItem\",\"position\":2,\"name\":\"Metod Badjura Lifetime Achievement Award\"}]},{\"@type\":\"WebSite\",\"@id\":\"https:\/\/fsf.si\/2024\/#website\",\"url\":\"https:\/\/fsf.si\/2024\/\",\"name\":\"FSF\",\"description\":\"Festival Slovenskega Filma\",\"publisher\":{\"@id\":\"https:\/\/fsf.si\/2024\/#organization\"},\"potentialAction\":[{\"@type\":\"SearchAction\",\"target\":{\"@type\":\"EntryPoint\",\"urlTemplate\":\"https:\/\/fsf.si\/2024\/?s={search_term_string}\"},\"query-input\":\"required name=search_term_string\"}],\"inLanguage\":\"sl-SI\"},{\"@type\":\"Organization\",\"@id\":\"https:\/\/fsf.si\/2024\/#organization\",\"name\":\"Festival Slovenskega Filma\",\"url\":\"https:\/\/fsf.si\/2024\/\",\"sameAs\":[],\"logo\":{\"@type\":\"ImageObject\",\"inLanguage\":\"sl-SI\",\"@id\":\"https:\/\/fsf.si\/2024\/#\/schema\/logo\/image\/\",\"url\":\"https:\/\/fsf.si\/2024\/wp-content\/uploads\/2019\/06\/Slider-FSF.png\",\"contentUrl\":\"https:\/\/fsf.si\/2024\/wp-content\/uploads\/2019\/06\/Slider-FSF.png\",\"width\":4800,\"height\":1600,\"caption\":\"Festival Slovenskega Filma\"},\"image\":{\"@id\":\"https:\/\/fsf.si\/2024\/#\/schema\/logo\/image\/\"}}]}<\/script>\n<!-- \/ Yoast SEO plugin. -->","yoast_head_json":{"title":"Metod Badjura Lifetime Achievement Award - FSF","robots":{"index":"index","follow":"follow","max-snippet":"max-snippet:-1","max-image-preview":"max-image-preview:large","max-video-preview":"max-video-preview:-1"},"canonical":"https:\/\/fsf.si\/2024\/metod-badjura-lifetime-achievement-award\/","og_locale":"sl_SI","og_type":"article","og_title":"Metod Badjura Lifetime Achievement Award - FSF","og_url":"https:\/\/fsf.si\/2024\/en\/metod-badjura-lifetime-achievement-award\/","og_site_name":"FSF","article_modified_time":"2024-09-17T13:28:43+00:00","twitter_card":"summary_large_image","twitter_misc":{"Est. reading time":"7 minut"},"schema":{"@context":"https:\/\/schema.org","@graph":[{"@type":"WebPage","@id":"https:\/\/fsf.si\/2024\/en\/metod-badjura-lifetime-achievement-award\/","url":"https:\/\/fsf.si\/2024\/en\/metod-badjura-lifetime-achievement-award\/","name":"Metod Badjura Lifetime Achievement Award - FSF","isPartOf":{"@id":"https:\/\/fsf.si\/2024\/#website"},"datePublished":"2019-06-07T15:29:53+00:00","dateModified":"2024-09-17T13:28:43+00:00","breadcrumb":{"@id":"https:\/\/fsf.si\/2024\/en\/metod-badjura-lifetime-achievement-award\/#breadcrumb"},"inLanguage":"sl-SI","potentialAction":[{"@type":"ReadAction","target":["https:\/\/fsf.si\/2024\/en\/metod-badjura-lifetime-achievement-award\/"]}]},{"@type":"BreadcrumbList","@id":"https:\/\/fsf.si\/2024\/en\/metod-badjura-lifetime-achievement-award\/#breadcrumb","itemListElement":[{"@type":"ListItem","position":1,"name":"Home","item":"https:\/\/fsf.si\/2024\/"},{"@type":"ListItem","position":2,"name":"Metod Badjura Lifetime Achievement Award"}]},{"@type":"WebSite","@id":"https:\/\/fsf.si\/2024\/#website","url":"https:\/\/fsf.si\/2024\/","name":"FSF","description":"Festival Slovenskega Filma","publisher":{"@id":"https:\/\/fsf.si\/2024\/#organization"},"potentialAction":[{"@type":"SearchAction","target":{"@type":"EntryPoint","urlTemplate":"https:\/\/fsf.si\/2024\/?s={search_term_string}"},"query-input":"required name=search_term_string"}],"inLanguage":"sl-SI"},{"@type":"Organization","@id":"https:\/\/fsf.si\/2024\/#organization","name":"Festival Slovenskega Filma","url":"https:\/\/fsf.si\/2024\/","sameAs":[],"logo":{"@type":"ImageObject","inLanguage":"sl-SI","@id":"https:\/\/fsf.si\/2024\/#\/schema\/logo\/image\/","url":"https:\/\/fsf.si\/2024\/wp-content\/uploads\/2019\/06\/Slider-FSF.png","contentUrl":"https:\/\/fsf.si\/2024\/wp-content\/uploads\/2019\/06\/Slider-FSF.png","width":4800,"height":1600,"caption":"Festival Slovenskega Filma"},"image":{"@id":"https:\/\/fsf.si\/2024\/#\/schema\/logo\/image\/"}}]}},"_links":{"self":[{"href":"https:\/\/fsf.si\/2024\/wp-json\/wp\/v2\/pages\/4078"}],"collection":[{"href":"https:\/\/fsf.si\/2024\/wp-json\/wp\/v2\/pages"}],"about":[{"href":"https:\/\/fsf.si\/2024\/wp-json\/wp\/v2\/types\/page"}],"author":[{"embeddable":true,"href":"https:\/\/fsf.si\/2024\/wp-json\/wp\/v2\/users\/1"}],"replies":[{"embeddable":true,"href":"https:\/\/fsf.si\/2024\/wp-json\/wp\/v2\/comments?post=4078"}],"version-history":[{"count":35,"href":"https:\/\/fsf.si\/2024\/wp-json\/wp\/v2\/pages\/4078\/revisions"}],"predecessor-version":[{"id":26569,"href":"https:\/\/fsf.si\/2024\/wp-json\/wp\/v2\/pages\/4078\/revisions\/26569"}],"wp:attachment":[{"href":"https:\/\/fsf.si\/2024\/wp-json\/wp\/v2\/media?parent=4078"}],"curies":[{"name":"wp","href":"https:\/\/api.w.org\/{rel}","templated":true}]}}