{"id":4201,"date":"2019-06-07T16:48:14","date_gmt":"2019-06-07T16:48:14","guid":{"rendered":"http:\/\/www.fsf.si\/2019\/?page_id=4201"},"modified":"2024-10-04T10:21:47","modified_gmt":"2024-10-04T08:21:47","slug":"nagrada-milke-in-metoda-badjure","status":"publish","type":"page","link":"https:\/\/fsf.si\/2024\/nagrada-milke-in-metoda-badjure\/","title":{"rendered":"Nagrada Milke in Metoda Badjure za \u017eivljenjsko delo"},"content":{"rendered":"<div class=\"vc_row wpb_row vc_row-fluid jury-team-item wpb_animate_when_almost_visible wpb_fadeInRightBig fadeInRightBig\" ><div class=\"wpb_column vc_column_container vc_col-sm-12\"><div class=\"vc_column-inner\"><div class=\"wpb_wrapper\">\n\t<div class=\"wpb_text_column wpb_content_element \" >\n\t\t<div class=\"wpb_wrapper\">\n\t\t\t<p><strong>Zvonka Makuc, kostumografinja<br \/>\nPrejemnica nagrade Milke in Metoda Badjure za \u017eivljenjsko delo 2024<\/strong><\/p>\n<p>Zvonka Makuc je kot kostumografinja dala svojevrsten pe\u010dat slovenskemu filmu. Ustvarila je nekaj, kar je lepo, skromno in nevsiljivo, a se je \u0161tevilnim generacijam globoko vtisnilo v spomin. Lahko bi celo rekli, da se je njeno izjemno delo vtisnilo v na\u0161o skupno kolektivno podzavest.<\/p>\n\n\t\t<\/div>\n\t<\/div>\n<div class=\"vc_empty_space\"   style=\"height: 10px\"><span class=\"vc_empty_space_inner\"><\/span><\/div><div class=\"vc_row wpb_row vc_inner vc_row-fluid vc_custom_1726565909014\" ><div class=\"wpb_column vc_column_container vc_col-sm-8\"><div class=\"vc_column-inner\"><div class=\"wpb_wrapper\">\n\t<div class=\"wpb_text_column wpb_content_element \" >\n\t\t<div class=\"wpb_wrapper\">\n\t\t\t<p>Ustvarila je kostumografije za \u0161tevilne slovenske in mednarodne \u017eanrsko razli\u010dne celove\u010derne filme, med katerimi se mnogi pona\u0161ajo z nagradami filmskih festivalov. Zvonkin prvi film <em>Sre\u010da na vrvici<\/em> je eno najbolj priljubljenih del slovenske kinematografije in je zaznamoval celo vrsto generacij, bila pa je tudi kostumografinja <em>Varuha meje<\/em>, prvega celove\u010dernega filma slovenske filmske re\u017eiserke Maje Weiss.<\/p>\n<p>Na svoji ustvarjalni poti se je Zvonka prvi\u010d sre\u010dala z modo in modnim oblikovanjem, ko se je odlo\u010dila za vpis na \u0160olo za oblikovanje v Ljubljani, ki je tedaj s svojimi profesorji slovela po zelo liberalnem izobra\u017eevalnem odnosu. Med drugimi se je \u0161olala tudi pri Alenki Bartl, legendi slovenske kostumografije. Dijaki Zvonkine generacije modnega oblikovanja so morali v svojih projektih pokazati veliko domi\u0161ljije in iznajdljivosti, saj so ustvarjali z zelo skromnimi sredstvi. Vse to je Zvonki Makuc pri nadaljnji karieri pri\u0161lo zelo prav, saj filmske kostumografije tudi v najbolj\u0161ih \u010dasih filma skoraj nikoli niso bile dovolj finan\u010dno podprte. Svoje prve profesionalne korake je Zvonka sicer naredila v svet modnega novinarstva in svetovanja, da bi nato stopila na pot filmske, televizijske in gledali\u0161ke kostumografinje. Sama pravi, da je njeno znanje kostumografije raslo s pomo\u010djo nasvetov izku\u0161enej\u0161ih kolegov, z opazovanjem, z u\u010denjem. Njeno kostumografsko delo so praviloma zaznamovale poglobljene \u0161tudije celotnih projektov ter posameznih vlog akterjev, saj je vedno snovala kostumografije celostno ter kostum vedno postavljala v natan\u010dno premi\u0161ljen \u010dasovni in socialni okvir posamezne filmske zgodbe. Zato so njene kostumografije zahtevne, dodelane in do potankosti premi\u0161ljene.<\/p>\n\n\t\t<\/div>\n\t<\/div>\n<\/div><\/div><\/div><div class=\"wpb_column vc_column_container vc_col-sm-4\"><div class=\"vc_column-inner\"><div class=\"wpb_wrapper\">\n\t<div  class=\"wpb_single_image wpb_content_element vc_align_left\">\n\t\t\n\t\t<figure class=\"wpb_wrapper vc_figure\">\n\t\t\t<div class=\"vc_single_image-wrapper   vc_box_border_grey\"><img width=\"2207\" height=\"2923\" src=\"https:\/\/fsf.si\/2024\/wp-content\/uploads\/2024\/09\/Zvonka-Makuc_Foto-Gojmir-Les\u030cnjak.jpeg\" class=\"vc_single_image-img attachment-full\" alt=\"\" loading=\"lazy\" \/><\/div>\n\t\t<\/figure>\n\t<\/div>\n<\/div><\/div><\/div><\/div>\n\t<div class=\"wpb_text_column wpb_content_element \" >\n\t\t<div class=\"wpb_wrapper\">\n\t\t\t<p>Na svoji ustvarjalni poti se je Zvonka prvi\u010d sre\u010dala z modo in modnim oblikovanjem, ko se je odlo\u010dila za vpis na \u0160olo za oblikovanje v Ljubljani, ki je tedaj s svojimi profesorji slovela po zelo liberalnem izobra\u017eevalnem odnosu. Med drugimi se je \u0161olala tudi pri Alenki Bartl, legendi slovenske kostumografije. Dijaki Zvonkine generacije modnega oblikovanja so morali v svojih projektih pokazati veliko domi\u0161ljije in iznajdljivosti, saj so ustvarjali z zelo skromnimi sredstvi. Vse to je Zvonki Makuc pri nadaljnji karieri pri\u0161lo zelo prav, saj filmske kostumografije tudi v najbolj\u0161ih \u010dasih filma skoraj nikoli niso bile dovolj finan\u010dno podprte. Svoje prve profesionalne korake je Zvonka sicer naredila v svet modnega novinarstva in svetovanja, da bi nato stopila na pot filmske, televizijske in gledali\u0161ke kostumografinje. Sama pravi, da je njeno znanje kostumografije raslo s pomo\u010djo nasvetov izku\u0161enej\u0161ih kolegov, z opazovanjem, z u\u010denjem. Njeno kostumografsko delo so praviloma zaznamovale poglobljene \u0161tudije celotnih projektov ter posameznih vlog akterjev, saj je vedno snovala kostumografije celostno ter kostum vedno postavljala v natan\u010dno premi\u0161ljen \u010dasovni in socialni okvir posamezne filmske zgodbe. Zato so njene kostumografije zahtevne, dodelane in do potankosti premi\u0161ljene.<\/p>\n<p>Zvonka Makuc je slovela tudi kot mojstrica histori\u010dnih kostumografij. Eno izmed njenih najbolj impresivnih del je bila kostumografija iz obdobja prve svetovne vojne v filmu <em>Veter v mre\u017ei<\/em> v re\u017eiji Filipa Robarja &#8211; Dorina, za katerega je bila tudi nagrajena z nagrado Metoda Badjure na Tednu doma\u010dega filma v Celju. V filmu <em>Piran &#8211; Pirano<\/em> v re\u017eiji Gorana Vojnovi\u0107a je prav tako ustvarila mojstrovino, ko je pronicljivo prepletala obdobje druge svetovne vojne z dana\u0161njim \u010dasom. V svoji zbirki ima tudi zaslugo za najpresti\u017enej\u0161o nagrado v svetu filma, nagrado Ameri\u0161ke filmske akademije oskar, saj je ustvarila kostumografijo za film <em>Nikogar\u0161nja zemlja<\/em> (No Man&#8217;s Land) re\u017eiserja Danisa Tanovi\u0107a.<\/p>\n<p>Zvonka Makuc je kot vrhunska kostumografinja tudi odli\u010dna mentorica in inspiracija \u0161tevilnim mladim, ne samo kostumografom, temve\u010d vsem filmskim ustvarjalcem. Ob\u010dudujemo njen ob\u010dutek za detajl, za nianse. Ob\u010dudujemo njen spo\u0161tljiv, a kreativen in estetsko dovr\u0161en odnos do filmskih likov in njihovih \u017eivljenj, njihovih poti skozi film. Ob\u010dudujemo njeno radost do filmskega ustvarjanja, njeno pokon\u010dno dr\u017eo, njen ob\u010dutek za skupno dobro, njeno voljo.<\/p>\n<p>Zvonka Makuc je v filmski skupnosti dejavna skoraj pol stoletja in zanjo ustvarjanje filmov nikoli ni bilo filmska industrija, temve\u010d vedno prostor, v katerem filmska dru\u017eina podarja svojo ljubezen filmu. Poleg umetni\u0161kega ustvarjanja na filmu je Zvonka ustvarila niz kostumografij v domala vseh gledali\u0161\u010dih po Sloveniji, sodelovala je z razli\u010dnimi re\u017eiserkami in re\u017eiserji, ustvarila je kostumografije za veliko \u0161tevilo TV nadaljevank, TV filmov, TV dram, dokumentarnih filmov, kratkih filmov, izobra\u017eevalnih oddaj.<\/p>\n<p>Zaradi njenega izjemnega umetni\u0161kega doprinosa slovenskemu filmu, televiziji in gledali\u0161\u010du ter slovenski umetnosti nasploh je odlo\u010ditev, da se nagrada Milke in Metoda Badjure za \u017eivljenjsko delo v letu 2024 podeli Zvonki Makuc, ve\u010d kot upravi\u010dena.<\/p>\n<p><strong>\u010clani in \u010dlanice komisije za nagrado Milke in Metoda Badjure v letu 2024<\/strong>: Lija Poga\u010dnik, \u0160pela \u010cade\u017e, Sonja Prosenc, Andrej Ko\u0161ak, Milena Zupan\u010di\u010d<\/p>\n\n\t\t<\/div>\n\t<\/div>\n<div class=\"vc_empty_space\"   style=\"height: 35px\"><span class=\"vc_empty_space_inner\"><\/span><\/div><div class=\"vc_separator wpb_content_element vc_separator_align_center vc_sep_width_100 vc_sep_pos_align_center vc_sep_color_grey vc_custom_1726565999175 vc_separator-has-text\" ><span class=\"vc_sep_holder vc_sep_holder_l\"><span  class=\"vc_sep_line\"><\/span><\/span><h4>filmografija (izbor)<\/h4><span class=\"vc_sep_holder vc_sep_holder_r\"><span  class=\"vc_sep_line\"><\/span><\/span>\n<\/div><div class=\"vc_empty_space\"   style=\"height: 35px\"><span class=\"vc_empty_space_inner\"><\/span><\/div>\n\t<div class=\"wpb_text_column wpb_content_element \" >\n\t\t<div class=\"wpb_wrapper\">\n\t\t\t<p><span style=\"color: #dcb44a;\"><strong>celove\u010derni filmi<\/strong><\/span><\/p>\n<p><strong>Sre\u010da na vrvici<\/strong>, Jane Kav\u010di\u010d, Vesna film, Viba film, 1977<\/p>\n<p><strong>Maja in vesolj\u010dek<\/strong>, Jane Kav\u010di\u010d, Viba film, 1988<\/p>\n<p><strong>P.S. <\/strong>(omnibus), Marcel Buh, Bo\u0161tjan Hladnik, Andrej Stojan, Viba film, 1988<\/p>\n<p><strong>Veter v mre\u017ei<\/strong>, Filip Robar-Dobrin, AS Filmske alternative, Viba film, 1989<\/p>\n<p><strong>Je\u010darji<\/strong>, Marjan Cigli\u010d, Studio 37, Viba film, 1990<\/p>\n<p><strong>Sr\u010dna dama<\/strong>, Boris Jurja\u0161evi\u010d, E-Motion film, Viba film, 1991<\/p>\n<p><strong>Radio.doc<\/strong>, Miran Zupani\u010d, Arsmedia, 1995<\/p>\n<p><strong>Rabljeva freska<\/strong>, Anton Toma\u0161i\u010d, Timaro Productions, 1995<\/p>\n<p><strong>Nepopisan list<\/strong>, Jane Kav\u010di\u010d, Arsmedia, 2000<\/p>\n<p><strong>Nikogar\u0161nja zemlja<\/strong> (No Man&#8217;s Land), Danis Tanovi\u0107, Man&#8217;s Films Productions, Studio Maj, Noe Productions, Casablanca, Judy Couniham Films, Fabrica, 2001<\/p>\n<p><strong>Varuh meje<\/strong>, Maja Weiss, Bela film, 2002<\/p>\n<p><strong>Piran &#8211; Pirano<\/strong>, Goran Vojnovi\u0107, Arsmedia, 2010<\/p>\n<p><strong>\u010cefurji raus!<\/strong>, Goran Vojnovi\u0107, Arsmedia, 2013<\/p>\n<p><strong>Komedija solz<\/strong>, Marko Sosi\u010d, Arsmedia, 2016<\/p>\n<p><strong>Irena, lahko no\u010d<\/strong>, Miha Mo\u017eina, Astral film, 2017<\/p>\n<p>&nbsp;<\/p>\n<p><strong>\u00a0<\/strong><\/p>\n<p><span style=\"color: #dcb44a;\"><strong>celove\u010derni TV filmi<\/strong><\/span><\/p>\n<p><strong>Zrakoplov<\/strong>, Jure Pervanje, Multimedia, RTV Slovenija, Sfinga, Viba Film,1993<\/p>\n<p><strong>Striptih<\/strong>, Filip Robar Dorin, Filmal Pro, RTV Slovenija, 1995<\/p>\n<p><strong>Pet majskih dni<\/strong>, Franci Slak, RTV Slovenija, 1997<\/p>\n<p><strong>\u017delim vse<\/strong>, Brane Bitenc, RTV Slovenija, 2004<\/p>\n<p><strong>Trpljenje mladega Igorja<\/strong>, Brane Bitenc, RTV Slovenija, 2006<\/p>\n<p><strong>Kosilnica<\/strong>, Brane Bitenc, RTV Slovenija, 2006<\/p>\n<p>&nbsp;<\/p>\n<p>&nbsp;<\/p>\n<p><span style=\"color: #dcb44a;\"><strong>igrano-dokumentarni filmi<\/strong><strong>\u00a0<\/strong><\/span><\/p>\n<p><strong>Val\u010dek za 4<\/strong>, Boris Pal\u010di\u010d, Casablanca, RTV Slovenija, 2005<\/p>\n<p><strong>Stanislav \u0160krabec, O\u010de slovenske fonetike<\/strong>, Matja\u017e \u017dbontar, Vizualni laboratorij, 2005<\/p>\n<p>&nbsp;<\/p>\n<p><strong>\u00a0<\/strong><\/p>\n<p><span style=\"color: #dcb44a;\"><strong>dokumentarni filmi<\/strong><strong>\u00a0<\/strong><\/span><\/p>\n<p><strong>Otrok Istre \u2013 Andrea Antico da Montana<\/strong>, Samo Milavec, RTV Slovenija, 2000<\/p>\n<p>&nbsp;<\/p>\n<p><strong>\u00a0<\/strong><\/p>\n<p><span style=\"color: #dcb44a;\"><strong>kratki filmi<\/strong><\/span><\/p>\n<p><strong>Lutka<\/strong>, Fran\u010dek Rudolf, FAS &#8211; Filmski autorski studio, 1969<\/p>\n<p><strong>Samota v dvoje \u2013 Ve\u010der<\/strong>, Nata\u0161a Prosenc, Arsmedia, 2000<\/p>\n<p><strong>Izlet<\/strong>, Martin Turk, UL AGRFT, 2002<\/p>\n<p><strong>Rezina \u017eivljenja<\/strong>, Martin Turk, Arsmedia, 2006<\/p>\n<p><strong>Moj sin, seksualni manijak<\/strong>, Goran Vojnovi\u0107, Arsmedia, 2006<\/p>\n<p>&nbsp;<\/p>\n<p><strong>\u00a0<\/strong><\/p>\n<p><span style=\"color: #dcb44a;\"><strong>televizijske nadaljevanke<\/strong><\/span><\/p>\n<p><strong>Dosjeji J.K.<\/strong>, Anton Toma\u0161i\u010d, RTV Slovenija, Timaro, 1995\u20131996<\/p>\n<p><strong>Teater Paradi\u017enik<\/strong>, Branko Djuri\u0107, RTV Slovenija, 1994\u20131997<\/p>\n<p><strong>TV Poper<\/strong>, Samo Milavec, TV Koper\/Capodistria, 2001\u20132002<\/p>\n<p><strong>Na\u0161a mala klinika<\/strong>, Branko Djuri\u0107, V. V. An\u017elovar, POP TV, 2004\u20132007<\/p>\n<p>&nbsp;<\/p>\n<p><strong>\u00a0<\/strong><br \/>\n<span style=\"color: #dcb44a;\"><strong>izobra\u017eevalne oddaje<\/strong><\/span><br \/>\n<strong>Periskop<\/strong>, Igor \u0160mit, RTV Slovenija, 1985\u20131991<\/p>\n<p><strong>Muzikajeto<\/strong>, Branko Bitenc, RTV Slovenija, 2016<\/p>\n\n\t\t<\/div>\n\t<\/div>\n<\/div><\/div><\/div><\/div>\n","protected":false},"excerpt":{"rendered":"Zvonka Makuc, kostumografinja Prejemnica nagrade Milke in Metoda Badjure za \u017eivljenjsko delo 2024 Zvonka Makuc je kot [...]","protected":false},"author":1,"featured_media":0,"parent":0,"menu_order":0,"comment_status":"closed","ping_status":"closed","template":"","meta":[],"acf":[],"yoast_head":"<!-- This site is optimized with the Yoast SEO plugin v19.7.1 - https:\/\/yoast.com\/wordpress\/plugins\/seo\/ -->\n<title>Nagrada Milke in Metoda Badjure za \u017eivljenjsko delo - FSF<\/title>\n<meta name=\"robots\" content=\"index, follow, max-snippet:-1, max-image-preview:large, max-video-preview:-1\" \/>\n<link rel=\"canonical\" href=\"https:\/\/fsf.si\/2024\/nagrada-milke-in-metoda-badjure\/\" \/>\n<meta property=\"og:locale\" content=\"sl_SI\" \/>\n<meta property=\"og:type\" content=\"article\" \/>\n<meta property=\"og:title\" content=\"Nagrada Milke in Metoda Badjure za \u017eivljenjsko delo - FSF\" \/>\n<meta property=\"og:url\" content=\"https:\/\/fsf.si\/2024\/nagrada-milke-in-metoda-badjure\/\" \/>\n<meta property=\"og:site_name\" content=\"FSF\" \/>\n<meta property=\"article:modified_time\" content=\"2024-10-04T08:21:47+00:00\" \/>\n<meta name=\"twitter:card\" content=\"summary_large_image\" \/>\n<meta name=\"twitter:label1\" content=\"Est. reading time\" \/>\n\t<meta name=\"twitter:data1\" content=\"7 minut\" \/>\n<script type=\"application\/ld+json\" class=\"yoast-schema-graph\">{\"@context\":\"https:\/\/schema.org\",\"@graph\":[{\"@type\":\"WebPage\",\"@id\":\"https:\/\/fsf.si\/2024\/nagrada-milke-in-metoda-badjure\/\",\"url\":\"https:\/\/fsf.si\/2024\/nagrada-milke-in-metoda-badjure\/\",\"name\":\"Nagrada Milke in Metoda Badjure za \u017eivljenjsko delo - FSF\",\"isPartOf\":{\"@id\":\"https:\/\/fsf.si\/2024\/#website\"},\"datePublished\":\"2019-06-07T16:48:14+00:00\",\"dateModified\":\"2024-10-04T08:21:47+00:00\",\"breadcrumb\":{\"@id\":\"https:\/\/fsf.si\/2024\/nagrada-milke-in-metoda-badjure\/#breadcrumb\"},\"inLanguage\":\"sl-SI\",\"potentialAction\":[{\"@type\":\"ReadAction\",\"target\":[\"https:\/\/fsf.si\/2024\/nagrada-milke-in-metoda-badjure\/\"]}]},{\"@type\":\"BreadcrumbList\",\"@id\":\"https:\/\/fsf.si\/2024\/nagrada-milke-in-metoda-badjure\/#breadcrumb\",\"itemListElement\":[{\"@type\":\"ListItem\",\"position\":1,\"name\":\"Home\",\"item\":\"https:\/\/fsf.si\/2024\/\"},{\"@type\":\"ListItem\",\"position\":2,\"name\":\"Nagrada Milke in Metoda Badjure za \u017eivljenjsko delo\"}]},{\"@type\":\"WebSite\",\"@id\":\"https:\/\/fsf.si\/2024\/#website\",\"url\":\"https:\/\/fsf.si\/2024\/\",\"name\":\"FSF\",\"description\":\"Festival Slovenskega Filma\",\"publisher\":{\"@id\":\"https:\/\/fsf.si\/2024\/#organization\"},\"potentialAction\":[{\"@type\":\"SearchAction\",\"target\":{\"@type\":\"EntryPoint\",\"urlTemplate\":\"https:\/\/fsf.si\/2024\/?s={search_term_string}\"},\"query-input\":\"required name=search_term_string\"}],\"inLanguage\":\"sl-SI\"},{\"@type\":\"Organization\",\"@id\":\"https:\/\/fsf.si\/2024\/#organization\",\"name\":\"Festival Slovenskega Filma\",\"url\":\"https:\/\/fsf.si\/2024\/\",\"sameAs\":[],\"logo\":{\"@type\":\"ImageObject\",\"inLanguage\":\"sl-SI\",\"@id\":\"https:\/\/fsf.si\/2024\/#\/schema\/logo\/image\/\",\"url\":\"https:\/\/fsf.si\/2024\/wp-content\/uploads\/2019\/06\/Slider-FSF.png\",\"contentUrl\":\"https:\/\/fsf.si\/2024\/wp-content\/uploads\/2019\/06\/Slider-FSF.png\",\"width\":4800,\"height\":1600,\"caption\":\"Festival Slovenskega Filma\"},\"image\":{\"@id\":\"https:\/\/fsf.si\/2024\/#\/schema\/logo\/image\/\"}}]}<\/script>\n<!-- \/ Yoast SEO plugin. -->","yoast_head_json":{"title":"Nagrada Milke in Metoda Badjure za \u017eivljenjsko delo - FSF","robots":{"index":"index","follow":"follow","max-snippet":"max-snippet:-1","max-image-preview":"max-image-preview:large","max-video-preview":"max-video-preview:-1"},"canonical":"https:\/\/fsf.si\/2024\/nagrada-milke-in-metoda-badjure\/","og_locale":"sl_SI","og_type":"article","og_title":"Nagrada Milke in Metoda Badjure za \u017eivljenjsko delo - FSF","og_url":"https:\/\/fsf.si\/2024\/nagrada-milke-in-metoda-badjure\/","og_site_name":"FSF","article_modified_time":"2024-10-04T08:21:47+00:00","twitter_card":"summary_large_image","twitter_misc":{"Est. reading time":"7 minut"},"schema":{"@context":"https:\/\/schema.org","@graph":[{"@type":"WebPage","@id":"https:\/\/fsf.si\/2024\/nagrada-milke-in-metoda-badjure\/","url":"https:\/\/fsf.si\/2024\/nagrada-milke-in-metoda-badjure\/","name":"Nagrada Milke in Metoda Badjure za \u017eivljenjsko delo - FSF","isPartOf":{"@id":"https:\/\/fsf.si\/2024\/#website"},"datePublished":"2019-06-07T16:48:14+00:00","dateModified":"2024-10-04T08:21:47+00:00","breadcrumb":{"@id":"https:\/\/fsf.si\/2024\/nagrada-milke-in-metoda-badjure\/#breadcrumb"},"inLanguage":"sl-SI","potentialAction":[{"@type":"ReadAction","target":["https:\/\/fsf.si\/2024\/nagrada-milke-in-metoda-badjure\/"]}]},{"@type":"BreadcrumbList","@id":"https:\/\/fsf.si\/2024\/nagrada-milke-in-metoda-badjure\/#breadcrumb","itemListElement":[{"@type":"ListItem","position":1,"name":"Home","item":"https:\/\/fsf.si\/2024\/"},{"@type":"ListItem","position":2,"name":"Nagrada Milke in Metoda Badjure za \u017eivljenjsko delo"}]},{"@type":"WebSite","@id":"https:\/\/fsf.si\/2024\/#website","url":"https:\/\/fsf.si\/2024\/","name":"FSF","description":"Festival Slovenskega Filma","publisher":{"@id":"https:\/\/fsf.si\/2024\/#organization"},"potentialAction":[{"@type":"SearchAction","target":{"@type":"EntryPoint","urlTemplate":"https:\/\/fsf.si\/2024\/?s={search_term_string}"},"query-input":"required name=search_term_string"}],"inLanguage":"sl-SI"},{"@type":"Organization","@id":"https:\/\/fsf.si\/2024\/#organization","name":"Festival Slovenskega Filma","url":"https:\/\/fsf.si\/2024\/","sameAs":[],"logo":{"@type":"ImageObject","inLanguage":"sl-SI","@id":"https:\/\/fsf.si\/2024\/#\/schema\/logo\/image\/","url":"https:\/\/fsf.si\/2024\/wp-content\/uploads\/2019\/06\/Slider-FSF.png","contentUrl":"https:\/\/fsf.si\/2024\/wp-content\/uploads\/2019\/06\/Slider-FSF.png","width":4800,"height":1600,"caption":"Festival Slovenskega Filma"},"image":{"@id":"https:\/\/fsf.si\/2024\/#\/schema\/logo\/image\/"}}]}},"_links":{"self":[{"href":"https:\/\/fsf.si\/2024\/wp-json\/wp\/v2\/pages\/4201"}],"collection":[{"href":"https:\/\/fsf.si\/2024\/wp-json\/wp\/v2\/pages"}],"about":[{"href":"https:\/\/fsf.si\/2024\/wp-json\/wp\/v2\/types\/page"}],"author":[{"embeddable":true,"href":"https:\/\/fsf.si\/2024\/wp-json\/wp\/v2\/users\/1"}],"replies":[{"embeddable":true,"href":"https:\/\/fsf.si\/2024\/wp-json\/wp\/v2\/comments?post=4201"}],"version-history":[{"count":88,"href":"https:\/\/fsf.si\/2024\/wp-json\/wp\/v2\/pages\/4201\/revisions"}],"predecessor-version":[{"id":27924,"href":"https:\/\/fsf.si\/2024\/wp-json\/wp\/v2\/pages\/4201\/revisions\/27924"}],"wp:attachment":[{"href":"https:\/\/fsf.si\/2024\/wp-json\/wp\/v2\/media?parent=4201"}],"curies":[{"name":"wp","href":"https:\/\/api.w.org\/{rel}","templated":true}]}}