{"id":4654,"date":"2019-06-07T17:03:14","date_gmt":"2019-06-07T17:03:14","guid":{"rendered":"http:\/\/www.fsf.si\/2019\/?page_id=4654"},"modified":"2024-06-21T08:17:51","modified_gmt":"2024-06-21T06:17:51","slug":"predstavitev","status":"publish","type":"page","link":"https:\/\/fsf.si\/2024\/predstavitev\/","title":{"rendered":"Predstavitev"},"content":{"rendered":"<div class=\"vc_row wpb_row vc_row-fluid jury-team-item wpb_animate_when_almost_visible wpb_fadeInLeft fadeInLeft\" ><div class=\"wpb_column vc_column_container vc_col-sm-12\"><div class=\"vc_column-inner\"><div class=\"wpb_wrapper\">\n\t<div class=\"wpb_text_column wpb_content_element \" >\n\t\t<div class=\"wpb_wrapper\">\n\t\t\t<p style=\"text-align: left;\"><strong> 27. Festival slovenskega filma Portoro\u017e \u2013 22. do 27. oktober 2024 <\/strong><\/p>\n<p style=\"text-align: left;\">Festival slovenskega filma Portoro\u017e je pregled nove slovenske avdiovizualne produkcije, ki se zaklju\u010di s podelitvijo nagrad za najvidnej\u0161e dose\u017eke in najbolj izstopajo\u010de ustvarjalce. Dana\u0161nji festival je naslednik v sedemdesetih letih 20. stoletja ustanovljenega Tedna doma\u010dega filma v Celju, ki se je po osamosvojitvi preimenoval v Slovenski filmski maraton in se preselil v Portoro\u017e. \u017de naslednje leto je prevzel naziv Festival slovenskega filma, leta 2021 pa je bila temu imenu dodana \u0161e geografska oznaka Portoro\u017e.<\/p>\n<p style=\"text-align: left;\">Festival slovenskega filma Portoro\u017e je kulturni in strokovni dogodek, na katerem se sre\u010dujejo filmski ustvarjalci, strokovna javnost, poslovni partnerji in ljubitelji filma. Je vsakoletno sre\u010danje, kjer se v \u0161estih zaporednih dneh odvrti sve\u017ea produkcija igranih, dokumentarnih, animiranih, eksperimentalnih, celove\u010dernih, srednjemetra\u017enih in kratkih filmov. Po projekcijah se ob prisotnosti \u0161tevilnih filmskih ustvarjalcev zvrstijo novinarske konference in pogovori o filmih, pomemben del festivala pa je tudi strokovni program s tematskimi konferencami, filmskimi delavnicami, koprodukcijskimi sre\u010danji in mednarodnim sodelovanjem. Na festival so povabljeni razli\u010dni gostje iz Slovenije in tujine, prav tako pa je poskrbljeno za sprostitev, saj je festival namenjen tudi neformalnemu dru\u017eenju in pretoku informacij tako med filmskimi ustvarjalci kot tudi med filmarji in ostalo javnostjo.<\/p>\n<p style=\"text-align: left;\">Festivalska nagrada vesna simbolizira priljubljenost junakinje iz legendarnega istoimenskega filma, ki ga je leta 1955 re\u017eiral Franti\u0161ek \u010cap. \u010ce\u0161ki re\u017eiser danes predstavlja enega od stebrov zgodovine slovenskega filma in je svetel primer evropske kulturne povezanosti in odprtosti slovenske filmske produkcije. Festival slovenskega filma Portoro\u017e povezuje nove pristope mlade generacije avtorjev z izro\u010dilom velikih imen slovenske filmske zgodovine, ki je vse bolj povezana z evropsko filmsko ustvarjalnostjo.<\/p>\n<p style=\"text-align: left;\">Slovenski filmski center v sodelovanju s strokovnimi filmskimi dru\u0161tvi izbranemu filmskemu ustvarjalcu na festivalu vsako leto podeli nagrado za \u017eivljenjsko delo. Do petindvajsete festivalske edicije je ta najuglednej\u0161a slovenska strokovna nagrada nosila ime Badjurova nagrada (po znamenitem filmskem ustvarjalcu Metodu Badjuri), leta 2023 pa je bil sprejet predlog za raz\u0161iritev imena. Na \u0161estindvajsetem Festivalu slovenskega filma Portoro\u017e smo tako prvi\u010d podelili nagrado Milke in Metoda Badjure. S tem smo \u017eeleli opozoriti na premnogokrat spregledan doprinos Milke Badjura k razvoju slovenske kinematografije in poudariti skupno ustvarjalno mo\u010d zakoncev Badjura, ki sta ju odlikovale kreativnost, vztrajnost in strast do filma.<\/p>\n<p style=\"text-align: left;\">Tudi letos oktobra vas s podobno strastjo vabimo v Portoro\u017e, na \u017ee 27. Festival slovenskega filma Portoro\u017e. Na lokacijo, ki ji je naklonjena ve\u010dina slovenskih filmskih ustvarjalcev. \u017de ob prej\u0161njih edicijah se je pokazalo, da je na morju lepo tudi izven visoke sezone \u2013 tako v umetni\u0161ko-ustvarjalnem kot tudi v vremenskem smislu.<\/p>\n<p style=\"text-align: left;\"><em>Bojan Labovi\u0107, direktor festivala<\/em><br \/>\n<a href=\"http:\/\/www.fsf.si\">www.fsf.si<\/a><\/p>\n\n\t\t<\/div>\n\t<\/div>\n<\/div><\/div><\/div><\/div>\n","protected":false},"excerpt":{"rendered":"27. Festival slovenskega filma Portoro\u017e \u2013 22. do 27. oktober 2024 Festival slovenskega filma Portoro\u017e je pregled [...]","protected":false},"author":1,"featured_media":0,"parent":0,"menu_order":0,"comment_status":"closed","ping_status":"closed","template":"","meta":[],"acf":[],"yoast_head":"<!-- This site is optimized with the Yoast SEO plugin v19.7.1 - https:\/\/yoast.com\/wordpress\/plugins\/seo\/ -->\n<title>Predstavitev - FSF<\/title>\n<meta name=\"robots\" content=\"index, follow, max-snippet:-1, max-image-preview:large, max-video-preview:-1\" \/>\n<link rel=\"canonical\" href=\"https:\/\/fsf.si\/2024\/predstavitev\/\" \/>\n<meta property=\"og:locale\" content=\"sl_SI\" \/>\n<meta property=\"og:type\" content=\"article\" \/>\n<meta property=\"og:title\" content=\"Predstavitev - FSF\" \/>\n<meta property=\"og:url\" content=\"https:\/\/fsf.si\/2024\/predstavitev\/\" \/>\n<meta property=\"og:site_name\" content=\"FSF\" \/>\n<meta property=\"article:modified_time\" content=\"2024-06-21T06:17:51+00:00\" \/>\n<meta name=\"twitter:card\" content=\"summary_large_image\" \/>\n<meta name=\"twitter:label1\" content=\"Est. reading time\" \/>\n\t<meta name=\"twitter:data1\" content=\"3 minute\" \/>\n<script type=\"application\/ld+json\" class=\"yoast-schema-graph\">{\"@context\":\"https:\/\/schema.org\",\"@graph\":[{\"@type\":\"WebPage\",\"@id\":\"https:\/\/fsf.si\/2024\/predstavitev\/\",\"url\":\"https:\/\/fsf.si\/2024\/predstavitev\/\",\"name\":\"Predstavitev - FSF\",\"isPartOf\":{\"@id\":\"https:\/\/fsf.si\/2024\/#website\"},\"datePublished\":\"2019-06-07T17:03:14+00:00\",\"dateModified\":\"2024-06-21T06:17:51+00:00\",\"breadcrumb\":{\"@id\":\"https:\/\/fsf.si\/2024\/predstavitev\/#breadcrumb\"},\"inLanguage\":\"sl-SI\",\"potentialAction\":[{\"@type\":\"ReadAction\",\"target\":[\"https:\/\/fsf.si\/2024\/predstavitev\/\"]}]},{\"@type\":\"BreadcrumbList\",\"@id\":\"https:\/\/fsf.si\/2024\/predstavitev\/#breadcrumb\",\"itemListElement\":[{\"@type\":\"ListItem\",\"position\":1,\"name\":\"Home\",\"item\":\"https:\/\/fsf.si\/2024\/\"},{\"@type\":\"ListItem\",\"position\":2,\"name\":\"Predstavitev\"}]},{\"@type\":\"WebSite\",\"@id\":\"https:\/\/fsf.si\/2024\/#website\",\"url\":\"https:\/\/fsf.si\/2024\/\",\"name\":\"FSF\",\"description\":\"Festival Slovenskega Filma\",\"publisher\":{\"@id\":\"https:\/\/fsf.si\/2024\/#organization\"},\"potentialAction\":[{\"@type\":\"SearchAction\",\"target\":{\"@type\":\"EntryPoint\",\"urlTemplate\":\"https:\/\/fsf.si\/2024\/?s={search_term_string}\"},\"query-input\":\"required name=search_term_string\"}],\"inLanguage\":\"sl-SI\"},{\"@type\":\"Organization\",\"@id\":\"https:\/\/fsf.si\/2024\/#organization\",\"name\":\"Festival Slovenskega Filma\",\"url\":\"https:\/\/fsf.si\/2024\/\",\"sameAs\":[],\"logo\":{\"@type\":\"ImageObject\",\"inLanguage\":\"sl-SI\",\"@id\":\"https:\/\/fsf.si\/2024\/#\/schema\/logo\/image\/\",\"url\":\"https:\/\/fsf.si\/2024\/wp-content\/uploads\/2019\/06\/Slider-FSF.png\",\"contentUrl\":\"https:\/\/fsf.si\/2024\/wp-content\/uploads\/2019\/06\/Slider-FSF.png\",\"width\":4800,\"height\":1600,\"caption\":\"Festival Slovenskega Filma\"},\"image\":{\"@id\":\"https:\/\/fsf.si\/2024\/#\/schema\/logo\/image\/\"}}]}<\/script>\n<!-- \/ Yoast SEO plugin. -->","yoast_head_json":{"title":"Predstavitev - FSF","robots":{"index":"index","follow":"follow","max-snippet":"max-snippet:-1","max-image-preview":"max-image-preview:large","max-video-preview":"max-video-preview:-1"},"canonical":"https:\/\/fsf.si\/2024\/predstavitev\/","og_locale":"sl_SI","og_type":"article","og_title":"Predstavitev - FSF","og_url":"https:\/\/fsf.si\/2024\/predstavitev\/","og_site_name":"FSF","article_modified_time":"2024-06-21T06:17:51+00:00","twitter_card":"summary_large_image","twitter_misc":{"Est. reading time":"3 minute"},"schema":{"@context":"https:\/\/schema.org","@graph":[{"@type":"WebPage","@id":"https:\/\/fsf.si\/2024\/predstavitev\/","url":"https:\/\/fsf.si\/2024\/predstavitev\/","name":"Predstavitev - FSF","isPartOf":{"@id":"https:\/\/fsf.si\/2024\/#website"},"datePublished":"2019-06-07T17:03:14+00:00","dateModified":"2024-06-21T06:17:51+00:00","breadcrumb":{"@id":"https:\/\/fsf.si\/2024\/predstavitev\/#breadcrumb"},"inLanguage":"sl-SI","potentialAction":[{"@type":"ReadAction","target":["https:\/\/fsf.si\/2024\/predstavitev\/"]}]},{"@type":"BreadcrumbList","@id":"https:\/\/fsf.si\/2024\/predstavitev\/#breadcrumb","itemListElement":[{"@type":"ListItem","position":1,"name":"Home","item":"https:\/\/fsf.si\/2024\/"},{"@type":"ListItem","position":2,"name":"Predstavitev"}]},{"@type":"WebSite","@id":"https:\/\/fsf.si\/2024\/#website","url":"https:\/\/fsf.si\/2024\/","name":"FSF","description":"Festival Slovenskega Filma","publisher":{"@id":"https:\/\/fsf.si\/2024\/#organization"},"potentialAction":[{"@type":"SearchAction","target":{"@type":"EntryPoint","urlTemplate":"https:\/\/fsf.si\/2024\/?s={search_term_string}"},"query-input":"required name=search_term_string"}],"inLanguage":"sl-SI"},{"@type":"Organization","@id":"https:\/\/fsf.si\/2024\/#organization","name":"Festival Slovenskega Filma","url":"https:\/\/fsf.si\/2024\/","sameAs":[],"logo":{"@type":"ImageObject","inLanguage":"sl-SI","@id":"https:\/\/fsf.si\/2024\/#\/schema\/logo\/image\/","url":"https:\/\/fsf.si\/2024\/wp-content\/uploads\/2019\/06\/Slider-FSF.png","contentUrl":"https:\/\/fsf.si\/2024\/wp-content\/uploads\/2019\/06\/Slider-FSF.png","width":4800,"height":1600,"caption":"Festival Slovenskega Filma"},"image":{"@id":"https:\/\/fsf.si\/2024\/#\/schema\/logo\/image\/"}}]}},"_links":{"self":[{"href":"https:\/\/fsf.si\/2024\/wp-json\/wp\/v2\/pages\/4654"}],"collection":[{"href":"https:\/\/fsf.si\/2024\/wp-json\/wp\/v2\/pages"}],"about":[{"href":"https:\/\/fsf.si\/2024\/wp-json\/wp\/v2\/types\/page"}],"author":[{"embeddable":true,"href":"https:\/\/fsf.si\/2024\/wp-json\/wp\/v2\/users\/1"}],"replies":[{"embeddable":true,"href":"https:\/\/fsf.si\/2024\/wp-json\/wp\/v2\/comments?post=4654"}],"version-history":[{"count":37,"href":"https:\/\/fsf.si\/2024\/wp-json\/wp\/v2\/pages\/4654\/revisions"}],"predecessor-version":[{"id":26025,"href":"https:\/\/fsf.si\/2024\/wp-json\/wp\/v2\/pages\/4654\/revisions\/26025"}],"wp:attachment":[{"href":"https:\/\/fsf.si\/2024\/wp-json\/wp\/v2\/media?parent=4654"}],"curies":[{"name":"wp","href":"https:\/\/api.w.org\/{rel}","templated":true}]}}