{"id":4662,"date":"2019-06-07T17:13:23","date_gmt":"2019-06-07T17:13:23","guid":{"rendered":"http:\/\/www.fsf.si\/2019\/?page_id=4662"},"modified":"2024-10-25T15:39:40","modified_gmt":"2024-10-25T13:39:40","slug":"zirija","status":"publish","type":"page","link":"https:\/\/fsf.si\/2024\/zirija\/","title":{"rendered":"Strokovna \u017eirija"},"content":{"rendered":"<div class=\"vc_row wpb_row vc_row-fluid\" ><div class=\"wpb_column vc_column_container vc_col-sm-12\"><div class=\"vc_column-inner\"><div class=\"wpb_wrapper\"><div class=\"vc_empty_space\"   style=\"height: 32px\"><span class=\"vc_empty_space_inner\"><\/span><\/div><div id=\"ts-vcsc-textillate-1976269\" class=\"ts-textillate   \" data-loop=\"false\" data-delay=\"100\" data-in-effect=\"ts-composer-css-bounce\" data-in-sync=\"false\" data-in-shuffle=\"false\" data-in-reverse=\"false\"  style=\"color: #000000 !important; font-size: 36px; line-height: 36px; font-weight: inherit; text-align: left; margin-top: 0px; margin-bottom: 0px;\">Strokovno \u017eirijo za celove\u010derne filme sestavljajo:<\/div><div class=\"vc_row wpb_row vc_inner vc_row-fluid jury-team-item\" ><div class=\"wpb_column vc_column_container vc_col-sm-3\"><div class=\"vc_column-inner\"><div class=\"wpb_wrapper\">\n\t<div  class=\"wpb_single_image wpb_content_element vc_align_left\">\n\t\t\n\t\t<figure class=\"wpb_wrapper vc_figure\">\n\t\t\t<div class=\"vc_single_image-wrapper vc_box_circle  vc_box_border_grey\"><img width=\"250\" height=\"250\" src=\"https:\/\/fsf.si\/2024\/wp-content\/uploads\/2024\/10\/gordan.png\" class=\"vc_single_image-img attachment-full\" alt=\"\" loading=\"lazy\" srcset=\"https:\/\/fsf.si\/2024\/wp-content\/uploads\/2024\/10\/gordan.png 250w, https:\/\/fsf.si\/2024\/wp-content\/uploads\/2024\/10\/gordan-150x150.png 150w\" sizes=\"(max-width: 250px) 100vw, 250px\" \/><\/div>\n\t\t<\/figure>\n\t<\/div>\n<\/div><\/div><\/div><div class=\"wpb_column vc_column_container vc_col-sm-9\"><div class=\"vc_column-inner\"><div class=\"wpb_wrapper\">\n\t<div class=\"wpb_text_column wpb_content_element \" >\n\t\t<div class=\"wpb_wrapper\">\n\t\t\t<h1>GORDAN MATI\u0106<\/h1>\n<h2>scenarist in re\u017eiser<\/h2>\n<p style=\"text-align: justify;\">Gordan Mati\u0107 (1971) je diplomiral na Fakulteti za kulturo in medije v Beogradu. Podiplomski \u0161tudij je nadaljeval v Beogradu, kjer je magistriral na Univerzi za umetnost, in nato v Lyonu (Lumiere 2). Ve\u010d kot dve desetletji deluje na podro\u010dju filma, televizije in gledali\u0161\u010da, bil je tudi direktor Srbskega filmskega centra. Njegovi najodmevnej\u0161i deli sta \u017du\u0107ko, pri\u010da o Radivoju kora\u0107u (2011) in Pucnji u Marseju (2021).<\/p>\n\n\t\t<\/div>\n\t<\/div>\n<\/div><\/div><\/div><\/div><div class=\"vc_row wpb_row vc_inner vc_row-fluid jury-team-item\" ><div class=\"wpb_column vc_column_container vc_col-sm-3\"><div class=\"vc_column-inner\"><div class=\"wpb_wrapper\">\n\t<div  class=\"wpb_single_image wpb_content_element vc_align_left\">\n\t\t\n\t\t<figure class=\"wpb_wrapper vc_figure\">\n\t\t\t<div class=\"vc_single_image-wrapper vc_box_circle  vc_box_border_grey\"><img width=\"250\" height=\"250\" src=\"https:\/\/fsf.si\/2024\/wp-content\/uploads\/2024\/10\/olmo.png\" class=\"vc_single_image-img attachment-full\" alt=\"\" loading=\"lazy\" srcset=\"https:\/\/fsf.si\/2024\/wp-content\/uploads\/2024\/10\/olmo.png 250w, https:\/\/fsf.si\/2024\/wp-content\/uploads\/2024\/10\/olmo-150x150.png 150w\" sizes=\"(max-width: 250px) 100vw, 250px\" \/><\/div>\n\t\t<\/figure>\n\t<\/div>\n<\/div><\/div><\/div><div class=\"wpb_column vc_column_container vc_col-sm-9\"><div class=\"vc_column-inner\"><div class=\"wpb_wrapper\">\n\t<div class=\"wpb_text_column wpb_content_element \" >\n\t\t<div class=\"wpb_wrapper\">\n\t\t\t<h1>OLMO OMERZU<\/h1>\n<h2>re\u017eiser in scenarist<\/h2>\n<p style=\"text-align: justify;\">Olmo Omerzu je \u0161tudiral na pra\u0161ki filmski akademiji FAMU, kjer se je navdu\u0161il nad ustvarjanjem filmov, ki raziskujejo \u010dlove\u0161ko naravo, dru\u017einske odnose ter \u010dlovekova pri\u010dakovanja do samega sebe. Njegov prvi celove\u010derec je premiero do\u017eivel na Berlinalu, drugi na filmskem festivalu v San Sebastianu, s tretjim, Zimske muhe, pa si je leta 2018 prislu\u017eil nagrado za najbolj\u0161ega re\u017eiserja na festivalu v Karlovih Varih, nato pa \u0161e \u0161est \u010de\u0161kih levov, nacionalnih \u010de\u0161kih filmskih nagrad, in mesto v izboru festivala v Torontu. Naslednji film Atlas ptic je premierno prikazal leta 2021 v Karlovih Varih. Njegov prvi celove\u010derni film v angle\u0161kem jeziku, naslovljen Nehvale\u017ena bitja, je trenutno v postprodukciji.<\/p>\n\n\t\t<\/div>\n\t<\/div>\n<\/div><\/div><\/div><\/div><div class=\"vc_row wpb_row vc_inner vc_row-fluid jury-team-item\" ><div class=\"wpb_column vc_column_container vc_col-sm-3\"><div class=\"vc_column-inner\"><div class=\"wpb_wrapper\">\n\t<div  class=\"wpb_single_image wpb_content_element vc_align_left\">\n\t\t\n\t\t<figure class=\"wpb_wrapper vc_figure\">\n\t\t\t<div class=\"vc_single_image-wrapper vc_box_circle  vc_box_border_grey\"><img width=\"250\" height=\"250\" src=\"https:\/\/fsf.si\/2024\/wp-content\/uploads\/2024\/10\/miran.png\" class=\"vc_single_image-img attachment-full\" alt=\"\" loading=\"lazy\" srcset=\"https:\/\/fsf.si\/2024\/wp-content\/uploads\/2024\/10\/miran.png 250w, https:\/\/fsf.si\/2024\/wp-content\/uploads\/2024\/10\/miran-150x150.png 150w\" sizes=\"(max-width: 250px) 100vw, 250px\" \/><\/div>\n\t\t<\/figure>\n\t<\/div>\n<\/div><\/div><\/div><div class=\"wpb_column vc_column_container vc_col-sm-9\"><div class=\"vc_column-inner\"><div class=\"wpb_wrapper\">\n\t<div class=\"wpb_text_column wpb_content_element \" >\n\t\t<div class=\"wpb_wrapper\">\n\t\t\t<h1>MIRAN ZUPANI\u010c<\/h1>\n<h2>scenarist in re\u017eiser<\/h2>\n<p style=\"text-align: justify;\">Miran Zupani\u010d (1961) je zaklju\u010dil \u0161tudij prava in filmske re\u017eije. V dokumentarcih se osredoto\u010da na usode ljudi v prelomnih trenutkih zgodovine. Med temami njegovih filmov so najstro\u017eji politi\u010dni zapor nekdanje Jugoslavije na Golem otoku (Tek za \u017eivljenje, 1990), vojna v Bosni in Hercegovini (O\u010di Bosne, 1993), tabori\u0161\u010de Petri\u010dek za potomce domnevnih ali dejanskih sodelavcev nacistov (Otroci s Petri\u010dka, 2007) in zgodba o tujcih, ki so pla\u010devali za to, da so smeli streljati na prebivalce obleganega Sarajeva (Sarajevo safari, 2022). Zupani\u010d pi\u0161e scenarije in re\u017eira tudi igrane filme. Od leta 1997 pou\u010duje filmsko re\u017eijo na Akademiji za gledali\u0161\u010de, radio, film in televizijo Univerze v Ljubljani.<\/p>\n\n\t\t<\/div>\n\t<\/div>\n<\/div><\/div><\/div><\/div><div class=\"vc_empty_space\"   style=\"height: 32px\"><span class=\"vc_empty_space_inner\"><\/span><\/div><div class=\"vc_empty_space\"   style=\"height: 32px\"><span class=\"vc_empty_space_inner\"><\/span><\/div><div id=\"ts-vcsc-textillate-7883612\" class=\"ts-textillate   \" data-loop=\"false\" data-delay=\"100\" data-in-effect=\"ts-composer-css-bounce\" data-in-sync=\"false\" data-in-shuffle=\"false\" data-in-reverse=\"false\"  style=\"color: #000000 !important; font-size: 31px; line-height: 31px; font-weight: inherit; text-align: left; margin-top: 0px; margin-bottom: 0px;\">Strokovno \u017eirijo za kratke igrane, dokumentarne, eksperimentalne, animirane in \u0161tudijske filme sestavljajo:<\/div><div class=\"vc_row wpb_row vc_inner vc_row-fluid jury-team-item\" ><div class=\"wpb_column vc_column_container vc_col-sm-3\"><div class=\"vc_column-inner\"><div class=\"wpb_wrapper\">\n\t<div  class=\"wpb_single_image wpb_content_element vc_align_left\">\n\t\t\n\t\t<figure class=\"wpb_wrapper vc_figure\">\n\t\t\t<div class=\"vc_single_image-wrapper vc_box_circle  vc_box_border_grey\"><img width=\"250\" height=\"250\" src=\"https:\/\/fsf.si\/2024\/wp-content\/uploads\/2024\/10\/Anja.png\" class=\"vc_single_image-img attachment-full\" alt=\"\" loading=\"lazy\" srcset=\"https:\/\/fsf.si\/2024\/wp-content\/uploads\/2024\/10\/Anja.png 250w, https:\/\/fsf.si\/2024\/wp-content\/uploads\/2024\/10\/Anja-150x150.png 150w\" sizes=\"(max-width: 250px) 100vw, 250px\" \/><\/div>\n\t\t<\/figure>\n\t<\/div>\n<\/div><\/div><\/div><div class=\"wpb_column vc_column_container vc_col-sm-9\"><div class=\"vc_column-inner\"><div class=\"wpb_wrapper\">\n\t<div class=\"wpb_text_column wpb_content_element \" >\n\t\t<div class=\"wpb_wrapper\">\n\t\t\t<h1>ANJA BANKO<\/h1>\n<h2>filmska kriti\u010darka in recenzentka<\/h2>\n<p style=\"text-align: justify;\">Anja Banko je filmska kriti\u010darka, pedagoginja ter programska sodelavka Slovenske kinoteke. Je nekdanja redaktorica Temne zvezde, oddaje o filmu na Radiu \u0160tudent, trenutno pa je na istem radiu soustvarjalka feministi\u010dne radijske rubrike Zdrmana. Objavlja v revijah, kot je Ekran, ob\u010dasno tudi v dnevnem \u010dasopisju. Je ena od soustvarjalk in mentoric Ekranovega filmsko-kriti\u0161kega kro\u017eka Do zadnje besede, sodeluje pa tudi s Kinodvorovima programoma za mlada ob\u010dinstva Kinotrip in Kinobalon ter pripravlja \u0161tevilna filmska pedago\u0161ka gradiva. Od leta 2022 je sourednica filmskega programa v Slovenski kinoteki. Je \u010dlanica programske ekipe mednarodnega festivala eksperimentalnih avdiovizualnih praks V-F-X Ljubljana.<\/p>\n\n\t\t<\/div>\n\t<\/div>\n<\/div><\/div><\/div><\/div><div class=\"vc_row wpb_row vc_inner vc_row-fluid jury-team-item\" ><div class=\"wpb_column vc_column_container vc_col-sm-3\"><div class=\"vc_column-inner\"><div class=\"wpb_wrapper\">\n\t<div  class=\"wpb_single_image wpb_content_element vc_align_left\">\n\t\t\n\t\t<figure class=\"wpb_wrapper vc_figure\">\n\t\t\t<div class=\"vc_single_image-wrapper vc_box_circle  vc_box_border_grey\"><img width=\"250\" height=\"250\" src=\"https:\/\/fsf.si\/2024\/wp-content\/uploads\/2024\/10\/suhadolnik.png\" class=\"vc_single_image-img attachment-full\" alt=\"\" loading=\"lazy\" srcset=\"https:\/\/fsf.si\/2024\/wp-content\/uploads\/2024\/10\/suhadolnik.png 250w, https:\/\/fsf.si\/2024\/wp-content\/uploads\/2024\/10\/suhadolnik-150x150.png 150w\" sizes=\"(max-width: 250px) 100vw, 250px\" \/><\/div>\n\t\t<\/figure>\n\t<\/div>\n<\/div><\/div><\/div><div class=\"wpb_column vc_column_container vc_col-sm-9\"><div class=\"vc_column-inner\"><div class=\"wpb_wrapper\">\n\t<div class=\"wpb_text_column wpb_content_element \" >\n\t\t<div class=\"wpb_wrapper\">\n\t\t\t<h1>JASNA HRIBERNIK<\/h1>\n<h2>filmska re\u017eiserka<\/h2>\n<p style=\"text-align: justify;\">Jasna Hribernik je univerzitetna diplomirana filmska re\u017eiserka. Od leta 1985 deluje kot samostojna filmska re\u017eiserka in ustvarjalka ve\u010dmedijskih del. Njeni dokumentarni filmi, ki izkazujejo izrazit avtorski pristop, so bili ve\u010dkrat nagrajeni. V zgodnjih devetdesetih letih je za\u010dela ustvarjati na podro\u010dju video umetnosti, ki ji je omogo\u010dila demokratizacijo podob v gibanju in raziskovanje razli\u010dnih dimenzij filmskega medija. Raziskovanje, eksperimenti, prepletanje razli\u010dnih medijev in iskanje odgovorov na ontolo\u0161ka vpra\u0161anja so jo pripeljali do podro\u010dja znanosti in vse bolj kompleksnih novomedijskih projektov. Od leta 2012 sodeluje z Akademijo umetnosti Univerze v Novi Gorici kot izredna profesorica.<\/p>\n\n\t\t<\/div>\n\t<\/div>\n<\/div><\/div><\/div><\/div><div class=\"vc_row wpb_row vc_inner vc_row-fluid jury-team-item\" ><div class=\"wpb_column vc_column_container vc_col-sm-3\"><div class=\"vc_column-inner\"><div class=\"wpb_wrapper\">\n\t<div  class=\"wpb_single_image wpb_content_element vc_align_left\">\n\t\t\n\t\t<figure class=\"wpb_wrapper vc_figure\">\n\t\t\t<div class=\"vc_single_image-wrapper vc_box_circle  vc_box_border_grey\"><img width=\"250\" height=\"250\" src=\"https:\/\/fsf.si\/2024\/wp-content\/uploads\/2024\/10\/seliskar.png\" class=\"vc_single_image-img attachment-full\" alt=\"\" loading=\"lazy\" srcset=\"https:\/\/fsf.si\/2024\/wp-content\/uploads\/2024\/10\/seliskar.png 250w, https:\/\/fsf.si\/2024\/wp-content\/uploads\/2024\/10\/seliskar-150x150.png 150w\" sizes=\"(max-width: 250px) 100vw, 250px\" \/><\/div>\n\t\t<\/figure>\n\t<\/div>\n<\/div><\/div><\/div><div class=\"wpb_column vc_column_container vc_col-sm-9\"><div class=\"vc_column-inner\"><div class=\"wpb_wrapper\">\n\t<div class=\"wpb_text_column wpb_content_element \" >\n\t\t<div class=\"wpb_wrapper\">\n\t\t\t<h1>PETRA SELI\u0160KAR<\/h1>\n<h2>filmska producentka in re\u017eiserka<\/h2>\n<p style=\"text-align: justify;\">Petra Seli\u0161kar (1978) je re\u017eiserka, producentka in scenaristka. \u0160tudirala je na Amsterdamski akademiji za film NFTA, kasneje pa na Northern Media School v Sheffieldu kon\u010dala podiplomski \u0161tudij re\u017eije in produkcije. Leta 2003 je ustanovila produkcijsko hi\u0161o Petra Pan Film, leta 2010 pa festival kreativnega dokumentarnega filma MakeDox in potujo\u010di kino v Makedoniji. Je ustanoviteljica mre\u017ee festivalov Doc around Europe in Make CoProDocs Foruma. Producirala je ve\u010d kot 20 mednarodnih igranih in dokumentarnih filmov. Je \u010dlanica Evropske filmske akademije in DAE, prva predsednica sekcije DSR Dokumentaristi in mentorica Dokumentarnice. Njeni celove\u010derni filmi Babice revolucije, Mama Evropa, Moj narobe svet, Odpotovanje in Telo so imeli bogato mednarodno festivalsko pot in ji prinesli \u0161tevilne mednarodne nagrade.<\/p>\n\n\t\t<\/div>\n\t<\/div>\n<\/div><\/div><\/div><\/div><div class=\"vc_empty_space\"   style=\"height: 32px\"><span class=\"vc_empty_space_inner\"><\/span><\/div><\/div><\/div><\/div><\/div><div class=\"vc_row wpb_row vc_row-fluid\" ><div class=\"wpb_column vc_column_container vc_col-sm-12\"><div class=\"vc_column-inner\"><div class=\"wpb_wrapper\">\n\t<div class=\"wpb_text_column wpb_content_element \" >\n\t\t<div class=\"wpb_wrapper\">\n\t\t\t<h5>NAGRADA OB\u010cINSTVA<\/h5>\n<p>O najbolj\u0161em celove\u010dernem filmu po izboru ob\u010dinstva odlo\u010dajo neposredno gledalci z glasovanjem, katerega postopek natan\u010dneje dolo\u010da Pravilnik o Festivalu slovenskega filma. Nagrada je namenjena producentu.<\/p>\n<h5>Nagrada Dru\u0161tva slovenskih filmskih publicistov<\/h5>\n<p>Dru\u0161tvo slovenskih filmskih publicistov FIPRESCI nagrado za najbolj\u0161i slovenski celove\u010derni film v tekmovalnem programu Festivala slovenskega filma Portoro\u017e podeljuje s ciljem dodatne promocije filmske umetnosti, predvsem mladih in\/ali prodornih avtorjev in avtoric.<\/p>\n<p>\u010clani \u017eirije za nagrado Dru\u0161tva slovenskih filmskih publicistov:<\/p>\n<p><strong>Ma\u0161a Pe\u010de <\/strong>deluje kot filmska kuratorka in publicistka, producentka filmskih festivalov, urednica in prevajalka. Je dolgoletna sodelavka Kinodvora in Slovenske kinoteke. Vrsto let je sodelovala pri doma\u010dih in tujih filmskih festivalih (Kino Otok, Animateka, Mesto \u017eensk, FSF, Karlovi Vari, festival fantasti\u010dnega filma SLASH na Dunaju). Prispevke o filmu je objavila v publikacijah Ekran, KINO!, Kinote\u010dnik, v hrva\u0161ki filmski reviji Filmonaut in avstralski spletni reviji Senses of Cinema. Od leta 2014 je kuratorka programa No\u010d eroti\u010dnega filma Kinosloga. Retrosex. v ljubljanskem Kinodvoru. Med letoma 2014 in 2024 je bila programska direktorica in producentka festivala \u017eanrskega filma Kurja polt. Je \u010dlanica uredni\u0161tva revije Ekran.<\/p>\n<p>&nbsp;<\/p>\n<p><strong>Varja Mo\u010dnik <\/strong>je zaklju\u010dila \u0161tudij filmske in TV re\u017eije na AGRFT v Ljubljani. V letih 2003\u20132006 je kot asistentka programskega vodje sodelovala s Slovensko kinoteko. Takrat je za\u010dela tudi pisati in prevajati besedila o filmu. S Kinoteko je kot kuratorka filmskega programa ponovno sodelovala v letih 2014\u20132022 in v razli\u010dnih vlogah sodeluje \u0161e danes. Na filmskem festivalu Kino Otok \u2013 Isola Cinema v razli\u010dnih vlogah deluje od prve edicije, leta 2013 je postala glavna selektorica filmskega programa, kar ostaja do danes. V zadnjih letih sodeluje pri razli\u010dnih filmsko-izobra\u017eevalnih programih in od leta 2020 z Akademijo umetnosti Univerze v Novi Gorici sodeluje kot predavateljica zgodovine in teorije filma.<\/p>\n<p>&nbsp;<\/p>\n<p><strong>Kristian Bo\u017eak Kav\u010di\u010d <\/strong>deluje kot pisec o filmu, monta\u017eer in pedagog. Diplomiral je iz filmske in televizijske monta\u017ee na UL AGRFT; za diplomski film je s so\u0161tudentoma re\u017eije in snemanja prejel univerzitetno Pre\u0161ernovo nagrado, film se je uvrstil v sekcijo Cin\u00e9fondation 73. edicije canskega festivala. Kot monta\u017eer sodeluje pri kratkih filmih o filmskih poklicih (produkcija ZDSFU), v letu 2022 je sodeloval pri monta\u017ei dokumentarca LGBT_SLO_1984. Magistriral je iz filmskih in televizijskih \u0161tudijev (UL AGRFT) z nalogo o varovanju filmske dedi\u0161\u010dine v Sloveniji in trajnostnosti, zadnje leto \u0161tudija je bil \u0161tipendist Univerzitetne ustanove ing. Lenar\u010di\u010d Milana. Asistiral in mentoriral je na ve\u010d filmskokriti\u0161kih delavnicah, redno izvaja filmskokriti\u0161ki kro\u017eek na Gimnaziji Be\u017eigrad. Med drugim pi\u0161e za reviji KINO!, kjer je objavil tudi recenziran izvirni znanstveni \u010dlanek, in Ekran. Leta 2023 je prejel nagrado Nike Bohinc za najbolj\u0161i teoretski esej.<\/p>\n<h5>Nagrada Art kino mre\u017ee Slovenije<\/h5>\n<p>Nagrada zdru\u017eenja prikazovalcev kvalitetnega in umetni\u0161kega filma omogo\u010da prikazovanje in promocijo izbranega celove\u010dernega filma po 28 mestnih kinematografih po Sloveniji. \u017dirijo sestavljajo: <strong>Suzana Kokalj<\/strong> (Mestni kino Dom\u017eale), <strong>Vesna Teli\u010d Kova\u010d <\/strong>(Kulturni dom Cerknica) in<strong> Uro\u0161 Zavodnik <\/strong>(Kino Slovenj Gradec \/ Kulturni dom Slovenj Gradec).<\/p>\n<p>&nbsp;<\/p>\n<p><strong>Suzana Kokalj<\/strong> (1987) je \u0161tudirala umetnostno zgodovino na Filozofski fakulteti v Ljubljani in multimedijsko produkcijo na In\u0161titutu in Akademiji za multimedije ter na obeh programih diplomirala s filmsko tematiko. Poklicno se je udejstvovala v razli\u010dnih produkcijskih vlogah (RTV, Studio Siposh, RAW, IRE Studios) in se lansko leto priklju\u010dila ekipi Mestnega kina Dom\u017eale. Njena strast je scenaristika, ki jo je popeljala preko Hypewriter Pitching Foruma v Budimpe\u0161ti do predstavitve svojega projekta na TV Beats Co-Financing Market na 26. talinskem filmskem festivalu Black Nights.<\/p>\n<p>&nbsp;<\/p>\n<p><strong>Vesna Teli\u010d Kova\u010d<\/strong> je \u0161tudirala primerjalno knji\u017eevnost na ljubljanski filozofski fakulteti. V \u010dasu \u0161tudija je bila med prvimi \u010dlani Kinopolisa v tedaj novoustanovljeni Slovenski kinoteki, potem ko je strast do filma v njej prebudil profesor umetnostne vzgoje s filmom Nebo nad Berlinom. \u017de vrsto let sodeluje s Kulturnim domom Cerknica, kjer se je vzpostavil regijski kino, in privablja ob\u010dinstvo na kakovostne filmske projekcije. Vodi spremljajo\u010de pogovore s filmskimi ustvarjalci, opozarja na izbrane bisere doma\u010de in tuje kinematografije ter skrbi za popularizacijo in razvoj filmske kulture na Notranjskem.<\/p>\n<p>Sodeluje tudi pri literarnih ve\u010derih, glasbenih koncertih, pripravi razstav ter pogovorih z razli\u010dnimi gosti.<\/p>\n<p>&nbsp;<\/p>\n<p><strong>Uro\u0161 Zavodnik<\/strong> je svobodni umetnik, samozaposlen v kulturi, re\u017eiser, scenarist, igralec, avtor razli\u010dnih igranih in dokumentarnih filmov. Filmsko umetnost je \u0161tudiral v Avstriji ter v povezavi z AGRFT doktoriral v Ljubljani. Je \u010dlan Igralskega studia Bratov Vajevec. Tudi poet, fotograf, v mladosti glasbenik. Filmsko umetnost in fotografijo tudi predava, je docent za vizualno umetnost \u2013 film in fotografijo na Univerzi na Primorskem, Univerzi v Mariboru in Akademiji za ples AMEU. Ve\u010d let sodeluje z Art kino mre\u017eo Slovenije, natan\u010dneje s Kinom Slovenj Gradec, pri filmskem izobra\u017eevanju mlade in starej\u0161e cineasti\u010dne publike.<\/p>\n\n\t\t<\/div>\n\t<\/div>\n<\/div><\/div><\/div><\/div>\n","protected":false},"excerpt":{"rendered":"Strokovno \u017eirijo za celove\u010derne filme sestavljajo: GORDAN MATI\u0106 scenarist in re\u017eiser Gordan Mati\u0107 (1971) je diplomiral na [...]","protected":false},"author":1,"featured_media":0,"parent":0,"menu_order":0,"comment_status":"closed","ping_status":"closed","template":"","meta":[],"acf":[],"yoast_head":"<!-- This site is optimized with the Yoast SEO plugin v19.7.1 - https:\/\/yoast.com\/wordpress\/plugins\/seo\/ -->\n<title>Strokovna \u017eirija - FSF<\/title>\n<meta name=\"robots\" content=\"index, follow, max-snippet:-1, max-image-preview:large, max-video-preview:-1\" \/>\n<link rel=\"canonical\" href=\"https:\/\/fsf.si\/2024\/zirija\/\" \/>\n<meta property=\"og:locale\" content=\"sl_SI\" \/>\n<meta property=\"og:type\" content=\"article\" \/>\n<meta property=\"og:title\" content=\"Strokovna \u017eirija - FSF\" \/>\n<meta property=\"og:url\" content=\"https:\/\/fsf.si\/2024\/zirija\/\" \/>\n<meta property=\"og:site_name\" content=\"FSF\" \/>\n<meta property=\"article:modified_time\" content=\"2024-10-25T13:39:40+00:00\" \/>\n<meta name=\"twitter:card\" content=\"summary_large_image\" \/>\n<meta name=\"twitter:label1\" content=\"Est. reading time\" \/>\n\t<meta name=\"twitter:data1\" content=\"8 minut\" \/>\n<script type=\"application\/ld+json\" class=\"yoast-schema-graph\">{\"@context\":\"https:\/\/schema.org\",\"@graph\":[{\"@type\":\"WebPage\",\"@id\":\"https:\/\/fsf.si\/2024\/zirija\/\",\"url\":\"https:\/\/fsf.si\/2024\/zirija\/\",\"name\":\"Strokovna \u017eirija - FSF\",\"isPartOf\":{\"@id\":\"https:\/\/fsf.si\/2024\/#website\"},\"datePublished\":\"2019-06-07T17:13:23+00:00\",\"dateModified\":\"2024-10-25T13:39:40+00:00\",\"breadcrumb\":{\"@id\":\"https:\/\/fsf.si\/2024\/zirija\/#breadcrumb\"},\"inLanguage\":\"sl-SI\",\"potentialAction\":[{\"@type\":\"ReadAction\",\"target\":[\"https:\/\/fsf.si\/2024\/zirija\/\"]}]},{\"@type\":\"BreadcrumbList\",\"@id\":\"https:\/\/fsf.si\/2024\/zirija\/#breadcrumb\",\"itemListElement\":[{\"@type\":\"ListItem\",\"position\":1,\"name\":\"Home\",\"item\":\"https:\/\/fsf.si\/2024\/\"},{\"@type\":\"ListItem\",\"position\":2,\"name\":\"Strokovna \u017eirija\"}]},{\"@type\":\"WebSite\",\"@id\":\"https:\/\/fsf.si\/2024\/#website\",\"url\":\"https:\/\/fsf.si\/2024\/\",\"name\":\"FSF\",\"description\":\"Festival Slovenskega Filma\",\"publisher\":{\"@id\":\"https:\/\/fsf.si\/2024\/#organization\"},\"potentialAction\":[{\"@type\":\"SearchAction\",\"target\":{\"@type\":\"EntryPoint\",\"urlTemplate\":\"https:\/\/fsf.si\/2024\/?s={search_term_string}\"},\"query-input\":\"required name=search_term_string\"}],\"inLanguage\":\"sl-SI\"},{\"@type\":\"Organization\",\"@id\":\"https:\/\/fsf.si\/2024\/#organization\",\"name\":\"Festival Slovenskega Filma\",\"url\":\"https:\/\/fsf.si\/2024\/\",\"sameAs\":[],\"logo\":{\"@type\":\"ImageObject\",\"inLanguage\":\"sl-SI\",\"@id\":\"https:\/\/fsf.si\/2024\/#\/schema\/logo\/image\/\",\"url\":\"https:\/\/fsf.si\/2024\/wp-content\/uploads\/2019\/06\/Slider-FSF.png\",\"contentUrl\":\"https:\/\/fsf.si\/2024\/wp-content\/uploads\/2019\/06\/Slider-FSF.png\",\"width\":4800,\"height\":1600,\"caption\":\"Festival Slovenskega Filma\"},\"image\":{\"@id\":\"https:\/\/fsf.si\/2024\/#\/schema\/logo\/image\/\"}}]}<\/script>\n<!-- \/ Yoast SEO plugin. -->","yoast_head_json":{"title":"Strokovna \u017eirija - FSF","robots":{"index":"index","follow":"follow","max-snippet":"max-snippet:-1","max-image-preview":"max-image-preview:large","max-video-preview":"max-video-preview:-1"},"canonical":"https:\/\/fsf.si\/2024\/zirija\/","og_locale":"sl_SI","og_type":"article","og_title":"Strokovna \u017eirija - FSF","og_url":"https:\/\/fsf.si\/2024\/zirija\/","og_site_name":"FSF","article_modified_time":"2024-10-25T13:39:40+00:00","twitter_card":"summary_large_image","twitter_misc":{"Est. reading time":"8 minut"},"schema":{"@context":"https:\/\/schema.org","@graph":[{"@type":"WebPage","@id":"https:\/\/fsf.si\/2024\/zirija\/","url":"https:\/\/fsf.si\/2024\/zirija\/","name":"Strokovna \u017eirija - FSF","isPartOf":{"@id":"https:\/\/fsf.si\/2024\/#website"},"datePublished":"2019-06-07T17:13:23+00:00","dateModified":"2024-10-25T13:39:40+00:00","breadcrumb":{"@id":"https:\/\/fsf.si\/2024\/zirija\/#breadcrumb"},"inLanguage":"sl-SI","potentialAction":[{"@type":"ReadAction","target":["https:\/\/fsf.si\/2024\/zirija\/"]}]},{"@type":"BreadcrumbList","@id":"https:\/\/fsf.si\/2024\/zirija\/#breadcrumb","itemListElement":[{"@type":"ListItem","position":1,"name":"Home","item":"https:\/\/fsf.si\/2024\/"},{"@type":"ListItem","position":2,"name":"Strokovna \u017eirija"}]},{"@type":"WebSite","@id":"https:\/\/fsf.si\/2024\/#website","url":"https:\/\/fsf.si\/2024\/","name":"FSF","description":"Festival Slovenskega Filma","publisher":{"@id":"https:\/\/fsf.si\/2024\/#organization"},"potentialAction":[{"@type":"SearchAction","target":{"@type":"EntryPoint","urlTemplate":"https:\/\/fsf.si\/2024\/?s={search_term_string}"},"query-input":"required name=search_term_string"}],"inLanguage":"sl-SI"},{"@type":"Organization","@id":"https:\/\/fsf.si\/2024\/#organization","name":"Festival Slovenskega Filma","url":"https:\/\/fsf.si\/2024\/","sameAs":[],"logo":{"@type":"ImageObject","inLanguage":"sl-SI","@id":"https:\/\/fsf.si\/2024\/#\/schema\/logo\/image\/","url":"https:\/\/fsf.si\/2024\/wp-content\/uploads\/2019\/06\/Slider-FSF.png","contentUrl":"https:\/\/fsf.si\/2024\/wp-content\/uploads\/2019\/06\/Slider-FSF.png","width":4800,"height":1600,"caption":"Festival Slovenskega Filma"},"image":{"@id":"https:\/\/fsf.si\/2024\/#\/schema\/logo\/image\/"}}]}},"_links":{"self":[{"href":"https:\/\/fsf.si\/2024\/wp-json\/wp\/v2\/pages\/4662"}],"collection":[{"href":"https:\/\/fsf.si\/2024\/wp-json\/wp\/v2\/pages"}],"about":[{"href":"https:\/\/fsf.si\/2024\/wp-json\/wp\/v2\/types\/page"}],"author":[{"embeddable":true,"href":"https:\/\/fsf.si\/2024\/wp-json\/wp\/v2\/users\/1"}],"replies":[{"embeddable":true,"href":"https:\/\/fsf.si\/2024\/wp-json\/wp\/v2\/comments?post=4662"}],"version-history":[{"count":97,"href":"https:\/\/fsf.si\/2024\/wp-json\/wp\/v2\/pages\/4662\/revisions"}],"predecessor-version":[{"id":28958,"href":"https:\/\/fsf.si\/2024\/wp-json\/wp\/v2\/pages\/4662\/revisions\/28958"}],"wp:attachment":[{"href":"https:\/\/fsf.si\/2024\/wp-json\/wp\/v2\/media?parent=4662"}],"curies":[{"name":"wp","href":"https:\/\/api.w.org\/{rel}","templated":true}]}}