{"id":17583,"date":"2021-10-01T14:31:27","date_gmt":"2021-10-01T12:31:27","guid":{"rendered":"https:\/\/fsf.si\/2025\/?page_id=17583"},"modified":"2025-10-06T14:19:58","modified_gmt":"2025-10-06T12:19:58","slug":"festivalska-druzenja","status":"publish","type":"page","link":"https:\/\/fsf.si\/2025\/festivalska-druzenja\/","title":{"rendered":"Festivalska dru\u017eenja"},"content":{"rendered":"<div class=\"edgtf-row-grid-section-wrapper \"  ><div class=\"edgtf-row-grid-section\"><div class=\"vc_row wpb_row vc_row-fluid wpb_animate_when_almost_visible wpb_fadeInRightBig fadeInRightBig vc_custom_1727864673637 vc_row-o-content-middle vc_row-flex\" ><div class=\"wpb_animate_when_almost_visible wpb_rollIn rollIn wpb_column vc_column_container vc_col-sm-12\"><div class=\"vc_column-inner vc_custom_1633016066484\"><div class=\"wpb_wrapper\"><div class=\"vc_row wpb_row vc_inner vc_row-fluid jury-team-item vc_custom_1727864619710\" ><div class=\"wpb_column vc_column_container vc_col-sm-12\"><div class=\"vc_column-inner\"><div class=\"wpb_wrapper\">\n\t<div class=\"wpb_text_column wpb_content_element  ju\" >\n\t\t<div class=\"wpb_wrapper\">\n\t\t\t<p>Od srede, 22. oktobra, do sobote, 25. oktobra, vas po kon\u010danih filmskih projekcijah <span lang=\"SL\">vabimo na \u0161tiri<\/span>\u00a0DJ-ve\u010der<span lang=\"SL\">e, ki\u00a0<\/span>bodo potekali med 22. in 2. uro v Magazin Grando.\u00a0 <strong>VSTOP PROST!<\/strong><\/p>\n\n\t\t<\/div>\n\t<\/div>\n<\/div><\/div><\/div><\/div><div class=\"vc_row wpb_row vc_inner vc_row-fluid vc_custom_1727864655756\" ><div class=\"wpb_column vc_column_container vc_col-sm-3\"><div class=\"vc_column-inner\"><div class=\"wpb_wrapper\">\n\t<div class=\"wpb_text_column wpb_content_element \" >\n\t\t<div class=\"wpb_wrapper\">\n\t\t\t<p><span style=\"font-family: 'courier new', courier, monospace; font-size: 12pt;\"><strong>SREDA 22.10.2025 ob 22.00<\/strong><\/span><\/p>\n\n\t\t<\/div>\n\t<\/div>\n<div class=\"edgtf-single-image-holder    edgtf-image-behavior-custom-link edgtf-image-align-left\">\n    <div class=\"edgtf-si-inner\" >\n                                    <img width=\"244\" height=\"244\" src=\"https:\/\/fsf.si\/2025\/wp-content\/uploads\/2025\/10\/scrnli_14HCGghmF3J9IA.png\" class=\"attachment-full size-full\" alt=\"\" loading=\"lazy\" srcset=\"https:\/\/fsf.si\/2025\/wp-content\/uploads\/2025\/10\/scrnli_14HCGghmF3J9IA.png 244w, https:\/\/fsf.si\/2025\/wp-content\/uploads\/2025\/10\/scrnli_14HCGghmF3J9IA-150x150.png 150w\" sizes=\"(max-width: 244px) 100vw, 244px\" \/>\t                                            <\/a>\n            <\/div>\n<\/div>\n\t<div class=\"wpb_text_column wpb_content_element \" >\n\t\t<div class=\"wpb_wrapper\">\n\t\t\t<p><strong>DJ Sunny<\/strong><\/p>\n<p style=\"text-align: left;\">Sunny je v Ljubljani \u017eive\u010di DJ in producent s sirskimi in hrva\u0161kimi koreninami. Znan je po svojem eklekti\u010dnem zvoku, pre\u017eetem s soulom in funkom, v katerem zdru\u017euje hip-hop, house, breaks, electro in disco. Z nastopi na velikih dogodkih in festivalih, kot so Butik, Odvod, Agregat, Luckison in Velvet Festival, je na glasbeni sceni pustil pomemben pe\u010dat. Kot ustanovitelj zalo\u017ebe in ljubljanske trgovine s plo\u0161\u010dami BigNose je vzpostavil kulturno sti\u010di\u0161\u010de za DJ-e in umetnike. Naj brska po pra\u0161nih zabojih za skritimi biseri ali ustvarja sete, v katerih lahkotno zdru\u017euje raritete z brez\u010dasnimi klasikami, Sunnyjeva strast do glasbe je brezmejna.<\/p>\n\n\t\t<\/div>\n\t<\/div>\n<\/div><\/div><\/div><div class=\"wpb_column vc_column_container vc_col-sm-3\"><div class=\"vc_column-inner\"><div class=\"wpb_wrapper\">\n\t<div class=\"wpb_text_column wpb_content_element \" >\n\t\t<div class=\"wpb_wrapper\">\n\t\t\t<p><span style=\"font-family: 'courier new', courier, monospace; font-size: 12pt;\"><strong>\u010cETRTEK 23.10.25 ob 22.00<\/strong><\/span><\/p>\n\n\t\t<\/div>\n\t<\/div>\n<div class=\"edgtf-single-image-holder    edgtf-image-behavior-custom-link edgtf-image-align-left\">\n    <div class=\"edgtf-si-inner\" >\n                                    <img width=\"243\" height=\"246\" src=\"https:\/\/fsf.si\/2025\/wp-content\/uploads\/2025\/10\/scrnli_Oi6t7Fv5Q3HT7p.png\" class=\"attachment-full size-full\" alt=\"\" loading=\"lazy\" \/>\t                                            <\/a>\n            <\/div>\n<\/div>\n\t<div class=\"wpb_text_column wpb_content_element \" >\n\t\t<div class=\"wpb_wrapper\">\n\t\t\t<p style=\"text-align: left;\"><strong>DVS<\/strong><\/p>\n<p style=\"text-align: left;\">DVS je eden od pionirjev ljubljanske bass scene, prepoznaven po svojem zna\u010dilnem slogu, v katerem suvereno prepleta udarne klubske kora\u010dnice s presti\u017enimi, r\u2019n\u2019b-jevsko obarvanimi harmonijami. Njegovi seti, ki jih v prvi vrsti poganjajo UK funky ritmi, so stalnica ljubljanskih alternativnih klubov \u017ee ve\u010d kot desetletje, odmevali pa so tudi z odrov mednarodnih festivalov, kot sta Outlook in Butik.<\/p>\n\n\t\t<\/div>\n\t<\/div>\n<\/div><\/div><\/div><div class=\"wpb_column vc_column_container vc_col-sm-3\"><div class=\"vc_column-inner\"><div class=\"wpb_wrapper\">\n\t<div class=\"wpb_text_column wpb_content_element \" >\n\t\t<div class=\"wpb_wrapper\">\n\t\t\t<p><span style=\"font-size: 12pt; color: #000000;\"><strong><span style=\"font-family: 'courier new', courier, monospace;\">PETEK 24.10.25 ob 22.00<\/span><\/strong><\/span><\/p>\n\n\t\t<\/div>\n\t<\/div>\n<div class=\"edgtf-single-image-holder    edgtf-image-behavior-custom-link edgtf-image-align-left\">\n    <div class=\"edgtf-si-inner\" >\n                                    <img width=\"246\" height=\"244\" src=\"https:\/\/fsf.si\/2025\/wp-content\/uploads\/2025\/10\/scrnli_r4pWql86m3K2HZ.png\" class=\"attachment-full size-full\" alt=\"\" loading=\"lazy\" srcset=\"https:\/\/fsf.si\/2025\/wp-content\/uploads\/2025\/10\/scrnli_r4pWql86m3K2HZ.png 246w, https:\/\/fsf.si\/2025\/wp-content\/uploads\/2025\/10\/scrnli_r4pWql86m3K2HZ-150x150.png 150w\" sizes=\"(max-width: 246px) 100vw, 246px\" \/>\t                                            <\/a>\n            <\/div>\n<\/div>\n\t<div class=\"wpb_text_column wpb_content_element \" >\n\t\t<div class=\"wpb_wrapper\">\n\t\t\t<p style=\"text-align: left;\"><b>Kafe sa \u0161lagom<\/b><\/p>\n<p>Kafe sa \u0161lagom sta Ines Mid\u017ean in Klara Otorepec, ki ju dru\u017ei ljubezen do glasbe nekdanje skupne dr\u017eave. Skupaj ustvarjata istoimensko radijsko oddajo, ki je na sporedu vsako \u010detrto nedeljo v mesecu na valovih Radia \u0160tudent. V oddaji raziskujeta arhive jugoslovanske popularne glasbe in z njimi povezane anekdote s takratne kulturne, glasbene in politi\u010dne scene. Ob\u010dasno kot DJ dvojec nastopata tudi zunaj radijskega etra in takrat na plano privle\u010deta jugo plesne poslastice vseh \u017eanrov in okusov!<\/p>\n\n\t\t<\/div>\n\t<\/div>\n<\/div><\/div><\/div><div class=\"wpb_column vc_column_container vc_col-sm-3\"><div class=\"vc_column-inner\"><div class=\"wpb_wrapper\">\n\t<div class=\"wpb_text_column wpb_content_element \" >\n\t\t<div class=\"wpb_wrapper\">\n\t\t\t<p><span style=\"font-size: 12pt;\"><strong><span style=\"font-family: 'courier new', courier, monospace;\">SOBOTA 25.10.25 ob 22.00<\/span><\/strong><\/span><\/p>\n\n\t\t<\/div>\n\t<\/div>\n<div class=\"edgtf-single-image-holder    edgtf-image-behavior-custom-link edgtf-image-align-left\">\n    <div class=\"edgtf-si-inner\" >\n                                    <img width=\"244\" height=\"245\" src=\"https:\/\/fsf.si\/2025\/wp-content\/uploads\/2025\/10\/scrnli_to86M0qbN3klrT.png\" class=\"attachment-full size-full\" alt=\"\" loading=\"lazy\" srcset=\"https:\/\/fsf.si\/2025\/wp-content\/uploads\/2025\/10\/scrnli_to86M0qbN3klrT.png 244w, https:\/\/fsf.si\/2025\/wp-content\/uploads\/2025\/10\/scrnli_to86M0qbN3klrT-150x150.png 150w\" sizes=\"(max-width: 244px) 100vw, 244px\" \/>\t                                            <\/a>\n            <\/div>\n<\/div>\n\t<div class=\"wpb_text_column wpb_content_element \" >\n\t\t<div class=\"wpb_wrapper\">\n\t\t\t<p><strong>DJ Woo-D<\/strong><\/p>\n<p style=\"text-align: left;\">Igor Ve\u010deri\u010d alias Dj Woo-D zbira gramofonske plo\u0161\u010de od leta 2005. Njegovi glasbeni stili segajo od funka, soula, jazza do latina, afro in breakbeata. Lokalno je \u010dlan DJ kolektiva Tetkine radosti, ki preigrava pozabljene bisere Jugoslavije iz 60-ih, 70-ih in 80-ih let. Kot DJ je Woo-D nastopal na odrih \u0161tevilnih barov, klubov in festivalov po vsej Evropi, Rusiji in celo ZDA, vendar se v zadnjem \u010dasu bolj osredoto\u010da na glasbeno produkcijo in nastope v \u017eivo s sinti, semplerji, efekti.<\/p>\n\n\t\t<\/div>\n\t<\/div>\n<\/div><\/div><\/div><\/div><\/div><\/div><\/div><\/div><\/div><\/div>\n","protected":false},"excerpt":{"rendered":"Od srede, 22. oktobra, do sobote, 25. oktobra, vas po kon\u010danih filmskih projekcijah vabimo na \u0161tiri\u00a0DJ-ve\u010dere, ki\u00a0bodo [...]","protected":false},"author":1,"featured_media":0,"parent":0,"menu_order":0,"comment_status":"closed","ping_status":"closed","template":"","meta":[],"acf":[],"yoast_head":"<!-- This site is optimized with the Yoast SEO plugin v19.7.1 - https:\/\/yoast.com\/wordpress\/plugins\/seo\/ -->\n<title>Festivalska dru\u017eenja - FSF<\/title>\n<meta name=\"robots\" content=\"index, follow, max-snippet:-1, max-image-preview:large, max-video-preview:-1\" \/>\n<link rel=\"canonical\" href=\"https:\/\/fsf.si\/2025\/festivalska-druzenja\/\" \/>\n<meta property=\"og:locale\" content=\"sl_SI\" \/>\n<meta property=\"og:type\" content=\"article\" \/>\n<meta property=\"og:title\" content=\"Festivalska dru\u017eenja - FSF\" \/>\n<meta property=\"og:url\" content=\"https:\/\/fsf.si\/2025\/festivalska-druzenja\/\" \/>\n<meta property=\"og:site_name\" content=\"FSF\" \/>\n<meta property=\"article:modified_time\" content=\"2025-10-06T12:19:58+00:00\" \/>\n<meta name=\"twitter:card\" content=\"summary_large_image\" \/>\n<meta name=\"twitter:label1\" content=\"Est. reading time\" \/>\n\t<meta name=\"twitter:data1\" content=\"3 minute\" \/>\n<script type=\"application\/ld+json\" class=\"yoast-schema-graph\">{\"@context\":\"https:\/\/schema.org\",\"@graph\":[{\"@type\":\"WebPage\",\"@id\":\"https:\/\/fsf.si\/2025\/festivalska-druzenja\/\",\"url\":\"https:\/\/fsf.si\/2025\/festivalska-druzenja\/\",\"name\":\"Festivalska dru\u017eenja - FSF\",\"isPartOf\":{\"@id\":\"https:\/\/fsf.si\/2025\/#website\"},\"datePublished\":\"2021-10-01T12:31:27+00:00\",\"dateModified\":\"2025-10-06T12:19:58+00:00\",\"breadcrumb\":{\"@id\":\"https:\/\/fsf.si\/2025\/festivalska-druzenja\/#breadcrumb\"},\"inLanguage\":\"sl-SI\",\"potentialAction\":[{\"@type\":\"ReadAction\",\"target\":[\"https:\/\/fsf.si\/2025\/festivalska-druzenja\/\"]}]},{\"@type\":\"BreadcrumbList\",\"@id\":\"https:\/\/fsf.si\/2025\/festivalska-druzenja\/#breadcrumb\",\"itemListElement\":[{\"@type\":\"ListItem\",\"position\":1,\"name\":\"Home\",\"item\":\"https:\/\/fsf.si\/2025\/\"},{\"@type\":\"ListItem\",\"position\":2,\"name\":\"Festivalska dru\u017eenja\"}]},{\"@type\":\"WebSite\",\"@id\":\"https:\/\/fsf.si\/2025\/#website\",\"url\":\"https:\/\/fsf.si\/2025\/\",\"name\":\"FSF\",\"description\":\"Festival Slovenskega Filma\",\"publisher\":{\"@id\":\"https:\/\/fsf.si\/2025\/#organization\"},\"potentialAction\":[{\"@type\":\"SearchAction\",\"target\":{\"@type\":\"EntryPoint\",\"urlTemplate\":\"https:\/\/fsf.si\/2025\/?s={search_term_string}\"},\"query-input\":\"required name=search_term_string\"}],\"inLanguage\":\"sl-SI\"},{\"@type\":\"Organization\",\"@id\":\"https:\/\/fsf.si\/2025\/#organization\",\"name\":\"Festival Slovenskega Filma\",\"url\":\"https:\/\/fsf.si\/2025\/\",\"sameAs\":[],\"logo\":{\"@type\":\"ImageObject\",\"inLanguage\":\"sl-SI\",\"@id\":\"https:\/\/fsf.si\/2025\/#\/schema\/logo\/image\/\",\"url\":\"https:\/\/fsf.si\/2025\/wp-content\/uploads\/2019\/06\/Slider-FSF.png\",\"contentUrl\":\"https:\/\/fsf.si\/2025\/wp-content\/uploads\/2019\/06\/Slider-FSF.png\",\"width\":4800,\"height\":1600,\"caption\":\"Festival Slovenskega Filma\"},\"image\":{\"@id\":\"https:\/\/fsf.si\/2025\/#\/schema\/logo\/image\/\"}}]}<\/script>\n<!-- \/ Yoast SEO plugin. -->","yoast_head_json":{"title":"Festivalska dru\u017eenja - FSF","robots":{"index":"index","follow":"follow","max-snippet":"max-snippet:-1","max-image-preview":"max-image-preview:large","max-video-preview":"max-video-preview:-1"},"canonical":"https:\/\/fsf.si\/2025\/festivalska-druzenja\/","og_locale":"sl_SI","og_type":"article","og_title":"Festivalska dru\u017eenja - FSF","og_url":"https:\/\/fsf.si\/2025\/festivalska-druzenja\/","og_site_name":"FSF","article_modified_time":"2025-10-06T12:19:58+00:00","twitter_card":"summary_large_image","twitter_misc":{"Est. reading time":"3 minute"},"schema":{"@context":"https:\/\/schema.org","@graph":[{"@type":"WebPage","@id":"https:\/\/fsf.si\/2025\/festivalska-druzenja\/","url":"https:\/\/fsf.si\/2025\/festivalska-druzenja\/","name":"Festivalska dru\u017eenja - FSF","isPartOf":{"@id":"https:\/\/fsf.si\/2025\/#website"},"datePublished":"2021-10-01T12:31:27+00:00","dateModified":"2025-10-06T12:19:58+00:00","breadcrumb":{"@id":"https:\/\/fsf.si\/2025\/festivalska-druzenja\/#breadcrumb"},"inLanguage":"sl-SI","potentialAction":[{"@type":"ReadAction","target":["https:\/\/fsf.si\/2025\/festivalska-druzenja\/"]}]},{"@type":"BreadcrumbList","@id":"https:\/\/fsf.si\/2025\/festivalska-druzenja\/#breadcrumb","itemListElement":[{"@type":"ListItem","position":1,"name":"Home","item":"https:\/\/fsf.si\/2025\/"},{"@type":"ListItem","position":2,"name":"Festivalska dru\u017eenja"}]},{"@type":"WebSite","@id":"https:\/\/fsf.si\/2025\/#website","url":"https:\/\/fsf.si\/2025\/","name":"FSF","description":"Festival Slovenskega Filma","publisher":{"@id":"https:\/\/fsf.si\/2025\/#organization"},"potentialAction":[{"@type":"SearchAction","target":{"@type":"EntryPoint","urlTemplate":"https:\/\/fsf.si\/2025\/?s={search_term_string}"},"query-input":"required name=search_term_string"}],"inLanguage":"sl-SI"},{"@type":"Organization","@id":"https:\/\/fsf.si\/2025\/#organization","name":"Festival Slovenskega Filma","url":"https:\/\/fsf.si\/2025\/","sameAs":[],"logo":{"@type":"ImageObject","inLanguage":"sl-SI","@id":"https:\/\/fsf.si\/2025\/#\/schema\/logo\/image\/","url":"https:\/\/fsf.si\/2025\/wp-content\/uploads\/2019\/06\/Slider-FSF.png","contentUrl":"https:\/\/fsf.si\/2025\/wp-content\/uploads\/2019\/06\/Slider-FSF.png","width":4800,"height":1600,"caption":"Festival Slovenskega Filma"},"image":{"@id":"https:\/\/fsf.si\/2025\/#\/schema\/logo\/image\/"}}]}},"_links":{"self":[{"href":"https:\/\/fsf.si\/2025\/wp-json\/wp\/v2\/pages\/17583"}],"collection":[{"href":"https:\/\/fsf.si\/2025\/wp-json\/wp\/v2\/pages"}],"about":[{"href":"https:\/\/fsf.si\/2025\/wp-json\/wp\/v2\/types\/page"}],"author":[{"embeddable":true,"href":"https:\/\/fsf.si\/2025\/wp-json\/wp\/v2\/users\/1"}],"replies":[{"embeddable":true,"href":"https:\/\/fsf.si\/2025\/wp-json\/wp\/v2\/comments?post=17583"}],"version-history":[{"count":94,"href":"https:\/\/fsf.si\/2025\/wp-json\/wp\/v2\/pages\/17583\/revisions"}],"predecessor-version":[{"id":31158,"href":"https:\/\/fsf.si\/2025\/wp-json\/wp\/v2\/pages\/17583\/revisions\/31158"}],"wp:attachment":[{"href":"https:\/\/fsf.si\/2025\/wp-json\/wp\/v2\/media?parent=17583"}],"curies":[{"name":"wp","href":"https:\/\/api.w.org\/{rel}","templated":true}]}}