{"id":23080,"date":"2022-10-28T10:24:18","date_gmt":"2022-10-28T08:24:18","guid":{"rendered":"https:\/\/fsf.si\/2025\/?page_id=23080"},"modified":"2025-10-26T21:29:56","modified_gmt":"2025-10-26T20:29:56","slug":"nagrada-obcinstva","status":"publish","type":"page","link":"https:\/\/fsf.si\/2025\/nagrada-obcinstva\/","title":{"rendered":"Nagrada ob\u010dinstva"},"content":{"rendered":"<div class=\"vc_row wpb_row vc_row-fluid jury-team-item\" ><div class=\"wpb_column vc_column_container vc_col-sm-12\"><div class=\"vc_column-inner\"><div class=\"wpb_wrapper\">\n\t<div class=\"wpb_text_column wpb_content_element \" >\n\t\t<div class=\"wpb_wrapper\">\n\t\t\t<p>Na FSF Portoro\u017e vsako leto podelimo tudi vesno za najbolj\u0161i slovenski celove\u010derni film po izboru ob\u010dinstva. O nagradi odlo\u010da ob\u010dinstvo, in sicer z glasovanjem na vseh lokacijah, kjer so predvajani filmi, ki tekmujejo za nagrado. Gledalci ob vstopu v dvorano prejmejo glasovnico, na kateri so navedene ocene od 1 do 5, pri \u010demer je 5 najvi\u0161ja ocena. Glasujejo tako, da jasno ozna\u010dijo izbrano oceno in po kon\u010dani projekciji glasovnico oddajo v glasovalno skrinjico ob izhodu iz dvorane. Glasovnica, iz katere volja ocenjevalca ni razvidna, ni veljavna.<\/p>\n<p>Tri\u010dlanska komisija, ki jo imenuje direktor festivala (letos jo sestavljajo predsednica Kristina Ravnikar ter \u010dlana \u0160pela Barli\u010d in Janko \u010cretnik), glasovnice pre\u0161teje in za vsak film izra\u010duna povpre\u010dno oceno. Za podelitev nagrade ob\u010dinstva mora za posamezen film oddati veljavne glasovnice vsaj 50 gledalcev, zmaga pa tisti film, ki dobi najvi\u0161jo povpre\u010dno oceno, izra\u010dunano na dve decimalki. V primeru enakega izida prejmejo nagrado vsi enako ocenjeni filmi.<\/p>\n<p>Na 28. FSF Portoro\u017e se za nagrado ob\u010dinstva potegujejo slede\u010di filmi:<\/p>\n<p><strong>Tekmovalni program<\/strong><\/p>\n<ul>\n<li><span style=\"color: #000000;\"><a style=\"color: #000000;\" href=\"https:\/\/fsf.si\/2025\/class\/dan-zmage\/\"><span style=\"text-decoration: underline;\">DAN ZMAGE<\/span><\/a>, Zvezdan Marti\u010d, 76&#8242;, dokumentarni<\/span><\/li>\n<li><span style=\"color: #000000;\"><span style=\"text-decoration: underline;\"><a style=\"color: #000000; text-decoration: underline;\" href=\"https:\/\/fsf.si\/2025\/class\/elvis-skorc\/\">ELVIS \u0160KORC<\/a><\/span>, Boris Jurja\u0161evi\u010d, 92&#8242;, igrani<\/span><\/li>\n<li><span style=\"color: #000000;\"><span style=\"text-decoration: underline;\"><a style=\"color: #000000; text-decoration: underline;\" href=\"https:\/\/fsf.si\/2025\/class\/fantasy\/\">FANTASY<\/a><\/span>, Kukla, 99&#8242;, igrani<\/span><\/li>\n<li><span style=\"color: #000000;\"><span style=\"text-decoration: underline;\"><a style=\"color: #000000; text-decoration: underline;\" href=\"https:\/\/fsf.si\/2025\/class\/gora-se-ne-bo-premaknila\/\">GORA SE NE BO PREMAKNILA<\/a><\/span>, Petra Seli\u0161kar, 94&#8242;, dokumentarni<\/span><\/li>\n<li><span style=\"color: #000000;\"><span style=\"text-decoration: underline;\"><a style=\"color: #000000; text-decoration: underline;\" href=\"https:\/\/fsf.si\/2025\/class\/kaj-ti-je-deklica\/\">KAJ TI JE DEKLICA<\/a><\/span>, Ur\u0161ka Djuki\u0107, 90&#8242;, igrani<\/span><\/li>\n<li><span style=\"color: #000000;\"><span style=\"text-decoration: underline;\"><a style=\"color: #000000; text-decoration: underline;\" href=\"https:\/\/fsf.si\/2025\/class\/ko-pridem-ven\/\">KO PRIDEM VEN<\/a><\/span>, Metod Pevec, 106&#8242;, dokumentarni<\/span><\/li>\n<li><span style=\"color: #000000;\"><span style=\"text-decoration: underline;\"><a style=\"color: #000000; text-decoration: underline;\" href=\"https:\/\/fsf.si\/2025\/class\/ne-pozabi-me-non-ti-scordar-di-me\/\">NE POZABI ME<\/a><\/span>, Anja Medved, 104&#8242;, dokumentarni<\/span><\/li>\n<li><span style=\"color: #000000;\"><a style=\"color: #000000;\" href=\"https:\/\/fsf.si\/2025\/class\/novi-sosolci\/\"><span style=\"text-decoration: underline;\">NOVI SO\u0160OLCI<\/span><\/a>, Toni Cahunek, 89&#8242;, dokumentarni<\/span><\/li>\n<li><span style=\"color: #000000;\"><span style=\"text-decoration: underline;\"><a style=\"color: #000000; text-decoration: underline;\" href=\"https:\/\/fsf.si\/2025\/class\/oho-film\/\">OHO FILM<\/a><\/span>, Damjan Kozole, 100&#8242;, dokumentarni<\/span><\/li>\n<li><span style=\"color: #000000;\"><a style=\"color: #000000;\" href=\"https:\/\/fsf.si\/2025\/class\/pa-tako-lep-dan-je-bil\/\"><span style=\"text-decoration: underline;\">PA TAKO LEP DAN JE BIL<\/span><\/a>, Perica Rai, 89&#8242;, igrani<\/span><\/li>\n<li><span style=\"color: #000000;\"><span style=\"text-decoration: underline;\"><a style=\"color: #000000; text-decoration: underline;\" href=\"https:\/\/fsf.si\/2025\/class\/skriti-ljudje\/\">SKRITI LJUDJE<\/a><\/span>, Miha Ho\u010devar, 99&#8242;, igrani<\/span><\/li>\n<li><span style=\"color: #000000;\"><span style=\"text-decoration: underline;\"><a style=\"color: #000000; text-decoration: underline;\" href=\"https:\/\/fsf.si\/2025\/class\/zemljo-krast\/\">ZEMLJO KRAST<\/a><\/span>, \u017diga Virc, 70&#8242;, igrani<\/span><\/li>\n<li><span style=\"color: #000000;\"><span style=\"text-decoration: underline;\"><a style=\"color: #000000; text-decoration: underline;\" href=\"https:\/\/fsf.si\/2025\/class\/zgodbe-iz-carobnega-vrta\/\">ZGODBE IZ \u010cAROBNEGA VRTA<\/a><\/span>, David S\u00fakup, Patrik Pa\u0161\u0161, Jean-Claude Rozec, Leon Vidmar, 71&#8242;, animirani<\/span><\/li>\n<\/ul>\n<p>&nbsp;<\/p>\n<p><strong>Kon\u010dni vrstni red:<\/strong><\/p>\n\n\t\t<\/div>\n\t<\/div>\n<div class=\"vc_progress_bar wpb_content_element vc_custom_1761510593671  vc_progress-bar-color-bar_grey\" ><div class=\"vc_general vc_single_bar vc_progress-bar-color-bar_orange\"><small class=\"vc_label\">KO PRIDEM VEN (povpre\u010dna ocena 4,88)<\/small><span class=\"vc_bar \" data-percentage-value=\"96\" data-value=\"96\"><\/span><\/div><div class=\"vc_general vc_single_bar vc_progress-bar-color-bar_orange\"><small class=\"vc_label\">ZGODBE IZ \u010cAROBNEGA VRTA (povpre\u010dna ocena 4,78)<\/small><span class=\"vc_bar \" data-percentage-value=\"96\" data-value=\"96\"><\/span><\/div><div class=\"vc_general vc_single_bar vc_progress-bar-color-bar_orange\"><small class=\"vc_label\">OHO film (povpre\u010dna ocena 4,63)<\/small><span class=\"vc_bar \" data-percentage-value=\"91\" data-value=\"91\"><\/span><\/div><div class=\"vc_general vc_single_bar vc_progress-bar-color-bar_orange\"><small class=\"vc_label\">GORA SE NE BO PREMAKNILA (povpre\u010dna ocena 4,58)<\/small><span class=\"vc_bar \" data-percentage-value=\"91\" data-value=\"91\"><\/span><\/div><div class=\"vc_general vc_single_bar vc_progress-bar-color-bar_orange\"><small class=\"vc_label\">DAN ZMAGE (povpre\u010dna ocena 4,52)<\/small><span class=\"vc_bar \" data-percentage-value=\"91\" data-value=\"91\"><\/span><\/div><div class=\"vc_general vc_single_bar vc_progress-bar-color-bar_orange\"><small class=\"vc_label\">NOVI SO\u0160OLCI (povpre\u010dna ocena 4,50)<\/small><span class=\"vc_bar \" data-percentage-value=\"90\" data-value=\"90\"><\/span><\/div><div class=\"vc_general vc_single_bar vc_progress-bar-color-bar_orange\"><small class=\"vc_label\">ELVIS \u0160KORC (povpre\u010dna ocena 4,46)<\/small><span class=\"vc_bar \" data-percentage-value=\"88\" data-value=\"88\"><\/span><\/div><div class=\"vc_general vc_single_bar vc_progress-bar-color-bar_orange\"><small class=\"vc_label\">KAJ TI JE DEKLICA (povpre\u010dna ocena 4,46)<\/small><span class=\"vc_bar \" data-percentage-value=\"88\" data-value=\"88\"><\/span><\/div><div class=\"vc_general vc_single_bar vc_progress-bar-color-bar_orange\"><small class=\"vc_label\">ZEMLJO KRAST (povpre\u010dna ocena 4,45)<\/small><span class=\"vc_bar \" data-percentage-value=\"88\" data-value=\"88\"><\/span><\/div><div class=\"vc_general vc_single_bar vc_progress-bar-color-bar_orange\"><small class=\"vc_label\">SKRITI LJUDJE (povpre\u010dna ocena 4,36)<\/small><span class=\"vc_bar \" data-percentage-value=\"86\" data-value=\"86\"><\/span><\/div><div class=\"vc_general vc_single_bar vc_progress-bar-color-bar_orange\"><small class=\"vc_label\">FANTASY (povpre\u010dna ocena 4,26)<\/small><span class=\"vc_bar \" data-percentage-value=\"84\" data-value=\"84\"><\/span><\/div><div class=\"vc_general vc_single_bar vc_progress-bar-color-bar_orange\"><small class=\"vc_label\">NE POZABI ME (povpre\u010dna ocena 4,05)<\/small><span class=\"vc_bar \" data-percentage-value=\"80\" data-value=\"80\"><\/span><\/div><div class=\"vc_general vc_single_bar vc_progress-bar-color-bar_orange\"><small class=\"vc_label\">PA TAKO LEP DAN JE BIL (povpre\u010dna ocena 3,73)<\/small><span class=\"vc_bar \" data-percentage-value=\"74\" data-value=\"74\"><\/span><\/div><\/div><\/div><\/div><\/div><\/div>\n","protected":false},"excerpt":{"rendered":"Na FSF Portoro\u017e vsako leto podelimo tudi vesno za najbolj\u0161i slovenski celove\u010derni film po izboru ob\u010dinstva. O [...]","protected":false},"author":1,"featured_media":0,"parent":0,"menu_order":0,"comment_status":"closed","ping_status":"closed","template":"","meta":[],"acf":[],"yoast_head":"<!-- This site is optimized with the Yoast SEO plugin v19.7.1 - https:\/\/yoast.com\/wordpress\/plugins\/seo\/ -->\n<title>Nagrada ob\u010dinstva - FSF<\/title>\n<meta name=\"robots\" content=\"index, follow, max-snippet:-1, max-image-preview:large, max-video-preview:-1\" \/>\n<link rel=\"canonical\" href=\"https:\/\/fsf.si\/2025\/nagrada-obcinstva\/\" \/>\n<meta property=\"og:locale\" content=\"sl_SI\" \/>\n<meta property=\"og:type\" content=\"article\" \/>\n<meta property=\"og:title\" content=\"Nagrada ob\u010dinstva - FSF\" \/>\n<meta property=\"og:url\" content=\"https:\/\/fsf.si\/2025\/nagrada-obcinstva\/\" \/>\n<meta property=\"og:site_name\" content=\"FSF\" \/>\n<meta property=\"article:modified_time\" content=\"2025-10-26T20:29:56+00:00\" \/>\n<meta name=\"twitter:card\" content=\"summary_large_image\" \/>\n<meta name=\"twitter:label1\" content=\"Est. reading time\" \/>\n\t<meta name=\"twitter:data1\" content=\"2 minuti\" \/>\n<script type=\"application\/ld+json\" class=\"yoast-schema-graph\">{\"@context\":\"https:\/\/schema.org\",\"@graph\":[{\"@type\":\"WebPage\",\"@id\":\"https:\/\/fsf.si\/2025\/nagrada-obcinstva\/\",\"url\":\"https:\/\/fsf.si\/2025\/nagrada-obcinstva\/\",\"name\":\"Nagrada ob\u010dinstva - FSF\",\"isPartOf\":{\"@id\":\"https:\/\/fsf.si\/2025\/#website\"},\"datePublished\":\"2022-10-28T08:24:18+00:00\",\"dateModified\":\"2025-10-26T20:29:56+00:00\",\"breadcrumb\":{\"@id\":\"https:\/\/fsf.si\/2025\/nagrada-obcinstva\/#breadcrumb\"},\"inLanguage\":\"sl-SI\",\"potentialAction\":[{\"@type\":\"ReadAction\",\"target\":[\"https:\/\/fsf.si\/2025\/nagrada-obcinstva\/\"]}]},{\"@type\":\"BreadcrumbList\",\"@id\":\"https:\/\/fsf.si\/2025\/nagrada-obcinstva\/#breadcrumb\",\"itemListElement\":[{\"@type\":\"ListItem\",\"position\":1,\"name\":\"Home\",\"item\":\"https:\/\/fsf.si\/2025\/\"},{\"@type\":\"ListItem\",\"position\":2,\"name\":\"Nagrada ob\u010dinstva\"}]},{\"@type\":\"WebSite\",\"@id\":\"https:\/\/fsf.si\/2025\/#website\",\"url\":\"https:\/\/fsf.si\/2025\/\",\"name\":\"FSF\",\"description\":\"Festival Slovenskega Filma\",\"publisher\":{\"@id\":\"https:\/\/fsf.si\/2025\/#organization\"},\"potentialAction\":[{\"@type\":\"SearchAction\",\"target\":{\"@type\":\"EntryPoint\",\"urlTemplate\":\"https:\/\/fsf.si\/2025\/?s={search_term_string}\"},\"query-input\":\"required name=search_term_string\"}],\"inLanguage\":\"sl-SI\"},{\"@type\":\"Organization\",\"@id\":\"https:\/\/fsf.si\/2025\/#organization\",\"name\":\"Festival Slovenskega Filma\",\"url\":\"https:\/\/fsf.si\/2025\/\",\"sameAs\":[],\"logo\":{\"@type\":\"ImageObject\",\"inLanguage\":\"sl-SI\",\"@id\":\"https:\/\/fsf.si\/2025\/#\/schema\/logo\/image\/\",\"url\":\"https:\/\/fsf.si\/2025\/wp-content\/uploads\/2019\/06\/Slider-FSF.png\",\"contentUrl\":\"https:\/\/fsf.si\/2025\/wp-content\/uploads\/2019\/06\/Slider-FSF.png\",\"width\":4800,\"height\":1600,\"caption\":\"Festival Slovenskega Filma\"},\"image\":{\"@id\":\"https:\/\/fsf.si\/2025\/#\/schema\/logo\/image\/\"}}]}<\/script>\n<!-- \/ Yoast SEO plugin. -->","yoast_head_json":{"title":"Nagrada ob\u010dinstva - FSF","robots":{"index":"index","follow":"follow","max-snippet":"max-snippet:-1","max-image-preview":"max-image-preview:large","max-video-preview":"max-video-preview:-1"},"canonical":"https:\/\/fsf.si\/2025\/nagrada-obcinstva\/","og_locale":"sl_SI","og_type":"article","og_title":"Nagrada ob\u010dinstva - FSF","og_url":"https:\/\/fsf.si\/2025\/nagrada-obcinstva\/","og_site_name":"FSF","article_modified_time":"2025-10-26T20:29:56+00:00","twitter_card":"summary_large_image","twitter_misc":{"Est. reading time":"2 minuti"},"schema":{"@context":"https:\/\/schema.org","@graph":[{"@type":"WebPage","@id":"https:\/\/fsf.si\/2025\/nagrada-obcinstva\/","url":"https:\/\/fsf.si\/2025\/nagrada-obcinstva\/","name":"Nagrada ob\u010dinstva - FSF","isPartOf":{"@id":"https:\/\/fsf.si\/2025\/#website"},"datePublished":"2022-10-28T08:24:18+00:00","dateModified":"2025-10-26T20:29:56+00:00","breadcrumb":{"@id":"https:\/\/fsf.si\/2025\/nagrada-obcinstva\/#breadcrumb"},"inLanguage":"sl-SI","potentialAction":[{"@type":"ReadAction","target":["https:\/\/fsf.si\/2025\/nagrada-obcinstva\/"]}]},{"@type":"BreadcrumbList","@id":"https:\/\/fsf.si\/2025\/nagrada-obcinstva\/#breadcrumb","itemListElement":[{"@type":"ListItem","position":1,"name":"Home","item":"https:\/\/fsf.si\/2025\/"},{"@type":"ListItem","position":2,"name":"Nagrada ob\u010dinstva"}]},{"@type":"WebSite","@id":"https:\/\/fsf.si\/2025\/#website","url":"https:\/\/fsf.si\/2025\/","name":"FSF","description":"Festival Slovenskega Filma","publisher":{"@id":"https:\/\/fsf.si\/2025\/#organization"},"potentialAction":[{"@type":"SearchAction","target":{"@type":"EntryPoint","urlTemplate":"https:\/\/fsf.si\/2025\/?s={search_term_string}"},"query-input":"required name=search_term_string"}],"inLanguage":"sl-SI"},{"@type":"Organization","@id":"https:\/\/fsf.si\/2025\/#organization","name":"Festival Slovenskega Filma","url":"https:\/\/fsf.si\/2025\/","sameAs":[],"logo":{"@type":"ImageObject","inLanguage":"sl-SI","@id":"https:\/\/fsf.si\/2025\/#\/schema\/logo\/image\/","url":"https:\/\/fsf.si\/2025\/wp-content\/uploads\/2019\/06\/Slider-FSF.png","contentUrl":"https:\/\/fsf.si\/2025\/wp-content\/uploads\/2019\/06\/Slider-FSF.png","width":4800,"height":1600,"caption":"Festival Slovenskega Filma"},"image":{"@id":"https:\/\/fsf.si\/2025\/#\/schema\/logo\/image\/"}}]}},"_links":{"self":[{"href":"https:\/\/fsf.si\/2025\/wp-json\/wp\/v2\/pages\/23080"}],"collection":[{"href":"https:\/\/fsf.si\/2025\/wp-json\/wp\/v2\/pages"}],"about":[{"href":"https:\/\/fsf.si\/2025\/wp-json\/wp\/v2\/types\/page"}],"author":[{"embeddable":true,"href":"https:\/\/fsf.si\/2025\/wp-json\/wp\/v2\/users\/1"}],"replies":[{"embeddable":true,"href":"https:\/\/fsf.si\/2025\/wp-json\/wp\/v2\/comments?post=23080"}],"version-history":[{"count":63,"href":"https:\/\/fsf.si\/2025\/wp-json\/wp\/v2\/pages\/23080\/revisions"}],"predecessor-version":[{"id":32040,"href":"https:\/\/fsf.si\/2025\/wp-json\/wp\/v2\/pages\/23080\/revisions\/32040"}],"wp:attachment":[{"href":"https:\/\/fsf.si\/2025\/wp-json\/wp\/v2\/media?parent=23080"}],"curies":[{"name":"wp","href":"https:\/\/api.w.org\/{rel}","templated":true}]}}