{"id":4078,"date":"2019-06-07T15:29:53","date_gmt":"2019-06-07T15:29:53","guid":{"rendered":"http:\/\/www.fsf.si\/2019\/?page_id=4078"},"modified":"2025-09-30T20:47:21","modified_gmt":"2025-09-30T18:47:21","slug":"metod-badjura-lifetime-achievement-award","status":"publish","type":"page","link":"https:\/\/fsf.si\/2025\/en\/metod-badjura-lifetime-achievement-award\/","title":{"rendered":"Metod Badjura Lifetime Achievement Award"},"content":{"rendered":"<div class=\"vc_row wpb_row vc_row-fluid jury-team-item wpb_animate_when_almost_visible wpb_fadeInRightBig fadeInRightBig\" ><div class=\"wpb_column vc_column_container vc_col-sm-12\"><div class=\"vc_column-inner\"><div class=\"wpb_wrapper\">\n\t<div class=\"wpb_text_column wpb_content_element \" >\n\t\t<div class=\"wpb_wrapper\">\n\t\t\t<p><strong>Janez Bricelj, film editor<br \/>\nRecipient of the 2025 Milka and Metod Badjura Lifetime Achievement Award<\/strong><\/p>\n<p>The judges for the 2025 Milka and Metod Badjura Award: Jerca Jeri\u010d, Matja\u017e \u017dbontar, Ur\u0161ka Kos, Janez Burger, Rado Likon<\/p>\n\n\t\t<\/div>\n\t<\/div>\n<div class=\"vc_empty_space\"   style=\"height: 10px\"><span class=\"vc_empty_space_inner\"><\/span><\/div><div class=\"vc_row wpb_row vc_inner vc_row-fluid vc_custom_1726565909014\" ><div class=\"wpb_column vc_column_container vc_col-sm-8\"><div class=\"vc_column-inner\"><div class=\"wpb_wrapper\">\n\t<div class=\"wpb_text_column wpb_content_element \" >\n\t\t<div class=\"wpb_wrapper\">\n\t\t\t<p>Janez Bricelj has collaborated on more than 170 film and television titles in his long and prolific career as a picture and sound editor, creating an extensive body of varied film editing work.<\/p>\n<p>Bricelj showed an interest in film and music at an early age, so it came as no surprise that in the early 1970s, he applied for a job in picture and sound editing at Viba Film. At the time, the studio needed an editing assistant for Hang on, Doggy (\u2018Sre\u010da na vrvici\u2019, 1977), whose editor was the legendary Du\u0161an Povh. Thanks to Bricelj\u2019s precision and attention to sound, he was soon promoted from editing assistant to sound editor. This was a crucial milestone in his life, one which allowed him to spend the following few years of his budding career editing sound. The films he worked on as a sound editor most notably include Spring Celebration (\u2018Praznovanje pomladi\u2019, 1978), directed by France \u0160tiglic, which won the award for best sound at the 25th Pula Film Festival.<\/p>\n<p>In 1980, Viba Film enabled him to study part-time at the Faculty of Dramatic Arts in Belgrade. The first feature film he worked on as an editor was A Summer in a Sea-Shell 2 (\u2018Poletje v \u0161koljki 2&#8242;, 1988), directed by Tugo \u0160tiglic. In the following years, Bricelj edited feature films by numerous acclaimed Slovenian filmmakers, including Matja\u017e Klop\u010di\u010d, France \u0160tiglic, Metod Pevec, Marko Naber\u0161nik, Goran Vojnovi\u0107, and others. <\/p>\n\n\t\t<\/div>\n\t<\/div>\n<\/div><\/div><\/div><div class=\"wpb_column vc_column_container vc_col-sm-4\"><div class=\"vc_column-inner\"><div class=\"wpb_wrapper\"><div class=\"vc_empty_space\"   style=\"height: 32px\"><span class=\"vc_empty_space_inner\"><\/span><\/div>\n\t<div  class=\"wpb_single_image wpb_content_element vc_align_left\">\n\t\t\n\t\t<figure class=\"wpb_wrapper vc_figure\">\n\t\t\t<div class=\"vc_single_image-wrapper   vc_box_border_grey\"><img width=\"1718\" height=\"1288\" src=\"https:\/\/fsf.si\/2025\/wp-content\/uploads\/2025\/09\/Janez-Bricelj_arhiv-SFC.jpg\" class=\"vc_single_image-img attachment-full\" alt=\"\" loading=\"lazy\" \/><\/div>\n\t\t<\/figure>\n\t<\/div>\n<\/div><\/div><\/div><\/div>\n\t<div class=\"wpb_text_column wpb_content_element \" >\n\t\t<div class=\"wpb_wrapper\">\n\t\t\t<p>For his work on the feature film Piran &#8211; Pirano by director Goran Vojnovi\u0107, he received the Vesna Award for Best Editing at the 2010 Festival of Slovenian Film. His oeuvre also includes editing jobs for many short feature, animated and documentary films, among which (A)Torsion (\u2018(A)torzija\u2019, 2002) by director Stefan Arsenijevi\u0107 deserves special mention.<\/p>\n<p>The fact that Bricelj began his professional career in sound recording and editing, only later moving on to picture editing, has had a critical impact on his approach to work. According to his regular collaborators, he likes to compare film to music. He listens to films. For him, the film reel on the editing table is a musical score that must be heard and felt to find the right rhythm in which it will sound best. Janez Bricelj knows film inside out, understands its complex nature and, above all, how sensitive it is, how every superfluous or missing frame can change everything. Therefore, he handles film with care, reviewing footage over and over again, selecting the takes with the best acting and determining the right length of each shot and sequence. This requires patience, diligence, and the ability to work in a team. Janez Bricelj possesses all these qualities, which make him one of the most prominent film editors in Slovenia.<\/p>\n<p>In addition to his pursuits in a professional filmmaking environment, one should not overlook his work with students at the Ljubljana Academy of Theatre, Radio, Film, and Television. Bricelj has collaborated on more than 30 student films. It is beyond doubt that for students, working with him expanded their horizons of what is possible in the editing process, as demonstrated by the successful and fruitful continuation of his collaboration with some of them. Bricelj has not only edited their films, but also shared with them his knowledge, experience and, just as importantly, his personal attitude. He has always been respectfully reserved yet extremely cooperative and supportive of young creatives.<\/p>\n<p>Throughout his career, Janez Bricelj has stayed loyal to cinema and to his profession, which requires editors to take an independent creative approach, not only relying on the script but searching the footage for the potential to make a good film.<\/p>\n<p>His mastery of editing techniques has left an indelible mark on Slovenian cinema, which is why we are awarding the Milka and Metod Badjura Lifetime Achievement Award for 2025 to Janez Bricelj.<\/p>\n\n\t\t<\/div>\n\t<\/div>\n<div class=\"vc_empty_space\"   style=\"height: 35px\"><span class=\"vc_empty_space_inner\"><\/span><\/div><div class=\"vc_separator wpb_content_element vc_separator_align_center vc_sep_width_100 vc_sep_pos_align_center vc_sep_color_grey vc_custom_1726579476416 vc_separator-has-text\" ><span class=\"vc_sep_holder vc_sep_holder_l\"><span  class=\"vc_sep_line\"><\/span><\/span><h4>filmography (selection)<\/h4><span class=\"vc_sep_holder vc_sep_holder_r\"><span  class=\"vc_sep_line\"><\/span><\/span>\n<\/div><div class=\"vc_empty_space\"   style=\"height: 35px\"><span class=\"vc_empty_space_inner\"><\/span><\/div>\n\t<div class=\"wpb_text_column wpb_content_element \" >\n\t\t<div class=\"wpb_wrapper\">\n\t\t\t<p><strong>feature films<\/strong><br \/>\nKomedija solz \/ A Comedy of Tears, dir Marko Sosi\u010d, Arsmedia, 2016<br \/>\nRde\u010da raketa \/, dir Vojko Anzeljc, VPK &#8211; Videoprodukcija Kregar, 2015<br \/>\n\u010cefurji raus! \/ Southern Scum Go Home!, dir Goran Vojnovi\u0107, Arsmedia, 2013<br \/>\n\u0160anghaj \/ Shanghai Gypsy, dir Marko Naber\u0161nik, Arsmedia, 2012<br \/>\nVaje v objemu \/ Tango Abrazos, dir Metod Pevec, Vertigo, RTV Slovenija, 2012<br \/>\nPiran &#8211; Pirano, dir Goran Vojnovi\u0107, Arsmedia, 2010<br \/>\nPetelinji zajtrk \/ Rooster&#8217;s Breakfast, dir Marko Naber\u0161nik, Arsmedia, 2007<br \/>\nEstrellita \u2013 pesem za domov \/ Estrellita, dir Metod Pevec, Mediopolis Film, Vertigo, 2006<br \/>\nLjubljana je ljubljena \/ Ljubljana the Beloved, dir Matja\u017e Klop\u010di\u010d, Arsmedia, 2005<br \/>\nPod njenim oknom \/ Beneath Her Window, dir Metod Pevec, E-Motion film, 2003<br \/>\n\u0160elestenje \/ Rustling Landscapes, dir Janez Lapajne, Triglav film, 2002<br \/>\nZadnja ve\u010derja \/ The Last Supper, dir Vojko Anzeljc, MANGART, 2001<br \/>\nNepopisan list \/ What Now, Luka?, dir Jane Kav\u010di\u010d, Arsmedia, 2000<br \/>\nPatriot, dir Tugo \u0160tiglic, Timaro Productions, 1998<br \/>\nCarmen, dir Metod Pevec, Vertigo, E-Motion film, 1995<br \/>\nPoletje v \u0161koljki 2 \/ A Summer in a Sea-Shell 2, dir Tugo \u0160tiglic, Filmski studio Viba film, 1988<\/p>\n<p><strong>documentary feature films<\/strong><br \/>\nDom \/ Home, dir Metod Pevec, Vertigo, 2015<br \/>\nAleksandrinke \/ The Alexandrians, dir Metod Pevec, Vertigo, 2011<\/p>\n<p><strong>docufiction feature films<\/strong><br \/>\nCankar, dir Amir Muratovi\u0107, Cebram, 2018<\/p>\n<p><strong>TV documentary feature films<\/strong><br \/>\nEdi \u0160elhaus: Bil sem zraven \/ Edi \u0160elhaus: I Was There, dir Jurij Gruden, Arsmedia, 2007<br \/>\nFilm pred oltarjem \/ The Film Before the Altar, dir Metod Pevec, E-Motion film, 2006<\/p>\n<p><strong>short films<\/strong><br \/>\n100 to\u010dk \/ Top Score, dir Peter Hvalica, UL AGRFT, 2013<br \/>\n\u010casotresk \/ Timeturn, dir Tosja Flaker Berce, UL AGRFT, 2012<br \/>\nLimonada \/ Lemonade, dir Maja Prettner, UL AGRFT, 2012<br \/>\nKje si stari? \/ What&#8217;s Up, Dude?, dir Tosja Flaker Berce, UL AGRFT, 2011<br \/>\nNad mestom se dani \/ Sunrise over the City, dir Bla\u017e Zavr\u0161nik, UL AGRFT, 2011<br \/>\nTrst je na\u0161! \/ Trieste is Ours!, dir \u017diga Virc, UL AGRFT, 2009<br \/>\nSestri\u010dna \/ The Cousin, dir Kaya Tokuhisa, UL AGRFT, 2008<br \/>\nMoj sin, seksualni manijak \/ My Son, a Sexual Maniac, dir Goran Vojnovi\u0107, Arsmedia, 2006<br \/>\nRezina \u017eivljenja \/ A Slice of Life, dir Martin Turk, Arsmedia, 2006<br \/>\n\u010crvi \/ Worms, dir Robert \u010cernel\u010d, UL AGRFT, 2003<br \/>\nDan v mestu \/ A Day in the City, dir Nina Bla\u017ein, UL AGRFT, 2003<br \/>\nVla\u017enost 81% \/ Humidity 81%, dir Matja\u017e Ivani\u0161in, UL AGRFT, 2003<br \/>\n(A)torzija \/ (A)Torsion, dir Stefan Arsenijevi\u0107, Studio Arkadena, 2002<br \/>\nBo\u0161 pa mrzlo jedo \/ So, You&#8217;ll Eat It Cold, dir Miha Mlaker, UL AGRFT, 2002<br \/>\nFu\u017eine zakon \/ Fu\u017eine Rules, dir Goran Vojnovi\u0107, UL AGRFT, 2002<br \/>\nSelitev \/ Moving Away, dir Jurij Gruden, UL AGRFT, 2002<br \/>\nNekoga mora\u0161 imeti rad \/ You Need To Love Somebody, dir Jurij Gruden, UL AGRFT, 2001<br \/>\nPavle, dir Marko Naber\u0161nik, UL AGRFT, 2001<br \/>\nZlato srce \/ Golden Heart, dir Klemen Dvornik, UL AGRFT, 2001<br \/>\nCesta \/ Road, dir Arne Brejc, UL AGRFT, 2000<br \/>\nHop, Skip &amp; Jump, dir Sr\u0111an Vuleti\u0107, Studio Arkadena, 2000<br \/>\nLesi se vra\u010da \/ Lassie Returns, dir Jan Zakonj\u0161ek, A Atalanta, 2000<br \/>\nKratka himna domovini \/ A Short Anthem For My Country, dir Boris Pal\u010di\u010d, A Atalanta, 1999<br \/>\nCarpe diem, dir Mitja Novljan, Vertigo, 1997<br \/>\nKri\u017eci in kro\u017eci \/ Tic Tac Toe, dir Aleksandra Voka\u010d, Filmski studio Viba film, E-Motion film, RTV Slovenija, 1992<br \/>\nBalkanski revolvera\u0161i, dir Maja Weiss, UL AGRFT, 1991<br \/>\nMesto \/ The City, dir Tugo \u0160tiglic, Filmski studio Viba film, 1987<br \/>\nKmetijskega proizvajalca Mikola\u0161a prvi dopust \/ Mikola\u0161 Farmer Worker&#8217;s First Holidays, dir Filip Robar-Dorin, Filmski studio Viba film, 1984<br \/>\nPogine naj pes &#8230; \/ Dog Shall Die, dir Andrej Mlakar, Filmski studio Viba film, 1981<br \/>\nRistanc, dir Filip Robar-Dorin, Filmski studio Viba film, 1981<br \/>\n<strong><br \/>\ndocumentary short films<\/strong><br \/>\nPi\u0161\u010dalka \/ The Whistle, dir Na\u0161ko Kri\u017enar, Bindweed Soundvision, 2001<br \/>\nMinute za film \/ Minutes for Film, dir Du\u0161an Prebil, Filmski studio Viba film, 1993<br \/>\nPortret Jo\u017eeta Galeta \/ Portrait of Jo\u017ee Gale, dir Hadi Talal, Filmski studio Viba film, 1992<br \/>\nKasa\u010d, dir Tugo \u0160tiglic, Filmski studio Viba film, 1984<br \/>\nJosipdol, dir Igor Prodnik, Filmski studio Viba film, 1983<br \/>\nZadnje lastovke \/ Last of the Swallows, dir Marika Milkovi\u010d Bilanovi\u0107, Filmski studio Viba film, 1979<\/p>\n<p><strong>animated short films<\/strong><br \/>\nEn pri\u0161paran tolar \/ A Tolar Saved, dir Borko Rade\u0161\u010dek, Eka Vogelnik, KUD Cineast, 1999<br \/>\nMade in Ex-Yu, dir Zdravko Bari\u0161i\u0107, Atelje za risani film &#8211; ARF, 1992<br \/>\nCopy, dir Boris Ben\u010di\u010d, Filmski studio Viba film, 1987<br \/>\nPoljubi mehka me radirka \/ Kiss Me Gentle Rubber, dir Zvonko \u010coh, Filmski studio Viba film, 1984<\/p>\n<p><strong>animated TV series<\/strong><br \/>\nHribci, dir Marjan Man\u010dek, DZS &#8211; Dr\u017eavna zalo\u017eba Slovenije, 1993<br \/>\nBasni, dir Bojan Jurc, Sfinga, 1989<br \/>\nMedved Bojan \/ Bojan the Bear, dir Branko Ranitovi\u0107, Du\u0161an Povh, RTV Ljubljana, Studio 37, 1978<\/p>\n\n\t\t<\/div>\n\t<\/div>\n<\/div><\/div><\/div><\/div>\n","protected":false},"excerpt":{"rendered":"Janez Bricelj, film editor Recipient of the 2025 Milka and Metod Badjura Lifetime Achievement Award The judges [...]","protected":false},"author":1,"featured_media":0,"parent":0,"menu_order":0,"comment_status":"closed","ping_status":"closed","template":"","meta":[],"acf":[],"yoast_head":"<!-- This site is optimized with the Yoast SEO plugin v19.7.1 - https:\/\/yoast.com\/wordpress\/plugins\/seo\/ -->\n<title>Metod Badjura Lifetime Achievement Award - FSF<\/title>\n<meta name=\"robots\" content=\"index, follow, max-snippet:-1, max-image-preview:large, max-video-preview:-1\" \/>\n<link rel=\"canonical\" href=\"https:\/\/fsf.si\/2025\/metod-badjura-lifetime-achievement-award\/\" \/>\n<meta property=\"og:locale\" content=\"sl_SI\" \/>\n<meta property=\"og:type\" content=\"article\" \/>\n<meta property=\"og:title\" content=\"Metod Badjura Lifetime Achievement Award - FSF\" \/>\n<meta property=\"og:url\" content=\"https:\/\/fsf.si\/2025\/en\/metod-badjura-lifetime-achievement-award\/\" \/>\n<meta property=\"og:site_name\" content=\"FSF\" \/>\n<meta property=\"article:modified_time\" content=\"2025-09-30T18:47:21+00:00\" \/>\n<meta name=\"twitter:card\" content=\"summary_large_image\" \/>\n<meta name=\"twitter:label1\" content=\"Est. reading time\" \/>\n\t<meta name=\"twitter:data1\" content=\"9 minut\" \/>\n<script type=\"application\/ld+json\" class=\"yoast-schema-graph\">{\"@context\":\"https:\/\/schema.org\",\"@graph\":[{\"@type\":\"WebPage\",\"@id\":\"https:\/\/fsf.si\/2025\/en\/metod-badjura-lifetime-achievement-award\/\",\"url\":\"https:\/\/fsf.si\/2025\/en\/metod-badjura-lifetime-achievement-award\/\",\"name\":\"Metod Badjura Lifetime Achievement Award - FSF\",\"isPartOf\":{\"@id\":\"https:\/\/fsf.si\/2025\/#website\"},\"datePublished\":\"2019-06-07T15:29:53+00:00\",\"dateModified\":\"2025-09-30T18:47:21+00:00\",\"breadcrumb\":{\"@id\":\"https:\/\/fsf.si\/2025\/en\/metod-badjura-lifetime-achievement-award\/#breadcrumb\"},\"inLanguage\":\"sl-SI\",\"potentialAction\":[{\"@type\":\"ReadAction\",\"target\":[\"https:\/\/fsf.si\/2025\/en\/metod-badjura-lifetime-achievement-award\/\"]}]},{\"@type\":\"BreadcrumbList\",\"@id\":\"https:\/\/fsf.si\/2025\/en\/metod-badjura-lifetime-achievement-award\/#breadcrumb\",\"itemListElement\":[{\"@type\":\"ListItem\",\"position\":1,\"name\":\"Home\",\"item\":\"https:\/\/fsf.si\/2025\/\"},{\"@type\":\"ListItem\",\"position\":2,\"name\":\"Metod Badjura Lifetime Achievement Award\"}]},{\"@type\":\"WebSite\",\"@id\":\"https:\/\/fsf.si\/2025\/#website\",\"url\":\"https:\/\/fsf.si\/2025\/\",\"name\":\"FSF\",\"description\":\"Festival Slovenskega Filma\",\"publisher\":{\"@id\":\"https:\/\/fsf.si\/2025\/#organization\"},\"potentialAction\":[{\"@type\":\"SearchAction\",\"target\":{\"@type\":\"EntryPoint\",\"urlTemplate\":\"https:\/\/fsf.si\/2025\/?s={search_term_string}\"},\"query-input\":\"required name=search_term_string\"}],\"inLanguage\":\"sl-SI\"},{\"@type\":\"Organization\",\"@id\":\"https:\/\/fsf.si\/2025\/#organization\",\"name\":\"Festival Slovenskega Filma\",\"url\":\"https:\/\/fsf.si\/2025\/\",\"sameAs\":[],\"logo\":{\"@type\":\"ImageObject\",\"inLanguage\":\"sl-SI\",\"@id\":\"https:\/\/fsf.si\/2025\/#\/schema\/logo\/image\/\",\"url\":\"https:\/\/fsf.si\/2025\/wp-content\/uploads\/2019\/06\/Slider-FSF.png\",\"contentUrl\":\"https:\/\/fsf.si\/2025\/wp-content\/uploads\/2019\/06\/Slider-FSF.png\",\"width\":4800,\"height\":1600,\"caption\":\"Festival Slovenskega Filma\"},\"image\":{\"@id\":\"https:\/\/fsf.si\/2025\/#\/schema\/logo\/image\/\"}}]}<\/script>\n<!-- \/ Yoast SEO plugin. -->","yoast_head_json":{"title":"Metod Badjura Lifetime Achievement Award - FSF","robots":{"index":"index","follow":"follow","max-snippet":"max-snippet:-1","max-image-preview":"max-image-preview:large","max-video-preview":"max-video-preview:-1"},"canonical":"https:\/\/fsf.si\/2025\/metod-badjura-lifetime-achievement-award\/","og_locale":"sl_SI","og_type":"article","og_title":"Metod Badjura Lifetime Achievement Award - FSF","og_url":"https:\/\/fsf.si\/2025\/en\/metod-badjura-lifetime-achievement-award\/","og_site_name":"FSF","article_modified_time":"2025-09-30T18:47:21+00:00","twitter_card":"summary_large_image","twitter_misc":{"Est. reading time":"9 minut"},"schema":{"@context":"https:\/\/schema.org","@graph":[{"@type":"WebPage","@id":"https:\/\/fsf.si\/2025\/en\/metod-badjura-lifetime-achievement-award\/","url":"https:\/\/fsf.si\/2025\/en\/metod-badjura-lifetime-achievement-award\/","name":"Metod Badjura Lifetime Achievement Award - FSF","isPartOf":{"@id":"https:\/\/fsf.si\/2025\/#website"},"datePublished":"2019-06-07T15:29:53+00:00","dateModified":"2025-09-30T18:47:21+00:00","breadcrumb":{"@id":"https:\/\/fsf.si\/2025\/en\/metod-badjura-lifetime-achievement-award\/#breadcrumb"},"inLanguage":"sl-SI","potentialAction":[{"@type":"ReadAction","target":["https:\/\/fsf.si\/2025\/en\/metod-badjura-lifetime-achievement-award\/"]}]},{"@type":"BreadcrumbList","@id":"https:\/\/fsf.si\/2025\/en\/metod-badjura-lifetime-achievement-award\/#breadcrumb","itemListElement":[{"@type":"ListItem","position":1,"name":"Home","item":"https:\/\/fsf.si\/2025\/"},{"@type":"ListItem","position":2,"name":"Metod Badjura Lifetime Achievement Award"}]},{"@type":"WebSite","@id":"https:\/\/fsf.si\/2025\/#website","url":"https:\/\/fsf.si\/2025\/","name":"FSF","description":"Festival Slovenskega Filma","publisher":{"@id":"https:\/\/fsf.si\/2025\/#organization"},"potentialAction":[{"@type":"SearchAction","target":{"@type":"EntryPoint","urlTemplate":"https:\/\/fsf.si\/2025\/?s={search_term_string}"},"query-input":"required name=search_term_string"}],"inLanguage":"sl-SI"},{"@type":"Organization","@id":"https:\/\/fsf.si\/2025\/#organization","name":"Festival Slovenskega Filma","url":"https:\/\/fsf.si\/2025\/","sameAs":[],"logo":{"@type":"ImageObject","inLanguage":"sl-SI","@id":"https:\/\/fsf.si\/2025\/#\/schema\/logo\/image\/","url":"https:\/\/fsf.si\/2025\/wp-content\/uploads\/2019\/06\/Slider-FSF.png","contentUrl":"https:\/\/fsf.si\/2025\/wp-content\/uploads\/2019\/06\/Slider-FSF.png","width":4800,"height":1600,"caption":"Festival Slovenskega Filma"},"image":{"@id":"https:\/\/fsf.si\/2025\/#\/schema\/logo\/image\/"}}]}},"_links":{"self":[{"href":"https:\/\/fsf.si\/2025\/wp-json\/wp\/v2\/pages\/4078"}],"collection":[{"href":"https:\/\/fsf.si\/2025\/wp-json\/wp\/v2\/pages"}],"about":[{"href":"https:\/\/fsf.si\/2025\/wp-json\/wp\/v2\/types\/page"}],"author":[{"embeddable":true,"href":"https:\/\/fsf.si\/2025\/wp-json\/wp\/v2\/users\/1"}],"replies":[{"embeddable":true,"href":"https:\/\/fsf.si\/2025\/wp-json\/wp\/v2\/comments?post=4078"}],"version-history":[{"count":38,"href":"https:\/\/fsf.si\/2025\/wp-json\/wp\/v2\/pages\/4078\/revisions"}],"predecessor-version":[{"id":30083,"href":"https:\/\/fsf.si\/2025\/wp-json\/wp\/v2\/pages\/4078\/revisions\/30083"}],"wp:attachment":[{"href":"https:\/\/fsf.si\/2025\/wp-json\/wp\/v2\/media?parent=4078"}],"curies":[{"name":"wp","href":"https:\/\/api.w.org\/{rel}","templated":true}]}}