{"id":4639,"date":"2019-06-07T16:52:21","date_gmt":"2019-06-07T16:52:21","guid":{"rendered":"http:\/\/www.fsf.si\/2019\/?page_id=4639"},"modified":"2025-10-02T09:34:40","modified_gmt":"2025-10-02T07:34:40","slug":"prizorisca","status":"publish","type":"page","link":"https:\/\/fsf.si\/2025\/prizorisca\/","title":{"rendered":"Prizori\u0161\u010da"},"content":{"rendered":"<div data-vc-full-width=\"true\" data-vc-full-width-init=\"false\" class=\"vc_row wpb_row vc_row-fluid vc_custom_1559921069942 vc_row-has-fill\" ><div class=\"wpb_column vc_column_container vc_col-sm-12\"><div class=\"vc_column-inner\"><div class=\"wpb_wrapper\">\n\t<div class=\"wpb_text_column wpb_content_element \" >\n\t\t<div class=\"wpb_wrapper\">\n\t\t\t<h2>AVDITORIJ PORTOROSE<\/h2>\n<h5><a href=\"https:\/\/www.google.com\/maps\/place\/Avditorij+Portoro%C5%BE+%E2%80%93+Portorose\/@45.5146013,13.5936091,17z\/data=!4m12!1m6!3m5!1s0x477b652607a8b4d9:0x5c39fe7fafd30d98!2sAvditorij+Portoro%C5%BE+%E2%80%93+Portorose!8m2!3d45.5146013!4d13.5957978!3m4!1s0x477b652607a8b4d9:0x5c39fe7fafd30d98!8m2!3d45.5146013!4d13.5957978\">Sen\u010dna pot 8 A, Portoro\u017e<\/a><\/h5>\n<hr \/>\n<p><b>Glavna dvorana<\/b><br \/>\n<b>Zelena dvorana<\/b><br \/>\n<b>Bela dvorana<\/b><\/p>\n<p><b>Preddverje:<\/b><\/p>\n<ul>\n<li class=\"opis\">festivalska info to\u010dka (recepcija in izdaja akreditacij);<\/li>\n<li class=\"opis\">blagajna.<\/li>\n<\/ul>\n<p><iframe loading=\"lazy\" style=\"border: 0;\" src=\"https:\/\/www.google.com\/maps\/embed?pb=!1m14!1m8!1m3!1d1976.9167413880705!2d13.594332396361223!3d45.51445747882712!3m2!1i1024!2i768!4f13.1!3m3!1m2!1s0x477b652607a8b4d9%3A0x5c39fe7fafd30d98!2sAvditorij+Portoro%C5%BE+%E2%80%93+Portorose!5e0!3m2!1ssl!2ssi!4v1560774697010!5m2!1ssl!2ssi\" width=\"400\" height=\"300\" frameborder=\"0\" allowfullscreen=\"allowfullscreen\"><\/iframe><\/p>\n<hr \/>\n<h2><\/h2>\n<p>&nbsp;<\/p>\n<h2>Magazin Grando<\/h2>\n<h5><a href=\"https:\/\/www.google.com\/maps\/place\/Obala+10,+6320+Portoro%C5%BE\/@45.5140516,13.5792881,17z\/data=!3m1!4b1!4m6!3m5!1s0x477b7ad5240eef87:0x488faf801a238e90!8m2!3d45.5140479!4d13.581863!16s%2Fg%2F11c26b2t7c?entry=ttu&amp;g_ep=EgoyMDI0MTAwNy4xIKXMDSoASAFQAw%3D%3D\">Obala 10, Portoro\u017e\u00a0<\/a><\/h5>\n<hr \/>\n<p>&nbsp;<\/p>\n<p><iframe loading=\"lazy\" style=\"border: 0;\" src=\"https:\/\/www.google.com\/maps\/embed?pb=!1m18!1m12!1m3!1d2795.8026297833203!2d13.579288076608625!3d45.51405163011061!2m3!1f0!2f0!3f0!3m2!1i1024!2i768!4f13.1!3m3!1m2!1s0x477b7ad5240eef87%3A0x488faf801a238e90!2sObala%2010%2C%206320%20Portoro%C5%BE!5e0!3m2!1sen!2ssi!4v1728558073029!5m2!1sen!2ssi\" width=\"400\" height=\"300\" allowfullscreen=\"allowfullscreen\"><\/iframe><\/p>\n\n\t\t<\/div>\n\t<\/div>\n<\/div><\/div><\/div><\/div><div class=\"vc_row-full-width vc_clearfix\"><\/div><div class=\"vc_row wpb_row vc_row-fluid\" ><div class=\"wpb_column vc_column_container vc_col-sm-12\"><div class=\"vc_column-inner\"><div class=\"wpb_wrapper\">\n\t<div class=\"wpb_text_column wpb_content_element  vc_custom_1759390433840\" >\n\t\t<div class=\"wpb_wrapper\">\n\t\t\t<p>Blagajna v Avditoriju Portoro\u017e in Magazinu Grando se odpre uro pred prvo projekcijo in zapre po za\u010detku zadnje. Festivalska info to\u010dka v avli Avditorija Portoro\u017e se odpre uro pred prvo projekcijo in zapre 15 min po za\u010detku zadnje projekcije.<\/p>\n\n\t\t<\/div>\n\t<\/div>\n<\/div><\/div><\/div><\/div>\n","protected":false},"excerpt":{"rendered":"AVDITORIJ PORTOROSE Sen\u010dna pot 8 A, Portoro\u017e Glavna dvorana Zelena dvorana Bela dvorana Preddverje: festivalska info to\u010dka [...]","protected":false},"author":1,"featured_media":0,"parent":0,"menu_order":0,"comment_status":"closed","ping_status":"closed","template":"","meta":[],"acf":[],"yoast_head":"<!-- This site is optimized with the Yoast SEO plugin v19.7.1 - https:\/\/yoast.com\/wordpress\/plugins\/seo\/ -->\n<title>Prizori\u0161\u010da - FSF<\/title>\n<meta name=\"robots\" content=\"index, follow, max-snippet:-1, max-image-preview:large, max-video-preview:-1\" \/>\n<link rel=\"canonical\" href=\"https:\/\/fsf.si\/2025\/prizorisca\/\" \/>\n<meta property=\"og:locale\" content=\"sl_SI\" \/>\n<meta property=\"og:type\" content=\"article\" \/>\n<meta property=\"og:title\" content=\"Prizori\u0161\u010da - FSF\" \/>\n<meta property=\"og:url\" content=\"https:\/\/fsf.si\/2025\/prizorisca\/\" \/>\n<meta property=\"og:site_name\" content=\"FSF\" \/>\n<meta property=\"article:modified_time\" content=\"2025-10-02T07:34:40+00:00\" \/>\n<meta name=\"twitter:card\" content=\"summary_large_image\" \/>\n<meta name=\"twitter:label1\" content=\"Est. reading time\" \/>\n\t<meta name=\"twitter:data1\" content=\"1 minuta\" \/>\n<script type=\"application\/ld+json\" class=\"yoast-schema-graph\">{\"@context\":\"https:\/\/schema.org\",\"@graph\":[{\"@type\":\"WebPage\",\"@id\":\"https:\/\/fsf.si\/2025\/prizorisca\/\",\"url\":\"https:\/\/fsf.si\/2025\/prizorisca\/\",\"name\":\"Prizori\u0161\u010da - FSF\",\"isPartOf\":{\"@id\":\"https:\/\/fsf.si\/2025\/#website\"},\"datePublished\":\"2019-06-07T16:52:21+00:00\",\"dateModified\":\"2025-10-02T07:34:40+00:00\",\"breadcrumb\":{\"@id\":\"https:\/\/fsf.si\/2025\/prizorisca\/#breadcrumb\"},\"inLanguage\":\"sl-SI\",\"potentialAction\":[{\"@type\":\"ReadAction\",\"target\":[\"https:\/\/fsf.si\/2025\/prizorisca\/\"]}]},{\"@type\":\"BreadcrumbList\",\"@id\":\"https:\/\/fsf.si\/2025\/prizorisca\/#breadcrumb\",\"itemListElement\":[{\"@type\":\"ListItem\",\"position\":1,\"name\":\"Home\",\"item\":\"https:\/\/fsf.si\/2025\/\"},{\"@type\":\"ListItem\",\"position\":2,\"name\":\"Prizori\u0161\u010da\"}]},{\"@type\":\"WebSite\",\"@id\":\"https:\/\/fsf.si\/2025\/#website\",\"url\":\"https:\/\/fsf.si\/2025\/\",\"name\":\"FSF\",\"description\":\"Festival Slovenskega Filma\",\"publisher\":{\"@id\":\"https:\/\/fsf.si\/2025\/#organization\"},\"potentialAction\":[{\"@type\":\"SearchAction\",\"target\":{\"@type\":\"EntryPoint\",\"urlTemplate\":\"https:\/\/fsf.si\/2025\/?s={search_term_string}\"},\"query-input\":\"required name=search_term_string\"}],\"inLanguage\":\"sl-SI\"},{\"@type\":\"Organization\",\"@id\":\"https:\/\/fsf.si\/2025\/#organization\",\"name\":\"Festival Slovenskega Filma\",\"url\":\"https:\/\/fsf.si\/2025\/\",\"sameAs\":[],\"logo\":{\"@type\":\"ImageObject\",\"inLanguage\":\"sl-SI\",\"@id\":\"https:\/\/fsf.si\/2025\/#\/schema\/logo\/image\/\",\"url\":\"https:\/\/fsf.si\/2025\/wp-content\/uploads\/2019\/06\/Slider-FSF.png\",\"contentUrl\":\"https:\/\/fsf.si\/2025\/wp-content\/uploads\/2019\/06\/Slider-FSF.png\",\"width\":4800,\"height\":1600,\"caption\":\"Festival Slovenskega Filma\"},\"image\":{\"@id\":\"https:\/\/fsf.si\/2025\/#\/schema\/logo\/image\/\"}}]}<\/script>\n<!-- \/ Yoast SEO plugin. -->","yoast_head_json":{"title":"Prizori\u0161\u010da - FSF","robots":{"index":"index","follow":"follow","max-snippet":"max-snippet:-1","max-image-preview":"max-image-preview:large","max-video-preview":"max-video-preview:-1"},"canonical":"https:\/\/fsf.si\/2025\/prizorisca\/","og_locale":"sl_SI","og_type":"article","og_title":"Prizori\u0161\u010da - FSF","og_url":"https:\/\/fsf.si\/2025\/prizorisca\/","og_site_name":"FSF","article_modified_time":"2025-10-02T07:34:40+00:00","twitter_card":"summary_large_image","twitter_misc":{"Est. reading time":"1 minuta"},"schema":{"@context":"https:\/\/schema.org","@graph":[{"@type":"WebPage","@id":"https:\/\/fsf.si\/2025\/prizorisca\/","url":"https:\/\/fsf.si\/2025\/prizorisca\/","name":"Prizori\u0161\u010da - FSF","isPartOf":{"@id":"https:\/\/fsf.si\/2025\/#website"},"datePublished":"2019-06-07T16:52:21+00:00","dateModified":"2025-10-02T07:34:40+00:00","breadcrumb":{"@id":"https:\/\/fsf.si\/2025\/prizorisca\/#breadcrumb"},"inLanguage":"sl-SI","potentialAction":[{"@type":"ReadAction","target":["https:\/\/fsf.si\/2025\/prizorisca\/"]}]},{"@type":"BreadcrumbList","@id":"https:\/\/fsf.si\/2025\/prizorisca\/#breadcrumb","itemListElement":[{"@type":"ListItem","position":1,"name":"Home","item":"https:\/\/fsf.si\/2025\/"},{"@type":"ListItem","position":2,"name":"Prizori\u0161\u010da"}]},{"@type":"WebSite","@id":"https:\/\/fsf.si\/2025\/#website","url":"https:\/\/fsf.si\/2025\/","name":"FSF","description":"Festival Slovenskega Filma","publisher":{"@id":"https:\/\/fsf.si\/2025\/#organization"},"potentialAction":[{"@type":"SearchAction","target":{"@type":"EntryPoint","urlTemplate":"https:\/\/fsf.si\/2025\/?s={search_term_string}"},"query-input":"required name=search_term_string"}],"inLanguage":"sl-SI"},{"@type":"Organization","@id":"https:\/\/fsf.si\/2025\/#organization","name":"Festival Slovenskega Filma","url":"https:\/\/fsf.si\/2025\/","sameAs":[],"logo":{"@type":"ImageObject","inLanguage":"sl-SI","@id":"https:\/\/fsf.si\/2025\/#\/schema\/logo\/image\/","url":"https:\/\/fsf.si\/2025\/wp-content\/uploads\/2019\/06\/Slider-FSF.png","contentUrl":"https:\/\/fsf.si\/2025\/wp-content\/uploads\/2019\/06\/Slider-FSF.png","width":4800,"height":1600,"caption":"Festival Slovenskega Filma"},"image":{"@id":"https:\/\/fsf.si\/2025\/#\/schema\/logo\/image\/"}}]}},"_links":{"self":[{"href":"https:\/\/fsf.si\/2025\/wp-json\/wp\/v2\/pages\/4639"}],"collection":[{"href":"https:\/\/fsf.si\/2025\/wp-json\/wp\/v2\/pages"}],"about":[{"href":"https:\/\/fsf.si\/2025\/wp-json\/wp\/v2\/types\/page"}],"author":[{"embeddable":true,"href":"https:\/\/fsf.si\/2025\/wp-json\/wp\/v2\/users\/1"}],"replies":[{"embeddable":true,"href":"https:\/\/fsf.si\/2025\/wp-json\/wp\/v2\/comments?post=4639"}],"version-history":[{"count":36,"href":"https:\/\/fsf.si\/2025\/wp-json\/wp\/v2\/pages\/4639\/revisions"}],"predecessor-version":[{"id":30474,"href":"https:\/\/fsf.si\/2025\/wp-json\/wp\/v2\/pages\/4639\/revisions\/30474"}],"wp:attachment":[{"href":"https:\/\/fsf.si\/2025\/wp-json\/wp\/v2\/media?parent=4639"}],"curies":[{"name":"wp","href":"https:\/\/api.w.org\/{rel}","templated":true}]}}