{"id":4645,"date":"2019-06-07T16:56:28","date_gmt":"2019-06-07T16:56:28","guid":{"rendered":"http:\/\/www.fsf.si\/2019\/?page_id=4645"},"modified":"2025-10-31T09:42:23","modified_gmt":"2025-10-31T08:42:23","slug":"nagrade","status":"publish","type":"page","link":"https:\/\/fsf.si\/2025\/nagrade\/","title":{"rendered":"Nagrade"},"content":{"rendered":"<div class=\"vc_row wpb_row vc_row-fluid wpb_animate_when_almost_visible wpb_lightSpeedIn lightSpeedIn vc_custom_1633336772343 vc_row-has-fill edgtf-content-aligment-left\" ><div class=\"wpb_column vc_column_container vc_col-sm-12 vc_col-has-fill\"><div class=\"vc_column-inner vc_custom_1559733019901\"><div class=\"wpb_wrapper\">\n\t<div class=\"wpb_text_column wpb_content_element \" >\n\t\t<div class=\"wpb_wrapper\">\n\t\t\t<p><strong>Strokovna \u017eirija za celove\u010derne filme<\/strong>: Andrej Gustin\u010di\u010d, Juraj Leroti\u0107 in Natalija Majsova<\/p>\n<p><strong>Strokovna \u017eirija za kratke igrane, dokumentarne, eksperimentalne, animirane in \u0161tudijske filme<\/strong>: Sara Bezov\u0161ek, Nikola Majdak in Slavko Hren<\/p>\n<p><strong>\u00a0<\/strong><\/p>\n<p><strong>\u00a0<\/strong><\/p>\n<p><strong>NAGRADE VESNA<\/strong><\/p>\n<p><strong>\u00a0<\/strong><\/p>\n<p>Vesna za najbolj\u0161i celove\u010derni film<br \/>\n<strong>Kaj ti je deklica<\/strong><\/p>\n<p>Re\u017eija: <strong>Ur\u0161ka Djuki\u0107<\/strong><\/p>\n<p>Produkcija: Zavod SPOK<\/p>\n<p>Utemeljitev: Film <em>Kaj ti je deklica<\/em> je zaradi izrazitega filmskega jezika, ki gradi na premi\u0161ljenem prepletanju igre, zvoka in kamere, edinstveno estetsko do\u017eivetje. Prek vpogleda v eksistencialno kompleksnost najstni\u0161tva film prepri\u010dljivo in skrbno premi\u0161ljeno razgrne \u0161irok spekter ve\u010dnih tem \u2013 od prijateljstva, ljubezni in spolnosti do solidarnosti in izdaje. Empati\u010dna perspektiva, na kateri konsistentno gradi film, pri tem razpira prostor za organski soobstoj humorja in resnosti, ljubezni in prezira ter upanja in strahu.<\/p>\n<p><strong>\u00a0<\/strong><\/p>\n<p><strong>***<\/strong><\/p>\n<p><strong>\u00a0<\/strong><\/p>\n<p>Vesna za najbolj\u0161o re\u017eijo<br \/>\n<strong>Petra Seli\u0161kar<\/strong><\/p>\n<p>za film<strong> Gora se ne bo premaknila<\/strong><\/p>\n<p>Utemeljitev: Re\u017eiserka Petra Seli\u0161kar je ustvarila nepozaben dokumentarec o izginjajo\u010dem na\u010dinu \u017eivljenja. Njena re\u017eija usklajuje osupljive pokrajine z natan\u010dno opazovanimi osebnimi podrobnostmi, s \u010dimer ustvarja film, ki je hkrati epski in intimen in ki bi ga lahko ozna\u010dili za enega najlep\u0161ih filmov o fantih.<\/p>\n<p><strong>\u00a0<\/strong><\/p>\n<p><strong>***<\/strong><\/p>\n<p><strong>\u00a0<\/strong><\/p>\n<p>Vesna za najbolj\u0161i scenarij<br \/>\n<strong>Petr Kraj\u00ed\u010dek, Marek Kr\u00e1l, Patrik Pa\u0161\u0161, Jerneja Kaja Balog, Maja Kri\u017enik, Blandine Jet in avtor literarne predloge Arno\u0161t Goldflam<\/strong><\/p>\n<p>za film <strong>Zgodbe iz \u010darobnega vrta<\/strong><\/p>\n<p>Utemeljitev: Scenarij, ki elegantno obuja otro\u0161ka upanja in strahove, obravnava tudi izgubo in mo\u010d medgeneracijskih dru\u017einskih vezi. To po\u010dne z lahkotnim pridihom in dojemanjem otro\u0161kega pogleda na svet.<\/p>\n<p><strong>\u00a0<\/strong><\/p>\n<p><strong>***<\/strong><\/p>\n<p><strong>\u00a0<\/strong><\/p>\n<p>Vesna za najbolj\u0161o glavno \u017eensko vlogo<br \/>\n<strong>Jara Sofija Ostan <\/strong>za vlogo Lucije<\/p>\n<p>v filmu<strong> Kaj ti je deklica<\/strong><\/p>\n<p>Utemeljitev: Nagrada za najbolj\u0161o glavno igralko gre Jari Sofiji Ostan za njeno izjemno subtilno upodobitev notranje preobrazbe mlade \u017eenske. Z minimalnim dialogom, ki se opira predvsem na poglede in geste, Jara Sofija Ostan prena\u0161a kompleksno paleto \u010dustev \u2013 od ranljivosti in sramu do osvoboditve in samozavedanja. V svoji prvi filmski vlogi z izjemno naravnostjo ujame protislovja in \u010dustveno kompleksnost, ki filmu dajejo globoko \u010dlove\u0161ki in avtenti\u010den zna\u010daj. Njena igra, za katero sta zna\u010dilni izjemna iskrenost in \u010dustvena mo\u010d, je nosilni steber filma.<\/p>\n<p><strong>\u00a0<\/strong><\/p>\n<p><strong>***<\/strong><\/p>\n<p><strong>\u00a0<\/strong><\/p>\n<p>Vesna za najbolj\u0161o glavno mo\u0161ko vlogo<br \/>\n<strong>\u00d3lafur Darri \u00d3lafsson <\/strong>za vlogo Siga<\/p>\n<p>v filmu<strong> Skriti ljudje<\/strong><\/p>\n<p>Utemeljitev: Nagrado za najbolj\u0161o glavno mo\u0161ko vlogo prejme \u00d3lafur Darri \u00d3lafsson za prepri\u010dljivo igro, ki dramedijo <em>Skriti ljudje<\/em> obogati s prikazom kompleksnosti \u010dlove\u0161ke intimnosti. V filmu pretanjeno upodobi mo\u0161kega, ki je izgubil oporo, pri \u010demer spretno manevrira med komi\u010dnim in tragi\u010dnim, hkrati pa ohranja dosleden in natan\u010den igralski slog. \u00d3lafur Darri \u00d3lafsson s svojo nevsiljivo prisotnostjo gradi mo\u010dno \u010dustveno vez med likom in gledalcem.<\/p>\n<p><strong>\u00a0<\/strong><\/p>\n<p><strong>***<\/strong><\/p>\n<p><strong>\u00a0<\/strong><\/p>\n<p>Vesna za najbolj\u0161o stransko \u017eensko vlogo<br \/>\n<strong>Mina \u0160vajger <\/strong>za vlogo Ane-Marije<\/p>\n<p>v filmu<strong> Kaj ti je deklica<\/strong><\/p>\n<p>Utemeljitev: Nagrado za najbolj\u0161o stransko \u017eensko vlogo prejme Mina \u0160vajger za upodobitev Ane-Marije v filmu <em>Kaj ti je deklica<\/em>. Njen nastop je mo\u010dan in privla\u010den, hkrati pa ustvarja prostor za glavno igralko, da ta razvije svojo komplementarno vlogo. Mina \u0160vajger skozi celoten film nenehno presene\u010da in spretno razkriva nove nianse osebnosti Ane-Marije. S svojo igralsko energijo poganja \u010dustveno preobrazbo glavne junakinje ter film obogati z intenzivnostjo, \u010dutnostjo in nepredvidljivostjo.<\/p>\n<p><strong>\u00a0<\/strong><\/p>\n<p><strong>***<\/strong><\/p>\n<p><strong>\u00a0<\/strong><\/p>\n<p>Vesna za najbolj\u0161o stransko mo\u0161ko vlogo<br \/>\n<strong>Sa\u0161a Tabakovi\u0107 <\/strong>za vlogo zborovodje<\/p>\n<p>v filmu<strong> Kaj ti je deklica<\/strong><\/p>\n<p>Utemeljitev: Nagrado za najbolj\u0161o stransko mo\u0161ko vlogo prejme Sa\u0161a Tabakovi\u0107 za subtilno, a obenem mogo\u010dno interpretacijo avtoritete, ki v filmu <em>Kaj ti je deklica<\/em> utele\u0161a dru\u017ebene in generacijske pritiske. Antagonista upodablja brez pokroviteljstva ali sodb, kar gledalcem omogo\u010da, da se z njim poistovetijo in razumejo njegove notranje konflikte. Sa\u0161a Tabakovi\u0107 izoblikuje stransko vlogo s popolnim dramskim lokom, v katerem ima vsak gib pomen in \u010dustvo.<\/p>\n<p><strong>\u00a0<\/strong><\/p>\n<p><strong>***<\/strong><\/p>\n<p><strong>\u00a0<\/strong><\/p>\n<p>Vesna za najbolj\u0161o fotografijo<br \/>\n<strong>Gregor Bo\u017ei\u010d<\/strong><\/p>\n<p>za film<strong> Fiume o morte!<\/strong><\/p>\n<p>Utemeljitev: Direktor fotografije Gregor Bo\u017ei\u010d sugestivno in brezhibno prepleta svetlobo in senco preteklosti in sedanjosti, dveh obdobij, ki ju lo\u010duje ve\u010d kot stoletje. Njegova fotografija v sedanjosti obuja ob\u010dutke preteklih dogodkov in politi\u010dnih travm.<\/p>\n<p><strong>\u00a0<\/strong><\/p>\n<p><strong>***<\/strong><\/p>\n<p><strong>\u00a0<\/strong><\/p>\n<p>Vesna za najbolj\u0161o izvirno glasbo<br \/>\n<strong>Relja \u0106upi\u0107<\/strong><\/p>\n<p>za film<strong> Fantasy<\/strong><\/p>\n<p>Utemeljitev: Nagrado za najbolj\u0161o izvirno glasbo prejme Relja \u0106upi\u0107 za glasbo v filmu <em>Fantasy<\/em>. \u0106upi\u0107eve kompozicije so nepogre\u0161ljiv sestavni del \u010darobnega, a obenem gledalcu v veliki meri doma\u010dega sveta filma. \u0106upi\u0107eva glasba poglablja kompleksnost potovanj glavnih junakinj in ustvarja globoko zapomnljivo gledalsko izku\u0161njo popolne potopitve v film.<\/p>\n<p><strong>\u00a0<\/strong><\/p>\n<p><strong>***<\/strong><\/p>\n<p><strong>\u00a0<\/strong><\/p>\n<p>Vesna za najbolj\u0161o monta\u017eo<br \/>\n<strong>Laureline Delom <\/strong>in<strong> Sashko Potter Micevski<\/strong><\/p>\n<p>za film<strong> Gora se ne bo premaknila<\/strong><\/p>\n<p>Utemeljitev: Monta\u017ea filma <em>Gora se ne bo premaknila<\/em> je izmeni\u010dno kontemplativna in vznemirljiva, tako kot vsakdanje \u017eivljenje, ki ga prikazuje, in gledalcu omogo\u010da, da dogodke do\u017eivi tako kot protagonisti filma. Je odli\u010den primer tako imenovane nevidne monta\u017ee, ki dose\u017ee svoje cilje, ne da bi pritegnila pozornost nase.<\/p>\n<p>&nbsp;<\/p>\n<p><strong>\u00a0<\/strong><\/p>\n<p><strong>***<\/strong><\/p>\n<p><strong>\u00a0<\/strong><\/p>\n<p>Vesna za najbolj\u0161o scenografijo<br \/>\n<strong>Maja \u0160avc<\/strong><\/p>\n<p>za film<strong> Fantasy<\/strong><\/p>\n<p>Utemeljitev: Nagrado za najbolj\u0161o scenografijo prejme Maja \u0160avc za izjemno delo pri filmu <em>Fantasy<\/em>. Natan\u010dno zasnovani prizori \u010drpajo iz ve\u010dplastnega regionalnega kolektivnega spomina in ustvarjajo raznolik, sanjski svet, ki je tesno prepleten s spreminjajo\u010dimi se identitetami in odnosi med liki.<\/p>\n<p><strong>\u00a0<\/strong><\/p>\n<p><strong>***<\/strong><\/p>\n<p><strong>\u00a0<\/strong><\/p>\n<p>Vesna za najbolj\u0161o kostumografijo<br \/>\n<strong>Damir Rakovi\u0107<\/strong><\/p>\n<p>za film <strong>Fantasy<\/strong><\/p>\n<p>Utemeljitev: Nagrado za najbolj\u0161o kostumografijo prejme Damir Rakovi\u0107 za odli\u010dno delo pri filmu <em>Fantasy<\/em>. S pogumnimi kombinacijami barv, tekstur in tradicij Rakovi\u0107 okrepi sanjski svet filma, pri \u010demer se v celoti prepusti osvobajajo\u010demu eklekticizmu sodobne popularne kulture.<\/p>\n<p><strong>\u00a0<\/strong><\/p>\n<p><strong>***<\/strong><\/p>\n<p><strong>\u00a0<\/strong><\/p>\n<p>Vesna za najbolj\u0161o masko<br \/>\n<strong>Tinka Prpar<\/strong><\/p>\n<p>za film<strong> Fantasy<\/strong><\/p>\n<p>Utemeljitev: Nagrada za najbolj\u0161o masko gre Tinki Prpar za njeno delo pri filmu <em>Fantasy<\/em>. Njen igriv, a samozavesten pristop u\u010dinkovito podpira poglavitne teme, ki jih raziskuje film: ranljivost in odpornost junakinj, ki se pomenljivo upirajo dru\u017ebenokulturnim normam in se v procesu obenem tudi same preobrazijo.<\/p>\n<p><strong>\u00a0<\/strong><\/p>\n<p><strong>***<\/strong><\/p>\n<p>&nbsp;<\/p>\n<p>Vesna za najbolj\u0161i zvok<br \/>\n<strong>Julij Zornik<\/strong><\/p>\n<p>za film <strong>Kaj ti je deklica<\/strong><\/p>\n<p>Utemeljitev: V filmu o dekletu, ki odkriva svoj glas, je oblikovalec zvoka Julij Zornik mojstrsko uporabil zvo\u010dno podlago, sestavljeno iz subtilnih \u0161umov, da bi z zvokom osvetlil \u010dustveno prebujenje glavne junakinje. \u0160epetanje, dihanje, trenje obla\u010dil ob ko\u017ei in zvoki, ki jih v resnici komajda zaznavamo, postanejo pripovedni element, enakovreden sliki. Zornik prejme nagrado za zvo\u010dno krajino, ki je ne sli\u0161imo le z u\u0161esi, ampak jo ob\u010dutimo tudi s telesom.<\/p>\n<p><strong>\u00a0<\/strong><\/p>\n<p><strong>***<\/strong><\/p>\n<p>&nbsp;<\/p>\n<p>Vesna za najbolj\u0161o manj\u0161insko koprodukcijo<br \/>\n<strong>Fiume o morte!<\/strong><\/p>\n<p>Re\u017eija: <strong>Igor Bezinovi\u0107<\/strong><strong><br \/>\n<\/strong>Slovenska koproducentka: <strong>Marina Gumzi (Nosorogi)<\/strong><\/p>\n<p>Utemeljitev: Hrva\u0161ki re\u017eiser Igor Bezinovi\u0107 je z neprecenljivo pomo\u010djo slovenskega direktorja fotografije Gregorja Bo\u017ei\u010da ustvaril povsem edinstven film o brutalnem in bizarnem dogodku iz let po prvi svetovni vojni. Osupljiva kombinacija arhivskih posnetkov in poustvarjanja \u2013 to je \u017eiv, dihajo\u010d film, ki o\u017eivi zgodovino, kot je to uspelo le malo filmom.<\/p>\n<p><strong>\u00a0<\/strong><\/p>\n<p><strong>***<\/strong><\/p>\n<p><strong>\u00a0<\/strong><\/p>\n<p>Vesna za posebne dose\u017eke<br \/>\n<strong>Fantasy<\/strong><\/p>\n<p>Re\u017eija: <strong>Kukla<\/strong><\/p>\n<p>Utemeljitev: Nagrado za posebne dose\u017eke prejme film <em>Fantasy<\/em> za izvirnost, ambicioznost in pogum, ki zaznamujejo njegov fikcijski svet. Re\u017eiserka Kukla in direktor fotografije Lazar Bogdanovi\u0107 ustvarita hipnoti\u010dno vizijo sveta v nastajanju, kjer \u00e9lan vital ne le postavlja pod vpra\u0161aj tradicijo, ampak preoblikuje materialne, zvo\u010dne in vizualne sledi preteklosti, ki preganjajo sedanjost, v silo obnove, ki u\u010dinkuje skozi vsakdanje delovanje junakinj.<\/p>\n<p><strong>\u00a0<\/strong><\/p>\n<p><strong>***<\/strong><\/p>\n<p><strong>\u00a0<\/strong><\/p>\n<p>Vesna za najbolj\u0161i dokumentarni film<\/p>\n<p><strong>Mo\u017e s slamnikom<\/strong><\/p>\n<p>re\u017eija: <strong>Urban Zorko<\/strong><\/p>\n<p>Utemeljitev: Jedrnata pripoved o \u017eivljenju Hinka Smrekarja. Premi\u0161ljena, dobro tempirana naracija govorcev in stilsko dovr\u0161ena animacija ohranjata gledal\u010devo pozornost v suspenzu do zadnjega kadra njegove tragi\u010dne usode.<\/p>\n<p>&nbsp;<\/p>\n<p><strong>***<\/strong><\/p>\n<p>&nbsp;<\/p>\n<p>Vesna za najbolj\u0161i kratki igrani film<\/p>\n<p><strong>SMRT \u2013 Uvod za za\u010detnike: Priro\u010dnik s predpisi, normativi in uporabnimi namigi. Tretja, dopolnjena izdaja<\/strong><\/p>\n<p>re\u017eija: <strong>Martin Horvat<\/strong><\/p>\n<p>Utemeljitev: Film s kreativnim prepletom \u010drnega humorja in absurda odpira vpra\u0161anja smrtnosti in so\u010dutja. S pomo\u010djo izjemne re\u017eije ter prepri\u010dljive igralske predstave razkriva nesmiselnost birokracije in nemo\u010d posameznika pred njenimi pravili.<\/p>\n<p>&nbsp;<\/p>\n<p><strong>***<\/strong><\/p>\n<p>&nbsp;<\/p>\n<p>Vesna za najbolj\u0161i animirani film<\/p>\n<p><strong>Zgodbe iz \u010darobnega vrta<\/strong><\/p>\n<p>re\u017eija: <strong>David S\u00fakup, Patrik Pa\u0161\u0161, Leon Vidmar, Jean-Claude Rozec<\/strong><\/p>\n<p>Utemeljitev: Film s toplino, iskrenostjo in umetni\u0161ko dovr\u0161enostjo spregovori o izgubi, spominu in ljubezni, ki ostaja. S prefinjeno stop-motion animacijo gledalca popelje v svet, kjer se prepletata \u017ealost in lepota, ter mu ne\u017eno pribli\u017ea temi minljivosti in sprejemanja.<\/p>\n<p>&nbsp;<\/p>\n<p><strong>***<\/strong><\/p>\n<p>&nbsp;<\/p>\n<p>Vesna za najbolj\u0161e eksperimentalno AV delo (eksperimentalni film)<\/p>\n<p>Vesna ni podeljena.<\/p>\n<p>&nbsp;<\/p>\n<p><strong>***<\/strong><\/p>\n<p>&nbsp;<\/p>\n<p>Vesna za najbolj\u0161i \u0161tudijski film<\/p>\n<p><strong>Arahnofobija <\/strong><\/p>\n<p>re\u017eija: <strong>Melita Sandrin<\/strong><\/p>\n<p>produkcija: Akademija umetnosti UNG<\/p>\n<p>Utemeljitev: Film predstavlja humoren pogled na premagovanje strahu. Z domi\u0161ljijsko uporabo animacije avtorica spretno prepleta napetost, zabavo in toplino ter ustvarja iskren ustvarjalni izraz, ki o\u010dara z mojstrsko, tehni\u010dno dovr\u0161eno izvedbo.<\/p>\n<p>&nbsp;<\/p>\n<p><strong>***<\/strong><\/p>\n<p><strong>\u00a0<\/strong><\/p>\n<p>Vesna za posebne dose\u017eke<\/p>\n<p><strong>OHO film<\/strong><\/p>\n<p>re\u017eija:<strong> Damjan Kozole<\/strong><\/p>\n<p>Utemeljitev: Film slavi drznost in svobodo razmi\u0161ljanja izven uveljavljenih okvirjev. Ponuja poglobljen vpogled v pomemben del slovenske umetni\u0161ke zgodovine in hkrati slu\u017ei kot navdih za sodobne in prihodnje generacije ustvarjalcev, kjer meje med mogo\u010dim in nemogo\u010dim postanejo poligon za umetni\u0161ko izra\u017eanje.<\/p>\n<p>&nbsp;<\/p>\n<p><strong>***<\/strong><\/p>\n<p>&nbsp;<\/p>\n<p>Vesna za najbolj\u0161i film po izboru ob\u010dinstva<\/p>\n<p><strong>Ko pridem ven<\/strong><\/p>\n<p>re\u017eija:<strong> Metod Pevec<\/strong><\/p>\n<p>Povpre\u010dna ocena: 4,88<\/p>\n<p>&nbsp;<\/p>\n<p>&nbsp;<\/p>\n<p>&nbsp;<\/p>\n<p><strong>DRUGE NAGRADE<\/strong><\/p>\n<p><strong>\u00a0<\/strong><\/p>\n<p><strong>Nagrada AKMS<br \/>\n<\/strong>za izbrani celove\u010derni film<strong><br \/>\n<\/strong>\u017dirija: Bla\u017e Cotman, Armand Meterc in Erik Toth<\/p>\n<p><strong>Gora se ne bo premaknila<br \/>\n<\/strong>re\u017eija: <strong>Petra Seli\u0161kar<br \/>\n<\/strong>Utemeljitev: <em>Gora se ne bo premaknila<\/em> je opazovalni dokumentarni film Petre Seli\u0161kar, ki s pretanjenim ob\u010dutkom za ritem in podrobnosti prina\u0161a neolep\u0161an, a poeti\u010den vpogled v pastirsko eksistenco treh mladih bratov v severnomakedonskih gorah, kjer rutina postane obenem sre\u010da in prostor za dvom. Na ozadju navidezne idile se izrisuje globlja pripoved o smislu, bli\u017eini in minevanju, ki se izte\u010de v tiho poeti\u010dno neizogibnost bivanja. Re\u017eiserka gledalca na nevsiljiv na\u010din vseskozi spodbuja k razmisleku o tem, kdo je dejansko bolj \u00bbodmaknjen\u00ab od pojma \u017eivljenja.<\/p>\n<p><strong>\u00a0<\/strong><\/p>\n<p><strong>***<\/strong><\/p>\n<p><strong>Nagrada Dru\u0161tva slovenskih filmskih publicistov FIPRESCI<br \/>\n<\/strong>za najbolj\u0161i slovenski celove\u010derni filmi v tekmovalnem programu<strong><br \/>\n<\/strong>\u017dirija: Tina Bernik, Vanja Gaji\u0107 in Darko \u0160trajn<\/p>\n<p><strong>Kaj ti je deklica<br \/>\n<\/strong>re\u017eija: <strong>Ur\u0161ka Djuki\u0107<\/strong><strong><br \/>\n<\/strong>Utemeljitev: Vsako individualno osvobajanje od dru\u017ebenih prisil se dogaja v prepletih prepoznavanja lastnih druga\u010dnosti in zbli\u017eanj v obliki prijateljstev. Zapletena razmerja so v svetu Ur\u0161ke Djuki\u0107 upodobljena v filmsko uravnote\u017eenem prikazu kriti\u010dne dobe odra\u0161\u010danja v vrtincih telesnega vznemirjenja in vabljivosti transcendence. Zato filmu <em>Kaj ti je deklica<\/em> podeljujemo kriti\u0161ko nagrado za najbolj\u0161i slovenski celove\u010derni film.<\/p>\n\n\t\t<\/div>\n\t<\/div>\n<\/div><\/div><\/div><\/div><div class=\"vc_row wpb_row vc_row-fluid\" ><div class=\"wpb_column vc_column_container vc_col-sm-6\"><div class=\"vc_column-inner\"><div class=\"wpb_wrapper\">\n\t<div  class=\"wpb_single_image wpb_content_element vc_align_center\">\n\t\t\n\t\t<figure class=\"wpb_wrapper vc_figure\">\n\t\t\t<div class=\"vc_single_image-wrapper   vc_box_border_grey\"><img width=\"336\" height=\"604\" src=\"https:\/\/fsf.si\/2025\/wp-content\/uploads\/2025\/10\/unnamed.png\" class=\"vc_single_image-img attachment-full\" alt=\"\" loading=\"lazy\" srcset=\"https:\/\/fsf.si\/2025\/wp-content\/uploads\/2025\/10\/unnamed.png 336w, https:\/\/fsf.si\/2025\/wp-content\/uploads\/2025\/10\/unnamed-167x300.png 167w\" sizes=\"(max-width: 336px) 100vw, 336px\" \/><\/div>\n\t\t<\/figure>\n\t<\/div>\n<\/div><\/div><\/div><div class=\"wpb_column vc_column_container vc_col-sm-6\"><div class=\"vc_column-inner\"><div class=\"wpb_wrapper\"><div class=\"vc_empty_space\"   style=\"height: 50px\"><span class=\"vc_empty_space_inner\"><\/span><\/div>\n\t<div class=\"wpb_text_column wpb_content_element  vc_custom_1760020494641\" >\n\t\t<div class=\"wpb_wrapper\">\n\t\t\t<h2>Vsak kristalni kipec Vesna je v Steklarni Roga\u0161ka ro\u010dno izdelan in predstavlja unikatno mojstrovino steklarske umetnosti.<\/h2>\n\n\t\t<\/div>\n\t<\/div>\n<\/div><\/div><\/div><\/div>\n","protected":false},"excerpt":{"rendered":"Strokovna \u017eirija za celove\u010derne filme: Andrej Gustin\u010di\u010d, Juraj Leroti\u0107 in Natalija Majsova Strokovna \u017eirija za kratke igrane, [...]","protected":false},"author":1,"featured_media":0,"parent":0,"menu_order":0,"comment_status":"closed","ping_status":"closed","template":"","meta":[],"acf":[],"yoast_head":"<!-- This site is optimized with the Yoast SEO plugin v19.7.1 - https:\/\/yoast.com\/wordpress\/plugins\/seo\/ -->\n<title>Nagrade - FSF<\/title>\n<meta name=\"robots\" content=\"index, follow, max-snippet:-1, max-image-preview:large, max-video-preview:-1\" \/>\n<link rel=\"canonical\" href=\"https:\/\/fsf.si\/2025\/nagrade\/\" \/>\n<meta property=\"og:locale\" content=\"sl_SI\" \/>\n<meta property=\"og:type\" content=\"article\" \/>\n<meta property=\"og:title\" content=\"Nagrade - FSF\" \/>\n<meta property=\"og:url\" content=\"https:\/\/fsf.si\/2025\/nagrade\/\" \/>\n<meta property=\"og:site_name\" content=\"FSF\" \/>\n<meta property=\"article:modified_time\" content=\"2025-10-31T08:42:23+00:00\" \/>\n<meta name=\"twitter:card\" content=\"summary_large_image\" \/>\n<meta name=\"twitter:label1\" content=\"Est. reading time\" \/>\n\t<meta name=\"twitter:data1\" content=\"10 minut\" \/>\n<script type=\"application\/ld+json\" class=\"yoast-schema-graph\">{\"@context\":\"https:\/\/schema.org\",\"@graph\":[{\"@type\":\"WebPage\",\"@id\":\"https:\/\/fsf.si\/2025\/nagrade\/\",\"url\":\"https:\/\/fsf.si\/2025\/nagrade\/\",\"name\":\"Nagrade - FSF\",\"isPartOf\":{\"@id\":\"https:\/\/fsf.si\/2025\/#website\"},\"datePublished\":\"2019-06-07T16:56:28+00:00\",\"dateModified\":\"2025-10-31T08:42:23+00:00\",\"breadcrumb\":{\"@id\":\"https:\/\/fsf.si\/2025\/nagrade\/#breadcrumb\"},\"inLanguage\":\"sl-SI\",\"potentialAction\":[{\"@type\":\"ReadAction\",\"target\":[\"https:\/\/fsf.si\/2025\/nagrade\/\"]}]},{\"@type\":\"BreadcrumbList\",\"@id\":\"https:\/\/fsf.si\/2025\/nagrade\/#breadcrumb\",\"itemListElement\":[{\"@type\":\"ListItem\",\"position\":1,\"name\":\"Home\",\"item\":\"https:\/\/fsf.si\/2025\/\"},{\"@type\":\"ListItem\",\"position\":2,\"name\":\"Nagrade\"}]},{\"@type\":\"WebSite\",\"@id\":\"https:\/\/fsf.si\/2025\/#website\",\"url\":\"https:\/\/fsf.si\/2025\/\",\"name\":\"FSF\",\"description\":\"Festival Slovenskega Filma\",\"publisher\":{\"@id\":\"https:\/\/fsf.si\/2025\/#organization\"},\"potentialAction\":[{\"@type\":\"SearchAction\",\"target\":{\"@type\":\"EntryPoint\",\"urlTemplate\":\"https:\/\/fsf.si\/2025\/?s={search_term_string}\"},\"query-input\":\"required name=search_term_string\"}],\"inLanguage\":\"sl-SI\"},{\"@type\":\"Organization\",\"@id\":\"https:\/\/fsf.si\/2025\/#organization\",\"name\":\"Festival Slovenskega Filma\",\"url\":\"https:\/\/fsf.si\/2025\/\",\"sameAs\":[],\"logo\":{\"@type\":\"ImageObject\",\"inLanguage\":\"sl-SI\",\"@id\":\"https:\/\/fsf.si\/2025\/#\/schema\/logo\/image\/\",\"url\":\"https:\/\/fsf.si\/2025\/wp-content\/uploads\/2019\/06\/Slider-FSF.png\",\"contentUrl\":\"https:\/\/fsf.si\/2025\/wp-content\/uploads\/2019\/06\/Slider-FSF.png\",\"width\":4800,\"height\":1600,\"caption\":\"Festival Slovenskega Filma\"},\"image\":{\"@id\":\"https:\/\/fsf.si\/2025\/#\/schema\/logo\/image\/\"}}]}<\/script>\n<!-- \/ Yoast SEO plugin. -->","yoast_head_json":{"title":"Nagrade - FSF","robots":{"index":"index","follow":"follow","max-snippet":"max-snippet:-1","max-image-preview":"max-image-preview:large","max-video-preview":"max-video-preview:-1"},"canonical":"https:\/\/fsf.si\/2025\/nagrade\/","og_locale":"sl_SI","og_type":"article","og_title":"Nagrade - FSF","og_url":"https:\/\/fsf.si\/2025\/nagrade\/","og_site_name":"FSF","article_modified_time":"2025-10-31T08:42:23+00:00","twitter_card":"summary_large_image","twitter_misc":{"Est. reading time":"10 minut"},"schema":{"@context":"https:\/\/schema.org","@graph":[{"@type":"WebPage","@id":"https:\/\/fsf.si\/2025\/nagrade\/","url":"https:\/\/fsf.si\/2025\/nagrade\/","name":"Nagrade - FSF","isPartOf":{"@id":"https:\/\/fsf.si\/2025\/#website"},"datePublished":"2019-06-07T16:56:28+00:00","dateModified":"2025-10-31T08:42:23+00:00","breadcrumb":{"@id":"https:\/\/fsf.si\/2025\/nagrade\/#breadcrumb"},"inLanguage":"sl-SI","potentialAction":[{"@type":"ReadAction","target":["https:\/\/fsf.si\/2025\/nagrade\/"]}]},{"@type":"BreadcrumbList","@id":"https:\/\/fsf.si\/2025\/nagrade\/#breadcrumb","itemListElement":[{"@type":"ListItem","position":1,"name":"Home","item":"https:\/\/fsf.si\/2025\/"},{"@type":"ListItem","position":2,"name":"Nagrade"}]},{"@type":"WebSite","@id":"https:\/\/fsf.si\/2025\/#website","url":"https:\/\/fsf.si\/2025\/","name":"FSF","description":"Festival Slovenskega Filma","publisher":{"@id":"https:\/\/fsf.si\/2025\/#organization"},"potentialAction":[{"@type":"SearchAction","target":{"@type":"EntryPoint","urlTemplate":"https:\/\/fsf.si\/2025\/?s={search_term_string}"},"query-input":"required name=search_term_string"}],"inLanguage":"sl-SI"},{"@type":"Organization","@id":"https:\/\/fsf.si\/2025\/#organization","name":"Festival Slovenskega Filma","url":"https:\/\/fsf.si\/2025\/","sameAs":[],"logo":{"@type":"ImageObject","inLanguage":"sl-SI","@id":"https:\/\/fsf.si\/2025\/#\/schema\/logo\/image\/","url":"https:\/\/fsf.si\/2025\/wp-content\/uploads\/2019\/06\/Slider-FSF.png","contentUrl":"https:\/\/fsf.si\/2025\/wp-content\/uploads\/2019\/06\/Slider-FSF.png","width":4800,"height":1600,"caption":"Festival Slovenskega Filma"},"image":{"@id":"https:\/\/fsf.si\/2025\/#\/schema\/logo\/image\/"}}]}},"_links":{"self":[{"href":"https:\/\/fsf.si\/2025\/wp-json\/wp\/v2\/pages\/4645"}],"collection":[{"href":"https:\/\/fsf.si\/2025\/wp-json\/wp\/v2\/pages"}],"about":[{"href":"https:\/\/fsf.si\/2025\/wp-json\/wp\/v2\/types\/page"}],"author":[{"embeddable":true,"href":"https:\/\/fsf.si\/2025\/wp-json\/wp\/v2\/users\/1"}],"replies":[{"embeddable":true,"href":"https:\/\/fsf.si\/2025\/wp-json\/wp\/v2\/comments?post=4645"}],"version-history":[{"count":79,"href":"https:\/\/fsf.si\/2025\/wp-json\/wp\/v2\/pages\/4645\/revisions"}],"predecessor-version":[{"id":32068,"href":"https:\/\/fsf.si\/2025\/wp-json\/wp\/v2\/pages\/4645\/revisions\/32068"}],"wp:attachment":[{"href":"https:\/\/fsf.si\/2025\/wp-json\/wp\/v2\/media?parent=4645"}],"curies":[{"name":"wp","href":"https:\/\/api.w.org\/{rel}","templated":true}]}}