{"id":4662,"date":"2019-06-07T17:13:23","date_gmt":"2019-06-07T17:13:23","guid":{"rendered":"http:\/\/www.fsf.si\/2019\/?page_id=4662"},"modified":"2025-10-16T12:24:39","modified_gmt":"2025-10-16T10:24:39","slug":"zirija","status":"publish","type":"page","link":"https:\/\/fsf.si\/2025\/zirija\/","title":{"rendered":"Strokovna \u017eirija"},"content":{"rendered":"<div class=\"vc_row wpb_row vc_row-fluid\" ><div class=\"wpb_column vc_column_container vc_col-sm-12\"><div class=\"vc_column-inner\"><div class=\"wpb_wrapper\"><div class=\"vc_empty_space\"   style=\"height: 32px\"><span class=\"vc_empty_space_inner\"><\/span><\/div><div id=\"ts-vcsc-textillate-7265800\" class=\"ts-textillate   \" data-loop=\"false\" data-delay=\"100\" data-in-effect=\"ts-composer-css-bounce\" data-in-sync=\"false\" data-in-shuffle=\"false\" data-in-reverse=\"false\"  style=\"color: #000000 !important; font-size: 36px; line-height: 36px; font-weight: inherit; text-align: left; margin-top: 0px; margin-bottom: 0px;\">Strokovno \u017eirijo za celove\u010derne filme sestavljajo:<\/div><div class=\"vc_row wpb_row vc_inner vc_row-fluid jury-team-item\" ><div class=\"wpb_column vc_column_container vc_col-sm-3\"><div class=\"vc_column-inner\"><div class=\"wpb_wrapper\">\n\t<div  class=\"wpb_single_image wpb_content_element vc_align_left\">\n\t\t\n\t\t<figure class=\"wpb_wrapper vc_figure\">\n\t\t\t<div class=\"vc_single_image-wrapper vc_box_circle  vc_box_border_grey\"><img width=\"250\" height=\"250\" src=\"https:\/\/fsf.si\/2025\/wp-content\/uploads\/2025\/10\/andrej.png\" class=\"vc_single_image-img attachment-full\" alt=\"\" loading=\"lazy\" srcset=\"https:\/\/fsf.si\/2025\/wp-content\/uploads\/2025\/10\/andrej.png 250w, https:\/\/fsf.si\/2025\/wp-content\/uploads\/2025\/10\/andrej-150x150.png 150w\" sizes=\"(max-width: 250px) 100vw, 250px\" \/><\/div>\n\t\t<\/figure>\n\t<\/div>\n<\/div><\/div><\/div><div class=\"wpb_column vc_column_container vc_col-sm-9\"><div class=\"vc_column-inner\"><div class=\"wpb_wrapper\">\n\t<div class=\"wpb_text_column wpb_content_element \" >\n\t\t<div class=\"wpb_wrapper\">\n\t\t\t<h1>ANDREJ GUSTIN\u010cI\u010c<\/h1>\n<h2>filmski kritik<\/h2>\n<p style=\"text-align: justify;\">Andrej Gustin\u010di\u010d se je rodil leta 1963 v Londonu. Z dru\u017eino so se leta 1967 preselili nazaj v Jugoslavijo in pribli\u017eno v tem \u010dasu si je v kinu Dom sindikata na Trgu Marksa in Engelsa v Beogradu ogledal svoj prvi film: Mary Poppins. Leta 1970 so se preselili v New York, kjer je pridobil celotno formalno izobrazbo in 1984 na Hunter Collegeu diplomiral iz britanske in ameri\u0161ke knji\u017eevnosti in filma. Leta 1984 se je vrnil v Jugoslavijo, odslu\u017eil voja\u0161ki rok in za\u010del delati kot poro\u010devalec za Reuters. Leta 1993 se je vrnil v New York in nadaljeval z delom kot novinar za Reuters in za Fox News Channel. Leta 2004 se je preselil v Slovenijo, da bi delal na RTVSLO. Od takrat je filmski kritik in pi\u0161e za Delovo Sobotno prilogo, Dnevnikov Objektiv, Ekran in Multimedijski center (MMC) RTVSLO. Kot kritik je redno nastopal tudi v oddaji Kino fokus.<\/p>\n\n\t\t<\/div>\n\t<\/div>\n<\/div><\/div><\/div><\/div><div class=\"vc_row wpb_row vc_inner vc_row-fluid jury-team-item\" ><div class=\"wpb_column vc_column_container vc_col-sm-3\"><div class=\"vc_column-inner\"><div class=\"wpb_wrapper\">\n\t<div  class=\"wpb_single_image wpb_content_element vc_align_left\">\n\t\t\n\t\t<figure class=\"wpb_wrapper vc_figure\">\n\t\t\t<div class=\"vc_single_image-wrapper vc_box_circle  vc_box_border_grey\"><img width=\"250\" height=\"250\" src=\"https:\/\/fsf.si\/2025\/wp-content\/uploads\/2025\/10\/juraj.png\" class=\"vc_single_image-img attachment-full\" alt=\"\" loading=\"lazy\" srcset=\"https:\/\/fsf.si\/2025\/wp-content\/uploads\/2025\/10\/juraj.png 250w, https:\/\/fsf.si\/2025\/wp-content\/uploads\/2025\/10\/juraj-150x150.png 150w\" sizes=\"(max-width: 250px) 100vw, 250px\" \/><\/div>\n\t\t<\/figure>\n\t<\/div>\n<\/div><\/div><\/div><div class=\"wpb_column vc_column_container vc_col-sm-9\"><div class=\"vc_column-inner\"><div class=\"wpb_wrapper\">\n\t<div class=\"wpb_text_column wpb_content_element \" >\n\t\t<div class=\"wpb_wrapper\">\n\t\t\t<h1>JURAJ LEROTI\u0106<\/h1>\n<h2>re\u017eiser in scenarist<\/h2>\n<p style=\"text-align: justify;\">Juraj Leroti\u0107 je diplomiral iz filmske re\u017eije na Akademiji za dramske umetnosti v Zagrebu. Njegov prvi celove\u010derni film Varen kraj (2022), ki ga je napisal, re\u017eiral in v njem tudi igral, je bil premierno prikazan na filmskem festivalu v Locarnu (kjer je osvojil tri nagrade) in predstavljen na festivalih po vsem svetu, od mednarodnih filmskih festivalov v Rotterdamu in \u0160anghaju do newyor\u0161ke Mome. Nominiran je bil tudi za evropsko filmsko nagrado kot eden od petih najbolj\u0161ih prvencev leta 2023 v kategoriji &#8216;evropsko odkritje&#8217;. Leroti\u0107 trenutno \u017eivi v Zagrebu, kjer predava na Akademiji za dramske umetnosti in deluje kot programski svetovalec Hrva\u0161kega avdiovizualnega centra.<\/p>\n\n\t\t<\/div>\n\t<\/div>\n<\/div><\/div><\/div><\/div><div class=\"vc_row wpb_row vc_inner vc_row-fluid jury-team-item\" ><div class=\"wpb_column vc_column_container vc_col-sm-3\"><div class=\"vc_column-inner\"><div class=\"wpb_wrapper\">\n\t<div  class=\"wpb_single_image wpb_content_element vc_align_left\">\n\t\t\n\t\t<figure class=\"wpb_wrapper vc_figure\">\n\t\t\t<div class=\"vc_single_image-wrapper vc_box_circle  vc_box_border_grey\"><img width=\"500\" height=\"500\" src=\"https:\/\/fsf.si\/2025\/wp-content\/uploads\/2025\/10\/03natalija-majsova.png\" class=\"vc_single_image-img attachment-full\" alt=\"\" loading=\"lazy\" srcset=\"https:\/\/fsf.si\/2025\/wp-content\/uploads\/2025\/10\/03natalija-majsova.png 500w, https:\/\/fsf.si\/2025\/wp-content\/uploads\/2025\/10\/03natalija-majsova-300x300.png 300w, https:\/\/fsf.si\/2025\/wp-content\/uploads\/2025\/10\/03natalija-majsova-150x150.png 150w\" sizes=\"(max-width: 500px) 100vw, 500px\" \/><\/div>\n\t\t<\/figure>\n\t<\/div>\n<\/div><\/div><\/div><div class=\"wpb_column vc_column_container vc_col-sm-9\"><div class=\"vc_column-inner\"><div class=\"wpb_wrapper\">\n\t<div class=\"wpb_text_column wpb_content_element \" >\n\t\t<div class=\"wpb_wrapper\">\n\t\t\t<h1>NATALIJA MAJSOVA<\/h1>\n<h2>raziskovalka in teoreti\u010darka filma<\/h2>\n<p style=\"text-align: justify;\">Natalija Majsova je profesorica kulturologije, filmska teoreti\u010darka in raziskovalka. Po doktoratu na Univerzi v Ljubljani (2015) je kot podoktorska raziskovalka delala na Univerzi v Antwerpnu in Katoli\u0161ki univerzi v Louvain-la-Neuve v Belgiji, od leta 2020 pa je zaposlena na Fakulteti za dru\u017ebene vede UL. V raziskavah, objavljenih v \u0161tevilnih doma\u010dih in mednarodnih znanstvenih revijah in zbornikih, film obravnava v \u0161ir\u0161em kontekstu sodobne transmedijske popularne kulture in ga povezuje s spominskimi \u0161tudijami ter teorijami politike in estetike. Je sourednica Intervala \u2013 teoretske rubrike revije Ekran in ob\u010dasna filmska kriti\u010darka, leta 2021 pa je pri zalo\u017ebi Lexington Books objavila svojo drugo znanstveno monografijo o filmu, utopijah in vesolju Soviet SF Cinema and the Space Age: Memorable Futures.<\/p>\n\n\t\t<\/div>\n\t<\/div>\n<\/div><\/div><\/div><\/div><div class=\"vc_empty_space\"   style=\"height: 32px\"><span class=\"vc_empty_space_inner\"><\/span><\/div><div class=\"vc_empty_space\"   style=\"height: 32px\"><span class=\"vc_empty_space_inner\"><\/span><\/div><div id=\"ts-vcsc-textillate-6014355\" class=\"ts-textillate   \" data-loop=\"false\" data-delay=\"100\" data-in-effect=\"ts-composer-css-bounce\" data-in-sync=\"false\" data-in-shuffle=\"false\" data-in-reverse=\"false\"  style=\"color: #000000 !important; font-size: 31px; line-height: 31px; font-weight: inherit; text-align: left; margin-top: 0px; margin-bottom: 0px;\">Strokovno \u017eirijo za kratke igrane, dokumentarne, eksperimentalne, animirane in \u0161tudijske filme sestavljajo:<\/div><div class=\"vc_row wpb_row vc_inner vc_row-fluid jury-team-item\" ><div class=\"wpb_column vc_column_container vc_col-sm-3\"><div class=\"vc_column-inner\"><div class=\"wpb_wrapper\">\n\t<div  class=\"wpb_single_image wpb_content_element vc_align_left\">\n\t\t\n\t\t<figure class=\"wpb_wrapper vc_figure\">\n\t\t\t<div class=\"vc_single_image-wrapper vc_box_circle  vc_box_border_grey\"><img width=\"250\" height=\"250\" src=\"https:\/\/fsf.si\/2025\/wp-content\/uploads\/2025\/10\/sara.png\" class=\"vc_single_image-img attachment-full\" alt=\"\" loading=\"lazy\" srcset=\"https:\/\/fsf.si\/2025\/wp-content\/uploads\/2025\/10\/sara.png 250w, https:\/\/fsf.si\/2025\/wp-content\/uploads\/2025\/10\/sara-150x150.png 150w\" sizes=\"(max-width: 250px) 100vw, 250px\" \/><\/div>\n\t\t<\/figure>\n\t<\/div>\n<\/div><\/div><\/div><div class=\"wpb_column vc_column_container vc_col-sm-9\"><div class=\"vc_column-inner\"><div class=\"wpb_wrapper\">\n\t<div class=\"wpb_text_column wpb_content_element \" >\n\t\t<div class=\"wpb_wrapper\">\n\t\t\t<h1>SARA BEZOV\u0160EK<\/h1>\n<h2>intermedijska umetnica<\/h2>\n<p style=\"text-align: justify;\">Sara Bezov\u0161ek je intermedijska umetnica, ki deluje na podro\u010dju internetne umetnosti, eksperimentalnega filma in grafi\u010dnega oblikovanja. Za njeno umetni\u0161ko prakso je zna\u010dilna reapropriacija spletnega in popkulturnega gradiva. Z uporabo gostega vizualnega jezika referenc se dotika kolektivnega imaginarija ter gradi pripovedi, ki so hkrati kritika in praznovanje mo\u010dno nasi\u010denih spletnih medijskih pokrajin, skozi katere se vsakodnevno premikamo.<br \/>\nZa film www.s-n-d.si je na festivalu FeKK leta 2021 prejela grand prix, leta 2022 pa vesno za najbolj\u0161i eksperimentalni film na Festivalu slovenskega filma. Leta 2024 je na istem festivalu za film Prihodnost \u2026 je to\u010dno tak\u0161na, kot ste si jo zamislili prejela posebno omembo.<br \/>\nSvoja dela redno predstavlja na doma\u010dih in mednarodnih razstavah ter festivalih.<\/p>\n\n\t\t<\/div>\n\t<\/div>\n<\/div><\/div><\/div><\/div><div class=\"vc_row wpb_row vc_inner vc_row-fluid jury-team-item\" ><div class=\"wpb_column vc_column_container vc_col-sm-3\"><div class=\"vc_column-inner\"><div class=\"wpb_wrapper\">\n\t<div  class=\"wpb_single_image wpb_content_element vc_align_left\">\n\t\t\n\t\t<figure class=\"wpb_wrapper vc_figure\">\n\t\t\t<div class=\"vc_single_image-wrapper vc_box_circle  vc_box_border_grey\"><img width=\"936\" height=\"936\" src=\"https:\/\/fsf.si\/2025\/wp-content\/uploads\/2025\/10\/05Nikola-Majdak.jpg\" class=\"vc_single_image-img attachment-full\" alt=\"\" loading=\"lazy\" \/><\/div>\n\t\t<\/figure>\n\t<\/div>\n<\/div><\/div><\/div><div class=\"wpb_column vc_column_container vc_col-sm-9\"><div class=\"vc_column-inner\"><div class=\"wpb_wrapper\">\n\t<div class=\"wpb_text_column wpb_content_element \" >\n\t\t<div class=\"wpb_wrapper\">\n\t\t\t<h1>NIKOLA MAJDAK<\/h1>\n<h2>filmski snemalec, animator in re\u017eiser<\/h2>\n<p style=\"text-align: justify;\">Nikola Majdak mlaj\u0161i (Ljubljana, 1972) je diplomant beograjske Fakultete dramskih umetnosti, smer filmska in TV kamera. \u017de 30 let deluje kot snemalec, animator, re\u017eiser, predavatelj in vodja delavnic animiranega filma. Posnel je ve\u010d kot 50 dokumentarcev, kratkih filmov, videospotov in animacij. Sodeloval je s TV hi\u0161ami, kot so BBC, ARTE, MTV, HRT, TF1 in druge. Skupaj z Ano Nedeljkovi\u0107 ustvarja nagrajene animirane filme: Rabbitland (2013), Untravel (2018) in O denarju in sre\u010di (2022). Trenutno razvijata celove\u010derni animirani film New Rabbitland. Pou\u010duje na Fakulteti za digitalne umetnosti v Beogradu.<\/p>\n\n\t\t<\/div>\n\t<\/div>\n<\/div><\/div><\/div><\/div><div class=\"vc_row wpb_row vc_inner vc_row-fluid jury-team-item\" ><div class=\"wpb_column vc_column_container vc_col-sm-3\"><div class=\"vc_column-inner\"><div class=\"wpb_wrapper\">\n\t<div  class=\"wpb_single_image wpb_content_element vc_align_left\">\n\t\t\n\t\t<figure class=\"wpb_wrapper vc_figure\">\n\t\t\t<div class=\"vc_single_image-wrapper vc_box_circle  vc_box_border_grey\"><img width=\"250\" height=\"250\" src=\"https:\/\/fsf.si\/2025\/wp-content\/uploads\/2025\/10\/slavko.png\" class=\"vc_single_image-img attachment-full\" alt=\"\" loading=\"lazy\" srcset=\"https:\/\/fsf.si\/2025\/wp-content\/uploads\/2025\/10\/slavko.png 250w, https:\/\/fsf.si\/2025\/wp-content\/uploads\/2025\/10\/slavko-150x150.png 150w\" sizes=\"(max-width: 250px) 100vw, 250px\" \/><\/div>\n\t\t<\/figure>\n\t<\/div>\n<\/div><\/div><\/div><div class=\"wpb_column vc_column_container vc_col-sm-9\"><div class=\"vc_column-inner\"><div class=\"wpb_wrapper\">\n\t<div class=\"wpb_text_column wpb_content_element \" >\n\t\t<div class=\"wpb_wrapper\">\n\t\t\t<h1>SLAVKO HREN<\/h1>\n<h2>re\u017eiser in scenarist<\/h2>\n<p style=\"text-align: justify;\">Slavko Hren (1959) je univerzitetni diplomirani filmsko-televizijski re\u017eiser. Mladost in prva izobra\u017eevanja, tudi stik s fotografijo, filmom in gledali\u0161\u010dem je pre\u017eivel v Kopru. Po kon\u010danem \u0161tudiju na AGRFT v Ljubljani se je odlo\u010dil za delovanje \u00bbna svobodi\u00ab in ve\u010d kot 33 let ustvarjal v produkciji slovenskih filmov, nekaj manj tudi v tujih koprodukcijah, kot scenarist in re\u017eiser na nacionalni televiziji, v lutkovnem gledali\u0161\u010du in v \u0161ir\u0161em kulturnem prostoru (dr\u017eavne proslave, javne prireditve, namenski filmi). Leta 2016 se je redno zaposlil na RTV Slovenija. V strokovni javnosti je prepoznan kot najplodovitej\u0161i re\u017eiser slovenske televizije v vsej njeni zgodovini, scenarist in re\u017eiser z najobse\u017enej\u0161o arhivsko zapu\u0161\u010dino.<\/p>\n\n\t\t<\/div>\n\t<\/div>\n<\/div><\/div><\/div><\/div><div class=\"vc_empty_space\"   style=\"height: 32px\"><span class=\"vc_empty_space_inner\"><\/span><\/div><\/div><\/div><\/div><\/div><div class=\"vc_row wpb_row vc_row-fluid\" ><div class=\"wpb_column vc_column_container vc_col-sm-12\"><div class=\"vc_column-inner\"><div class=\"wpb_wrapper\">\n\t<div class=\"wpb_text_column wpb_content_element \" >\n\t\t<div class=\"wpb_wrapper\">\n\t\t\t<h5>Nagrada Dru\u0161tva slovenskih filmskih publicistov<\/h5>\n<p>Dru\u0161tvo slovenskih filmskih publicistov FIPRESCI nagrado za najbolj\u0161i slovenski celove\u010derni film v tekmovalnem programu Festivala slovenskega filma Portoro\u017e podeljuje s ciljem dodatne promocije filmske umetnosti, predvsem mladih in\/ali prodornih avtorjev in avtoric.<\/p>\n<p>\u010clani \u017eirije za nagrado Dru\u0161tva slovenskih filmskih publicistov:<\/p>\n<p><strong>Tina Bernik<\/strong>\u00a0je diplomirala iz klasi\u010dne filologije ter slovenskega jezika in knji\u017eevnosti na Univerzi v Ljubljani. Deluje kot dopisnica iz Zagreba za Slovensko tiskovno agencijo (STA), pri \u010demer pokriva razli\u010dne teme Zahodnega Balkana, ter kot novinarka \u010dasopisa Dnevnik, specializirana za film in televizijo. V preteklosti je delala kot samostojna filmska kriti\u010darka in novinarka za revijo Ekran, pri kateri je bila tudi \u010dlanica uredni\u0161kega odbora, ter kot novinarka tednika Vklop, za katerega je pokrivala filmske in televizijske teme, vklju\u010dno z mednarodnimi filmskimi festivali.<\/p>\n<p>&nbsp;<\/p>\n<p><strong>Vanja Gaji\u0107<\/strong>\u00a0je prevajalka in filmska kriti\u010darka. O filmu je za\u010dela pisati na delavnicah Mad About Film in nadaljevala na platformi Koridor \u2013 kri\u017ei\u0161\u010da umetnosti, na kateri je bila v letu 2023 tudi sourednica sekcije za film in televizijo. Leta 2022 se je pridru\u017eila kulturni redakciji Radia \u0160tudent, v kateri \u0161e vedno sodeluje kot novinarka in redaktorica filmske oddaje Temna zvezda. Objavlja tudi v revijah Ekran in KINO! ter prispeva filmske ocene za radio Ars. Deluje kot urednica kataloga in moderatorka na festivalu FeKK, moderatorka na festivalih Liffe in FDF ter selektorica \u0161tudentskega programa na Animateki. Leta 2024 je bila izbrana za slovensko ambasadorko evropske filmske nagrade ob\u010dinstva LUX 2025.<\/p>\n<p>&nbsp;<\/p>\n<p><b>Darko \u0160trajn<\/b>\u00a0je diplomiral iz filozofije in sociologije na Filozofski fakulteti Univerze v Ljubljani. Ob raziskovalnem delu na Pedago\u0161kem in\u0161titutu v Ljubljani predava teorijo filma na Akademiji za umetnost Univerze v Novi Gorici ter epistemologijo humanistike in teorijo filma na Fakulteti za humanisti\u010dni \u0161tudij (AMEU \u2013 ISH) v Ljubljani. Filmske kritike in teoretske razprave na podro\u010dju filmskih \u0161tudij objavlja od sredine sedemdesetih let naprej, predvsem v revijah Ekran in KINO!, v tujini pa v revijah New Review of Film and Television Studies ter Art and Media. Je avtor \u0161estih knjig, med katerimi sta\u00a0<i>From Walter Benjamin to the End of Cinema<\/i>\u00a0in\u00a0<i>Ali eksistenca ali subjekt?<\/i>, in \u0161tevilnih knji\u017enih poglavij.<\/p>\n<p>&nbsp;<\/p>\n<h5>Nagrada Art kino mre\u017ee Slovenije<\/h5>\n<p>Nagrada zdru\u017eenja prikazovalcev kvalitetnega in umetni\u0161kega filma omogo\u010da prikazovanje in promocijo izbranega celove\u010dernega filma po 28 mestnih kinematografih po Sloveniji. \u017dirijo sestavljajo: <strong>Bla\u017e Cotman<\/strong> (Mestni kino Dom\u017eale), <strong>Armand Meterc<\/strong> (Javni zavod KRC Hrastnik) in <strong>Erik Toth<\/strong> (Art kino Odeon Izola).<\/p>\n<p>&nbsp;<\/p>\n<p><strong>Bla\u017e Cotman<\/strong> je filozof po izobrazbi ter dela kot koordinator in organizator kulturnih programov v Mestnem kinu Dom\u017eale, ki deluje pod okriljem Kulturnega doma Franca Bernika Dom\u017eale. Ob\u010dasno vodi pogovore o filmih in sodeluje pri filmskem izobra\u017eevanju mlaj\u0161ega ob\u010dinstva. Neko\u010d je bil urednik filmske rubrike na kulturni spletni platformi Koridor \u2013 kri\u017ei\u0161\u010da umetnosti. Umetnost, \u0161e posebej filmska, ga priteguje tudi s kriti\u0161kega in filozofskega vidika. Zaznamuje ga pluralizem zanimanj \u2013 od \u00bbvisoke\u00ab (art) do \u00bbnizke\u00ab (pop) kulture.<\/p>\n<p>&nbsp;<\/p>\n<p><strong>Armand Meterc<\/strong> deluje v Javnem zavodu KRC Hrastnik kot kinooperater in programski selektor filmov. Kot izredni \u0161tudent medijske produkcije svoje strokovno znanje nadgrajuje na podro\u010dju video in vizualnih vsebin, hkrati pa se v prostem \u010dasu ukvarja s fotografijo, kar mu omogo\u010da \u0161ir\u0161i in poglobljen vpogled v vizualno pripovedovanje. Leta 2022 je bil \u010dlan \u017eirije za nagrado Art kino mre\u017ee Slovenije na 33. Mednarodnem filmskem festivalu LIFFe. Poleg tega je aktiven v organizacijski ekipi Festivala delavskega filma Kamerat, kjer kot vodja tehnike, logistike in operative skrbi, da festival poteka nemoteno. V okviru festivala je tudi tajnik \u017eirije mednarodnega fotografskega nate\u010daja Kamerat na temo delavstva.<\/p>\n<p>&nbsp;<\/p>\n<p><strong>Erik Toth<\/strong> je dolgoletni programski vodja Art kina Odeon Izola ter koordinator in organizator kulturnih prireditev Centra za kulturo, \u0161port in prireditve Izola. \u017de ve\u010d let si prizadeva pribli\u017eati kulturo, predvsem filmsko, \u0161ir\u0161i izolski in obalni publiki. Doslej je vzpostavil \u017ee tri projekte filmske vzgoje: za vrtce, osnovne \u0161ole in \u0161tudente ter soustanovil festival kratkometra\u017ecev IZOLA SHORT. Redno oblikuje vsebine, ki poudarjajo pomembnost sobivanja dveh kultur na obalnem dvojezi\u010dnem obmo\u010dju prek razli\u010dnih filmskih ciklov, okroglih miz ali ve\u010djih prireditev, ki potekajo v sodelovanju s predstavniki italijanske skupnosti. In \u010de \u0161e ni o\u010ditno \u2013 obo\u017euje film.<\/p>\n\n\t\t<\/div>\n\t<\/div>\n<\/div><\/div><\/div><\/div>\n","protected":false},"excerpt":{"rendered":"Strokovno \u017eirijo za celove\u010derne filme sestavljajo: ANDREJ GUSTIN\u010cI\u010c filmski kritik Andrej Gustin\u010di\u010d se je rodil leta 1963 [...]","protected":false},"author":1,"featured_media":0,"parent":0,"menu_order":0,"comment_status":"closed","ping_status":"closed","template":"","meta":[],"acf":[],"yoast_head":"<!-- This site is optimized with the Yoast SEO plugin v19.7.1 - https:\/\/yoast.com\/wordpress\/plugins\/seo\/ -->\n<title>Strokovna \u017eirija - FSF<\/title>\n<meta name=\"robots\" content=\"index, follow, max-snippet:-1, max-image-preview:large, max-video-preview:-1\" \/>\n<link rel=\"canonical\" href=\"https:\/\/fsf.si\/2025\/zirija\/\" \/>\n<meta property=\"og:locale\" content=\"sl_SI\" \/>\n<meta property=\"og:type\" content=\"article\" \/>\n<meta property=\"og:title\" content=\"Strokovna \u017eirija - FSF\" \/>\n<meta property=\"og:url\" content=\"https:\/\/fsf.si\/2025\/zirija\/\" \/>\n<meta property=\"og:site_name\" content=\"FSF\" \/>\n<meta property=\"article:modified_time\" content=\"2025-10-16T10:24:39+00:00\" \/>\n<meta name=\"twitter:card\" content=\"summary_large_image\" \/>\n<meta name=\"twitter:label1\" content=\"Est. reading time\" \/>\n\t<meta name=\"twitter:data1\" content=\"8 minut\" \/>\n<script type=\"application\/ld+json\" class=\"yoast-schema-graph\">{\"@context\":\"https:\/\/schema.org\",\"@graph\":[{\"@type\":\"WebPage\",\"@id\":\"https:\/\/fsf.si\/2025\/zirija\/\",\"url\":\"https:\/\/fsf.si\/2025\/zirija\/\",\"name\":\"Strokovna \u017eirija - FSF\",\"isPartOf\":{\"@id\":\"https:\/\/fsf.si\/2025\/#website\"},\"datePublished\":\"2019-06-07T17:13:23+00:00\",\"dateModified\":\"2025-10-16T10:24:39+00:00\",\"breadcrumb\":{\"@id\":\"https:\/\/fsf.si\/2025\/zirija\/#breadcrumb\"},\"inLanguage\":\"sl-SI\",\"potentialAction\":[{\"@type\":\"ReadAction\",\"target\":[\"https:\/\/fsf.si\/2025\/zirija\/\"]}]},{\"@type\":\"BreadcrumbList\",\"@id\":\"https:\/\/fsf.si\/2025\/zirija\/#breadcrumb\",\"itemListElement\":[{\"@type\":\"ListItem\",\"position\":1,\"name\":\"Home\",\"item\":\"https:\/\/fsf.si\/2025\/\"},{\"@type\":\"ListItem\",\"position\":2,\"name\":\"Strokovna \u017eirija\"}]},{\"@type\":\"WebSite\",\"@id\":\"https:\/\/fsf.si\/2025\/#website\",\"url\":\"https:\/\/fsf.si\/2025\/\",\"name\":\"FSF\",\"description\":\"Festival Slovenskega Filma\",\"publisher\":{\"@id\":\"https:\/\/fsf.si\/2025\/#organization\"},\"potentialAction\":[{\"@type\":\"SearchAction\",\"target\":{\"@type\":\"EntryPoint\",\"urlTemplate\":\"https:\/\/fsf.si\/2025\/?s={search_term_string}\"},\"query-input\":\"required name=search_term_string\"}],\"inLanguage\":\"sl-SI\"},{\"@type\":\"Organization\",\"@id\":\"https:\/\/fsf.si\/2025\/#organization\",\"name\":\"Festival Slovenskega Filma\",\"url\":\"https:\/\/fsf.si\/2025\/\",\"sameAs\":[],\"logo\":{\"@type\":\"ImageObject\",\"inLanguage\":\"sl-SI\",\"@id\":\"https:\/\/fsf.si\/2025\/#\/schema\/logo\/image\/\",\"url\":\"https:\/\/fsf.si\/2025\/wp-content\/uploads\/2019\/06\/Slider-FSF.png\",\"contentUrl\":\"https:\/\/fsf.si\/2025\/wp-content\/uploads\/2019\/06\/Slider-FSF.png\",\"width\":4800,\"height\":1600,\"caption\":\"Festival Slovenskega Filma\"},\"image\":{\"@id\":\"https:\/\/fsf.si\/2025\/#\/schema\/logo\/image\/\"}}]}<\/script>\n<!-- \/ Yoast SEO plugin. -->","yoast_head_json":{"title":"Strokovna \u017eirija - FSF","robots":{"index":"index","follow":"follow","max-snippet":"max-snippet:-1","max-image-preview":"max-image-preview:large","max-video-preview":"max-video-preview:-1"},"canonical":"https:\/\/fsf.si\/2025\/zirija\/","og_locale":"sl_SI","og_type":"article","og_title":"Strokovna \u017eirija - FSF","og_url":"https:\/\/fsf.si\/2025\/zirija\/","og_site_name":"FSF","article_modified_time":"2025-10-16T10:24:39+00:00","twitter_card":"summary_large_image","twitter_misc":{"Est. reading time":"8 minut"},"schema":{"@context":"https:\/\/schema.org","@graph":[{"@type":"WebPage","@id":"https:\/\/fsf.si\/2025\/zirija\/","url":"https:\/\/fsf.si\/2025\/zirija\/","name":"Strokovna \u017eirija - FSF","isPartOf":{"@id":"https:\/\/fsf.si\/2025\/#website"},"datePublished":"2019-06-07T17:13:23+00:00","dateModified":"2025-10-16T10:24:39+00:00","breadcrumb":{"@id":"https:\/\/fsf.si\/2025\/zirija\/#breadcrumb"},"inLanguage":"sl-SI","potentialAction":[{"@type":"ReadAction","target":["https:\/\/fsf.si\/2025\/zirija\/"]}]},{"@type":"BreadcrumbList","@id":"https:\/\/fsf.si\/2025\/zirija\/#breadcrumb","itemListElement":[{"@type":"ListItem","position":1,"name":"Home","item":"https:\/\/fsf.si\/2025\/"},{"@type":"ListItem","position":2,"name":"Strokovna \u017eirija"}]},{"@type":"WebSite","@id":"https:\/\/fsf.si\/2025\/#website","url":"https:\/\/fsf.si\/2025\/","name":"FSF","description":"Festival Slovenskega Filma","publisher":{"@id":"https:\/\/fsf.si\/2025\/#organization"},"potentialAction":[{"@type":"SearchAction","target":{"@type":"EntryPoint","urlTemplate":"https:\/\/fsf.si\/2025\/?s={search_term_string}"},"query-input":"required name=search_term_string"}],"inLanguage":"sl-SI"},{"@type":"Organization","@id":"https:\/\/fsf.si\/2025\/#organization","name":"Festival Slovenskega Filma","url":"https:\/\/fsf.si\/2025\/","sameAs":[],"logo":{"@type":"ImageObject","inLanguage":"sl-SI","@id":"https:\/\/fsf.si\/2025\/#\/schema\/logo\/image\/","url":"https:\/\/fsf.si\/2025\/wp-content\/uploads\/2019\/06\/Slider-FSF.png","contentUrl":"https:\/\/fsf.si\/2025\/wp-content\/uploads\/2019\/06\/Slider-FSF.png","width":4800,"height":1600,"caption":"Festival Slovenskega Filma"},"image":{"@id":"https:\/\/fsf.si\/2025\/#\/schema\/logo\/image\/"}}]}},"_links":{"self":[{"href":"https:\/\/fsf.si\/2025\/wp-json\/wp\/v2\/pages\/4662"}],"collection":[{"href":"https:\/\/fsf.si\/2025\/wp-json\/wp\/v2\/pages"}],"about":[{"href":"https:\/\/fsf.si\/2025\/wp-json\/wp\/v2\/types\/page"}],"author":[{"embeddable":true,"href":"https:\/\/fsf.si\/2025\/wp-json\/wp\/v2\/users\/1"}],"replies":[{"embeddable":true,"href":"https:\/\/fsf.si\/2025\/wp-json\/wp\/v2\/comments?post=4662"}],"version-history":[{"count":104,"href":"https:\/\/fsf.si\/2025\/wp-json\/wp\/v2\/pages\/4662\/revisions"}],"predecessor-version":[{"id":31836,"href":"https:\/\/fsf.si\/2025\/wp-json\/wp\/v2\/pages\/4662\/revisions\/31836"}],"wp:attachment":[{"href":"https:\/\/fsf.si\/2025\/wp-json\/wp\/v2\/media?parent=4662"}],"curies":[{"name":"wp","href":"https:\/\/api.w.org\/{rel}","templated":true}]}}