{"id":4761,"date":"2019-06-17T12:45:21","date_gmt":"2019-06-17T12:45:21","guid":{"rendered":"http:\/\/www.fsf.si\/2019\/?page_id=4761"},"modified":"2025-10-09T16:22:36","modified_gmt":"2025-10-09T14:22:36","slug":"festivalski-materiali","status":"publish","type":"page","link":"https:\/\/fsf.si\/2025\/festivalski-materiali\/","title":{"rendered":"Festivalski materiali"},"content":{"rendered":"<div class=\"vc_row wpb_row vc_row-fluid jury-team-item\" ><div class=\"wpb_column vc_column_container vc_col-sm-12\"><div class=\"vc_column-inner\"><div class=\"wpb_wrapper\"><div class=\"edgtf-iwt clearfix  edgtf-iwt-icon-left edgtf-iwt-icon-medium\">\n\t<div class=\"edgtf-iwt-icon\">\n\t\t\t\t\t<a itemprop=\"url\" href=\"https:\/\/fsf.si\/2025\/wp-content\/uploads\/2025\/10\/28FSF_urnik_splet.pdf\" target=\"_self\">\n\t\t\t\t\t\t\t\t\t    <span class=\"edgtf-icon-shortcode edgtf-normal   edgtf-icon-medium\"  >\n                    <i class=\"edgtf-icon-font-awesome fa fa-file-pdf edgtf-icon-element\" style=\"\" ><\/i>            <\/span>\n\t\t\t\t\t\t\t\t<\/a>\n\t\t\t<\/div>\n\t<div class=\"edgtf-iwt-content\" >\n\t\t\t\t\t<h5 class=\"edgtf-iwt-title\" >\n\t\t\t\t\t\t\t\t\t<a itemprop=\"url\" href=\"https:\/\/fsf.si\/2025\/wp-content\/uploads\/2025\/10\/28FSF_urnik_splet.pdf\" target=\"_self\">\n\t\t\t\t\t\t\t\t<span class=\"edgtf-iwt-title-text\">Urnik 28. FSF Portoro\u017e<\/span>\n\t\t\t\t\t\t\t\t\t<\/a>\n\t\t\t\t\t\t\t<\/h5>\n\t\t\t\t\t\t\t<p class=\"edgtf-iwt-text\" >(0,848MB)<\/p>\n\t\t\t<\/div>\n<\/div><\/div><\/div><\/div><\/div><div class=\"vc_row wpb_row vc_row-fluid jury-team-item\" ><div class=\"wpb_column vc_column_container vc_col-sm-12\"><div class=\"vc_column-inner\"><div class=\"wpb_wrapper\"><div class=\"edgtf-iwt clearfix  edgtf-iwt-icon-left edgtf-iwt-icon-medium\">\n\t<div class=\"edgtf-iwt-icon\">\n\t\t\t\t\t<a itemprop=\"url\" href=\"https:\/\/fsf.si\/2025\/wp-content\/uploads\/2025\/10\/28FSF_katalog_splet.pdf\" target=\"_self\">\n\t\t\t\t\t\t\t\t\t    <span class=\"edgtf-icon-shortcode edgtf-normal   edgtf-icon-medium\"  >\n                    <i class=\"edgtf-icon-font-awesome fa fa-file-pdf edgtf-icon-element\" style=\"\" ><\/i>            <\/span>\n\t\t\t\t\t\t\t\t<\/a>\n\t\t\t<\/div>\n\t<div class=\"edgtf-iwt-content\" >\n\t\t\t\t\t<h5 class=\"edgtf-iwt-title\" >\n\t\t\t\t\t\t\t\t\t<a itemprop=\"url\" href=\"https:\/\/fsf.si\/2025\/wp-content\/uploads\/2025\/10\/28FSF_katalog_splet.pdf\" target=\"_self\">\n\t\t\t\t\t\t\t\t<span class=\"edgtf-iwt-title-text\">Katalog 28. FSF Portoro\u017e<\/span>\n\t\t\t\t\t\t\t\t\t<\/a>\n\t\t\t\t\t\t\t<\/h5>\n\t\t\t\t\t\t\t<p class=\"edgtf-iwt-text\" >(10 MB)<\/p>\n\t\t\t<\/div>\n<\/div><\/div><\/div><\/div><\/div><div class=\"vc_row wpb_row vc_row-fluid jury-team-item\" ><div class=\"wpb_column vc_column_container vc_col-sm-12\"><div class=\"vc_column-inner\"><div class=\"wpb_wrapper\"><div class=\"edgtf-iwt clearfix  edgtf-iwt-icon-left edgtf-iwt-icon-medium\">\n\t<div class=\"edgtf-iwt-icon\">\n\t\t\t\t\t<a itemprop=\"url\" href=\"https:\/\/fsf.si\/2025\/wp-content\/uploads\/2025\/10\/28FSF_strokovniP_splet.pdf\" target=\"_self\">\n\t\t\t\t\t\t\t\t\t    <span class=\"edgtf-icon-shortcode edgtf-normal   edgtf-icon-medium\"  >\n                    <i class=\"edgtf-icon-font-awesome fa fa-file-pdf edgtf-icon-element\" style=\"\" ><\/i>            <\/span>\n\t\t\t\t\t\t\t\t<\/a>\n\t\t\t<\/div>\n\t<div class=\"edgtf-iwt-content\" >\n\t\t\t\t\t<h5 class=\"edgtf-iwt-title\" >\n\t\t\t\t\t\t\t\t\t<a itemprop=\"url\" href=\"https:\/\/fsf.si\/2025\/wp-content\/uploads\/2025\/10\/28FSF_strokovniP_splet.pdf\" target=\"_self\">\n\t\t\t\t\t\t\t\t<span class=\"edgtf-iwt-title-text\">Strokovni program 28. FSF Portoro\u017e<\/span>\n\t\t\t\t\t\t\t\t\t<\/a>\n\t\t\t\t\t\t\t<\/h5>\n\t\t\t\t\t\t\t<p class=\"edgtf-iwt-text\" >(1,451MB)<\/p>\n\t\t\t<\/div>\n<\/div><\/div><\/div><\/div><\/div>\n","protected":false},"excerpt":{"rendered":"Urnik 28. FSF Portoro\u017e (0,848MB) Katalog 28. FSF Portoro\u017e (10 MB) Strokovni program 28. FSF Portoro\u017e (1,451MB)","protected":false},"author":1,"featured_media":0,"parent":0,"menu_order":0,"comment_status":"closed","ping_status":"closed","template":"","meta":[],"acf":[],"yoast_head":"<!-- This site is optimized with the Yoast SEO plugin v19.7.1 - https:\/\/yoast.com\/wordpress\/plugins\/seo\/ -->\n<title>Festivalski materiali - FSF<\/title>\n<meta name=\"robots\" content=\"index, follow, max-snippet:-1, max-image-preview:large, max-video-preview:-1\" \/>\n<link rel=\"canonical\" href=\"https:\/\/fsf.si\/2025\/festivalski-materiali\/\" \/>\n<meta property=\"og:locale\" content=\"sl_SI\" \/>\n<meta property=\"og:type\" content=\"article\" \/>\n<meta property=\"og:title\" content=\"Festivalski materiali - FSF\" \/>\n<meta property=\"og:url\" content=\"https:\/\/fsf.si\/2025\/festivalski-materiali\/\" \/>\n<meta property=\"og:site_name\" content=\"FSF\" \/>\n<meta property=\"article:modified_time\" content=\"2025-10-09T14:22:36+00:00\" \/>\n<meta name=\"twitter:card\" content=\"summary_large_image\" \/>\n<meta name=\"twitter:label1\" content=\"Est. reading time\" \/>\n\t<meta name=\"twitter:data1\" content=\"1 minuta\" \/>\n<script type=\"application\/ld+json\" class=\"yoast-schema-graph\">{\"@context\":\"https:\/\/schema.org\",\"@graph\":[{\"@type\":\"WebPage\",\"@id\":\"https:\/\/fsf.si\/2025\/festivalski-materiali\/\",\"url\":\"https:\/\/fsf.si\/2025\/festivalski-materiali\/\",\"name\":\"Festivalski materiali - FSF\",\"isPartOf\":{\"@id\":\"https:\/\/fsf.si\/2025\/#website\"},\"datePublished\":\"2019-06-17T12:45:21+00:00\",\"dateModified\":\"2025-10-09T14:22:36+00:00\",\"breadcrumb\":{\"@id\":\"https:\/\/fsf.si\/2025\/festivalski-materiali\/#breadcrumb\"},\"inLanguage\":\"sl-SI\",\"potentialAction\":[{\"@type\":\"ReadAction\",\"target\":[\"https:\/\/fsf.si\/2025\/festivalski-materiali\/\"]}]},{\"@type\":\"BreadcrumbList\",\"@id\":\"https:\/\/fsf.si\/2025\/festivalski-materiali\/#breadcrumb\",\"itemListElement\":[{\"@type\":\"ListItem\",\"position\":1,\"name\":\"Home\",\"item\":\"https:\/\/fsf.si\/2025\/\"},{\"@type\":\"ListItem\",\"position\":2,\"name\":\"Festivalski materiali\"}]},{\"@type\":\"WebSite\",\"@id\":\"https:\/\/fsf.si\/2025\/#website\",\"url\":\"https:\/\/fsf.si\/2025\/\",\"name\":\"FSF\",\"description\":\"Festival Slovenskega Filma\",\"publisher\":{\"@id\":\"https:\/\/fsf.si\/2025\/#organization\"},\"potentialAction\":[{\"@type\":\"SearchAction\",\"target\":{\"@type\":\"EntryPoint\",\"urlTemplate\":\"https:\/\/fsf.si\/2025\/?s={search_term_string}\"},\"query-input\":\"required name=search_term_string\"}],\"inLanguage\":\"sl-SI\"},{\"@type\":\"Organization\",\"@id\":\"https:\/\/fsf.si\/2025\/#organization\",\"name\":\"Festival Slovenskega Filma\",\"url\":\"https:\/\/fsf.si\/2025\/\",\"sameAs\":[],\"logo\":{\"@type\":\"ImageObject\",\"inLanguage\":\"sl-SI\",\"@id\":\"https:\/\/fsf.si\/2025\/#\/schema\/logo\/image\/\",\"url\":\"https:\/\/fsf.si\/2025\/wp-content\/uploads\/2019\/06\/Slider-FSF.png\",\"contentUrl\":\"https:\/\/fsf.si\/2025\/wp-content\/uploads\/2019\/06\/Slider-FSF.png\",\"width\":4800,\"height\":1600,\"caption\":\"Festival Slovenskega Filma\"},\"image\":{\"@id\":\"https:\/\/fsf.si\/2025\/#\/schema\/logo\/image\/\"}}]}<\/script>\n<!-- \/ Yoast SEO plugin. -->","yoast_head_json":{"title":"Festivalski materiali - FSF","robots":{"index":"index","follow":"follow","max-snippet":"max-snippet:-1","max-image-preview":"max-image-preview:large","max-video-preview":"max-video-preview:-1"},"canonical":"https:\/\/fsf.si\/2025\/festivalski-materiali\/","og_locale":"sl_SI","og_type":"article","og_title":"Festivalski materiali - FSF","og_url":"https:\/\/fsf.si\/2025\/festivalski-materiali\/","og_site_name":"FSF","article_modified_time":"2025-10-09T14:22:36+00:00","twitter_card":"summary_large_image","twitter_misc":{"Est. reading time":"1 minuta"},"schema":{"@context":"https:\/\/schema.org","@graph":[{"@type":"WebPage","@id":"https:\/\/fsf.si\/2025\/festivalski-materiali\/","url":"https:\/\/fsf.si\/2025\/festivalski-materiali\/","name":"Festivalski materiali - FSF","isPartOf":{"@id":"https:\/\/fsf.si\/2025\/#website"},"datePublished":"2019-06-17T12:45:21+00:00","dateModified":"2025-10-09T14:22:36+00:00","breadcrumb":{"@id":"https:\/\/fsf.si\/2025\/festivalski-materiali\/#breadcrumb"},"inLanguage":"sl-SI","potentialAction":[{"@type":"ReadAction","target":["https:\/\/fsf.si\/2025\/festivalski-materiali\/"]}]},{"@type":"BreadcrumbList","@id":"https:\/\/fsf.si\/2025\/festivalski-materiali\/#breadcrumb","itemListElement":[{"@type":"ListItem","position":1,"name":"Home","item":"https:\/\/fsf.si\/2025\/"},{"@type":"ListItem","position":2,"name":"Festivalski materiali"}]},{"@type":"WebSite","@id":"https:\/\/fsf.si\/2025\/#website","url":"https:\/\/fsf.si\/2025\/","name":"FSF","description":"Festival Slovenskega Filma","publisher":{"@id":"https:\/\/fsf.si\/2025\/#organization"},"potentialAction":[{"@type":"SearchAction","target":{"@type":"EntryPoint","urlTemplate":"https:\/\/fsf.si\/2025\/?s={search_term_string}"},"query-input":"required name=search_term_string"}],"inLanguage":"sl-SI"},{"@type":"Organization","@id":"https:\/\/fsf.si\/2025\/#organization","name":"Festival Slovenskega Filma","url":"https:\/\/fsf.si\/2025\/","sameAs":[],"logo":{"@type":"ImageObject","inLanguage":"sl-SI","@id":"https:\/\/fsf.si\/2025\/#\/schema\/logo\/image\/","url":"https:\/\/fsf.si\/2025\/wp-content\/uploads\/2019\/06\/Slider-FSF.png","contentUrl":"https:\/\/fsf.si\/2025\/wp-content\/uploads\/2019\/06\/Slider-FSF.png","width":4800,"height":1600,"caption":"Festival Slovenskega Filma"},"image":{"@id":"https:\/\/fsf.si\/2025\/#\/schema\/logo\/image\/"}}]}},"_links":{"self":[{"href":"https:\/\/fsf.si\/2025\/wp-json\/wp\/v2\/pages\/4761"}],"collection":[{"href":"https:\/\/fsf.si\/2025\/wp-json\/wp\/v2\/pages"}],"about":[{"href":"https:\/\/fsf.si\/2025\/wp-json\/wp\/v2\/types\/page"}],"author":[{"embeddable":true,"href":"https:\/\/fsf.si\/2025\/wp-json\/wp\/v2\/users\/1"}],"replies":[{"embeddable":true,"href":"https:\/\/fsf.si\/2025\/wp-json\/wp\/v2\/comments?post=4761"}],"version-history":[{"count":56,"href":"https:\/\/fsf.si\/2025\/wp-json\/wp\/v2\/pages\/4761\/revisions"}],"predecessor-version":[{"id":31359,"href":"https:\/\/fsf.si\/2025\/wp-json\/wp\/v2\/pages\/4761\/revisions\/31359"}],"wp:attachment":[{"href":"https:\/\/fsf.si\/2025\/wp-json\/wp\/v2\/media?parent=4761"}],"curies":[{"name":"wp","href":"https:\/\/api.w.org\/{rel}","templated":true}]}}