{"id":6818,"date":"2019-07-26T21:22:48","date_gmt":"2019-07-26T16:22:48","guid":{"rendered":"http:\/\/www.fsf.si\/2019\/?page_id=6818"},"modified":"2025-10-16T12:12:20","modified_gmt":"2025-10-16T10:12:20","slug":"industry-programme","status":"publish","type":"page","link":"https:\/\/fsf.si\/2025\/en\/industry-programme\/","title":{"rendered":"Industry Programme"},"content":{"rendered":"<div class=\"vc_row wpb_row vc_row-fluid jury-team-item vc_custom_1717157027935\" ><div class=\"wpb_column vc_column_container vc_col-sm-12\"><div class=\"vc_column-inner\"><div class=\"wpb_wrapper\">\n\t<div class=\"wpb_text_column wpb_content_element \" >\n\t\t<div class=\"wpb_wrapper\">\n\t\t\t<h5><strong>WEDNESDAY<\/strong><strong>, 22. oktober<\/strong><\/h5>\n<p>10:00<br \/>\n<strong>Green Hall<\/strong><strong>\u00a0<\/strong><\/p>\n<p><strong>Telling the Story Safely: Intimacy Coordination in Film and Television with Polett Kasza<\/strong><\/p>\n<p>The workshop introduces the role of the Intimacy Coordinator in film and television and discusses how intimate scenes can be approached safely, respectfully, and creatively. It is designed for directors, actors, producers, and anyone interested in the behind-the-scenes process. The session offers practical insights into what qualifies as an intimate scene, why clear boundaries and consent matter, and how structured support, choreography, and communication support both performer safety and effective storytelling in production. It also highlights industry standards, on-set protocols, and the ways intimacy coordination strengthens trust and collaboration in the creative process.<\/p>\n<p>Polett Kasza is a professional dancer with comprehensive training from the SAG-AFTRA-accredited Safe Sets Intimacy Coordinators (SA\/UK).<\/p>\n<p>The event will be in English.<\/p>\n<p>&nbsp;<\/p>\n<p>&nbsp;<\/p>\n<p>12:00<br \/>\n<strong>Green Hall<\/strong><\/p>\n<p><strong>The Role of Experimental and Avant-garde Cinema in Slovenian Cultural Landscape<\/strong><\/p>\n<p>The panel discussion looks into the state of experimental and avant-garde cinema in Slovenia and opens a critical and constructive space for public debate on its role in the broader cultural landscape. An art form that acts as an important counterweight to commercial cinema and a space for in-depth socio-critical reflection, experimental and avant-garde cinema often remains outside existing funding opportunities and classifications and, as a result, on the margins of Slovenian film production.<\/p>\n<p>Mara Ambro\u017ei\u010d Verderber, director of the Piran Coastal Galleries, and Matev\u017e Jerman, curator of the Slovenian Cinematheque&#8217;s experimental film collection, talk to Jasmina Cibic, Marina Gr\u017eini\u0107, Ema Kugler, and Na\u0161ko Kri\u017enar.<\/p>\n<p>In cooperation with the Piran Coastal Galleries.<\/p>\n<p>&nbsp;<\/p>\n<h5><strong>THURSDAY<\/strong><strong>, 23. oktober<\/strong><\/h5>\n<p><strong>\u00a0<\/strong><\/p>\n<p>10.00<br \/>\n<strong>Green Hall<\/strong><\/p>\n<p><strong>\u00a0<\/strong><\/p>\n<p><strong>Film Finds Music \u2013 Music Finds Film, Markus Linde talks to Kukla<\/strong><\/p>\n<p>Film seeks like-minded Music for an honest and lasting relationship. Distinguished original songs or a bespoke musical score? Music supervision and rights clearing and much more.<\/p>\n<p>A hands-on talk that addresses the challenges of Film and Music finding each other and the potential of their collaboration.<\/p>\n<p>Audience participation welcome.<\/p>\n<p>In cooperation with the SIGIC Music Information Centre and Europe in Synch. The talk will be in English.<\/p>\n<p>&nbsp;<\/p>\n<p>&nbsp;<\/p>\n<p>12:00\u201314.00<\/p>\n<p><strong>Green Hall<\/strong><strong>\u00a0<\/strong><\/p>\n<p><strong>The EinS Synch Clinic: The Doctor Will See You Now!<\/strong><\/p>\n<ul>\n<li>How can I use music in my film?<\/li>\n<li>Don\u2019t be afraid of rights!<\/li>\n<li>Score &amp; source music \u2013 composers &amp; original recordings<\/li>\n<li>The experts: music supervisors \u2013 how to find them, what they do.<\/li>\n<\/ul>\n<p>Everything you have ever wanted to ask about the use of music in your film!<\/p>\n<p>Book your personal consultation with Europe in Synch\u2019s Head of the Academy Markus Linde. Single or up to 3 people, 20-30 minutes.<\/p>\n<p>The consultation will be in English.<\/p>\n<p>&nbsp;<\/p>\n<p>14.00<br \/>\n<strong>Main Hall<\/strong><\/p>\n<p><strong>\u00a0<\/strong><\/p>\n<p><strong>Celebrating 120 Years of Slovenian Cinema: Don&#8217;t Come Back the Same Way<\/strong><\/p>\n<p>(Jo\u017ee Babi\u010d, 1965), 90 min<\/p>\n<p>&nbsp;<\/p>\n<p>In their lives away from their families, seasonal workers resort to alcohol and brawls, football and escapism in order to keep their minds off their homesickness, their problems in relationships with Slovene girls and the derisive attitude of some of the \u201creal\u201d Slovenes they work with. Is nationality really the decisive factor which determines who is your brother and who your enemy? And are there not things more painful even than the cutting edge of a knife or the silence amongst the walls of looming skyscrapers?<\/p>\n<p>The screening is followed by a Q&amp;A.<\/p>\n<p>&nbsp;<\/p>\n<p>&nbsp;<\/p>\n<p>16:00<\/p>\n<p><strong>Amphitheatre<\/strong><\/p>\n<p><strong>4th Film Student Networking Event<\/strong><\/p>\n<p>This is the fourth networking event for film students of the Academy of Fine Arts and Design (ALUO) and the Academy of Theatre, Radio, Film, and Television (AGRFT), both University of Ljubljana, and the School of Arts, University of Nova Gorica, aimed at bringing students together to meet and share their impressions.<\/p>\n<p>This year, the three schools have joined forces in organising the event, with its programme conceived by students Matic Dominko and Vuka\u0161in Stepan\u010di\u0107 (AGRFT), \u0160pela Klavora and Ajda Varl (UNG School of Arts), and Miha Freund and Maya Simona Franko (ALUO).<\/p>\n<p>&nbsp;<\/p>\n<p>&nbsp;<\/p>\n<p>17.00<br \/>\n<strong>Amphitheatre<\/strong><\/p>\n<p><strong>In the Kingdom of Slovenian Cinema: Quiz<\/strong><strong>\u00a0<\/strong><\/p>\n<p>In 1905, the first video recording in Slovenia was made, a film less than a minute long by Dr. Karol Grossmann, <em>Dismissal from Mass in Ljutomer<\/em>, which means that in 2025, we are celebrating 120 years of Slovenian cinema. To informally mark this anniversary, the Slovenian Film Critics Association FIPRESCI organises an interactive film quiz that will take us on an entertaining journey through Slovenian film history and test how much we really know about it. Hosted by Luka Mar\u010deti\u0107, the quiz is open to up to 10 teams of up to three members, who will answer 30 questions from different periods and different areas of Slovenian filmmaking.<\/p>\n<p>&nbsp;<\/p>\n<p><strong>\u00a0<\/strong><\/p>\n<p><strong>FRIDAY<\/strong><strong>, 24. oktober<\/strong><\/p>\n<p>11.00<\/p>\n<p>The Communal Palace lobby, Tartinijev trg 2, Piran<\/p>\n<p><strong>Unveiling of EFA Plaque<\/strong><\/p>\n<p>The European Film Academy has added eleven new locations to its list of Treasures of European Film Culture, including the 1st of May Square in Piran, which is considered one of the most recognisable and iconic Slovenian film locations. Czech director Franti\u0161ek \u010cap chose this square as the setting for his legendary comedy <em>Our Car<\/em> (Na\u0161 avto, 1962), and the square later appeared in the biggest Slovenian film hit of the 1980s, <em>Summer in a Seashell<\/em> (Poletje v \u0161koljki, 1986), directed by Tugo \u0160tiglic. EFA Director Matthijs Wouter Knol will be in attendance at the unveiling of the plaque.<strong>\u00a0<\/strong><\/p>\n<p><strong>THE IMPORTANCE OF FILM SET DESIGN, COSTUME DESIGN, AND MAKE-UP FOR ENHANCING THE VISIBILITY AND PROFESSIONALISM OF VISUAL ROLES IN FILMMAKING<\/strong><\/p>\n<p><strong>\u00a0<\/strong><\/p>\n<p>10:00<br \/>\n<strong>Green Hall<\/strong><strong>\u00a0<\/strong><\/p>\n<p><strong>Slovenian Association of Set Designers, Costume Designers, and Make-up Artists: When Does Cinema Become Team Work?<\/strong><\/p>\n<p>Through a constructive discussion between filmmakers and representatives of set design, costume design, and make-up sectors, the panel discussion explores the creative and production process of filmmaking: from script analysis to the final visual realisation. How does each sector read the script and how does coordination between sectors unfold? When is the right moment for the film director and director of photography to involve the set designer, costume designer, and make-up artist in the visual and creative process?<\/p>\n<p>Boris Petkovi\u010d talks to production designer Ne\u017ea Zinaji\u0107, costume designer Tina Bon\u010da, make-up artist Mojca Gorogranc Petrushevska, director Ur\u0161ka Djuki\u0107, director of photography Gregor Bo\u017ei\u010d, actor Jurij Dreven\u0161ek, producer Katja Lenar\u010di\u010d, and editor Matic Drakuli\u010d.<\/p>\n<p>&nbsp;<\/p>\n<p>&nbsp;<\/p>\n<p>12:00<\/p>\n<p><strong>Green Hall<\/strong><\/p>\n<p><u>\u00a0<\/u><\/p>\n<p><strong>Slovenian Association of Set Designers, Costume Designers, and Make-up Artists: Working on International and Big-budget Films<\/strong><\/p>\n<p>Members of the Slovenian Association of Set Designers, Costume Designers, and Make-up Artists share their experience of working in international environments and on big-budget films. What are the specifics and how is work organised in such projects?<\/p>\n<p>With additional insights by Ira Ceci\u0107, who has worked on big-budget films such as <em>The Union<\/em> (2024), <em>Back in Action<\/em> (2025), and <em>Cold War<\/em> (2018).<\/p>\n<p>Hosted by Mateja Fajt.<\/p>\n<p>&nbsp;<\/p>\n<p>&nbsp;<\/p>\n<p>14:00<br \/>\n<strong>Amphitheatre<\/strong><\/p>\n<p>A reception hosted by the Slovenian Association of Set Designers, Costume Designers, and Make-up Artists.<\/p>\n<p>In cooperation with the Slovenian Federation of Filmmakers\u2019 Guilds and AIPA.<\/p>\n<p><u>\u00a0<\/u><\/p>\n<p>&nbsp;<\/p>\n<p>15:30<br \/>\n<strong>Main Hall<\/strong><\/p>\n<p><strong>Screening of <em>I Am from Titov Veles<\/em><\/strong> <strong>&amp; Masterclass with Teona Strugar Mitevska<\/strong><\/p>\n<p>(Teona Strugar Mitevska, 2007), 102 min<\/p>\n<p>A poignant metaphorical tragedy about the end of national identity, this is the second feature film by Macedonian director Teona Strugar Mitevska, whose works are known for their distinct visual style as well as powerful messages.<\/p>\n<p>The screening is followed by a masterclass in which the director sheds light on her work process and communication with the visual sector, from the initial preparations a year before the shooting, to making sketches, drawings and collecting visual references.<\/p>\n<p><em>Hosted by Veronika Zakonj\u0161ek.<\/em><\/p>\n<p>&nbsp;<\/p>\n<p>&nbsp;<\/p>\n<h5><strong>SATURDAY<\/strong><strong>, 25. oktober<\/strong><\/h5>\n<p>10.00<br \/>\n<strong>Magazin Grando<\/strong><strong>\u00a0<\/strong><\/p>\n<p><strong>WORKSHOP PRESENTATION AND CLOSING SESSIONS<\/strong><\/p>\n<p>In 2025, the Directors Guild of Slovenia (DSR) celebrates several anniversaries: twenty years since its establishment, the tenth edition of the <strong>Scenarnica<\/strong> workshop, the fifth edition of the <strong>Dokumentarnica<\/strong> workshop, and the tenth (and third organised as part of DSR) edition of the <strong>Kratka Scena<\/strong> workshop.<\/p>\n<p>In this festive spirit, we cordially invite you to the presentation and closing sessions of the three workshops.<\/p>\n<p>&nbsp;<\/p>\n<p>\u2018<strong>Kratka Scena<\/strong>\u2019, a short film script development workshop, is organised in a creative partnership between DSR and the Society for short film promotion Kraken. An introduction<\/p>\n<p>of the workshop and its programme by the workshop tutors Matev\u017e Jerman, Nika Jurman and Anja Prusnik is followed by project pitches by workshop participants.<\/p>\n<p>&nbsp;<\/p>\n<p>\u2018<strong>Dokumentarnica<\/strong>\u2019, a documentary filmmaking lab, has been underway for the fifth year with directors Matja\u017e Ivani\u0161in, Rok Bi\u010dek, Petra Seli\u0161kar, and Helle Hansen. Presentations of their projects will be delivered by participants of Year 2024.<\/p>\n<p>\u2018<strong>Scenarnica<\/strong>\u2019, an intensive feature film script development workshop on how to turn an idea into a draft screenplay, is led by Elma Tataragi\u0107 as the tutor. A presentation of the workshop by its artistic head Matev\u017e Luzar is followed by project pitches by the participants, who will also read short excepts from their scripts.<\/p>\n<p>With participation from actors <strong>Nika Rozman<\/strong> and <strong>Jurij Dreven\u0161ek<\/strong>.<\/p>\n<p>There will be a short break after each session.<\/p>\n<p>All three workshops are funded by the Slovenian Film Centre.<\/p>\n<p>Project partners: Slovenian Film Centre, AIPA and Association of Slovenian Film Producers<\/p>\n<p>&nbsp;<\/p>\n<p><strong>13.45<\/strong><\/p>\n<p><strong>Main Hall<\/strong><\/p>\n<p><strong>Screening \u00a0of <em>God Be with Us <\/em><\/strong><\/p>\n<p>(Slobodan S\u030cijan, 2024), 102 min<\/p>\n<p>The first \u2018Friend of Slovenian Cinema\u2019, Slobodan S\u030cijan, returns to Portoroz\u030c. In a special screening, the filmmaker behind the legendary Yugoslav films such as <em>Who\u2019s Singin\u2019 Over There? <\/em>(1980) and <em>The Marathon Family <\/em>(1982), shows his latest work.<\/p>\n<p><em>Followed by a Q&amp;A.<\/em><\/p>\n<p>&nbsp;<\/p>\n<p>14.00<br \/>\n<strong>Magazin Grando<\/strong><\/p>\n<p><strong>\u00a0<\/strong><\/p>\n<p><strong>DSR Social Get-together<\/strong><strong>\u00a0<\/strong><\/p>\n<p>Join us in raising our glasses in a toast to Slovenian cinema and filmmakers in the relaxed atmosphere of the new film venue!<\/p>\n<p>All film enthusiasts are welcome: professionals or professionals-to-be.<\/p>\n<p>The Saturday afternoon get-together is hosted by the Directors Guild of Slovenia (DSR) in cooperation with AIPA and the Slovenian Film Centre.<\/p>\n<p>&nbsp;<\/p>\n<p><strong>Kosobrin Award Ceremony<\/strong><\/p>\n<p>At the 11th Kosobrin Awards Ceremony, the Directors Guild of Slovenia presents its 2025<\/p>\n<p>Kosobrin Award for a priceless crew member.<\/p>\n<p>This year\u2019s winner is Zoran Mihailovi\u0107, key visual effects artist and DI supervisor.<\/p>\n<p><em>The Kosobrin Awards Ceremony is part of \u2018DSR 20 Evening\u2019, a programme funded by the Slovenian Film Centre.<\/em><\/p>\n<p>&nbsp;<\/p>\n<p><strong>Free Chess Zone<\/strong><\/p>\n<p>The festival traditionally provides the opportunity to invite your colleagues or random strangers to a game of chess, a royal game where rather than defeat, losing is a chance for another game. Come and join us at one of the two tables with a chessboard!<\/p>\n<p>The tournament is organised by the Chess Division of the Directors Guild of Slovenia (DSR).<\/p>\n<p>&nbsp;<\/p>\n<p>16.00<br \/>\n<strong>Green Hall<\/strong><strong>\u00a0<\/strong><\/p>\n<p><strong>Talk with EFA Director Matthijs Wouter Knol<\/strong><\/p>\n<p>A discussion with festival visitors, Slovenian filmmakers, producers, and film students, designed as an opportunity to deepen the connection between the European Film Academy and the Slovenian film community. Hosted by Danijel Ho\u010devar, member of the Academy and representative of the region on the EFA Board.<\/p>\n<p>The event will be in English.<\/p>\n<p>&nbsp;<\/p>\n<h5><strong>SUNDAY<\/strong><strong>, 26. oktober<\/strong><strong>\u00a0<\/strong><\/h5>\n<p>10.00<br \/>\n<strong>Main Hall<\/strong><strong>\u00a0<\/strong><\/p>\n<p><strong>Screening of TV series Stink Bomb<\/strong><\/p>\n<p>(Filip Jembrih Jandras, 2025), 2 x 14 min<\/p>\n<p><strong>\u00a0<\/strong><\/p>\n<p>11.15<br \/>\n<strong>Main Hall<\/strong><strong>\u00a0<\/strong><\/p>\n<p><strong>Screening of TV series The Monster Behind the Iron Curtain<\/strong><\/p>\n<p>(Toma\u017e Gorki\u010d, 2025), 2 x 30 min<\/p>\n<p><strong>\u00a0<\/strong><\/p>\n<p>12.15<br \/>\n<strong>Main Hall<\/strong><\/p>\n<p><strong>The Future of Quality Drama Series in Slovenia<\/strong><strong>\u00a0<\/strong><\/p>\n<p>Following the lead of many other European film centres, the Slovenian Film Centre has recently been striving to boost the production of TV series. In 2023, it established a mechanism for the steady funding of quality drama, documentary and animated series through regular public calls for proposals. Slovenia has also become one of the countries that have joined the Eurimages fund&#8217;s pilot project for co-financing drama series, which is a major push for more ambitious series and co-productions in the local cultural landscape.<\/p>\n<p>The first two drama series produced with the support of the SFC are Toma\u017e Gorki\u010d&#8217;s <strong>Monster Behind the Iron Curtain<\/strong> and the children&#8217;s series <strong>Stink Bomb<\/strong>, directed by Filip Jembrih Jandras. The discussion with TV series producers, the Director of the Slovenian Film Centre, and other guests looks into the adequacy of frameworks and urgent measures needed to ensure the future of quality drama series in Slovenia.<\/p>\n\n\t\t<\/div>\n\t<\/div>\n<\/div><\/div><\/div><\/div>\n","protected":false},"excerpt":{"rendered":"WEDNESDAY, 22. oktober 10:00 Green Hall\u00a0 Telling the Story Safely: Intimacy Coordination in Film and Television with [...]","protected":false},"author":1,"featured_media":0,"parent":0,"menu_order":0,"comment_status":"closed","ping_status":"closed","template":"","meta":[],"acf":[],"yoast_head":"<!-- This site is optimized with the Yoast SEO plugin v19.7.1 - https:\/\/yoast.com\/wordpress\/plugins\/seo\/ -->\n<title>Industry Programme - FSF<\/title>\n<meta name=\"robots\" content=\"index, follow, max-snippet:-1, max-image-preview:large, max-video-preview:-1\" \/>\n<link rel=\"canonical\" href=\"https:\/\/fsf.si\/2025\/industry-programme\/\" \/>\n<meta property=\"og:locale\" content=\"sl_SI\" \/>\n<meta property=\"og:type\" content=\"article\" \/>\n<meta property=\"og:title\" content=\"Industry Programme - FSF\" \/>\n<meta property=\"og:url\" content=\"https:\/\/fsf.si\/2025\/en\/industry-programme\/\" \/>\n<meta property=\"og:site_name\" content=\"FSF\" \/>\n<meta property=\"article:modified_time\" content=\"2025-10-16T10:12:20+00:00\" \/>\n<meta name=\"twitter:card\" content=\"summary_large_image\" \/>\n<meta name=\"twitter:label1\" content=\"Est. reading time\" \/>\n\t<meta name=\"twitter:data1\" content=\"12 minut\" \/>\n<script type=\"application\/ld+json\" class=\"yoast-schema-graph\">{\"@context\":\"https:\/\/schema.org\",\"@graph\":[{\"@type\":\"WebPage\",\"@id\":\"https:\/\/fsf.si\/2025\/en\/industry-programme\/\",\"url\":\"https:\/\/fsf.si\/2025\/en\/industry-programme\/\",\"name\":\"Industry Programme - FSF\",\"isPartOf\":{\"@id\":\"https:\/\/fsf.si\/2025\/#website\"},\"datePublished\":\"2019-07-26T16:22:48+00:00\",\"dateModified\":\"2025-10-16T10:12:20+00:00\",\"breadcrumb\":{\"@id\":\"https:\/\/fsf.si\/2025\/en\/industry-programme\/#breadcrumb\"},\"inLanguage\":\"sl-SI\",\"potentialAction\":[{\"@type\":\"ReadAction\",\"target\":[\"https:\/\/fsf.si\/2025\/en\/industry-programme\/\"]}]},{\"@type\":\"BreadcrumbList\",\"@id\":\"https:\/\/fsf.si\/2025\/en\/industry-programme\/#breadcrumb\",\"itemListElement\":[{\"@type\":\"ListItem\",\"position\":1,\"name\":\"Home\",\"item\":\"https:\/\/fsf.si\/2025\/\"},{\"@type\":\"ListItem\",\"position\":2,\"name\":\"Industry Programme\"}]},{\"@type\":\"WebSite\",\"@id\":\"https:\/\/fsf.si\/2025\/#website\",\"url\":\"https:\/\/fsf.si\/2025\/\",\"name\":\"FSF\",\"description\":\"Festival Slovenskega Filma\",\"publisher\":{\"@id\":\"https:\/\/fsf.si\/2025\/#organization\"},\"potentialAction\":[{\"@type\":\"SearchAction\",\"target\":{\"@type\":\"EntryPoint\",\"urlTemplate\":\"https:\/\/fsf.si\/2025\/?s={search_term_string}\"},\"query-input\":\"required name=search_term_string\"}],\"inLanguage\":\"sl-SI\"},{\"@type\":\"Organization\",\"@id\":\"https:\/\/fsf.si\/2025\/#organization\",\"name\":\"Festival Slovenskega Filma\",\"url\":\"https:\/\/fsf.si\/2025\/\",\"sameAs\":[],\"logo\":{\"@type\":\"ImageObject\",\"inLanguage\":\"sl-SI\",\"@id\":\"https:\/\/fsf.si\/2025\/#\/schema\/logo\/image\/\",\"url\":\"https:\/\/fsf.si\/2025\/wp-content\/uploads\/2019\/06\/Slider-FSF.png\",\"contentUrl\":\"https:\/\/fsf.si\/2025\/wp-content\/uploads\/2019\/06\/Slider-FSF.png\",\"width\":4800,\"height\":1600,\"caption\":\"Festival Slovenskega Filma\"},\"image\":{\"@id\":\"https:\/\/fsf.si\/2025\/#\/schema\/logo\/image\/\"}}]}<\/script>\n<!-- \/ Yoast SEO plugin. -->","yoast_head_json":{"title":"Industry Programme - FSF","robots":{"index":"index","follow":"follow","max-snippet":"max-snippet:-1","max-image-preview":"max-image-preview:large","max-video-preview":"max-video-preview:-1"},"canonical":"https:\/\/fsf.si\/2025\/industry-programme\/","og_locale":"sl_SI","og_type":"article","og_title":"Industry Programme - FSF","og_url":"https:\/\/fsf.si\/2025\/en\/industry-programme\/","og_site_name":"FSF","article_modified_time":"2025-10-16T10:12:20+00:00","twitter_card":"summary_large_image","twitter_misc":{"Est. reading time":"12 minut"},"schema":{"@context":"https:\/\/schema.org","@graph":[{"@type":"WebPage","@id":"https:\/\/fsf.si\/2025\/en\/industry-programme\/","url":"https:\/\/fsf.si\/2025\/en\/industry-programme\/","name":"Industry Programme - FSF","isPartOf":{"@id":"https:\/\/fsf.si\/2025\/#website"},"datePublished":"2019-07-26T16:22:48+00:00","dateModified":"2025-10-16T10:12:20+00:00","breadcrumb":{"@id":"https:\/\/fsf.si\/2025\/en\/industry-programme\/#breadcrumb"},"inLanguage":"sl-SI","potentialAction":[{"@type":"ReadAction","target":["https:\/\/fsf.si\/2025\/en\/industry-programme\/"]}]},{"@type":"BreadcrumbList","@id":"https:\/\/fsf.si\/2025\/en\/industry-programme\/#breadcrumb","itemListElement":[{"@type":"ListItem","position":1,"name":"Home","item":"https:\/\/fsf.si\/2025\/"},{"@type":"ListItem","position":2,"name":"Industry Programme"}]},{"@type":"WebSite","@id":"https:\/\/fsf.si\/2025\/#website","url":"https:\/\/fsf.si\/2025\/","name":"FSF","description":"Festival Slovenskega Filma","publisher":{"@id":"https:\/\/fsf.si\/2025\/#organization"},"potentialAction":[{"@type":"SearchAction","target":{"@type":"EntryPoint","urlTemplate":"https:\/\/fsf.si\/2025\/?s={search_term_string}"},"query-input":"required name=search_term_string"}],"inLanguage":"sl-SI"},{"@type":"Organization","@id":"https:\/\/fsf.si\/2025\/#organization","name":"Festival Slovenskega Filma","url":"https:\/\/fsf.si\/2025\/","sameAs":[],"logo":{"@type":"ImageObject","inLanguage":"sl-SI","@id":"https:\/\/fsf.si\/2025\/#\/schema\/logo\/image\/","url":"https:\/\/fsf.si\/2025\/wp-content\/uploads\/2019\/06\/Slider-FSF.png","contentUrl":"https:\/\/fsf.si\/2025\/wp-content\/uploads\/2019\/06\/Slider-FSF.png","width":4800,"height":1600,"caption":"Festival Slovenskega Filma"},"image":{"@id":"https:\/\/fsf.si\/2025\/#\/schema\/logo\/image\/"}}]}},"_links":{"self":[{"href":"https:\/\/fsf.si\/2025\/wp-json\/wp\/v2\/pages\/6818"}],"collection":[{"href":"https:\/\/fsf.si\/2025\/wp-json\/wp\/v2\/pages"}],"about":[{"href":"https:\/\/fsf.si\/2025\/wp-json\/wp\/v2\/types\/page"}],"author":[{"embeddable":true,"href":"https:\/\/fsf.si\/2025\/wp-json\/wp\/v2\/users\/1"}],"replies":[{"embeddable":true,"href":"https:\/\/fsf.si\/2025\/wp-json\/wp\/v2\/comments?post=6818"}],"version-history":[{"count":48,"href":"https:\/\/fsf.si\/2025\/wp-json\/wp\/v2\/pages\/6818\/revisions"}],"predecessor-version":[{"id":31828,"href":"https:\/\/fsf.si\/2025\/wp-json\/wp\/v2\/pages\/6818\/revisions\/31828"}],"wp:attachment":[{"href":"https:\/\/fsf.si\/2025\/wp-json\/wp\/v2\/media?parent=6818"}],"curies":[{"name":"wp","href":"https:\/\/api.w.org\/{rel}","templated":true}]}}