{"id":95,"date":"2018-04-17T07:39:30","date_gmt":"2018-04-17T07:39:30","guid":{"rendered":"http:\/\/cinerama.edge-themes.com\/?page_id=95"},"modified":"2025-10-22T18:23:05","modified_gmt":"2025-10-22T16:23:05","slug":"movie-studio","status":"publish","type":"page","link":"https:\/\/fsf.si\/2025\/en\/movie-studio\/","title":{"rendered":"Festival of Slovenian Film 2023"},"content":{"rendered":"<div class=\"vc_row wpb_row vc_row-fluid vc_custom_1559914417214 vc_row-has-fill\" style=\"background-color:#1d1d1b\"><div class=\"wpb_column vc_column_container vc_col-sm-12 vc_hidden-sm vc_hidden-xs\"><div class=\"vc_column-inner vc_custom_1748446556845\"><div class=\"wpb_wrapper\">\n\t<div  class=\"wpb_single_image wpb_content_element vc_align_left\">\n\t\t\n\t\t<figure class=\"wpb_wrapper vc_figure\">\n\t\t\t<div class=\"vc_single_image-wrapper   vc_box_border_grey\"><img width=\"3840\" height=\"2160\" src=\"https:\/\/fsf.si\/2025\/wp-content\/uploads\/2025\/10\/FSF-1920x1080-EN.jpg\" class=\"vc_single_image-img attachment-full\" alt=\"\" loading=\"lazy\" \/><\/div>\n\t\t<\/figure>\n\t<\/div>\n<\/div><\/div><\/div><\/div><div class=\"vc_row wpb_row vc_row-fluid vc_custom_1559914417214 vc_row-has-fill\" style=\"background-color:#1d1d1b\"><div class=\"wpb_column vc_column_container vc_col-sm-12 vc_hidden-lg vc_hidden-md\"><div class=\"vc_column-inner vc_custom_1748446563605\"><div class=\"wpb_wrapper\">\n\t<div  class=\"wpb_single_image wpb_content_element vc_align_center\">\n\t\t\n\t\t<figure class=\"wpb_wrapper vc_figure\">\n\t\t\t<div class=\"vc_single_image-wrapper   vc_box_border_grey\"><img width=\"2160\" height=\"3840\" src=\"https:\/\/fsf.si\/2025\/wp-content\/uploads\/2025\/10\/FSF-1080x1920-EN.jpg\" class=\"vc_single_image-img attachment-full\" alt=\"\" loading=\"lazy\" \/><\/div>\n\t\t<\/figure>\n\t<\/div>\n<\/div><\/div><\/div><\/div><div class=\"edgtf-row-grid-section-wrapper \"  style=\"background-color:#1d1d1b\"><div class=\"edgtf-row-grid-section\"><div class=\"vc_row wpb_row vc_row-fluid vc_custom_1658834532739\" ><div class=\"wpb_column vc_column_container vc_col-sm-12\"><div class=\"vc_column-inner\"><div class=\"wpb_wrapper\"><div class=\"vc_empty_space\"   style=\"height: 15px\"><span class=\"vc_empty_space_inner\"><\/span><\/div><div class=\"vc_row wpb_row vc_inner vc_row-fluid\" ><div class=\"wpb_column vc_column_container vc_col-sm-4\"><div class=\"vc_column-inner\"><div class=\"wpb_wrapper\"><div class=\"edgtf-single-image-holder    edgtf-image-behavior-custom-link edgtf-image-align-left\">\n    <div class=\"edgtf-si-inner\" >\n        \t            <a itemprop=\"url\" href=\"https:\/\/fsf.si\/2025\/en\/\" target=\"_self\">\n                                    <img width=\"600\" height=\"400\" src=\"https:\/\/fsf.si\/2025\/wp-content\/uploads\/2025\/10\/FILMS.png\" class=\"attachment-full size-full\" alt=\"\" loading=\"lazy\" srcset=\"https:\/\/fsf.si\/2025\/wp-content\/uploads\/2025\/10\/FILMS.png 600w, https:\/\/fsf.si\/2025\/wp-content\/uploads\/2025\/10\/FILMS-300x200.png 300w\" sizes=\"(max-width: 600px) 100vw, 600px\" \/>\t                                            <\/a>\n            <\/div>\n<\/div><\/div><\/div><\/div><div class=\"wpb_column vc_column_container vc_col-sm-4\"><div class=\"vc_column-inner\"><div class=\"wpb_wrapper\"><div class=\"edgtf-single-image-holder    edgtf-image-behavior-custom-link edgtf-image-align-left\">\n    <div class=\"edgtf-si-inner\" >\n        \t            <a itemprop=\"url\" href=\"https:\/\/www.flickr.com\/photos\/festivalslovenskegafilma\/collections\/72157724285273762\/\" target=\"_blank\">\n                                    <img width=\"600\" height=\"400\" src=\"https:\/\/fsf.si\/2025\/wp-content\/uploads\/2025\/10\/GALL.png\" class=\"attachment-full size-full\" alt=\"\" loading=\"lazy\" srcset=\"https:\/\/fsf.si\/2025\/wp-content\/uploads\/2025\/10\/GALL.png 600w, https:\/\/fsf.si\/2025\/wp-content\/uploads\/2025\/10\/GALL-300x200.png 300w\" sizes=\"(max-width: 600px) 100vw, 600px\" \/>\t                                            <\/a>\n            <\/div>\n<\/div><\/div><\/div><\/div><div class=\"wpb_column vc_column_container vc_col-sm-4\"><div class=\"vc_column-inner\"><div class=\"wpb_wrapper\"><div class=\"edgtf-single-image-holder    edgtf-image-behavior-custom-link edgtf-image-align-left\">\n    <div class=\"edgtf-si-inner\" >\n        \t            <a itemprop=\"url\" href=\"https:\/\/fsf.si\/2025\/en\/awards\/\" target=\"_self\">\n                                    <img width=\"600\" height=\"400\" src=\"https:\/\/fsf.si\/2025\/wp-content\/uploads\/2024\/06\/AWARDS-1.png\" class=\"attachment-full size-full\" alt=\"\" loading=\"lazy\" srcset=\"https:\/\/fsf.si\/2025\/wp-content\/uploads\/2024\/06\/AWARDS-1.png 600w, https:\/\/fsf.si\/2025\/wp-content\/uploads\/2024\/06\/AWARDS-1-300x200.png 300w\" sizes=\"(max-width: 600px) 100vw, 600px\" \/>\t                                            <\/a>\n            <\/div>\n<\/div><\/div><\/div><\/div><\/div><\/div><\/div><\/div><\/div><\/div><\/div><div class=\"edgtf-row-grid-section-wrapper edgtf-content-aligment-left\"  ><div class=\"edgtf-row-grid-section\"><div class=\"vc_row wpb_row vc_row-fluid vc_custom_1590666780264 vc_row-has-fill\" ><div class=\"wpb_column vc_column_container vc_col-sm-12\"><div class=\"vc_column-inner\"><div class=\"wpb_wrapper\"><div id=\"ts-vcsc-textillate-8808197\" class=\"ts-textillate   \" data-loop=\"false\" data-delay=\"100\" data-in-effect=\"ts-composer-css-bounce\" data-in-sync=\"false\" data-in-shuffle=\"false\" data-in-reverse=\"false\"  style=\"color: #000000 !important; font-size: 36px; line-height: 36px; font-weight: inherit; text-align: center; margin-top: 0px; margin-bottom: 0px;\">IN THE HEADLINES<\/div><div class=\"vc_empty_space\"   style=\"height: 58px\"><span class=\"vc_empty_space_inner\"><\/span><\/div><div class=\"edgtf-blog-list-holder edgtf-bl-standard edgtf-bl-three-columns edgtf-normal-space  edgtf-bl-has-image edgtf-bl-pag-no-pagination\"  data-type=standard data-number-of-posts=3 data-number-of-columns=3 data-space-between-items=normal data-category=news data-orderby=date data-order=DESC data-image-size=full data-title-tag=h4 data-excerpt-length=17 data-post-info-section=yes data-post-info-image=yes data-post-info-author=yes data-post-info-date=yes data-post-info-category=no data-post-info-comments=no data-post-info-like=no data-post-info-share=no data-post-read-more=no data-pagination-type=no-pagination data-max-num-pages=11 data-next-page=2>\n\t<div class=\"edgtf-bl-wrapper edgtf-outer-space\">\n\t\t<ul class=\"edgtf-blog-list\">\n\t\t\t<li class=\"edgtf-bl-item edgtf-item-space clearfix\">\n\t<div class=\"edgtf-bli-inner\">\n\t\t\n\t<div class=\"edgtf-post-image\">\n\t\t            <a itemprop=\"url\" href=\"https:\/\/fsf.si\/2025\/zabelezite-si-datum-29-fsf-portoroz-2026-bo-nekoliko-prej\/\" title=\"Zabele\u017eite si datum: 29. FSF Portoro\u017e bo nekoliko prej\">\n\t\t\t\t\t<img width=\"800\" height=\"533\" src=\"https:\/\/fsf.si\/2025\/wp-content\/uploads\/2026\/01\/54880186412_875eaf2041_c.jpg\" class=\"attachment-full size-full wp-post-image\" alt=\"\" loading=\"lazy\" \/>\t\t\t\t\t\t\t\t\t<\/a>\n\t\t\t\t\t<\/div>\n        <div class=\"edgtf-bli-content\">\n                            <div class=\"edgtf-bli-info\">\n\t                <div itemprop=\"dateCreated\" class=\"edgtf-post-info-date entry-date published updated\">\n\t\t\t<a itemprop=\"url\" href=\"https:\/\/fsf.si\/2025\/2026\/01\/\">\n\t\t\t\t\t\t08\/01\/2026\t\t<\/a>\n\t\t<meta itemprop=\"interactionCount\" content=\"UserComments: 0\"\/>\n<\/div><div class=\"edgtf-post-info-author\">\n    <span class=\"edgtf-post-info-author-text\">\n        by    <\/span>\n    <a itemprop=\"author\" class=\"edgtf-post-info-author-link\" href=\"https:\/\/fsf.si\/2025\/author\/spela\/\">\n        Spela    <\/a>\n<\/div>                <\/div>\n            \t\n\t        \n<h4 itemprop=\"name\" class=\"entry-title edgtf-post-title\" >\n            <a itemprop=\"url\" href=\"https:\/\/fsf.si\/2025\/zabelezite-si-datum-29-fsf-portoroz-2026-bo-nekoliko-prej\/\" title=\"Zabele\u017eite si datum: 29. FSF Portoro\u017e bo nekoliko prej\">\n            Zabele\u017eite si datum: 29. FSF Portoro\u017e bo nekoliko prej            <\/a>\n    <\/h4>\t\n\t        <div class=\"edgtf-bli-excerpt\">\n\t\t        \t\t<div class=\"edgtf-post-excerpt-holder\">\n\t\t\t<p itemprop=\"description\" class=\"edgtf-post-excerpt\">\n\t\t\t\t\r\n\r\nFestivalska ekipa vam v letu 2026 \u017eeli polno dobrih kadrov, mo\u010dnih zgodb in sre\u010dnih razpletov. Naj bo\t\t\t<\/p>\n\t\t<\/div>\n\t\t        <\/div>\n        <\/div>\n\t<\/div>\n<\/li><li class=\"edgtf-bl-item edgtf-item-space clearfix\">\n\t<div class=\"edgtf-bli-inner\">\n\t\t\n\t<div class=\"edgtf-post-image\">\n\t\t            <a itemprop=\"url\" href=\"https:\/\/fsf.si\/2025\/podeljene-so-nagrade-28-fsf-portoroz\/\" title=\"Podeljene so nagrade 28. FSF Portoro\u017e\">\n\t\t\t\t\t<img width=\"1500\" height=\"1000\" src=\"https:\/\/fsf.si\/2025\/wp-content\/uploads\/2025\/10\/Ekipa-filma-Kaj-ti-je-deklica.jpg\" class=\"attachment-full size-full wp-post-image\" alt=\"\" loading=\"lazy\" \/>\t\t\t\t\t\t\t\t\t<\/a>\n\t\t\t\t\t<\/div>\n        <div class=\"edgtf-bli-content\">\n                            <div class=\"edgtf-bli-info\">\n\t                <div itemprop=\"dateCreated\" class=\"edgtf-post-info-date entry-date published updated\">\n\t\t\t<a itemprop=\"url\" href=\"https:\/\/fsf.si\/2025\/2025\/10\/\">\n\t\t\t\t\t\t27\/10\/2025\t\t<\/a>\n\t\t<meta itemprop=\"interactionCount\" content=\"UserComments: 0\"\/>\n<\/div><div class=\"edgtf-post-info-author\">\n    <span class=\"edgtf-post-info-author-text\">\n        by    <\/span>\n    <a itemprop=\"author\" class=\"edgtf-post-info-author-link\" href=\"https:\/\/fsf.si\/2025\/author\/spela\/\">\n        Spela    <\/a>\n<\/div>                <\/div>\n            \t\n\t        \n<h4 itemprop=\"name\" class=\"entry-title edgtf-post-title\" >\n            <a itemprop=\"url\" href=\"https:\/\/fsf.si\/2025\/podeljene-so-nagrade-28-fsf-portoroz\/\" title=\"Podeljene so nagrade 28. FSF Portoro\u017e\">\n            Podeljene so nagrade 28. FSF Portoro\u017e            <\/a>\n    <\/h4>\t\n\t        <div class=\"edgtf-bli-excerpt\">\n\t\t        \t\t<div class=\"edgtf-post-excerpt-holder\">\n\t\t\t<p itemprop=\"description\" class=\"edgtf-post-excerpt\">\n\t\t\t\tV\u010deraj zve\u010der se je s sve\u010dano podelitvijo vesen in drugih festivalskih nagrad zaklju\u010dil 28. Festival slovenskega filma\t\t\t<\/p>\n\t\t<\/div>\n\t\t        <\/div>\n        <\/div>\n\t<\/div>\n<\/li><li class=\"edgtf-bl-item edgtf-item-space clearfix\">\n\t<div class=\"edgtf-bli-inner\">\n\t\t\n\t<div class=\"edgtf-post-image\">\n\t\t            <a itemprop=\"url\" href=\"https:\/\/fsf.si\/2025\/zakljucna-slovesnost\/\" title=\"Zaklju\u010dna slovesnost\">\n\t\t\t\t\t<img width=\"3500\" height=\"2329\" src=\"https:\/\/fsf.si\/2025\/wp-content\/uploads\/2025\/10\/KAT2612.jpg\" class=\"attachment-full size-full wp-post-image\" alt=\"\" loading=\"lazy\" \/>\t\t\t\t\t\t\t\t\t<\/a>\n\t\t\t\t\t<\/div>\n        <div class=\"edgtf-bli-content\">\n                            <div class=\"edgtf-bli-info\">\n\t                <div itemprop=\"dateCreated\" class=\"edgtf-post-info-date entry-date published updated\">\n\t\t\t<a itemprop=\"url\" href=\"https:\/\/fsf.si\/2025\/2025\/10\/\">\n\t\t\t\t\t\t26\/10\/2025\t\t<\/a>\n\t\t<meta itemprop=\"interactionCount\" content=\"UserComments: 0\"\/>\n<\/div><div class=\"edgtf-post-info-author\">\n    <span class=\"edgtf-post-info-author-text\">\n        by    <\/span>\n    <a itemprop=\"author\" class=\"edgtf-post-info-author-link\" href=\"https:\/\/fsf.si\/2025\/author\/spela\/\">\n        Spela    <\/a>\n<\/div>                <\/div>\n            \t\n\t        \n<h4 itemprop=\"name\" class=\"entry-title edgtf-post-title\" >\n            <a itemprop=\"url\" href=\"https:\/\/fsf.si\/2025\/zakljucna-slovesnost\/\" title=\"Zaklju\u010dna slovesnost\">\n            Zaklju\u010dna slovesnost            <\/a>\n    <\/h4>\t\n\t        <div class=\"edgtf-bli-excerpt\">\n\t\t        \t\t<div class=\"edgtf-post-excerpt-holder\">\n\t\t\t<p itemprop=\"description\" class=\"edgtf-post-excerpt\">\n\t\t\t\tDanes ob 19. uri vas vabimo v Glavno dvorano Avditorija na sklepno slovesnost festivala, kjer bomo podelili\t\t\t<\/p>\n\t\t<\/div>\n\t\t        <\/div>\n        <\/div>\n\t<\/div>\n<\/li>\t\t<\/ul>\n\t<\/div>\n\t<\/div><a itemprop=\"url\" href=\"https:\/\/fsf.si\/2025\/en\/news\/\" target=\"_self\"  class=\"edgtf-btn edgtf-btn-medium edgtf-btn-solid edgtf-btn- edgtf-btn-icon \"  >\n    <span class=\"edgtf-btn-text\">Read all news<\/span>\n    <i class=\"edgtf-icon-font-awesome fa fa-newspaper \" ><\/i><\/a><\/div><\/div><\/div><\/div><\/div><\/div>\n","protected":false},"excerpt":{"rendered":"Danes ob 19. uri vas vabimo v Glavno dvorano Avditorija na sklepno slovesnost festivala, kjer bomo podelili [...]","protected":false},"author":1,"featured_media":0,"parent":0,"menu_order":0,"comment_status":"closed","ping_status":"closed","template":"full-width.php","meta":[],"acf":[],"yoast_head":"<!-- This site is optimized with the Yoast SEO plugin v19.7.1 - https:\/\/yoast.com\/wordpress\/plugins\/seo\/ -->\n<title>Festival of Slovenian Film 2023 - FSF<\/title>\n<meta name=\"robots\" content=\"index, follow, max-snippet:-1, max-image-preview:large, max-video-preview:-1\" \/>\n<link rel=\"canonical\" href=\"https:\/\/fsf.si\/2025\/\" \/>\n<meta property=\"og:locale\" content=\"sl_SI\" \/>\n<meta property=\"og:type\" content=\"article\" \/>\n<meta property=\"og:title\" content=\"Festival of Slovenian Film 2023 - FSF\" \/>\n<meta property=\"og:url\" content=\"https:\/\/fsf.si\/2025\/en\/\" \/>\n<meta property=\"og:site_name\" content=\"FSF\" \/>\n<meta property=\"article:modified_time\" content=\"2025-10-22T16:23:05+00:00\" \/>\n<meta property=\"og:image\" content=\"https:\/\/fsf.si\/2025\/wp-content\/uploads\/2021\/06\/Generik-A.jpg\" \/>\n\t<meta property=\"og:image:width\" content=\"773\" \/>\n\t<meta property=\"og:image:height\" content=\"400\" \/>\n\t<meta property=\"og:image:type\" content=\"image\/jpeg\" \/>\n<meta name=\"twitter:card\" content=\"summary_large_image\" \/>\n<meta name=\"twitter:label1\" content=\"Est. reading time\" \/>\n\t<meta name=\"twitter:data1\" content=\"1 minuta\" \/>\n<script type=\"application\/ld+json\" class=\"yoast-schema-graph\">{\"@context\":\"https:\/\/schema.org\",\"@graph\":[{\"@type\":\"WebPage\",\"@id\":\"https:\/\/fsf.si\/2025\/en\/\",\"url\":\"https:\/\/fsf.si\/2025\/en\/\",\"name\":\"Festival of Slovenian Film 2023 - FSF\",\"isPartOf\":{\"@id\":\"https:\/\/fsf.si\/2025\/#website\"},\"datePublished\":\"2018-04-17T07:39:30+00:00\",\"dateModified\":\"2025-10-22T16:23:05+00:00\",\"breadcrumb\":{\"@id\":\"https:\/\/fsf.si\/2025\/en\/#breadcrumb\"},\"inLanguage\":\"sl-SI\",\"potentialAction\":[{\"@type\":\"ReadAction\",\"target\":[\"https:\/\/fsf.si\/2025\/en\/\"]}]},{\"@type\":\"BreadcrumbList\",\"@id\":\"https:\/\/fsf.si\/2025\/en\/#breadcrumb\",\"itemListElement\":[{\"@type\":\"ListItem\",\"position\":1,\"name\":\"Home\",\"item\":\"https:\/\/fsf.si\/2025\/\"},{\"@type\":\"ListItem\",\"position\":2,\"name\":\"Festival of Slovenian Film 2023\"}]},{\"@type\":\"WebSite\",\"@id\":\"https:\/\/fsf.si\/2025\/#website\",\"url\":\"https:\/\/fsf.si\/2025\/\",\"name\":\"FSF\",\"description\":\"Festival Slovenskega Filma\",\"publisher\":{\"@id\":\"https:\/\/fsf.si\/2025\/#organization\"},\"potentialAction\":[{\"@type\":\"SearchAction\",\"target\":{\"@type\":\"EntryPoint\",\"urlTemplate\":\"https:\/\/fsf.si\/2025\/?s={search_term_string}\"},\"query-input\":\"required name=search_term_string\"}],\"inLanguage\":\"sl-SI\"},{\"@type\":\"Organization\",\"@id\":\"https:\/\/fsf.si\/2025\/#organization\",\"name\":\"Festival Slovenskega Filma\",\"url\":\"https:\/\/fsf.si\/2025\/\",\"sameAs\":[],\"logo\":{\"@type\":\"ImageObject\",\"inLanguage\":\"sl-SI\",\"@id\":\"https:\/\/fsf.si\/2025\/#\/schema\/logo\/image\/\",\"url\":\"https:\/\/fsf.si\/2025\/wp-content\/uploads\/2019\/06\/Slider-FSF.png\",\"contentUrl\":\"https:\/\/fsf.si\/2025\/wp-content\/uploads\/2019\/06\/Slider-FSF.png\",\"width\":4800,\"height\":1600,\"caption\":\"Festival Slovenskega Filma\"},\"image\":{\"@id\":\"https:\/\/fsf.si\/2025\/#\/schema\/logo\/image\/\"}}]}<\/script>\n<!-- \/ Yoast SEO plugin. -->","yoast_head_json":{"title":"Festival of Slovenian Film 2023 - FSF","robots":{"index":"index","follow":"follow","max-snippet":"max-snippet:-1","max-image-preview":"max-image-preview:large","max-video-preview":"max-video-preview:-1"},"canonical":"https:\/\/fsf.si\/2025\/","og_locale":"sl_SI","og_type":"article","og_title":"Festival of Slovenian Film 2023 - FSF","og_url":"https:\/\/fsf.si\/2025\/en\/","og_site_name":"FSF","article_modified_time":"2025-10-22T16:23:05+00:00","og_image":[{"width":773,"height":400,"url":"https:\/\/fsf.si\/2025\/wp-content\/uploads\/2021\/06\/Generik-A.jpg","type":"image\/jpeg"}],"twitter_card":"summary_large_image","twitter_misc":{"Est. reading time":"1 minuta"},"schema":{"@context":"https:\/\/schema.org","@graph":[{"@type":"WebPage","@id":"https:\/\/fsf.si\/2025\/en\/","url":"https:\/\/fsf.si\/2025\/en\/","name":"Festival of Slovenian Film 2023 - FSF","isPartOf":{"@id":"https:\/\/fsf.si\/2025\/#website"},"datePublished":"2018-04-17T07:39:30+00:00","dateModified":"2025-10-22T16:23:05+00:00","breadcrumb":{"@id":"https:\/\/fsf.si\/2025\/en\/#breadcrumb"},"inLanguage":"sl-SI","potentialAction":[{"@type":"ReadAction","target":["https:\/\/fsf.si\/2025\/en\/"]}]},{"@type":"BreadcrumbList","@id":"https:\/\/fsf.si\/2025\/en\/#breadcrumb","itemListElement":[{"@type":"ListItem","position":1,"name":"Home","item":"https:\/\/fsf.si\/2025\/"},{"@type":"ListItem","position":2,"name":"Festival of Slovenian Film 2023"}]},{"@type":"WebSite","@id":"https:\/\/fsf.si\/2025\/#website","url":"https:\/\/fsf.si\/2025\/","name":"FSF","description":"Festival Slovenskega Filma","publisher":{"@id":"https:\/\/fsf.si\/2025\/#organization"},"potentialAction":[{"@type":"SearchAction","target":{"@type":"EntryPoint","urlTemplate":"https:\/\/fsf.si\/2025\/?s={search_term_string}"},"query-input":"required name=search_term_string"}],"inLanguage":"sl-SI"},{"@type":"Organization","@id":"https:\/\/fsf.si\/2025\/#organization","name":"Festival Slovenskega Filma","url":"https:\/\/fsf.si\/2025\/","sameAs":[],"logo":{"@type":"ImageObject","inLanguage":"sl-SI","@id":"https:\/\/fsf.si\/2025\/#\/schema\/logo\/image\/","url":"https:\/\/fsf.si\/2025\/wp-content\/uploads\/2019\/06\/Slider-FSF.png","contentUrl":"https:\/\/fsf.si\/2025\/wp-content\/uploads\/2019\/06\/Slider-FSF.png","width":4800,"height":1600,"caption":"Festival Slovenskega Filma"},"image":{"@id":"https:\/\/fsf.si\/2025\/#\/schema\/logo\/image\/"}}]}},"_links":{"self":[{"href":"https:\/\/fsf.si\/2025\/wp-json\/wp\/v2\/pages\/95"}],"collection":[{"href":"https:\/\/fsf.si\/2025\/wp-json\/wp\/v2\/pages"}],"about":[{"href":"https:\/\/fsf.si\/2025\/wp-json\/wp\/v2\/types\/page"}],"author":[{"embeddable":true,"href":"https:\/\/fsf.si\/2025\/wp-json\/wp\/v2\/users\/1"}],"replies":[{"embeddable":true,"href":"https:\/\/fsf.si\/2025\/wp-json\/wp\/v2\/comments?post=95"}],"version-history":[{"count":140,"href":"https:\/\/fsf.si\/2025\/wp-json\/wp\/v2\/pages\/95\/revisions"}],"predecessor-version":[{"id":31959,"href":"https:\/\/fsf.si\/2025\/wp-json\/wp\/v2\/pages\/95\/revisions\/31959"}],"wp:attachment":[{"href":"https:\/\/fsf.si\/2025\/wp-json\/wp\/v2\/media?parent=95"}],"curies":[{"name":"wp","href":"https:\/\/api.w.org\/{rel}","templated":true}]}}